{"id":2746,"date":"2018-11-29T15:46:38","date_gmt":"2018-11-29T14:46:38","guid":{"rendered":"https:\/\/www.conex.net\/be\/?page_id=2746"},"modified":"2020-01-10T10:43:41","modified_gmt":"2020-01-10T09:43:41","slug":"encyclopedie-douaniere-2","status":"publish","type":"page","link":"https:\/\/www.conex.net\/be\/encyclopedie-douaniere-2\/","title":{"rendered":"ENCYCLOP\u00c9DIE DOUANI\u00c8RE"},"content":{"rendered":"<div id=\"pl-2746\"  class=\"panel-layout\" ><div id=\"pg-2746-0\"  class=\"panel-grid panel-has-style\" ><div class=\"siteorigin-panels-stretch panel-row-style panel-row-style-for-2746-0\" data-stretch-type=\"full-stretched\" ><div id=\"pgc-2746-0-0\"  class=\"panel-grid-cell\" ><div id=\"panel-2746-0-0-0\" class=\"so-panel widget widget_sow-hero panel-first-child panel-last-child\" data-index=\"0\" ><div\n\t\t\t\n\t\t\tclass=\"so-widget-sow-hero so-widget-sow-hero-default-ab45b9103004-2746\"\n\t\t\t\n\t\t>\t\t\t\t<div class=\"sow-slider-base\" style=\"display: none\" tabindex=\"0\">\n\t\t\t\t\t<ul\n\t\t\t\t\tclass=\"sow-slider-images\"\n\t\t\t\t\tdata-settings=\"{&quot;pagination&quot;:true,&quot;speed&quot;:800,&quot;timeout&quot;:8000,&quot;paused&quot;:false,&quot;pause_on_hover&quot;:false,&quot;swipe&quot;:false,&quot;nav_always_show_desktop&quot;:&quot;&quot;,&quot;nav_always_show_mobile&quot;:&quot;&quot;,&quot;breakpoint&quot;:&quot;780px&quot;,&quot;unmute&quot;:false,&quot;anchor&quot;:null}\"\n\t\t\t\t\tstyle=\"min-height: 400px\"\t\t\t\t\tdata-anchor-id=\"\"\n\t\t\t\t>\t\t<li class=\"sow-slider-image  sow-slider-image-cover\" style=\"visibility: visible;;background-color: #333333;background-image: url(https:\/\/www.conex.net\/be\/wp-content\/uploads\/sites\/3\/2018\/12\/Encyclopedie-douaniere.jpg)\" >\n\t\t\t\t\t<div class=\"sow-slider-image-container\">\n\t\t\t<div class=\"sow-slider-image-wrapper\">\n\t\t\t\t\t\t\t<\/div>\n\t\t<\/div>\n\t\t\t\t<\/li>\n\t\t<\/ul>\t\t\t\t<ol class=\"sow-slider-pagination\">\n\t\t\t\t\t\t\t\t\t\t\t<li><a href=\"#\" data-goto=\"0\" aria-label=\"Display slide 1\"><\/a><\/li>\n\t\t\t\t\t\t\t\t\t<\/ol>\n\n\t\t\t\t<div class=\"sow-slide-nav sow-slide-nav-next\">\n\t\t\t\t\t<a href=\"#\" data-goto=\"next\" aria-label=\"Next slide\" data-action=\"next\">\n\t\t\t\t\t\t<em class=\"sow-sld-icon-thin-right\"><\/em>\n\t\t\t\t\t<\/a>\n\t\t\t\t<\/div>\n\n\t\t\t\t<div class=\"sow-slide-nav sow-slide-nav-prev\">\n\t\t\t\t\t<a href=\"#\" data-goto=\"previous\" aria-label=\"Previous slide\" data-action=\"prev\">\n\t\t\t\t\t\t<em class=\"sow-sld-icon-thin-left\"><\/em>\n\t\t\t\t\t<\/a>\n\t\t\t\t<\/div>\n\t\t\t\t<\/div><\/div><\/div><\/div><\/div><\/div><div id=\"pg-2746-1\"  class=\"panel-grid panel-has-style\" ><div class=\"siteorigin-panels-stretch panel-row-style panel-row-style-for-2746-1\" data-stretch-type=\"full\" ><div id=\"pgc-2746-1-0\"  class=\"panel-grid-cell\" ><div id=\"panel-2746-1-0-0\" class=\"so-panel widget widget_sow-editor panel-first-child panel-last-child\" data-index=\"1\" ><div\n\t\t\t\n\t\t\tclass=\"so-widget-sow-editor so-widget-sow-editor-base\"\n\t\t\t\n\t\t>\n<div class=\"siteorigin-widget-tinymce textwidget\">\n\t<h3 style=\"text-align: center;\"><span style=\"color: #000000;\">WHO<\/span><\/h3>\n<hr style=\"height: 2px; color: #fff; background-color: #fff; width: 50%; border: none;\" \/>\n<p style=\"text-align: center;\"><span style=\"color: #000000;\">France \/ European Union<\/span><\/p>\n<p style=\"text-align: center;\"><span style=\"color: #000000;\">Managers of customs and legal departments, declarants and commercial representatives requiring customs regulation information.<\/span><\/p>\n<\/div>\n<\/div><\/div><\/div><div id=\"pgc-2746-1-1\"  class=\"panel-grid-cell\" ><div id=\"panel-2746-1-1-0\" class=\"so-panel widget widget_sow-editor panel-first-child panel-last-child\" data-index=\"2\" ><div\n\t\t\t\n\t\t\tclass=\"so-widget-sow-editor so-widget-sow-editor-base\"\n\t\t\t\n\t\t>\n<div class=\"siteorigin-widget-tinymce textwidget\">\n\t<h3 style=\"text-align: center;\"><span style=\"color: #000000;\">WHAT<\/span><\/h3>\n<hr style=\"height: 2px; color: #fff; background-color: #fff; width: 50%; border: none;\"\/>\n<p style=\"text-align: center;\"><span style=\"color: #000000;\">Customs tariff and Harmonised System Explanatory Notes, Official Texts, Classification Opinions, Customs Library, Regulatory Surveillance.<\/span><\/p>\n<\/div>\n<\/div><\/div><\/div><div id=\"pgc-2746-1-2\"  class=\"panel-grid-cell\" ><div id=\"panel-2746-1-2-0\" class=\"so-panel widget widget_sow-editor panel-first-child panel-last-child\" data-index=\"3\" ><div\n\t\t\t\n\t\t\tclass=\"so-widget-sow-editor so-widget-sow-editor-base\"\n\t\t\t\n\t\t>\n<div class=\"siteorigin-widget-tinymce textwidget\">\n\t<h3 style=\"text-align: center;\"><span style=\"color: #000000;\">HOW<\/span><\/h3>\n<hr style=\"height: 2px; color: #fff; background-color: #fff; width: 50%; border: none;\"\/>\n<p style=\"text-align: center;\"><span style=\"color: #000000;\">Subscription to on-line regulatory database service.<\/span><\/p>\n<\/div>\n<\/div><\/div><\/div><\/div><\/div><div id=\"pg-2746-2\"  class=\"panel-grid panel-no-style\" ><div id=\"pgc-2746-2-0\"  class=\"panel-grid-cell\" ><div id=\"panel-2746-2-0-0\" class=\"so-panel widget widget_sow-editor panel-first-child panel-last-child\" data-index=\"4\" ><div class=\"panel-widget-style panel-widget-style-for-2746-2-0-0\" ><div\n\t\t\t\n\t\t\tclass=\"so-widget-sow-editor so-widget-sow-editor-base\"\n\t\t\t\n\t\t>\n<div class=\"siteorigin-widget-tinymce textwidget\">\n\t<p style=\"text-align: justify;\">By combining their technological and regulatory expertise, CONEX and <span style=\"color: #000000;\"><a style=\"color: #000000;\" href=\"http:\/\/www.editions-ed.fr\/\">ED \u00c9ditions<\/a><\/span> propose the <span style=\"color: #57a1d8;\"><strong>CUSTOMS ENCYCLOPAEDIA\u2122<\/strong><\/span>, a unique database that meets the European and national regulation requirements that customs operators face. A true source of interactive information, the <span style=\"color: #57a1d8;\"><strong>CUSTOMS ENCYCLOPAEDIA\u2122<\/strong><\/span> is organised around one or several independent modules, according to your choices and your needs: tariff classification, Customs Library, regulatory surveillance.<\/p>\n<hr \/>\n<h3><span style=\"color: #57a1d8;\"><strong>Tariff classification, a necessary mastery<\/strong><\/span><\/h3>\n<h4><strong><span style=\"color: #99ccff;\"><span style=\"color: #5096cc;\">\u2666<\/span>\u00a0<\/span><\/strong><strong>Customs tariff and the Harmonised System Explanatory Notes<\/strong><\/h4>\n<p>Includes the commodity codes used for customs clearance, the wordings of the associated definitions and the duty and tax rates.<\/p>\n<p>&nbsp;<\/p>\n<h4><span style=\"color: #5096cc;\"><strong>\u2666 <\/strong><\/span><strong>Official texts<\/strong><\/h4>\n<p>Direct and rapid access to the consolidated texts of EU (OJEU) or national (JORF, BOD etc.) regulations.<\/p>\n<p>&nbsp;<\/p>\n<h4><span style=\"color: #5096cc;\"><strong>\u2666 <\/strong><\/span><strong>Classification opinions<\/strong><\/h4>\n<p>Consultation of all the goods classification opinions issued by the competent bodies. Each commodity code quoted in the classification opinions is linked directly to the customs tariff.<\/p>\n<h3><\/h3>\n<h3><strong><span style=\"color: #5096cc;\">The Customs Library, a real on-line library<\/span><\/strong><\/h3>\n<p><strong><span style=\"color: #99ccff;\"><span style=\"color: #5096cc;\">\u2666 <\/span><\/span><\/strong>On-line library of revised and consolidated customs regulations. A la carte subscription to the publications* of your choice.<\/p>\n<p><strong><span style=\"color: #99ccff;\"><span style=\"color: #5096cc;\">\u2666 <\/span><\/span><\/strong>Hypertext navigation between publications, possibility of annotating the texts, to share them with your collaborators.<\/p>\n<hr \/>\n<h6>* Union Customs Code (Cross-references to delegated and implementing acts), customs value, origin, customs clearance procedures and procedures, full procedures, simplified procedures, transit, special procedures, customs exemptions, trade tax regime, National Customs Code.<\/h6>\n<hr \/>\n<h3><span style=\"color: #57a1d8;\"><strong>Regulatory surveillance, a personalised service<\/strong><\/span><\/h3>\n<p><strong><span style=\"color: #99ccff;\"><span style=\"color: #5096cc;\">\u2666<\/span>\u00a0\u00a0<\/span><\/strong>Led by a team of specialists, we follow the news for you and provide you with the results of our national and European monitoring.<\/p>\n<p><strong><span style=\"color: #99ccff;\"><span style=\"color: #5096cc;\">\u2666<\/span>\u00a0\u00a0<\/span><\/strong>Select your preferences: customs tariff section, desired themes (quotas, refunds, antidumping duties, excises, standards, etc.).<\/p>\n<p><strong><span style=\"color: #99ccff;\"><span style=\"color: #5096cc;\">\u2666<\/span>\u00a0\u00a0<\/span><\/strong>We collect, process and summarise the information for you.<br \/>\n&nbsp;<\/p>\n<\/div>\n<\/div><\/div><\/div><\/div><\/div><div id=\"pg-2746-3\"  class=\"panel-grid panel-has-style\" ><div class=\"siteorigin-panels-stretch panel-row-style panel-row-style-for-2746-3\" data-stretch-type=\"full\" ><div id=\"pgc-2746-3-0\"  class=\"panel-grid-cell\" ><div id=\"panel-2746-3-0-0\" class=\"so-panel widget widget_sow-editor panel-first-child panel-last-child\" data-index=\"5\" ><div\n\t\t\t\n\t\t\tclass=\"so-widget-sow-editor so-widget-sow-editor-base\"\n\t\t\t\n\t\t>\n<div class=\"siteorigin-widget-tinymce textwidget\">\n\t<h1>CE QUI PEUT AUSSI VOUS INT\u00c9RESSER !<\/h1>\n<\/div>\n<\/div><\/div><\/div><\/div><\/div><div id=\"pg-2746-4\"  class=\"panel-grid panel-no-style\" ><div id=\"pgc-2746-4-0\"  class=\"panel-grid-cell\" ><div id=\"panel-2746-4-0-0\" class=\"so-panel widget widget_sow-editor panel-first-child panel-last-child\" data-index=\"6\" ><div\n\t\t\t\n\t\t\tclass=\"so-widget-sow-editor so-widget-sow-editor-base\"\n\t\t\t\n\t\t>\n<div class=\"siteorigin-widget-tinymce textwidget\">\n\t<p><a href=\"\/be\/douane\/\"><img loading=\"lazy\" decoding=\"async\" class=\"aligncenter wp-image-844 size-full\" title=\"CUSTOMS via CONEX - la Douane electronique\" src=\"\/wp-content\/uploads\/2019\/05\/customs-encyclopedie-douaniere.jpg\" alt=\"CUSTOMS via CONEX - la Douane electronique - customs-encyclopedie-douaniere \" width=\"243\" height=\"142\" \/><\/a><\/p>\n<h4 style=\"text-align: center;\">CUSTOMS via conex\u2122<\/h4>\n<p style=\"text-align: justify;\"><strong><span style=\"color: #b80000;\">CUSTOMS<\/span> via conex\u2122<\/strong>\u00a0 \u00a0is a complete and modular SaaS solution devoted to the administrative management of electronic customs clearance operations for all customs procedures. Our solution is available in several countries.<\/p>\n<p style=\"text-align: center;\"><img loading=\"lazy\" decoding=\"async\" class=\"aligncenter wp-image-2858 size-full\" title=\"CUSTOMS via CONEX - la Douane electronique\" src=\"https:\/\/www.conex.net\/be\/wp-content\/uploads\/sites\/2\/2019\/12\/readmore-customs.jpg\" alt=\"CUSTOMS via conex\u2122\" width=\"149\" height=\"66\" \/><\/p>\n<\/div>\n<\/div><\/div><\/div><div id=\"pgc-2746-4-1\"  class=\"panel-grid-cell\" ><div id=\"panel-2746-4-1-0\" class=\"so-panel widget widget_sow-editor panel-first-child panel-last-child\" data-index=\"7\" ><div\n\t\t\t\n\t\t\tclass=\"so-widget-sow-editor so-widget-sow-editor-base\"\n\t\t\t\n\t\t>\n<div class=\"siteorigin-widget-tinymce textwidget\">\n\t<p><a href=\"\/be\/intrastat\/\"><img loading=\"lazy\" decoding=\"async\" class=\"aligncenter wp-image-845 size-full\" title=\"D\u00e9claration intrastat - EUROPSTAT via CONEX - la D\u00e9claration intrastat\" src=\"\/wp-content\/uploads\/2019\/05\/europstat-encyclopedie-douaniere.jpg\" alt=\"D\u00e9claration intrastat - EUROPSTAT via CONEX - la D\u00e9claration intrastat\" width=\"243\" height=\"142\" \/><\/a><\/p>\n<h4 style=\"text-align: center;\">EUROPstat via conex\u2122<\/h4>\n<p style=\"text-align: justify;\"><strong><span style=\"color: #000080;\">EUROPstat<\/span> via conex\u2122 <\/strong>is intended for any company performing acquisitions or arrivals of goods within the EU, but also for accounting firms and agents appointed to carry out all or part of their European operations.<\/p>\n<p><img loading=\"lazy\" decoding=\"async\" class=\"aligncenter wp-image-2860 size-full\" title=\"D\u00e9claration intrastat - EUROPSTAT via CONEX - la D\u00e9claration intrastat\" src=\"https:\/\/www.conex.net\/be\/wp-content\/uploads\/sites\/2\/2019\/12\/readmore-europstat.jpg\" alt=\"EUROPstat via conex\u2122\" width=\"149\" height=\"66\" \/><\/p>\n<\/div>\n<\/div><\/div><\/div><\/div><div id=\"pg-2746-5\"  class=\"panel-grid panel-no-style\" ><div id=\"pgc-2746-5-0\"  class=\"panel-grid-cell\" ><div id=\"panel-2746-5-0-0\" class=\"so-panel widget widget_sow-editor panel-first-child panel-last-child\" data-index=\"8\" ><div class=\"panel-widget-style panel-widget-style-for-2746-5-0-0\" ><div\n\t\t\t\n\t\t\tclass=\"so-widget-sow-editor so-widget-sow-editor-base\"\n\t\t\t\n\t\t>\n<div class=\"siteorigin-widget-tinymce textwidget\">\n\t<hr \/>\n<p><a href=\"\/be\/en\/contact-2\/\"><img loading=\"lazy\" decoding=\"async\" class=\"aligncenter size-full wp-image-3479\" src=\"https:\/\/www.conex.net\/be\/wp-content\/uploads\/sites\/2\/2020\/01\/contact-us-conex-your-customs-partner-1.jpg\" alt=\"contact-us-conex-your-customs-partner\" width=\"326\" height=\"171\" srcset=\"https:\/\/www.conex.net\/be\/wp-content\/uploads\/sites\/3\/2020\/01\/contact-us-conex-your-customs-partner-1.jpg 326w, https:\/\/www.conex.net\/be\/wp-content\/uploads\/sites\/3\/2020\/01\/contact-us-conex-your-customs-partner-1-300x157.jpg 300w\" sizes=\"auto, (max-width: 326px) 100vw, 326px\" \/><\/a><\/p>\n<\/div>\n<\/div><\/div><\/div><\/div><\/div><\/div>","protected":false},"excerpt":{"rendered":"<p>WHO France \/ European Union Managers of customs and legal departments, declarants and commercial representatives requiring customs regulation information. WHAT Customs tariff and Harmonised System Explanatory Notes, Official Texts, Classification Opinions, Customs Library, Regulatory Surveillance. HOW Subscription to on-line regulatory database service.<\/p>\n","protected":false},"author":1,"featured_media":3285,"parent":0,"menu_order":0,"comment_status":"closed","ping_status":"closed","template":"Page-fullwidth.php","meta":{"footnotes":""},"class_list":["post-2746","page","type-page","status-publish","has-post-thumbnail","hentry"],"yoast_head":"<!-- This site is optimized with the Yoast SEO plugin v27.3 - https:\/\/yoast.com\/product\/yoast-seo-wordpress\/ -->\n<title>classement tarifaire Publith\u00e8que Douani\u00e8re L\u2019ENCYCLOP\u00c9DIE D.<\/title>\n<meta name=\"description\" content=\"informations r\u00e9glementaires douani\u00e8res, base de donn\u00e9e - r\u00e9glementation europ\u00e9enne &amp; nationale. classement tarifaire, textes officiels\" \/>\n<meta name=\"robots\" content=\"index, follow, max-snippet:-1, max-image-preview:large, max-video-preview:-1\" \/>\n<link rel=\"canonical\" href=\"https:\/\/www.conex.net\/be\/encyclopedie-douaniere-2\/\" \/>\n<meta property=\"og:locale\" content=\"fr_FR\" \/>\n<meta property=\"og:type\" content=\"article\" \/>\n<meta property=\"og:title\" content=\"classement tarifaire Publith\u00e8que Douani\u00e8re L\u2019ENCYCLOP\u00c9DIE D.\" \/>\n<meta property=\"og:description\" content=\"informations r\u00e9glementaires douani\u00e8res, base de donn\u00e9e - r\u00e9glementation europ\u00e9enne &amp; nationale. classement tarifaire, textes officiels\" \/>\n<meta property=\"og:url\" content=\"https:\/\/www.conex.net\/be\/encyclopedie-douaniere-2\/\" \/>\n<meta property=\"og:site_name\" content=\"Conex Belgique\" \/>\n<meta property=\"article:modified_time\" content=\"2020-01-10T09:43:41+00:00\" \/>\n<meta property=\"og:image\" content=\"https:\/\/www.conex.net\/be\/wp-content\/uploads\/sites\/3\/2020\/01\/Encyclopedie-douaniereviaconex200.jpg\" \/>\n\t<meta property=\"og:image:width\" content=\"233\" \/>\n\t<meta property=\"og:image:height\" content=\"200\" \/>\n\t<meta property=\"og:image:type\" content=\"image\/jpeg\" \/>\n<meta name=\"twitter:card\" content=\"summary_large_image\" \/>\n<meta name=\"twitter:label1\" content=\"Dur\u00e9e de lecture estim\u00e9e\" \/>\n\t<meta name=\"twitter:data1\" content=\"2 minutes\" \/>\n<script type=\"application\/ld+json\" class=\"yoast-schema-graph\">{\"@context\":\"https:\\\/\\\/schema.org\",\"@graph\":[{\"@type\":\"WebPage\",\"@id\":\"https:\\\/\\\/www.conex.net\\\/be\\\/encyclopedie-douaniere-2\\\/\",\"url\":\"https:\\\/\\\/www.conex.net\\\/be\\\/encyclopedie-douaniere-2\\\/\",\"name\":\"classement tarifaire Publith\u00e8que Douani\u00e8re L\u2019ENCYCLOP\u00c9DIE D.\",\"isPartOf\":{\"@id\":\"https:\\\/\\\/www.conex.net\\\/be\\\/#website\"},\"primaryImageOfPage\":{\"@id\":\"https:\\\/\\\/www.conex.net\\\/be\\\/encyclopedie-douaniere-2\\\/#primaryimage\"},\"image\":{\"@id\":\"https:\\\/\\\/www.conex.net\\\/be\\\/encyclopedie-douaniere-2\\\/#primaryimage\"},\"thumbnailUrl\":\"https:\\\/\\\/www.conex.net\\\/be\\\/wp-content\\\/uploads\\\/sites\\\/3\\\/2020\\\/01\\\/Encyclopedie-douaniereviaconex200.jpg\",\"datePublished\":\"2018-11-29T14:46:38+00:00\",\"dateModified\":\"2020-01-10T09:43:41+00:00\",\"description\":\"informations r\u00e9glementaires douani\u00e8res, base de donn\u00e9e - r\u00e9glementation europ\u00e9enne & nationale. classement tarifaire, textes officiels\",\"breadcrumb\":{\"@id\":\"https:\\\/\\\/www.conex.net\\\/be\\\/encyclopedie-douaniere-2\\\/#breadcrumb\"},\"inLanguage\":\"fr-FR\",\"potentialAction\":[{\"@type\":\"ReadAction\",\"target\":[\"https:\\\/\\\/www.conex.net\\\/be\\\/encyclopedie-douaniere-2\\\/\"]}]},{\"@type\":\"ImageObject\",\"inLanguage\":\"fr-FR\",\"@id\":\"https:\\\/\\\/www.conex.net\\\/be\\\/encyclopedie-douaniere-2\\\/#primaryimage\",\"url\":\"https:\\\/\\\/www.conex.net\\\/be\\\/wp-content\\\/uploads\\\/sites\\\/3\\\/2020\\\/01\\\/Encyclopedie-douaniereviaconex200.jpg\",\"contentUrl\":\"https:\\\/\\\/www.conex.net\\\/be\\\/wp-content\\\/uploads\\\/sites\\\/3\\\/2020\\\/01\\\/Encyclopedie-douaniereviaconex200.jpg\",\"width\":233,\"height\":200,\"caption\":\"Encyclopedie-douaniere via conex\"},{\"@type\":\"BreadcrumbList\",\"@id\":\"https:\\\/\\\/www.conex.net\\\/be\\\/encyclopedie-douaniere-2\\\/#breadcrumb\",\"itemListElement\":[{\"@type\":\"ListItem\",\"position\":1,\"name\":\"Accueil\",\"item\":\"https:\\\/\\\/www.conex.net\\\/be\\\/\"},{\"@type\":\"ListItem\",\"position\":2,\"name\":\"ENCYCLOP\u00c9DIE DOUANI\u00c8RE\"}]},{\"@type\":\"WebSite\",\"@id\":\"https:\\\/\\\/www.conex.net\\\/be\\\/#website\",\"url\":\"https:\\\/\\\/www.conex.net\\\/be\\\/\",\"name\":\"Conex Belgique\",\"description\":\"Your customs partner - CONEX BE\",\"potentialAction\":[{\"@type\":\"SearchAction\",\"target\":{\"@type\":\"EntryPoint\",\"urlTemplate\":\"https:\\\/\\\/www.conex.net\\\/be\\\/?s={search_term_string}\"},\"query-input\":{\"@type\":\"PropertyValueSpecification\",\"valueRequired\":true,\"valueName\":\"search_term_string\"}}],\"inLanguage\":\"fr-FR\"}]}<\/script>\n<!-- \/ Yoast SEO plugin. -->","yoast_head_json":{"title":"classement tarifaire Publith\u00e8que Douani\u00e8re L\u2019ENCYCLOP\u00c9DIE D.","description":"informations r\u00e9glementaires douani\u00e8res, base de donn\u00e9e - r\u00e9glementation europ\u00e9enne & nationale. classement tarifaire, textes officiels","robots":{"index":"index","follow":"follow","max-snippet":"max-snippet:-1","max-image-preview":"max-image-preview:large","max-video-preview":"max-video-preview:-1"},"canonical":"https:\/\/www.conex.net\/be\/encyclopedie-douaniere-2\/","og_locale":"fr_FR","og_type":"article","og_title":"classement tarifaire Publith\u00e8que Douani\u00e8re L\u2019ENCYCLOP\u00c9DIE D.","og_description":"informations r\u00e9glementaires douani\u00e8res, base de donn\u00e9e - r\u00e9glementation europ\u00e9enne & nationale. classement tarifaire, textes officiels","og_url":"https:\/\/www.conex.net\/be\/encyclopedie-douaniere-2\/","og_site_name":"Conex Belgique","article_modified_time":"2020-01-10T09:43:41+00:00","og_image":[{"width":233,"height":200,"url":"https:\/\/www.conex.net\/be\/wp-content\/uploads\/sites\/3\/2020\/01\/Encyclopedie-douaniereviaconex200.jpg","type":"image\/jpeg"}],"twitter_card":"summary_large_image","twitter_misc":{"Dur\u00e9e de lecture estim\u00e9e":"2 minutes"},"schema":{"@context":"https:\/\/schema.org","@graph":[{"@type":"WebPage","@id":"https:\/\/www.conex.net\/be\/encyclopedie-douaniere-2\/","url":"https:\/\/www.conex.net\/be\/encyclopedie-douaniere-2\/","name":"classement tarifaire Publith\u00e8que Douani\u00e8re L\u2019ENCYCLOP\u00c9DIE D.","isPartOf":{"@id":"https:\/\/www.conex.net\/be\/#website"},"primaryImageOfPage":{"@id":"https:\/\/www.conex.net\/be\/encyclopedie-douaniere-2\/#primaryimage"},"image":{"@id":"https:\/\/www.conex.net\/be\/encyclopedie-douaniere-2\/#primaryimage"},"thumbnailUrl":"https:\/\/www.conex.net\/be\/wp-content\/uploads\/sites\/3\/2020\/01\/Encyclopedie-douaniereviaconex200.jpg","datePublished":"2018-11-29T14:46:38+00:00","dateModified":"2020-01-10T09:43:41+00:00","description":"informations r\u00e9glementaires douani\u00e8res, base de donn\u00e9e - r\u00e9glementation europ\u00e9enne & nationale. classement tarifaire, textes officiels","breadcrumb":{"@id":"https:\/\/www.conex.net\/be\/encyclopedie-douaniere-2\/#breadcrumb"},"inLanguage":"fr-FR","potentialAction":[{"@type":"ReadAction","target":["https:\/\/www.conex.net\/be\/encyclopedie-douaniere-2\/"]}]},{"@type":"ImageObject","inLanguage":"fr-FR","@id":"https:\/\/www.conex.net\/be\/encyclopedie-douaniere-2\/#primaryimage","url":"https:\/\/www.conex.net\/be\/wp-content\/uploads\/sites\/3\/2020\/01\/Encyclopedie-douaniereviaconex200.jpg","contentUrl":"https:\/\/www.conex.net\/be\/wp-content\/uploads\/sites\/3\/2020\/01\/Encyclopedie-douaniereviaconex200.jpg","width":233,"height":200,"caption":"Encyclopedie-douaniere via conex"},{"@type":"BreadcrumbList","@id":"https:\/\/www.conex.net\/be\/encyclopedie-douaniere-2\/#breadcrumb","itemListElement":[{"@type":"ListItem","position":1,"name":"Accueil","item":"https:\/\/www.conex.net\/be\/"},{"@type":"ListItem","position":2,"name":"ENCYCLOP\u00c9DIE DOUANI\u00c8RE"}]},{"@type":"WebSite","@id":"https:\/\/www.conex.net\/be\/#website","url":"https:\/\/www.conex.net\/be\/","name":"Conex Belgique","description":"Your customs partner - CONEX BE","potentialAction":[{"@type":"SearchAction","target":{"@type":"EntryPoint","urlTemplate":"https:\/\/www.conex.net\/be\/?s={search_term_string}"},"query-input":{"@type":"PropertyValueSpecification","valueRequired":true,"valueName":"search_term_string"}}],"inLanguage":"fr-FR"}]}},"_links":{"self":[{"href":"https:\/\/www.conex.net\/be\/wp-json\/wp\/v2\/pages\/2746","targetHints":{"allow":["GET"]}}],"collection":[{"href":"https:\/\/www.conex.net\/be\/wp-json\/wp\/v2\/pages"}],"about":[{"href":"https:\/\/www.conex.net\/be\/wp-json\/wp\/v2\/types\/page"}],"author":[{"embeddable":true,"href":"https:\/\/www.conex.net\/be\/wp-json\/wp\/v2\/users\/1"}],"replies":[{"embeddable":true,"href":"https:\/\/www.conex.net\/be\/wp-json\/wp\/v2\/comments?post=2746"}],"version-history":[{"count":17,"href":"https:\/\/www.conex.net\/be\/wp-json\/wp\/v2\/pages\/2746\/revisions"}],"predecessor-version":[{"id":3489,"href":"https:\/\/www.conex.net\/be\/wp-json\/wp\/v2\/pages\/2746\/revisions\/3489"}],"wp:featuredmedia":[{"embeddable":true,"href":"https:\/\/www.conex.net\/be\/wp-json\/wp\/v2\/media\/3285"}],"wp:attachment":[{"href":"https:\/\/www.conex.net\/be\/wp-json\/wp\/v2\/media?parent=2746"}],"curies":[{"name":"wp","href":"https:\/\/api.w.org\/{rel}","templated":true}]}}