{"id":2759,"date":"2019-11-26T15:09:40","date_gmt":"2019-11-26T14:09:40","guid":{"rendered":"https:\/\/www.conex.net\/be\/?page_id=2759"},"modified":"2020-01-06T12:04:02","modified_gmt":"2020-01-06T11:04:02","slug":"client-area","status":"publish","type":"page","link":"https:\/\/www.conex.net\/be\/client-area\/","title":{"rendered":"CLIENT AREA"},"content":{"rendered":"<div id=\"pl-2759\"  class=\"panel-layout\" ><div id=\"pg-2759-0\"  class=\"panel-grid panel-has-style\" ><div class=\"siteorigin-panels-stretch panel-row-style panel-row-style-for-2759-0\" data-stretch-type=\"full-stretched\" ><div id=\"pgc-2759-0-0\"  class=\"panel-grid-cell\" ><div id=\"panel-2759-0-0-0\" class=\"so-panel widget widget_sow-hero panel-first-child panel-last-child\" data-index=\"0\" ><div\n\t\t\t\n\t\t\tclass=\"so-widget-sow-hero so-widget-sow-hero-default-66c347966d73-2759\"\n\t\t\t\n\t\t>\t\t\t\t<div class=\"sow-slider-base\" style=\"display: none\" tabindex=\"0\">\n\t\t\t\t\t<ul\n\t\t\t\t\tclass=\"sow-slider-images\"\n\t\t\t\t\tdata-settings=\"{&quot;pagination&quot;:true,&quot;speed&quot;:800,&quot;timeout&quot;:8000,&quot;paused&quot;:false,&quot;pause_on_hover&quot;:false,&quot;swipe&quot;:false,&quot;nav_always_show_desktop&quot;:&quot;&quot;,&quot;nav_always_show_mobile&quot;:&quot;&quot;,&quot;breakpoint&quot;:&quot;780px&quot;,&quot;unmute&quot;:false,&quot;anchor&quot;:null}\"\n\t\t\t\t\tstyle=\"min-height: 0px\"\t\t\t\t\tdata-anchor-id=\"\"\n\t\t\t\t>\t\t<li class=\"sow-slider-image  sow-slider-image-cover\" style=\"visibility: visible;;background-color: #333333;background-image: url(https:\/\/www.conex.net\/be\/wp-content\/uploads\/sites\/3\/2019\/12\/Bandeau-esapce-clients-conex.jpg)\" >\n\t\t\t\t\t<div class=\"sow-slider-image-container\">\n\t\t\t<div class=\"sow-slider-image-wrapper\">\n\t\t\t\t<h1 style=\"text-align: center\"><span style=\"color: #ffffff\">ESPACE CLIENT<\/span><\/h1>\n<h4 style=\"text-align: center\"><span style=\"color: #ffffff\">via conex<\/span><\/h4>\n\t\t\t<\/div>\n\t\t<\/div>\n\t\t\t\t<\/li>\n\t\t<\/ul>\t\t\t\t<ol class=\"sow-slider-pagination\">\n\t\t\t\t\t\t\t\t\t\t\t<li><a href=\"#\" data-goto=\"0\" aria-label=\"Display slide 1\"><\/a><\/li>\n\t\t\t\t\t\t\t\t\t<\/ol>\n\n\t\t\t\t<div class=\"sow-slide-nav sow-slide-nav-next\">\n\t\t\t\t\t<a href=\"#\" data-goto=\"next\" aria-label=\"Next slide\" data-action=\"next\">\n\t\t\t\t\t\t<em class=\"sow-sld-icon-thin-right\"><\/em>\n\t\t\t\t\t<\/a>\n\t\t\t\t<\/div>\n\n\t\t\t\t<div class=\"sow-slide-nav sow-slide-nav-prev\">\n\t\t\t\t\t<a href=\"#\" data-goto=\"previous\" aria-label=\"Previous slide\" data-action=\"prev\">\n\t\t\t\t\t\t<em class=\"sow-sld-icon-thin-left\"><\/em>\n\t\t\t\t\t<\/a>\n\t\t\t\t<\/div>\n\t\t\t\t<\/div><\/div><\/div><\/div><\/div><\/div><div id=\"pg-2759-1\"  class=\"panel-grid panel-has-style\" ><div class=\"panel-row-style panel-row-style-for-2759-1\" ><div id=\"pgc-2759-1-0\"  class=\"panel-grid-cell panel-grid-cell-empty\" ><\/div><div id=\"pgc-2759-1-1\"  class=\"panel-grid-cell\" ><div id=\"panel-2759-1-1-0\" class=\"so-panel widget widget_sow-editor panel-first-child panel-last-child\" data-index=\"1\" ><div\n\t\t\t\n\t\t\tclass=\"so-widget-sow-editor so-widget-sow-editor-base\"\n\t\t\t\n\t\t>\n<div class=\"siteorigin-widget-tinymce textwidget\">\n\t<h2 style=\"text-align: center;\"><span style=\"color: #333333;\"><a href=\"http:\/\/download.conex.net\/espace-client-site-conex\/Telechargement-deltapass-clients.htm\"><span style=\"color: #333333;\">MAJ<\/span><img loading=\"lazy\" decoding=\"async\" class=\"aligncenter size-full wp-image-2475\" src=\"https:\/\/www-conex-net.azurewebsites.net\/be\/wp-content\/uploads\/sites\/2\/2019\/12\/maj-espace-client.jpg\" alt=\"MAJ conex\" width=\"88\" height=\"82\" \/><\/a><\/span><\/h2>\n<\/div>\n<\/div><\/div><\/div><div id=\"pgc-2759-1-2\"  class=\"panel-grid-cell\" ><div id=\"panel-2759-1-2-0\" class=\"so-panel widget widget_sow-editor panel-first-child panel-last-child\" data-index=\"2\" ><div\n\t\t\t\n\t\t\tclass=\"so-widget-sow-editor so-widget-sow-editor-base\"\n\t\t\t\n\t\t>\n<div class=\"siteorigin-widget-tinymce textwidget\">\n\t<h2 style=\"text-align: center;\"><a href=\"http:\/\/download.conex.net\/espace-client-site-conex\/Telechargement-deltapass-documentations.htm\"><span style=\"color: #333333;\">DOCS<\/span><img loading=\"lazy\" decoding=\"async\" class=\"aligncenter  wp-image-2476\" src=\"https:\/\/www-conex-net.azurewebsites.net\/be\/wp-content\/uploads\/sites\/2\/2019\/12\/docs-espace-client.jpg\" alt=\"DOCS CONEX\" width=\"83\" height=\"77\" \/><\/a><\/h2>\n<\/div>\n<\/div><\/div><\/div><div id=\"pgc-2759-1-3\"  class=\"panel-grid-cell panel-grid-cell-mobile-last\" ><div id=\"panel-2759-1-3-0\" class=\"so-panel widget widget_sow-editor panel-first-child panel-last-child\" data-index=\"3\" ><div\n\t\t\t\n\t\t\tclass=\"so-widget-sow-editor so-widget-sow-editor-base\"\n\t\t\t\n\t\t>\n<div class=\"siteorigin-widget-tinymce textwidget\">\n\t<h2 style=\"text-align: center;\"><span style=\"color: #333333;\"><a style=\"color: #333333;\" href=\"http:\/\/download.conex.net\/faq-deltapass\/FAQ_DELTApass.htm\">FAQ<\/a><\/span><\/h2>\n<p style=\"text-align: center;\"><a href=\"http:\/\/download.conex.net\/faq-deltapass\/FAQ_DELTApass.htm\"><img loading=\"lazy\" decoding=\"async\" class=\"aligncenter size-full wp-image-2474\" src=\"https:\/\/www-conex-net.azurewebsites.net\/be\/wp-content\/uploads\/sites\/2\/2019\/12\/fac-espace-client.jpg\" alt=\"\" width=\"88\" height=\"82\" \/><\/a><\/p>\n<\/div>\n<\/div><\/div><\/div><div id=\"pgc-2759-1-4\"  class=\"panel-grid-cell panel-grid-cell-empty\" ><\/div><\/div><\/div><div id=\"pg-2759-2\"  class=\"panel-grid panel-has-style\" ><div class=\"panel-row-style panel-row-style-for-2759-2\" ><div id=\"pgc-2759-2-0\"  class=\"panel-grid-cell\" ><div id=\"panel-2759-2-0-0\" class=\"so-panel widget widget_sow-editor panel-first-child panel-last-child\" data-index=\"4\" ><div\n\t\t\t\n\t\t\tclass=\"so-widget-sow-editor so-widget-sow-editor-base\"\n\t\t\t\n\t\t>\n<div class=\"siteorigin-widget-tinymce textwidget\">\n\t<hr \/>\n<p>Vous souhaitez Installer une mise \u00e0 jour du logiciel DELTApass via conex\u2122 ? (2019 v01.01 [build 001])<\/p>\n<p>Pour t\u00e9l\u00e9charger les mises \u00e0 jour du logiciel, les documentations et acc\u00e9der \u00e0 la FAQ DELTApass, vous devez vous authentifier.<\/p>\n<p>Vos identifiants sont disponibles dans la version actuelle DELTApass depuis le menu OPTIONS-&gt; Utilitaires -&gt; Informations licences. La zone \"Code client\" correspond au nom d'utilisateur.<\/p>\n<p>espace-client-MAJ espace-cleint-docs espace-cleint-faq<\/p>\n<p>Vous n'avez jamais install\u00e9 DELTApass ou souhaitez le r\u00e9installer ?<\/p>\n<p>Vous devez utiliser les lien et les identifiants qui vous ont \u00e9t\u00e9 transmis lors de votre commande ou sinon cliquez ici !<\/p>\n<p>Pour toute demande d\u2019ASSISTANCE<\/p>\n<p>Acc\u00e8s au portail HELPDESK via conex \u2122 : https:\/\/helpdesk.conex.net\/Login<\/p>\n<p>&nbsp;<\/p>\n<\/div>\n<\/div><\/div><\/div><\/div><\/div><\/div>","protected":false},"excerpt":{"rendered":"<p>MAJ DOCS FAQ<\/p>\n","protected":false},"author":1,"featured_media":3227,"parent":0,"menu_order":0,"comment_status":"closed","ping_status":"closed","template":"","meta":{"footnotes":""},"class_list":["post-2759","page","type-page","status-publish","has-post-thumbnail","hentry"],"yoast_head":"<!-- This site is optimized with the Yoast SEO plugin v27.3 - https:\/\/yoast.com\/product\/yoast-seo-wordpress\/ -->\n<title>CLIENT AREA - Conex Belgique<\/title>\n<meta name=\"robots\" content=\"index, follow, max-snippet:-1, max-image-preview:large, max-video-preview:-1\" \/>\n<link rel=\"canonical\" href=\"https:\/\/www.conex.net\/be\/client-area\/\" \/>\n<meta property=\"og:locale\" content=\"fr_FR\" \/>\n<meta property=\"og:type\" content=\"article\" \/>\n<meta property=\"og:title\" content=\"CLIENT AREA - Conex Belgique\" \/>\n<meta property=\"og:description\" content=\"MAJ DOCS FAQ\" \/>\n<meta property=\"og:url\" content=\"https:\/\/www.conex.net\/be\/client-area\/\" \/>\n<meta property=\"og:site_name\" content=\"Conex Belgique\" \/>\n<meta property=\"article:modified_time\" content=\"2020-01-06T11:04:02+00:00\" \/>\n<meta property=\"og:image\" content=\"https:\/\/www.conex.net\/be\/wp-content\/uploads\/sites\/3\/2020\/01\/CONEX-yourcustomspartner.jpg\" \/>\n\t<meta property=\"og:image:width\" content=\"233\" \/>\n\t<meta property=\"og:image:height\" content=\"200\" \/>\n\t<meta property=\"og:image:type\" content=\"image\/jpeg\" \/>\n<meta name=\"twitter:card\" content=\"summary_large_image\" \/>\n<meta name=\"twitter:label1\" content=\"Dur\u00e9e de lecture estim\u00e9e\" \/>\n\t<meta name=\"twitter:data1\" content=\"1 minute\" \/>\n<script type=\"application\/ld+json\" class=\"yoast-schema-graph\">{\"@context\":\"https:\\\/\\\/schema.org\",\"@graph\":[{\"@type\":\"WebPage\",\"@id\":\"https:\\\/\\\/www.conex.net\\\/be\\\/client-area\\\/\",\"url\":\"https:\\\/\\\/www.conex.net\\\/be\\\/client-area\\\/\",\"name\":\"CLIENT AREA - Conex Belgique\",\"isPartOf\":{\"@id\":\"https:\\\/\\\/www.conex.net\\\/be\\\/#website\"},\"primaryImageOfPage\":{\"@id\":\"https:\\\/\\\/www.conex.net\\\/be\\\/client-area\\\/#primaryimage\"},\"image\":{\"@id\":\"https:\\\/\\\/www.conex.net\\\/be\\\/client-area\\\/#primaryimage\"},\"thumbnailUrl\":\"https:\\\/\\\/www.conex.net\\\/be\\\/wp-content\\\/uploads\\\/sites\\\/3\\\/2020\\\/01\\\/CONEX-yourcustomspartner.jpg\",\"datePublished\":\"2019-11-26T14:09:40+00:00\",\"dateModified\":\"2020-01-06T11:04:02+00:00\",\"breadcrumb\":{\"@id\":\"https:\\\/\\\/www.conex.net\\\/be\\\/client-area\\\/#breadcrumb\"},\"inLanguage\":\"fr-FR\",\"potentialAction\":[{\"@type\":\"ReadAction\",\"target\":[\"https:\\\/\\\/www.conex.net\\\/be\\\/client-area\\\/\"]}]},{\"@type\":\"ImageObject\",\"inLanguage\":\"fr-FR\",\"@id\":\"https:\\\/\\\/www.conex.net\\\/be\\\/client-area\\\/#primaryimage\",\"url\":\"https:\\\/\\\/www.conex.net\\\/be\\\/wp-content\\\/uploads\\\/sites\\\/3\\\/2020\\\/01\\\/CONEX-yourcustomspartner.jpg\",\"contentUrl\":\"https:\\\/\\\/www.conex.net\\\/be\\\/wp-content\\\/uploads\\\/sites\\\/3\\\/2020\\\/01\\\/CONEX-yourcustomspartner.jpg\",\"width\":233,\"height\":200,\"caption\":\"CONEX-your customs partner - CONEX votre partenaire douane\"},{\"@type\":\"BreadcrumbList\",\"@id\":\"https:\\\/\\\/www.conex.net\\\/be\\\/client-area\\\/#breadcrumb\",\"itemListElement\":[{\"@type\":\"ListItem\",\"position\":1,\"name\":\"Accueil\",\"item\":\"https:\\\/\\\/www.conex.net\\\/be\\\/\"},{\"@type\":\"ListItem\",\"position\":2,\"name\":\"CLIENT AREA\"}]},{\"@type\":\"WebSite\",\"@id\":\"https:\\\/\\\/www.conex.net\\\/be\\\/#website\",\"url\":\"https:\\\/\\\/www.conex.net\\\/be\\\/\",\"name\":\"Conex Belgique\",\"description\":\"Your customs partner - CONEX BE\",\"potentialAction\":[{\"@type\":\"SearchAction\",\"target\":{\"@type\":\"EntryPoint\",\"urlTemplate\":\"https:\\\/\\\/www.conex.net\\\/be\\\/?s={search_term_string}\"},\"query-input\":{\"@type\":\"PropertyValueSpecification\",\"valueRequired\":true,\"valueName\":\"search_term_string\"}}],\"inLanguage\":\"fr-FR\"}]}<\/script>\n<!-- \/ Yoast SEO plugin. -->","yoast_head_json":{"title":"CLIENT AREA - Conex Belgique","robots":{"index":"index","follow":"follow","max-snippet":"max-snippet:-1","max-image-preview":"max-image-preview:large","max-video-preview":"max-video-preview:-1"},"canonical":"https:\/\/www.conex.net\/be\/client-area\/","og_locale":"fr_FR","og_type":"article","og_title":"CLIENT AREA - Conex Belgique","og_description":"MAJ DOCS FAQ","og_url":"https:\/\/www.conex.net\/be\/client-area\/","og_site_name":"Conex Belgique","article_modified_time":"2020-01-06T11:04:02+00:00","og_image":[{"width":233,"height":200,"url":"https:\/\/www.conex.net\/be\/wp-content\/uploads\/sites\/3\/2020\/01\/CONEX-yourcustomspartner.jpg","type":"image\/jpeg"}],"twitter_card":"summary_large_image","twitter_misc":{"Dur\u00e9e de lecture estim\u00e9e":"1 minute"},"schema":{"@context":"https:\/\/schema.org","@graph":[{"@type":"WebPage","@id":"https:\/\/www.conex.net\/be\/client-area\/","url":"https:\/\/www.conex.net\/be\/client-area\/","name":"CLIENT AREA - Conex Belgique","isPartOf":{"@id":"https:\/\/www.conex.net\/be\/#website"},"primaryImageOfPage":{"@id":"https:\/\/www.conex.net\/be\/client-area\/#primaryimage"},"image":{"@id":"https:\/\/www.conex.net\/be\/client-area\/#primaryimage"},"thumbnailUrl":"https:\/\/www.conex.net\/be\/wp-content\/uploads\/sites\/3\/2020\/01\/CONEX-yourcustomspartner.jpg","datePublished":"2019-11-26T14:09:40+00:00","dateModified":"2020-01-06T11:04:02+00:00","breadcrumb":{"@id":"https:\/\/www.conex.net\/be\/client-area\/#breadcrumb"},"inLanguage":"fr-FR","potentialAction":[{"@type":"ReadAction","target":["https:\/\/www.conex.net\/be\/client-area\/"]}]},{"@type":"ImageObject","inLanguage":"fr-FR","@id":"https:\/\/www.conex.net\/be\/client-area\/#primaryimage","url":"https:\/\/www.conex.net\/be\/wp-content\/uploads\/sites\/3\/2020\/01\/CONEX-yourcustomspartner.jpg","contentUrl":"https:\/\/www.conex.net\/be\/wp-content\/uploads\/sites\/3\/2020\/01\/CONEX-yourcustomspartner.jpg","width":233,"height":200,"caption":"CONEX-your customs partner - CONEX votre partenaire douane"},{"@type":"BreadcrumbList","@id":"https:\/\/www.conex.net\/be\/client-area\/#breadcrumb","itemListElement":[{"@type":"ListItem","position":1,"name":"Accueil","item":"https:\/\/www.conex.net\/be\/"},{"@type":"ListItem","position":2,"name":"CLIENT AREA"}]},{"@type":"WebSite","@id":"https:\/\/www.conex.net\/be\/#website","url":"https:\/\/www.conex.net\/be\/","name":"Conex Belgique","description":"Your customs partner - CONEX BE","potentialAction":[{"@type":"SearchAction","target":{"@type":"EntryPoint","urlTemplate":"https:\/\/www.conex.net\/be\/?s={search_term_string}"},"query-input":{"@type":"PropertyValueSpecification","valueRequired":true,"valueName":"search_term_string"}}],"inLanguage":"fr-FR"}]}},"_links":{"self":[{"href":"https:\/\/www.conex.net\/be\/wp-json\/wp\/v2\/pages\/2759","targetHints":{"allow":["GET"]}}],"collection":[{"href":"https:\/\/www.conex.net\/be\/wp-json\/wp\/v2\/pages"}],"about":[{"href":"https:\/\/www.conex.net\/be\/wp-json\/wp\/v2\/types\/page"}],"author":[{"embeddable":true,"href":"https:\/\/www.conex.net\/be\/wp-json\/wp\/v2\/users\/1"}],"replies":[{"embeddable":true,"href":"https:\/\/www.conex.net\/be\/wp-json\/wp\/v2\/comments?post=2759"}],"version-history":[{"count":4,"href":"https:\/\/www.conex.net\/be\/wp-json\/wp\/v2\/pages\/2759\/revisions"}],"predecessor-version":[{"id":3235,"href":"https:\/\/www.conex.net\/be\/wp-json\/wp\/v2\/pages\/2759\/revisions\/3235"}],"wp:featuredmedia":[{"embeddable":true,"href":"https:\/\/www.conex.net\/be\/wp-json\/wp\/v2\/media\/3227"}],"wp:attachment":[{"href":"https:\/\/www.conex.net\/be\/wp-json\/wp\/v2\/media?parent=2759"}],"curies":[{"name":"wp","href":"https:\/\/api.w.org\/{rel}","templated":true}]}}