{"id":3854,"date":"2020-04-24T09:34:42","date_gmt":"2020-04-24T07:34:42","guid":{"rendered":"https:\/\/www.conex.net\/be\/?page_id=3854"},"modified":"2023-11-30T16:20:40","modified_gmt":"2023-11-30T15:20:40","slug":"douane-nl","status":"publish","type":"page","link":"https:\/\/www.conex.net\/be\/nl\/douane-nl\/","title":{"rendered":"DOUANE"},"content":{"rendered":"<div id=\"pl-3854\"  class=\"panel-layout\" ><div id=\"pg-3854-0\"  class=\"panel-grid panel-has-style\" ><div class=\"siteorigin-panels-stretch panel-row-style panel-row-style-for-3854-0\" data-stretch-type=\"full-stretched\" ><div id=\"pgc-3854-0-0\"  class=\"panel-grid-cell\" ><div id=\"panel-3854-0-0-0\" class=\"so-panel widget widget_sow-hero panel-first-child panel-last-child\" data-index=\"0\" ><div\n\t\t\t\n\t\t\tclass=\"so-widget-sow-hero so-widget-sow-hero-default-81741d735408-3854\"\n\t\t\t\n\t\t>\t\t\t\t<div class=\"sow-slider-base\" style=\"display: none\" tabindex=\"0\">\n\t\t\t\t\t<ul\n\t\t\t\t\tclass=\"sow-slider-images\"\n\t\t\t\t\tdata-settings=\"{&quot;pagination&quot;:true,&quot;speed&quot;:800,&quot;timeout&quot;:8000,&quot;paused&quot;:false,&quot;pause_on_hover&quot;:false,&quot;swipe&quot;:false,&quot;nav_always_show_desktop&quot;:&quot;&quot;,&quot;nav_always_show_mobile&quot;:&quot;&quot;,&quot;breakpoint&quot;:&quot;780px&quot;,&quot;unmute&quot;:false,&quot;anchor&quot;:null}\"\n\t\t\t\t\t\t\t\t\t\tdata-anchor-id=\"\"\n\t\t\t\t>\t\t<li class=\"sow-slider-image  sow-slider-image-cover\" style=\"visibility: visible;;background-color: #333333;background-image: url(https:\/\/www.conex.net\/be\/wp-content\/uploads\/sites\/3\/2023\/11\/CUSTOMSproduitsEN.jpg)\" >\n\t\t\t\t\t<div class=\"sow-slider-image-container\">\n\t\t\t<div class=\"sow-slider-image-wrapper\">\n\t\t\t\t\t\t\t<\/div>\n\t\t<\/div>\n\t\t\t\t<\/li>\n\t\t<\/ul>\t\t\t\t<ol class=\"sow-slider-pagination\">\n\t\t\t\t\t\t\t\t\t\t\t<li><a href=\"#\" data-goto=\"0\" aria-label=\"Display slide 1\"><\/a><\/li>\n\t\t\t\t\t\t\t\t\t<\/ol>\n\n\t\t\t\t<div class=\"sow-slide-nav sow-slide-nav-next\">\n\t\t\t\t\t<a href=\"#\" data-goto=\"next\" aria-label=\"Next slide\" data-action=\"next\">\n\t\t\t\t\t\t<em class=\"sow-sld-icon-thin-right\"><\/em>\n\t\t\t\t\t<\/a>\n\t\t\t\t<\/div>\n\n\t\t\t\t<div class=\"sow-slide-nav sow-slide-nav-prev\">\n\t\t\t\t\t<a href=\"#\" data-goto=\"previous\" aria-label=\"Previous slide\" data-action=\"prev\">\n\t\t\t\t\t\t<em class=\"sow-sld-icon-thin-left\"><\/em>\n\t\t\t\t\t<\/a>\n\t\t\t\t<\/div>\n\t\t\t\t<\/div><\/div><\/div><\/div><\/div><\/div><div id=\"pg-3854-1\"  class=\"panel-grid panel-has-style\" ><div class=\"siteorigin-panels-stretch panel-row-style panel-row-style-for-3854-1\" data-stretch-type=\"full\" ><div id=\"pgc-3854-1-0\"  class=\"panel-grid-cell\" ><div id=\"panel-3854-1-0-0\" class=\"so-panel widget widget_sow-editor panel-first-child panel-last-child\" data-index=\"1\" ><div\n\t\t\t\n\t\t\tclass=\"so-widget-sow-editor so-widget-sow-editor-base\"\n\t\t\t\n\t\t>\n<div class=\"siteorigin-widget-tinymce textwidget\">\n\t<h3 style=\"text-align: center;\">VOOR WIE<\/h3>\n<hr style=\"height: 2px; color: #2f2f2f; background-color: #2f2f2f; width: 50%; border: none;\" \/>\n<p style=\"text-align: center;\">Bedrijven\/operatoren in de douane-sector<\/p>\n<\/div>\n<\/div><\/div><\/div><div id=\"pgc-3854-1-1\"  class=\"panel-grid-cell\" ><div id=\"panel-3854-1-1-0\" class=\"so-panel widget widget_sow-editor panel-first-child panel-last-child\" data-index=\"2\" ><div\n\t\t\t\n\t\t\tclass=\"so-widget-sow-editor so-widget-sow-editor-base\"\n\t\t\t\n\t\t>\n<div class=\"siteorigin-widget-tinymce textwidget\">\n\t<h3 style=\"text-align: center;\">VOOR WAT<\/h3>\n<hr style=\"height: 2px; color: #2f2f2f; background-color: #2f2f2f; width: 50%; border: none;\" \/>\n<p style=\"text-align: center;\">DOUANE: elektronisch opstellen en indienen van invoer-\/uitvoeraangiften en NCTS-aangiften.<\/p>\n<\/div>\n<\/div><\/div><\/div><div id=\"pgc-3854-1-2\"  class=\"panel-grid-cell\" ><div id=\"panel-3854-1-2-0\" class=\"so-panel widget widget_sow-editor panel-first-child panel-last-child\" data-index=\"3\" ><div\n\t\t\t\n\t\t\tclass=\"so-widget-sow-editor so-widget-sow-editor-base\"\n\t\t\t\n\t\t>\n<div class=\"siteorigin-widget-tinymce textwidget\">\n\t<h3 style=\"text-align: center;\"><span style=\"color: #000000;\">HOE<\/span><\/h3>\n<hr style=\"height: 2px; color: #2f2f2f; background-color: #2f2f2f; width: 50%; border: none;\" \/>\n<p style=\"text-align: center;\">Met behulp van een softwareoplossing (input\/interface) en een beveiligd communicatieplatform voor de transmissie.<\/p>\n<\/div>\n<\/div><\/div><\/div><\/div><\/div><div id=\"pg-3854-2\"  class=\"panel-grid panel-has-style\" ><div class=\"siteorigin-panels-stretch panel-row-style panel-row-style-for-3854-2\" data-stretch-type=\"full\" ><div id=\"pgc-3854-2-0\"  class=\"panel-grid-cell\" ><div id=\"panel-3854-2-0-0\" class=\"so-panel widget widget_sow-editor panel-first-child panel-last-child\" data-index=\"4\" ><div class=\"panel-widget-style panel-widget-style-for-3854-2-0-0\" ><div\n\t\t\t\n\t\t\tclass=\"so-widget-sow-editor so-widget-sow-editor-base\"\n\t\t\t\n\t\t>\n<div class=\"siteorigin-widget-tinymce textwidget\">\n\t<h6 style=\"text-align: center;\"><img loading=\"lazy\" decoding=\"async\" class=\"aligncenter wp-image-918 size-full\" title=\"IMPORT CONEX DOUANE\" src=\"https:\/\/www.conex.net\/be\/wp-content\/uploads\/sites\/2\/2019\/05\/import.jpg\" alt=\"import douane conex\" width=\"55\" height=\"55\" \/>IMPORT<\/h6>\n<\/div>\n<\/div><\/div><\/div><\/div><div id=\"pgc-3854-2-1\"  class=\"panel-grid-cell\" ><div id=\"panel-3854-2-1-0\" class=\"so-panel widget widget_sow-editor panel-first-child panel-last-child\" data-index=\"5\" ><div class=\"panel-widget-style panel-widget-style-for-3854-2-1-0\" ><div\n\t\t\t\n\t\t\tclass=\"so-widget-sow-editor so-widget-sow-editor-base\"\n\t\t\t\n\t\t>\n<div class=\"siteorigin-widget-tinymce textwidget\">\n\t<h6 style=\"text-align: center;\"><img loading=\"lazy\" decoding=\"async\" class=\"aligncenter wp-image-917 size-full\" title=\"EXPORT CONEX DOUANE\" src=\"https:\/\/www.conex.net\/be\/wp-content\/uploads\/sites\/2\/2019\/05\/export.jpg\" alt=\"EXPORT CONEX DOUANE\" width=\"55\" height=\"55\" \/>EXPORT<\/h6>\n<\/div>\n<\/div><\/div><\/div><\/div><div id=\"pgc-3854-2-2\"  class=\"panel-grid-cell\" ><div id=\"panel-3854-2-2-0\" class=\"so-panel widget widget_sow-editor panel-first-child panel-last-child\" data-index=\"6\" ><div class=\"panel-widget-style panel-widget-style-for-3854-2-2-0\" ><div\n\t\t\t\n\t\t\tclass=\"so-widget-sow-editor so-widget-sow-editor-base\"\n\t\t\t\n\t\t>\n<div class=\"siteorigin-widget-tinymce textwidget\">\n\t<h6 style=\"text-align: center;\"><img loading=\"lazy\" decoding=\"async\" class=\"aligncenter wp-image-920 size-full\" title=\"PERFECTIONNEMENT ACTIF DOUANE\" src=\"\/wp-content\/uploads\/2019\/05\/PerfectionnementActif.jpg\" alt=\"Perfectionnement Actif douane conex\" width=\"55\" height=\"55\" \/>ACTIEVE VEREDELING<\/h6>\n<\/div>\n<\/div><\/div><\/div><\/div><div id=\"pgc-3854-2-3\"  class=\"panel-grid-cell\" ><div id=\"panel-3854-2-3-0\" class=\"so-panel widget widget_sow-editor panel-first-child panel-last-child\" data-index=\"7\" ><div class=\"panel-widget-style panel-widget-style-for-3854-2-3-0\" ><div\n\t\t\t\n\t\t\tclass=\"so-widget-sow-editor so-widget-sow-editor-base\"\n\t\t\t\n\t\t>\n<div class=\"siteorigin-widget-tinymce textwidget\">\n\t<h6 style=\"text-align: center;\"><img loading=\"lazy\" decoding=\"async\" class=\"aligncenter wp-image-921 size-full\" title=\"PERFECTIONNEMENT PASSIF DOUANE\" src=\"\/wp-content\/uploads\/2019\/05\/PerfectionnementPassif.jpg\" alt=\"Perfectionnement Passif douane conex\" width=\"55\" height=\"55\" \/>PASSIEVE VEREDELING<\/h6>\n<\/div>\n<\/div><\/div><\/div><\/div><div id=\"pgc-3854-2-4\"  class=\"panel-grid-cell\" ><div id=\"panel-3854-2-4-0\" class=\"so-panel widget widget_sow-editor panel-first-child panel-last-child\" data-index=\"8\" ><div class=\"panel-widget-style panel-widget-style-for-3854-2-4-0\" ><div\n\t\t\t\n\t\t\tclass=\"so-widget-sow-editor so-widget-sow-editor-base\"\n\t\t\t\n\t\t>\n<div class=\"siteorigin-widget-tinymce textwidget\">\n\t<h6 style=\"text-align: center;\"><img loading=\"lazy\" decoding=\"async\" class=\"aligncenter wp-image-916 size-full\" title=\"ENTREP\u00d4T SOUS DOUANE \" src=\"\/wp-content\/uploads\/2019\/05\/Entrepot-sous-douane.jpg\" alt=\"Entrepot-sous-douane conex\" width=\"55\" height=\"55\" \/>DOUANE-ENTREPOT<\/h6>\n<\/div>\n<\/div><\/div><\/div><\/div><div id=\"pgc-3854-2-5\"  class=\"panel-grid-cell\" ><div id=\"panel-3854-2-5-0\" class=\"so-panel widget widget_sow-editor panel-first-child panel-last-child\" data-index=\"9\" ><div class=\"panel-widget-style panel-widget-style-for-3854-2-5-0\" ><div\n\t\t\t\n\t\t\tclass=\"so-widget-sow-editor so-widget-sow-editor-base\"\n\t\t\t\n\t\t>\n<div class=\"siteorigin-widget-tinymce textwidget\">\n\t<h6 style=\"text-align: center;\"><img loading=\"lazy\" decoding=\"async\" class=\"aligncenter wp-image-915 size-full\" title=\"ECS DOUANE\" src=\"\/wp-content\/uploads\/2019\/05\/ECS.jpg\" alt=\"ECS douane conex\" width=\"55\" height=\"55\" \/>ECS<\/h6>\n<\/div>\n<\/div><\/div><\/div><\/div><div id=\"pgc-3854-2-6\"  class=\"panel-grid-cell\" ><div id=\"panel-3854-2-6-0\" class=\"so-panel widget widget_sow-editor panel-first-child panel-last-child\" data-index=\"10\" ><div class=\"panel-widget-style panel-widget-style-for-3854-2-6-0\" ><div\n\t\t\t\n\t\t\tclass=\"so-widget-sow-editor so-widget-sow-editor-base\"\n\t\t\t\n\t\t>\n<div class=\"siteorigin-widget-tinymce textwidget\">\n\t<h6 style=\"text-align: center;\"><img loading=\"lazy\" decoding=\"async\" class=\"aligncenter wp-image-919 size-full\" title=\"NSTI DOUANE\" src=\"\/wp-content\/uploads\/2019\/05\/NSTI.jpg\" alt=\"NSTI douane conex\" width=\"55\" height=\"55\" \/>NCTS\/TRANSIT<\/h6>\n<\/div>\n<\/div><\/div><\/div><\/div><\/div><\/div><div id=\"pg-3854-3\"  class=\"panel-grid panel-no-style\" ><div id=\"pgc-3854-3-0\"  class=\"panel-grid-cell\" ><div id=\"panel-3854-3-0-0\" class=\"so-panel widget widget_sow-editor panel-first-child panel-last-child\" data-index=\"11\" ><div\n\t\t\t\n\t\t\tclass=\"so-widget-sow-editor so-widget-sow-editor-base\"\n\t\t\t\n\t\t>\n<div class=\"siteorigin-widget-tinymce textwidget\">\n\t<h3>Optimaliseer uw elektronisch douane-aangifteproces<\/h3>\n<p style=\"text-align: justify;\"><span style=\"color: #c40000;\"><strong>CUSTOMS<\/strong><\/span><strong> via conex\u2122<\/strong> is een totaaloplossing, gewijd aan het administratieve beheer van elektronische douaneaangiften voor diverse douaneregelingen inclusief globalisering, NCTS en EDI uitwisselingen met PLDA.<\/p>\n<p>&nbsp;<\/p>\n<p style=\"text-align: justify;\"><span style=\"color: #c40000;\">\u2666<\/span> Naast de aangiften voorziet het in een gedetailleerd beheer van bijzondere regelingen: douane-entrepots en active\/passieve veredeling.<\/p>\n<p style=\"text-align: justify;\"><span style=\"color: #c40000;\">\u2666<\/span> Het is gemakkelijk te integreren met bedrijfs-IT-omgevingen.<\/p>\n<p style=\"text-align: justify;\"><span style=\"color: #c40000;\">\u2666<\/span> Exclusief! De functionaliteit LOGISTICOM\u00ae (logistieke en commerci\u00eble gegevens) automatiseert zoveel als mogelijk het opmaken van uw douaneaangifte.<\/p>\n<h3><\/h3>\n<h3><\/h3>\n<h3>Betrouwbaarheid en gebruiksgemak voor uw douaneprocedures<\/h3>\n<p style=\"text-align: justify;\"><span style=\"color: #c40000;\"><strong>CUSTOMS<\/strong><\/span><strong> via conex\u2122<\/strong> voldoet aan de eisen van de elektronische inklaringsvoorschriften die in Belgi\u00eb en een aantal andere Europese landen van kracht zijn. Het stelt de aangevers in staat om de invoer- en uitvoeraangiften te automatiseren.<\/p>\n<\/div>\n<\/div><\/div><\/div><\/div><div id=\"pg-3854-4\"  class=\"panel-grid panel-no-style\" ><div id=\"pgc-3854-4-0\"  class=\"panel-grid-cell\" ><div id=\"panel-3854-4-0-0\" class=\"so-panel widget widget_sow-editor panel-first-child panel-last-child\" data-index=\"12\" ><div\n\t\t\t\n\t\t\tclass=\"so-widget-sow-editor so-widget-sow-editor-base\"\n\t\t\t\n\t\t>\n<div class=\"siteorigin-widget-tinymce textwidget\">\n\t<p style=\"text-align: justify;\"><span style=\"color: #c40000;\">\u2666 <\/span>Automatische berekening van statistische- en douanewaarden alsook de verschuldigdheden.<\/p>\n<p style=\"text-align: justify;\"><span style=\"color: #bd0000;\">\u2666<\/span> Naadloze integratie met Bijzondere Regelingen (Douane-entrepot en Actieve-\/Passieve veredeling) en NCTS \/ TRANSIT.<\/p>\n<p style=\"text-align: justify;\"><span style=\"color: #bd0000;\">\u2666<\/span>\u00a0 Mogelijkheden tot gecentraliseerde vrijmaking op nationaal en EU-niveau.<\/p>\n<p style=\"text-align: justify;\"><span style=\"color: #bd0000;\">\u2666<\/span> Bevat een voortdurend bijgewerkte databank met douanecodes, aanvullende codes (nationaal en Europees), landen, valuta's, Incoterms\u2122, aard van de transacties, enz.<\/p>\n<\/div>\n<\/div><\/div><\/div><div id=\"pgc-3854-4-1\"  class=\"panel-grid-cell\" ><div id=\"panel-3854-4-1-0\" class=\"so-panel widget widget_sow-editor panel-first-child panel-last-child\" data-index=\"13\" ><div\n\t\t\t\n\t\t\tclass=\"so-widget-sow-editor so-widget-sow-editor-base\"\n\t\t\t\n\t\t>\n<div class=\"siteorigin-widget-tinymce textwidget\">\n\t<p style=\"text-align: justify;\"><span style=\"color: #c40000;\">\u2666 <\/span>Configureerbare basisbestanden om het invullen van de aangiften te vergemakkelijken.<\/p>\n<p style=\"text-align: justify;\"><span style=\"color: #c40000;\">\u2666 <\/span>ECS Exportcontrolesysteem: gedigitaliseerde \"proof of exit\"-functies voor goederen die het douanegebied van de EU verlaten, beveiligde elektonische uitwisseling met PLDA in het kader van de uitvoeraangiften.<\/p>\n<p style=\"text-align: justify;\">\n<\/div>\n<\/div><\/div><\/div><\/div><div id=\"pg-3854-5\"  class=\"panel-grid panel-no-style\" ><div id=\"pgc-3854-5-0\"  class=\"panel-grid-cell\" ><div id=\"panel-3854-5-0-0\" class=\"so-panel widget widget_sow-editor panel-first-child panel-last-child\" data-index=\"14\" ><div\n\t\t\t\n\t\t\tclass=\"so-widget-sow-editor so-widget-sow-editor-base\"\n\t\t\t\n\t\t>\n<div class=\"siteorigin-widget-tinymce textwidget\">\n\t<h3>De veiligheid van uw aangiften<\/h3>\n<p>Of het nu gaat om software of een EDI-communicatieplatform, de CONEX-oplossingen zorgen ervoor dat aangevers gebruik kunnen maken van systemen die volledig in regel zijn met de douanevoorschriften. Via ons EDI-platform <strong><span style=\"color: #c40000;\">PASS<\/span>com via conex\u2122\u00a0<\/strong> vindt de elektronische uitwisseling met de servers van de douaneadministratie plaats met naleving van de veiligheidsprotocollen.<\/p>\n<hr \/>\n<h3>Douanetarief en CUSTOMS via conex\u2122 zijn \u00e9\u00e9n!<\/h3>\n<p>Geniet van de automatische invoeging van de reglementaire informatie van het douanetarief dat van toepassing is op uw nomenclatuur dankzij de wizard CUSTOMS ENCYCLOPAEDIA.<\/p>\n<p>&nbsp;<\/p>\n<p>&nbsp;<\/p>\n<\/div>\n<\/div><\/div><\/div><\/div><div id=\"pg-3854-6\"  class=\"panel-grid panel-has-style\" ><div class=\"siteorigin-panels-stretch panel-row-style panel-row-style-for-3854-6\" data-stretch-type=\"full\" ><div id=\"pgc-3854-6-0\"  class=\"panel-grid-cell\" ><div id=\"panel-3854-6-0-0\" class=\"so-panel widget widget_sow-editor panel-first-child panel-last-child\" data-index=\"15\" ><div\n\t\t\t\n\t\t\tclass=\"so-widget-sow-editor so-widget-sow-editor-base\"\n\t\t\t\n\t\t>\n<div class=\"siteorigin-widget-tinymce textwidget\">\n\t<h1 style=\"text-align: center;\">TER UITBREIDING VAN CUSTOMS via conex\u2122 !<\/h1>\n<\/div>\n<\/div><\/div><\/div><\/div><\/div><div id=\"pg-3854-7\"  class=\"panel-grid panel-has-style\" ><div class=\"siteorigin-panels-stretch panel-row-style panel-row-style-for-3854-7\" data-stretch-type=\"full\" ><div id=\"pgc-3854-7-0\"  class=\"panel-grid-cell\" ><div id=\"panel-3854-7-0-0\" class=\"so-panel widget widget_sow-editor panel-first-child panel-last-child\" data-index=\"16\" ><div\n\t\t\t\n\t\t\tclass=\"so-widget-sow-editor so-widget-sow-editor-base\"\n\t\t\t\n\t\t>\n<div class=\"siteorigin-widget-tinymce textwidget\">\n\t<h5 style=\"text-align: center;\"><strong>DE INTERACTIEVE DATABANK<\/strong><\/h5>\n<p><a href=\"https:\/\/www.conex.net\/be\/nl\/customs-encyclopedia\/\"><img loading=\"lazy\" decoding=\"async\" class=\"aligncenter wp-image-3474 size-full\" src=\"https:\/\/www.conex.net\/be\/wp-content\/uploads\/sites\/2\/2020\/01\/customs-encyclopaedia-via-conex.jpg\" alt=\"customs-encyclopaedia-via-conex\" width=\"243\" height=\"142\" \/><\/a><\/p>\n<p style=\"text-align: center;\">CUSTOMS ENCYCLOPEDIA via conex\u2122 is een unieke database die tegemoet komt aan de behoeften in verband met Europese en nationale regelgeving waarmee de douaneoperatoren worden geconfronteerd.<\/p>\n<p>&nbsp;<\/p>\n<h2 style=\"text-align: center;\"><a href=\"https:\/\/www.conex.net\/be\/nl\/customs-encyclopedia\/\"><img loading=\"lazy\" decoding=\"async\" class=\"aligncenter wp-image-2859 size-full\" src=\"https:\/\/www.conex.net\/be\/wp-content\/uploads\/sites\/2\/2019\/12\/readmore-encyclopedie-douaniere.jpg\" alt=\"Customs Encyclopaedia via conex\u2122\" width=\"149\" height=\"66\" \/><\/a><\/h2>\n<\/div>\n<\/div><\/div><\/div><\/div><\/div><div id=\"pg-3854-8\"  class=\"panel-grid panel-no-style\" ><div id=\"pgc-3854-8-0\"  class=\"panel-grid-cell\" ><div id=\"panel-3854-8-0-0\" class=\"so-panel widget widget_sow-editor panel-first-child panel-last-child\" data-index=\"17\" ><div\n\t\t\t\n\t\t\tclass=\"so-widget-sow-editor so-widget-sow-editor-base\"\n\t\t\t\n\t\t>\n<div class=\"siteorigin-widget-tinymce textwidget\">\n\t<hr \/>\n<p><a href=\"https:\/\/www.conex.net\/be\/nl\/contact-nl\/\"><img loading=\"lazy\" decoding=\"async\" class=\"aligncenter size-full wp-image-3826\" src=\"https:\/\/www.conex.net\/be\/wp-content\/uploads\/sites\/3\/2020\/04\/contactez-nous-NL.jpg\" alt=\"CONTACTEER ONS!\" width=\"472\" height=\"159\" srcset=\"https:\/\/www.conex.net\/be\/wp-content\/uploads\/sites\/3\/2020\/04\/contactez-nous-NL.jpg 472w, https:\/\/www.conex.net\/be\/wp-content\/uploads\/sites\/3\/2020\/04\/contactez-nous-NL-300x101.jpg 300w\" sizes=\"auto, (max-width: 472px) 100vw, 472px\" \/><\/a><\/p>\n<\/div>\n<\/div><\/div><\/div><\/div><\/div>","protected":false},"excerpt":{"rendered":"<p>VOOR WIE Bedrijven\/operatoren in de douane-sector VOOR WAT DOUANE: elektronisch opstellen en indienen van invoer-\/uitvoeraangiften en NCTS-aangiften. HOE Met behulp van een softwareoplossing (input\/interface) en een beveiligd communicatieplatform voor de transmissie.<\/p>\n","protected":false},"author":1,"featured_media":597,"parent":0,"menu_order":0,"comment_status":"closed","ping_status":"closed","template":"Page-fullwidth.php","meta":{"footnotes":""},"class_list":["post-3854","page","type-page","status-publish","has-post-thumbnail","hentry"],"yoast_head":"<!-- This site is optimized with the Yoast SEO plugin v27.4 - https:\/\/yoast.com\/product\/yoast-seo-wordpress\/ -->\n<title>Customs via conex - logicel Douane Saas - Conex Belgique<\/title>\n<meta name=\"description\" content=\"CUSTOMS via conex\u2122 : logiciel douane SaaS, pour la gestion administrative des proc\u00e9dures de d\u00e9douanement \u00e9lectronique. Tous r\u00e9gimes douaniers.\" \/>\n<meta name=\"robots\" content=\"index, follow, max-snippet:-1, max-image-preview:large, max-video-preview:-1\" \/>\n<link rel=\"canonical\" href=\"https:\/\/www.conex.net\/be\/nl\/douane-nl\/\" \/>\n<meta property=\"og:locale\" content=\"fr_FR\" \/>\n<meta property=\"og:type\" content=\"article\" \/>\n<meta property=\"og:title\" content=\"Customs via conex - logicel Douane Saas - Conex Belgique\" \/>\n<meta property=\"og:description\" content=\"CUSTOMS via conex\u2122 : logiciel douane SaaS, pour la gestion administrative des proc\u00e9dures de d\u00e9douanement \u00e9lectronique. Tous r\u00e9gimes douaniers.\" \/>\n<meta property=\"og:url\" content=\"https:\/\/www.conex.net\/be\/nl\/douane-nl\/\" \/>\n<meta property=\"og:site_name\" content=\"Conex Belgique\" \/>\n<meta property=\"article:modified_time\" content=\"2023-11-30T15:20:40+00:00\" \/>\n<meta property=\"og:image\" content=\"https:\/\/www.conex.net\/be\/wp-content\/uploads\/sites\/3\/2019\/05\/customs-via-conex.jpg\" \/>\n\t<meta property=\"og:image:width\" content=\"300\" \/>\n\t<meta property=\"og:image:height\" content=\"203\" \/>\n\t<meta property=\"og:image:type\" content=\"image\/jpeg\" \/>\n<meta name=\"twitter:card\" content=\"summary_large_image\" \/>\n<meta name=\"twitter:label1\" content=\"Dur\u00e9e de lecture estim\u00e9e\" \/>\n\t<meta name=\"twitter:data1\" content=\"4 minutes\" \/>\n<script type=\"application\/ld+json\" class=\"yoast-schema-graph\">{\"@context\":\"https:\\\/\\\/schema.org\",\"@graph\":[{\"@type\":\"WebPage\",\"@id\":\"https:\\\/\\\/www.conex.net\\\/be\\\/nl\\\/douane-nl\\\/\",\"url\":\"https:\\\/\\\/www.conex.net\\\/be\\\/nl\\\/douane-nl\\\/\",\"name\":\"Customs via conex - logicel Douane Saas - Conex Belgique\",\"isPartOf\":{\"@id\":\"https:\\\/\\\/www.conex.net\\\/be\\\/#website\"},\"primaryImageOfPage\":{\"@id\":\"https:\\\/\\\/www.conex.net\\\/be\\\/nl\\\/douane-nl\\\/#primaryimage\"},\"image\":{\"@id\":\"https:\\\/\\\/www.conex.net\\\/be\\\/nl\\\/douane-nl\\\/#primaryimage\"},\"thumbnailUrl\":\"https:\\\/\\\/www.conex.net\\\/be\\\/wp-content\\\/uploads\\\/sites\\\/3\\\/2019\\\/05\\\/customs-via-conex.jpg\",\"datePublished\":\"2020-04-24T07:34:42+00:00\",\"dateModified\":\"2023-11-30T15:20:40+00:00\",\"description\":\"CUSTOMS via conex\u2122 : logiciel douane SaaS, pour la gestion administrative des proc\u00e9dures de d\u00e9douanement \u00e9lectronique. Tous r\u00e9gimes douaniers.\",\"breadcrumb\":{\"@id\":\"https:\\\/\\\/www.conex.net\\\/be\\\/nl\\\/douane-nl\\\/#breadcrumb\"},\"inLanguage\":\"fr-FR\",\"potentialAction\":[{\"@type\":\"ReadAction\",\"target\":[\"https:\\\/\\\/www.conex.net\\\/be\\\/nl\\\/douane-nl\\\/\"]}]},{\"@type\":\"ImageObject\",\"inLanguage\":\"fr-FR\",\"@id\":\"https:\\\/\\\/www.conex.net\\\/be\\\/nl\\\/douane-nl\\\/#primaryimage\",\"url\":\"https:\\\/\\\/www.conex.net\\\/be\\\/wp-content\\\/uploads\\\/sites\\\/3\\\/2019\\\/05\\\/customs-via-conex.jpg\",\"contentUrl\":\"https:\\\/\\\/www.conex.net\\\/be\\\/wp-content\\\/uploads\\\/sites\\\/3\\\/2019\\\/05\\\/customs-via-conex.jpg\",\"width\":300,\"height\":203,\"caption\":\"customs-via-conex\"},{\"@type\":\"BreadcrumbList\",\"@id\":\"https:\\\/\\\/www.conex.net\\\/be\\\/nl\\\/douane-nl\\\/#breadcrumb\",\"itemListElement\":[{\"@type\":\"ListItem\",\"position\":1,\"name\":\"Accueil\",\"item\":\"https:\\\/\\\/www.conex.net\\\/be\\\/\"},{\"@type\":\"ListItem\",\"position\":2,\"name\":\"DOUANE\"}]},{\"@type\":\"WebSite\",\"@id\":\"https:\\\/\\\/www.conex.net\\\/be\\\/#website\",\"url\":\"https:\\\/\\\/www.conex.net\\\/be\\\/\",\"name\":\"Conex Belgique\",\"description\":\"Your customs partner - CONEX BE\",\"potentialAction\":[{\"@type\":\"SearchAction\",\"target\":{\"@type\":\"EntryPoint\",\"urlTemplate\":\"https:\\\/\\\/www.conex.net\\\/be\\\/?s={search_term_string}\"},\"query-input\":{\"@type\":\"PropertyValueSpecification\",\"valueRequired\":true,\"valueName\":\"search_term_string\"}}],\"inLanguage\":\"fr-FR\"}]}<\/script>\n<!-- \/ Yoast SEO plugin. -->","yoast_head_json":{"title":"Customs via conex - logicel Douane Saas - Conex Belgique","description":"CUSTOMS via conex\u2122 : logiciel douane SaaS, pour la gestion administrative des proc\u00e9dures de d\u00e9douanement \u00e9lectronique. Tous r\u00e9gimes douaniers.","robots":{"index":"index","follow":"follow","max-snippet":"max-snippet:-1","max-image-preview":"max-image-preview:large","max-video-preview":"max-video-preview:-1"},"canonical":"https:\/\/www.conex.net\/be\/nl\/douane-nl\/","og_locale":"fr_FR","og_type":"article","og_title":"Customs via conex - logicel Douane Saas - Conex Belgique","og_description":"CUSTOMS via conex\u2122 : logiciel douane SaaS, pour la gestion administrative des proc\u00e9dures de d\u00e9douanement \u00e9lectronique. Tous r\u00e9gimes douaniers.","og_url":"https:\/\/www.conex.net\/be\/nl\/douane-nl\/","og_site_name":"Conex Belgique","article_modified_time":"2023-11-30T15:20:40+00:00","og_image":[{"width":300,"height":203,"url":"https:\/\/www.conex.net\/be\/wp-content\/uploads\/sites\/3\/2019\/05\/customs-via-conex.jpg","type":"image\/jpeg"}],"twitter_card":"summary_large_image","twitter_misc":{"Dur\u00e9e de lecture estim\u00e9e":"4 minutes"},"schema":{"@context":"https:\/\/schema.org","@graph":[{"@type":"WebPage","@id":"https:\/\/www.conex.net\/be\/nl\/douane-nl\/","url":"https:\/\/www.conex.net\/be\/nl\/douane-nl\/","name":"Customs via conex - logicel Douane Saas - Conex Belgique","isPartOf":{"@id":"https:\/\/www.conex.net\/be\/#website"},"primaryImageOfPage":{"@id":"https:\/\/www.conex.net\/be\/nl\/douane-nl\/#primaryimage"},"image":{"@id":"https:\/\/www.conex.net\/be\/nl\/douane-nl\/#primaryimage"},"thumbnailUrl":"https:\/\/www.conex.net\/be\/wp-content\/uploads\/sites\/3\/2019\/05\/customs-via-conex.jpg","datePublished":"2020-04-24T07:34:42+00:00","dateModified":"2023-11-30T15:20:40+00:00","description":"CUSTOMS via conex\u2122 : logiciel douane SaaS, pour la gestion administrative des proc\u00e9dures de d\u00e9douanement \u00e9lectronique. Tous r\u00e9gimes douaniers.","breadcrumb":{"@id":"https:\/\/www.conex.net\/be\/nl\/douane-nl\/#breadcrumb"},"inLanguage":"fr-FR","potentialAction":[{"@type":"ReadAction","target":["https:\/\/www.conex.net\/be\/nl\/douane-nl\/"]}]},{"@type":"ImageObject","inLanguage":"fr-FR","@id":"https:\/\/www.conex.net\/be\/nl\/douane-nl\/#primaryimage","url":"https:\/\/www.conex.net\/be\/wp-content\/uploads\/sites\/3\/2019\/05\/customs-via-conex.jpg","contentUrl":"https:\/\/www.conex.net\/be\/wp-content\/uploads\/sites\/3\/2019\/05\/customs-via-conex.jpg","width":300,"height":203,"caption":"customs-via-conex"},{"@type":"BreadcrumbList","@id":"https:\/\/www.conex.net\/be\/nl\/douane-nl\/#breadcrumb","itemListElement":[{"@type":"ListItem","position":1,"name":"Accueil","item":"https:\/\/www.conex.net\/be\/"},{"@type":"ListItem","position":2,"name":"DOUANE"}]},{"@type":"WebSite","@id":"https:\/\/www.conex.net\/be\/#website","url":"https:\/\/www.conex.net\/be\/","name":"Conex Belgique","description":"Your customs partner - CONEX BE","potentialAction":[{"@type":"SearchAction","target":{"@type":"EntryPoint","urlTemplate":"https:\/\/www.conex.net\/be\/?s={search_term_string}"},"query-input":{"@type":"PropertyValueSpecification","valueRequired":true,"valueName":"search_term_string"}}],"inLanguage":"fr-FR"}]}},"_links":{"self":[{"href":"https:\/\/www.conex.net\/be\/wp-json\/wp\/v2\/pages\/3854","targetHints":{"allow":["GET"]}}],"collection":[{"href":"https:\/\/www.conex.net\/be\/wp-json\/wp\/v2\/pages"}],"about":[{"href":"https:\/\/www.conex.net\/be\/wp-json\/wp\/v2\/types\/page"}],"author":[{"embeddable":true,"href":"https:\/\/www.conex.net\/be\/wp-json\/wp\/v2\/users\/1"}],"replies":[{"embeddable":true,"href":"https:\/\/www.conex.net\/be\/wp-json\/wp\/v2\/comments?post=3854"}],"version-history":[{"count":42,"href":"https:\/\/www.conex.net\/be\/wp-json\/wp\/v2\/pages\/3854\/revisions"}],"predecessor-version":[{"id":4736,"href":"https:\/\/www.conex.net\/be\/wp-json\/wp\/v2\/pages\/3854\/revisions\/4736"}],"wp:featuredmedia":[{"embeddable":true,"href":"https:\/\/www.conex.net\/be\/wp-json\/wp\/v2\/media\/597"}],"wp:attachment":[{"href":"https:\/\/www.conex.net\/be\/wp-json\/wp\/v2\/media?parent=3854"}],"curies":[{"name":"wp","href":"https:\/\/api.w.org\/{rel}","templated":true}]}}