{"id":3943,"date":"2020-05-28T16:44:10","date_gmt":"2020-05-28T14:44:10","guid":{"rendered":"https:\/\/www.conex.net\/be\/?page_id=3943"},"modified":"2020-07-28T10:48:28","modified_gmt":"2020-07-28T08:48:28","slug":"contact-nl","status":"publish","type":"page","link":"https:\/\/www.conex.net\/be\/nl\/contact-nl\/","title":{"rendered":"CONTACT"},"content":{"rendered":"<div id=\"pl-3943\"  class=\"panel-layout\" ><div id=\"pg-3943-0\"  class=\"panel-grid panel-has-style\" ><div class=\"siteorigin-panels-stretch panel-row-style panel-row-style-for-3943-0\" data-stretch-type=\"full-stretched\" ><div id=\"pgc-3943-0-0\"  class=\"panel-grid-cell\" ><div id=\"panel-3943-0-0-0\" class=\"so-panel widget widget_sow-hero panel-first-child panel-last-child\" data-index=\"0\" ><div\n\t\t\t\n\t\t\tclass=\"so-widget-sow-hero so-widget-sow-hero-default-abda665dd78a-3943 so-widget-fittext-wrapper\"\n\t\t\t data-fit-text-compressor=\"0.85\"\n\t\t>\t\t\t\t<div class=\"sow-slider-base\" style=\"display: none\" tabindex=\"0\">\n\t\t\t\t\t<ul\n\t\t\t\t\tclass=\"sow-slider-images\"\n\t\t\t\t\tdata-settings=\"{&quot;pagination&quot;:true,&quot;speed&quot;:800,&quot;timeout&quot;:8000,&quot;paused&quot;:false,&quot;pause_on_hover&quot;:false,&quot;swipe&quot;:true,&quot;nav_always_show_desktop&quot;:&quot;&quot;,&quot;nav_always_show_mobile&quot;:&quot;&quot;,&quot;breakpoint&quot;:&quot;780px&quot;,&quot;unmute&quot;:false,&quot;anchor&quot;:null}\"\n\t\t\t\t\tstyle=\"min-height: 500px\"\t\t\t\t\tdata-anchor-id=\"\"\n\t\t\t\t>\t\t<li class=\"sow-slider-image  sow-slider-image-cover\" style=\"visibility: visible;;background-color: #333333;background-image: url(https:\/\/www.conex.net\/be\/wp-content\/uploads\/sites\/3\/2019\/01\/newsletter-conex.jpg)\" >\n\t\t\t\t\t<div class=\"sow-slider-image-container\">\n\t\t\t<div class=\"sow-slider-image-wrapper\">\n\t\t\t\t<h1><\/h1>\n<h1 style=\"text-align: center\">CONTACT<\/h1>\n<h4 style=\"text-align: center\">CONEX bvba<\/h4>\n\t\t\t<\/div>\n\t\t<\/div>\n\t\t\t\t<\/li>\n\t\t<\/ul>\t\t\t\t<ol class=\"sow-slider-pagination\">\n\t\t\t\t\t\t\t\t\t\t\t<li><a href=\"#\" data-goto=\"0\" aria-label=\"Display slide 1\"><\/a><\/li>\n\t\t\t\t\t\t\t\t\t<\/ol>\n\n\t\t\t\t<div class=\"sow-slide-nav sow-slide-nav-next\">\n\t\t\t\t\t<a href=\"#\" data-goto=\"next\" aria-label=\"Next slide\" data-action=\"next\">\n\t\t\t\t\t\t<em class=\"sow-sld-icon-thin-right\"><\/em>\n\t\t\t\t\t<\/a>\n\t\t\t\t<\/div>\n\n\t\t\t\t<div class=\"sow-slide-nav sow-slide-nav-prev\">\n\t\t\t\t\t<a href=\"#\" data-goto=\"previous\" aria-label=\"Previous slide\" data-action=\"prev\">\n\t\t\t\t\t\t<em class=\"sow-sld-icon-thin-left\"><\/em>\n\t\t\t\t\t<\/a>\n\t\t\t\t<\/div>\n\t\t\t\t<\/div><\/div><\/div><\/div><\/div><\/div><div id=\"pg-3943-1\"  class=\"panel-grid panel-no-style\" ><div id=\"pgc-3943-1-0\"  class=\"panel-grid-cell\" ><div id=\"panel-3943-1-0-0\" class=\"so-panel widget widget_sow-editor panel-first-child\" data-index=\"1\" ><div\n\t\t\t\n\t\t\tclass=\"so-widget-sow-editor so-widget-sow-editor-base\"\n\t\t\t\n\t\t>\n<div class=\"siteorigin-widget-tinymce textwidget\">\n\t<p>&nbsp;<\/p>\n<p>&nbsp;<\/p>\n<\/div>\n<\/div><\/div><div id=\"panel-3943-1-0-1\" class=\"so-panel widget widget_sow-editor panel-last-child\" data-index=\"2\" ><div\n\t\t\t\n\t\t\tclass=\"so-widget-sow-editor so-widget-sow-editor-base\"\n\t\t\t\n\t\t>\n<div class=\"siteorigin-widget-tinymce textwidget\">\n\t<div class=\"everest-forms\"><div class=\"evf-container default\" id=\"evf-4097\"><form id=\"evf-form-4097\" class=\"everest-form\" data-formid=\"4097\" data-ajax_submission=\"0\" data-keyboard_friendly_form=\"0\" data-form_state_type=\"\" method=\"post\" enctype=\"multipart\/form-data\" action=\"\/be\/wp-json\/wp\/v2\/pages\/3943\"><div class=\"evf-field-container\"><input type=\"hidden\" id=\"_wpnonce4097\" name=\"_wpnonce4097\" value=\"b9f1bcac0d\" \/><input type=\"hidden\" name=\"_wp_http_referer\" value=\"\/be\/wp-json\/wp\/v2\/pages\/3943\" \/><div class=\"evf-frontend-row\" data-row=\"row_1\" conditional_rules=\"[]\"><div class=\"evf-frontend-grid evf-grid-1\" data-grid=\"grid_1\"><div id=\"evf-4097-field_ys0GeZISRs-1-container\" class=\"evf-field evf-field-first-name form-row validate-required\" data-required-field-message=\"This field is required.\" data-field-id=\"ys0GeZISRs-1\"><label class=\"evf-field-label\" for=\"evf-4097-field_ys0GeZISRs-1\"><span class=\"evf-label\"> maatschappij<\/span> <abbr class=\"required\" title=\"N\u00e9cessaire\">*<\/abbr><\/label><input type=\"text\" id=\"evf-4097-field_ys0GeZISRs-1\" class=\"input-text\" name=\"everest_forms[form_fields][ys0GeZISRs-1]\" required><\/div><div id=\"evf-4097-field_Ou8iZr0dHR-5-container\" class=\"evf-field evf-field-first-name form-row validate-required\" data-required-field-message=\"This field is required.\" data-field-id=\"Ou8iZr0dHR-5\"><label class=\"evf-field-label\" for=\"evf-4097-field_Ou8iZr0dHR-5\"><span class=\"evf-label\">naam <\/span> <abbr class=\"required\" title=\"N\u00e9cessaire\">*<\/abbr><\/label><input type=\"text\" id=\"evf-4097-field_Ou8iZr0dHR-5\" class=\"input-text\" name=\"everest_forms[form_fields][Ou8iZr0dHR-5]\" required><\/div><div id=\"evf-4097-field_LkRtIfBimw-6-container\" class=\"evf-field evf-field-first-name form-row validate-required\" data-required-field-message=\"This field is required.\" data-field-id=\"LkRtIfBimw-6\"><label class=\"evf-field-label\" for=\"evf-4097-field_LkRtIfBimw-6\"><span class=\"evf-label\">Voornaam<\/span> <abbr class=\"required\" title=\"N\u00e9cessaire\">*<\/abbr><\/label><input type=\"text\" id=\"evf-4097-field_LkRtIfBimw-6\" class=\"input-text\" name=\"everest_forms[form_fields][LkRtIfBimw-6]\" required><\/div><div id=\"evf-4097-field_LbH5NxasXM-2-container\" class=\"evf-field evf-field-email form-row validate-required validate-email\" data-required-field-message=\"Please enter a valid email address.\" data-field-id=\"LbH5NxasXM-2\"><label class=\"evf-field-label\" for=\"evf-4097-field_LbH5NxasXM-2\"><span class=\"evf-label\">Email<\/span> <abbr class=\"required\" title=\"N\u00e9cessaire\">*<\/abbr><\/label><input type=\"email\" id=\"evf-4097-field_LbH5NxasXM-2\" class=\"input-text\" name=\"everest_forms[form_fields][LbH5NxasXM-2]\" required ><\/div><div id=\"evf-4097-field_66FR384cge-3-container\" class=\"evf-field evf-field-text form-row\" data-field-id=\"66FR384cge-3\"><label class=\"evf-field-label\" for=\"evf-4097-field_66FR384cge-3\"><span class=\"evf-label\"> Onderwerpen<\/span> <\/label><input type=\"text\" id=\"evf-4097-field_66FR384cge-3\" class=\"input-text\" name=\"everest_forms[form_fields][66FR384cge-3]\" ><\/div><div id=\"evf-4097-field_yhGx3FOwr2-4-container\" class=\"evf-field evf-field-textarea form-row\" data-field-id=\"yhGx3FOwr2-4\"><label class=\"evf-field-label\" for=\"evf-4097-field_yhGx3FOwr2-4\"><span class=\"evf-label\">Bericht<\/span> <\/label><textarea id=\"evf-4097-field_yhGx3FOwr2-4\" class=\"input-text\" name=\"everest_forms[form_fields][yhGx3FOwr2-4]\"  ><\/textarea><\/div><div id=\"evf-4097-field_bkf2JEo4j7-7-container\" class=\"evf-field evf-field-checkbox form-row validate-required\" data-required-field-message=\"U moet instemmen\" data-field-id=\"bkf2JEo4j7-7\"><label class=\"evf-field-label\" for=\"evf-4097-field_bkf2JEo4j7-7\"><span class=\"evf-label\">Toestemming<\/span> <abbr class=\"required\" title=\"N\u00e9cessaire\">*<\/abbr><\/label><ul id=\"evf-4097-field_bkf2JEo4j7-7\" class=\" evf-field-required\"><li class=\"choice-1 depth-1\"><input type=\"checkbox\" id=\"evf-4097-field_bkf2JEo4j7-7_1\" class=\"input-text\" name=\"everest_forms[form_fields][bkf2JEo4j7-7][]\" value=\"Door dit formulier in te dienen, ga ik ermee akkoord dat de ingevoerde informatie zal worden gebruikt als onderdeel van het contactverzoek en de commerci\u00eble relatie die daaruit kan voortvloeien.\" required ><label class=\"everest-forms-field-label-inline\" for=\"evf-4097-field_bkf2JEo4j7-7_1\">Door dit formulier in te dienen, ga ik ermee akkoord dat de ingevoerde informatie zal worden gebruikt als onderdeel van het contactverzoek en de commerci\u00eble relatie die daaruit kan voortvloeien.<\/label><\/li><\/ul><\/div><\/div><\/div><\/div><div class=\"evf-honeypot-container evf-field-hp\"><label for=\"evf-4097-field-hp\" class=\"evf-field-label\">Message<\/label><input type=\"text\" name=\"everest_forms[hp]\" id=\"evf-4097-field-hp\" class=\"input-text\"><\/div><div class=\"evf-submit-container \" ><input type=\"hidden\" name=\"everest_forms[id]\" value=\"4097\"><input type=\"hidden\" name=\"everest_forms[author]\" value=\"1\"><button type='submit' name='everest_forms[submit]' class='everest-forms-submit-button button evf-submit ' id='evf-submit-4097' value='evf-submit' data-process-text=\"Processing\u2026\" conditional_rules='&quot;&quot;' conditional_id='evf-submit-4097'  id=\"evf-submit-4097\" aria-live=\"assertive\">Submit<\/button><\/div><\/form><\/div><!-- .evf-container --><\/div>\n<\/div>\n<\/div><\/div><\/div><\/div><\/div>","protected":false},"excerpt":{"rendered":"<p>&nbsp; &nbsp;<\/p>\n","protected":false},"author":1,"featured_media":3227,"parent":0,"menu_order":0,"comment_status":"closed","ping_status":"closed","template":"Page-fullwidth.php","meta":{"footnotes":""},"class_list":["post-3943","page","type-page","status-publish","has-post-thumbnail","hentry"],"yoast_head":"<!-- This site is optimized with the Yoast SEO plugin v27.4 - https:\/\/yoast.com\/product\/yoast-seo-wordpress\/ -->\n<title>CONTACT CONEX Service commercial Conex Belgique logiciels Douane<\/title>\n<meta name=\"description\" content=\"Conex, Editeur de logiciels Douane - \u00c9changes de donn\u00e9es \u00e9lectronique, Formation, BDD r\u00e9glementaires, Contactez notre service commercial.\" \/>\n<meta name=\"robots\" content=\"index, follow, max-snippet:-1, max-image-preview:large, max-video-preview:-1\" \/>\n<link rel=\"canonical\" href=\"https:\/\/www.conex.net\/be\/nl\/contact-nl\/\" \/>\n<meta property=\"og:locale\" content=\"fr_FR\" \/>\n<meta property=\"og:type\" content=\"article\" \/>\n<meta property=\"og:title\" content=\"CONTACT CONEX Service commercial Conex Belgique logiciels Douane\" \/>\n<meta property=\"og:description\" content=\"Conex, Editeur de logiciels Douane - \u00c9changes de donn\u00e9es \u00e9lectronique, Formation, BDD r\u00e9glementaires, Contactez notre service commercial.\" \/>\n<meta property=\"og:url\" content=\"https:\/\/www.conex.net\/be\/nl\/contact-nl\/\" \/>\n<meta property=\"og:site_name\" content=\"Conex Belgique\" \/>\n<meta property=\"article:modified_time\" content=\"2020-07-28T08:48:28+00:00\" \/>\n<meta property=\"og:image\" content=\"https:\/\/www.conex.net\/be\/wp-content\/uploads\/sites\/3\/2020\/01\/CONEX-yourcustomspartner.jpg\" \/>\n\t<meta property=\"og:image:width\" content=\"233\" \/>\n\t<meta property=\"og:image:height\" content=\"200\" \/>\n\t<meta property=\"og:image:type\" content=\"image\/jpeg\" \/>\n<meta name=\"twitter:card\" content=\"summary_large_image\" \/>\n<script type=\"application\/ld+json\" class=\"yoast-schema-graph\">{\"@context\":\"https:\\\/\\\/schema.org\",\"@graph\":[{\"@type\":\"WebPage\",\"@id\":\"https:\\\/\\\/www.conex.net\\\/be\\\/nl\\\/contact-nl\\\/\",\"url\":\"https:\\\/\\\/www.conex.net\\\/be\\\/nl\\\/contact-nl\\\/\",\"name\":\"CONTACT CONEX Service commercial Conex Belgique logiciels Douane\",\"isPartOf\":{\"@id\":\"https:\\\/\\\/www.conex.net\\\/be\\\/#website\"},\"primaryImageOfPage\":{\"@id\":\"https:\\\/\\\/www.conex.net\\\/be\\\/nl\\\/contact-nl\\\/#primaryimage\"},\"image\":{\"@id\":\"https:\\\/\\\/www.conex.net\\\/be\\\/nl\\\/contact-nl\\\/#primaryimage\"},\"thumbnailUrl\":\"https:\\\/\\\/www.conex.net\\\/be\\\/wp-content\\\/uploads\\\/sites\\\/3\\\/2020\\\/01\\\/CONEX-yourcustomspartner.jpg\",\"datePublished\":\"2020-05-28T14:44:10+00:00\",\"dateModified\":\"2020-07-28T08:48:28+00:00\",\"description\":\"Conex, Editeur de logiciels Douane - \u00c9changes de donn\u00e9es \u00e9lectronique, Formation, BDD r\u00e9glementaires, Contactez notre service commercial.\",\"breadcrumb\":{\"@id\":\"https:\\\/\\\/www.conex.net\\\/be\\\/nl\\\/contact-nl\\\/#breadcrumb\"},\"inLanguage\":\"fr-FR\",\"potentialAction\":[{\"@type\":\"ReadAction\",\"target\":[\"https:\\\/\\\/www.conex.net\\\/be\\\/nl\\\/contact-nl\\\/\"]}]},{\"@type\":\"ImageObject\",\"inLanguage\":\"fr-FR\",\"@id\":\"https:\\\/\\\/www.conex.net\\\/be\\\/nl\\\/contact-nl\\\/#primaryimage\",\"url\":\"https:\\\/\\\/www.conex.net\\\/be\\\/wp-content\\\/uploads\\\/sites\\\/3\\\/2020\\\/01\\\/CONEX-yourcustomspartner.jpg\",\"contentUrl\":\"https:\\\/\\\/www.conex.net\\\/be\\\/wp-content\\\/uploads\\\/sites\\\/3\\\/2020\\\/01\\\/CONEX-yourcustomspartner.jpg\",\"width\":233,\"height\":200,\"caption\":\"CONEX-your customs partner - CONEX votre partenaire douane\"},{\"@type\":\"BreadcrumbList\",\"@id\":\"https:\\\/\\\/www.conex.net\\\/be\\\/nl\\\/contact-nl\\\/#breadcrumb\",\"itemListElement\":[{\"@type\":\"ListItem\",\"position\":1,\"name\":\"Accueil\",\"item\":\"https:\\\/\\\/www.conex.net\\\/be\\\/\"},{\"@type\":\"ListItem\",\"position\":2,\"name\":\"CONTACT\"}]},{\"@type\":\"WebSite\",\"@id\":\"https:\\\/\\\/www.conex.net\\\/be\\\/#website\",\"url\":\"https:\\\/\\\/www.conex.net\\\/be\\\/\",\"name\":\"Conex Belgique\",\"description\":\"Your customs partner - CONEX BE\",\"potentialAction\":[{\"@type\":\"SearchAction\",\"target\":{\"@type\":\"EntryPoint\",\"urlTemplate\":\"https:\\\/\\\/www.conex.net\\\/be\\\/?s={search_term_string}\"},\"query-input\":{\"@type\":\"PropertyValueSpecification\",\"valueRequired\":true,\"valueName\":\"search_term_string\"}}],\"inLanguage\":\"fr-FR\"}]}<\/script>\n<!-- \/ Yoast SEO plugin. -->","yoast_head_json":{"title":"CONTACT CONEX Service commercial Conex Belgique logiciels Douane","description":"Conex, Editeur de logiciels Douane - \u00c9changes de donn\u00e9es \u00e9lectronique, Formation, BDD r\u00e9glementaires, Contactez notre service commercial.","robots":{"index":"index","follow":"follow","max-snippet":"max-snippet:-1","max-image-preview":"max-image-preview:large","max-video-preview":"max-video-preview:-1"},"canonical":"https:\/\/www.conex.net\/be\/nl\/contact-nl\/","og_locale":"fr_FR","og_type":"article","og_title":"CONTACT CONEX Service commercial Conex Belgique logiciels Douane","og_description":"Conex, Editeur de logiciels Douane - \u00c9changes de donn\u00e9es \u00e9lectronique, Formation, BDD r\u00e9glementaires, Contactez notre service commercial.","og_url":"https:\/\/www.conex.net\/be\/nl\/contact-nl\/","og_site_name":"Conex Belgique","article_modified_time":"2020-07-28T08:48:28+00:00","og_image":[{"width":233,"height":200,"url":"https:\/\/www.conex.net\/be\/wp-content\/uploads\/sites\/3\/2020\/01\/CONEX-yourcustomspartner.jpg","type":"image\/jpeg"}],"twitter_card":"summary_large_image","schema":{"@context":"https:\/\/schema.org","@graph":[{"@type":"WebPage","@id":"https:\/\/www.conex.net\/be\/nl\/contact-nl\/","url":"https:\/\/www.conex.net\/be\/nl\/contact-nl\/","name":"CONTACT CONEX Service commercial Conex Belgique logiciels Douane","isPartOf":{"@id":"https:\/\/www.conex.net\/be\/#website"},"primaryImageOfPage":{"@id":"https:\/\/www.conex.net\/be\/nl\/contact-nl\/#primaryimage"},"image":{"@id":"https:\/\/www.conex.net\/be\/nl\/contact-nl\/#primaryimage"},"thumbnailUrl":"https:\/\/www.conex.net\/be\/wp-content\/uploads\/sites\/3\/2020\/01\/CONEX-yourcustomspartner.jpg","datePublished":"2020-05-28T14:44:10+00:00","dateModified":"2020-07-28T08:48:28+00:00","description":"Conex, Editeur de logiciels Douane - \u00c9changes de donn\u00e9es \u00e9lectronique, Formation, BDD r\u00e9glementaires, Contactez notre service commercial.","breadcrumb":{"@id":"https:\/\/www.conex.net\/be\/nl\/contact-nl\/#breadcrumb"},"inLanguage":"fr-FR","potentialAction":[{"@type":"ReadAction","target":["https:\/\/www.conex.net\/be\/nl\/contact-nl\/"]}]},{"@type":"ImageObject","inLanguage":"fr-FR","@id":"https:\/\/www.conex.net\/be\/nl\/contact-nl\/#primaryimage","url":"https:\/\/www.conex.net\/be\/wp-content\/uploads\/sites\/3\/2020\/01\/CONEX-yourcustomspartner.jpg","contentUrl":"https:\/\/www.conex.net\/be\/wp-content\/uploads\/sites\/3\/2020\/01\/CONEX-yourcustomspartner.jpg","width":233,"height":200,"caption":"CONEX-your customs partner - CONEX votre partenaire douane"},{"@type":"BreadcrumbList","@id":"https:\/\/www.conex.net\/be\/nl\/contact-nl\/#breadcrumb","itemListElement":[{"@type":"ListItem","position":1,"name":"Accueil","item":"https:\/\/www.conex.net\/be\/"},{"@type":"ListItem","position":2,"name":"CONTACT"}]},{"@type":"WebSite","@id":"https:\/\/www.conex.net\/be\/#website","url":"https:\/\/www.conex.net\/be\/","name":"Conex Belgique","description":"Your customs partner - CONEX BE","potentialAction":[{"@type":"SearchAction","target":{"@type":"EntryPoint","urlTemplate":"https:\/\/www.conex.net\/be\/?s={search_term_string}"},"query-input":{"@type":"PropertyValueSpecification","valueRequired":true,"valueName":"search_term_string"}}],"inLanguage":"fr-FR"}]}},"_links":{"self":[{"href":"https:\/\/www.conex.net\/be\/wp-json\/wp\/v2\/pages\/3943","targetHints":{"allow":["GET"]}}],"collection":[{"href":"https:\/\/www.conex.net\/be\/wp-json\/wp\/v2\/pages"}],"about":[{"href":"https:\/\/www.conex.net\/be\/wp-json\/wp\/v2\/types\/page"}],"author":[{"embeddable":true,"href":"https:\/\/www.conex.net\/be\/wp-json\/wp\/v2\/users\/1"}],"replies":[{"embeddable":true,"href":"https:\/\/www.conex.net\/be\/wp-json\/wp\/v2\/comments?post=3943"}],"version-history":[{"count":8,"href":"https:\/\/www.conex.net\/be\/wp-json\/wp\/v2\/pages\/3943\/revisions"}],"predecessor-version":[{"id":4103,"href":"https:\/\/www.conex.net\/be\/wp-json\/wp\/v2\/pages\/3943\/revisions\/4103"}],"wp:featuredmedia":[{"embeddable":true,"href":"https:\/\/www.conex.net\/be\/wp-json\/wp\/v2\/media\/3227"}],"wp:attachment":[{"href":"https:\/\/www.conex.net\/be\/wp-json\/wp\/v2\/media?parent=3943"}],"curies":[{"name":"wp","href":"https:\/\/api.w.org\/{rel}","templated":true}]}}