{"id":3953,"date":"2020-05-28T16:48:28","date_gmt":"2020-05-28T14:48:28","guid":{"rendered":"https:\/\/www.conex.net\/be\/?page_id=3953"},"modified":"2023-01-06T14:59:07","modified_gmt":"2023-01-06T13:59:07","slug":"customs-encyclopedia","status":"publish","type":"page","link":"https:\/\/www.conex.net\/be\/nl\/customs-encyclopedia\/","title":{"rendered":"CUSTOMS ENCYCLOPAEDIA"},"content":{"rendered":"<div id=\"pl-3953\"  class=\"panel-layout\" ><div id=\"pg-3953-0\"  class=\"panel-grid panel-has-style\" ><div class=\"siteorigin-panels-stretch panel-row-style panel-row-style-for-3953-0\" data-stretch-type=\"full-stretched\" ><div id=\"pgc-3953-0-0\"  class=\"panel-grid-cell\" ><div id=\"panel-3953-0-0-0\" class=\"so-panel widget widget_sow-hero panel-first-child panel-last-child\" data-index=\"0\" ><div\n\t\t\t\n\t\t\tclass=\"so-widget-sow-hero so-widget-sow-hero-default-ab45b9103004-3953\"\n\t\t\t\n\t\t>\t\t\t\t<div class=\"sow-slider-base\" style=\"display: none\" tabindex=\"0\">\n\t\t\t\t\t<ul\n\t\t\t\t\tclass=\"sow-slider-images\"\n\t\t\t\t\tdata-settings=\"{&quot;pagination&quot;:true,&quot;speed&quot;:800,&quot;timeout&quot;:8000,&quot;paused&quot;:false,&quot;pause_on_hover&quot;:false,&quot;swipe&quot;:false,&quot;nav_always_show_desktop&quot;:&quot;&quot;,&quot;nav_always_show_mobile&quot;:&quot;&quot;,&quot;breakpoint&quot;:&quot;780px&quot;,&quot;unmute&quot;:false,&quot;anchor&quot;:null}\"\n\t\t\t\t\tstyle=\"min-height: 400px\"\t\t\t\t\tdata-anchor-id=\"\"\n\t\t\t\t>\t\t<li class=\"sow-slider-image  sow-slider-image-cover\" style=\"visibility: visible;;background-color: #333333;background-image: url(https:\/\/www.conex.net\/be\/wp-content\/uploads\/sites\/3\/2023\/01\/ENCYCLOproduitEN-1536x338.jpg)\" >\n\t\t\t\t\t<div class=\"sow-slider-image-container\">\n\t\t\t<div class=\"sow-slider-image-wrapper\">\n\t\t\t\t\t\t\t<\/div>\n\t\t<\/div>\n\t\t\t\t<\/li>\n\t\t<\/ul>\t\t\t\t<ol class=\"sow-slider-pagination\">\n\t\t\t\t\t\t\t\t\t\t\t<li><a href=\"#\" data-goto=\"0\" aria-label=\"Display slide 1\"><\/a><\/li>\n\t\t\t\t\t\t\t\t\t<\/ol>\n\n\t\t\t\t<div class=\"sow-slide-nav sow-slide-nav-next\">\n\t\t\t\t\t<a href=\"#\" data-goto=\"next\" aria-label=\"Next slide\" data-action=\"next\">\n\t\t\t\t\t\t<em class=\"sow-sld-icon-thin-right\"><\/em>\n\t\t\t\t\t<\/a>\n\t\t\t\t<\/div>\n\n\t\t\t\t<div class=\"sow-slide-nav sow-slide-nav-prev\">\n\t\t\t\t\t<a href=\"#\" data-goto=\"previous\" aria-label=\"Previous slide\" data-action=\"prev\">\n\t\t\t\t\t\t<em class=\"sow-sld-icon-thin-left\"><\/em>\n\t\t\t\t\t<\/a>\n\t\t\t\t<\/div>\n\t\t\t\t<\/div><\/div><\/div><\/div><\/div><\/div><div id=\"pg-3953-1\"  class=\"panel-grid panel-has-style\" ><div class=\"siteorigin-panels-stretch panel-row-style panel-row-style-for-3953-1\" data-stretch-type=\"full\" ><div id=\"pgc-3953-1-0\"  class=\"panel-grid-cell\" ><div id=\"panel-3953-1-0-0\" class=\"so-panel widget widget_sow-editor panel-first-child panel-last-child\" data-index=\"1\" ><div\n\t\t\t\n\t\t\tclass=\"so-widget-sow-editor so-widget-sow-editor-base\"\n\t\t\t\n\t\t>\n<div class=\"siteorigin-widget-tinymce textwidget\">\n\t<h3 style=\"text-align: center;\">VOOR WIE<\/h3>\n<hr style=\"height: 2px; color: #fff; background-color: #fff; width: 50%; border: none;\" \/>\n<p style=\"text-align: center;\"><span style=\"color: #333333;\">Managers van douane- en juridische diensten, declaranten en commerci\u00eble medewerkers (verkopers\/aankopers) die informatie over de douaneregelgeving nodig hebben.<\/span><\/p>\n<p>&nbsp;<\/p>\n<\/div>\n<\/div><\/div><\/div><div id=\"pgc-3953-1-1\"  class=\"panel-grid-cell\" ><div id=\"panel-3953-1-1-0\" class=\"so-panel widget widget_sow-editor panel-first-child panel-last-child\" data-index=\"2\" ><div\n\t\t\t\n\t\t\tclass=\"so-widget-sow-editor so-widget-sow-editor-base\"\n\t\t\t\n\t\t>\n<div class=\"siteorigin-widget-tinymce textwidget\">\n\t<h3 style=\"text-align: center;\">VOOR WAT<\/h3>\n<hr style=\"height: 2px; color: #fff; background-color: #fff; width: 50%; border: none;\" \/>\n<p style=\"text-align: center;\"><span style=\"color: #333333;\">Interactieve raadpleging van het douanetarief en de toelichting bij het geharmoniseerd systeem. Integratie van de gegevens in de Conex douane-oplossing.<\/span><\/p>\n<p>&nbsp;<\/p>\n<\/div>\n<\/div><\/div><\/div><div id=\"pgc-3953-1-2\"  class=\"panel-grid-cell\" ><div id=\"panel-3953-1-2-0\" class=\"so-panel widget widget_sow-editor panel-first-child panel-last-child\" data-index=\"3\" ><div\n\t\t\t\n\t\t\tclass=\"so-widget-sow-editor so-widget-sow-editor-base\"\n\t\t\t\n\t\t>\n<div class=\"siteorigin-widget-tinymce textwidget\">\n\t<h3 style=\"text-align: center;\"><span style=\"color: #000000;\">HOE<\/span><\/h3>\n<hr style=\"height: 2px; color: #fff; background-color: #fff; width: 50%; border: none;\" \/>\n<p style=\"text-align: center;\"><span style=\"color: #333333;\">Abonnement op de onlinedienst met database van douanereglementering.<\/span><\/p>\n<\/div>\n<\/div><\/div><\/div><\/div><\/div><div id=\"pg-3953-2\"  class=\"panel-grid panel-no-style\" ><div id=\"pgc-3953-2-0\"  class=\"panel-grid-cell\" ><div id=\"panel-3953-2-0-0\" class=\"so-panel widget widget_sow-editor panel-first-child panel-last-child\" data-index=\"4\" ><div class=\"panel-widget-style panel-widget-style-for-3953-2-0-0\" ><div\n\t\t\t\n\t\t\tclass=\"so-widget-sow-editor so-widget-sow-editor-base\"\n\t\t\t\n\t\t>\n<div class=\"siteorigin-widget-tinymce textwidget\">\n\t<h4 style=\"text-align: justify;\"><span style=\"color: #57a1d8;\"><strong>CUSTOMS ENCYCLOPEDIA\u2122<\/strong><\/span>, is een unieke databank die aansluit bij de Europese en nationale regelgeving waarmee douane-operatoren dagelijks worden geconfronteerd.<\/h4>\n<hr \/>\n<h3><span style=\"color: #57a1d8;\"><strong>Tariefindeling, een noodzakelijke vaardigheid<\/strong><\/span><\/h3>\n<h4><strong>Douanetarief en de toelichting bij het geharmoniseerd systeem<\/strong><\/h4>\n<p>Omvat de goederennomenclatuur die wordt gebruikt voor de douaneformaliteiten, de bijbehorende omschrijving en de tarieven van de invoerrechten en de belastingen.<\/p>\n<\/div>\n<\/div><\/div><\/div><\/div><\/div><div id=\"pg-3953-3\"  class=\"panel-grid panel-has-style\" ><div class=\"siteorigin-panels-stretch panel-row-style panel-row-style-for-3953-3\" data-stretch-type=\"full\" ><div id=\"pgc-3953-3-0\"  class=\"panel-grid-cell\" ><div id=\"panel-3953-3-0-0\" class=\"so-panel widget widget_sow-editor panel-first-child panel-last-child\" data-index=\"5\" ><div\n\t\t\t\n\t\t\tclass=\"so-widget-sow-editor so-widget-sow-editor-base\"\n\t\t\t\n\t\t>\n<div class=\"siteorigin-widget-tinymce textwidget\">\n\t<h2 style=\"text-align: center;\">WAT VOOR U OOK INTERESSANT ZOU KUNNEN ZIJN!<\/h2>\n<\/div>\n<\/div><\/div><\/div><\/div><\/div><div id=\"pg-3953-4\"  class=\"panel-grid panel-no-style\" ><div id=\"pgc-3953-4-0\"  class=\"panel-grid-cell\" ><div id=\"panel-3953-4-0-0\" class=\"so-panel widget widget_sow-editor panel-first-child panel-last-child\" data-index=\"6\" ><div\n\t\t\t\n\t\t\tclass=\"so-widget-sow-editor so-widget-sow-editor-base\"\n\t\t\t\n\t\t>\n<div class=\"siteorigin-widget-tinymce textwidget\">\n\t<p><a href=\"https:\/\/www.conex.net\/be\/nl\/douane-nl\/\"><img loading=\"lazy\" decoding=\"async\" class=\"aligncenter wp-image-844 size-full\" title=\"CUSTOMS via CONEX - la Douane electronique\" src=\"\/wp-content\/uploads\/2019\/05\/customs-encyclopedie-douaniere.jpg\" alt=\"CUSTOMS via CONEX - la Douane electronique - customs-encyclopedie-douaniere \" width=\"243\" height=\"142\" \/><\/a><\/p>\n<h4 style=\"text-align: center;\">CUSTOMS via conex\u2122<\/h4>\n<p style=\"text-align: justify;\"><strong><span style=\"color: #b80000;\">CUSTOMS<\/span> via conex\u2122<\/strong> is een totaaloplossing, gewijd aan het administratieve beheer van elektronische douaneaangiften voor het geheel van douaneregelingen alsook Globalisatie, NCTS en EDI-uitwisselingen met PLDA.<\/p>\n<p style=\"text-align: center;\"><a href=\"https:\/\/www.conex.net\/be\/nl\/douane-nl\/\"><img loading=\"lazy\" decoding=\"async\" class=\"aligncenter size-full wp-image-3840\" src=\"https:\/\/www.conex.net\/be\/wp-content\/uploads\/sites\/3\/2020\/04\/MEER-WETEN-customs-nl.jpg\" alt=\"MEER-WETEN-customs via conex\" width=\"149\" height=\"66\" \/><\/a><\/p>\n<\/div>\n<\/div><\/div><\/div><div id=\"pgc-3953-4-1\"  class=\"panel-grid-cell\" ><div id=\"panel-3953-4-1-0\" class=\"so-panel widget widget_sow-editor panel-first-child panel-last-child\" data-index=\"7\" ><div\n\t\t\t\n\t\t\tclass=\"so-widget-sow-editor so-widget-sow-editor-base\"\n\t\t\t\n\t\t>\n<div class=\"siteorigin-widget-tinymce textwidget\">\n\t<p><a href=\"https:\/\/www.conex.net\/be\/nl\/intrastat-nl\/\"><img loading=\"lazy\" decoding=\"async\" class=\"aligncenter wp-image-845 size-full\" title=\"D\u00e9claration intrastat - EUROPSTAT via CONEX - la D\u00e9claration intrastat\" src=\"\/wp-content\/uploads\/2019\/05\/europstat-encyclopedie-douaniere.jpg\" alt=\"D\u00e9claration intrastat - EUROPSTAT via CONEX - la D\u00e9claration intrastat\" width=\"243\" height=\"142\" \/><\/a><\/p>\n<h4 style=\"text-align: center;\">EUROPstat via conex\u2122<\/h4>\n<p style=\"text-align: justify;\"><strong><span style=\"color: #000080;\">EUROPstat<\/span> via conex\u2122<\/strong> is bestemd voor elke onderneming die goederen verzendt of verwerft in de EU, maar ook voor de boekhoudkantoren die zijn aangesteld om Intrastat-aangiften op te maken<\/p>\n<p><a href=\"https:\/\/www.conex.net\/be\/nl\/intrastat-nl\/\"><img loading=\"lazy\" decoding=\"async\" class=\"aligncenter size-full wp-image-3843\" src=\"https:\/\/www.conex.net\/be\/wp-content\/uploads\/sites\/3\/2020\/04\/MEER-WETEN-europstat-nl.jpg\" alt=\"MEER-WETEN-europstat-nl\" width=\"149\" height=\"66\" \/><\/a><\/p>\n<\/div>\n<\/div><\/div><\/div><\/div><div id=\"pg-3953-5\"  class=\"panel-grid panel-no-style\" ><div id=\"pgc-3953-5-0\"  class=\"panel-grid-cell\" ><div id=\"panel-3953-5-0-0\" class=\"so-panel widget widget_sow-editor panel-first-child panel-last-child\" data-index=\"8\" ><div class=\"panel-widget-style panel-widget-style-for-3953-5-0-0\" ><div\n\t\t\t\n\t\t\tclass=\"so-widget-sow-editor so-widget-sow-editor-base\"\n\t\t\t\n\t\t>\n<div class=\"siteorigin-widget-tinymce textwidget\">\n\t<hr \/>\n<p><a href=\"https:\/\/www.conex.net\/be\/nl\/contact-nl\/\"><img loading=\"lazy\" decoding=\"async\" class=\"aligncenter size-full wp-image-3826\" src=\"https:\/\/www.conex.net\/be\/wp-content\/uploads\/sites\/3\/2020\/04\/contactez-nous-NL.jpg\" alt=\"CONTACTEER ONS!\" width=\"472\" height=\"159\" srcset=\"https:\/\/www.conex.net\/be\/wp-content\/uploads\/sites\/3\/2020\/04\/contactez-nous-NL.jpg 472w, https:\/\/www.conex.net\/be\/wp-content\/uploads\/sites\/3\/2020\/04\/contactez-nous-NL-300x101.jpg 300w\" sizes=\"auto, (max-width: 472px) 100vw, 472px\" \/><\/a><\/p>\n<\/div>\n<\/div><\/div><\/div><\/div><\/div><\/div>","protected":false},"excerpt":{"rendered":"<p>VOOR WIE Managers van douane- en juridische diensten, declaranten en commerci\u00eble medewerkers (verkopers\/aankopers) die informatie over de douaneregelgeving nodig hebben. &nbsp; VOOR WAT Interactieve raadpleging van het douanetarief en de toelichting bij het geharmoniseerd systeem. Integratie van de gegevens in de Conex douane-oplossing. &nbsp; HOE Abonnement op de onlinedienst met database van douanereglementering.<\/p>\n","protected":false},"author":1,"featured_media":3285,"parent":0,"menu_order":0,"comment_status":"closed","ping_status":"closed","template":"Page-fullwidth.php","meta":{"footnotes":""},"class_list":["post-3953","page","type-page","status-publish","has-post-thumbnail","hentry"],"yoast_head":"<!-- This site is optimized with the Yoast SEO plugin v27.4 - https:\/\/yoast.com\/product\/yoast-seo-wordpress\/ -->\n<title>classement tarifaire Publith\u00e8que Douani\u00e8re L\u2019ENCYCLOP\u00c9DIE D.<\/title>\n<meta name=\"description\" content=\"informations r\u00e9glementaires douani\u00e8res, base de donn\u00e9e - r\u00e9glementation europ\u00e9enne &amp; nationale. classement tarifaire, textes officiels\" \/>\n<meta name=\"robots\" content=\"index, follow, max-snippet:-1, max-image-preview:large, max-video-preview:-1\" \/>\n<link rel=\"canonical\" href=\"https:\/\/www.conex.net\/be\/nl\/customs-encyclopedia\/\" \/>\n<meta property=\"og:locale\" content=\"fr_FR\" \/>\n<meta property=\"og:type\" content=\"article\" \/>\n<meta property=\"og:title\" content=\"classement tarifaire Publith\u00e8que Douani\u00e8re L\u2019ENCYCLOP\u00c9DIE D.\" \/>\n<meta property=\"og:description\" content=\"informations r\u00e9glementaires douani\u00e8res, base de donn\u00e9e - r\u00e9glementation europ\u00e9enne &amp; nationale. classement tarifaire, textes officiels\" \/>\n<meta property=\"og:url\" content=\"https:\/\/www.conex.net\/be\/nl\/customs-encyclopedia\/\" \/>\n<meta property=\"og:site_name\" content=\"Conex Belgique\" \/>\n<meta property=\"article:modified_time\" content=\"2023-01-06T13:59:07+00:00\" \/>\n<meta property=\"og:image\" content=\"https:\/\/www.conex.net\/be\/wp-content\/uploads\/sites\/3\/2020\/01\/Encyclopedie-douaniereviaconex200.jpg\" \/>\n\t<meta property=\"og:image:width\" content=\"233\" \/>\n\t<meta property=\"og:image:height\" content=\"200\" \/>\n\t<meta property=\"og:image:type\" content=\"image\/jpeg\" \/>\n<meta name=\"twitter:card\" content=\"summary_large_image\" \/>\n<meta name=\"twitter:label1\" content=\"Dur\u00e9e de lecture estim\u00e9e\" \/>\n\t<meta name=\"twitter:data1\" content=\"2 minutes\" \/>\n<script type=\"application\/ld+json\" class=\"yoast-schema-graph\">{\"@context\":\"https:\\\/\\\/schema.org\",\"@graph\":[{\"@type\":\"WebPage\",\"@id\":\"https:\\\/\\\/www.conex.net\\\/be\\\/nl\\\/customs-encyclopedia\\\/\",\"url\":\"https:\\\/\\\/www.conex.net\\\/be\\\/nl\\\/customs-encyclopedia\\\/\",\"name\":\"classement tarifaire Publith\u00e8que Douani\u00e8re L\u2019ENCYCLOP\u00c9DIE D.\",\"isPartOf\":{\"@id\":\"https:\\\/\\\/www.conex.net\\\/be\\\/#website\"},\"primaryImageOfPage\":{\"@id\":\"https:\\\/\\\/www.conex.net\\\/be\\\/nl\\\/customs-encyclopedia\\\/#primaryimage\"},\"image\":{\"@id\":\"https:\\\/\\\/www.conex.net\\\/be\\\/nl\\\/customs-encyclopedia\\\/#primaryimage\"},\"thumbnailUrl\":\"https:\\\/\\\/www.conex.net\\\/be\\\/wp-content\\\/uploads\\\/sites\\\/3\\\/2020\\\/01\\\/Encyclopedie-douaniereviaconex200.jpg\",\"datePublished\":\"2020-05-28T14:48:28+00:00\",\"dateModified\":\"2023-01-06T13:59:07+00:00\",\"description\":\"informations r\u00e9glementaires douani\u00e8res, base de donn\u00e9e - r\u00e9glementation europ\u00e9enne & nationale. classement tarifaire, textes officiels\",\"breadcrumb\":{\"@id\":\"https:\\\/\\\/www.conex.net\\\/be\\\/nl\\\/customs-encyclopedia\\\/#breadcrumb\"},\"inLanguage\":\"fr-FR\",\"potentialAction\":[{\"@type\":\"ReadAction\",\"target\":[\"https:\\\/\\\/www.conex.net\\\/be\\\/nl\\\/customs-encyclopedia\\\/\"]}]},{\"@type\":\"ImageObject\",\"inLanguage\":\"fr-FR\",\"@id\":\"https:\\\/\\\/www.conex.net\\\/be\\\/nl\\\/customs-encyclopedia\\\/#primaryimage\",\"url\":\"https:\\\/\\\/www.conex.net\\\/be\\\/wp-content\\\/uploads\\\/sites\\\/3\\\/2020\\\/01\\\/Encyclopedie-douaniereviaconex200.jpg\",\"contentUrl\":\"https:\\\/\\\/www.conex.net\\\/be\\\/wp-content\\\/uploads\\\/sites\\\/3\\\/2020\\\/01\\\/Encyclopedie-douaniereviaconex200.jpg\",\"width\":233,\"height\":200,\"caption\":\"Encyclopedie-douaniere via conex\"},{\"@type\":\"BreadcrumbList\",\"@id\":\"https:\\\/\\\/www.conex.net\\\/be\\\/nl\\\/customs-encyclopedia\\\/#breadcrumb\",\"itemListElement\":[{\"@type\":\"ListItem\",\"position\":1,\"name\":\"Accueil\",\"item\":\"https:\\\/\\\/www.conex.net\\\/be\\\/\"},{\"@type\":\"ListItem\",\"position\":2,\"name\":\"CUSTOMS ENCYCLOPAEDIA\"}]},{\"@type\":\"WebSite\",\"@id\":\"https:\\\/\\\/www.conex.net\\\/be\\\/#website\",\"url\":\"https:\\\/\\\/www.conex.net\\\/be\\\/\",\"name\":\"Conex Belgique\",\"description\":\"Your customs partner - CONEX BE\",\"potentialAction\":[{\"@type\":\"SearchAction\",\"target\":{\"@type\":\"EntryPoint\",\"urlTemplate\":\"https:\\\/\\\/www.conex.net\\\/be\\\/?s={search_term_string}\"},\"query-input\":{\"@type\":\"PropertyValueSpecification\",\"valueRequired\":true,\"valueName\":\"search_term_string\"}}],\"inLanguage\":\"fr-FR\"}]}<\/script>\n<!-- \/ Yoast SEO plugin. -->","yoast_head_json":{"title":"classement tarifaire Publith\u00e8que Douani\u00e8re L\u2019ENCYCLOP\u00c9DIE D.","description":"informations r\u00e9glementaires douani\u00e8res, base de donn\u00e9e - r\u00e9glementation europ\u00e9enne & nationale. classement tarifaire, textes officiels","robots":{"index":"index","follow":"follow","max-snippet":"max-snippet:-1","max-image-preview":"max-image-preview:large","max-video-preview":"max-video-preview:-1"},"canonical":"https:\/\/www.conex.net\/be\/nl\/customs-encyclopedia\/","og_locale":"fr_FR","og_type":"article","og_title":"classement tarifaire Publith\u00e8que Douani\u00e8re L\u2019ENCYCLOP\u00c9DIE D.","og_description":"informations r\u00e9glementaires douani\u00e8res, base de donn\u00e9e - r\u00e9glementation europ\u00e9enne & nationale. classement tarifaire, textes officiels","og_url":"https:\/\/www.conex.net\/be\/nl\/customs-encyclopedia\/","og_site_name":"Conex Belgique","article_modified_time":"2023-01-06T13:59:07+00:00","og_image":[{"width":233,"height":200,"url":"https:\/\/www.conex.net\/be\/wp-content\/uploads\/sites\/3\/2020\/01\/Encyclopedie-douaniereviaconex200.jpg","type":"image\/jpeg"}],"twitter_card":"summary_large_image","twitter_misc":{"Dur\u00e9e de lecture estim\u00e9e":"2 minutes"},"schema":{"@context":"https:\/\/schema.org","@graph":[{"@type":"WebPage","@id":"https:\/\/www.conex.net\/be\/nl\/customs-encyclopedia\/","url":"https:\/\/www.conex.net\/be\/nl\/customs-encyclopedia\/","name":"classement tarifaire Publith\u00e8que Douani\u00e8re L\u2019ENCYCLOP\u00c9DIE D.","isPartOf":{"@id":"https:\/\/www.conex.net\/be\/#website"},"primaryImageOfPage":{"@id":"https:\/\/www.conex.net\/be\/nl\/customs-encyclopedia\/#primaryimage"},"image":{"@id":"https:\/\/www.conex.net\/be\/nl\/customs-encyclopedia\/#primaryimage"},"thumbnailUrl":"https:\/\/www.conex.net\/be\/wp-content\/uploads\/sites\/3\/2020\/01\/Encyclopedie-douaniereviaconex200.jpg","datePublished":"2020-05-28T14:48:28+00:00","dateModified":"2023-01-06T13:59:07+00:00","description":"informations r\u00e9glementaires douani\u00e8res, base de donn\u00e9e - r\u00e9glementation europ\u00e9enne & nationale. classement tarifaire, textes officiels","breadcrumb":{"@id":"https:\/\/www.conex.net\/be\/nl\/customs-encyclopedia\/#breadcrumb"},"inLanguage":"fr-FR","potentialAction":[{"@type":"ReadAction","target":["https:\/\/www.conex.net\/be\/nl\/customs-encyclopedia\/"]}]},{"@type":"ImageObject","inLanguage":"fr-FR","@id":"https:\/\/www.conex.net\/be\/nl\/customs-encyclopedia\/#primaryimage","url":"https:\/\/www.conex.net\/be\/wp-content\/uploads\/sites\/3\/2020\/01\/Encyclopedie-douaniereviaconex200.jpg","contentUrl":"https:\/\/www.conex.net\/be\/wp-content\/uploads\/sites\/3\/2020\/01\/Encyclopedie-douaniereviaconex200.jpg","width":233,"height":200,"caption":"Encyclopedie-douaniere via conex"},{"@type":"BreadcrumbList","@id":"https:\/\/www.conex.net\/be\/nl\/customs-encyclopedia\/#breadcrumb","itemListElement":[{"@type":"ListItem","position":1,"name":"Accueil","item":"https:\/\/www.conex.net\/be\/"},{"@type":"ListItem","position":2,"name":"CUSTOMS ENCYCLOPAEDIA"}]},{"@type":"WebSite","@id":"https:\/\/www.conex.net\/be\/#website","url":"https:\/\/www.conex.net\/be\/","name":"Conex Belgique","description":"Your customs partner - CONEX BE","potentialAction":[{"@type":"SearchAction","target":{"@type":"EntryPoint","urlTemplate":"https:\/\/www.conex.net\/be\/?s={search_term_string}"},"query-input":{"@type":"PropertyValueSpecification","valueRequired":true,"valueName":"search_term_string"}}],"inLanguage":"fr-FR"}]}},"_links":{"self":[{"href":"https:\/\/www.conex.net\/be\/wp-json\/wp\/v2\/pages\/3953","targetHints":{"allow":["GET"]}}],"collection":[{"href":"https:\/\/www.conex.net\/be\/wp-json\/wp\/v2\/pages"}],"about":[{"href":"https:\/\/www.conex.net\/be\/wp-json\/wp\/v2\/types\/page"}],"author":[{"embeddable":true,"href":"https:\/\/www.conex.net\/be\/wp-json\/wp\/v2\/users\/1"}],"replies":[{"embeddable":true,"href":"https:\/\/www.conex.net\/be\/wp-json\/wp\/v2\/comments?post=3953"}],"version-history":[{"count":17,"href":"https:\/\/www.conex.net\/be\/wp-json\/wp\/v2\/pages\/3953\/revisions"}],"predecessor-version":[{"id":4647,"href":"https:\/\/www.conex.net\/be\/wp-json\/wp\/v2\/pages\/3953\/revisions\/4647"}],"wp:featuredmedia":[{"embeddable":true,"href":"https:\/\/www.conex.net\/be\/wp-json\/wp\/v2\/media\/3285"}],"wp:attachment":[{"href":"https:\/\/www.conex.net\/be\/wp-json\/wp\/v2\/media?parent=3953"}],"curies":[{"name":"wp","href":"https:\/\/api.w.org\/{rel}","templated":true}]}}