{"id":3962,"date":"2020-05-28T16:51:21","date_gmt":"2020-05-28T14:51:21","guid":{"rendered":"https:\/\/www.conex.net\/be\/?page_id=3962"},"modified":"2024-01-30T10:24:13","modified_gmt":"2024-01-30T09:24:13","slug":"emebi-nl","status":"publish","type":"page","link":"https:\/\/www.conex.net\/be\/nl\/emebi-nl\/","title":{"rendered":"EMEBI"},"content":{"rendered":"<div id=\"pl-3962\"  class=\"panel-layout\" ><div id=\"pg-3962-0\"  class=\"panel-grid panel-has-style\" ><div class=\"siteorigin-panels-stretch panel-row-style panel-row-style-for-3962-0\" data-stretch-type=\"full-stretched\" ><div id=\"pgc-3962-0-0\"  class=\"panel-grid-cell\" ><div id=\"panel-3962-0-0-0\" class=\"so-panel widget widget_sow-hero panel-first-child panel-last-child\" data-index=\"0\" ><div\n\t\t\t\n\t\t\tclass=\"so-widget-sow-hero so-widget-sow-hero-default-5eef7a7bfc63-3962\"\n\t\t\t\n\t\t>\t\t\t\t<div class=\"sow-slider-base\" style=\"display: none\" tabindex=\"0\">\n\t\t\t\t\t<ul\n\t\t\t\t\tclass=\"sow-slider-images\"\n\t\t\t\t\tdata-settings=\"{&quot;pagination&quot;:true,&quot;speed&quot;:800,&quot;timeout&quot;:8000,&quot;paused&quot;:false,&quot;pause_on_hover&quot;:false,&quot;swipe&quot;:false,&quot;nav_always_show_desktop&quot;:&quot;&quot;,&quot;nav_always_show_mobile&quot;:&quot;&quot;,&quot;breakpoint&quot;:&quot;780px&quot;,&quot;unmute&quot;:false,&quot;anchor&quot;:null}\"\n\t\t\t\t\tstyle=\"min-height: 400px\"\t\t\t\t\tdata-anchor-id=\"\"\n\t\t\t\t>\t\t<li class=\"sow-slider-image  sow-slider-image-cover\" style=\"visibility: visible;;background-color: #333333;background-image: url(https:\/\/www.conex.net\/be\/wp-content\/uploads\/sites\/3\/2024\/01\/EUROPSTATproduitsEN.jpg)\" >\n\t\t\t\t\t<div class=\"sow-slider-image-container\">\n\t\t\t<div class=\"sow-slider-image-wrapper\">\n\t\t\t\t\t\t\t<\/div>\n\t\t<\/div>\n\t\t\t\t<\/li>\n\t\t<\/ul>\t\t\t\t<ol class=\"sow-slider-pagination\">\n\t\t\t\t\t\t\t\t\t\t\t<li><a href=\"#\" data-goto=\"0\" aria-label=\"Display slide 1\"><\/a><\/li>\n\t\t\t\t\t\t\t\t\t<\/ol>\n\n\t\t\t\t<div class=\"sow-slide-nav sow-slide-nav-next\">\n\t\t\t\t\t<a href=\"#\" data-goto=\"next\" aria-label=\"Next slide\" data-action=\"next\">\n\t\t\t\t\t\t<em class=\"sow-sld-icon-thin-right\"><\/em>\n\t\t\t\t\t<\/a>\n\t\t\t\t<\/div>\n\n\t\t\t\t<div class=\"sow-slide-nav sow-slide-nav-prev\">\n\t\t\t\t\t<a href=\"#\" data-goto=\"previous\" aria-label=\"Previous slide\" data-action=\"prev\">\n\t\t\t\t\t\t<em class=\"sow-sld-icon-thin-left\"><\/em>\n\t\t\t\t\t<\/a>\n\t\t\t\t<\/div>\n\t\t\t\t<\/div><\/div><\/div><\/div><\/div><\/div><div id=\"pg-3962-1\"  class=\"panel-grid panel-has-style\" ><div class=\"siteorigin-panels-stretch panel-row-style panel-row-style-for-3962-1\" data-stretch-type=\"full\" ><div id=\"pgc-3962-1-0\"  class=\"panel-grid-cell\" ><div id=\"panel-3962-1-0-0\" class=\"so-panel widget widget_sow-editor panel-first-child panel-last-child\" data-index=\"1\" ><div\n\t\t\t\n\t\t\tclass=\"so-widget-sow-editor so-widget-sow-editor-base\"\n\t\t\t\n\t\t>\n<div class=\"siteorigin-widget-tinymce textwidget\">\n\t<h3 style=\"text-align: center;\">VOOR WIE<\/h3>\n<hr style=\"height: 2px; color: #fff; background-color: #fff; width: 50%; border: none;\" \/>\n<p style=\"text-align: center;\"><span style=\"color: #333333;\">Elke onderneming die binnen de EU goederen verwerft en\/of levert, maar ook voor de boekhoudkantoren die door bedrijven zijn belast met de gehele of een gedeeltelijke uitvoering van hun Europese activiteiten.<\/span><\/p>\n<\/div>\n<\/div><\/div><\/div><div id=\"pgc-3962-1-1\"  class=\"panel-grid-cell\" ><div id=\"panel-3962-1-1-0\" class=\"so-panel widget widget_sow-editor panel-first-child panel-last-child\" data-index=\"2\" ><div\n\t\t\t\n\t\t\tclass=\"so-widget-sow-editor so-widget-sow-editor-base\"\n\t\t\t\n\t\t>\n<div class=\"siteorigin-widget-tinymce textwidget\">\n\t<h3 style=\"text-align: center;\">VOOR WAT<\/h3>\n<hr style=\"height: 2px; color: #fff; background-color: #fff; width: 50%; border: none;\" \/>\n<p style=\"text-align: center;\"><span style=\"color: #333333;\">Maandelijkse Europese EMEBI-aangifte voor het verkeer van goederen binnen de Europese Unie.<\/span><\/p>\n<p>&nbsp;<\/p>\n<\/div>\n<\/div><\/div><\/div><div id=\"pgc-3962-1-2\"  class=\"panel-grid-cell\" ><div id=\"panel-3962-1-2-0\" class=\"so-panel widget widget_sow-editor panel-first-child panel-last-child\" data-index=\"3\" ><div\n\t\t\t\n\t\t\tclass=\"so-widget-sow-editor so-widget-sow-editor-base\"\n\t\t\t\n\t\t>\n<div class=\"siteorigin-widget-tinymce textwidget\">\n\t<h3 style=\"text-align: center;\">HOE<\/h3>\n<hr style=\"height: 2px; color: #fff; background-color: #fff; width: 50%; border: none;\" \/>\n<p style=\"text-align: center;\"><span style=\"color: #333333;\">Software die het mogelijk maakt om rechtstreeks of via interfaces EMEBI-aangiften op te stellen met inachtneming van de Europese en nationale verplichtingen.<\/span><\/p>\n<\/div>\n<\/div><\/div><\/div><\/div><\/div><div id=\"pg-3962-2\"  class=\"panel-grid panel-no-style\" ><div id=\"pgc-3962-2-0\"  class=\"panel-grid-cell\" ><div id=\"panel-3962-2-0-0\" class=\"so-panel widget widget_sow-editor panel-first-child panel-last-child\" data-index=\"4\" ><div class=\"panel-widget-style panel-widget-style-for-3962-2-0-0\" ><div\n\t\t\t\n\t\t\tclass=\"so-widget-sow-editor so-widget-sow-editor-base\"\n\t\t\t\n\t\t>\n<div class=\"siteorigin-widget-tinymce textwidget\">\n\t<h4><strong><span style=\"color: #2e64b0;\">EUROPstat <\/span>via conex\u2122<\/strong> is bestemd voor elke onderneming die goederen in de Europese Unie verwerft en\/of levert, maar ook voor de boekhoudkantoren en gemachtigden die door bedrijven zijn aangesteld om alle of een deel van hun Europese activiteiten voor hun rekening uit te voeren.<\/h4>\n<h4><\/h4>\n<h4><strong><span style=\"color: #2e64b0;\">EUROPstat <\/span>via conex\u2122<\/strong> een automatisering tussen uw invoeraangiften onder het 4200-regime dat via onze Deltapass-module is gerealiseerd en de EMEBI-aangifte die bij de Nationale Bank van Belgi\u00eb (NBB) moet worden ingediend.<\/h4>\n<hr \/>\n<\/div>\n<\/div><\/div><\/div><\/div><\/div><div id=\"pg-3962-3\"  class=\"panel-grid panel-no-style\" ><div id=\"pgc-3962-3-0\"  class=\"panel-grid-cell\" ><div id=\"panel-3962-3-0-0\" class=\"so-panel widget widget_sow-editor panel-first-child panel-last-child\" data-index=\"5\" ><div\n\t\t\t\n\t\t\tclass=\"so-widget-sow-editor so-widget-sow-editor-base\"\n\t\t\t\n\t\t>\n<div class=\"siteorigin-widget-tinymce textwidget\">\n\t<h3><span style=\"color: #3365bd;\"><strong>Een daadkrachtige Europese software<\/strong><\/span><\/h3>\n<p>&nbsp;<\/p>\n<p><strong><span style=\"color: #4972b8;\">EUROPstat<\/span> via conex\u2122<\/strong> is beschikbaar in verschillende Europese versies en talen, en zorgt voor de opstelling van de EMEBI-aangifte volgens de regelgeving van de lidstaat. Met de 'mirroring' functie kunt u uw gegevens rechtstreeks overzetten van de ene naar de andere Europese versie(s). Zo kunt u vanuit uw Belgische EMEBIverzendingsaangifte, uw Franse verwervingsaangifte opmaken. Dit principe van \u2018mirroring\u2019 is toepasbaar tussen alle EU-landen.<\/p>\n<p>&nbsp;<\/p>\n<h3><span style=\"color: #3365bd;\"><strong>Een maandelijks statistisch overzicht<\/strong><\/span><\/h3>\n<p>&nbsp;<\/p>\n<p>Elke maand stelt <strong><span style=\"color: #4972b8;\">EUROPstat<\/span> via conex\u2122<\/strong>de EMEBI-aangifte op voor alle intracommunautaire handel van dezelfde onderneming in de vorm die door de NBB vereist is. <strong><span style=\"color: #4972b8;\">EUROPstat<\/span> via conex\u2122<\/strong>, maakt het mogelijk om de inhoud van uw aangiften te archiveren waardoor u over de gegevens beschikt voor latere raadpleging of deze kunt gebruiken om eigen statistieken te genereren.<\/p>\n<h3><\/h3>\n<h3><strong><span style=\"color: #5473d1;\">Eenvoudige en veilige afhandeling!<\/span><\/strong><\/h3>\n<p>&nbsp;<\/p>\n<p>Gegevensinvoer kan automatisch worden gegenereerd via een interface met eender welk geautomatiseerd verwerkingsproces of door middel van EDIoverdracht. Ze kunnen worden aangevuld, gewijzigd of gecre\u00eberd dankzij een eenvoudige invoer of door het aanpassen van masterbestanden, zoals klant-\/ leveranciersbestanden, goederennomenclaturen, enz.<\/p>\n<p><strong><span style=\"color: #4972b8;\">EUROPstat<\/span> via conex\u2122<\/strong> bestaat uit vooraf ingevulde bestanden in overeenstemming met de offici\u00eble codificaties van elke lidstaat. WAT<\/p>\n<\/div>\n<\/div><\/div><\/div><\/div><div id=\"pg-3962-4\"  class=\"panel-grid panel-has-style\" ><div class=\"siteorigin-panels-stretch panel-row-style panel-row-style-for-3962-4\" data-stretch-type=\"full\" ><div id=\"pgc-3962-4-0\"  class=\"panel-grid-cell\" ><div id=\"panel-3962-4-0-0\" class=\"so-panel widget widget_sow-editor panel-first-child panel-last-child\" data-index=\"6\" ><div\n\t\t\t\n\t\t\tclass=\"so-widget-sow-editor so-widget-sow-editor-base\"\n\t\t\t\n\t\t>\n<div class=\"siteorigin-widget-tinymce textwidget\">\n\t<h2 style=\"text-align: center;\">WAT VOOR U OOK INTERESSANT ZOU KUNNEN ZIJN!<\/h2>\n<\/div>\n<\/div><\/div><\/div><\/div><\/div><div id=\"pg-3962-5\"  class=\"panel-grid panel-no-style\" ><div id=\"pgc-3962-5-0\"  class=\"panel-grid-cell\" ><div id=\"panel-3962-5-0-0\" class=\"so-panel widget widget_sow-editor panel-first-child panel-last-child\" data-index=\"7\" ><div\n\t\t\t\n\t\t\tclass=\"so-widget-sow-editor so-widget-sow-editor-base\"\n\t\t\t\n\t\t>\n<div class=\"siteorigin-widget-tinymce textwidget\">\n\t<p style=\"text-align: center;\"><a href=\"https:\/\/www.conex.net\/be\/nl\/douane-nl\/\"><img loading=\"lazy\" decoding=\"async\" class=\"aligncenter wp-image-856 size-full\" title=\"CUSTOMS via CONEX- la Douane Electronique \" src=\"\/wp-content\/uploads\/2019\/05\/customs-europstat.jpg\" alt=\"CUSTOMS via CONEX- la Douane Electronique \" width=\"243\" height=\"142\" \/><\/a><\/p>\n<h4 style=\"text-align: center;\">CUSTOMS via conex\u2122<\/h4>\n<p style=\"text-align: center;\"><strong>CUSTOMS via conex\u2122<\/strong> is een totaaloplossing, gewijd aan het administratieve beheer van elektronische douaneaangiften voor het geheel van douaneregelingen alsook Globalisatie, NCTS en EDI-uitwisselingen met PLDA .<\/p>\n<p>&nbsp;<\/p>\n<p>&nbsp;<\/p>\n<p style=\"text-align: center;\"><a href=\"https:\/\/www.conex.net\/be\/nl\/douane-nl\/\"><img loading=\"lazy\" decoding=\"async\" class=\"aligncenter wp-image-3840 size-full\" src=\"https:\/\/www.conex.net\/be\/wp-content\/uploads\/sites\/3\/2020\/04\/MEER-WETEN-customs-nl.jpg\" alt=\"MEER-WETEN-customs via conex\" width=\"149\" height=\"66\" \/><\/a><\/p>\n<\/div>\n<\/div><\/div><\/div><div id=\"pgc-3962-5-1\"  class=\"panel-grid-cell\" ><div id=\"panel-3962-5-1-0\" class=\"so-panel widget widget_sow-editor panel-first-child panel-last-child\" data-index=\"8\" ><div\n\t\t\t\n\t\t\tclass=\"so-widget-sow-editor so-widget-sow-editor-base\"\n\t\t\t\n\t\t>\n<div class=\"siteorigin-widget-tinymce textwidget\">\n\t<p style=\"text-align: center;\"><a href=\"https:\/\/www.conex.net\/be\/nl\/customs-encyclopedia\/\"><img loading=\"lazy\" decoding=\"async\" class=\"aligncenter wp-image-855 size-full\" title=\"ENCYCLOP\u00c9DIE DOUANIERE via CONEX- la Douane Electronique \" src=\"\/wp-content\/uploads\/2019\/05\/encyclopedie-douaniere-europstat.jpg\" alt=\"encyclopedie-douaniere-europstat - ENCYCLOP\u00c9DIE DOUANIERE via CONEX- la Douane Electronique \" width=\"243\" height=\"142\" \/><\/a><\/p>\n<h4 style=\"text-align: center;\">Customs Encyclopaedia via conex\u2122,<\/h4>\n<p style=\"text-align: center;\"><strong>CUSTOMS ENCYCLOPAEDIA\u2122<\/strong> is een unieke databank die aansluit bij de Europese en nationale regelgeving waarmee douane-operatoren<\/p>\n<p>&nbsp;<\/p>\n<p>&nbsp;<\/p>\n<p><span style=\"color: #ffffff;\">.<\/span><\/p>\n<p>&nbsp;<\/p>\n<p style=\"text-align: center;\"><a href=\"https:\/\/www.conex.net\/be\/nl\/customs-encyclopedia\/\"><img loading=\"lazy\" decoding=\"async\" class=\"aligncenter size-full wp-image-3842\" src=\"https:\/\/www.conex.net\/be\/wp-content\/uploads\/sites\/3\/2020\/04\/MEER-WETEN-encyclopedie-nl.jpg\" alt=\"MEER-WETEN-encyclopedie-nl\" width=\"149\" height=\"66\" \/><\/a><\/p>\n<\/div>\n<\/div><\/div><\/div><div id=\"pgc-3962-5-2\"  class=\"panel-grid-cell\" ><div id=\"panel-3962-5-2-0\" class=\"so-panel widget widget_sow-editor panel-first-child panel-last-child\" data-index=\"9\" ><div\n\t\t\t\n\t\t\tclass=\"so-widget-sow-editor so-widget-sow-editor-base\"\n\t\t\t\n\t\t>\n<div class=\"siteorigin-widget-tinymce textwidget\">\n\t<p style=\"text-align: center;\"><a href=\"https:\/\/www.conex.net\/be\/nl\/emcs-nl\/\"><img loading=\"lazy\" decoding=\"async\" class=\"aligncenter wp-image-308\" src=\"https:\/\/www.conex.net\/be\/wp-content\/uploads\/sites\/3\/2018\/12\/emcs-viaconex.jpg\" alt=\"\" width=\"198\" height=\"141\" srcset=\"https:\/\/www.conex.net\/be\/wp-content\/uploads\/sites\/3\/2018\/12\/emcs-viaconex.jpg 310w, https:\/\/www.conex.net\/be\/wp-content\/uploads\/sites\/3\/2018\/12\/emcs-viaconex-300x214.jpg 300w\" sizes=\"auto, (max-width: 198px) 100vw, 198px\" \/><\/a><\/p>\n<h4 style=\"text-align: center;\">ACCISES via conex\u2122<\/h4>\n<p style=\"text-align: center;\"><strong>ACCISES via conex\u2122<\/strong>\u00a0 stelt u in staat om het beheer van elektronische geleidedocumenten uit te besteden. Onze oplossing garandeert een betrouwbare en veilige communicatie tussen de afzender, de nationale systemen van elk Europees land, het communautaire EMCS-systeem en de operatoren die de goederen ontvangen.<\/p>\n<p style=\"text-align: center;\"><a href=\"https:\/\/www.conex.net\/be\/nl\/emcs-nl\/\"><img loading=\"lazy\" decoding=\"async\" class=\"aligncenter size-full wp-image-3841\" src=\"https:\/\/www.conex.net\/be\/wp-content\/uploads\/sites\/3\/2020\/04\/MEER-WETEN-emcs-nl.jpg\" alt=\"MEER-WETEN-emcs-nl\" width=\"149\" height=\"66\" \/><\/a><\/p>\n<\/div>\n<\/div><\/div><\/div><\/div><div id=\"pg-3962-6\"  class=\"panel-grid panel-no-style\" ><div id=\"pgc-3962-6-0\"  class=\"panel-grid-cell\" ><div id=\"panel-3962-6-0-0\" class=\"so-panel widget widget_sow-editor panel-first-child panel-last-child\" data-index=\"10\" ><div\n\t\t\t\n\t\t\tclass=\"so-widget-sow-editor so-widget-sow-editor-base\"\n\t\t\t\n\t\t>\n<div class=\"siteorigin-widget-tinymce textwidget\">\n\t<hr \/>\n<p><a href=\"https:\/\/www.conex.net\/be\/nl\/contact-nl\/\"><img loading=\"lazy\" decoding=\"async\" class=\"aligncenter size-full wp-image-3826\" src=\"https:\/\/www.conex.net\/be\/wp-content\/uploads\/sites\/3\/2020\/04\/contactez-nous-NL.jpg\" alt=\"CONTACTEER ONS!\" width=\"472\" height=\"159\" srcset=\"https:\/\/www.conex.net\/be\/wp-content\/uploads\/sites\/3\/2020\/04\/contactez-nous-NL.jpg 472w, https:\/\/www.conex.net\/be\/wp-content\/uploads\/sites\/3\/2020\/04\/contactez-nous-NL-300x101.jpg 300w\" sizes=\"auto, (max-width: 472px) 100vw, 472px\" \/><\/a><\/p>\n<\/div>\n<\/div><\/div><\/div><\/div><\/div>","protected":false},"excerpt":{"rendered":"<p>VOOR WIE Elke onderneming die binnen de EU goederen verwerft en\/of levert, maar ook voor de boekhoudkantoren die door bedrijven zijn belast met de gehele of een gedeeltelijke uitvoering van hun Europese activiteiten. VOOR WAT Maandelijkse Europese EMEBI-aangifte voor het verkeer van goederen binnen de Europese Unie. &nbsp; HOE Software die het mogelijk maakt om rechtstreeks of via interfaces EMEBI-aangiften op te stellen met inachtneming van de Europese en nationale verplichtingen.<\/p>\n","protected":false},"author":1,"featured_media":3304,"parent":0,"menu_order":0,"comment_status":"closed","ping_status":"closed","template":"Page-fullwidth.php","meta":{"footnotes":""},"class_list":["post-3962","page","type-page","status-publish","has-post-thumbnail","hentry"],"yoast_head":"<!-- This site is optimized with the Yoast SEO plugin v27.3 - https:\/\/yoast.com\/product\/yoast-seo-wordpress\/ -->\n<title>EMEBI EUROPstat via conex - DEB - Conex Belgique<\/title>\n<meta name=\"description\" content=\"EUROPstat via conex\u2122 est destin\u00e9 \u00e0 toute entreprise op\u00e9rant des acquisitions ou introductions de marchandises au sein de l\u2019Union Europ\u00e9enne, mais aussi aux cabinets d\u2019expertise comptable et mandataires d\u00e9sign\u00e9s pour effectuer tout ou partie de leurs op\u00e9rations europ\u00e9ennes. La d\u00e9claration INTRASTAT est aussi appel\u00e9e en France DEB, D\u00e9claration d\u2019\u00c9changes de Biens.\" \/>\n<meta name=\"robots\" content=\"index, follow, max-snippet:-1, max-image-preview:large, max-video-preview:-1\" \/>\n<link rel=\"canonical\" href=\"https:\/\/www.conex.net\/be\/nl\/emebi-nl\/\" \/>\n<meta property=\"og:locale\" content=\"fr_FR\" \/>\n<meta property=\"og:type\" content=\"article\" \/>\n<meta property=\"og:title\" content=\"EMEBI EUROPstat via conex - DEB - Conex Belgique\" \/>\n<meta property=\"og:description\" content=\"EUROPstat via conex\u2122 est destin\u00e9 \u00e0 toute entreprise op\u00e9rant des acquisitions ou introductions de marchandises au sein de l\u2019Union Europ\u00e9enne, mais aussi aux cabinets d\u2019expertise comptable et mandataires d\u00e9sign\u00e9s pour effectuer tout ou partie de leurs op\u00e9rations europ\u00e9ennes. La d\u00e9claration INTRASTAT est aussi appel\u00e9e en France DEB, D\u00e9claration d\u2019\u00c9changes de Biens.\" \/>\n<meta property=\"og:url\" content=\"https:\/\/www.conex.net\/be\/nl\/emebi-nl\/\" \/>\n<meta property=\"og:site_name\" content=\"Conex Belgique\" \/>\n<meta property=\"article:modified_time\" content=\"2024-01-30T09:24:13+00:00\" \/>\n<meta property=\"og:image\" content=\"https:\/\/www.conex.net\/be\/wp-content\/uploads\/sites\/3\/2020\/01\/EUROPstatviaconex200.jpg\" \/>\n\t<meta property=\"og:image:width\" content=\"233\" \/>\n\t<meta property=\"og:image:height\" content=\"200\" \/>\n\t<meta property=\"og:image:type\" content=\"image\/jpeg\" \/>\n<meta name=\"twitter:card\" content=\"summary_large_image\" \/>\n<meta name=\"twitter:label1\" content=\"Dur\u00e9e de lecture estim\u00e9e\" \/>\n\t<meta name=\"twitter:data1\" content=\"4 minutes\" \/>\n<script type=\"application\/ld+json\" class=\"yoast-schema-graph\">{\"@context\":\"https:\\\/\\\/schema.org\",\"@graph\":[{\"@type\":\"WebPage\",\"@id\":\"https:\\\/\\\/www.conex.net\\\/be\\\/nl\\\/emebi-nl\\\/\",\"url\":\"https:\\\/\\\/www.conex.net\\\/be\\\/nl\\\/emebi-nl\\\/\",\"name\":\"EMEBI EUROPstat via conex - DEB - Conex Belgique\",\"isPartOf\":{\"@id\":\"https:\\\/\\\/www.conex.net\\\/be\\\/#website\"},\"primaryImageOfPage\":{\"@id\":\"https:\\\/\\\/www.conex.net\\\/be\\\/nl\\\/emebi-nl\\\/#primaryimage\"},\"image\":{\"@id\":\"https:\\\/\\\/www.conex.net\\\/be\\\/nl\\\/emebi-nl\\\/#primaryimage\"},\"thumbnailUrl\":\"https:\\\/\\\/www.conex.net\\\/be\\\/wp-content\\\/uploads\\\/sites\\\/3\\\/2020\\\/01\\\/EUROPstatviaconex200.jpg\",\"datePublished\":\"2020-05-28T14:51:21+00:00\",\"dateModified\":\"2024-01-30T09:24:13+00:00\",\"description\":\"EUROPstat via conex\u2122 est destin\u00e9 \u00e0 toute entreprise op\u00e9rant des acquisitions ou introductions de marchandises au sein de l\u2019Union Europ\u00e9enne, mais aussi aux cabinets d\u2019expertise comptable et mandataires d\u00e9sign\u00e9s pour effectuer tout ou partie de leurs op\u00e9rations europ\u00e9ennes. La d\u00e9claration INTRASTAT est aussi appel\u00e9e en France DEB, D\u00e9claration d\u2019\u00c9changes de Biens.\",\"breadcrumb\":{\"@id\":\"https:\\\/\\\/www.conex.net\\\/be\\\/nl\\\/emebi-nl\\\/#breadcrumb\"},\"inLanguage\":\"fr-FR\",\"potentialAction\":[{\"@type\":\"ReadAction\",\"target\":[\"https:\\\/\\\/www.conex.net\\\/be\\\/nl\\\/emebi-nl\\\/\"]}]},{\"@type\":\"ImageObject\",\"inLanguage\":\"fr-FR\",\"@id\":\"https:\\\/\\\/www.conex.net\\\/be\\\/nl\\\/emebi-nl\\\/#primaryimage\",\"url\":\"https:\\\/\\\/www.conex.net\\\/be\\\/wp-content\\\/uploads\\\/sites\\\/3\\\/2020\\\/01\\\/EUROPstatviaconex200.jpg\",\"contentUrl\":\"https:\\\/\\\/www.conex.net\\\/be\\\/wp-content\\\/uploads\\\/sites\\\/3\\\/2020\\\/01\\\/EUROPstatviaconex200.jpg\",\"width\":233,\"height\":200,\"caption\":\"EUROPstat via conex\"},{\"@type\":\"BreadcrumbList\",\"@id\":\"https:\\\/\\\/www.conex.net\\\/be\\\/nl\\\/emebi-nl\\\/#breadcrumb\",\"itemListElement\":[{\"@type\":\"ListItem\",\"position\":1,\"name\":\"Accueil\",\"item\":\"https:\\\/\\\/www.conex.net\\\/be\\\/\"},{\"@type\":\"ListItem\",\"position\":2,\"name\":\"EMEBI\"}]},{\"@type\":\"WebSite\",\"@id\":\"https:\\\/\\\/www.conex.net\\\/be\\\/#website\",\"url\":\"https:\\\/\\\/www.conex.net\\\/be\\\/\",\"name\":\"Conex Belgique\",\"description\":\"Your customs partner - CONEX BE\",\"potentialAction\":[{\"@type\":\"SearchAction\",\"target\":{\"@type\":\"EntryPoint\",\"urlTemplate\":\"https:\\\/\\\/www.conex.net\\\/be\\\/?s={search_term_string}\"},\"query-input\":{\"@type\":\"PropertyValueSpecification\",\"valueRequired\":true,\"valueName\":\"search_term_string\"}}],\"inLanguage\":\"fr-FR\"}]}<\/script>\n<!-- \/ Yoast SEO plugin. -->","yoast_head_json":{"title":"EMEBI EUROPstat via conex - DEB - Conex Belgique","description":"EUROPstat via conex\u2122 est destin\u00e9 \u00e0 toute entreprise op\u00e9rant des acquisitions ou introductions de marchandises au sein de l\u2019Union Europ\u00e9enne, mais aussi aux cabinets d\u2019expertise comptable et mandataires d\u00e9sign\u00e9s pour effectuer tout ou partie de leurs op\u00e9rations europ\u00e9ennes. La d\u00e9claration INTRASTAT est aussi appel\u00e9e en France DEB, D\u00e9claration d\u2019\u00c9changes de Biens.","robots":{"index":"index","follow":"follow","max-snippet":"max-snippet:-1","max-image-preview":"max-image-preview:large","max-video-preview":"max-video-preview:-1"},"canonical":"https:\/\/www.conex.net\/be\/nl\/emebi-nl\/","og_locale":"fr_FR","og_type":"article","og_title":"EMEBI EUROPstat via conex - DEB - Conex Belgique","og_description":"EUROPstat via conex\u2122 est destin\u00e9 \u00e0 toute entreprise op\u00e9rant des acquisitions ou introductions de marchandises au sein de l\u2019Union Europ\u00e9enne, mais aussi aux cabinets d\u2019expertise comptable et mandataires d\u00e9sign\u00e9s pour effectuer tout ou partie de leurs op\u00e9rations europ\u00e9ennes. La d\u00e9claration INTRASTAT est aussi appel\u00e9e en France DEB, D\u00e9claration d\u2019\u00c9changes de Biens.","og_url":"https:\/\/www.conex.net\/be\/nl\/emebi-nl\/","og_site_name":"Conex Belgique","article_modified_time":"2024-01-30T09:24:13+00:00","og_image":[{"width":233,"height":200,"url":"https:\/\/www.conex.net\/be\/wp-content\/uploads\/sites\/3\/2020\/01\/EUROPstatviaconex200.jpg","type":"image\/jpeg"}],"twitter_card":"summary_large_image","twitter_misc":{"Dur\u00e9e de lecture estim\u00e9e":"4 minutes"},"schema":{"@context":"https:\/\/schema.org","@graph":[{"@type":"WebPage","@id":"https:\/\/www.conex.net\/be\/nl\/emebi-nl\/","url":"https:\/\/www.conex.net\/be\/nl\/emebi-nl\/","name":"EMEBI EUROPstat via conex - DEB - Conex Belgique","isPartOf":{"@id":"https:\/\/www.conex.net\/be\/#website"},"primaryImageOfPage":{"@id":"https:\/\/www.conex.net\/be\/nl\/emebi-nl\/#primaryimage"},"image":{"@id":"https:\/\/www.conex.net\/be\/nl\/emebi-nl\/#primaryimage"},"thumbnailUrl":"https:\/\/www.conex.net\/be\/wp-content\/uploads\/sites\/3\/2020\/01\/EUROPstatviaconex200.jpg","datePublished":"2020-05-28T14:51:21+00:00","dateModified":"2024-01-30T09:24:13+00:00","description":"EUROPstat via conex\u2122 est destin\u00e9 \u00e0 toute entreprise op\u00e9rant des acquisitions ou introductions de marchandises au sein de l\u2019Union Europ\u00e9enne, mais aussi aux cabinets d\u2019expertise comptable et mandataires d\u00e9sign\u00e9s pour effectuer tout ou partie de leurs op\u00e9rations europ\u00e9ennes. La d\u00e9claration INTRASTAT est aussi appel\u00e9e en France DEB, D\u00e9claration d\u2019\u00c9changes de Biens.","breadcrumb":{"@id":"https:\/\/www.conex.net\/be\/nl\/emebi-nl\/#breadcrumb"},"inLanguage":"fr-FR","potentialAction":[{"@type":"ReadAction","target":["https:\/\/www.conex.net\/be\/nl\/emebi-nl\/"]}]},{"@type":"ImageObject","inLanguage":"fr-FR","@id":"https:\/\/www.conex.net\/be\/nl\/emebi-nl\/#primaryimage","url":"https:\/\/www.conex.net\/be\/wp-content\/uploads\/sites\/3\/2020\/01\/EUROPstatviaconex200.jpg","contentUrl":"https:\/\/www.conex.net\/be\/wp-content\/uploads\/sites\/3\/2020\/01\/EUROPstatviaconex200.jpg","width":233,"height":200,"caption":"EUROPstat via conex"},{"@type":"BreadcrumbList","@id":"https:\/\/www.conex.net\/be\/nl\/emebi-nl\/#breadcrumb","itemListElement":[{"@type":"ListItem","position":1,"name":"Accueil","item":"https:\/\/www.conex.net\/be\/"},{"@type":"ListItem","position":2,"name":"EMEBI"}]},{"@type":"WebSite","@id":"https:\/\/www.conex.net\/be\/#website","url":"https:\/\/www.conex.net\/be\/","name":"Conex Belgique","description":"Your customs partner - CONEX BE","potentialAction":[{"@type":"SearchAction","target":{"@type":"EntryPoint","urlTemplate":"https:\/\/www.conex.net\/be\/?s={search_term_string}"},"query-input":{"@type":"PropertyValueSpecification","valueRequired":true,"valueName":"search_term_string"}}],"inLanguage":"fr-FR"}]}},"_links":{"self":[{"href":"https:\/\/www.conex.net\/be\/wp-json\/wp\/v2\/pages\/3962","targetHints":{"allow":["GET"]}}],"collection":[{"href":"https:\/\/www.conex.net\/be\/wp-json\/wp\/v2\/pages"}],"about":[{"href":"https:\/\/www.conex.net\/be\/wp-json\/wp\/v2\/types\/page"}],"author":[{"embeddable":true,"href":"https:\/\/www.conex.net\/be\/wp-json\/wp\/v2\/users\/1"}],"replies":[{"embeddable":true,"href":"https:\/\/www.conex.net\/be\/wp-json\/wp\/v2\/comments?post=3962"}],"version-history":[{"count":32,"href":"https:\/\/www.conex.net\/be\/wp-json\/wp\/v2\/pages\/3962\/revisions"}],"predecessor-version":[{"id":4747,"href":"https:\/\/www.conex.net\/be\/wp-json\/wp\/v2\/pages\/3962\/revisions\/4747"}],"wp:featuredmedia":[{"embeddable":true,"href":"https:\/\/www.conex.net\/be\/wp-json\/wp\/v2\/media\/3304"}],"wp:attachment":[{"href":"https:\/\/www.conex.net\/be\/wp-json\/wp\/v2\/media?parent=3962"}],"curies":[{"name":"wp","href":"https:\/\/api.w.org\/{rel}","templated":true}]}}