{"id":4363,"date":"2021-03-11T12:20:03","date_gmt":"2021-03-11T11:20:03","guid":{"rendered":"https:\/\/www.conex.net\/be\/?page_id=4363"},"modified":"2021-03-26T18:18:20","modified_gmt":"2021-03-26T17:18:20","slug":"douane-fr-uk-des-deux-cotes-du-channel","status":"publish","type":"page","link":"https:\/\/www.conex.net\/be\/douane-fr-uk-des-deux-cotes-du-channel\/","title":{"rendered":"Douane FR\/UK des deux c\u00f4t\u00e9s du Channel"},"content":{"rendered":"<div id=\"pl-4363\"  class=\"panel-layout\" ><div id=\"pg-4363-0\"  class=\"panel-grid panel-no-style\" ><div id=\"pgc-4363-0-0\"  class=\"panel-grid-cell\" ><div id=\"panel-4363-0-0-0\" class=\"so-panel widget widget_sow-hero panel-first-child panel-last-child\" data-index=\"0\" ><div\n\t\t\t\n\t\t\tclass=\"so-widget-sow-hero so-widget-sow-hero-default-6e283e92799f-4363 so-widget-fittext-wrapper\"\n\t\t\t data-fit-text-compressor=\"0.85\"\n\t\t>\t\t\t\t<div class=\"sow-slider-base\" style=\"display: none\" tabindex=\"0\">\n\t\t\t\t\t<ul\n\t\t\t\t\tclass=\"sow-slider-images\"\n\t\t\t\t\tdata-settings=\"{&quot;pagination&quot;:true,&quot;speed&quot;:800,&quot;timeout&quot;:8000,&quot;paused&quot;:false,&quot;pause_on_hover&quot;:false,&quot;swipe&quot;:true,&quot;nav_always_show_desktop&quot;:&quot;&quot;,&quot;nav_always_show_mobile&quot;:&quot;&quot;,&quot;breakpoint&quot;:&quot;780px&quot;,&quot;unmute&quot;:false,&quot;anchor&quot;:null}\"\n\t\t\t\t\t\t\t\t\t\tdata-anchor-id=\"\"\n\t\t\t\t>\t\t<li class=\"sow-slider-image  sow-slider-image-cover\" style=\"visibility: visible;;background-color: #333333;background-image: url(https:\/\/www.conex.net\/be\/wp-content\/uploads\/sites\/3\/2021\/03\/bandeau-site-webinaire-post-brexit.jpg)\" >\n\t\t\t\t\t<div class=\"sow-slider-image-container\">\n\t\t\t<div class=\"sow-slider-image-wrapper\">\n\t\t\t\t<h1 style=\"text-align: center\">WEBINAIRE<\/h1>\n<h3 style=\"text-align: center\">Jeudi<br \/>\n<strong>8 avril 2021<\/strong><br \/>\nde 16h00 \u00e0 16h30<\/h3>\n<h6 style=\"text-align: center\">via conex\u2122<\/h6>\n\t\t\t<\/div>\n\t\t<\/div>\n\t\t\t\t<\/li>\n\t\t<\/ul>\t\t\t\t<ol class=\"sow-slider-pagination\">\n\t\t\t\t\t\t\t\t\t\t\t<li><a href=\"#\" data-goto=\"0\" aria-label=\"Display slide 1\"><\/a><\/li>\n\t\t\t\t\t\t\t\t\t<\/ol>\n\n\t\t\t\t<div class=\"sow-slide-nav sow-slide-nav-next\">\n\t\t\t\t\t<a href=\"#\" data-goto=\"next\" aria-label=\"Next slide\" data-action=\"next\">\n\t\t\t\t\t\t<em class=\"sow-sld-icon-thin-right\"><\/em>\n\t\t\t\t\t<\/a>\n\t\t\t\t<\/div>\n\n\t\t\t\t<div class=\"sow-slide-nav sow-slide-nav-prev\">\n\t\t\t\t\t<a href=\"#\" data-goto=\"previous\" aria-label=\"Previous slide\" data-action=\"prev\">\n\t\t\t\t\t\t<em class=\"sow-sld-icon-thin-left\"><\/em>\n\t\t\t\t\t<\/a>\n\t\t\t\t<\/div>\n\t\t\t\t<\/div><\/div><\/div><\/div><\/div><div id=\"pg-4363-1\"  class=\"panel-grid panel-no-style\" ><div id=\"pgc-4363-1-0\"  class=\"panel-grid-cell\" ><div id=\"panel-4363-1-0-0\" class=\"so-panel widget widget_sow-editor panel-first-child panel-last-child\" data-index=\"1\" ><div\n\t\t\t\n\t\t\tclass=\"so-widget-sow-editor so-widget-sow-editor-base\"\n\t\t\t\n\t\t>\n<div class=\"siteorigin-widget-tinymce textwidget\">\n\t<h3 style=\"text-align: center;\"><span style=\"color: #c40000;\"><strong>INVITATION WEBINAIRE<\/strong><\/span><\/h3>\n<h3 style=\"font-style: inherit; font-weight: inherit; text-align: center;\"><span style=\"color: #c40000;\">COMMENT TIRER PARTI DES PROC\u00c9DURES DOUANI\u00c8RES<\/span><\/h3>\n<h3 style=\"font-style: inherit; font-weight: inherit; text-align: center;\"><span style=\"color: #c40000;\">DES DEUX C\u00d4T\u00c9S DU CHANNEL<\/span><\/h3>\n<h4 style=\"text-align: center;\"><strong>Jeudi 8 avril 2021 de 16h00 \u00e0 16h30<\/strong><\/h4>\n<hr \/>\n<p><span style=\"color: #333333;\">La performance de votre activit\u00e9 douani\u00e8re passe avant tout par une bonne connaissance de la r\u00e9glementation.<\/span><\/p>\n<p style=\"text-align: justify;\"><span style=\"color: #333333;\">En plus de notre r\u00f4le d\u2019\u00e9diteur de logiciels, nous avons \u00e0 c\u0153ur de vous tenir inform\u00e9s des \u00e9volutions r\u00e9glementaires qui jalonnent notre quotidien. Avec le d\u00e9part des Britanniques de l\u2019Union europ\u00e9enne et le r\u00e9tablissement des d\u00e9clarations douani\u00e8res pour tous les \u00e9changes de marchandises avec le Royaume-Uni, nous avons bien entendu adapt\u00e9 nos solutions au concept de la fronti\u00e8re intelligente\u00a0et nous sommes aussi all\u00e9s plus loin\u2026\u00a0<\/span><\/p>\n<p>&nbsp;<\/p>\n<p><span style=\"color: #333333;\"><strong>AU PROGRAMME POUR VOUS :<\/strong><\/span><\/p>\n<p>&nbsp;<\/p>\n<ul>\n<li><span style=\"color: #333333;\">Les syst\u00e8mes douaniers\u00a0 (Delta, Fronti\u00e8re intelligente, Chief, CDS)<\/span><\/li>\n<li><span style=\"color: #333333;\">L'effet miroir des proc\u00e9dures douani\u00e8res des deux c\u00f4t\u00e9s du Channel<\/span><\/li>\n<li><span style=\"color: #333333;\">Les syst\u00e8mes s\u00e9curitaires (ICS Import Control System et GB S&amp;S Safety &amp; Security)<\/span><\/li>\n<li><span style=\"color: #333333;\">Le pilotage intelligent de vos donn\u00e9es avec CUSTOMS via conex\u2122 FR\/UK<\/span><\/li>\n<\/ul>\n<h3 style=\"text-align: center;\"><span style=\"color: #c40000;\">\u00a0<\/span><\/h3>\n<h3 style=\"text-align: center;\"><a href=\"https:\/\/forms.sbc37.com\/5aa2983ab85b5350ef1cee16\/NcN74ZNcShWGFVn53h--cg\/wsdVWUH9QrS1H7r8vv3G-A\/form.html\" target=\"_blank\" rel=\"noopener noreferrer\"><strong><span style=\"color: #c40000;\">_____<\/span><\/strong><strong><span style=\"color: #c40000;\"> INSCRIPTION GRATUITE _____<\/span><\/strong><\/a><\/h3>\n<\/div>\n<\/div><\/div><\/div><\/div><\/div>","protected":false},"excerpt":{"rendered":"<p>INVITATION WEBINAIRE COMMENT TIRER PARTI DES PROC\u00c9DURES DOUANI\u00c8RES DES DEUX C\u00d4T\u00c9S DU CHANNEL Jeudi 8 avril 2021 de 16h00 \u00e0 16h30 La performance de votre activit\u00e9 douani\u00e8re passe avant tout par une bonne connaissance de la r\u00e9glementation. En plus de notre r\u00f4le d\u2019\u00e9diteur de logiciels, nous avons \u00e0 c\u0153ur de vous tenir inform\u00e9s des \u00e9volutions r\u00e9glementaires qui jalonnent notre quotidien. Avec le d\u00e9part des Britanniques de l\u2019Union europ\u00e9enne et le r\u00e9tablissement des d\u00e9clarations douani\u00e8res pour [&hellip;]<\/p>\n","protected":false},"author":1,"featured_media":0,"parent":0,"menu_order":0,"comment_status":"closed","ping_status":"closed","template":"","meta":{"footnotes":""},"class_list":["post-4363","page","type-page","status-publish","hentry"],"yoast_head":"<!-- This site is optimized with the Yoast SEO plugin v27.5 - https:\/\/yoast.com\/product\/yoast-seo-wordpress\/ -->\n<title>Douane FR\/UK des deux c\u00f4t\u00e9s du Channel - Conex Belgique<\/title>\n<meta name=\"robots\" content=\"index, follow, max-snippet:-1, max-image-preview:large, max-video-preview:-1\" \/>\n<link rel=\"canonical\" href=\"https:\/\/www.conex.net\/be\/douane-fr-uk-des-deux-cotes-du-channel\/\" \/>\n<meta property=\"og:locale\" content=\"fr_FR\" \/>\n<meta property=\"og:type\" content=\"article\" \/>\n<meta property=\"og:title\" content=\"Douane FR\/UK des deux c\u00f4t\u00e9s du Channel - Conex Belgique\" \/>\n<meta property=\"og:description\" content=\"INVITATION WEBINAIRE COMMENT TIRER PARTI DES PROC\u00c9DURES DOUANI\u00c8RES DES DEUX C\u00d4T\u00c9S DU CHANNEL Jeudi 8 avril 2021 de 16h00 \u00e0 16h30 La performance de votre activit\u00e9 douani\u00e8re passe avant tout par une bonne connaissance de la r\u00e9glementation. En plus de notre r\u00f4le d\u2019\u00e9diteur de logiciels, nous avons \u00e0 c\u0153ur de vous tenir inform\u00e9s des \u00e9volutions r\u00e9glementaires qui jalonnent notre quotidien. Avec le d\u00e9part des Britanniques de l\u2019Union europ\u00e9enne et le r\u00e9tablissement des d\u00e9clarations douani\u00e8res pour [&hellip;]\" \/>\n<meta property=\"og:url\" content=\"https:\/\/www.conex.net\/be\/douane-fr-uk-des-deux-cotes-du-channel\/\" \/>\n<meta property=\"og:site_name\" content=\"Conex Belgique\" \/>\n<meta property=\"article:modified_time\" content=\"2021-03-26T17:18:20+00:00\" \/>\n<meta name=\"twitter:card\" content=\"summary_large_image\" \/>\n<meta name=\"twitter:label1\" content=\"Dur\u00e9e de lecture estim\u00e9e\" \/>\n\t<meta name=\"twitter:data1\" content=\"1 minute\" \/>\n<script type=\"application\/ld+json\" class=\"yoast-schema-graph\">{\"@context\":\"https:\\\/\\\/schema.org\",\"@graph\":[{\"@type\":\"WebPage\",\"@id\":\"https:\\\/\\\/www.conex.net\\\/be\\\/douane-fr-uk-des-deux-cotes-du-channel\\\/\",\"url\":\"https:\\\/\\\/www.conex.net\\\/be\\\/douane-fr-uk-des-deux-cotes-du-channel\\\/\",\"name\":\"Douane FR\\\/UK des deux c\u00f4t\u00e9s du Channel - Conex Belgique\",\"isPartOf\":{\"@id\":\"https:\\\/\\\/www.conex.net\\\/be\\\/#website\"},\"datePublished\":\"2021-03-11T11:20:03+00:00\",\"dateModified\":\"2021-03-26T17:18:20+00:00\",\"breadcrumb\":{\"@id\":\"https:\\\/\\\/www.conex.net\\\/be\\\/douane-fr-uk-des-deux-cotes-du-channel\\\/#breadcrumb\"},\"inLanguage\":\"fr-FR\",\"potentialAction\":[{\"@type\":\"ReadAction\",\"target\":[\"https:\\\/\\\/www.conex.net\\\/be\\\/douane-fr-uk-des-deux-cotes-du-channel\\\/\"]}]},{\"@type\":\"BreadcrumbList\",\"@id\":\"https:\\\/\\\/www.conex.net\\\/be\\\/douane-fr-uk-des-deux-cotes-du-channel\\\/#breadcrumb\",\"itemListElement\":[{\"@type\":\"ListItem\",\"position\":1,\"name\":\"Accueil\",\"item\":\"https:\\\/\\\/www.conex.net\\\/be\\\/\"},{\"@type\":\"ListItem\",\"position\":2,\"name\":\"Douane FR\\\/UK des deux c\u00f4t\u00e9s du Channel\"}]},{\"@type\":\"WebSite\",\"@id\":\"https:\\\/\\\/www.conex.net\\\/be\\\/#website\",\"url\":\"https:\\\/\\\/www.conex.net\\\/be\\\/\",\"name\":\"Conex Belgique\",\"description\":\"Your customs partner - CONEX BE\",\"potentialAction\":[{\"@type\":\"SearchAction\",\"target\":{\"@type\":\"EntryPoint\",\"urlTemplate\":\"https:\\\/\\\/www.conex.net\\\/be\\\/?s={search_term_string}\"},\"query-input\":{\"@type\":\"PropertyValueSpecification\",\"valueRequired\":true,\"valueName\":\"search_term_string\"}}],\"inLanguage\":\"fr-FR\"}]}<\/script>\n<!-- \/ Yoast SEO plugin. -->","yoast_head_json":{"title":"Douane FR\/UK des deux c\u00f4t\u00e9s du Channel - Conex Belgique","robots":{"index":"index","follow":"follow","max-snippet":"max-snippet:-1","max-image-preview":"max-image-preview:large","max-video-preview":"max-video-preview:-1"},"canonical":"https:\/\/www.conex.net\/be\/douane-fr-uk-des-deux-cotes-du-channel\/","og_locale":"fr_FR","og_type":"article","og_title":"Douane FR\/UK des deux c\u00f4t\u00e9s du Channel - Conex Belgique","og_description":"INVITATION WEBINAIRE COMMENT TIRER PARTI DES PROC\u00c9DURES DOUANI\u00c8RES DES DEUX C\u00d4T\u00c9S DU CHANNEL Jeudi 8 avril 2021 de 16h00 \u00e0 16h30 La performance de votre activit\u00e9 douani\u00e8re passe avant tout par une bonne connaissance de la r\u00e9glementation. En plus de notre r\u00f4le d\u2019\u00e9diteur de logiciels, nous avons \u00e0 c\u0153ur de vous tenir inform\u00e9s des \u00e9volutions r\u00e9glementaires qui jalonnent notre quotidien. Avec le d\u00e9part des Britanniques de l\u2019Union europ\u00e9enne et le r\u00e9tablissement des d\u00e9clarations douani\u00e8res pour [&hellip;]","og_url":"https:\/\/www.conex.net\/be\/douane-fr-uk-des-deux-cotes-du-channel\/","og_site_name":"Conex Belgique","article_modified_time":"2021-03-26T17:18:20+00:00","twitter_card":"summary_large_image","twitter_misc":{"Dur\u00e9e de lecture estim\u00e9e":"1 minute"},"schema":{"@context":"https:\/\/schema.org","@graph":[{"@type":"WebPage","@id":"https:\/\/www.conex.net\/be\/douane-fr-uk-des-deux-cotes-du-channel\/","url":"https:\/\/www.conex.net\/be\/douane-fr-uk-des-deux-cotes-du-channel\/","name":"Douane FR\/UK des deux c\u00f4t\u00e9s du Channel - Conex Belgique","isPartOf":{"@id":"https:\/\/www.conex.net\/be\/#website"},"datePublished":"2021-03-11T11:20:03+00:00","dateModified":"2021-03-26T17:18:20+00:00","breadcrumb":{"@id":"https:\/\/www.conex.net\/be\/douane-fr-uk-des-deux-cotes-du-channel\/#breadcrumb"},"inLanguage":"fr-FR","potentialAction":[{"@type":"ReadAction","target":["https:\/\/www.conex.net\/be\/douane-fr-uk-des-deux-cotes-du-channel\/"]}]},{"@type":"BreadcrumbList","@id":"https:\/\/www.conex.net\/be\/douane-fr-uk-des-deux-cotes-du-channel\/#breadcrumb","itemListElement":[{"@type":"ListItem","position":1,"name":"Accueil","item":"https:\/\/www.conex.net\/be\/"},{"@type":"ListItem","position":2,"name":"Douane FR\/UK des deux c\u00f4t\u00e9s du Channel"}]},{"@type":"WebSite","@id":"https:\/\/www.conex.net\/be\/#website","url":"https:\/\/www.conex.net\/be\/","name":"Conex Belgique","description":"Your customs partner - CONEX BE","potentialAction":[{"@type":"SearchAction","target":{"@type":"EntryPoint","urlTemplate":"https:\/\/www.conex.net\/be\/?s={search_term_string}"},"query-input":{"@type":"PropertyValueSpecification","valueRequired":true,"valueName":"search_term_string"}}],"inLanguage":"fr-FR"}]}},"_links":{"self":[{"href":"https:\/\/www.conex.net\/be\/wp-json\/wp\/v2\/pages\/4363","targetHints":{"allow":["GET"]}}],"collection":[{"href":"https:\/\/www.conex.net\/be\/wp-json\/wp\/v2\/pages"}],"about":[{"href":"https:\/\/www.conex.net\/be\/wp-json\/wp\/v2\/types\/page"}],"author":[{"embeddable":true,"href":"https:\/\/www.conex.net\/be\/wp-json\/wp\/v2\/users\/1"}],"replies":[{"embeddable":true,"href":"https:\/\/www.conex.net\/be\/wp-json\/wp\/v2\/comments?post=4363"}],"version-history":[{"count":6,"href":"https:\/\/www.conex.net\/be\/wp-json\/wp\/v2\/pages\/4363\/revisions"}],"predecessor-version":[{"id":4387,"href":"https:\/\/www.conex.net\/be\/wp-json\/wp\/v2\/pages\/4363\/revisions\/4387"}],"wp:attachment":[{"href":"https:\/\/www.conex.net\/be\/wp-json\/wp\/v2\/media?parent=4363"}],"curies":[{"name":"wp","href":"https:\/\/api.w.org\/{rel}","templated":true}]}}