{"id":4392,"date":"2021-06-22T11:20:32","date_gmt":"2021-06-22T09:20:32","guid":{"rendered":"https:\/\/www.conex.net\/be\/?page_id=4392"},"modified":"2021-06-22T11:23:09","modified_gmt":"2021-06-22T09:23:09","slug":"express-logiciel-douane-e-commerce","status":"publish","type":"page","link":"https:\/\/www.conex.net\/be\/express-logiciel-douane-e-commerce\/","title":{"rendered":"EXPRESS H7"},"content":{"rendered":"<div id=\"pl-4392\"  class=\"panel-layout\" ><div id=\"pg-4392-0\"  class=\"panel-grid panel-has-style\" ><div class=\"siteorigin-panels-stretch panel-row-style panel-row-style-for-4392-0\" data-stretch-type=\"full-stretched\" ><div id=\"pgc-4392-0-0\"  class=\"panel-grid-cell\" ><div id=\"panel-4392-0-0-0\" class=\"so-panel widget widget_sow-hero panel-first-child panel-last-child\" data-index=\"0\" ><div\n\t\t\t\n\t\t\tclass=\"so-widget-sow-hero so-widget-sow-hero-default-81741d735408-4392\"\n\t\t\t\n\t\t>\t\t\t\t<div class=\"sow-slider-base\" style=\"display: none\" tabindex=\"0\">\n\t\t\t\t\t<ul\n\t\t\t\t\tclass=\"sow-slider-images\"\n\t\t\t\t\tdata-settings=\"{&quot;pagination&quot;:true,&quot;speed&quot;:800,&quot;timeout&quot;:8000,&quot;paused&quot;:false,&quot;pause_on_hover&quot;:false,&quot;swipe&quot;:false,&quot;nav_always_show_desktop&quot;:&quot;&quot;,&quot;nav_always_show_mobile&quot;:&quot;&quot;,&quot;breakpoint&quot;:&quot;780px&quot;,&quot;unmute&quot;:false,&quot;anchor&quot;:null}\"\n\t\t\t\t\t\t\t\t\t\tdata-anchor-id=\"\"\n\t\t\t\t>\t\t<li class=\"sow-slider-image  sow-slider-image-cover\" style=\"visibility: visible;;background-color: #333333;background-image: url(https:\/\/www.conex.net\/be\/wp-content\/uploads\/sites\/3\/2021\/06\/bandeau-pds-EXPRESSviaconex-1536x427.jpg)\" >\n\t\t\t\t\t<div class=\"sow-slider-image-container\">\n\t\t\t<div class=\"sow-slider-image-wrapper\">\n\t\t\t\t\t\t\t<\/div>\n\t\t<\/div>\n\t\t\t\t<\/li>\n\t\t<\/ul>\t\t\t\t<ol class=\"sow-slider-pagination\">\n\t\t\t\t\t\t\t\t\t\t\t<li><a href=\"#\" data-goto=\"0\" aria-label=\"Display slide 1\"><\/a><\/li>\n\t\t\t\t\t\t\t\t\t<\/ol>\n\n\t\t\t\t<div class=\"sow-slide-nav sow-slide-nav-next\">\n\t\t\t\t\t<a href=\"#\" data-goto=\"next\" aria-label=\"Next slide\" data-action=\"next\">\n\t\t\t\t\t\t<em class=\"sow-sld-icon-thin-right\"><\/em>\n\t\t\t\t\t<\/a>\n\t\t\t\t<\/div>\n\n\t\t\t\t<div class=\"sow-slide-nav sow-slide-nav-prev\">\n\t\t\t\t\t<a href=\"#\" data-goto=\"previous\" aria-label=\"Previous slide\" data-action=\"prev\">\n\t\t\t\t\t\t<em class=\"sow-sld-icon-thin-left\"><\/em>\n\t\t\t\t\t<\/a>\n\t\t\t\t<\/div>\n\t\t\t\t<\/div><\/div><\/div><\/div><\/div><\/div><div id=\"pg-4392-1\"  class=\"panel-grid panel-has-style\" ><div class=\"siteorigin-panels-stretch panel-row-style panel-row-style-for-4392-1\" data-stretch-type=\"full\" ><div id=\"pgc-4392-1-0\"  class=\"panel-grid-cell\" ><div id=\"panel-4392-1-0-0\" class=\"so-panel widget widget_sow-editor panel-first-child panel-last-child\" data-index=\"1\" ><div\n\t\t\t\n\t\t\tclass=\"so-widget-sow-editor so-widget-sow-editor-base\"\n\t\t\t\n\t\t>\n<div class=\"siteorigin-widget-tinymce textwidget\">\n\t<h3 style=\"text-align: center;\"><span style=\"color: #ffffff;\">POUR QUI<\/span><\/h3>\n<hr style=\"height: 2px; color: #fff; background-color: #fff; width: 50%; border: none;\" \/>\n<p style=\"text-align: center;\"><span style=\"color: #ffffff;\">Les acteurs du e-commerce et<br \/>\ndu transport express.<\/span><\/p>\n<\/div>\n<\/div><\/div><\/div><div id=\"pgc-4392-1-1\"  class=\"panel-grid-cell\" ><div id=\"panel-4392-1-1-0\" class=\"so-panel widget widget_sow-editor panel-first-child panel-last-child\" data-index=\"2\" ><div\n\t\t\t\n\t\t\tclass=\"so-widget-sow-editor so-widget-sow-editor-base\"\n\t\t\t\n\t\t>\n<div class=\"siteorigin-widget-tinymce textwidget\">\n\t<h3 style=\"text-align: center;\"><span style=\"color: #ffffff;\">POUR QUOI<\/span><\/h3>\n<hr style=\"height: 2px; color: #fff; background-color: #fff; width: 50%; border: none;\" \/>\n<p style=\"text-align: center;\"><span style=\"color: #ffffff;\">La d\u00e9claration H7,<br \/>\nIDMS H7 en Belgique, DELTA H7 en France.<\/span><\/p>\n<\/div>\n<\/div><\/div><\/div><div id=\"pgc-4392-1-2\"  class=\"panel-grid-cell\" ><div id=\"panel-4392-1-2-0\" class=\"so-panel widget widget_sow-editor panel-first-child panel-last-child\" data-index=\"3\" ><div\n\t\t\t\n\t\t\tclass=\"so-widget-sow-editor so-widget-sow-editor-base\"\n\t\t\t\n\t\t>\n<div class=\"siteorigin-widget-tinymce textwidget\">\n\t<h3 style=\"text-align: center;\"><span style=\"color: #ffffff;\">COMMENT<\/span><\/h3>\n<hr style=\"height: 2px; color: #fff; background-color: #fff; width: 50%; border: none;\" \/>\n<p style=\"text-align: center;\"><span style=\"color: #ffffff;\">Interface d'\u00e9changes de donn\u00e9es EDI<\/span><br \/>\n<span style=\"color: #ffffff;\">Application WEB - mode SaaS<\/span><\/p>\n<\/div>\n<\/div><\/div><\/div><\/div><\/div><div id=\"pg-4392-2\"  class=\"panel-grid panel-no-style\" ><div id=\"pgc-4392-2-0\"  class=\"panel-grid-cell\" ><div id=\"panel-4392-2-0-0\" class=\"so-panel widget widget_sow-editor panel-first-child panel-last-child\" data-index=\"4\" ><div\n\t\t\t\n\t\t\tclass=\"so-widget-sow-editor so-widget-sow-editor-base\"\n\t\t\t\n\t\t>\n<div class=\"siteorigin-widget-tinymce textwidget\">\n\t<h2><span style=\"color: #333333;\">LA D\u00c9CLARATION H7 avec EXPRESS via conex\u2122<\/span><\/h2>\n<p style=\"text-align: justify;\"><strong><span style=\"color: #c7a080;\">EXPRESS<\/span><span style=\"color: #333333;\"> via conex\u2122 <\/span><\/strong><span style=\"color: #333333;\">est une application WEB propos\u00e9e en mode SaaS. Elle est d\u00e9di\u00e9e \u00e0 la gestion des donn\u00e9es douani\u00e8res de la d\u00e9claration europ\u00e9enne H7 requise dans le cadre des ventes \u00e0 distance et e-commerce de biens import\u00e9s de pays tiers.<\/span><\/p>\n<p style=\"text-align: justify;\"><span style=\"color: #333333;\">Elle permet la gestion simultan\u00e9e d\u2019une volum\u00e9trie importante de vos donn\u00e9es et la lib\u00e9ration instantan\u00e9e de vos marchandises \u00e0 leur arriv\u00e9e sur le territoire de l\u2018Union europ\u00e9enne.<\/span><\/p>\n<p style=\"text-align: justify;\"><span style=\"color: #c7a080;\"><strong>EXPRESS<\/strong><\/span><span style=\"color: #333333;\"><strong> via conex\u2122<\/strong>pr\u00e9pare vos d\u00e9clarations IDMS H7 (BE) et assure les \u00e9changes \u00e9lectroniques avec les serveurs des administrations douani\u00e8res. Obligatoire pour toutes les importations de marchandises dans l\u2019UE ayant une valeur intrins\u00e8que inf\u00e9rieure ou \u00e9gale \u00e0 150 euros, la d\u00e9claration IDMS H7 requiert un jeu de donn\u00e9es ultra-r\u00e9duit mais pour autant obligatoire et bien \u00e9videmment soumis \u00e0 contr\u00f4le douanier. Ayez le r\u00e9flexe<\/span> <span style=\"color: #c7a080;\"><strong>EXPRESS<\/strong><\/span><span style=\"color: #333333;\"><strong> via conex\u2122<\/strong>\u00a0pour votre s\u00e9r\u00e9nit\u00e9 !<\/span><\/p>\n<\/div>\n<\/div><\/div><\/div><\/div><div id=\"pg-4392-3\"  class=\"panel-grid panel-has-style\" ><div class=\"panel-row-style panel-row-style-for-4392-3\" ><div id=\"pgc-4392-3-0\"  class=\"panel-grid-cell\" ><div id=\"panel-4392-3-0-0\" class=\"so-panel widget widget_sow-editor panel-first-child panel-last-child\" data-index=\"5\" ><div\n\t\t\t\n\t\t\tclass=\"so-widget-sow-editor so-widget-sow-editor-base\"\n\t\t\t\n\t\t>\n<div class=\"siteorigin-widget-tinymce textwidget\">\n\t<h5 style=\"text-align: center;\"><span style=\"color: #333333;\"><strong>POUR TOUS LES VOLUMES<\/strong><\/span><\/h5>\n<p style=\"text-align: center;\"><span style=\"color: #333333;\"><strong><span style=\"color: #c7a080;\">EXPRESS\u00a0<span style=\"color: #333333;\">via conex\u2122<\/span><\/span><\/strong> offre une interface d\u2019\u00e9change de donn\u00e9es (EDI) permettant d\u2019interconnecter vos syst\u00e8mes d\u2019information pour une int\u00e9gration automatique de vos donn\u00e9es. Cela en fait une solution parfaitement adapt\u00e9e \u00e0 la gestion des donn\u00e9es douani\u00e8res IDMS H7 dans le cadre du e-commerce, souvent synonyme de volumes tr\u00e8s importants \u00e0 traiter. N\u00e9anmoins, <strong><span style=\"color: #c7a080;\">EXPRESS\u00a0<span style=\"color: #333333;\">via conex\u2122<\/span><\/span><\/strong>\u00a0permet d\u2019initier, corriger et\/ou compl\u00e9ter vos d\u00e9clarations par une saisie manuelle, garantissant ainsi une grande souplesse d\u2019utilisation.<\/span><\/p>\n<\/div>\n<\/div><\/div><\/div><div id=\"pgc-4392-3-1\"  class=\"panel-grid-cell\" ><div id=\"panel-4392-3-1-0\" class=\"so-panel widget widget_sow-editor panel-first-child panel-last-child\" data-index=\"6\" ><div\n\t\t\t\n\t\t\tclass=\"so-widget-sow-editor so-widget-sow-editor-base\"\n\t\t\t\n\t\t>\n<div class=\"siteorigin-widget-tinymce textwidget\">\n\t<h5 style=\"text-align: center;\"><span style=\"color: #333333;\"><strong>LES \u00c9CHANGES EDI S\u00c9CURIS\u00c9S<\/strong><\/span><\/h5>\n<p style=\"text-align: center;\"><span style=\"color: #333333;\">Les \u00e9changes de donn\u00e9es s\u00e9curis\u00e9s avec les syst\u00e8mes douaniers n\u2019ont plus de secret pour nous.<\/span> <span style=\"color: #333333;\"><strong><span style=\"color: #c7a080;\">EXPRESS<span style=\"color: #333333;\">\u00a0via conex\u2122<\/span><\/span><\/strong>\u00a0assure les \u00e9changes de messages de vos d\u00e9clarations douani\u00e8res H7 avec la plateforme \u00e9lectronique de la douane IDMS H7. Son tableau de bord synth\u00e9tique, vous offre un suivi en temps r\u00e9el des notifications et statuts de vos d\u00e9clarations dans le strict respect des protocoles de communication EDI avec les plateformes douani\u00e8res.<\/span><\/p>\n<\/div>\n<\/div><\/div><\/div><\/div><\/div><div id=\"pg-4392-4\"  class=\"panel-grid panel-no-style\" ><div id=\"pgc-4392-4-0\"  class=\"panel-grid-cell\" ><div id=\"panel-4392-4-0-0\" class=\"so-panel widget widget_sow-editor panel-first-child panel-last-child\" data-index=\"7\" ><div\n\t\t\t\n\t\t\tclass=\"so-widget-sow-editor so-widget-sow-editor-base\"\n\t\t\t\n\t\t>\n<div class=\"siteorigin-widget-tinymce textwidget\">\n\t<p><img loading=\"lazy\" decoding=\"async\" class=\"size-full wp-image-4397 aligncenter\" src=\"https:\/\/www.conex.net\/be\/wp-content\/uploads\/sites\/3\/2021\/06\/EXPRESSviaconex-Guichet-unique.jpg\" alt=\"EXPRESSviaconex-Guichet-unique TVA e-commerce IDMS H7\" width=\"88\" height=\"96\" \/><\/p>\n<h5 style=\"text-align: center;\"><span style=\"color: #333333;\"><strong>GUICHET UNIQUE<\/strong><\/span><\/h5>\n<p style=\"text-align: center;\"><span style=\"color: #333333;\">Une solution pour les d\u00e9clarations<br \/>\nIDMS H7 (BE) et DELTA H7 (FR). A terme, d\u2019autres pays rejoindront notre solution.<\/span><\/p>\n<\/div>\n<\/div><\/div><\/div><div id=\"pgc-4392-4-1\"  class=\"panel-grid-cell\" ><div id=\"panel-4392-4-1-0\" class=\"so-panel widget widget_sow-editor panel-first-child panel-last-child\" data-index=\"8\" ><div\n\t\t\t\n\t\t\tclass=\"so-widget-sow-editor so-widget-sow-editor-base\"\n\t\t\t\n\t\t>\n<div class=\"siteorigin-widget-tinymce textwidget\">\n\t<p><img loading=\"lazy\" decoding=\"async\" class=\"size-full wp-image-4396 aligncenter\" src=\"https:\/\/www.conex.net\/be\/wp-content\/uploads\/sites\/3\/2021\/06\/EXPRESSviaconex-Conformite-reglementaire.jpg\" alt=\"EXPRESSviaconex-Conformite-reglementaire\" width=\"88\" height=\"96\" \/><\/p>\n<h5 style=\"text-align: center;\"><span style=\"color: #333333;\"><strong>CONFORMIT\u00c9 R\u00c9GLEMENTAIRE<\/strong><\/span><\/h5>\n<p style=\"text-align: center;\"><span style=\"color: #333333;\">Contr\u00f4les de coh\u00e9rence des donn\u00e9es H7.<\/span><\/p>\n<\/div>\n<\/div><\/div><\/div><div id=\"pgc-4392-4-2\"  class=\"panel-grid-cell\" ><div id=\"panel-4392-4-2-0\" class=\"so-panel widget widget_sow-editor panel-first-child panel-last-child\" data-index=\"9\" ><div\n\t\t\t\n\t\t\tclass=\"so-widget-sow-editor so-widget-sow-editor-base\"\n\t\t\t\n\t\t>\n<div class=\"siteorigin-widget-tinymce textwidget\">\n\t<p><img loading=\"lazy\" decoding=\"async\" class=\"size-full wp-image-4398 aligncenter\" src=\"https:\/\/www.conex.net\/be\/wp-content\/uploads\/sites\/3\/2021\/06\/EXPRESSviaconex-Integrite-donnees.jpg\" alt=\"EXPRESSviaconex-Integrite-donnees\" width=\"88\" height=\"96\" \/><\/p>\n<h5 style=\"text-align: center;\"><span style=\"color: #333333;\"><strong>INT\u00c9GRIT\u00c9 DES DONN\u00c9ES<\/strong><\/span><\/h5>\n<p style=\"text-align: center;\"><span style=\"color: #333333;\">Gr\u00e2ce au transfert de donn\u00e9es \u00e9vitant ainsi la saisie manuelle.<\/span><\/p>\n<\/div>\n<\/div><\/div><\/div><\/div><div id=\"pg-4392-5\"  class=\"panel-grid panel-has-style\" ><div class=\"siteorigin-panels-stretch panel-row-style panel-row-style-for-4392-5\" data-stretch-type=\"full\" ><div id=\"pgc-4392-5-0\"  class=\"panel-grid-cell\" ><div id=\"panel-4392-5-0-0\" class=\"so-panel widget widget_sow-editor panel-first-child panel-last-child\" data-index=\"10\" ><div\n\t\t\t\n\t\t\tclass=\"so-widget-sow-editor so-widget-sow-editor-base\"\n\t\t\t\n\t\t>\n<div class=\"siteorigin-widget-tinymce textwidget\">\n\t<h1 style=\"text-align: center;\">EN COMPL\u00c9MENT DE EXPRESS via conex\u2122 !<\/h1>\n<\/div>\n<\/div><\/div><\/div><\/div><\/div><div id=\"pg-4392-6\"  class=\"panel-grid panel-has-style\" ><div class=\"siteorigin-panels-stretch panel-row-style panel-row-style-for-4392-6\" data-stretch-type=\"full\" ><div id=\"pgc-4392-6-0\"  class=\"panel-grid-cell\" ><div id=\"panel-4392-6-0-0\" class=\"so-panel widget widget_sow-editor panel-first-child\" data-index=\"11\" ><div\n\t\t\t\n\t\t\tclass=\"so-widget-sow-editor so-widget-sow-editor-base\"\n\t\t\t\n\t\t>\n<div class=\"siteorigin-widget-tinymce textwidget\">\n\t<h5 style=\"text-align: center;\"><strong>L'ENCYCLOP\u00c9DIE INTERACTIVE<\/strong><\/h5>\n<p><a href=\"\/be\/classement-tarifaire-encyclopedie-douaniere\/\"><img loading=\"lazy\" decoding=\"async\" class=\"aligncenter wp-image-861 size-full\" title=\"Encyclop\u00e9die douani\u00e8re conex douane\" src=\"\/wp-content\/uploads\/2019\/05\/encyclopedie-douaniere-customs.jpg\" alt=\"encyclopedie-douaniere-customs\" width=\"243\" height=\"142\" \/><\/a><\/p>\n<p style=\"text-align: justify;\"><span style=\"color: #333333;\"><strong>L\u2019ENCYCLOP\u00c9DIE DOUANI\u00c8RE via conex\u2122 <\/strong>est une base de donn\u00e9es unique qui permet de r\u00e9pondre aux exigences de la r\u00e9glementation europ\u00e9enne et nationale auxquelles les op\u00e9rateurs douaniers sont confront\u00e9s.<\/span><\/p>\n<h2 style=\"text-align: center;\"><a href=\"\/be\/classement-tarifaire-encyclopedie-douaniere\/\"><img loading=\"lazy\" decoding=\"async\" class=\"aligncenter size-full wp-image-876\" src=\"\/wp-content\/uploads\/2019\/05\/ensavoirplus-encyclopedie-douaniere.jpg\" alt=\"ensavoirplus-encyclopedie-douaniere\" width=\"149\" height=\"66\" \/><\/a><\/h2>\n<\/div>\n<\/div><\/div><div id=\"panel-4392-6-0-1\" class=\"so-panel widget widget_sow-editor panel-last-child\" data-index=\"12\" ><div\n\t\t\t\n\t\t\tclass=\"so-widget-sow-editor so-widget-sow-editor-base\"\n\t\t\t\n\t\t>\n<div class=\"siteorigin-widget-tinymce textwidget\">\n\t<hr \/>\n<p><a href=\"https:\/\/www.conex.net\/be\/contact\/\"><img loading=\"lazy\" decoding=\"async\" class=\"size-full wp-image-765 aligncenter\" src=\"https:\/\/www.conex.net\/be\/wp-content\/uploads\/sites\/3\/2019\/05\/picto-contactez-nous.jpg\" alt=\"contactez-nous conex\" width=\"506\" height=\"205\" srcset=\"https:\/\/www.conex.net\/be\/wp-content\/uploads\/sites\/3\/2019\/05\/picto-contactez-nous.jpg 506w, https:\/\/www.conex.net\/be\/wp-content\/uploads\/sites\/3\/2019\/05\/picto-contactez-nous-300x122.jpg 300w\" sizes=\"auto, (max-width: 506px) 100vw, 506px\" \/><\/a><\/p>\n<\/div>\n<\/div><\/div><\/div><\/div><\/div><\/div>","protected":false},"excerpt":{"rendered":"<p>POUR QUI Les acteurs du e-commerce et du transport express. POUR QUOI La d\u00e9claration H7, IDMS H7 en Belgique, DELTA H7 en France. COMMENT Interface d&rsquo;\u00e9changes de donn\u00e9es EDI Application WEB &#8211; mode SaaS<\/p>\n","protected":false},"author":1,"featured_media":4408,"parent":0,"menu_order":0,"comment_status":"closed","ping_status":"closed","template":"","meta":{"footnotes":""},"class_list":["post-4392","page","type-page","status-publish","has-post-thumbnail","hentry"],"yoast_head":"<!-- This site is optimized with the Yoast SEO plugin v27.3 - https:\/\/yoast.com\/product\/yoast-seo-wordpress\/ -->\n<title>EXPRESS H7 - Conex Belgique<\/title>\n<meta name=\"description\" content=\"EXPRESS via conex\u2122 est une application WEB propos\u00e9e en mode SaaS. Elle est d\u00e9di\u00e9e \u00e0 la gestion des donn\u00e9es douani\u00e8res de la d\u00e9claration europ\u00e9enne H7 requise dans le cadre des ventes \u00e0 distance et e-commerce de biens import\u00e9s de pays tiers.\" \/>\n<meta name=\"robots\" content=\"index, follow, max-snippet:-1, max-image-preview:large, max-video-preview:-1\" \/>\n<link rel=\"canonical\" href=\"https:\/\/www.conex.net\/be\/express-logiciel-douane-e-commerce\/\" \/>\n<meta property=\"og:locale\" content=\"fr_FR\" \/>\n<meta property=\"og:type\" content=\"article\" \/>\n<meta property=\"og:title\" content=\"EXPRESS H7 - Conex Belgique\" \/>\n<meta property=\"og:description\" content=\"EXPRESS via conex\u2122 est une application WEB propos\u00e9e en mode SaaS. Elle est d\u00e9di\u00e9e \u00e0 la gestion des donn\u00e9es douani\u00e8res de la d\u00e9claration europ\u00e9enne H7 requise dans le cadre des ventes \u00e0 distance et e-commerce de biens import\u00e9s de pays tiers.\" \/>\n<meta property=\"og:url\" content=\"https:\/\/www.conex.net\/be\/express-logiciel-douane-e-commerce\/\" \/>\n<meta property=\"og:site_name\" content=\"Conex Belgique\" \/>\n<meta property=\"article:modified_time\" content=\"2021-06-22T09:23:09+00:00\" \/>\n<meta property=\"og:image\" content=\"https:\/\/www.conex.net\/be\/wp-content\/uploads\/sites\/3\/2021\/06\/EXPRESSviaconex.png\" \/>\n\t<meta property=\"og:image:width\" content=\"204\" \/>\n\t<meta property=\"og:image:height\" content=\"165\" \/>\n\t<meta property=\"og:image:type\" content=\"image\/png\" \/>\n<meta name=\"twitter:card\" content=\"summary_large_image\" \/>\n<meta name=\"twitter:label1\" content=\"Dur\u00e9e de lecture estim\u00e9e\" \/>\n\t<meta name=\"twitter:data1\" content=\"2 minutes\" \/>\n<script type=\"application\/ld+json\" class=\"yoast-schema-graph\">{\"@context\":\"https:\\\/\\\/schema.org\",\"@graph\":[{\"@type\":\"WebPage\",\"@id\":\"https:\\\/\\\/www.conex.net\\\/be\\\/express-logiciel-douane-e-commerce\\\/\",\"url\":\"https:\\\/\\\/www.conex.net\\\/be\\\/express-logiciel-douane-e-commerce\\\/\",\"name\":\"EXPRESS H7 - Conex Belgique\",\"isPartOf\":{\"@id\":\"https:\\\/\\\/www.conex.net\\\/be\\\/#website\"},\"primaryImageOfPage\":{\"@id\":\"https:\\\/\\\/www.conex.net\\\/be\\\/express-logiciel-douane-e-commerce\\\/#primaryimage\"},\"image\":{\"@id\":\"https:\\\/\\\/www.conex.net\\\/be\\\/express-logiciel-douane-e-commerce\\\/#primaryimage\"},\"thumbnailUrl\":\"https:\\\/\\\/www.conex.net\\\/be\\\/wp-content\\\/uploads\\\/sites\\\/3\\\/2021\\\/06\\\/EXPRESSviaconex.png\",\"datePublished\":\"2021-06-22T09:20:32+00:00\",\"dateModified\":\"2021-06-22T09:23:09+00:00\",\"description\":\"EXPRESS via conex\u2122 est une application WEB propos\u00e9e en mode SaaS. Elle est d\u00e9di\u00e9e \u00e0 la gestion des donn\u00e9es douani\u00e8res de la d\u00e9claration europ\u00e9enne H7 requise dans le cadre des ventes \u00e0 distance et e-commerce de biens import\u00e9s de pays tiers.\",\"breadcrumb\":{\"@id\":\"https:\\\/\\\/www.conex.net\\\/be\\\/express-logiciel-douane-e-commerce\\\/#breadcrumb\"},\"inLanguage\":\"fr-FR\",\"potentialAction\":[{\"@type\":\"ReadAction\",\"target\":[\"https:\\\/\\\/www.conex.net\\\/be\\\/express-logiciel-douane-e-commerce\\\/\"]}]},{\"@type\":\"ImageObject\",\"inLanguage\":\"fr-FR\",\"@id\":\"https:\\\/\\\/www.conex.net\\\/be\\\/express-logiciel-douane-e-commerce\\\/#primaryimage\",\"url\":\"https:\\\/\\\/www.conex.net\\\/be\\\/wp-content\\\/uploads\\\/sites\\\/3\\\/2021\\\/06\\\/EXPRESSviaconex.png\",\"contentUrl\":\"https:\\\/\\\/www.conex.net\\\/be\\\/wp-content\\\/uploads\\\/sites\\\/3\\\/2021\\\/06\\\/EXPRESSviaconex.png\",\"width\":204,\"height\":165,\"caption\":\"EXPRESS via conex\u2122 est une application WEB propos\u00e9e en mode SaaS. Elle est d\u00e9di\u00e9e \u00e0 la gestion des donn\u00e9es douani\u00e8res de la d\u00e9claration europ\u00e9enne H7 requise dans le cadre des ventes \u00e0 distance et e-commerce de biens import\u00e9s de pays tiers.\"},{\"@type\":\"BreadcrumbList\",\"@id\":\"https:\\\/\\\/www.conex.net\\\/be\\\/express-logiciel-douane-e-commerce\\\/#breadcrumb\",\"itemListElement\":[{\"@type\":\"ListItem\",\"position\":1,\"name\":\"Accueil\",\"item\":\"https:\\\/\\\/www.conex.net\\\/be\\\/\"},{\"@type\":\"ListItem\",\"position\":2,\"name\":\"EXPRESS H7\"}]},{\"@type\":\"WebSite\",\"@id\":\"https:\\\/\\\/www.conex.net\\\/be\\\/#website\",\"url\":\"https:\\\/\\\/www.conex.net\\\/be\\\/\",\"name\":\"Conex Belgique\",\"description\":\"Your customs partner - CONEX BE\",\"potentialAction\":[{\"@type\":\"SearchAction\",\"target\":{\"@type\":\"EntryPoint\",\"urlTemplate\":\"https:\\\/\\\/www.conex.net\\\/be\\\/?s={search_term_string}\"},\"query-input\":{\"@type\":\"PropertyValueSpecification\",\"valueRequired\":true,\"valueName\":\"search_term_string\"}}],\"inLanguage\":\"fr-FR\"}]}<\/script>\n<!-- \/ Yoast SEO plugin. -->","yoast_head_json":{"title":"EXPRESS H7 - Conex Belgique","description":"EXPRESS via conex\u2122 est une application WEB propos\u00e9e en mode SaaS. Elle est d\u00e9di\u00e9e \u00e0 la gestion des donn\u00e9es douani\u00e8res de la d\u00e9claration europ\u00e9enne H7 requise dans le cadre des ventes \u00e0 distance et e-commerce de biens import\u00e9s de pays tiers.","robots":{"index":"index","follow":"follow","max-snippet":"max-snippet:-1","max-image-preview":"max-image-preview:large","max-video-preview":"max-video-preview:-1"},"canonical":"https:\/\/www.conex.net\/be\/express-logiciel-douane-e-commerce\/","og_locale":"fr_FR","og_type":"article","og_title":"EXPRESS H7 - Conex Belgique","og_description":"EXPRESS via conex\u2122 est une application WEB propos\u00e9e en mode SaaS. Elle est d\u00e9di\u00e9e \u00e0 la gestion des donn\u00e9es douani\u00e8res de la d\u00e9claration europ\u00e9enne H7 requise dans le cadre des ventes \u00e0 distance et e-commerce de biens import\u00e9s de pays tiers.","og_url":"https:\/\/www.conex.net\/be\/express-logiciel-douane-e-commerce\/","og_site_name":"Conex Belgique","article_modified_time":"2021-06-22T09:23:09+00:00","og_image":[{"width":204,"height":165,"url":"https:\/\/www.conex.net\/be\/wp-content\/uploads\/sites\/3\/2021\/06\/EXPRESSviaconex.png","type":"image\/png"}],"twitter_card":"summary_large_image","twitter_misc":{"Dur\u00e9e de lecture estim\u00e9e":"2 minutes"},"schema":{"@context":"https:\/\/schema.org","@graph":[{"@type":"WebPage","@id":"https:\/\/www.conex.net\/be\/express-logiciel-douane-e-commerce\/","url":"https:\/\/www.conex.net\/be\/express-logiciel-douane-e-commerce\/","name":"EXPRESS H7 - Conex Belgique","isPartOf":{"@id":"https:\/\/www.conex.net\/be\/#website"},"primaryImageOfPage":{"@id":"https:\/\/www.conex.net\/be\/express-logiciel-douane-e-commerce\/#primaryimage"},"image":{"@id":"https:\/\/www.conex.net\/be\/express-logiciel-douane-e-commerce\/#primaryimage"},"thumbnailUrl":"https:\/\/www.conex.net\/be\/wp-content\/uploads\/sites\/3\/2021\/06\/EXPRESSviaconex.png","datePublished":"2021-06-22T09:20:32+00:00","dateModified":"2021-06-22T09:23:09+00:00","description":"EXPRESS via conex\u2122 est une application WEB propos\u00e9e en mode SaaS. Elle est d\u00e9di\u00e9e \u00e0 la gestion des donn\u00e9es douani\u00e8res de la d\u00e9claration europ\u00e9enne H7 requise dans le cadre des ventes \u00e0 distance et e-commerce de biens import\u00e9s de pays tiers.","breadcrumb":{"@id":"https:\/\/www.conex.net\/be\/express-logiciel-douane-e-commerce\/#breadcrumb"},"inLanguage":"fr-FR","potentialAction":[{"@type":"ReadAction","target":["https:\/\/www.conex.net\/be\/express-logiciel-douane-e-commerce\/"]}]},{"@type":"ImageObject","inLanguage":"fr-FR","@id":"https:\/\/www.conex.net\/be\/express-logiciel-douane-e-commerce\/#primaryimage","url":"https:\/\/www.conex.net\/be\/wp-content\/uploads\/sites\/3\/2021\/06\/EXPRESSviaconex.png","contentUrl":"https:\/\/www.conex.net\/be\/wp-content\/uploads\/sites\/3\/2021\/06\/EXPRESSviaconex.png","width":204,"height":165,"caption":"EXPRESS via conex\u2122 est une application WEB propos\u00e9e en mode SaaS. Elle est d\u00e9di\u00e9e \u00e0 la gestion des donn\u00e9es douani\u00e8res de la d\u00e9claration europ\u00e9enne H7 requise dans le cadre des ventes \u00e0 distance et e-commerce de biens import\u00e9s de pays tiers."},{"@type":"BreadcrumbList","@id":"https:\/\/www.conex.net\/be\/express-logiciel-douane-e-commerce\/#breadcrumb","itemListElement":[{"@type":"ListItem","position":1,"name":"Accueil","item":"https:\/\/www.conex.net\/be\/"},{"@type":"ListItem","position":2,"name":"EXPRESS H7"}]},{"@type":"WebSite","@id":"https:\/\/www.conex.net\/be\/#website","url":"https:\/\/www.conex.net\/be\/","name":"Conex Belgique","description":"Your customs partner - CONEX BE","potentialAction":[{"@type":"SearchAction","target":{"@type":"EntryPoint","urlTemplate":"https:\/\/www.conex.net\/be\/?s={search_term_string}"},"query-input":{"@type":"PropertyValueSpecification","valueRequired":true,"valueName":"search_term_string"}}],"inLanguage":"fr-FR"}]}},"_links":{"self":[{"href":"https:\/\/www.conex.net\/be\/wp-json\/wp\/v2\/pages\/4392","targetHints":{"allow":["GET"]}}],"collection":[{"href":"https:\/\/www.conex.net\/be\/wp-json\/wp\/v2\/pages"}],"about":[{"href":"https:\/\/www.conex.net\/be\/wp-json\/wp\/v2\/types\/page"}],"author":[{"embeddable":true,"href":"https:\/\/www.conex.net\/be\/wp-json\/wp\/v2\/users\/1"}],"replies":[{"embeddable":true,"href":"https:\/\/www.conex.net\/be\/wp-json\/wp\/v2\/comments?post=4392"}],"version-history":[{"count":12,"href":"https:\/\/www.conex.net\/be\/wp-json\/wp\/v2\/pages\/4392\/revisions"}],"predecessor-version":[{"id":4410,"href":"https:\/\/www.conex.net\/be\/wp-json\/wp\/v2\/pages\/4392\/revisions\/4410"}],"wp:featuredmedia":[{"embeddable":true,"href":"https:\/\/www.conex.net\/be\/wp-json\/wp\/v2\/media\/4408"}],"wp:attachment":[{"href":"https:\/\/www.conex.net\/be\/wp-json\/wp\/v2\/media?parent=4392"}],"curies":[{"name":"wp","href":"https:\/\/api.w.org\/{rel}","templated":true}]}}