{"id":4418,"date":"2021-06-24T09:36:30","date_gmt":"2021-06-24T07:36:30","guid":{"rendered":"https:\/\/www.conex.net\/be\/?page_id=4418"},"modified":"2021-06-24T11:34:35","modified_gmt":"2021-06-24T09:34:35","slug":"de-h7-aangifte","status":"publish","type":"page","link":"https:\/\/www.conex.net\/be\/nl\/de-h7-aangifte\/","title":{"rendered":"De H7-aangifte"},"content":{"rendered":"<div id=\"pl-4418\"  class=\"panel-layout\" ><div id=\"pg-4418-0\"  class=\"panel-grid panel-has-style\" ><div class=\"siteorigin-panels-stretch panel-row-style panel-row-style-for-4418-0\" data-stretch-type=\"full-stretched\" ><div id=\"pgc-4418-0-0\"  class=\"panel-grid-cell\" ><div id=\"panel-4418-0-0-0\" class=\"so-panel widget widget_sow-hero panel-first-child panel-last-child\" data-index=\"0\" ><div\n\t\t\t\n\t\t\tclass=\"so-widget-sow-hero so-widget-sow-hero-default-81741d735408-4418\"\n\t\t\t\n\t\t>\t\t\t\t<div class=\"sow-slider-base\" style=\"display: none\" tabindex=\"0\">\n\t\t\t\t\t<ul\n\t\t\t\t\tclass=\"sow-slider-images\"\n\t\t\t\t\tdata-settings=\"{&quot;pagination&quot;:true,&quot;speed&quot;:800,&quot;timeout&quot;:8000,&quot;paused&quot;:false,&quot;pause_on_hover&quot;:false,&quot;swipe&quot;:false,&quot;nav_always_show_desktop&quot;:&quot;&quot;,&quot;nav_always_show_mobile&quot;:&quot;&quot;,&quot;breakpoint&quot;:&quot;780px&quot;,&quot;unmute&quot;:false,&quot;anchor&quot;:null}\"\n\t\t\t\t\t\t\t\t\t\tdata-anchor-id=\"\"\n\t\t\t\t>\t\t<li class=\"sow-slider-image  sow-slider-image-cover\" style=\"visibility: visible;;background-color: #333333;background-image: url(https:\/\/www.conex.net\/be\/wp-content\/uploads\/sites\/3\/2021\/06\/bandeau-EXPRESSviaconex-NL.jpg)\" >\n\t\t\t\t\t<div class=\"sow-slider-image-container\">\n\t\t\t<div class=\"sow-slider-image-wrapper\">\n\t\t\t\t\t\t\t<\/div>\n\t\t<\/div>\n\t\t\t\t<\/li>\n\t\t<\/ul>\t\t\t\t<ol class=\"sow-slider-pagination\">\n\t\t\t\t\t\t\t\t\t\t\t<li><a href=\"#\" data-goto=\"0\" aria-label=\"Display slide 1\"><\/a><\/li>\n\t\t\t\t\t\t\t\t\t<\/ol>\n\n\t\t\t\t<div class=\"sow-slide-nav sow-slide-nav-next\">\n\t\t\t\t\t<a href=\"#\" data-goto=\"next\" aria-label=\"Next slide\" data-action=\"next\">\n\t\t\t\t\t\t<em class=\"sow-sld-icon-thin-right\"><\/em>\n\t\t\t\t\t<\/a>\n\t\t\t\t<\/div>\n\n\t\t\t\t<div class=\"sow-slide-nav sow-slide-nav-prev\">\n\t\t\t\t\t<a href=\"#\" data-goto=\"previous\" aria-label=\"Previous slide\" data-action=\"prev\">\n\t\t\t\t\t\t<em class=\"sow-sld-icon-thin-left\"><\/em>\n\t\t\t\t\t<\/a>\n\t\t\t\t<\/div>\n\t\t\t\t<\/div><\/div><\/div><\/div><\/div><\/div><div id=\"pg-4418-1\"  class=\"panel-grid panel-has-style\" ><div class=\"siteorigin-panels-stretch panel-row-style panel-row-style-for-4418-1\" data-stretch-type=\"full\" ><div id=\"pgc-4418-1-0\"  class=\"panel-grid-cell\" ><div id=\"panel-4418-1-0-0\" class=\"so-panel widget widget_sow-editor panel-first-child panel-last-child\" data-index=\"1\" ><div\n\t\t\t\n\t\t\tclass=\"so-widget-sow-editor so-widget-sow-editor-base\"\n\t\t\t\n\t\t>\n<div class=\"siteorigin-widget-tinymce textwidget\">\n\t<h3 style=\"text-align: center;\"><span style=\"color: #ffffff;\">VOOR WIE<\/span><\/h3>\n<hr style=\"height: 2px; color: #fff; background-color: #fff; width: 50%; border: none;\" \/>\n<p style=\"text-align: center;\"><span style=\"color: #ffffff;\">Spelers van e-handel<\/span><br \/>\n<span style=\"color: #ffffff;\">en express leveringen.<\/span><\/p>\n<\/div>\n<\/div><\/div><\/div><div id=\"pgc-4418-1-1\"  class=\"panel-grid-cell\" ><div id=\"panel-4418-1-1-0\" class=\"so-panel widget widget_sow-editor panel-first-child panel-last-child\" data-index=\"2\" ><div\n\t\t\t\n\t\t\tclass=\"so-widget-sow-editor so-widget-sow-editor-base\"\n\t\t\t\n\t\t>\n<div class=\"siteorigin-widget-tinymce textwidget\">\n\t<h3 style=\"text-align: center;\"><span style=\"color: #ffffff;\">VOOR WAT<\/span><\/h3>\n<hr style=\"height: 2px; color: #fff; background-color: #fff; width: 50%; border: none;\" \/>\n<p style=\"text-align: center;\"><span style=\"color: #ffffff;\">De H7-aangifte, IDMS H7 in Belgi\u00eb,<br \/>\nDELTA H7 in Frankrijk.<\/span><\/p>\n<\/div>\n<\/div><\/div><\/div><div id=\"pgc-4418-1-2\"  class=\"panel-grid-cell\" ><div id=\"panel-4418-1-2-0\" class=\"so-panel widget widget_sow-editor panel-first-child panel-last-child\" data-index=\"3\" ><div\n\t\t\t\n\t\t\tclass=\"so-widget-sow-editor so-widget-sow-editor-base\"\n\t\t\t\n\t\t>\n<div class=\"siteorigin-widget-tinymce textwidget\">\n\t<h3 style=\"text-align: center;\"><span style=\"color: #ffffff;\">HOE<\/span><\/h3>\n<hr style=\"height: 2px; color: #fff; background-color: #fff; width: 50%; border: none;\" \/>\n<p style=\"text-align: center;\"><span style=\"color: #ffffff;\">EDI interface voor gegevensuitwisseling<\/span><br \/>\n<span style=\"color: #ffffff;\">WEB-toepassing \u2013 SaaS modus<\/span><\/p>\n<\/div>\n<\/div><\/div><\/div><\/div><\/div><div id=\"pg-4418-2\"  class=\"panel-grid panel-no-style\" ><div id=\"pgc-4418-2-0\"  class=\"panel-grid-cell\" ><div id=\"panel-4418-2-0-0\" class=\"so-panel widget widget_sow-editor panel-first-child panel-last-child\" data-index=\"4\" ><div\n\t\t\t\n\t\t\tclass=\"so-widget-sow-editor so-widget-sow-editor-base\"\n\t\t\t\n\t\t>\n<div class=\"siteorigin-widget-tinymce textwidget\">\n\t<h2><span style=\"color: #333333;\">De H7-AANGIFTE met EXPRESS via conex\u2122<\/span><\/h2>\n<p style=\"text-align: justify;\"><strong><span style=\"color: #c7a080;\">EXPRESS<\/span><span style=\"color: #333333;\"> via conex\u2122 <\/span><\/strong><span style=\"color: #333333;\">is een webapplicatie die is SaaS modus wordt aangeboden. Het is bestemd voor het beheer van de douanegegevens van de Europese H7-aangifte die vereist is in het kader van de verkoop op afstand en de elektronische handel in goederen die uit derde landen worden ingevoerd.<\/span><\/p>\n<p style=\"text-align: justify;\"><span style=\"color: #333333;\">Het maakt het gelijktijdige beheer van een groot aantal gegevens en de onmiddellijke vrijgave van uw goederen bij hun aankomst in de Europese Unie mogelijk.<\/span><\/p>\n<p style=\"text-align: justify;\"><span style=\"color: #c7a080;\"><strong>EXPRESS<\/strong><\/span><span style=\"color: #333333;\"><strong> via conex\u2122 <\/strong>bereidt uw IDMS H7 (BE)-aangiften voor en zorgt voor elektronische uitwisseling met de servers van de douanediensten. De IDMS H7-aangifte, die verplicht is voor alle invoer van goederen in de EU met een intrinsieke waarde van maximaal 150 euro, vereist een uiterst beperkte dataset, maar is toch verplicht en uiteraard onderworpen aan douanecontrole. <span style=\"color: #c7a080;\"><strong>EXPRESS<\/strong><\/span><strong> via conex\u2122<\/strong>, de reflex voor uw gemoedsrust!<\/span><\/p>\n<\/div>\n<\/div><\/div><\/div><\/div><div id=\"pg-4418-3\"  class=\"panel-grid panel-has-style\" ><div class=\"panel-row-style panel-row-style-for-4418-3\" ><div id=\"pgc-4418-3-0\"  class=\"panel-grid-cell\" ><div id=\"panel-4418-3-0-0\" class=\"so-panel widget widget_sow-editor panel-first-child panel-last-child\" data-index=\"5\" ><div\n\t\t\t\n\t\t\tclass=\"so-widget-sow-editor so-widget-sow-editor-base\"\n\t\t\t\n\t\t>\n<div class=\"siteorigin-widget-tinymce textwidget\">\n\t<h5 style=\"text-align: center;\"><strong>VOOR ALLE VOLUMES<\/strong><\/h5>\n<p style=\"text-align: center;\"><span style=\"color: #333333;\"><strong><span style=\"color: #c7a080;\">EXPRESS\u00a0<span style=\"color: #333333;\">via conex\u2122<\/span><\/span><\/strong> biedt een interface voor gegevensuitwisseling (EDI) om uw informatiesystemen onderling te verbinden voor een automatische gegevensintegratie. Dit maakt het tot een perfecte oplossing voor het beheer van IDMS H7-douanegegevens in de elektronische handel, die vaak synoniem is met zeer grote te verwerken volumes. <strong><span style=\"color: #c7a080;\">EXPRESS\u00a0<\/span><span style=\"color: #333333;\">via conex\u2122 <\/span><\/strong> biedt u eveneens de mogelijkheid uw aangiften handmatig in te voeren, te corrigeren en\/of aan te vullen, hetgeen een grote flexibiliteit in het gebruik garandeert.<\/span><\/p>\n<\/div>\n<\/div><\/div><\/div><div id=\"pgc-4418-3-1\"  class=\"panel-grid-cell\" ><div id=\"panel-4418-3-1-0\" class=\"so-panel widget widget_sow-editor panel-first-child panel-last-child\" data-index=\"6\" ><div\n\t\t\t\n\t\t\tclass=\"so-widget-sow-editor so-widget-sow-editor-base\"\n\t\t\t\n\t\t>\n<div class=\"siteorigin-widget-tinymce textwidget\">\n\t<h5 style=\"text-align: center;\"><span style=\"color: #333333;\"><strong>BEVEILIGDE EDI-UITWISSELINGEN<\/strong><\/span><\/h5>\n<p style=\"text-align: center;\"><span style=\"color: #333333;\">Beveiligde gegevensuitwisseling met douanesystemen is voor ons niet langer een geheim. <strong><span style=\"color: #c7a080;\">EXPRESS\u00a0<\/span>via conex\u2122 <\/strong> zorgt voor berichtenuitwisseling van uw H7-douaneaangiften met het elektronische douaneplatform IDMS H7. Zijn overzichtelijke dashboard biedt u een realtime opvolging van de kennisgevingen en de status van uw aangiften in strikte overeenstemming met de EDI-communicatieprotocollen met de douaneplatformen.<\/span><\/p>\n<\/div>\n<\/div><\/div><\/div><\/div><\/div><div id=\"pg-4418-4\"  class=\"panel-grid panel-no-style\" ><div id=\"pgc-4418-4-0\"  class=\"panel-grid-cell\" ><div id=\"panel-4418-4-0-0\" class=\"so-panel widget widget_sow-editor panel-first-child panel-last-child\" data-index=\"7\" ><div\n\t\t\t\n\t\t\tclass=\"so-widget-sow-editor so-widget-sow-editor-base\"\n\t\t\t\n\t\t>\n<div class=\"siteorigin-widget-tinymce textwidget\">\n\t<p><img loading=\"lazy\" decoding=\"async\" class=\"size-full wp-image-4397 aligncenter\" src=\"https:\/\/www.conex.net\/be\/wp-content\/uploads\/sites\/3\/2021\/06\/EXPRESSviaconex-Guichet-unique.jpg\" alt=\"EXPRESSviaconex-Guichet-unique TVA e-commerce IDMS H7\" width=\"88\" height=\"96\" \/><\/p>\n<h5 style=\"text-align: center;\"><span style=\"color: #333333;\"><strong>EENVOUDIG LOKET<\/strong><\/span><\/h5>\n<p style=\"text-align: center;\"><span style=\"color: #333333;\">Een oplossing voor aangiften<\/span><\/p>\n<p style=\"text-align: center;\"><span style=\"color: #333333;\">IDMS H7 (BE) en DELTA H7 (FR).<\/span><\/p>\n<p style=\"text-align: center;\"><span style=\"color: #333333;\">Andere landen zullen zich in de toekomst bij onze aanpak aansluiten.<br \/>\n<\/span><\/p>\n<\/div>\n<\/div><\/div><\/div><div id=\"pgc-4418-4-1\"  class=\"panel-grid-cell\" ><div id=\"panel-4418-4-1-0\" class=\"so-panel widget widget_sow-editor panel-first-child panel-last-child\" data-index=\"8\" ><div\n\t\t\t\n\t\t\tclass=\"so-widget-sow-editor so-widget-sow-editor-base\"\n\t\t\t\n\t\t>\n<div class=\"siteorigin-widget-tinymce textwidget\">\n\t<p><img loading=\"lazy\" decoding=\"async\" class=\"size-full wp-image-4396 aligncenter\" src=\"https:\/\/www.conex.net\/be\/wp-content\/uploads\/sites\/3\/2021\/06\/EXPRESSviaconex-Conformite-reglementaire.jpg\" alt=\"EXPRESSviaconex-Conformite-reglementaire\" width=\"88\" height=\"96\" \/><\/p>\n<h5 style=\"text-align: center;\"><span style=\"color: #333333;\"><strong>WETTELIJKE NALEVING<\/strong><\/span><\/h5>\n<p style=\"text-align: center;\"><span style=\"color: #333333;\">H7 gegevens consistentiecontroles.<\/span><\/p>\n<\/div>\n<\/div><\/div><\/div><div id=\"pgc-4418-4-2\"  class=\"panel-grid-cell\" ><div id=\"panel-4418-4-2-0\" class=\"so-panel widget widget_sow-editor panel-first-child panel-last-child\" data-index=\"9\" ><div\n\t\t\t\n\t\t\tclass=\"so-widget-sow-editor so-widget-sow-editor-base\"\n\t\t\t\n\t\t>\n<div class=\"siteorigin-widget-tinymce textwidget\">\n\t<p><img loading=\"lazy\" decoding=\"async\" class=\"size-full wp-image-4398 aligncenter\" src=\"https:\/\/www.conex.net\/be\/wp-content\/uploads\/sites\/3\/2021\/06\/EXPRESSviaconex-Integrite-donnees.jpg\" alt=\"EXPRESSviaconex-Integrite-donnees\" width=\"88\" height=\"96\" \/><\/p>\n<h5 style=\"text-align: center;\"><strong>BETROUWBAARHEID VAN GEGEVENS<\/strong><\/h5>\n<p style=\"text-align: center;\"><span style=\"color: #333333;\">Dankzij de gegevensoverdracht wordt handmatige invoer vermeden.<\/span><\/p>\n<\/div>\n<\/div><\/div><\/div><\/div><div id=\"pg-4418-5\"  class=\"panel-grid panel-has-style\" ><div class=\"siteorigin-panels-stretch panel-row-style panel-row-style-for-4418-5\" data-stretch-type=\"full\" ><div id=\"pgc-4418-5-0\"  class=\"panel-grid-cell\" ><div id=\"panel-4418-5-0-0\" class=\"so-panel widget widget_sow-editor panel-first-child panel-last-child\" data-index=\"10\" ><div\n\t\t\t\n\t\t\tclass=\"so-widget-sow-editor so-widget-sow-editor-base\"\n\t\t\t\n\t\t>\n<div class=\"siteorigin-widget-tinymce textwidget\">\n\t<h1 style=\"text-align: center;\">IN AANVULLING OP EXPRESS via conex\u2122 !<\/h1>\n<\/div>\n<\/div><\/div><\/div><\/div><\/div><div id=\"pg-4418-6\"  class=\"panel-grid panel-has-style\" ><div class=\"siteorigin-panels-stretch panel-row-style panel-row-style-for-4418-6\" data-stretch-type=\"full\" ><div id=\"pgc-4418-6-0\"  class=\"panel-grid-cell\" ><div id=\"panel-4418-6-0-0\" class=\"so-panel widget widget_sow-editor panel-first-child\" data-index=\"11\" ><div\n\t\t\t\n\t\t\tclass=\"so-widget-sow-editor so-widget-sow-editor-base\"\n\t\t\t\n\t\t>\n<div class=\"siteorigin-widget-tinymce textwidget\">\n\t<h5 style=\"text-align: center;\"><strong>DE INTERACTIEVE DATABANK<\/strong><\/h5>\n<p><a href=\"\/be\/classement-tarifaire-encyclopedie-douaniere\/\"><img loading=\"lazy\" decoding=\"async\" class=\"aligncenter wp-image-861 size-full\" title=\"Encyclop\u00e9die douani\u00e8re conex douane\" src=\"\/wp-content\/uploads\/2019\/05\/encyclopedie-douaniere-customs.jpg\" alt=\"encyclopedie-douaniere-customs\" width=\"243\" height=\"142\" \/><\/a><\/p>\n<p style=\"text-align: center;\"><span style=\"color: #333333;\">CUSTOMS ENCYCLOPEDIA via conex\u2122 is een unieke database die tegemoet komt aan de behoeften in verband met Europese en nationale regelgeving waarmee de douaneoperatoren worden geconfronteerd.<\/span><\/p>\n<h2 style=\"text-align: center;\"><a href=\"https:\/\/www.conex.net\/be\/nl\/customs-encyclopedia\/\"><img loading=\"lazy\" decoding=\"async\" class=\"size-full wp-image-3842 aligncenter\" src=\"https:\/\/www.conex.net\/be\/wp-content\/uploads\/sites\/3\/2020\/04\/MEER-WETEN-encyclopedie-nl.jpg\" alt=\"MEER-WETEN-encyclopedie-nl\" width=\"149\" height=\"66\" \/><\/a><\/h2>\n<\/div>\n<\/div><\/div><div id=\"panel-4418-6-0-1\" class=\"so-panel widget widget_sow-editor panel-last-child\" data-index=\"12\" ><div\n\t\t\t\n\t\t\tclass=\"so-widget-sow-editor so-widget-sow-editor-base\"\n\t\t\t\n\t\t>\n<div class=\"siteorigin-widget-tinymce textwidget\">\n\t<hr \/>\n<p><a href=\"https:\/\/www.conex.net\/be\/contact\/\"><img loading=\"lazy\" decoding=\"async\" class=\"size-full wp-image-765 aligncenter\" src=\"https:\/\/www.conex.net\/be\/wp-content\/uploads\/sites\/3\/2019\/05\/picto-contactez-nous.jpg\" alt=\"contactez-nous conex\" width=\"506\" height=\"205\" srcset=\"https:\/\/www.conex.net\/be\/wp-content\/uploads\/sites\/3\/2019\/05\/picto-contactez-nous.jpg 506w, https:\/\/www.conex.net\/be\/wp-content\/uploads\/sites\/3\/2019\/05\/picto-contactez-nous-300x122.jpg 300w\" sizes=\"auto, (max-width: 506px) 100vw, 506px\" \/><\/a><\/p>\n<\/div>\n<\/div><\/div><\/div><\/div><\/div><\/div>","protected":false},"excerpt":{"rendered":"<p>VOOR WIE Spelers van e-handel en express leveringen. VOOR WAT De H7-aangifte, IDMS H7 in Belgi\u00eb, DELTA H7 in Frankrijk. HOE EDI interface voor gegevensuitwisseling WEB-toepassing \u2013 SaaS modus<\/p>\n","protected":false},"author":1,"featured_media":4408,"parent":0,"menu_order":0,"comment_status":"closed","ping_status":"closed","template":"","meta":{"footnotes":""},"class_list":["post-4418","page","type-page","status-publish","has-post-thumbnail","hentry"],"yoast_head":"<!-- This site is optimized with the Yoast SEO plugin v27.3 - https:\/\/yoast.com\/product\/yoast-seo-wordpress\/ -->\n<title>De H7-aangifte - Conex Belgique<\/title>\n<meta name=\"description\" content=\"EXPRESS via conex\u2122 est une application WEB propos\u00e9e en mode SaaS. Elle est d\u00e9di\u00e9e \u00e0 la gestion des donn\u00e9es douani\u00e8res de la d\u00e9claration europ\u00e9enne H7 requise dans le cadre des ventes \u00e0 distance et e-commerce de biens import\u00e9s de pays tiers.\" \/>\n<meta name=\"robots\" content=\"index, follow, max-snippet:-1, max-image-preview:large, max-video-preview:-1\" \/>\n<link rel=\"canonical\" href=\"https:\/\/www.conex.net\/be\/nl\/de-h7-aangifte\/\" \/>\n<meta property=\"og:locale\" content=\"fr_FR\" \/>\n<meta property=\"og:type\" content=\"article\" \/>\n<meta property=\"og:title\" content=\"De H7-aangifte - Conex Belgique\" \/>\n<meta property=\"og:description\" content=\"EXPRESS via conex\u2122 est une application WEB propos\u00e9e en mode SaaS. Elle est d\u00e9di\u00e9e \u00e0 la gestion des donn\u00e9es douani\u00e8res de la d\u00e9claration europ\u00e9enne H7 requise dans le cadre des ventes \u00e0 distance et e-commerce de biens import\u00e9s de pays tiers.\" \/>\n<meta property=\"og:url\" content=\"https:\/\/www.conex.net\/be\/nl\/de-h7-aangifte\/\" \/>\n<meta property=\"og:site_name\" content=\"Conex Belgique\" \/>\n<meta property=\"article:modified_time\" content=\"2021-06-24T09:34:35+00:00\" \/>\n<meta property=\"og:image\" content=\"https:\/\/www.conex.net\/be\/wp-content\/uploads\/sites\/3\/2021\/06\/EXPRESSviaconex.png\" \/>\n\t<meta property=\"og:image:width\" content=\"204\" \/>\n\t<meta property=\"og:image:height\" content=\"165\" \/>\n\t<meta property=\"og:image:type\" content=\"image\/png\" \/>\n<meta name=\"twitter:card\" content=\"summary_large_image\" \/>\n<meta name=\"twitter:label1\" content=\"Dur\u00e9e de lecture estim\u00e9e\" \/>\n\t<meta name=\"twitter:data1\" content=\"2 minutes\" \/>\n<script type=\"application\/ld+json\" class=\"yoast-schema-graph\">{\"@context\":\"https:\\\/\\\/schema.org\",\"@graph\":[{\"@type\":\"WebPage\",\"@id\":\"https:\\\/\\\/www.conex.net\\\/be\\\/nl\\\/de-h7-aangifte\\\/\",\"url\":\"https:\\\/\\\/www.conex.net\\\/be\\\/nl\\\/de-h7-aangifte\\\/\",\"name\":\"De H7-aangifte - Conex Belgique\",\"isPartOf\":{\"@id\":\"https:\\\/\\\/www.conex.net\\\/be\\\/#website\"},\"primaryImageOfPage\":{\"@id\":\"https:\\\/\\\/www.conex.net\\\/be\\\/nl\\\/de-h7-aangifte\\\/#primaryimage\"},\"image\":{\"@id\":\"https:\\\/\\\/www.conex.net\\\/be\\\/nl\\\/de-h7-aangifte\\\/#primaryimage\"},\"thumbnailUrl\":\"https:\\\/\\\/www.conex.net\\\/be\\\/wp-content\\\/uploads\\\/sites\\\/3\\\/2021\\\/06\\\/EXPRESSviaconex.png\",\"datePublished\":\"2021-06-24T07:36:30+00:00\",\"dateModified\":\"2021-06-24T09:34:35+00:00\",\"description\":\"EXPRESS via conex\u2122 est une application WEB propos\u00e9e en mode SaaS. Elle est d\u00e9di\u00e9e \u00e0 la gestion des donn\u00e9es douani\u00e8res de la d\u00e9claration europ\u00e9enne H7 requise dans le cadre des ventes \u00e0 distance et e-commerce de biens import\u00e9s de pays tiers.\",\"breadcrumb\":{\"@id\":\"https:\\\/\\\/www.conex.net\\\/be\\\/nl\\\/de-h7-aangifte\\\/#breadcrumb\"},\"inLanguage\":\"fr-FR\",\"potentialAction\":[{\"@type\":\"ReadAction\",\"target\":[\"https:\\\/\\\/www.conex.net\\\/be\\\/nl\\\/de-h7-aangifte\\\/\"]}]},{\"@type\":\"ImageObject\",\"inLanguage\":\"fr-FR\",\"@id\":\"https:\\\/\\\/www.conex.net\\\/be\\\/nl\\\/de-h7-aangifte\\\/#primaryimage\",\"url\":\"https:\\\/\\\/www.conex.net\\\/be\\\/wp-content\\\/uploads\\\/sites\\\/3\\\/2021\\\/06\\\/EXPRESSviaconex.png\",\"contentUrl\":\"https:\\\/\\\/www.conex.net\\\/be\\\/wp-content\\\/uploads\\\/sites\\\/3\\\/2021\\\/06\\\/EXPRESSviaconex.png\",\"width\":204,\"height\":165,\"caption\":\"EXPRESS via conex\u2122 est une application WEB propos\u00e9e en mode SaaS. Elle est d\u00e9di\u00e9e \u00e0 la gestion des donn\u00e9es douani\u00e8res de la d\u00e9claration europ\u00e9enne H7 requise dans le cadre des ventes \u00e0 distance et e-commerce de biens import\u00e9s de pays tiers.\"},{\"@type\":\"BreadcrumbList\",\"@id\":\"https:\\\/\\\/www.conex.net\\\/be\\\/nl\\\/de-h7-aangifte\\\/#breadcrumb\",\"itemListElement\":[{\"@type\":\"ListItem\",\"position\":1,\"name\":\"Accueil\",\"item\":\"https:\\\/\\\/www.conex.net\\\/be\\\/\"},{\"@type\":\"ListItem\",\"position\":2,\"name\":\"De H7-aangifte\"}]},{\"@type\":\"WebSite\",\"@id\":\"https:\\\/\\\/www.conex.net\\\/be\\\/#website\",\"url\":\"https:\\\/\\\/www.conex.net\\\/be\\\/\",\"name\":\"Conex Belgique\",\"description\":\"Your customs partner - CONEX BE\",\"potentialAction\":[{\"@type\":\"SearchAction\",\"target\":{\"@type\":\"EntryPoint\",\"urlTemplate\":\"https:\\\/\\\/www.conex.net\\\/be\\\/?s={search_term_string}\"},\"query-input\":{\"@type\":\"PropertyValueSpecification\",\"valueRequired\":true,\"valueName\":\"search_term_string\"}}],\"inLanguage\":\"fr-FR\"}]}<\/script>\n<!-- \/ Yoast SEO plugin. -->","yoast_head_json":{"title":"De H7-aangifte - Conex Belgique","description":"EXPRESS via conex\u2122 est une application WEB propos\u00e9e en mode SaaS. Elle est d\u00e9di\u00e9e \u00e0 la gestion des donn\u00e9es douani\u00e8res de la d\u00e9claration europ\u00e9enne H7 requise dans le cadre des ventes \u00e0 distance et e-commerce de biens import\u00e9s de pays tiers.","robots":{"index":"index","follow":"follow","max-snippet":"max-snippet:-1","max-image-preview":"max-image-preview:large","max-video-preview":"max-video-preview:-1"},"canonical":"https:\/\/www.conex.net\/be\/nl\/de-h7-aangifte\/","og_locale":"fr_FR","og_type":"article","og_title":"De H7-aangifte - Conex Belgique","og_description":"EXPRESS via conex\u2122 est une application WEB propos\u00e9e en mode SaaS. Elle est d\u00e9di\u00e9e \u00e0 la gestion des donn\u00e9es douani\u00e8res de la d\u00e9claration europ\u00e9enne H7 requise dans le cadre des ventes \u00e0 distance et e-commerce de biens import\u00e9s de pays tiers.","og_url":"https:\/\/www.conex.net\/be\/nl\/de-h7-aangifte\/","og_site_name":"Conex Belgique","article_modified_time":"2021-06-24T09:34:35+00:00","og_image":[{"width":204,"height":165,"url":"https:\/\/www.conex.net\/be\/wp-content\/uploads\/sites\/3\/2021\/06\/EXPRESSviaconex.png","type":"image\/png"}],"twitter_card":"summary_large_image","twitter_misc":{"Dur\u00e9e de lecture estim\u00e9e":"2 minutes"},"schema":{"@context":"https:\/\/schema.org","@graph":[{"@type":"WebPage","@id":"https:\/\/www.conex.net\/be\/nl\/de-h7-aangifte\/","url":"https:\/\/www.conex.net\/be\/nl\/de-h7-aangifte\/","name":"De H7-aangifte - Conex Belgique","isPartOf":{"@id":"https:\/\/www.conex.net\/be\/#website"},"primaryImageOfPage":{"@id":"https:\/\/www.conex.net\/be\/nl\/de-h7-aangifte\/#primaryimage"},"image":{"@id":"https:\/\/www.conex.net\/be\/nl\/de-h7-aangifte\/#primaryimage"},"thumbnailUrl":"https:\/\/www.conex.net\/be\/wp-content\/uploads\/sites\/3\/2021\/06\/EXPRESSviaconex.png","datePublished":"2021-06-24T07:36:30+00:00","dateModified":"2021-06-24T09:34:35+00:00","description":"EXPRESS via conex\u2122 est une application WEB propos\u00e9e en mode SaaS. Elle est d\u00e9di\u00e9e \u00e0 la gestion des donn\u00e9es douani\u00e8res de la d\u00e9claration europ\u00e9enne H7 requise dans le cadre des ventes \u00e0 distance et e-commerce de biens import\u00e9s de pays tiers.","breadcrumb":{"@id":"https:\/\/www.conex.net\/be\/nl\/de-h7-aangifte\/#breadcrumb"},"inLanguage":"fr-FR","potentialAction":[{"@type":"ReadAction","target":["https:\/\/www.conex.net\/be\/nl\/de-h7-aangifte\/"]}]},{"@type":"ImageObject","inLanguage":"fr-FR","@id":"https:\/\/www.conex.net\/be\/nl\/de-h7-aangifte\/#primaryimage","url":"https:\/\/www.conex.net\/be\/wp-content\/uploads\/sites\/3\/2021\/06\/EXPRESSviaconex.png","contentUrl":"https:\/\/www.conex.net\/be\/wp-content\/uploads\/sites\/3\/2021\/06\/EXPRESSviaconex.png","width":204,"height":165,"caption":"EXPRESS via conex\u2122 est une application WEB propos\u00e9e en mode SaaS. Elle est d\u00e9di\u00e9e \u00e0 la gestion des donn\u00e9es douani\u00e8res de la d\u00e9claration europ\u00e9enne H7 requise dans le cadre des ventes \u00e0 distance et e-commerce de biens import\u00e9s de pays tiers."},{"@type":"BreadcrumbList","@id":"https:\/\/www.conex.net\/be\/nl\/de-h7-aangifte\/#breadcrumb","itemListElement":[{"@type":"ListItem","position":1,"name":"Accueil","item":"https:\/\/www.conex.net\/be\/"},{"@type":"ListItem","position":2,"name":"De H7-aangifte"}]},{"@type":"WebSite","@id":"https:\/\/www.conex.net\/be\/#website","url":"https:\/\/www.conex.net\/be\/","name":"Conex Belgique","description":"Your customs partner - CONEX BE","potentialAction":[{"@type":"SearchAction","target":{"@type":"EntryPoint","urlTemplate":"https:\/\/www.conex.net\/be\/?s={search_term_string}"},"query-input":{"@type":"PropertyValueSpecification","valueRequired":true,"valueName":"search_term_string"}}],"inLanguage":"fr-FR"}]}},"_links":{"self":[{"href":"https:\/\/www.conex.net\/be\/wp-json\/wp\/v2\/pages\/4418","targetHints":{"allow":["GET"]}}],"collection":[{"href":"https:\/\/www.conex.net\/be\/wp-json\/wp\/v2\/pages"}],"about":[{"href":"https:\/\/www.conex.net\/be\/wp-json\/wp\/v2\/types\/page"}],"author":[{"embeddable":true,"href":"https:\/\/www.conex.net\/be\/wp-json\/wp\/v2\/users\/1"}],"replies":[{"embeddable":true,"href":"https:\/\/www.conex.net\/be\/wp-json\/wp\/v2\/comments?post=4418"}],"version-history":[{"count":24,"href":"https:\/\/www.conex.net\/be\/wp-json\/wp\/v2\/pages\/4418\/revisions"}],"predecessor-version":[{"id":4443,"href":"https:\/\/www.conex.net\/be\/wp-json\/wp\/v2\/pages\/4418\/revisions\/4443"}],"wp:featuredmedia":[{"embeddable":true,"href":"https:\/\/www.conex.net\/be\/wp-json\/wp\/v2\/media\/4408"}],"wp:attachment":[{"href":"https:\/\/www.conex.net\/be\/wp-json\/wp\/v2\/media?parent=4418"}],"curies":[{"name":"wp","href":"https:\/\/api.w.org\/{rel}","templated":true}]}}