{"id":4457,"date":"2021-07-09T11:15:41","date_gmt":"2021-07-09T09:15:41","guid":{"rendered":"https:\/\/www.conex.net\/be\/?page_id=4457"},"modified":"2021-07-09T11:16:31","modified_gmt":"2021-07-09T09:16:31","slug":"sitl-2021","status":"publish","type":"page","link":"https:\/\/www.conex.net\/be\/sitl-2021\/","title":{"rendered":"SITL 2021"},"content":{"rendered":"<div id=\"pl-4457\"  class=\"panel-layout\" ><div id=\"pg-4457-0\"  class=\"panel-grid panel-no-style\" ><div id=\"pgc-4457-0-0\"  class=\"panel-grid-cell\" ><div id=\"panel-4457-0-0-0\" class=\"so-panel widget widget_sow-editor panel-first-child panel-last-child\" data-index=\"0\" ><div\n\t\t\t\n\t\t\tclass=\"so-widget-sow-editor so-widget-sow-editor-base\"\n\t\t\t\n\t\t>\n<div class=\"siteorigin-widget-tinymce textwidget\">\n\t<p><span style=\"color: #333333;\"><img loading=\"lazy\" decoding=\"async\" class=\"alignleft wp-image-6421\" src=\"https:\/\/www.conex.net\/fr\/wp-content\/uploads\/sites\/2\/2021\/07\/SITL-2021-reseaux.jpg\" alt=\"SITL 2021 conex\" width=\"350\" height=\"231\" \/><\/span><\/p>\n<h3><span style=\"color: #333333;\"><strong>Avoir toujours un temps d\u2019avance\u00a0!<\/strong><\/span><\/h3>\n<h5 style=\"text-align: justify;\"><span style=\"color: #000000;\">Venez rencontrer notre \u00e9quipe sur le salon SITL, nous vous ferons d\u00e9couvrir ou re-d\u00e9couvrir nos solutions. Nous \u00e9changerons avec vous sur les \u00e9volutions douani\u00e8res et s\u00e9curitaires \u00e0 venir, les solutions que nous apportons aux probl\u00e9matiques m\u00e9tiers que chargeurs et transitaires rencontrent au quotidien.<\/span><\/h5>\n<h4 style=\"text-align: left;\">Pour obtenir votre badge gratuitement, renseignez le code <strong><span style=\"color: #b50000;\">EXH69219<\/span><\/strong> lors de votre demande sur le site SITL <a href=\"https:\/\/badge.sitl.eu\/visiteur\/mon-badge.htm\" target=\"_blank\" rel=\"noopener\"><span style=\"color: #b50000;\"><strong>DEMANDE DE BADGE GRATUIT<\/strong><\/span><\/a><\/h4>\n<p style=\"text-align: justify;\"><span style=\"color: #333333;\">CONEX est un acteur majeur de la d\u00e9mat\u00e9rialisation de l\u2019information douani\u00e8re et s\u00e9curitaire qui met en relation les op\u00e9rateurs import\/export et les autorit\u00e9s douani\u00e8res.<\/span><\/p>\n<p style=\"text-align: justify;\"><span style=\"color: #333333;\">Nous proposons une gamme compl\u00e8te de solutions logicielles et de traitement des donn\u00e9es qui rendent votre organisation plus agile. Nous couvrons tous vos besoins d\u2019interconnexion avec vos clients, fournisseurs, partenaires et les douanes internationales.<\/span><\/p>\n<p style=\"text-align: justify;\"><span style=\"color: #333333;\">Confront\u00e9es aux r\u00e9glementations complexes du commerce international, les entreprises ont besoin d\u2019outils qui assurent l\u2019automatisation des traitements, la tra\u00e7abilit\u00e9 et la s\u00e9curit\u00e9 des \u00e9changes de donn\u00e9es, la communication avec les tiers. <\/span><br \/>\n<span style=\"color: #333333;\">C\u2019est dans ce contexte que l\u2019activit\u00e9 de CONEX s\u2019est d\u00e9velopp\u00e9e depuis plus de 35 ans. Le temps est une force qui nous a permis d\u2019acqu\u00e9rir la reconnaissance des administrations comme des organismes de normalisation internationaux et la confiance de nombreux acteurs internationaux de la Supply Chain.<\/span><\/p>\n<\/div>\n<\/div><\/div><\/div><\/div><\/div>","protected":false},"excerpt":{"rendered":"<p>Avoir toujours un temps d\u2019avance\u00a0! Venez rencontrer notre \u00e9quipe sur le salon SITL, nous vous ferons d\u00e9couvrir ou re-d\u00e9couvrir nos solutions. Nous \u00e9changerons avec vous sur les \u00e9volutions douani\u00e8res et s\u00e9curitaires \u00e0 venir, les solutions que nous apportons aux probl\u00e9matiques m\u00e9tiers que chargeurs et transitaires rencontrent au quotidien. Pour obtenir votre badge gratuitement, renseignez le code EXH69219 lors de votre demande sur le site SITL DEMANDE DE BADGE GRATUIT CONEX est un acteur majeur de [&hellip;]<\/p>\n","protected":false},"author":1,"featured_media":0,"parent":0,"menu_order":0,"comment_status":"closed","ping_status":"closed","template":"","meta":{"footnotes":""},"class_list":["post-4457","page","type-page","status-publish","hentry"],"yoast_head":"<!-- This site is optimized with the Yoast SEO plugin v27.5 - https:\/\/yoast.com\/product\/yoast-seo-wordpress\/ -->\n<title>SITL 2021 - Conex Belgique<\/title>\n<meta name=\"robots\" content=\"index, follow, max-snippet:-1, max-image-preview:large, max-video-preview:-1\" \/>\n<link rel=\"canonical\" href=\"https:\/\/www.conex.net\/be\/sitl-2021\/\" \/>\n<meta property=\"og:locale\" content=\"fr_FR\" \/>\n<meta property=\"og:type\" content=\"article\" \/>\n<meta property=\"og:title\" content=\"SITL 2021 - Conex Belgique\" \/>\n<meta property=\"og:description\" content=\"Avoir toujours un temps d\u2019avance\u00a0! Venez rencontrer notre \u00e9quipe sur le salon SITL, nous vous ferons d\u00e9couvrir ou re-d\u00e9couvrir nos solutions. Nous \u00e9changerons avec vous sur les \u00e9volutions douani\u00e8res et s\u00e9curitaires \u00e0 venir, les solutions que nous apportons aux probl\u00e9matiques m\u00e9tiers que chargeurs et transitaires rencontrent au quotidien. Pour obtenir votre badge gratuitement, renseignez le code EXH69219 lors de votre demande sur le site SITL DEMANDE DE BADGE GRATUIT CONEX est un acteur majeur de [&hellip;]\" \/>\n<meta property=\"og:url\" content=\"https:\/\/www.conex.net\/be\/sitl-2021\/\" \/>\n<meta property=\"og:site_name\" content=\"Conex Belgique\" \/>\n<meta property=\"article:modified_time\" content=\"2021-07-09T09:16:31+00:00\" \/>\n<meta property=\"og:image\" content=\"https:\/\/www.conex.net\/fr\/wp-content\/uploads\/sites\/2\/2021\/07\/SITL-2021-reseaux.jpg\" \/>\n<meta name=\"twitter:card\" content=\"summary_large_image\" \/>\n<meta name=\"twitter:label1\" content=\"Dur\u00e9e de lecture estim\u00e9e\" \/>\n\t<meta name=\"twitter:data1\" content=\"1 minute\" \/>\n<script type=\"application\/ld+json\" class=\"yoast-schema-graph\">{\"@context\":\"https:\\\/\\\/schema.org\",\"@graph\":[{\"@type\":\"WebPage\",\"@id\":\"https:\\\/\\\/www.conex.net\\\/be\\\/sitl-2021\\\/\",\"url\":\"https:\\\/\\\/www.conex.net\\\/be\\\/sitl-2021\\\/\",\"name\":\"SITL 2021 - Conex Belgique\",\"isPartOf\":{\"@id\":\"https:\\\/\\\/www.conex.net\\\/be\\\/#website\"},\"primaryImageOfPage\":{\"@id\":\"https:\\\/\\\/www.conex.net\\\/be\\\/sitl-2021\\\/#primaryimage\"},\"image\":{\"@id\":\"https:\\\/\\\/www.conex.net\\\/be\\\/sitl-2021\\\/#primaryimage\"},\"thumbnailUrl\":\"https:\\\/\\\/www.conex.net\\\/fr\\\/wp-content\\\/uploads\\\/sites\\\/2\\\/2021\\\/07\\\/SITL-2021-reseaux.jpg\",\"datePublished\":\"2021-07-09T09:15:41+00:00\",\"dateModified\":\"2021-07-09T09:16:31+00:00\",\"breadcrumb\":{\"@id\":\"https:\\\/\\\/www.conex.net\\\/be\\\/sitl-2021\\\/#breadcrumb\"},\"inLanguage\":\"fr-FR\",\"potentialAction\":[{\"@type\":\"ReadAction\",\"target\":[\"https:\\\/\\\/www.conex.net\\\/be\\\/sitl-2021\\\/\"]}]},{\"@type\":\"ImageObject\",\"inLanguage\":\"fr-FR\",\"@id\":\"https:\\\/\\\/www.conex.net\\\/be\\\/sitl-2021\\\/#primaryimage\",\"url\":\"https:\\\/\\\/www.conex.net\\\/fr\\\/wp-content\\\/uploads\\\/sites\\\/2\\\/2021\\\/07\\\/SITL-2021-reseaux.jpg\",\"contentUrl\":\"https:\\\/\\\/www.conex.net\\\/fr\\\/wp-content\\\/uploads\\\/sites\\\/2\\\/2021\\\/07\\\/SITL-2021-reseaux.jpg\"},{\"@type\":\"BreadcrumbList\",\"@id\":\"https:\\\/\\\/www.conex.net\\\/be\\\/sitl-2021\\\/#breadcrumb\",\"itemListElement\":[{\"@type\":\"ListItem\",\"position\":1,\"name\":\"Accueil\",\"item\":\"https:\\\/\\\/www.conex.net\\\/be\\\/\"},{\"@type\":\"ListItem\",\"position\":2,\"name\":\"SITL 2021\"}]},{\"@type\":\"WebSite\",\"@id\":\"https:\\\/\\\/www.conex.net\\\/be\\\/#website\",\"url\":\"https:\\\/\\\/www.conex.net\\\/be\\\/\",\"name\":\"Conex Belgique\",\"description\":\"Your customs partner - CONEX BE\",\"potentialAction\":[{\"@type\":\"SearchAction\",\"target\":{\"@type\":\"EntryPoint\",\"urlTemplate\":\"https:\\\/\\\/www.conex.net\\\/be\\\/?s={search_term_string}\"},\"query-input\":{\"@type\":\"PropertyValueSpecification\",\"valueRequired\":true,\"valueName\":\"search_term_string\"}}],\"inLanguage\":\"fr-FR\"}]}<\/script>\n<!-- \/ Yoast SEO plugin. -->","yoast_head_json":{"title":"SITL 2021 - Conex Belgique","robots":{"index":"index","follow":"follow","max-snippet":"max-snippet:-1","max-image-preview":"max-image-preview:large","max-video-preview":"max-video-preview:-1"},"canonical":"https:\/\/www.conex.net\/be\/sitl-2021\/","og_locale":"fr_FR","og_type":"article","og_title":"SITL 2021 - Conex Belgique","og_description":"Avoir toujours un temps d\u2019avance\u00a0! Venez rencontrer notre \u00e9quipe sur le salon SITL, nous vous ferons d\u00e9couvrir ou re-d\u00e9couvrir nos solutions. Nous \u00e9changerons avec vous sur les \u00e9volutions douani\u00e8res et s\u00e9curitaires \u00e0 venir, les solutions que nous apportons aux probl\u00e9matiques m\u00e9tiers que chargeurs et transitaires rencontrent au quotidien. Pour obtenir votre badge gratuitement, renseignez le code EXH69219 lors de votre demande sur le site SITL DEMANDE DE BADGE GRATUIT CONEX est un acteur majeur de [&hellip;]","og_url":"https:\/\/www.conex.net\/be\/sitl-2021\/","og_site_name":"Conex Belgique","article_modified_time":"2021-07-09T09:16:31+00:00","og_image":[{"url":"https:\/\/www.conex.net\/fr\/wp-content\/uploads\/sites\/2\/2021\/07\/SITL-2021-reseaux.jpg","type":"","width":"","height":""}],"twitter_card":"summary_large_image","twitter_misc":{"Dur\u00e9e de lecture estim\u00e9e":"1 minute"},"schema":{"@context":"https:\/\/schema.org","@graph":[{"@type":"WebPage","@id":"https:\/\/www.conex.net\/be\/sitl-2021\/","url":"https:\/\/www.conex.net\/be\/sitl-2021\/","name":"SITL 2021 - Conex Belgique","isPartOf":{"@id":"https:\/\/www.conex.net\/be\/#website"},"primaryImageOfPage":{"@id":"https:\/\/www.conex.net\/be\/sitl-2021\/#primaryimage"},"image":{"@id":"https:\/\/www.conex.net\/be\/sitl-2021\/#primaryimage"},"thumbnailUrl":"https:\/\/www.conex.net\/fr\/wp-content\/uploads\/sites\/2\/2021\/07\/SITL-2021-reseaux.jpg","datePublished":"2021-07-09T09:15:41+00:00","dateModified":"2021-07-09T09:16:31+00:00","breadcrumb":{"@id":"https:\/\/www.conex.net\/be\/sitl-2021\/#breadcrumb"},"inLanguage":"fr-FR","potentialAction":[{"@type":"ReadAction","target":["https:\/\/www.conex.net\/be\/sitl-2021\/"]}]},{"@type":"ImageObject","inLanguage":"fr-FR","@id":"https:\/\/www.conex.net\/be\/sitl-2021\/#primaryimage","url":"https:\/\/www.conex.net\/fr\/wp-content\/uploads\/sites\/2\/2021\/07\/SITL-2021-reseaux.jpg","contentUrl":"https:\/\/www.conex.net\/fr\/wp-content\/uploads\/sites\/2\/2021\/07\/SITL-2021-reseaux.jpg"},{"@type":"BreadcrumbList","@id":"https:\/\/www.conex.net\/be\/sitl-2021\/#breadcrumb","itemListElement":[{"@type":"ListItem","position":1,"name":"Accueil","item":"https:\/\/www.conex.net\/be\/"},{"@type":"ListItem","position":2,"name":"SITL 2021"}]},{"@type":"WebSite","@id":"https:\/\/www.conex.net\/be\/#website","url":"https:\/\/www.conex.net\/be\/","name":"Conex Belgique","description":"Your customs partner - CONEX BE","potentialAction":[{"@type":"SearchAction","target":{"@type":"EntryPoint","urlTemplate":"https:\/\/www.conex.net\/be\/?s={search_term_string}"},"query-input":{"@type":"PropertyValueSpecification","valueRequired":true,"valueName":"search_term_string"}}],"inLanguage":"fr-FR"}]}},"_links":{"self":[{"href":"https:\/\/www.conex.net\/be\/wp-json\/wp\/v2\/pages\/4457","targetHints":{"allow":["GET"]}}],"collection":[{"href":"https:\/\/www.conex.net\/be\/wp-json\/wp\/v2\/pages"}],"about":[{"href":"https:\/\/www.conex.net\/be\/wp-json\/wp\/v2\/types\/page"}],"author":[{"embeddable":true,"href":"https:\/\/www.conex.net\/be\/wp-json\/wp\/v2\/users\/1"}],"replies":[{"embeddable":true,"href":"https:\/\/www.conex.net\/be\/wp-json\/wp\/v2\/comments?post=4457"}],"version-history":[{"count":3,"href":"https:\/\/www.conex.net\/be\/wp-json\/wp\/v2\/pages\/4457\/revisions"}],"predecessor-version":[{"id":4460,"href":"https:\/\/www.conex.net\/be\/wp-json\/wp\/v2\/pages\/4457\/revisions\/4460"}],"wp:attachment":[{"href":"https:\/\/www.conex.net\/be\/wp-json\/wp\/v2\/media?parent=4457"}],"curies":[{"name":"wp","href":"https:\/\/api.w.org\/{rel}","templated":true}]}}