{"id":4575,"date":"2022-03-17T15:05:25","date_gmt":"2022-03-17T14:05:25","guid":{"rendered":"https:\/\/www.conex.net\/be\/?page_id=4575"},"modified":"2022-03-31T16:06:32","modified_gmt":"2022-03-31T14:06:32","slug":"mini-conferences-stil-2022","status":"publish","type":"page","link":"https:\/\/www.conex.net\/be\/mini-conferences-stil-2022\/","title":{"rendered":"Mini conf\u00e9rences STIL 2022"},"content":{"rendered":"<div id=\"pl-4575\"  class=\"panel-layout\" ><div id=\"pg-4575-0\"  class=\"panel-grid panel-no-style\" ><div id=\"pgc-4575-0-0\"  class=\"panel-grid-cell\" ><div id=\"panel-4575-0-0-0\" class=\"so-panel widget widget_sow-editor panel-first-child panel-last-child\" data-index=\"0\" ><div\n\t\t\t\n\t\t\tclass=\"so-widget-sow-editor so-widget-sow-editor-base\"\n\t\t\t\n\t\t>\n<div class=\"siteorigin-widget-tinymce textwidget\">\n\t<p><span style=\"color: #333333;\"><img loading=\"lazy\" decoding=\"async\" class=\"alignleft size-full wp-image-4576\" src=\"https:\/\/www.conex.net\/be\/wp-content\/uploads\/sites\/3\/2022\/03\/mini-conferences-sitl-2022-programme.jpg\" alt=\"\" width=\"1800\" height=\"396\" srcset=\"https:\/\/www.conex.net\/be\/wp-content\/uploads\/sites\/3\/2022\/03\/mini-conferences-sitl-2022-programme.jpg 1800w, https:\/\/www.conex.net\/be\/wp-content\/uploads\/sites\/3\/2022\/03\/mini-conferences-sitl-2022-programme-300x66.jpg 300w, https:\/\/www.conex.net\/be\/wp-content\/uploads\/sites\/3\/2022\/03\/mini-conferences-sitl-2022-programme-1024x225.jpg 1024w, https:\/\/www.conex.net\/be\/wp-content\/uploads\/sites\/3\/2022\/03\/mini-conferences-sitl-2022-programme-768x169.jpg 768w, https:\/\/www.conex.net\/be\/wp-content\/uploads\/sites\/3\/2022\/03\/mini-conferences-sitl-2022-programme-1536x338.jpg 1536w\" sizes=\"auto, (max-width: 1800px) 100vw, 1800px\" \/><\/span><\/p>\n<h4><\/h4>\n<h4><span style=\"color: #333333;\"><strong>C\u2019EST POUR BIENT<b>\u00d4<\/b>T !\u00a0<\/strong><\/span><\/h4>\n<p><span style=\"color: #333333;\"><strong>CONEX<\/strong>\u00a0sera sur la\u00a0<strong>SITL 2022<\/strong>\u00a0\u00e0 Villepinte. Retrouvons-nous les 5, 6, 7 et 8 avril sur notre stand !<\/span><br \/>\n<span style=\"color: #333333;\">Pensez \u00e0 demander votre badge d'acc\u00e8s gratuit au salon avec le<strong>\u00a0<span style=\"color: #cc0000;\"><a style=\"color: #cc0000;\" href=\"https:\/\/eur01.safelinks.protection.outlook.com\/?url=https%3A%2F%2Feye.mail.conex.net%2Fc%3Fp%3DwAbNA3rDxBAF0LvQ3f1TUk0R0L5HEEsd6x9vxBAJPf_QvtDBH0Yz0Lf8Q2Fy0MdOX9kiaHR0cHM6Ly9iYWRnZS5zaXRsLmV1L3Zpc2l0ZXVyLmh0bbg1YWEyOTgzYWI4NWI1MzUwZWYxY2VlMTa4NjEzOGE4ODI1ZTA2MGY0NGU0ZTFlMWIzwLZ2YWlyVkRHQlRmV2lJOFJfa3N3Vk1BsmV5ZS5tYWlsLmNvbmV4Lm5ldMQUa0dkNvZUHXUsfybQkgnwLyhQ0JRzJQ&amp;data=04%7C01%7Ccarole.mignonet%40conex.net%7Cdbb67499ea7848b952f308da069fa9fd%7C701d7272a66f4135993af39677a4e339%7C1%7C0%7C637829580083067440%7CUnknown%7CTWFpbGZsb3d8eyJWIjoiMC4wLjAwMDAiLCJQIjoiV2luMzIiLCJBTiI6Ik1haWwiLCJXVCI6Mn0%3D%7C3000&amp;sdata=CAoK3qtrNgsb6sRndeqhV7br3KYmrdBOBPoTl47FREo%3D&amp;reserved=0\">code EXH 69219<\/a>.\u00a0<\/span><\/strong><\/span><\/p>\n<p><span style=\"color: #333333;\">Pour rythmer ces 4 jours, notre \u00e9quipe vous r\u00e9serve un programme de\u00a0<strong>mini-conf\u00e9rences (30') organis\u00e9es sur notre stand,<\/strong>\u00a0pour faire le point sur les actualit\u00e9s r\u00e9centes et \u00e0 venir en mati\u00e8re de r\u00e9glementation douani\u00e8re. Chaque jour, nous prendrons le temps d'\u00e9changer avec vous et de r\u00e9pondre \u00e0 vos questions en face-\u00e0-face.<\/span><\/p>\n<p><span style=\"color: #333333;\">Pensez \u00e0 vous inscrire pour que nous puissions vous accueillir dans les meilleures conditions !<\/span><\/p>\n<\/div>\n<\/div><\/div><\/div><\/div><div id=\"pg-4575-1\"  class=\"panel-grid panel-no-style\" ><div id=\"pgc-4575-1-0\"  class=\"panel-grid-cell\" ><div id=\"panel-4575-1-0-0\" class=\"so-panel widget widget_sow-editor panel-first-child panel-last-child\" data-index=\"1\" ><div\n\t\t\t\n\t\t\tclass=\"so-widget-sow-editor so-widget-sow-editor-base\"\n\t\t\t\n\t\t>\n<div class=\"siteorigin-widget-tinymce textwidget\">\n\t<h4><span style=\"color: #cc0000;\"><strong>Adoptez la ZEN\u00a0attitude\u00a0<\/strong><\/span><\/h4>\n<h5><span style=\"color: #333333;\"><strong>#<\/strong><strong>WORKFLOW<br \/>\n<\/strong><strong>#<\/strong><strong>COLLABORATIF<br \/>\n<\/strong><strong>#<\/strong><strong>BLOCKCHAIN<\/strong><\/span><\/h5>\n<hr \/>\n<p><span style=\"color: #333333;\">L'ordonnancement intelligent de vos flux documentaires et d\u00e9claratifs. Une innovation CONEX pour la performance de vos process douaniers.<\/span><\/p>\n<\/div>\n<\/div><\/div><\/div><div id=\"pgc-4575-1-1\"  class=\"panel-grid-cell\" ><div id=\"panel-4575-1-1-0\" class=\"so-panel widget widget_sow-editor panel-first-child panel-last-child\" data-index=\"2\" ><div\n\t\t\t\n\t\t\tclass=\"so-widget-sow-editor so-widget-sow-editor-base\"\n\t\t\t\n\t\t>\n<div class=\"siteorigin-widget-tinymce textwidget\">\n\t<h4><span style=\"color: #cc0000;\"><strong>Next steps avec CONEX\u00a0<\/strong><\/span><\/h4>\n<h5><span style=\"color: #333333;\"><strong>#<\/strong><strong>UK<br \/>\n<\/strong><strong>#<\/strong><strong>SAFE<br \/>\n<\/strong><strong>#<\/strong><strong>BREXIT<\/strong><\/span><\/h5>\n<hr \/>\n<p><span style=\"color: #333333;\">Le casse-t\u00eate des formalit\u00e9s transfrontali\u00e8res ICS, S&amp;S GB, GVMS, un jeu d'enfants avec CONEX.<\/span><\/p>\n<\/div>\n<\/div><\/div><\/div><div id=\"pgc-4575-1-2\"  class=\"panel-grid-cell\" ><div id=\"panel-4575-1-2-0\" class=\"so-panel widget widget_sow-editor panel-first-child panel-last-child\" data-index=\"3\" ><div\n\t\t\t\n\t\t\tclass=\"so-widget-sow-editor so-widget-sow-editor-base\"\n\t\t\t\n\t\t>\n<div class=\"siteorigin-widget-tinymce textwidget\">\n\t<h4><span style=\"color: #c40000;\"><strong>L'union fait la<br \/>\nforce\u00a0<\/strong><\/span><\/h4>\n<h5><span style=\"color: #333333;\"><strong>#<\/strong><strong>DOUANE<br \/>\n<\/strong><strong>#<\/strong><strong>PERFORMANCE<br \/>\n<\/strong><strong>#<\/strong><strong>DOUANE<\/strong><\/span><\/h5>\n<hr \/>\n<p><span style=\"color: #333333;\">Comment se donner les moyens d'une strat\u00e9gie douani\u00e8re performante ?<\/span><\/p>\n<\/div>\n<\/div><\/div><\/div><div id=\"pgc-4575-1-3\"  class=\"panel-grid-cell\" ><div id=\"panel-4575-1-3-0\" class=\"so-panel widget widget_sow-editor panel-first-child panel-last-child\" data-index=\"4\" ><div\n\t\t\t\n\t\t\tclass=\"so-widget-sow-editor so-widget-sow-editor-base\"\n\t\t\t\n\t\t>\n<div class=\"siteorigin-widget-tinymce textwidget\">\n\t<h4><span style=\"color: #bf0000;\"><strong>Le dress code de vos donn\u00e9es douani\u00e8res<\/strong><\/span><\/h4>\n<h5><span style=\"color: #333333;\"><strong>#<\/strong><strong>E-COMMERCE<br \/>\n#H7 #H1<br \/>\n<\/strong><strong>#<\/strong><strong>DOUANE<\/strong><\/span><\/h5>\n<hr \/>\n<p><span style=\"color: #333333;\">H7-H1, les nouveaux noms de code sur l'\u00e9chiquier douanier europ\u00e9en vous sont-ils familiers ?<\/span><\/p>\n<\/div>\n<\/div><\/div><\/div><div id=\"pgc-4575-1-4\"  class=\"panel-grid-cell\" ><div id=\"panel-4575-1-4-0\" class=\"so-panel widget widget_sow-editor panel-first-child panel-last-child\" data-index=\"5\" ><div\n\t\t\t\n\t\t\tclass=\"so-widget-sow-editor so-widget-sow-editor-base\"\n\t\t\t\n\t\t>\n<div class=\"siteorigin-widget-tinymce textwidget\">\n\t<h4><span style=\"color: #d40000;\"><strong>Le contexte douanier bilat\u00e9ral<\/strong><\/span><\/h4>\n<h5><span style=\"color: #333333;\"><strong>#<\/strong><strong>BREXIT<br \/>\n<\/strong><strong>#DOUANE<br \/>\n#BREXIT<\/strong><\/span><\/h5>\n<hr \/>\n<p><span style=\"color: #333333;\">Regards crois\u00e9s sur les proc\u00e9dures douani\u00e8res et s\u00e9curitaires pour optimiser vos \u00e9changes France, Belgique, Royaume-Uni<\/span><\/p>\n<\/div>\n<\/div><\/div><\/div><\/div><div id=\"pg-4575-2\"  class=\"panel-grid panel-no-style\" ><div id=\"pgc-4575-2-0\"  class=\"panel-grid-cell panel-grid-cell-empty\" ><\/div><div id=\"pgc-4575-2-1\"  class=\"panel-grid-cell\" ><div id=\"panel-4575-2-1-0\" class=\"so-panel widget widget_sow-editor panel-first-child panel-last-child\" data-index=\"6\" ><div class=\"panel-widget-style panel-widget-style-for-4575-2-1-0\" ><div\n\t\t\t\n\t\t\tclass=\"so-widget-sow-editor so-widget-sow-editor-base\"\n\t\t\t\n\t\t>\n<div class=\"siteorigin-widget-tinymce textwidget\">\n\t<h4 style=\"text-align: center;\"><span style=\"color: #ffffff;\"><a style=\"color: #ffffff;\" href=\"https:\/\/forms.sbc08.com\/5aa2983ab85b5350ef1cee16\/ZnMXLyRcQa2g1rRy97rUUw\/RkSnOPsvRoeMo7zf-_0P_A\/form.html\" target=\"_blank\" rel=\"noopener\"><strong>INSCRIPTION GRATUITE<\/strong><\/a><\/span><\/h4>\n<\/div>\n<\/div><\/div><\/div><\/div><div id=\"pgc-4575-2-2\"  class=\"panel-grid-cell panel-grid-cell-mobile-last\" ><div id=\"panel-4575-2-2-0\" class=\"so-panel widget widget_sow-editor panel-first-child panel-last-child\" data-index=\"7\" ><div class=\"panel-widget-style panel-widget-style-for-4575-2-2-0\" ><div\n\t\t\t\n\t\t\tclass=\"so-widget-sow-editor so-widget-sow-editor-base\"\n\t\t\t\n\t\t>\n<div class=\"siteorigin-widget-tinymce textwidget\">\n\t<h4 style=\"text-align: center;\"><span style=\"color: #ffffff;\"><a style=\"color: #ffffff;\" href=\"https:\/\/badge.sitl.eu\/visiteur\/mon-badge.htm?gclid=CjwKCAjwopWSBhB6EiwAjxmqDS_zosP9A5ccUekyEfRjrGvpTWof5xjp3CTvbpS4v_-2jR-hmyoaahoCmMEQAvD_BwE&amp;utm_source=cojecom&amp;utm_medium=adwords&amp;utm_campaign=salon\" target=\"_blank\" rel=\"noopener\"><strong>BADGE D'ACC\u00c8S GRATUIT SITL<\/strong><\/a><\/span><\/h4>\n<\/div>\n<\/div><\/div><\/div><\/div><div id=\"pgc-4575-2-3\"  class=\"panel-grid-cell panel-grid-cell-empty\" ><\/div><\/div><div id=\"pg-4575-3\"  class=\"panel-grid panel-no-style\" ><div id=\"pgc-4575-3-0\"  class=\"panel-grid-cell\" ><div id=\"panel-4575-3-0-0\" class=\"so-panel widget widget_sow-editor panel-first-child panel-last-child\" data-index=\"8\" ><div class=\"panel-widget-style panel-widget-style-for-4575-3-0-0\" ><div\n\t\t\t\n\t\t\tclass=\"so-widget-sow-editor so-widget-sow-editor-base\"\n\t\t\t\n\t\t>\n<div class=\"siteorigin-widget-tinymce textwidget\">\n\t<hr \/>\n<h3 style=\"text-align: center;\"><strong>NOUS SERONS \u00c9GALEMENT PR\u00c9SENTS<br \/>\n<\/strong><\/h3>\n<h4 style=\"text-align: center;\"><strong>\u00e0 la tribune des conf\u00e9rences\u00a0SITL - SALLE MERCURE\u00a0<\/strong><\/h4>\n<\/div>\n<\/div><\/div><\/div><\/div><\/div><div id=\"pg-4575-4\"  class=\"panel-grid panel-no-style\" ><div id=\"pgc-4575-4-0\"  class=\"panel-grid-cell\" ><div id=\"panel-4575-4-0-0\" class=\"so-panel widget widget_sow-editor panel-first-child panel-last-child\" data-index=\"9\" ><div class=\"panel-widget-style panel-widget-style-for-4575-4-0-0\" ><div\n\t\t\t\n\t\t\tclass=\"so-widget-sow-editor so-widget-sow-editor-base\"\n\t\t\t\n\t\t>\n<div class=\"siteorigin-widget-tinymce textwidget\">\n\t<h4><span style=\"color: #ff6600;\"><strong>L\u2019ENTREPRISE<br \/>\nFACE \u00c0 UN SUJET DOUANE,<br \/>\n<\/strong><strong>\u00c0 QUI S\u2019ADRESSER ?<\/strong><\/span><\/h4>\n<p><span style=\"color: #333333;\">Salle Mercure, Mercredi 6 Avril, 11:15 - 12:15<\/span><br \/>\n<span style=\"color: #333333;\"><a style=\"color: #333333;\" href=\"https:\/\/eur01.safelinks.protection.outlook.com\/?url=https%3A%2F%2Feye.mail.conex.net%2Fc%3Fp%3DwAbNA3rDxBAF0LvQ3f1TUk0R0L5HEEsd6x9vxBAW7gr90Iv2T9DD0LDQguD40I3Q3SjQrdmlaHR0cHM6Ly93d3cuc2l0bC5ldS9mci1mci9wcm9ncmFtbWUvcHJvZ3JhbW1lLTIwMjEvcHJvZ3JhbW1lLWRldGFpbHMuMjQ5Ni4xNDU5MjkubCVFMiU4MCU5OWVudHJlcHJpc2UtZmFjZS0lQzMlQTAtdW4tc3VqZXQtZG91YW5lLSVDMyVBMC1xdWktcyVFMiU4MCU5OWFkcmVzc2VyLS5odG1suDVhYTI5ODNhYjg1YjUzNTBlZjFjZWUxNrg2MTM4YTg4MjVlMDYwZjQ0ZTRlMWUxYjPAtnZhaXJWREdCVGZXaUk4Ul9rc3dWTUGyZXllLm1haWwuY29uZXgubmV0xBRrR2Q29lQddSx_JtCSCfAvKFDQlHMl&amp;data=04%7C01%7Ccarole.mignonet%40conex.net%7Cdbb67499ea7848b952f308da069fa9fd%7C701d7272a66f4135993af39677a4e339%7C1%7C0%7C637829580083223677%7CUnknown%7CTWFpbGZsb3d8eyJWIjoiMC4wLjAwMDAiLCJQIjoiV2luMzIiLCJBTiI6Ik1haWwiLCJXVCI6Mn0%3D%7C3000&amp;sdata=pHWTlHpGbujjFM3BO03OaR4hIUqM3kyjiYNdKqKUIj8%3D&amp;reserved=0\" target=\"_blank\" rel=\"noopener\"><strong>Plus d'info sur www.sitl.eu<\/strong><\/a><\/span><\/p>\n<\/div>\n<\/div><\/div><\/div><\/div><div id=\"pgc-4575-4-1\"  class=\"panel-grid-cell\" ><div id=\"panel-4575-4-1-0\" class=\"so-panel widget widget_sow-editor panel-first-child panel-last-child\" data-index=\"10\" ><div class=\"panel-widget-style panel-widget-style-for-4575-4-1-0\" ><div\n\t\t\t\n\t\t\tclass=\"so-widget-sow-editor so-widget-sow-editor-base\"\n\t\t\t\n\t\t>\n<div class=\"siteorigin-widget-tinymce textwidget\">\n\t<h4><span style=\"color: #ff6600;\"><strong>COMMERCE INTERNATIONAL :<br \/>\nAM\u00c9LIORER LES PROCESS ET LA PRODUCTIVIT\u00c9 GR\u00c2CE AU NUM\u00c9RIQUE<\/strong><\/span><\/h4>\n<p><span style=\"color: #333333;\">Salle Mercure, Jeudi 7 Avril, 15:00 - 16:00<\/span><br \/>\n<span style=\"color: #333333;\"><a style=\"color: #333333;\" href=\"https:\/\/www.sitl.eu\/fr-fr\/programme\/programme-2021\/programme-details.2496.145915.commerce-international--am%C3%A9liorer-les-process-et-la-productivit%C3%A9-gr%C3%A2ce-au-num%C3%A9rique.html\" target=\"_blank\" rel=\"noopener\"><strong>Plus d'info sur www.sitl.eu<\/strong><\/a><\/span><\/p>\n<\/div>\n<\/div><\/div><\/div><\/div><\/div><\/div>","protected":false},"excerpt":{"rendered":"<p>C\u2019EST POUR BIENT\u00d4T !\u00a0 CONEX\u00a0sera sur la\u00a0SITL 2022\u00a0\u00e0 Villepinte. Retrouvons-nous les 5, 6, 7 et 8 avril sur notre stand ! Pensez \u00e0 demander votre badge d&rsquo;acc\u00e8s gratuit au salon avec le\u00a0code EXH 69219.\u00a0 Pour rythmer ces 4 jours, notre \u00e9quipe vous r\u00e9serve un programme de\u00a0mini-conf\u00e9rences (30&prime;) organis\u00e9es sur notre stand,\u00a0pour faire le point sur les actualit\u00e9s r\u00e9centes et \u00e0 venir en mati\u00e8re de r\u00e9glementation douani\u00e8re. Chaque jour, nous prendrons le temps d&rsquo;\u00e9changer avec vous [&hellip;]<\/p>\n","protected":false},"author":1,"featured_media":0,"parent":0,"menu_order":0,"comment_status":"closed","ping_status":"closed","template":"","meta":{"footnotes":""},"class_list":["post-4575","page","type-page","status-publish","hentry"],"yoast_head":"<!-- This site is optimized with the Yoast SEO plugin v27.4 - https:\/\/yoast.com\/product\/yoast-seo-wordpress\/ -->\n<title>Mini conf\u00e9rences STIL 2022 - Conex Belgique<\/title>\n<meta name=\"robots\" content=\"index, follow, max-snippet:-1, max-image-preview:large, max-video-preview:-1\" \/>\n<link rel=\"canonical\" href=\"https:\/\/www.conex.net\/be\/mini-conferences-stil-2022\/\" \/>\n<meta property=\"og:locale\" content=\"fr_FR\" \/>\n<meta property=\"og:type\" content=\"article\" \/>\n<meta property=\"og:title\" content=\"Mini conf\u00e9rences STIL 2022 - Conex Belgique\" \/>\n<meta property=\"og:description\" content=\"C\u2019EST POUR BIENT\u00d4T !\u00a0 CONEX\u00a0sera sur la\u00a0SITL 2022\u00a0\u00e0 Villepinte. Retrouvons-nous les 5, 6, 7 et 8 avril sur notre stand ! Pensez \u00e0 demander votre badge d&#039;acc\u00e8s gratuit au salon avec le\u00a0code EXH 69219.\u00a0 Pour rythmer ces 4 jours, notre \u00e9quipe vous r\u00e9serve un programme de\u00a0mini-conf\u00e9rences (30&#039;) organis\u00e9es sur notre stand,\u00a0pour faire le point sur les actualit\u00e9s r\u00e9centes et \u00e0 venir en mati\u00e8re de r\u00e9glementation douani\u00e8re. Chaque jour, nous prendrons le temps d&#039;\u00e9changer avec vous [&hellip;]\" \/>\n<meta property=\"og:url\" content=\"https:\/\/www.conex.net\/be\/mini-conferences-stil-2022\/\" \/>\n<meta property=\"og:site_name\" content=\"Conex Belgique\" \/>\n<meta property=\"article:modified_time\" content=\"2022-03-31T14:06:32+00:00\" \/>\n<meta property=\"og:image\" content=\"https:\/\/www.conex.net\/be\/wp-content\/uploads\/sites\/3\/2022\/03\/mini-conferences-sitl-2022-programme.jpg\" \/>\n<meta name=\"twitter:card\" content=\"summary_large_image\" \/>\n<meta name=\"twitter:label1\" content=\"Dur\u00e9e de lecture estim\u00e9e\" \/>\n\t<meta name=\"twitter:data1\" content=\"1 minute\" \/>\n<script type=\"application\/ld+json\" class=\"yoast-schema-graph\">{\"@context\":\"https:\\\/\\\/schema.org\",\"@graph\":[{\"@type\":\"WebPage\",\"@id\":\"https:\\\/\\\/www.conex.net\\\/be\\\/mini-conferences-stil-2022\\\/\",\"url\":\"https:\\\/\\\/www.conex.net\\\/be\\\/mini-conferences-stil-2022\\\/\",\"name\":\"Mini conf\u00e9rences STIL 2022 - Conex Belgique\",\"isPartOf\":{\"@id\":\"https:\\\/\\\/www.conex.net\\\/be\\\/#website\"},\"primaryImageOfPage\":{\"@id\":\"https:\\\/\\\/www.conex.net\\\/be\\\/mini-conferences-stil-2022\\\/#primaryimage\"},\"image\":{\"@id\":\"https:\\\/\\\/www.conex.net\\\/be\\\/mini-conferences-stil-2022\\\/#primaryimage\"},\"thumbnailUrl\":\"https:\\\/\\\/www.conex.net\\\/be\\\/wp-content\\\/uploads\\\/sites\\\/3\\\/2022\\\/03\\\/mini-conferences-sitl-2022-programme.jpg\",\"datePublished\":\"2022-03-17T14:05:25+00:00\",\"dateModified\":\"2022-03-31T14:06:32+00:00\",\"breadcrumb\":{\"@id\":\"https:\\\/\\\/www.conex.net\\\/be\\\/mini-conferences-stil-2022\\\/#breadcrumb\"},\"inLanguage\":\"fr-FR\",\"potentialAction\":[{\"@type\":\"ReadAction\",\"target\":[\"https:\\\/\\\/www.conex.net\\\/be\\\/mini-conferences-stil-2022\\\/\"]}]},{\"@type\":\"ImageObject\",\"inLanguage\":\"fr-FR\",\"@id\":\"https:\\\/\\\/www.conex.net\\\/be\\\/mini-conferences-stil-2022\\\/#primaryimage\",\"url\":\"https:\\\/\\\/www.conex.net\\\/be\\\/wp-content\\\/uploads\\\/sites\\\/3\\\/2022\\\/03\\\/mini-conferences-sitl-2022-programme.jpg\",\"contentUrl\":\"https:\\\/\\\/www.conex.net\\\/be\\\/wp-content\\\/uploads\\\/sites\\\/3\\\/2022\\\/03\\\/mini-conferences-sitl-2022-programme.jpg\",\"width\":1800,\"height\":396},{\"@type\":\"BreadcrumbList\",\"@id\":\"https:\\\/\\\/www.conex.net\\\/be\\\/mini-conferences-stil-2022\\\/#breadcrumb\",\"itemListElement\":[{\"@type\":\"ListItem\",\"position\":1,\"name\":\"Accueil\",\"item\":\"https:\\\/\\\/www.conex.net\\\/be\\\/\"},{\"@type\":\"ListItem\",\"position\":2,\"name\":\"Mini conf\u00e9rences STIL 2022\"}]},{\"@type\":\"WebSite\",\"@id\":\"https:\\\/\\\/www.conex.net\\\/be\\\/#website\",\"url\":\"https:\\\/\\\/www.conex.net\\\/be\\\/\",\"name\":\"Conex Belgique\",\"description\":\"Your customs partner - CONEX BE\",\"potentialAction\":[{\"@type\":\"SearchAction\",\"target\":{\"@type\":\"EntryPoint\",\"urlTemplate\":\"https:\\\/\\\/www.conex.net\\\/be\\\/?s={search_term_string}\"},\"query-input\":{\"@type\":\"PropertyValueSpecification\",\"valueRequired\":true,\"valueName\":\"search_term_string\"}}],\"inLanguage\":\"fr-FR\"}]}<\/script>\n<!-- \/ Yoast SEO plugin. -->","yoast_head_json":{"title":"Mini conf\u00e9rences STIL 2022 - Conex Belgique","robots":{"index":"index","follow":"follow","max-snippet":"max-snippet:-1","max-image-preview":"max-image-preview:large","max-video-preview":"max-video-preview:-1"},"canonical":"https:\/\/www.conex.net\/be\/mini-conferences-stil-2022\/","og_locale":"fr_FR","og_type":"article","og_title":"Mini conf\u00e9rences STIL 2022 - Conex Belgique","og_description":"C\u2019EST POUR BIENT\u00d4T !\u00a0 CONEX\u00a0sera sur la\u00a0SITL 2022\u00a0\u00e0 Villepinte. Retrouvons-nous les 5, 6, 7 et 8 avril sur notre stand ! Pensez \u00e0 demander votre badge d'acc\u00e8s gratuit au salon avec le\u00a0code EXH 69219.\u00a0 Pour rythmer ces 4 jours, notre \u00e9quipe vous r\u00e9serve un programme de\u00a0mini-conf\u00e9rences (30') organis\u00e9es sur notre stand,\u00a0pour faire le point sur les actualit\u00e9s r\u00e9centes et \u00e0 venir en mati\u00e8re de r\u00e9glementation douani\u00e8re. Chaque jour, nous prendrons le temps d'\u00e9changer avec vous [&hellip;]","og_url":"https:\/\/www.conex.net\/be\/mini-conferences-stil-2022\/","og_site_name":"Conex Belgique","article_modified_time":"2022-03-31T14:06:32+00:00","og_image":[{"url":"https:\/\/www.conex.net\/be\/wp-content\/uploads\/sites\/3\/2022\/03\/mini-conferences-sitl-2022-programme.jpg","type":"","width":"","height":""}],"twitter_card":"summary_large_image","twitter_misc":{"Dur\u00e9e de lecture estim\u00e9e":"1 minute"},"schema":{"@context":"https:\/\/schema.org","@graph":[{"@type":"WebPage","@id":"https:\/\/www.conex.net\/be\/mini-conferences-stil-2022\/","url":"https:\/\/www.conex.net\/be\/mini-conferences-stil-2022\/","name":"Mini conf\u00e9rences STIL 2022 - Conex Belgique","isPartOf":{"@id":"https:\/\/www.conex.net\/be\/#website"},"primaryImageOfPage":{"@id":"https:\/\/www.conex.net\/be\/mini-conferences-stil-2022\/#primaryimage"},"image":{"@id":"https:\/\/www.conex.net\/be\/mini-conferences-stil-2022\/#primaryimage"},"thumbnailUrl":"https:\/\/www.conex.net\/be\/wp-content\/uploads\/sites\/3\/2022\/03\/mini-conferences-sitl-2022-programme.jpg","datePublished":"2022-03-17T14:05:25+00:00","dateModified":"2022-03-31T14:06:32+00:00","breadcrumb":{"@id":"https:\/\/www.conex.net\/be\/mini-conferences-stil-2022\/#breadcrumb"},"inLanguage":"fr-FR","potentialAction":[{"@type":"ReadAction","target":["https:\/\/www.conex.net\/be\/mini-conferences-stil-2022\/"]}]},{"@type":"ImageObject","inLanguage":"fr-FR","@id":"https:\/\/www.conex.net\/be\/mini-conferences-stil-2022\/#primaryimage","url":"https:\/\/www.conex.net\/be\/wp-content\/uploads\/sites\/3\/2022\/03\/mini-conferences-sitl-2022-programme.jpg","contentUrl":"https:\/\/www.conex.net\/be\/wp-content\/uploads\/sites\/3\/2022\/03\/mini-conferences-sitl-2022-programme.jpg","width":1800,"height":396},{"@type":"BreadcrumbList","@id":"https:\/\/www.conex.net\/be\/mini-conferences-stil-2022\/#breadcrumb","itemListElement":[{"@type":"ListItem","position":1,"name":"Accueil","item":"https:\/\/www.conex.net\/be\/"},{"@type":"ListItem","position":2,"name":"Mini conf\u00e9rences STIL 2022"}]},{"@type":"WebSite","@id":"https:\/\/www.conex.net\/be\/#website","url":"https:\/\/www.conex.net\/be\/","name":"Conex Belgique","description":"Your customs partner - CONEX BE","potentialAction":[{"@type":"SearchAction","target":{"@type":"EntryPoint","urlTemplate":"https:\/\/www.conex.net\/be\/?s={search_term_string}"},"query-input":{"@type":"PropertyValueSpecification","valueRequired":true,"valueName":"search_term_string"}}],"inLanguage":"fr-FR"}]}},"_links":{"self":[{"href":"https:\/\/www.conex.net\/be\/wp-json\/wp\/v2\/pages\/4575","targetHints":{"allow":["GET"]}}],"collection":[{"href":"https:\/\/www.conex.net\/be\/wp-json\/wp\/v2\/pages"}],"about":[{"href":"https:\/\/www.conex.net\/be\/wp-json\/wp\/v2\/types\/page"}],"author":[{"embeddable":true,"href":"https:\/\/www.conex.net\/be\/wp-json\/wp\/v2\/users\/1"}],"replies":[{"embeddable":true,"href":"https:\/\/www.conex.net\/be\/wp-json\/wp\/v2\/comments?post=4575"}],"version-history":[{"count":9,"href":"https:\/\/www.conex.net\/be\/wp-json\/wp\/v2\/pages\/4575\/revisions"}],"predecessor-version":[{"id":4589,"href":"https:\/\/www.conex.net\/be\/wp-json\/wp\/v2\/pages\/4575\/revisions\/4589"}],"wp:attachment":[{"href":"https:\/\/www.conex.net\/be\/wp-json\/wp\/v2\/media?parent=4575"}],"curies":[{"name":"wp","href":"https:\/\/api.w.org\/{rel}","templated":true}]}}