{"id":48,"date":"2018-11-29T15:45:49","date_gmt":"2018-11-29T14:45:49","guid":{"rendered":"https:\/\/www.conex.net\/be\/?page_id=48"},"modified":"2023-01-06T14:53:32","modified_gmt":"2023-01-06T13:53:32","slug":"emcs","status":"publish","type":"page","link":"https:\/\/www.conex.net\/be\/emcs\/","title":{"rendered":"EMCS"},"content":{"rendered":"<div id=\"pl-48\"  class=\"panel-layout\" ><div id=\"pg-48-0\"  class=\"panel-grid panel-has-style\" ><div class=\"siteorigin-panels-stretch panel-row-style panel-row-style-for-48-0\" data-stretch-type=\"full-stretched\" ><div id=\"pgc-48-0-0\"  class=\"panel-grid-cell\" ><div id=\"panel-48-0-0-0\" class=\"so-panel widget widget_sow-hero panel-first-child panel-last-child\" data-index=\"0\" ><div\n\t\t\t\n\t\t\tclass=\"so-widget-sow-hero so-widget-sow-hero-default-0016aa0c2cfa-48\"\n\t\t\t\n\t\t>\t\t\t\t<div class=\"sow-slider-base\" style=\"display: none\" tabindex=\"0\">\n\t\t\t\t\t<ul\n\t\t\t\t\tclass=\"sow-slider-images\"\n\t\t\t\t\tdata-settings=\"{&quot;pagination&quot;:true,&quot;speed&quot;:800,&quot;timeout&quot;:8000,&quot;paused&quot;:false,&quot;pause_on_hover&quot;:false,&quot;swipe&quot;:false,&quot;nav_always_show_desktop&quot;:&quot;&quot;,&quot;nav_always_show_mobile&quot;:&quot;&quot;,&quot;breakpoint&quot;:&quot;780px&quot;,&quot;unmute&quot;:false,&quot;anchor&quot;:null}\"\n\t\t\t\t\tstyle=\"min-height: 400px\"\t\t\t\t\tdata-anchor-id=\"\"\n\t\t\t\t>\t\t<li class=\"sow-slider-image  sow-slider-image-cover\" style=\"visibility: visible;;background-color: #333333;background-image: url(https:\/\/www.conex.net\/be\/wp-content\/uploads\/sites\/3\/2022\/12\/ACCISESproduitsFR.jpg)\" >\n\t\t\t\t\t<div class=\"sow-slider-image-container\">\n\t\t\t<div class=\"sow-slider-image-wrapper\">\n\t\t\t\t\t\t\t<\/div>\n\t\t<\/div>\n\t\t\t\t<\/li>\n\t\t<\/ul>\t\t\t\t<ol class=\"sow-slider-pagination\">\n\t\t\t\t\t\t\t\t\t\t\t<li><a href=\"#\" data-goto=\"0\" aria-label=\"Display slide 1\"><\/a><\/li>\n\t\t\t\t\t\t\t\t\t<\/ol>\n\n\t\t\t\t<div class=\"sow-slide-nav sow-slide-nav-next\">\n\t\t\t\t\t<a href=\"#\" data-goto=\"next\" aria-label=\"Next slide\" data-action=\"next\">\n\t\t\t\t\t\t<em class=\"sow-sld-icon-thin-right\"><\/em>\n\t\t\t\t\t<\/a>\n\t\t\t\t<\/div>\n\n\t\t\t\t<div class=\"sow-slide-nav sow-slide-nav-prev\">\n\t\t\t\t\t<a href=\"#\" data-goto=\"previous\" aria-label=\"Previous slide\" data-action=\"prev\">\n\t\t\t\t\t\t<em class=\"sow-sld-icon-thin-left\"><\/em>\n\t\t\t\t\t<\/a>\n\t\t\t\t<\/div>\n\t\t\t\t<\/div><\/div><\/div><\/div><\/div><\/div><div id=\"pg-48-1\"  class=\"panel-grid panel-has-style\" ><div class=\"siteorigin-panels-stretch panel-row-style panel-row-style-for-48-1\" data-stretch-type=\"full\" ><div id=\"pgc-48-1-0\"  class=\"panel-grid-cell\" ><div id=\"panel-48-1-0-0\" class=\"so-panel widget widget_sow-editor panel-first-child panel-last-child\" data-index=\"1\" ><div\n\t\t\t\n\t\t\tclass=\"so-widget-sow-editor so-widget-sow-editor-base\"\n\t\t\t\n\t\t>\n<div class=\"siteorigin-widget-tinymce textwidget\">\n\t<h3 style=\"text-align: center;\"><span style=\"color: #333333;\">POUR QUI<\/span><\/h3>\n<hr style=\"height: 2px; color: #fff; background-color: #fff; width: 50%; border: none;\" \/>\n<p style=\"text-align: center;\"><span style=\"color: #333333;\">Tout op\u00e9rateur europ\u00e9en envoyant ou recevant des marchandises soumises \u00e0 accises.<\/span><\/p>\n<\/div>\n<\/div><\/div><\/div><div id=\"pgc-48-1-1\"  class=\"panel-grid-cell\" ><div id=\"panel-48-1-1-0\" class=\"so-panel widget widget_sow-editor panel-first-child panel-last-child\" data-index=\"2\" ><div\n\t\t\t\n\t\t\tclass=\"so-widget-sow-editor so-widget-sow-editor-base\"\n\t\t\t\n\t\t>\n<div class=\"siteorigin-widget-tinymce textwidget\">\n\t<h3 style=\"text-align: center;\"><span style=\"color: #333333;\">POUR QUOI<\/span><\/h3>\n<hr style=\"height: 2px; color: #fff; background-color: #fff; width: 50%; border: none;\" \/>\n<p style=\"text-align: center;\"><span style=\"color: #333333;\">D\u00e9mat\u00e9rialisation des documents d'accompagnement des marchandises soumises \u00e0 accises. Transmission du DAE et apurement.<\/span><\/p>\n<\/div>\n<\/div><\/div><\/div><div id=\"pgc-48-1-2\"  class=\"panel-grid-cell\" ><div id=\"panel-48-1-2-0\" class=\"so-panel widget widget_sow-editor panel-first-child panel-last-child\" data-index=\"3\" ><div\n\t\t\t\n\t\t\tclass=\"so-widget-sow-editor so-widget-sow-editor-base\"\n\t\t\t\n\t\t>\n<div class=\"siteorigin-widget-tinymce textwidget\">\n\t<h3 style=\"text-align: center;\"><span style=\"color: #333333;\">COMMENT<\/span><\/h3>\n<hr style=\"height: 2px; color: #fff; background-color: #fff; width: 50%; border: none;\" \/>\n<p style=\"text-align: center;\"><span style=\"color: #333333;\">Echanges \u00e9lectroniques avec les administrations douani\u00e8res europ\u00e9ennes via la plateforme de communication s\u00e9curis\u00e9e PASScom\u2122 de Conex.<\/span><\/p>\n<\/div>\n<\/div><\/div><\/div><\/div><\/div><div id=\"pg-48-2\"  class=\"panel-grid panel-no-style\" ><div id=\"pgc-48-2-0\"  class=\"panel-grid-cell\" ><div id=\"panel-48-2-0-0\" class=\"so-panel widget widget_sow-editor panel-first-child panel-last-child\" data-index=\"4\" ><div\n\t\t\t\n\t\t\tclass=\"so-widget-sow-editor so-widget-sow-editor-base\"\n\t\t\t\n\t\t>\n<div class=\"siteorigin-widget-tinymce textwidget\">\n\t<h4 style=\"text-align: justify;\"><strong><span style=\"color: #c13260;\">EMCS<\/span> via conex\u2122<\/strong> permet d'externaliser la gestion des Documents d'Accompagnement \u00c9lectroniques. Notre solution vous garantit une communication fiable et s\u00e9curis\u00e9e entre l'exp\u00e9diteur, les syst\u00e8mes nationaux de chaque pays europ\u00e9en, le syst\u00e8me communautaire EMCS et les op\u00e9rateurs destinataires de la marchandise.<\/h4>\n<p>&nbsp;<\/p>\n<p style=\"text-align: justify;\"><strong><span style=\"color: #c13260;\">\u2666 EMCS<\/span> via conex\u2122<\/strong> donne \u00e0 l'op\u00e9rateur la possibilit\u00e9 de saisir directement les donn\u00e9es n\u00e9cessaires \u00e0 l'\u00e9tablissement des e-AAD*, DAE*,\u00a0 mais aussi de les int\u00e9grer en amont depuis n'importe quel applicatif.<\/p>\n<p>&nbsp;<\/p>\n<p style=\"text-align: justify;\"><span style=\"color: #c13260;\">\u2666 <\/span><strong><span style=\"color: #c13260;\">EMCS<\/span> via conex\u2122<\/strong> communique ensuite ces informations \u00e0 l'ensemble des serveurs douaniers nationaux dans le respect des r\u00e9glementations, r\u00e8gles de format, r\u00e8gles de coh\u00e9rence, de transmissions.<\/p>\n<p>&nbsp;<\/p>\n<p style=\"text-align: justify;\"><span style=\"color: #c13260;\">\u2666 <\/span><strong><span style=\"color: #c13260;\">EMCS<\/span> via conex\u2122<\/strong>, d\u00e8s contr\u00f4le par l'\u00e9tat membre d'exp\u00e9dition, se fait le relais du code de r\u00e9f\u00e9rence administratif unique (CRA\/ARC) ou des diff\u00e9rents messages d'erreurs dans un format exploitable par les serveurs de l'op\u00e9rateur.<\/p>\n<hr \/>\n<h6 style=\"text-align: left;\">* e-AAD : Electronic Administration Accompanying Document<br \/>\n* DAE : Document Administratif \u00c9lectronique<\/h6>\n<\/div>\n<\/div><\/div><\/div><\/div><div id=\"pg-48-3\"  class=\"panel-grid panel-no-style\" ><div id=\"pgc-48-3-0\"  class=\"panel-grid-cell\" ><div id=\"panel-48-3-0-0\" class=\"so-panel widget widget_sow-editor panel-first-child panel-last-child\" data-index=\"5\" ><div\n\t\t\t\n\t\t\tclass=\"so-widget-sow-editor so-widget-sow-editor-base\"\n\t\t\t\n\t\t>\n<div class=\"siteorigin-widget-tinymce textwidget\">\n\t<hr \/>\n<p><a href=\"\/be\/contact\/\"><img loading=\"lazy\" decoding=\"async\" class=\"aligncenter wp-image-765 size-full\" title=\"CONEX contactez notre service commercial\" src=\"\/wp-content\/uploads\/2019\/05\/picto-contactez-nous.jpg\" alt=\"contactez-nous conex\" width=\"506\" height=\"205\" srcset=\"https:\/\/www.conex.net\/be\/wp-content\/uploads\/sites\/3\/2019\/05\/picto-contactez-nous.jpg 506w, https:\/\/www.conex.net\/be\/wp-content\/uploads\/sites\/3\/2019\/05\/picto-contactez-nous-300x122.jpg 300w\" sizes=\"auto, (max-width: 506px) 100vw, 506px\" \/><\/a><\/p>\n<\/div>\n<\/div><\/div><\/div><\/div><\/div>","protected":false},"excerpt":{"rendered":"<p>POUR QUI Tout op\u00e9rateur europ\u00e9en envoyant ou recevant des marchandises soumises \u00e0 accises. POUR QUOI D\u00e9mat\u00e9rialisation des documents d&rsquo;accompagnement des marchandises soumises \u00e0 accises. Transmission du DAE et apurement. COMMENT Echanges \u00e9lectroniques avec les administrations douani\u00e8res europ\u00e9ennes via la plateforme de communication s\u00e9curis\u00e9e PASScom\u2122 de Conex.<\/p>\n","protected":false},"author":1,"featured_media":3282,"parent":0,"menu_order":0,"comment_status":"closed","ping_status":"closed","template":"Page-fullwidth.php","meta":{"footnotes":""},"class_list":["post-48","page","type-page","status-publish","has-post-thumbnail","hentry"],"yoast_head":"<!-- This site is optimized with the Yoast SEO plugin v27.4 - https:\/\/yoast.com\/product\/yoast-seo-wordpress\/ -->\n<title>EMCS comptabilit\u00e9 d&#039;accises - droits suspendus Conex Belgique<\/title>\n<meta name=\"description\" content=\"GAMMACCISES via conex\u2122 outil complet accessible via internet, g\u00e8re votre comptabilit\u00e9 d&#039;accises en droits suspendus ou acquitt\u00e9s et g\u00e8re vos liquidations.\" \/>\n<meta name=\"robots\" content=\"index, follow, max-snippet:-1, max-image-preview:large, max-video-preview:-1\" \/>\n<link rel=\"canonical\" href=\"https:\/\/www.conex.net\/be\/emcs\/\" \/>\n<meta property=\"og:locale\" content=\"fr_FR\" \/>\n<meta property=\"og:type\" content=\"article\" \/>\n<meta property=\"og:title\" content=\"EMCS comptabilit\u00e9 d&#039;accises - droits suspendus Conex Belgique\" \/>\n<meta property=\"og:description\" content=\"GAMMACCISES via conex\u2122 outil complet accessible via internet, g\u00e8re votre comptabilit\u00e9 d&#039;accises en droits suspendus ou acquitt\u00e9s et g\u00e8re vos liquidations.\" \/>\n<meta property=\"og:url\" content=\"https:\/\/www.conex.net\/be\/emcs\/\" \/>\n<meta property=\"og:site_name\" content=\"Conex Belgique\" \/>\n<meta property=\"article:modified_time\" content=\"2023-01-06T13:53:32+00:00\" \/>\n<meta property=\"og:image\" content=\"https:\/\/www.conex.net\/be\/wp-content\/uploads\/sites\/3\/2020\/01\/ACCISESviaconex200.jpg\" \/>\n\t<meta property=\"og:image:width\" content=\"233\" \/>\n\t<meta property=\"og:image:height\" content=\"200\" \/>\n\t<meta property=\"og:image:type\" content=\"image\/jpeg\" \/>\n<meta name=\"twitter:card\" content=\"summary_large_image\" \/>\n<meta name=\"twitter:label1\" content=\"Dur\u00e9e de lecture estim\u00e9e\" \/>\n\t<meta name=\"twitter:data1\" content=\"2 minutes\" \/>\n<script type=\"application\/ld+json\" class=\"yoast-schema-graph\">{\"@context\":\"https:\\\/\\\/schema.org\",\"@graph\":[{\"@type\":\"WebPage\",\"@id\":\"https:\\\/\\\/www.conex.net\\\/be\\\/emcs\\\/\",\"url\":\"https:\\\/\\\/www.conex.net\\\/be\\\/emcs\\\/\",\"name\":\"EMCS comptabilit\u00e9 d'accises - droits suspendus Conex Belgique\",\"isPartOf\":{\"@id\":\"https:\\\/\\\/www.conex.net\\\/be\\\/#website\"},\"primaryImageOfPage\":{\"@id\":\"https:\\\/\\\/www.conex.net\\\/be\\\/emcs\\\/#primaryimage\"},\"image\":{\"@id\":\"https:\\\/\\\/www.conex.net\\\/be\\\/emcs\\\/#primaryimage\"},\"thumbnailUrl\":\"https:\\\/\\\/www.conex.net\\\/be\\\/wp-content\\\/uploads\\\/sites\\\/3\\\/2020\\\/01\\\/ACCISESviaconex200.jpg\",\"datePublished\":\"2018-11-29T14:45:49+00:00\",\"dateModified\":\"2023-01-06T13:53:32+00:00\",\"description\":\"GAMMACCISES via conex\u2122 outil complet accessible via internet, g\u00e8re votre comptabilit\u00e9 d'accises en droits suspendus ou acquitt\u00e9s et g\u00e8re vos liquidations.\",\"breadcrumb\":{\"@id\":\"https:\\\/\\\/www.conex.net\\\/be\\\/emcs\\\/#breadcrumb\"},\"inLanguage\":\"fr-FR\",\"potentialAction\":[{\"@type\":\"ReadAction\",\"target\":[\"https:\\\/\\\/www.conex.net\\\/be\\\/emcs\\\/\"]}]},{\"@type\":\"ImageObject\",\"inLanguage\":\"fr-FR\",\"@id\":\"https:\\\/\\\/www.conex.net\\\/be\\\/emcs\\\/#primaryimage\",\"url\":\"https:\\\/\\\/www.conex.net\\\/be\\\/wp-content\\\/uploads\\\/sites\\\/3\\\/2020\\\/01\\\/ACCISESviaconex200.jpg\",\"contentUrl\":\"https:\\\/\\\/www.conex.net\\\/be\\\/wp-content\\\/uploads\\\/sites\\\/3\\\/2020\\\/01\\\/ACCISESviaconex200.jpg\",\"width\":233,\"height\":200,\"caption\":\"ACCISES via conex\"},{\"@type\":\"BreadcrumbList\",\"@id\":\"https:\\\/\\\/www.conex.net\\\/be\\\/emcs\\\/#breadcrumb\",\"itemListElement\":[{\"@type\":\"ListItem\",\"position\":1,\"name\":\"Accueil\",\"item\":\"https:\\\/\\\/www.conex.net\\\/be\\\/\"},{\"@type\":\"ListItem\",\"position\":2,\"name\":\"EMCS\"}]},{\"@type\":\"WebSite\",\"@id\":\"https:\\\/\\\/www.conex.net\\\/be\\\/#website\",\"url\":\"https:\\\/\\\/www.conex.net\\\/be\\\/\",\"name\":\"Conex Belgique\",\"description\":\"Your customs partner - CONEX BE\",\"potentialAction\":[{\"@type\":\"SearchAction\",\"target\":{\"@type\":\"EntryPoint\",\"urlTemplate\":\"https:\\\/\\\/www.conex.net\\\/be\\\/?s={search_term_string}\"},\"query-input\":{\"@type\":\"PropertyValueSpecification\",\"valueRequired\":true,\"valueName\":\"search_term_string\"}}],\"inLanguage\":\"fr-FR\"}]}<\/script>\n<!-- \/ Yoast SEO plugin. -->","yoast_head_json":{"title":"EMCS comptabilit\u00e9 d'accises - droits suspendus Conex Belgique","description":"GAMMACCISES via conex\u2122 outil complet accessible via internet, g\u00e8re votre comptabilit\u00e9 d'accises en droits suspendus ou acquitt\u00e9s et g\u00e8re vos liquidations.","robots":{"index":"index","follow":"follow","max-snippet":"max-snippet:-1","max-image-preview":"max-image-preview:large","max-video-preview":"max-video-preview:-1"},"canonical":"https:\/\/www.conex.net\/be\/emcs\/","og_locale":"fr_FR","og_type":"article","og_title":"EMCS comptabilit\u00e9 d'accises - droits suspendus Conex Belgique","og_description":"GAMMACCISES via conex\u2122 outil complet accessible via internet, g\u00e8re votre comptabilit\u00e9 d'accises en droits suspendus ou acquitt\u00e9s et g\u00e8re vos liquidations.","og_url":"https:\/\/www.conex.net\/be\/emcs\/","og_site_name":"Conex Belgique","article_modified_time":"2023-01-06T13:53:32+00:00","og_image":[{"width":233,"height":200,"url":"https:\/\/www.conex.net\/be\/wp-content\/uploads\/sites\/3\/2020\/01\/ACCISESviaconex200.jpg","type":"image\/jpeg"}],"twitter_card":"summary_large_image","twitter_misc":{"Dur\u00e9e de lecture estim\u00e9e":"2 minutes"},"schema":{"@context":"https:\/\/schema.org","@graph":[{"@type":"WebPage","@id":"https:\/\/www.conex.net\/be\/emcs\/","url":"https:\/\/www.conex.net\/be\/emcs\/","name":"EMCS comptabilit\u00e9 d'accises - droits suspendus Conex Belgique","isPartOf":{"@id":"https:\/\/www.conex.net\/be\/#website"},"primaryImageOfPage":{"@id":"https:\/\/www.conex.net\/be\/emcs\/#primaryimage"},"image":{"@id":"https:\/\/www.conex.net\/be\/emcs\/#primaryimage"},"thumbnailUrl":"https:\/\/www.conex.net\/be\/wp-content\/uploads\/sites\/3\/2020\/01\/ACCISESviaconex200.jpg","datePublished":"2018-11-29T14:45:49+00:00","dateModified":"2023-01-06T13:53:32+00:00","description":"GAMMACCISES via conex\u2122 outil complet accessible via internet, g\u00e8re votre comptabilit\u00e9 d'accises en droits suspendus ou acquitt\u00e9s et g\u00e8re vos liquidations.","breadcrumb":{"@id":"https:\/\/www.conex.net\/be\/emcs\/#breadcrumb"},"inLanguage":"fr-FR","potentialAction":[{"@type":"ReadAction","target":["https:\/\/www.conex.net\/be\/emcs\/"]}]},{"@type":"ImageObject","inLanguage":"fr-FR","@id":"https:\/\/www.conex.net\/be\/emcs\/#primaryimage","url":"https:\/\/www.conex.net\/be\/wp-content\/uploads\/sites\/3\/2020\/01\/ACCISESviaconex200.jpg","contentUrl":"https:\/\/www.conex.net\/be\/wp-content\/uploads\/sites\/3\/2020\/01\/ACCISESviaconex200.jpg","width":233,"height":200,"caption":"ACCISES via conex"},{"@type":"BreadcrumbList","@id":"https:\/\/www.conex.net\/be\/emcs\/#breadcrumb","itemListElement":[{"@type":"ListItem","position":1,"name":"Accueil","item":"https:\/\/www.conex.net\/be\/"},{"@type":"ListItem","position":2,"name":"EMCS"}]},{"@type":"WebSite","@id":"https:\/\/www.conex.net\/be\/#website","url":"https:\/\/www.conex.net\/be\/","name":"Conex Belgique","description":"Your customs partner - CONEX BE","potentialAction":[{"@type":"SearchAction","target":{"@type":"EntryPoint","urlTemplate":"https:\/\/www.conex.net\/be\/?s={search_term_string}"},"query-input":{"@type":"PropertyValueSpecification","valueRequired":true,"valueName":"search_term_string"}}],"inLanguage":"fr-FR"}]}},"_links":{"self":[{"href":"https:\/\/www.conex.net\/be\/wp-json\/wp\/v2\/pages\/48","targetHints":{"allow":["GET"]}}],"collection":[{"href":"https:\/\/www.conex.net\/be\/wp-json\/wp\/v2\/pages"}],"about":[{"href":"https:\/\/www.conex.net\/be\/wp-json\/wp\/v2\/types\/page"}],"author":[{"embeddable":true,"href":"https:\/\/www.conex.net\/be\/wp-json\/wp\/v2\/users\/1"}],"replies":[{"embeddable":true,"href":"https:\/\/www.conex.net\/be\/wp-json\/wp\/v2\/comments?post=48"}],"version-history":[{"count":150,"href":"https:\/\/www.conex.net\/be\/wp-json\/wp\/v2\/pages\/48\/revisions"}],"predecessor-version":[{"id":4631,"href":"https:\/\/www.conex.net\/be\/wp-json\/wp\/v2\/pages\/48\/revisions\/4631"}],"wp:featuredmedia":[{"embeddable":true,"href":"https:\/\/www.conex.net\/be\/wp-json\/wp\/v2\/media\/3282"}],"wp:attachment":[{"href":"https:\/\/www.conex.net\/be\/wp-json\/wp\/v2\/media?parent=48"}],"curies":[{"name":"wp","href":"https:\/\/api.w.org\/{rel}","templated":true}]}}