{"id":52,"date":"2018-11-29T15:46:23","date_gmt":"2018-11-29T14:46:23","guid":{"rendered":"https:\/\/www.conex.net\/be\/?page_id=52"},"modified":"2024-01-30T10:21:15","modified_gmt":"2024-01-30T09:21:15","slug":"emebi","status":"publish","type":"page","link":"https:\/\/www.conex.net\/be\/emebi\/","title":{"rendered":"EMEBI"},"content":{"rendered":"<div id=\"pl-52\"  class=\"panel-layout\" ><div id=\"pg-52-0\"  class=\"panel-grid panel-has-style\" ><div class=\"siteorigin-panels-stretch panel-row-style panel-row-style-for-52-0\" data-stretch-type=\"full-stretched\" ><div id=\"pgc-52-0-0\"  class=\"panel-grid-cell\" ><div id=\"panel-52-0-0-0\" class=\"so-panel widget widget_sow-hero panel-first-child panel-last-child\" data-index=\"0\" ><div\n\t\t\t\n\t\t\tclass=\"so-widget-sow-hero so-widget-sow-hero-default-5eef7a7bfc63-52\"\n\t\t\t\n\t\t>\t\t\t\t<div class=\"sow-slider-base\" style=\"display: none\" tabindex=\"0\">\n\t\t\t\t\t<ul\n\t\t\t\t\tclass=\"sow-slider-images\"\n\t\t\t\t\tdata-settings=\"{&quot;pagination&quot;:true,&quot;speed&quot;:800,&quot;timeout&quot;:8000,&quot;paused&quot;:false,&quot;pause_on_hover&quot;:false,&quot;swipe&quot;:false,&quot;nav_always_show_desktop&quot;:&quot;&quot;,&quot;nav_always_show_mobile&quot;:&quot;&quot;,&quot;breakpoint&quot;:&quot;780px&quot;,&quot;unmute&quot;:false,&quot;anchor&quot;:null}\"\n\t\t\t\t\tstyle=\"min-height: 400px\"\t\t\t\t\tdata-anchor-id=\"\"\n\t\t\t\t>\t\t<li class=\"sow-slider-image  sow-slider-image-cover\" style=\"visibility: visible;;background-color: #333333;background-image: url(https:\/\/www.conex.net\/be\/wp-content\/uploads\/sites\/3\/2024\/01\/EUROPSTATproduitsFR.jpg)\" >\n\t\t\t\t\t<div class=\"sow-slider-image-container\">\n\t\t\t<div class=\"sow-slider-image-wrapper\">\n\t\t\t\t\t\t\t<\/div>\n\t\t<\/div>\n\t\t\t\t<\/li>\n\t\t<\/ul>\t\t\t\t<ol class=\"sow-slider-pagination\">\n\t\t\t\t\t\t\t\t\t\t\t<li><a href=\"#\" data-goto=\"0\" aria-label=\"Display slide 1\"><\/a><\/li>\n\t\t\t\t\t\t\t\t\t<\/ol>\n\n\t\t\t\t<div class=\"sow-slide-nav sow-slide-nav-next\">\n\t\t\t\t\t<a href=\"#\" data-goto=\"next\" aria-label=\"Next slide\" data-action=\"next\">\n\t\t\t\t\t\t<em class=\"sow-sld-icon-thin-right\"><\/em>\n\t\t\t\t\t<\/a>\n\t\t\t\t<\/div>\n\n\t\t\t\t<div class=\"sow-slide-nav sow-slide-nav-prev\">\n\t\t\t\t\t<a href=\"#\" data-goto=\"previous\" aria-label=\"Previous slide\" data-action=\"prev\">\n\t\t\t\t\t\t<em class=\"sow-sld-icon-thin-left\"><\/em>\n\t\t\t\t\t<\/a>\n\t\t\t\t<\/div>\n\t\t\t\t<\/div><\/div><\/div><\/div><\/div><\/div><div id=\"pg-52-1\"  class=\"panel-grid panel-has-style\" ><div class=\"siteorigin-panels-stretch panel-row-style panel-row-style-for-52-1\" data-stretch-type=\"full\" ><div id=\"pgc-52-1-0\"  class=\"panel-grid-cell\" ><div id=\"panel-52-1-0-0\" class=\"so-panel widget widget_sow-editor panel-first-child panel-last-child\" data-index=\"1\" ><div\n\t\t\t\n\t\t\tclass=\"so-widget-sow-editor so-widget-sow-editor-base\"\n\t\t\t\n\t\t>\n<div class=\"siteorigin-widget-tinymce textwidget\">\n\t<h3 style=\"text-align: center;\"><span style=\"color: #333333;\">POUR QUI<\/span><\/h3>\n<hr style=\"height: 2px; color: #fff; background-color: #fff; width: 50%; border: none;\" \/>\n<p style=\"text-align: center;\"><span style=\"color: #333333;\">Toutes les entreprises concern\u00e9es par les \u00e9changes de flux physiques intra-communautaires, commissaires ou cabinets d\u2019expertise comptable mandat\u00e9s par les entreprises pour effectuer en leur nom tout ou partie de leurs op\u00e9rations europ\u00e9ennes.<\/span><\/p>\n<\/div>\n<\/div><\/div><\/div><div id=\"pgc-52-1-1\"  class=\"panel-grid-cell\" ><div id=\"panel-52-1-1-0\" class=\"so-panel widget widget_sow-editor panel-first-child panel-last-child\" data-index=\"2\" ><div\n\t\t\t\n\t\t\tclass=\"so-widget-sow-editor so-widget-sow-editor-base\"\n\t\t\t\n\t\t>\n<div class=\"siteorigin-widget-tinymce textwidget\">\n\t<h3 style=\"text-align: center;\"><span style=\"color: #333333;\">POUR QUOI<\/span><\/h3>\n<hr style=\"height: 2px; color: #fff; background-color: #fff; width: 50%; border: none;\" \/>\n<p style=\"text-align: center;\"><span style=\"color: #333333;\">D\u00e9claration EMEBI europ\u00e9enne mensuelle li\u00e9e aux \u00e9changes de marchandises au sein de l\u2019Union Europ\u00e9enne.<\/span><\/p>\n<p>&nbsp;<\/p>\n<\/div>\n<\/div><\/div><\/div><div id=\"pgc-52-1-2\"  class=\"panel-grid-cell\" ><div id=\"panel-52-1-2-0\" class=\"so-panel widget widget_sow-editor panel-first-child panel-last-child\" data-index=\"3\" ><div\n\t\t\t\n\t\t\tclass=\"so-widget-sow-editor so-widget-sow-editor-base\"\n\t\t\t\n\t\t>\n<div class=\"siteorigin-widget-tinymce textwidget\">\n\t<h3 style=\"text-align: center;\"><span style=\"color: #333333;\">COMMENT<\/span><\/h3>\n<hr style=\"height: 2px; color: #fff; background-color: #fff; width: 50%; border: none;\" \/>\n<p style=\"text-align: center;\"><span style=\"color: #333333;\">Logiciel permettant en saisie directe, ou au travers d\u2019interfaces l\u2019\u00e9tablissement des d\u00e9clarations EMEBI dans le respect des obligations europ\u00e9ennes et nationales.<\/span><\/p>\n<\/div>\n<\/div><\/div><\/div><\/div><\/div><div id=\"pg-52-2\"  class=\"panel-grid panel-no-style\" ><div id=\"pgc-52-2-0\"  class=\"panel-grid-cell\" ><div id=\"panel-52-2-0-0\" class=\"so-panel widget widget_sow-editor panel-first-child panel-last-child\" data-index=\"4\" ><div class=\"panel-widget-style panel-widget-style-for-52-2-0-0\" ><div\n\t\t\t\n\t\t\tclass=\"so-widget-sow-editor so-widget-sow-editor-base\"\n\t\t\t\n\t\t>\n<div class=\"siteorigin-widget-tinymce textwidget\">\n\t<h4 style=\"text-align: justify;\"><strong><span style=\"color: #2e64b0;\">EUROPstat <\/span>via conex\u2122 <\/strong>est destin\u00e9 \u00e0 toute entreprise op\u00e9rant des introductions\/exp\u00e9ditions de marchandises au sein de l\u2019Union Europ\u00e9enne, mais aussi aux cabinets d\u2019expertise comptable et mandataires d\u00e9sign\u00e9s pour effectuer tout ou partie de leurs op\u00e9rations europ\u00e9ennes.<\/h4>\n<h4 style=\"text-align: justify;\"><strong><span style=\"color: #2e64b0;\">EUROPstat <\/span>via conex\u2122<\/strong><strong>\u00a0<\/strong>: une automatisation entre vos d\u00e9clarations d\u2019importation sous le r\u00e9gime 4200 \u00e9tablies au travers de notre module Deltapass\u00a0 et la d\u00e9claration <span style=\"color: #333333;\">EMEBI <\/span>\u00e0 soumettre \u00e0 la BNB.<\/h4>\n<hr \/>\n<\/div>\n<\/div><\/div><\/div><\/div><\/div><div id=\"pg-52-3\"  class=\"panel-grid panel-no-style\" ><div id=\"pgc-52-3-0\"  class=\"panel-grid-cell\" ><div id=\"panel-52-3-0-0\" class=\"so-panel widget widget_sow-editor panel-first-child panel-last-child\" data-index=\"5\" ><div\n\t\t\t\n\t\t\tclass=\"so-widget-sow-editor so-widget-sow-editor-base\"\n\t\t\t\n\t\t>\n<div class=\"siteorigin-widget-tinymce textwidget\">\n\t<h3><span style=\"color: #3365bd;\"><strong>Un logiciel r\u00e9solument europ\u00e9en<\/strong><\/span><\/h3>\n<p style=\"text-align: justify;\"><span style=\"color: #0943a8;\"><strong><span style=\"color: #4972b8;\">EUROPstat<\/span> <span style=\"color: #333333;\">via conex\u2122<\/span><\/strong>\u00a0<\/span>est disponible dans plusieurs langues et versions europ\u00e9ennes et permet de g\u00e9n\u00e9rer la d\u00e9claration <span style=\"color: #333333;\">EMEBI <\/span>statistique et\/ou fiscale selon la r\u00e9glementation applicable dans chaque \u00e9tat membre.<\/p>\n<p>&nbsp;<\/p>\n<p style=\"text-align: justify;\">La fonctionnalit\u00e9 de mirrorring permet de convertir automatiquement vos donn\u00e9es d'une r\u00e9glementation nationale vers une autre r\u00e9glementation nationale. Par exemple, depuis une d\u00e9claration <span style=\"color: #333333;\">EMEBI <\/span>d\u2019exp\u00e9dition BE, r\u00e9alisez vos d\u00e9claration <span style=\"color: #333333;\">EMEBI <\/span>d\u2019introductions FR sans intervention manuelle ; ce principe du mirroring est applicable entre tous les pays de l'UE.<\/p>\n<h3><\/h3>\n<h3><span style=\"color: #3365bd;\"><strong>Un bilan statistique mensuel<\/strong><\/span><\/h3>\n<p style=\"text-align: justify;\">Tous les mois <strong><span style=\"color: #4972b8;\">EUROPstat<\/span> via conex\u2122 <\/strong>g\u00e9n\u00e8re la d\u00e9claration <span style=\"color: #333333;\">EMEBI <\/span>pour l'ensemble des \u00e9changes intra-communautaires d'une m\u00eame entreprise sous forme d\u2019un des fichiers requis par la BNB.<\/p>\n<p>&nbsp;<\/p>\n<p style=\"text-align: justify;\"><strong><span style=\"color: #4972b8;\">EUROPstat<\/span> via conex\u2122<\/strong>, c\u2019est aussi un archivage du contenu de vos d\u00e9clarations <span style=\"color: #333333;\">EMEBI <\/span>reprenant le d\u00e9tail des donn\u00e9es de vos lignes pour une consultation ult\u00e9rieure ou pour g\u00e9n\u00e9rer vos propres statistiques.<\/p>\n<h3><\/h3>\n<h3><span style=\"color: #3365bd;\"><strong>Un traitement facilit\u00e9 et s\u00e9curis\u00e9 !<\/strong><\/span><\/h3>\n<p style=\"text-align: justify;\">Les d\u00e9clarations peuvent \u00eatre g\u00e9n\u00e9r\u00e9es \u00e0 partir d\u2019informations int\u00e9gr\u00e9es par le biais d\u2019une interface. Elles peuvent \u00eatre compl\u00e9t\u00e9es, modifi\u00e9es ou cr\u00e9\u00e9es de toute pi\u00e8ce gr\u00e2ce \u00e0 une saisie facilit\u00e9e par la personnalisation de fichiers de base tels que les fichiers clients\/fournisseurs, nomenclatures des produits, etc. <strong><span style=\"color: #4972b8;\">EUROPstat<\/span> via conex\u2122 <\/strong>est constitu\u00e9 de fichiers pr\u00e9 renseign\u00e9s en conformit\u00e9 avec les codifications officielles de chaque \u00e9tat membre.<\/p>\n<\/div>\n<\/div><\/div><\/div><\/div><div id=\"pg-52-4\"  class=\"panel-grid panel-has-style\" ><div class=\"siteorigin-panels-stretch panel-row-style panel-row-style-for-52-4\" data-stretch-type=\"full\" ><div id=\"pgc-52-4-0\"  class=\"panel-grid-cell\" ><div id=\"panel-52-4-0-0\" class=\"so-panel widget widget_sow-editor panel-first-child panel-last-child\" data-index=\"6\" ><div\n\t\t\t\n\t\t\tclass=\"so-widget-sow-editor so-widget-sow-editor-base\"\n\t\t\t\n\t\t>\n<div class=\"siteorigin-widget-tinymce textwidget\">\n\t<h1 style=\"text-align: center;\">CE QUI PEUT AUSSI VOUS INT\u00c9RESSER !<\/h1>\n<\/div>\n<\/div><\/div><\/div><\/div><\/div><div id=\"pg-52-5\"  class=\"panel-grid panel-no-style\" ><div id=\"pgc-52-5-0\"  class=\"panel-grid-cell\" ><div id=\"panel-52-5-0-0\" class=\"so-panel widget widget_sow-editor panel-first-child panel-last-child\" data-index=\"7\" ><div\n\t\t\t\n\t\t\tclass=\"so-widget-sow-editor so-widget-sow-editor-base\"\n\t\t\t\n\t\t>\n<div class=\"siteorigin-widget-tinymce textwidget\">\n\t<p style=\"text-align: center;\"><a href=\"\/be\/douane\/\"><img loading=\"lazy\" decoding=\"async\" class=\"aligncenter wp-image-856 size-full\" title=\"CUSTOMS via CONEX- la Douane Electronique \" src=\"\/wp-content\/uploads\/2019\/05\/customs-europstat.jpg\" alt=\"CUSTOMS via CONEX- la Douane Electronique \" width=\"243\" height=\"142\" \/><\/a><\/p>\n<h4 style=\"text-align: center;\">CUSTOMS via conex\u2122<\/h4>\n<p style=\"text-align: justify;\"><strong>CUSTOMS<\/strong><strong> via conex\u2122<\/strong> est une solution compl\u00e8te et modulaire, d\u00e9di\u00e9e \u00e0 la gestion administrative de toutes les proc\u00e9dures de d\u00e9douanement \u00e9lectroniques pour l\u2019ensemble des r\u00e9gimes douaniers\u00a0 incluant la Globalisation, NCTS \u00a0et les \u00e9changes EDI avec PLDA.<\/p>\n<p style=\"text-align: justify;\"><a href=\"\/be\/douane\/\"><img loading=\"lazy\" decoding=\"async\" class=\"aligncenter wp-image-983 size-full\" title=\"CUSTOMS via CONEX- la Douane Electronique \" src=\"\/wp-content\/uploads\/2019\/05\/ensavoirplus-customs.jpg\" alt=\"ensavoirplus-customs via conex - CUSTOMS via CONEX- la Douane Electronique \" width=\"149\" height=\"66\" \/><\/a><\/p>\n<\/div>\n<\/div><\/div><\/div><div id=\"pgc-52-5-1\"  class=\"panel-grid-cell\" ><div id=\"panel-52-5-1-0\" class=\"so-panel widget widget_sow-editor panel-first-child panel-last-child\" data-index=\"8\" ><div\n\t\t\t\n\t\t\tclass=\"so-widget-sow-editor so-widget-sow-editor-base\"\n\t\t\t\n\t\t>\n<div class=\"siteorigin-widget-tinymce textwidget\">\n\t<p style=\"text-align: center;\"><a href=\"\/be\/classement-tarifaire-encyclopedie-douaniere\/\"><img loading=\"lazy\" decoding=\"async\" class=\"aligncenter wp-image-855 size-full\" title=\"ENCYCLOP\u00c9DIE DOUANIERE via CONEX- la Douane Electronique \" src=\"\/wp-content\/uploads\/2019\/05\/encyclopedie-douaniere-europstat.jpg\" alt=\"encyclopedie-douaniere-europstat - ENCYCLOP\u00c9DIE DOUANIERE via CONEX- la Douane Electronique \" width=\"243\" height=\"142\" \/><\/a><\/p>\n<h4 style=\"text-align: center;\">ENCYCLOP\u00c9DIE DOUANI\u00c8RE\u2122<\/h4>\n<p style=\"text-align: justify;\"><strong>L\u2019Encyclop\u00e9die Douani\u00e8re via conex\u2122<\/strong> est une base de donn\u00e9es unique qui permet de r\u00e9pondre aux exigences de la r\u00e9glementation europ\u00e9enne et nationale auxquelles les op\u00e9rateurs douaniers sont confront\u00e9s.<\/p>\n<p>&nbsp;<\/p>\n<p style=\"text-align: center;\"><a href=\"\/be\/classement-tarifaire-encyclopedie-douaniere\/\"><img loading=\"lazy\" decoding=\"async\" class=\"aligncenter wp-image-876 size-full\" title=\"ENCYCLOP\u00c9DIE DOUANI\u00c8RE via CONEX- la Douane Electronique \" src=\"\/wp-content\/uploads\/2019\/05\/ensavoirplus-encyclopedie-douaniere.jpg\" alt=\"ensavoirplus-encyclopedie-douaniere - ENCYCLOP\u00c9DIE DOUANI\u00c8RE via CONEX - la Douane Electronique \" width=\"149\" height=\"66\" \/><\/a><\/p>\n<\/div>\n<\/div><\/div><\/div><div id=\"pgc-52-5-2\"  class=\"panel-grid-cell\" ><div id=\"panel-52-5-2-0\" class=\"so-panel widget widget_sow-editor panel-first-child panel-last-child\" data-index=\"9\" ><div\n\t\t\t\n\t\t\tclass=\"so-widget-sow-editor so-widget-sow-editor-base\"\n\t\t\t\n\t\t>\n<div class=\"siteorigin-widget-tinymce textwidget\">\n\t<p style=\"text-align: center;\"><a href=\"https:\/\/www.conex.net\/be\/emcs\/\"><img loading=\"lazy\" decoding=\"async\" class=\"aligncenter wp-image-697 size-full\" title=\"ACCICES via CONEX - gestion des mouvement de marchandises\" src=\"\/be\/wp-content\/uploads\/sites\/3\/2019\/05\/EMCS-via-conex-pds.jpg\" alt=\"EMCS-via-conex\" width=\"253\" height=\"139\" \/><\/a><\/p>\n<h4 style=\"text-align: center;\">EMCS via conex\u2122<\/h4>\n<p style=\"text-align: justify;\"><strong>EMCS\u00a0via conex\u2122<\/strong>\u00a0permet la gestion des Documents d'Accompagnement \u00c9lectroniques. Notre solution vous garantit une communication fiable et s\u00e9curis\u00e9e entre l'exp\u00e9diteur, les syst\u00e8mes nationaux de chaque pays europ\u00e9en, le syst\u00e8me communautaire EMCS et les op\u00e9rateurs destinataires de la marchandise.<\/p>\n<p style=\"text-align: center;\"><a href=\"https:\/\/www.conex.net\/be\/emcs\/\"><img loading=\"lazy\" decoding=\"async\" class=\"aligncenter wp-image-988 size-full\" title=\"ACCICES via CONEX - gestion des mouvement de marchandises\" src=\"https:\/\/www.conex.net\/be\/wp-content\/uploads\/sites\/3\/2019\/05\/ensavoirplus-accises.jpg\" alt=\"ensavoirplus-accises via conex - ACCICES via CONEX - gestion des mouvement de marchandises\" width=\"149\" height=\"66\" \/><\/a><\/p>\n<\/div>\n<\/div><\/div><\/div><\/div><div id=\"pg-52-6\"  class=\"panel-grid panel-no-style\" ><div id=\"pgc-52-6-0\"  class=\"panel-grid-cell\" ><div id=\"panel-52-6-0-0\" class=\"so-panel widget widget_sow-editor panel-first-child panel-last-child\" data-index=\"10\" ><div\n\t\t\t\n\t\t\tclass=\"so-widget-sow-editor so-widget-sow-editor-base\"\n\t\t\t\n\t\t>\n<div class=\"siteorigin-widget-tinymce textwidget\">\n\t<hr \/>\n<p><a href=\"https:\/\/www.conex.net\/be\/contact\/\"><img loading=\"lazy\" decoding=\"async\" class=\"wp-image-765 size-full aligncenter\" title=\"Contactez notre service commercial CONEX\" src=\"https:\/\/www.conex.net\/be\/wp-content\/uploads\/sites\/3\/2019\/05\/picto-contactez-nous.jpg\" alt=\"contactez-nous conex\" width=\"506\" height=\"205\" srcset=\"https:\/\/www.conex.net\/be\/wp-content\/uploads\/sites\/3\/2019\/05\/picto-contactez-nous.jpg 506w, https:\/\/www.conex.net\/be\/wp-content\/uploads\/sites\/3\/2019\/05\/picto-contactez-nous-300x122.jpg 300w\" sizes=\"auto, (max-width: 506px) 100vw, 506px\" \/><\/a><\/p>\n<\/div>\n<\/div><\/div><\/div><\/div><\/div>","protected":false},"excerpt":{"rendered":"<p>POUR QUI Toutes les entreprises concern\u00e9es par les \u00e9changes de flux physiques intra-communautaires, commissaires ou cabinets d\u2019expertise comptable mandat\u00e9s par les entreprises pour effectuer en leur nom tout ou partie de leurs op\u00e9rations europ\u00e9ennes. POUR QUOI D\u00e9claration EMEBI europ\u00e9enne mensuelle li\u00e9e aux \u00e9changes de marchandises au sein de l\u2019Union Europ\u00e9enne. &nbsp; COMMENT Logiciel permettant en saisie directe, ou au travers d\u2019interfaces l\u2019\u00e9tablissement des d\u00e9clarations EMEBI dans le respect des obligations europ\u00e9ennes et nationales.<\/p>\n","protected":false},"author":1,"featured_media":3304,"parent":0,"menu_order":0,"comment_status":"closed","ping_status":"closed","template":"Page-fullwidth.php","meta":{"footnotes":""},"class_list":["post-52","page","type-page","status-publish","has-post-thumbnail","hentry"],"yoast_head":"<!-- This site is optimized with the Yoast SEO plugin v27.4 - https:\/\/yoast.com\/product\/yoast-seo-wordpress\/ -->\n<title>EMEBI EUROPstat via conex - DEB - Conex Belgique<\/title>\n<meta name=\"description\" content=\"EUROPstat via conex\u2122 est destin\u00e9 \u00e0 toute entreprise op\u00e9rant des acquisitions ou introductions de marchandises au sein de l\u2019Union Europ\u00e9enne, mais aussi aux cabinets d\u2019expertise comptable et mandataires d\u00e9sign\u00e9s pour effectuer tout ou partie de leurs op\u00e9rations europ\u00e9ennes.\" \/>\n<meta name=\"robots\" content=\"index, follow, max-snippet:-1, max-image-preview:large, max-video-preview:-1\" \/>\n<link rel=\"canonical\" href=\"https:\/\/www.conex.net\/be\/emebi\/\" \/>\n<meta property=\"og:locale\" content=\"fr_FR\" \/>\n<meta property=\"og:type\" content=\"article\" \/>\n<meta property=\"og:title\" content=\"EMEBI EUROPstat via conex - DEB - Conex Belgique\" \/>\n<meta property=\"og:description\" content=\"EUROPstat via conex\u2122 est destin\u00e9 \u00e0 toute entreprise op\u00e9rant des acquisitions ou introductions de marchandises au sein de l\u2019Union Europ\u00e9enne, mais aussi aux cabinets d\u2019expertise comptable et mandataires d\u00e9sign\u00e9s pour effectuer tout ou partie de leurs op\u00e9rations europ\u00e9ennes.\" \/>\n<meta property=\"og:url\" content=\"https:\/\/www.conex.net\/be\/emebi\/\" \/>\n<meta property=\"og:site_name\" content=\"Conex Belgique\" \/>\n<meta property=\"article:modified_time\" content=\"2024-01-30T09:21:15+00:00\" \/>\n<meta property=\"og:image\" content=\"https:\/\/www.conex.net\/be\/wp-content\/uploads\/sites\/3\/2020\/01\/EUROPstatviaconex200.jpg\" \/>\n\t<meta property=\"og:image:width\" content=\"233\" \/>\n\t<meta property=\"og:image:height\" content=\"200\" \/>\n\t<meta property=\"og:image:type\" content=\"image\/jpeg\" \/>\n<meta name=\"twitter:card\" content=\"summary_large_image\" \/>\n<meta name=\"twitter:label1\" content=\"Dur\u00e9e de lecture estim\u00e9e\" \/>\n\t<meta name=\"twitter:data1\" content=\"4 minutes\" \/>\n<script type=\"application\/ld+json\" class=\"yoast-schema-graph\">{\"@context\":\"https:\\\/\\\/schema.org\",\"@graph\":[{\"@type\":\"WebPage\",\"@id\":\"https:\\\/\\\/www.conex.net\\\/be\\\/emebi\\\/\",\"url\":\"https:\\\/\\\/www.conex.net\\\/be\\\/emebi\\\/\",\"name\":\"EMEBI EUROPstat via conex - DEB - Conex Belgique\",\"isPartOf\":{\"@id\":\"https:\\\/\\\/www.conex.net\\\/be\\\/#website\"},\"primaryImageOfPage\":{\"@id\":\"https:\\\/\\\/www.conex.net\\\/be\\\/emebi\\\/#primaryimage\"},\"image\":{\"@id\":\"https:\\\/\\\/www.conex.net\\\/be\\\/emebi\\\/#primaryimage\"},\"thumbnailUrl\":\"https:\\\/\\\/www.conex.net\\\/be\\\/wp-content\\\/uploads\\\/sites\\\/3\\\/2020\\\/01\\\/EUROPstatviaconex200.jpg\",\"datePublished\":\"2018-11-29T14:46:23+00:00\",\"dateModified\":\"2024-01-30T09:21:15+00:00\",\"description\":\"EUROPstat via conex\u2122 est destin\u00e9 \u00e0 toute entreprise op\u00e9rant des acquisitions ou introductions de marchandises au sein de l\u2019Union Europ\u00e9enne, mais aussi aux cabinets d\u2019expertise comptable et mandataires d\u00e9sign\u00e9s pour effectuer tout ou partie de leurs op\u00e9rations europ\u00e9ennes.\",\"breadcrumb\":{\"@id\":\"https:\\\/\\\/www.conex.net\\\/be\\\/emebi\\\/#breadcrumb\"},\"inLanguage\":\"fr-FR\",\"potentialAction\":[{\"@type\":\"ReadAction\",\"target\":[\"https:\\\/\\\/www.conex.net\\\/be\\\/emebi\\\/\"]}]},{\"@type\":\"ImageObject\",\"inLanguage\":\"fr-FR\",\"@id\":\"https:\\\/\\\/www.conex.net\\\/be\\\/emebi\\\/#primaryimage\",\"url\":\"https:\\\/\\\/www.conex.net\\\/be\\\/wp-content\\\/uploads\\\/sites\\\/3\\\/2020\\\/01\\\/EUROPstatviaconex200.jpg\",\"contentUrl\":\"https:\\\/\\\/www.conex.net\\\/be\\\/wp-content\\\/uploads\\\/sites\\\/3\\\/2020\\\/01\\\/EUROPstatviaconex200.jpg\",\"width\":233,\"height\":200,\"caption\":\"EUROPstat via conex\"},{\"@type\":\"BreadcrumbList\",\"@id\":\"https:\\\/\\\/www.conex.net\\\/be\\\/emebi\\\/#breadcrumb\",\"itemListElement\":[{\"@type\":\"ListItem\",\"position\":1,\"name\":\"Accueil\",\"item\":\"https:\\\/\\\/www.conex.net\\\/be\\\/\"},{\"@type\":\"ListItem\",\"position\":2,\"name\":\"EMEBI\"}]},{\"@type\":\"WebSite\",\"@id\":\"https:\\\/\\\/www.conex.net\\\/be\\\/#website\",\"url\":\"https:\\\/\\\/www.conex.net\\\/be\\\/\",\"name\":\"Conex Belgique\",\"description\":\"Your customs partner - CONEX BE\",\"potentialAction\":[{\"@type\":\"SearchAction\",\"target\":{\"@type\":\"EntryPoint\",\"urlTemplate\":\"https:\\\/\\\/www.conex.net\\\/be\\\/?s={search_term_string}\"},\"query-input\":{\"@type\":\"PropertyValueSpecification\",\"valueRequired\":true,\"valueName\":\"search_term_string\"}}],\"inLanguage\":\"fr-FR\"}]}<\/script>\n<!-- \/ Yoast SEO plugin. -->","yoast_head_json":{"title":"EMEBI EUROPstat via conex - DEB - Conex Belgique","description":"EUROPstat via conex\u2122 est destin\u00e9 \u00e0 toute entreprise op\u00e9rant des acquisitions ou introductions de marchandises au sein de l\u2019Union Europ\u00e9enne, mais aussi aux cabinets d\u2019expertise comptable et mandataires d\u00e9sign\u00e9s pour effectuer tout ou partie de leurs op\u00e9rations europ\u00e9ennes.","robots":{"index":"index","follow":"follow","max-snippet":"max-snippet:-1","max-image-preview":"max-image-preview:large","max-video-preview":"max-video-preview:-1"},"canonical":"https:\/\/www.conex.net\/be\/emebi\/","og_locale":"fr_FR","og_type":"article","og_title":"EMEBI EUROPstat via conex - DEB - Conex Belgique","og_description":"EUROPstat via conex\u2122 est destin\u00e9 \u00e0 toute entreprise op\u00e9rant des acquisitions ou introductions de marchandises au sein de l\u2019Union Europ\u00e9enne, mais aussi aux cabinets d\u2019expertise comptable et mandataires d\u00e9sign\u00e9s pour effectuer tout ou partie de leurs op\u00e9rations europ\u00e9ennes.","og_url":"https:\/\/www.conex.net\/be\/emebi\/","og_site_name":"Conex Belgique","article_modified_time":"2024-01-30T09:21:15+00:00","og_image":[{"width":233,"height":200,"url":"https:\/\/www.conex.net\/be\/wp-content\/uploads\/sites\/3\/2020\/01\/EUROPstatviaconex200.jpg","type":"image\/jpeg"}],"twitter_card":"summary_large_image","twitter_misc":{"Dur\u00e9e de lecture estim\u00e9e":"4 minutes"},"schema":{"@context":"https:\/\/schema.org","@graph":[{"@type":"WebPage","@id":"https:\/\/www.conex.net\/be\/emebi\/","url":"https:\/\/www.conex.net\/be\/emebi\/","name":"EMEBI EUROPstat via conex - DEB - Conex Belgique","isPartOf":{"@id":"https:\/\/www.conex.net\/be\/#website"},"primaryImageOfPage":{"@id":"https:\/\/www.conex.net\/be\/emebi\/#primaryimage"},"image":{"@id":"https:\/\/www.conex.net\/be\/emebi\/#primaryimage"},"thumbnailUrl":"https:\/\/www.conex.net\/be\/wp-content\/uploads\/sites\/3\/2020\/01\/EUROPstatviaconex200.jpg","datePublished":"2018-11-29T14:46:23+00:00","dateModified":"2024-01-30T09:21:15+00:00","description":"EUROPstat via conex\u2122 est destin\u00e9 \u00e0 toute entreprise op\u00e9rant des acquisitions ou introductions de marchandises au sein de l\u2019Union Europ\u00e9enne, mais aussi aux cabinets d\u2019expertise comptable et mandataires d\u00e9sign\u00e9s pour effectuer tout ou partie de leurs op\u00e9rations europ\u00e9ennes.","breadcrumb":{"@id":"https:\/\/www.conex.net\/be\/emebi\/#breadcrumb"},"inLanguage":"fr-FR","potentialAction":[{"@type":"ReadAction","target":["https:\/\/www.conex.net\/be\/emebi\/"]}]},{"@type":"ImageObject","inLanguage":"fr-FR","@id":"https:\/\/www.conex.net\/be\/emebi\/#primaryimage","url":"https:\/\/www.conex.net\/be\/wp-content\/uploads\/sites\/3\/2020\/01\/EUROPstatviaconex200.jpg","contentUrl":"https:\/\/www.conex.net\/be\/wp-content\/uploads\/sites\/3\/2020\/01\/EUROPstatviaconex200.jpg","width":233,"height":200,"caption":"EUROPstat via conex"},{"@type":"BreadcrumbList","@id":"https:\/\/www.conex.net\/be\/emebi\/#breadcrumb","itemListElement":[{"@type":"ListItem","position":1,"name":"Accueil","item":"https:\/\/www.conex.net\/be\/"},{"@type":"ListItem","position":2,"name":"EMEBI"}]},{"@type":"WebSite","@id":"https:\/\/www.conex.net\/be\/#website","url":"https:\/\/www.conex.net\/be\/","name":"Conex Belgique","description":"Your customs partner - CONEX BE","potentialAction":[{"@type":"SearchAction","target":{"@type":"EntryPoint","urlTemplate":"https:\/\/www.conex.net\/be\/?s={search_term_string}"},"query-input":{"@type":"PropertyValueSpecification","valueRequired":true,"valueName":"search_term_string"}}],"inLanguage":"fr-FR"}]}},"_links":{"self":[{"href":"https:\/\/www.conex.net\/be\/wp-json\/wp\/v2\/pages\/52","targetHints":{"allow":["GET"]}}],"collection":[{"href":"https:\/\/www.conex.net\/be\/wp-json\/wp\/v2\/pages"}],"about":[{"href":"https:\/\/www.conex.net\/be\/wp-json\/wp\/v2\/types\/page"}],"author":[{"embeddable":true,"href":"https:\/\/www.conex.net\/be\/wp-json\/wp\/v2\/users\/1"}],"replies":[{"embeddable":true,"href":"https:\/\/www.conex.net\/be\/wp-json\/wp\/v2\/comments?post=52"}],"version-history":[{"count":128,"href":"https:\/\/www.conex.net\/be\/wp-json\/wp\/v2\/pages\/52\/revisions"}],"predecessor-version":[{"id":4744,"href":"https:\/\/www.conex.net\/be\/wp-json\/wp\/v2\/pages\/52\/revisions\/4744"}],"wp:featuredmedia":[{"embeddable":true,"href":"https:\/\/www.conex.net\/be\/wp-json\/wp\/v2\/media\/3304"}],"wp:attachment":[{"href":"https:\/\/www.conex.net\/be\/wp-json\/wp\/v2\/media?parent=52"}],"curies":[{"name":"wp","href":"https:\/\/api.w.org\/{rel}","templated":true}]}}