{"id":54,"date":"2018-11-29T15:46:38","date_gmt":"2018-11-29T14:46:38","guid":{"rendered":"https:\/\/www.conex.net\/be\/?page_id=54"},"modified":"2023-01-09T12:23:48","modified_gmt":"2023-01-09T11:23:48","slug":"classement-tarifaire-encyclopedie-douaniere","status":"publish","type":"page","link":"https:\/\/www.conex.net\/be\/classement-tarifaire-encyclopedie-douaniere\/","title":{"rendered":"ENCYCLOP\u00c9DIE DOUANI\u00c8RE"},"content":{"rendered":"<div id=\"pl-54\"  class=\"panel-layout\" ><div id=\"pg-54-0\"  class=\"panel-grid panel-has-style\" ><div class=\"siteorigin-panels-stretch panel-row-style panel-row-style-for-54-0\" data-stretch-type=\"full-stretched\" ><div id=\"pgc-54-0-0\"  class=\"panel-grid-cell\" ><div id=\"panel-54-0-0-0\" class=\"so-panel widget widget_sow-hero panel-first-child panel-last-child\" data-index=\"0\" ><div\n\t\t\t\n\t\t\tclass=\"so-widget-sow-hero so-widget-sow-hero-default-ab45b9103004-54\"\n\t\t\t\n\t\t>\t\t\t\t<div class=\"sow-slider-base\" style=\"display: none\" tabindex=\"0\">\n\t\t\t\t\t<ul\n\t\t\t\t\tclass=\"sow-slider-images\"\n\t\t\t\t\tdata-settings=\"{&quot;pagination&quot;:true,&quot;speed&quot;:800,&quot;timeout&quot;:8000,&quot;paused&quot;:false,&quot;pause_on_hover&quot;:false,&quot;swipe&quot;:false,&quot;nav_always_show_desktop&quot;:&quot;&quot;,&quot;nav_always_show_mobile&quot;:&quot;&quot;,&quot;breakpoint&quot;:&quot;780px&quot;,&quot;unmute&quot;:false,&quot;anchor&quot;:null}\"\n\t\t\t\t\tstyle=\"min-height: 400px\"\t\t\t\t\tdata-anchor-id=\"\"\n\t\t\t\t>\t\t<li class=\"sow-slider-image  sow-slider-image-cover\" style=\"visibility: visible;;background-color: #333333;background-image: url(https:\/\/www.conex.net\/be\/wp-content\/uploads\/sites\/3\/2022\/12\/ENCYCLOproduitFR.jpg)\" >\n\t\t\t\t\t<div class=\"sow-slider-image-container\">\n\t\t\t<div class=\"sow-slider-image-wrapper\">\n\t\t\t\t\t\t\t<\/div>\n\t\t<\/div>\n\t\t\t\t<\/li>\n\t\t<\/ul>\t\t\t\t<ol class=\"sow-slider-pagination\">\n\t\t\t\t\t\t\t\t\t\t\t<li><a href=\"#\" data-goto=\"0\" aria-label=\"Display slide 1\"><\/a><\/li>\n\t\t\t\t\t\t\t\t\t<\/ol>\n\n\t\t\t\t<div class=\"sow-slide-nav sow-slide-nav-next\">\n\t\t\t\t\t<a href=\"#\" data-goto=\"next\" aria-label=\"Next slide\" data-action=\"next\">\n\t\t\t\t\t\t<em class=\"sow-sld-icon-thin-right\"><\/em>\n\t\t\t\t\t<\/a>\n\t\t\t\t<\/div>\n\n\t\t\t\t<div class=\"sow-slide-nav sow-slide-nav-prev\">\n\t\t\t\t\t<a href=\"#\" data-goto=\"previous\" aria-label=\"Previous slide\" data-action=\"prev\">\n\t\t\t\t\t\t<em class=\"sow-sld-icon-thin-left\"><\/em>\n\t\t\t\t\t<\/a>\n\t\t\t\t<\/div>\n\t\t\t\t<\/div><\/div><\/div><\/div><\/div><\/div><div id=\"pg-54-1\"  class=\"panel-grid panel-has-style\" ><div class=\"siteorigin-panels-stretch panel-row-style panel-row-style-for-54-1\" data-stretch-type=\"full\" ><div id=\"pgc-54-1-0\"  class=\"panel-grid-cell\" ><div id=\"panel-54-1-0-0\" class=\"so-panel widget widget_sow-editor panel-first-child panel-last-child\" data-index=\"1\" ><div\n\t\t\t\n\t\t\tclass=\"so-widget-sow-editor so-widget-sow-editor-base\"\n\t\t\t\n\t\t>\n<div class=\"siteorigin-widget-tinymce textwidget\">\n\t<h3 style=\"text-align: center;\"><span style=\"color: #000000;\">POUR QUI<\/span><\/h3>\n<hr style=\"height: 2px; color: #fff; background-color: #fff; width: 50%; border: none;\" \/>\n<p style=\"text-align: center;\"><span style=\"color: #000000;\">Responsables douane, juridique, d\u00e9clarant, commerciaux, acheteurs ayant besoin des informations r\u00e9glementaires douani\u00e8res.<\/span><\/p>\n<\/div>\n<\/div><\/div><\/div><div id=\"pgc-54-1-1\"  class=\"panel-grid-cell\" ><div id=\"panel-54-1-1-0\" class=\"so-panel widget widget_sow-editor panel-first-child panel-last-child\" data-index=\"2\" ><div\n\t\t\t\n\t\t\tclass=\"so-widget-sow-editor so-widget-sow-editor-base\"\n\t\t\t\n\t\t>\n<div class=\"siteorigin-widget-tinymce textwidget\">\n\t<h3 style=\"text-align: center;\"><span style=\"color: #000000;\">POUR QUOI<\/span><\/h3>\n<hr style=\"height: 2px; color: #fff; background-color: #fff; width: 50%; border: none;\" \/>\n<p style=\"text-align: center;\"><span style=\"color: #000000;\">Classement tarifaire des marchandises. Conformit\u00e9 douani\u00e8re. Consultation\/interrogation du tarif douanier, Notes Explicatives du Syst\u00e8me Harmonis\u00e9, Textes Officiels, Avis de classement, RTC.<\/span><\/p>\n<\/div>\n<\/div><\/div><\/div><div id=\"pgc-54-1-2\"  class=\"panel-grid-cell\" ><div id=\"panel-54-1-2-0\" class=\"so-panel widget widget_sow-editor panel-first-child panel-last-child\" data-index=\"3\" ><div\n\t\t\t\n\t\t\tclass=\"so-widget-sow-editor so-widget-sow-editor-base\"\n\t\t\t\n\t\t>\n<div class=\"siteorigin-widget-tinymce textwidget\">\n\t<h3 style=\"text-align: center;\"><span style=\"color: #000000;\">COMMENT<\/span><\/h3>\n<hr style=\"height: 2px; color: #fff; background-color: #fff; width: 50%; border: none;\"\/>\n<p style=\"text-align: center;\"><span style=\"color: #000000;\">Abonnement \u00e0 un service de Bases\u00a0de donn\u00e9es r\u00e9glementaires en ligne.<\/span><\/p>\n<\/div>\n<\/div><\/div><\/div><\/div><\/div><div id=\"pg-54-2\"  class=\"panel-grid panel-no-style\" ><div id=\"pgc-54-2-0\"  class=\"panel-grid-cell\" ><div id=\"panel-54-2-0-0\" class=\"so-panel widget widget_sow-editor panel-first-child panel-last-child\" data-index=\"4\" ><div class=\"panel-widget-style panel-widget-style-for-54-2-0-0\" ><div\n\t\t\t\n\t\t\tclass=\"so-widget-sow-editor so-widget-sow-editor-base\"\n\t\t\t\n\t\t>\n<div class=\"siteorigin-widget-tinymce textwidget\">\n\t<p>&nbsp;<\/p>\n<p><span style=\"color: #333333;\">CONEX proposent<\/span> <span style=\"color: #57a1d8;\"><strong>L\u2019ENCYCLOP\u00c9DIE DOUANI\u00c8RE\u2122<\/strong><\/span>, <span style=\"color: #333333;\">une application web unique qui permet de r\u00e9pondre aux exigences de la r\u00e9glementation douani\u00e8re europ\u00e9enne et nationale auxquelles les op\u00e9rateurs douaniers sont confront\u00e9s.<\/span><\/p>\n<\/div>\n<\/div><\/div><\/div><\/div><div id=\"pgc-54-2-1\"  class=\"panel-grid-cell\" ><div id=\"panel-54-2-1-0\" class=\"so-panel widget widget_sow-editor panel-first-child panel-last-child\" data-index=\"5\" ><div class=\"panel-widget-style panel-widget-style-for-54-2-1-0\" ><div\n\t\t\t\n\t\t\tclass=\"so-widget-sow-editor so-widget-sow-editor-base\"\n\t\t\t\n\t\t>\n<div class=\"siteorigin-widget-tinymce textwidget\">\n\t<p><img loading=\"lazy\" decoding=\"async\" class=\"alignleft wp-image-4665\" src=\"https:\/\/www.conex.net\/be\/wp-content\/uploads\/sites\/3\/2023\/01\/encyclopedie-douaniere-plaquettejpg.jpg\" alt=\"\" width=\"168\" height=\"105\" \/><br \/>\n<strong><span style=\"color: #333333;\">Nouvelle Version de<\/span><\/strong><br \/>\n<strong><span style=\"color: #333333;\">l'Encyclop\u00e9die Douani\u00e8re V5<\/span><\/strong><\/p>\n<h5><strong><span style=\"color: #5694d6;\"><a style=\"color: #5694d6;\" href=\"https:\/\/www.conex.net\/be\/wp-content\/uploads\/sites\/3\/2023\/01\/EncyclopedieDouaniere-BEfr.pdf\" target=\"_blank\" rel=\"noopener\">T\u00e9l\u00e9chargez la plaquette<\/a><\/span><\/strong><\/h5>\n<\/div>\n<\/div><\/div><\/div><\/div><\/div><div id=\"pg-54-3\"  class=\"panel-grid panel-no-style\" ><div id=\"pgc-54-3-0\"  class=\"panel-grid-cell\" ><div id=\"panel-54-3-0-0\" class=\"so-panel widget widget_sow-editor panel-first-child panel-last-child\" data-index=\"6\" ><div class=\"panel-widget-style panel-widget-style-for-54-3-0-0\" ><div\n\t\t\t\n\t\t\tclass=\"so-widget-sow-editor so-widget-sow-editor-base\"\n\t\t\t\n\t\t>\n<div class=\"siteorigin-widget-tinymce textwidget\">\n\t<p>&nbsp;<\/p>\n<h3><span style=\"color: #57a1d8;\"><strong>Le classement tarifaire, une n\u00e9cessaire ma\u00eetrise<\/strong><\/span><\/h3>\n<h4><strong><span style=\"color: #99ccff;\"><span style=\"color: #5096cc;\">\u2666<\/span>\u00a0<\/span><\/strong> <span style=\"color: #333333;\"><strong>Tarif douanier et les Notes explicatives du Syst\u00e8me Harmonis\u00e9<\/strong><\/span><\/h4>\n<p><span style=\"color: #333333;\">Reprend les nomenclatures douani\u00e8res des marchandises utilis\u00e9es dans vos d\u00e9clarations douani\u00e8res, les libell\u00e9s des d\u00e9finitions associ\u00e9es et les taux des droits et taxes.<\/span><\/p>\n<h4><strong><span style=\"color: #99ccff;\"><span style=\"color: #5096cc;\">\u2666<\/span>\u00a0<\/span><\/strong> \u00a0<span style=\"color: #333333;\"><strong>Textes officiels UE<\/strong><\/span><\/h4>\n<p><span style=\"color: #333333;\">Acc\u00e8s direct et rapide aux textes consolid\u00e9s des r\u00e9glementations europ\u00e9ennes.<\/span><\/p>\n<h4><strong><span style=\"color: #99ccff;\"><span style=\"color: #5096cc;\">\u2666<\/span>\u00a0<\/span><\/strong><span style=\"color: #333333;\"><strong>Une application WEB personnalisable FR\/BE\/EN<\/strong><\/span><\/h4>\n<p><span style=\"color: #333333;\">L\u2019information du tarif douanier \u00e0 laquelle vous avez acc\u00e8s est param\u00e9trable, que ce soit au niveau de la r\u00e9glementation (Belgique, France, territoire d\u2019application, Grande-Bretagne) mais aussi au niveau de la langue. Sauvegarde des pr\u00e9f\u00e9rences ou consultation des diff\u00e9rentes r\u00e9glementations de mani\u00e8re ponctuelle.<\/span><\/p>\n<h4><strong><span style=\"color: #99ccff;\"><span style=\"color: #5096cc;\">\u2666<\/span>\u00a0<\/span><\/strong><span style=\"color: #333333;\"><strong>Interrogez et c\u2019est trouv\u00e9\u00a0<\/strong><\/span><\/h4>\n<p><span style=\"color: #333333;\">Gr\u00e2ce \u00e0 la puissance de l\u2019aide intelligente dans la base du tarif douanier et des RTC Europ\u00e9ens et Britanniques, vous disposerez en quelques secondes d\u2019un panel de r\u00e9sultats cibl\u00e9s et pertinents pour faciliter le classement tarifaire de vos marchandises.<\/span><\/p>\n<\/div>\n<\/div><\/div><\/div><\/div><\/div><div id=\"pg-54-4\"  class=\"panel-grid panel-has-style\" ><div class=\"siteorigin-panels-stretch panel-row-style panel-row-style-for-54-4\" data-stretch-type=\"full\" ><div id=\"pgc-54-4-0\"  class=\"panel-grid-cell\" ><div id=\"panel-54-4-0-0\" class=\"so-panel widget widget_sow-editor panel-first-child panel-last-child\" data-index=\"7\" ><div\n\t\t\t\n\t\t\tclass=\"so-widget-sow-editor so-widget-sow-editor-base\"\n\t\t\t\n\t\t>\n<div class=\"siteorigin-widget-tinymce textwidget\">\n\t<h1 style=\"text-align: center;\">CE QUI PEUT AUSSI VOUS INT\u00c9RESSER !<\/h1>\n<\/div>\n<\/div><\/div><\/div><\/div><\/div><div id=\"pg-54-5\"  class=\"panel-grid panel-no-style\" ><div id=\"pgc-54-5-0\"  class=\"panel-grid-cell\" ><div id=\"panel-54-5-0-0\" class=\"so-panel widget widget_sow-editor panel-first-child panel-last-child\" data-index=\"8\" ><div\n\t\t\t\n\t\t\tclass=\"so-widget-sow-editor so-widget-sow-editor-base\"\n\t\t\t\n\t\t>\n<div class=\"siteorigin-widget-tinymce textwidget\">\n\t<p><a href=\"\/be\/douane\/\"><img loading=\"lazy\" decoding=\"async\" class=\"aligncenter wp-image-844 size-full\" title=\"CUSTOMS via CONEX - la Douane electronique\" src=\"\/wp-content\/uploads\/2019\/05\/customs-encyclopedie-douaniere.jpg\" alt=\"CUSTOMS via CONEX - la Douane electronique - customs-encyclopedie-douaniere \" width=\"243\" height=\"142\" \/><\/a><\/p>\n<h4 style=\"text-align: center;\">CUSTOMS via conex\u2122<\/h4>\n<p style=\"text-align: justify;\"><strong><span style=\"color: #b80000;\">CUSTOMS<\/span> via conex\u2122<\/strong>\u00a0 est une solution compl\u00e8te et modulaire, d\u00e9di\u00e9e \u00e0 la gestion administrative de toutes les proc\u00e9dures de d\u00e9douanement \u00e9lectroniques pour l\u2019ensemble des r\u00e9gimes douaniers\u00a0 incluant la Globalisation, NCTS \u00a0et les \u00e9changes EDI avec PLDA.<\/p>\n<p style=\"text-align: center;\"><a href=\"\/be\/douane\/\"><img loading=\"lazy\" decoding=\"async\" class=\"aligncenter wp-image-983 size-full\" title=\"CUSTOMS via CONEX - la Douane electronique\" src=\"\/wp-content\/uploads\/2019\/05\/ensavoirplus-customs.jpg\" alt=\"ensavoirplus-customs via conex - CUSTOMS via CONEX - la Douane electronique\" width=\"149\" height=\"66\" \/><\/a><\/p>\n<\/div>\n<\/div><\/div><\/div><div id=\"pgc-54-5-1\"  class=\"panel-grid-cell\" ><div id=\"panel-54-5-1-0\" class=\"so-panel widget widget_sow-editor panel-first-child panel-last-child\" data-index=\"9\" ><div\n\t\t\t\n\t\t\tclass=\"so-widget-sow-editor so-widget-sow-editor-base\"\n\t\t\t\n\t\t>\n<div class=\"siteorigin-widget-tinymce textwidget\">\n\t<p><a href=\"\/be\/intrastat\/\"><img loading=\"lazy\" decoding=\"async\" class=\"aligncenter wp-image-845 size-full\" title=\"D\u00e9claration intrastat - EUROPSTAT via CONEX - la D\u00e9claration intrastat\" src=\"\/wp-content\/uploads\/2019\/05\/europstat-encyclopedie-douaniere.jpg\" alt=\"D\u00e9claration intrastat - EUROPSTAT via CONEX - la D\u00e9claration intrastat\" width=\"243\" height=\"142\" \/><\/a><\/p>\n<h4 style=\"text-align: center;\">EUROPstat via conex\u2122<\/h4>\n<p style=\"text-align: justify;\"><strong><span style=\"color: #000080;\">EUROPstat<\/span> via conex\u2122<\/strong> est destin\u00e9 \u00e0 toute entreprise op\u00e9rant des introductions\/exp\u00e9ditions de marchandises au sein de l\u2019UE, aux cabinets d\u2019expertise comptable d\u00e9sign\u00e9s pour effectuer les d\u00e9clarations intrastat.<\/p>\n<p><a href=\"\/be\/intrastat\/\"><img loading=\"lazy\" decoding=\"async\" class=\"aligncenter wp-image-982 size-full\" title=\"D\u00e9claration intrastat - EUROPSTAT via CONEX - la D\u00e9claration intrastat\" src=\"\/wp-content\/uploads\/2019\/05\/ensavoirplus-europstat.jpg\" alt=\"ensavoirplus-europstat via conex - D\u00e9claration intrastat - EUROPSTAT via CONEX - la D\u00e9claration intrastat\" width=\"149\" height=\"66\" \/><\/a><\/p>\n<\/div>\n<\/div><\/div><\/div><\/div><div id=\"pg-54-6\"  class=\"panel-grid panel-no-style\" ><div id=\"pgc-54-6-0\"  class=\"panel-grid-cell\" ><div id=\"panel-54-6-0-0\" class=\"so-panel widget widget_sow-editor panel-first-child panel-last-child\" data-index=\"10\" ><div class=\"panel-widget-style panel-widget-style-for-54-6-0-0\" ><div\n\t\t\t\n\t\t\tclass=\"so-widget-sow-editor so-widget-sow-editor-base\"\n\t\t\t\n\t\t>\n<div class=\"siteorigin-widget-tinymce textwidget\">\n\t<hr \/>\n<p><a href=\"https:\/\/www.conex.net\/be\/contact\/\"><img loading=\"lazy\" decoding=\"async\" class=\"aligncenter wp-image-765 size-full\" title=\"contactez conex\" src=\"https:\/\/www.conex.net\/be\/wp-content\/uploads\/sites\/2\/2019\/05\/picto-contactez-nous.jpg\" alt=\"contactez-nous conex\" width=\"506\" height=\"205\" srcset=\"https:\/\/www.conex.net\/be\/wp-content\/uploads\/sites\/3\/2019\/05\/picto-contactez-nous.jpg 506w, https:\/\/www.conex.net\/be\/wp-content\/uploads\/sites\/3\/2019\/05\/picto-contactez-nous-300x122.jpg 300w\" sizes=\"auto, (max-width: 506px) 100vw, 506px\" \/><\/a><\/p>\n<\/div>\n<\/div><\/div><\/div><\/div><\/div><\/div>","protected":false},"excerpt":{"rendered":"<p>POUR QUI Responsables douane, juridique, d\u00e9clarant, commerciaux, acheteurs ayant besoin des informations r\u00e9glementaires douani\u00e8res. POUR QUOI Classement tarifaire des marchandises. Conformit\u00e9 douani\u00e8re. Consultation\/interrogation du tarif douanier, Notes Explicatives du Syst\u00e8me Harmonis\u00e9, Textes Officiels, Avis de classement, RTC. COMMENT Abonnement \u00e0 un service de Bases\u00a0de donn\u00e9es r\u00e9glementaires en ligne.<\/p>\n","protected":false},"author":1,"featured_media":3285,"parent":0,"menu_order":0,"comment_status":"closed","ping_status":"closed","template":"Page-fullwidth.php","meta":{"footnotes":""},"class_list":["post-54","page","type-page","status-publish","has-post-thumbnail","hentry"],"yoast_head":"<!-- This site is optimized with the Yoast SEO plugin v27.3 - https:\/\/yoast.com\/product\/yoast-seo-wordpress\/ -->\n<title>classement tarifaire Publith\u00e8que Douani\u00e8re L\u2019ENCYCLOP\u00c9DIE D.<\/title>\n<meta name=\"description\" content=\"informations r\u00e9glementaires douani\u00e8res, base de donn\u00e9e - r\u00e9glementation europ\u00e9enne &amp; nationale. classement tarifaire, textes officiels\" \/>\n<meta name=\"robots\" content=\"index, follow, max-snippet:-1, max-image-preview:large, max-video-preview:-1\" \/>\n<link rel=\"canonical\" href=\"https:\/\/www.conex.net\/be\/classement-tarifaire-encyclopedie-douaniere\/\" \/>\n<meta property=\"og:locale\" content=\"fr_FR\" \/>\n<meta property=\"og:type\" content=\"article\" \/>\n<meta property=\"og:title\" content=\"classement tarifaire Publith\u00e8que Douani\u00e8re L\u2019ENCYCLOP\u00c9DIE D.\" \/>\n<meta property=\"og:description\" content=\"informations r\u00e9glementaires douani\u00e8res, base de donn\u00e9e - r\u00e9glementation europ\u00e9enne &amp; nationale. classement tarifaire, textes officiels\" \/>\n<meta property=\"og:url\" content=\"https:\/\/www.conex.net\/be\/classement-tarifaire-encyclopedie-douaniere\/\" \/>\n<meta property=\"og:site_name\" content=\"Conex Belgique\" \/>\n<meta property=\"article:modified_time\" content=\"2023-01-09T11:23:48+00:00\" \/>\n<meta property=\"og:image\" content=\"https:\/\/www.conex.net\/be\/wp-content\/uploads\/sites\/3\/2020\/01\/Encyclopedie-douaniereviaconex200.jpg\" \/>\n\t<meta property=\"og:image:width\" content=\"233\" \/>\n\t<meta property=\"og:image:height\" content=\"200\" \/>\n\t<meta property=\"og:image:type\" content=\"image\/jpeg\" \/>\n<meta name=\"twitter:card\" content=\"summary_large_image\" \/>\n<meta name=\"twitter:label1\" content=\"Dur\u00e9e de lecture estim\u00e9e\" \/>\n\t<meta name=\"twitter:data1\" content=\"3 minutes\" \/>\n<script type=\"application\/ld+json\" class=\"yoast-schema-graph\">{\"@context\":\"https:\\\/\\\/schema.org\",\"@graph\":[{\"@type\":\"WebPage\",\"@id\":\"https:\\\/\\\/www.conex.net\\\/be\\\/classement-tarifaire-encyclopedie-douaniere\\\/\",\"url\":\"https:\\\/\\\/www.conex.net\\\/be\\\/classement-tarifaire-encyclopedie-douaniere\\\/\",\"name\":\"classement tarifaire Publith\u00e8que Douani\u00e8re L\u2019ENCYCLOP\u00c9DIE D.\",\"isPartOf\":{\"@id\":\"https:\\\/\\\/www.conex.net\\\/be\\\/#website\"},\"primaryImageOfPage\":{\"@id\":\"https:\\\/\\\/www.conex.net\\\/be\\\/classement-tarifaire-encyclopedie-douaniere\\\/#primaryimage\"},\"image\":{\"@id\":\"https:\\\/\\\/www.conex.net\\\/be\\\/classement-tarifaire-encyclopedie-douaniere\\\/#primaryimage\"},\"thumbnailUrl\":\"https:\\\/\\\/www.conex.net\\\/be\\\/wp-content\\\/uploads\\\/sites\\\/3\\\/2020\\\/01\\\/Encyclopedie-douaniereviaconex200.jpg\",\"datePublished\":\"2018-11-29T14:46:38+00:00\",\"dateModified\":\"2023-01-09T11:23:48+00:00\",\"description\":\"informations r\u00e9glementaires douani\u00e8res, base de donn\u00e9e - r\u00e9glementation europ\u00e9enne & nationale. classement tarifaire, textes officiels\",\"breadcrumb\":{\"@id\":\"https:\\\/\\\/www.conex.net\\\/be\\\/classement-tarifaire-encyclopedie-douaniere\\\/#breadcrumb\"},\"inLanguage\":\"fr-FR\",\"potentialAction\":[{\"@type\":\"ReadAction\",\"target\":[\"https:\\\/\\\/www.conex.net\\\/be\\\/classement-tarifaire-encyclopedie-douaniere\\\/\"]}]},{\"@type\":\"ImageObject\",\"inLanguage\":\"fr-FR\",\"@id\":\"https:\\\/\\\/www.conex.net\\\/be\\\/classement-tarifaire-encyclopedie-douaniere\\\/#primaryimage\",\"url\":\"https:\\\/\\\/www.conex.net\\\/be\\\/wp-content\\\/uploads\\\/sites\\\/3\\\/2020\\\/01\\\/Encyclopedie-douaniereviaconex200.jpg\",\"contentUrl\":\"https:\\\/\\\/www.conex.net\\\/be\\\/wp-content\\\/uploads\\\/sites\\\/3\\\/2020\\\/01\\\/Encyclopedie-douaniereviaconex200.jpg\",\"width\":233,\"height\":200,\"caption\":\"Encyclopedie-douaniere via conex\"},{\"@type\":\"BreadcrumbList\",\"@id\":\"https:\\\/\\\/www.conex.net\\\/be\\\/classement-tarifaire-encyclopedie-douaniere\\\/#breadcrumb\",\"itemListElement\":[{\"@type\":\"ListItem\",\"position\":1,\"name\":\"Accueil\",\"item\":\"https:\\\/\\\/www.conex.net\\\/be\\\/\"},{\"@type\":\"ListItem\",\"position\":2,\"name\":\"ENCYCLOP\u00c9DIE DOUANI\u00c8RE\"}]},{\"@type\":\"WebSite\",\"@id\":\"https:\\\/\\\/www.conex.net\\\/be\\\/#website\",\"url\":\"https:\\\/\\\/www.conex.net\\\/be\\\/\",\"name\":\"Conex Belgique\",\"description\":\"Your customs partner - CONEX BE\",\"potentialAction\":[{\"@type\":\"SearchAction\",\"target\":{\"@type\":\"EntryPoint\",\"urlTemplate\":\"https:\\\/\\\/www.conex.net\\\/be\\\/?s={search_term_string}\"},\"query-input\":{\"@type\":\"PropertyValueSpecification\",\"valueRequired\":true,\"valueName\":\"search_term_string\"}}],\"inLanguage\":\"fr-FR\"}]}<\/script>\n<!-- \/ Yoast SEO plugin. -->","yoast_head_json":{"title":"classement tarifaire Publith\u00e8que Douani\u00e8re L\u2019ENCYCLOP\u00c9DIE D.","description":"informations r\u00e9glementaires douani\u00e8res, base de donn\u00e9e - r\u00e9glementation europ\u00e9enne & nationale. classement tarifaire, textes officiels","robots":{"index":"index","follow":"follow","max-snippet":"max-snippet:-1","max-image-preview":"max-image-preview:large","max-video-preview":"max-video-preview:-1"},"canonical":"https:\/\/www.conex.net\/be\/classement-tarifaire-encyclopedie-douaniere\/","og_locale":"fr_FR","og_type":"article","og_title":"classement tarifaire Publith\u00e8que Douani\u00e8re L\u2019ENCYCLOP\u00c9DIE D.","og_description":"informations r\u00e9glementaires douani\u00e8res, base de donn\u00e9e - r\u00e9glementation europ\u00e9enne & nationale. classement tarifaire, textes officiels","og_url":"https:\/\/www.conex.net\/be\/classement-tarifaire-encyclopedie-douaniere\/","og_site_name":"Conex Belgique","article_modified_time":"2023-01-09T11:23:48+00:00","og_image":[{"width":233,"height":200,"url":"https:\/\/www.conex.net\/be\/wp-content\/uploads\/sites\/3\/2020\/01\/Encyclopedie-douaniereviaconex200.jpg","type":"image\/jpeg"}],"twitter_card":"summary_large_image","twitter_misc":{"Dur\u00e9e de lecture estim\u00e9e":"3 minutes"},"schema":{"@context":"https:\/\/schema.org","@graph":[{"@type":"WebPage","@id":"https:\/\/www.conex.net\/be\/classement-tarifaire-encyclopedie-douaniere\/","url":"https:\/\/www.conex.net\/be\/classement-tarifaire-encyclopedie-douaniere\/","name":"classement tarifaire Publith\u00e8que Douani\u00e8re L\u2019ENCYCLOP\u00c9DIE D.","isPartOf":{"@id":"https:\/\/www.conex.net\/be\/#website"},"primaryImageOfPage":{"@id":"https:\/\/www.conex.net\/be\/classement-tarifaire-encyclopedie-douaniere\/#primaryimage"},"image":{"@id":"https:\/\/www.conex.net\/be\/classement-tarifaire-encyclopedie-douaniere\/#primaryimage"},"thumbnailUrl":"https:\/\/www.conex.net\/be\/wp-content\/uploads\/sites\/3\/2020\/01\/Encyclopedie-douaniereviaconex200.jpg","datePublished":"2018-11-29T14:46:38+00:00","dateModified":"2023-01-09T11:23:48+00:00","description":"informations r\u00e9glementaires douani\u00e8res, base de donn\u00e9e - r\u00e9glementation europ\u00e9enne & nationale. classement tarifaire, textes officiels","breadcrumb":{"@id":"https:\/\/www.conex.net\/be\/classement-tarifaire-encyclopedie-douaniere\/#breadcrumb"},"inLanguage":"fr-FR","potentialAction":[{"@type":"ReadAction","target":["https:\/\/www.conex.net\/be\/classement-tarifaire-encyclopedie-douaniere\/"]}]},{"@type":"ImageObject","inLanguage":"fr-FR","@id":"https:\/\/www.conex.net\/be\/classement-tarifaire-encyclopedie-douaniere\/#primaryimage","url":"https:\/\/www.conex.net\/be\/wp-content\/uploads\/sites\/3\/2020\/01\/Encyclopedie-douaniereviaconex200.jpg","contentUrl":"https:\/\/www.conex.net\/be\/wp-content\/uploads\/sites\/3\/2020\/01\/Encyclopedie-douaniereviaconex200.jpg","width":233,"height":200,"caption":"Encyclopedie-douaniere via conex"},{"@type":"BreadcrumbList","@id":"https:\/\/www.conex.net\/be\/classement-tarifaire-encyclopedie-douaniere\/#breadcrumb","itemListElement":[{"@type":"ListItem","position":1,"name":"Accueil","item":"https:\/\/www.conex.net\/be\/"},{"@type":"ListItem","position":2,"name":"ENCYCLOP\u00c9DIE DOUANI\u00c8RE"}]},{"@type":"WebSite","@id":"https:\/\/www.conex.net\/be\/#website","url":"https:\/\/www.conex.net\/be\/","name":"Conex Belgique","description":"Your customs partner - CONEX BE","potentialAction":[{"@type":"SearchAction","target":{"@type":"EntryPoint","urlTemplate":"https:\/\/www.conex.net\/be\/?s={search_term_string}"},"query-input":{"@type":"PropertyValueSpecification","valueRequired":true,"valueName":"search_term_string"}}],"inLanguage":"fr-FR"}]}},"_links":{"self":[{"href":"https:\/\/www.conex.net\/be\/wp-json\/wp\/v2\/pages\/54","targetHints":{"allow":["GET"]}}],"collection":[{"href":"https:\/\/www.conex.net\/be\/wp-json\/wp\/v2\/pages"}],"about":[{"href":"https:\/\/www.conex.net\/be\/wp-json\/wp\/v2\/types\/page"}],"author":[{"embeddable":true,"href":"https:\/\/www.conex.net\/be\/wp-json\/wp\/v2\/users\/1"}],"replies":[{"embeddable":true,"href":"https:\/\/www.conex.net\/be\/wp-json\/wp\/v2\/comments?post=54"}],"version-history":[{"count":151,"href":"https:\/\/www.conex.net\/be\/wp-json\/wp\/v2\/pages\/54\/revisions"}],"predecessor-version":[{"id":4668,"href":"https:\/\/www.conex.net\/be\/wp-json\/wp\/v2\/pages\/54\/revisions\/4668"}],"wp:featuredmedia":[{"embeddable":true,"href":"https:\/\/www.conex.net\/be\/wp-json\/wp\/v2\/media\/3285"}],"wp:attachment":[{"href":"https:\/\/www.conex.net\/be\/wp-json\/wp\/v2\/media?parent=54"}],"curies":[{"name":"wp","href":"https:\/\/api.w.org\/{rel}","templated":true}]}}