{"id":10812,"date":"2025-06-16T11:42:29","date_gmt":"2025-06-16T09:42:29","guid":{"rendered":"https:\/\/www.conex.net\/fr\/?page_id=10812"},"modified":"2025-06-16T11:51:20","modified_gmt":"2025-06-16T09:51:20","slug":"faq-delta-e","status":"publish","type":"page","link":"https:\/\/www.conex.net\/fr\/faq-delta-e\/","title":{"rendered":"FAQ DELTA E"},"content":{"rendered":"<div id=\"pl-10812\"  class=\"panel-layout\" ><div id=\"pg-10812-0\"  class=\"panel-grid panel-no-style\" ><div id=\"pgc-10812-0-0\"  class=\"panel-grid-cell\" ><div id=\"panel-10812-0-0-0\" class=\"so-panel widget widget_sow-editor panel-first-child panel-last-child\" data-index=\"0\" ><div\n\t\t\t\n\t\t\tclass=\"so-widget-sow-editor so-widget-sow-editor-base\"\n\t\t\t\n\t\t>\n<div class=\"siteorigin-widget-tinymce textwidget\">\n\t<style type=\"text\/css\">.helpie-faq.accordions.groupSettings-259__enabled .accordion .accordion__item .accordion__header{background: #e6e6e6 !important;}.helpie-faq.accordions.groupSettings-259__enabled .accordion .accordion__item .accordion__body{background: #d6ffd9 !important;}<\/style><section id='' class='helpie-faq accordions faq-toggle custom-styles groupSettings-259__enabled ' data-collection='' data-pagination='0' data-search='0' data-pagination-enabled='0'><h1 class=\"collection-title\">Foire aux questions : DELTA E<\/h1><form class=\"search\" onSubmit=\"return false;\"><div class=\"search__wrapper\"><input type=\"text\" class=\"search__input\" placeholder=\"Rechercher dans la FAQ\"><span class=\"search__icon\"><svg class=\"svg-icon--search\" role=\"img\" xmlns=\"http:\/\/www.w3.org\/2000\/svg\" viewBox=\"0 0 22 22\">\n                        <g fill=\"none\" stroke=\"#0066bf\">\n                            <path stroke-linecap=\"square\" stroke-width=\"2\" d=\"M18.5 18.3l-5.4-5.4\"\/>\n                            <circle cx=\"8\" cy=\"8\" r=\"7\" stroke-width=\"2\"\/>\n                        <\/g>\n                    <\/svg><\/span><\/div><div class=\"search__message\"><\/div><\/form><article class=\"accordion \"><div class='helpie-faq-row'><div class='helpie-faq-col helpie-faq-col-12' ><ul><li class=\"accordion__item \"><div class=\"accordion__header  custom-icon\" data-id=\"post-10810\" data-item=\"quelle-est-la-date-limite-de-bascule-des-operateurs-pour-delta-i-e-a-lexportation\" style=\"background:#ffffff;\" data-tags=\"\"><div class=\"accordion__title\"><span class=\"accordion__title-icon \"><i class=\"faq-title-icon fas fa-arrow-circle-right\"><\/i><\/span>Quelle est la date limite de bascule des op\u00e9rateurs pour DELTA I\/E \u00e0 l'exportation ?<\/div><span class=\"accordion__toggle \"><span class=\"accordion__toggle--open\"><i class=\"accordion__toggle-icons fas fa-angle vers le bas\"><\/i><\/span><span class=\"accordion__toggle--close\"><i class=\"accordion__toggle-icons fa fa-plus\"><\/i><\/span><\/span><\/div><div class=\"accordion__body\" style=\"background:#ffffff;\"><p style=\"padding-left: 40px\">La date limite de la bascule export est le 14 d\u00e9cembre 2025.<\/p>\n<\/div><\/li><li class=\"accordion__item \"><div class=\"accordion__header  custom-icon\" data-id=\"post-10838\" data-item=\"quand-peut-on-basculer-de-delta-g-x-vers-delta-e-export\" style=\"background:#ffffff;\" data-tags=\"\"><div class=\"accordion__title\"><span class=\"accordion__title-icon \"><i class=\"faq-title-icon fas fa-arrow-circle-right\"><\/i><\/span>Quand peut-on basculer de DELTA G vers DELTA E Export ?<\/div><span class=\"accordion__toggle \"><span class=\"accordion__toggle--open\"><i class=\"accordion__toggle-icons fas fa-angle vers le bas\"><\/i><\/span><span class=\"accordion__toggle--close\"><i class=\"accordion__toggle-icons fa fa-plus\"><\/i><\/span><\/span><\/div><div class=\"accordion__body\" style=\"background:#ffffff;\"><p style=\"padding-left: 40px\">La mise en service de DELTA E Export a \u00e9t\u00e9 r\u00e9alis\u00e9 le 4 novembre 2025.<\/p>\n<p style=\"padding-left: 40px\">A partir de cette date, les op\u00e9rateurs ont jusqu&rsquo;au 14 d\u00e9cembre 2025 pour basculer de DELTA G vers DELTA E.<\/p>\n<\/div><\/li><li class=\"accordion__item \"><div class=\"accordion__header  custom-icon\" data-id=\"post-10840\" data-item=\"une-cohabitation-entre-les-deux-systemes-delta-g-x-ecs-et-delta-e-volet-export-sds-existera-t-elle\" style=\"background:#ffffff;\" data-tags=\"\"><div class=\"accordion__title\"><span class=\"accordion__title-icon \"><i class=\"faq-title-icon fas fa-arrow-circle-right\"><\/i><\/span>Une cohabitation entre les deux syst\u00e8mes DELTA G-X \/ ECS et Delta E volet Export \/ SDS existera t-elle ?<\/div><span class=\"accordion__toggle \"><span class=\"accordion__toggle--open\"><i class=\"accordion__toggle-icons fas fa-angle vers le bas\"><\/i><\/span><span class=\"accordion__toggle--close\"><i class=\"accordion__toggle-icons fa fa-plus\"><\/i><\/span><\/span><\/div><div class=\"accordion__body\" style=\"background:#ffffff;\"><p style=\"padding-left: 40px\">Oui, Delta G\/X export \/ ECS et Delta IE volet Export \/ SDS coexistent durant la p\u00e9riode de transition allant du 4 novembre au 14 d\u00e9cembre 2025.<\/p>\n<\/div><\/li><li class=\"accordion__item \"><div class=\"accordion__header  custom-icon\" data-id=\"post-10841\" data-item=\"que-signifie-sds\" style=\"background:#ffffff;\" data-tags=\"\"><div class=\"accordion__title\"><span class=\"accordion__title-icon \"><i class=\"faq-title-icon fas fa-arrow-circle-right\"><\/i><\/span>Que signifie SDS ?<\/div><span class=\"accordion__toggle \"><span class=\"accordion__toggle--open\"><i class=\"accordion__toggle-icons fas fa-angle vers le bas\"><\/i><\/span><span class=\"accordion__toggle--close\"><i class=\"accordion__toggle-icons fa fa-plus\"><\/i><\/span><\/span><\/div><div class=\"accordion__body\" style=\"background:#ffffff;\"><p style=\"padding-left: 40px\">SDS (Suivi de la Sortie) est le nouveau syst\u00e8me qui va remplacer ECS (Export Control System), le syst\u00e8me de contr\u00f4le des exportations.<\/p>\n<p style=\"padding-left: 40px\">DELTA IE et SDS sont les 2 composantes fran\u00e7aises du syst\u00e8me AES = Automated Export System :\u00a0Syst\u00e8me\u00a0europ\u00e9en\u00a0automatis\u00e9\u00a0utilis\u00e9\u00a0pour\u00a0g\u00e9rer\u00a0 les d\u00e9clarations\u00a0d\u2019exportation\u00a0\/\u00a0r\u00e9exportation\u00a0et certifier la sortie des\u00a0marchandises\u00a0entre les\u00a0Etats\u00a0Membres.<\/p>\n<\/div><\/li><li class=\"accordion__item \"><div class=\"accordion__header  custom-icon\" data-id=\"post-11065\" data-item=\"que-signifie-le-message-ie599-certification-de-lexportation\" style=\"background:#ffffff;\" data-tags=\"\"><div class=\"accordion__title\"><span class=\"accordion__title-icon \"><i class=\"faq-title-icon fas fa-arrow-circle-right\"><\/i><\/span>Que signifie le message IE599 certification de l'exportation ?<\/div><span class=\"accordion__toggle \"><span class=\"accordion__toggle--open\"><i class=\"accordion__toggle-icons fas fa-angle vers le bas\"><\/i><\/span><span class=\"accordion__toggle--close\"><i class=\"accordion__toggle-icons fa fa-plus\"><\/i><\/span><\/span><\/div><div class=\"accordion__body\" style=\"background:#ffffff;\"><p style=\"padding-left: 40px\">Le message <strong>IE599 <\/strong>signifie que la marchandise est bien sortie du TDU &#8211; Territoire de l&rsquo;union.<\/p>\n<p style=\"padding-left: 40px\">C\u2019est ce que l\u2019on appelle la <strong>Certification de l\u2019exportation<\/strong>.<\/p>\n<\/div><\/li><li class=\"accordion__item \"><div class=\"accordion__header  custom-icon\" data-id=\"post-11068\" data-item=\"que-signifie-le-message-ie582-aucune-information-de-sortie-recue-veuillez-fournir-une-preuve-alternative\" style=\"background:#ffffff;\" data-tags=\"\"><div class=\"accordion__title\"><span class=\"accordion__title-icon \"><i class=\"faq-title-icon fas fa-arrow-circle-right\"><\/i><\/span>Que signifie le message IE582 'Aucune information de sortie re\u00e7ue, veuillez fournir une preuve alternative\" ?<\/div><span class=\"accordion__toggle \"><span class=\"accordion__toggle--open\"><i class=\"accordion__toggle-icons fas fa-angle vers le bas\"><\/i><\/span><span class=\"accordion__toggle--close\"><i class=\"accordion__toggle-icons fa fa-plus\"><\/i><\/span><\/span><\/div><div class=\"accordion__body\" style=\"background:#ffffff;\"><p style=\"padding-left: 40px\">Le message <strong>IE582 <\/strong>est un message d&rsquo;alerte envoy\u00e9 par la douane signifiant que la douane du bureau d\u2019exportation n\u2019a pas re\u00e7u de confirmation de sortie du bureau de sortie.<\/p>\n<p style=\"padding-left: 40px\">L\u2019op\u00e9rateur, exportateur ou son repr\u00e9sentant doit donc fournir \u00e0 la douane fran\u00e7aise la preuve que la marchandise export\u00e9e est bien sortie du territoire douanier de l\u2019UE.<\/p>\n<\/div><\/li><li class=\"accordion__item \"><div class=\"accordion__header  custom-icon\" data-id=\"post-11074\" data-item=\"sds-quelles-sont-les-differentes-preuves-alternatives-pouvant-etre-demandees-par-la-douane\" style=\"background:#ffffff;\" data-tags=\"\"><div class=\"accordion__title\"><span class=\"accordion__title-icon \"><i class=\"faq-title-icon fas fa-arrow-circle-right\"><\/i><\/span>SDS - Quelles sont les diff\u00e9rentes preuves alternatives pouvant \u00eatre demand\u00e9es par la douane?<\/div><span class=\"accordion__toggle \"><span class=\"accordion__toggle--open\"><i class=\"accordion__toggle-icons fas fa-angle vers le bas\"><\/i><\/span><span class=\"accordion__toggle--close\"><i class=\"accordion__toggle-icons fa fa-plus\"><\/i><\/span><\/span><\/div><div class=\"accordion__body\" style=\"background:#ffffff;\"><p style=\"padding-left: 40px\">Le<strong><span style=\"color: #333333\"> <a style=\"color: #333333\" href=\"https:\/\/eur-lex.europa.eu\/legal-content\/FR\/TXT\/PDF\/?uri=CELEX:02015R2447-20250519&amp;qid=1760342534646\" target=\"_blank\" rel=\"noopener\">r\u00e8glement d\u2019ex\u00e9cution (UE) n\u00b02015\/447 et notamment l\u2019article 335<\/a> p<\/span><\/strong>r\u00e9voit ces cat\u00e9gories de preuves alternatives accept\u00e9es en cas d\u2019absence d\u2019un statut de sortie \u00e9lectronique :<br \/>\n&#8211; une copie du bon de livraison sign\u00e9 ou authentifi\u00e9 par le destinataire situ\u00e9 hors du territoire douanier de l\u2019Union ;<\/p>\n<p style=\"padding-left: 40px\">&#8211; la preuve du paiement ;<\/p>\n<p style=\"padding-left: 40px\">&#8211; la facture ;<\/p>\n<p style=\"padding-left: 40px\">&#8211; le bon de livraison ;<\/p>\n<p style=\"padding-left: 40px\">&#8211; un document sign\u00e9 ou authentifi\u00e9 par l\u2019op\u00e9rateur \u00e9conomique qui a sorti les marchandises du territoire douanier de l\u2019Union ;<\/p>\n<p style=\"padding-left: 40px\">&#8211; un document trait\u00e9 par l\u2019autorit\u00e9 douani\u00e8re d\u2019un \u00c9tat membre ou d\u2019un pays tiers conform\u00e9ment aux r\u00e8gles de proc\u00e9dures en vigueur dans cet \u00c9tat ou dans ce pays ;<\/p>\n<p style=\"padding-left: 40px\">&#8211; les \u00e9critures des op\u00e9rateurs \u00e9conomiques concernant les marchandises fournies aux navires, aux a\u00e9ronefs ou aux installations en mer.<\/p>\n<\/div><\/li><li class=\"accordion__item \"><div class=\"accordion__header  custom-icon\" data-id=\"post-11076\" data-item=\"que-dois-je-faire-a-reception-du-message-ie582-de-la-douane\" style=\"background:#ffffff;\" data-tags=\"\"><div class=\"accordion__title\"><span class=\"accordion__title-icon \"><i class=\"faq-title-icon fas fa-arrow-circle-right\"><\/i><\/span>Que dois-je faire \u00e0 r\u00e9ception du message IE582 de la douane ?<\/div><span class=\"accordion__toggle \"><span class=\"accordion__toggle--open\"><i class=\"accordion__toggle-icons fas fa-angle vers le bas\"><\/i><\/span><span class=\"accordion__toggle--close\"><i class=\"accordion__toggle-icons fa fa-plus\"><\/i><\/span><\/span><\/div><div class=\"accordion__body\" style=\"background:#ffffff;\"><p style=\"padding-left: 40px\">A r\u00e9ception du message IE582, l\u2019op\u00e9rateur, l\u2019exportateur ou son repr\u00e9sentant dispose d\u2019un d\u00e9lai de 60 jours pour envoyer le message\u00a0<strong>IE583 <\/strong>au travers sa d\u00e9claration.<\/p>\n<p style=\"padding-left: 40px\">Ce message permet d\u2019indiquer au bureau d\u2019exportation de quelles preuves alternatives l\u2019op\u00e9rateur dispose et permet de r\u00e9gulariser ainsi la situation fiscale de l\u2019exportation.<\/p>\n<p style=\"padding-left: 40px\">Le bureau d\u2019exportation peut alors cl\u00f4turer l\u2019exportation manuellement et g\u00e9n\u00e9rer un message &lsquo;<strong>IE599 de sortie valid\u00e9e sur base de preuve alternative&rsquo;.<\/strong><\/p>\n<\/div><\/li><\/ul><\/div><\/div><\/article><\/section>\n<\/div>\n<\/div><\/div><\/div><div id=\"pgc-10812-0-1\"  class=\"panel-grid-cell\" ><div id=\"panel-10812-0-1-0\" class=\"so-panel widget widget_sow-editor panel-first-child panel-last-child\" data-index=\"1\" ><div\n\t\t\t\n\t\t\tclass=\"so-widget-sow-editor so-widget-sow-editor-base\"\n\t\t\t\n\t\t>\n<div class=\"siteorigin-widget-tinymce textwidget\">\n\t<h4 style=\"text-align: left;\"><strong><span style=\"color: #3d83d9;\">FOIRE AUX QUESTIONS<\/span><\/strong><\/h4>\n<hr \/>\n<h4><a href=\"https:\/\/www.conex.net\/fr\/faq-delta-i\/\"><span style=\"color: #d10000;\">\u21d2\u00a0<\/span><span style=\"color: #333333;\">DELTA<strong> IMPORT<\/strong><\/span><\/a><\/h4>\n<h4><span style=\"color: #d10000;\">\u21d2\u00a0<\/span><span style=\"color: #333333;\"><a style=\"color: #333333;\" href=\"https:\/\/www.conex.net\/fr\/faq-delta-import-export\/\">DELTA<strong> IMPORT - EXPORT<\/strong> <\/a><\/span><\/h4>\n<hr \/>\n<p>&nbsp;<\/p>\n<p><a href=\"https:\/\/www.conex.net\/fr\/delta-ie-declarations-douanieres-h1-b1\/\"><img loading=\"lazy\" decoding=\"async\" class=\" wp-image-10555 alignleft\" src=\"https:\/\/www.conex.net\/fr\/wp-content\/uploads\/sites\/2\/2025\/01\/DELTA-I-en-savoir-plus.png\" alt=\"DELTA-I-en savoir plus\" width=\"218\" height=\"167\" \/><\/a><\/p>\n<p>&nbsp;<\/p>\n<p>&nbsp;<\/p>\n<p>&nbsp;<\/p>\n<p>&nbsp;<\/p>\n<p>&nbsp;<\/p>\n<p><a href=\"https:\/\/www.conex.net\/fr\/douane-logiciel\/\"><img loading=\"lazy\" decoding=\"async\" class=\" wp-image-9403 alignnone\" src=\"https:\/\/www.conex.net\/fr\/wp-content\/uploads\/sites\/2\/2023\/03\/PUB-customsViaconex.jpg\" alt=\"DOUANE CUSTOMS via conex\" width=\"222\" height=\"169\" \/><\/a><\/p>\n<\/div>\n<\/div><\/div><\/div><\/div><\/div>","protected":false},"excerpt":{"rendered":"<p>FOIRE AUX QUESTIONS \u21d2\u00a0DELTA IMPORT \u21d2\u00a0DELTA IMPORT &#8211; EXPORT &nbsp; &nbsp; &nbsp; &nbsp; &nbsp; &nbsp;<\/p>\n","protected":false},"author":1,"featured_media":0,"parent":0,"menu_order":0,"comment_status":"closed","ping_status":"closed","template":"","meta":{"footnotes":""},"class_list":["post-10812","page","type-page","status-publish","hentry"],"yoast_head":"<!-- This site is optimized with the Yoast SEO plugin v27.4 - https:\/\/yoast.com\/product\/yoast-seo-wordpress\/ -->\n<title>FAQ DELTA E - Conex France<\/title>\n<meta name=\"robots\" content=\"index, follow, max-snippet:-1, max-image-preview:large, max-video-preview:-1\" \/>\n<link rel=\"canonical\" href=\"https:\/\/www.conex.net\/fr\/faq-delta-e\/\" \/>\n<meta property=\"og:locale\" content=\"fr_FR\" \/>\n<meta property=\"og:type\" content=\"article\" \/>\n<meta property=\"og:title\" content=\"FAQ DELTA E - Conex France\" \/>\n<meta property=\"og:description\" content=\"FOIRE AUX QUESTIONS \u21d2\u00a0DELTA IMPORT \u21d2\u00a0DELTA IMPORT - EXPORT &nbsp; &nbsp; &nbsp; &nbsp; &nbsp; &nbsp;\" \/>\n<meta property=\"og:url\" content=\"https:\/\/www.conex.net\/fr\/faq-delta-e\/\" \/>\n<meta property=\"og:site_name\" content=\"Conex France\" \/>\n<meta property=\"article:modified_time\" content=\"2025-06-16T09:51:20+00:00\" \/>\n<meta property=\"og:image\" content=\"https:\/\/www.conex.net\/fr\/wp-content\/uploads\/sites\/2\/2025\/01\/DELTA-I-en-savoir-plus.png\" \/>\n\t<meta property=\"og:image:width\" content=\"293\" \/>\n\t<meta property=\"og:image:height\" content=\"224\" \/>\n\t<meta property=\"og:image:type\" content=\"image\/png\" \/>\n<meta name=\"twitter:card\" content=\"summary_large_image\" \/>\n<meta name=\"twitter:label1\" content=\"Dur\u00e9e de lecture estim\u00e9e\" \/>\n\t<meta name=\"twitter:data1\" content=\"1 minute\" \/>\n<script type=\"application\/ld+json\" class=\"yoast-schema-graph\">{\"@context\":\"https:\\\/\\\/schema.org\",\"@graph\":[{\"@type\":\"WebPage\",\"@id\":\"https:\\\/\\\/www.conex.net\\\/fr\\\/faq-delta-e\\\/\",\"url\":\"https:\\\/\\\/www.conex.net\\\/fr\\\/faq-delta-e\\\/\",\"name\":\"FAQ DELTA E - Conex France\",\"isPartOf\":{\"@id\":\"https:\\\/\\\/www.conex.net\\\/fr\\\/#website\"},\"primaryImageOfPage\":{\"@id\":\"https:\\\/\\\/www.conex.net\\\/fr\\\/faq-delta-e\\\/#primaryimage\"},\"image\":{\"@id\":\"https:\\\/\\\/www.conex.net\\\/fr\\\/faq-delta-e\\\/#primaryimage\"},\"thumbnailUrl\":\"https:\\\/\\\/www.conex.net\\\/fr\\\/wp-content\\\/uploads\\\/sites\\\/2\\\/2025\\\/01\\\/DELTA-I-en-savoir-plus.png\",\"datePublished\":\"2025-06-16T09:42:29+00:00\",\"dateModified\":\"2025-06-16T09:51:20+00:00\",\"breadcrumb\":{\"@id\":\"https:\\\/\\\/www.conex.net\\\/fr\\\/faq-delta-e\\\/#breadcrumb\"},\"inLanguage\":\"fr-FR\",\"potentialAction\":[{\"@type\":\"ReadAction\",\"target\":[\"https:\\\/\\\/www.conex.net\\\/fr\\\/faq-delta-e\\\/\"]}]},{\"@type\":\"ImageObject\",\"inLanguage\":\"fr-FR\",\"@id\":\"https:\\\/\\\/www.conex.net\\\/fr\\\/faq-delta-e\\\/#primaryimage\",\"url\":\"https:\\\/\\\/www.conex.net\\\/fr\\\/wp-content\\\/uploads\\\/sites\\\/2\\\/2025\\\/01\\\/DELTA-I-en-savoir-plus.png\",\"contentUrl\":\"https:\\\/\\\/www.conex.net\\\/fr\\\/wp-content\\\/uploads\\\/sites\\\/2\\\/2025\\\/01\\\/DELTA-I-en-savoir-plus.png\",\"width\":293,\"height\":224,\"caption\":\"DELTA-I-en savoir plus\"},{\"@type\":\"BreadcrumbList\",\"@id\":\"https:\\\/\\\/www.conex.net\\\/fr\\\/faq-delta-e\\\/#breadcrumb\",\"itemListElement\":[{\"@type\":\"ListItem\",\"position\":1,\"name\":\"Accueil\",\"item\":\"https:\\\/\\\/www.conex.net\\\/fr\\\/\"},{\"@type\":\"ListItem\",\"position\":2,\"name\":\"FAQ DELTA E\"}]},{\"@type\":\"WebSite\",\"@id\":\"https:\\\/\\\/www.conex.net\\\/fr\\\/#website\",\"url\":\"https:\\\/\\\/www.conex.net\\\/fr\\\/\",\"name\":\"Conex France\",\"description\":\"Your customs partner - CONEX FRANCE\",\"publisher\":{\"@id\":\"https:\\\/\\\/www.conex.net\\\/fr\\\/#organization\"},\"potentialAction\":[{\"@type\":\"SearchAction\",\"target\":{\"@type\":\"EntryPoint\",\"urlTemplate\":\"https:\\\/\\\/www.conex.net\\\/fr\\\/?s={search_term_string}\"},\"query-input\":{\"@type\":\"PropertyValueSpecification\",\"valueRequired\":true,\"valueName\":\"search_term_string\"}}],\"inLanguage\":\"fr-FR\"},{\"@type\":\"Organization\",\"@id\":\"https:\\\/\\\/www.conex.net\\\/fr\\\/#organization\",\"name\":\"CONEX SAS\",\"url\":\"https:\\\/\\\/www.conex.net\\\/fr\\\/\",\"logo\":{\"@type\":\"ImageObject\",\"inLanguage\":\"fr-FR\",\"@id\":\"https:\\\/\\\/www.conex.net\\\/fr\\\/#\\\/schema\\\/logo\\\/image\\\/\",\"url\":\"https:\\\/\\\/www.conex.net\\\/fr\\\/wp-content\\\/uploads\\\/sites\\\/2\\\/2018\\\/10\\\/logo-conex.png\",\"contentUrl\":\"https:\\\/\\\/www.conex.net\\\/fr\\\/wp-content\\\/uploads\\\/sites\\\/2\\\/2018\\\/10\\\/logo-conex.png\",\"width\":138,\"height\":49,\"caption\":\"CONEX SAS\"},\"image\":{\"@id\":\"https:\\\/\\\/www.conex.net\\\/fr\\\/#\\\/schema\\\/logo\\\/image\\\/\"}}]}<\/script>\n<!-- \/ Yoast SEO plugin. -->","yoast_head_json":{"title":"FAQ DELTA E - Conex France","robots":{"index":"index","follow":"follow","max-snippet":"max-snippet:-1","max-image-preview":"max-image-preview:large","max-video-preview":"max-video-preview:-1"},"canonical":"https:\/\/www.conex.net\/fr\/faq-delta-e\/","og_locale":"fr_FR","og_type":"article","og_title":"FAQ DELTA E - Conex France","og_description":"FOIRE AUX QUESTIONS \u21d2\u00a0DELTA IMPORT \u21d2\u00a0DELTA IMPORT - EXPORT &nbsp; &nbsp; &nbsp; &nbsp; &nbsp; &nbsp;","og_url":"https:\/\/www.conex.net\/fr\/faq-delta-e\/","og_site_name":"Conex France","article_modified_time":"2025-06-16T09:51:20+00:00","og_image":[{"width":293,"height":224,"url":"https:\/\/www.conex.net\/fr\/wp-content\/uploads\/sites\/2\/2025\/01\/DELTA-I-en-savoir-plus.png","type":"image\/png"}],"twitter_card":"summary_large_image","twitter_misc":{"Dur\u00e9e de lecture estim\u00e9e":"1 minute"},"schema":{"@context":"https:\/\/schema.org","@graph":[{"@type":"WebPage","@id":"https:\/\/www.conex.net\/fr\/faq-delta-e\/","url":"https:\/\/www.conex.net\/fr\/faq-delta-e\/","name":"FAQ DELTA E - Conex France","isPartOf":{"@id":"https:\/\/www.conex.net\/fr\/#website"},"primaryImageOfPage":{"@id":"https:\/\/www.conex.net\/fr\/faq-delta-e\/#primaryimage"},"image":{"@id":"https:\/\/www.conex.net\/fr\/faq-delta-e\/#primaryimage"},"thumbnailUrl":"https:\/\/www.conex.net\/fr\/wp-content\/uploads\/sites\/2\/2025\/01\/DELTA-I-en-savoir-plus.png","datePublished":"2025-06-16T09:42:29+00:00","dateModified":"2025-06-16T09:51:20+00:00","breadcrumb":{"@id":"https:\/\/www.conex.net\/fr\/faq-delta-e\/#breadcrumb"},"inLanguage":"fr-FR","potentialAction":[{"@type":"ReadAction","target":["https:\/\/www.conex.net\/fr\/faq-delta-e\/"]}]},{"@type":"ImageObject","inLanguage":"fr-FR","@id":"https:\/\/www.conex.net\/fr\/faq-delta-e\/#primaryimage","url":"https:\/\/www.conex.net\/fr\/wp-content\/uploads\/sites\/2\/2025\/01\/DELTA-I-en-savoir-plus.png","contentUrl":"https:\/\/www.conex.net\/fr\/wp-content\/uploads\/sites\/2\/2025\/01\/DELTA-I-en-savoir-plus.png","width":293,"height":224,"caption":"DELTA-I-en savoir plus"},{"@type":"BreadcrumbList","@id":"https:\/\/www.conex.net\/fr\/faq-delta-e\/#breadcrumb","itemListElement":[{"@type":"ListItem","position":1,"name":"Accueil","item":"https:\/\/www.conex.net\/fr\/"},{"@type":"ListItem","position":2,"name":"FAQ DELTA E"}]},{"@type":"WebSite","@id":"https:\/\/www.conex.net\/fr\/#website","url":"https:\/\/www.conex.net\/fr\/","name":"Conex France","description":"Your customs partner - CONEX FRANCE","publisher":{"@id":"https:\/\/www.conex.net\/fr\/#organization"},"potentialAction":[{"@type":"SearchAction","target":{"@type":"EntryPoint","urlTemplate":"https:\/\/www.conex.net\/fr\/?s={search_term_string}"},"query-input":{"@type":"PropertyValueSpecification","valueRequired":true,"valueName":"search_term_string"}}],"inLanguage":"fr-FR"},{"@type":"Organization","@id":"https:\/\/www.conex.net\/fr\/#organization","name":"CONEX SAS","url":"https:\/\/www.conex.net\/fr\/","logo":{"@type":"ImageObject","inLanguage":"fr-FR","@id":"https:\/\/www.conex.net\/fr\/#\/schema\/logo\/image\/","url":"https:\/\/www.conex.net\/fr\/wp-content\/uploads\/sites\/2\/2018\/10\/logo-conex.png","contentUrl":"https:\/\/www.conex.net\/fr\/wp-content\/uploads\/sites\/2\/2018\/10\/logo-conex.png","width":138,"height":49,"caption":"CONEX SAS"},"image":{"@id":"https:\/\/www.conex.net\/fr\/#\/schema\/logo\/image\/"}}]}},"_links":{"self":[{"href":"https:\/\/www.conex.net\/fr\/wp-json\/wp\/v2\/pages\/10812","targetHints":{"allow":["GET"]}}],"collection":[{"href":"https:\/\/www.conex.net\/fr\/wp-json\/wp\/v2\/pages"}],"about":[{"href":"https:\/\/www.conex.net\/fr\/wp-json\/wp\/v2\/types\/page"}],"author":[{"embeddable":true,"href":"https:\/\/www.conex.net\/fr\/wp-json\/wp\/v2\/users\/1"}],"replies":[{"embeddable":true,"href":"https:\/\/www.conex.net\/fr\/wp-json\/wp\/v2\/comments?post=10812"}],"version-history":[{"count":4,"href":"https:\/\/www.conex.net\/fr\/wp-json\/wp\/v2\/pages\/10812\/revisions"}],"predecessor-version":[{"id":10819,"href":"https:\/\/www.conex.net\/fr\/wp-json\/wp\/v2\/pages\/10812\/revisions\/10819"}],"wp:attachment":[{"href":"https:\/\/www.conex.net\/fr\/wp-json\/wp\/v2\/media?parent=10812"}],"curies":[{"name":"wp","href":"https:\/\/api.w.org\/{rel}","templated":true}]}}