{"id":2113,"date":"2019-08-09T12:21:24","date_gmt":"2019-08-09T10:21:24","guid":{"rendered":"https:\/\/www.conex.net\/fr\/?page_id=2113"},"modified":"2020-01-23T12:21:43","modified_gmt":"2020-01-23T11:21:43","slug":"tarif-douanier","status":"publish","type":"page","link":"https:\/\/www.conex.net\/fr\/tarif-douanier\/","title":{"rendered":"Tarif Douanier"},"content":{"rendered":"<div id=\"pl-2113\"  class=\"panel-layout\" ><div id=\"pg-2113-0\"  class=\"panel-grid panel-no-style\" ><div id=\"pgc-2113-0-0\"  class=\"panel-grid-cell\" ><div id=\"panel-2113-0-0-0\" class=\"so-panel widget widget_sow-editor panel-first-child panel-last-child\" data-index=\"0\" ><div\n\t\t\t\n\t\t\tclass=\"so-widget-sow-editor so-widget-sow-editor-base\"\n\t\t\t\n\t\t>\n<div class=\"siteorigin-widget-tinymce textwidget\">\n\t<h3><strong>Nomenclatures Douani\u00e8res<\/strong><\/h3>\n<ul>\n<li><a href=\"http:\/\/www.tarif-douanier.com\/nomenclatures-douanieres\/tarif_douanier_sct1.html\" target=\"_blank\" rel=\"noopener\"><span style=\"color: #b30000;\"><strong>Section I<\/strong><\/span> (Chap. 01 \u00e0 05) Animaux vivants et produits du r\u00e8gne animal.<\/a><\/li>\n<li><a href=\"http:\/\/www.tarif-douanier.com\/nomenclatures-douanieres\/tarif_douanier_sct2.html\" target=\"_blank\" rel=\"noopener\"><span style=\"color: #b30000;\"><strong>Section II<\/strong><\/span> (Chap. 06 \u00e0 14) Produits du r\u00e8gne v\u00e9g\u00e9tal.<\/a><\/li>\n<li><a href=\"http:\/\/www.tarif-douanier.com\/nomenclatures-douanieres\/tarif_douanier_sct3.html\" target=\"_blank\" rel=\"noopener\"><span style=\"color: #b30000;\"><strong>Section III<\/strong> <\/span>(Chap. 15 \u00e0 15) Graisses et huiles animales ou v\u00e9g\u00e9tales; produits de leur dissociation; graisses alimentaires \u00e9labor\u00e9es; cires d'origine animale ou v\u00e9g\u00e9tal.<\/a><\/li>\n<li><a href=\"http:\/\/www.tarif-douanier.com\/nomenclatures-douanieres\/tarif_douanier_sct4.html\" target=\"_blank\" rel=\"noopener\"><strong><span style=\"color: #b30000;\">Section IV<\/span> <\/strong>(Chap. 16 \u00e0 24) Produits des industries alimentaires; boissons, liquides alcooliques et vinaigres; tabacs, et succ\u00e9dan\u00e9s de tabac fabriqu\u00e9s.<\/a><\/li>\n<li><a href=\"http:\/\/www.tarif-douanier.com\/nomenclatures-douanieres\/tarif_douanier_sct5.html\" target=\"_blank\" rel=\"noopener\"><strong><span style=\"color: #b30000;\">Section V<\/span><\/strong> (Chap. 25 \u00e0 27) Produits min\u00e9raux.<\/a><\/li>\n<li><a href=\"http:\/\/www.tarif-douanier.com\/nomenclatures-douanieres\/tarif_douanier_sct6.html\" target=\"_blank\" rel=\"noopener\"><span style=\"color: #b30000;\"><strong>Section VI<\/strong> <\/span>(Chap. 28 \u00e0 38) Produits des industries chimiques et des industries connexes.<\/a><\/li>\n<li><a href=\"http:\/\/www.tarif-douanier.com\/nomenclatures-douanieres\/tarif_douanier_sct7.html\" target=\"_blank\" rel=\"noopener\"><strong><span style=\"color: #b30000;\">Section VII<\/span> <\/strong>(Chap. 39 \u00e0 40) Mati\u00e8res plastiques et ouvrages en ces mati\u00e8res; caoutchouc et ouvrages en caoutchouc.<\/a><\/li>\n<li><a href=\"http:\/\/www.tarif-douanier.com\/nomenclatures-douanieres\/tarif_douanier_sct8.html\" target=\"_blank\" rel=\"noopener\"><strong><span style=\"color: #b30000;\">Section VIII<\/span><\/strong> (Chap. 41 \u00e0 43) Peaux, cuirs, pelleteries et ouvrages en ces mati\u00e8res; articles de bourrellerie ou de sellerie; articles de voyage; sacs \u00e0 main et contenants similaires; ouvrages en boyaux.<\/a><\/li>\n<li><a href=\"http:\/\/www.tarif-douanier.com\/nomenclatures-douanieres\/tarif_douanier_sct9.html\" target=\"_blank\" rel=\"noopener\"><strong><span style=\"color: #b30000;\">Section IX\u00a0<\/span><\/strong> (Chap. 44 \u00e0 46) Bois, charbon de bois et ouvrages en bois; li\u00e8ge et ouvrages en li\u00e8ge; ouvrage de sparterie ou de vannerie.<\/a><\/li>\n<li><a href=\"http:\/\/www.tarif-douanier.com\/nomenclatures-douanieres\/tarif_douanier_sct10.html\" target=\"_blank\" rel=\"noopener\"><strong><span style=\"color: #b30000;\">Section X<\/span> <\/strong>(Chap. 47 \u00e0 49) P\u00e2tes de bois ou d'autres mati\u00e8res fibreuses cellulosiques; d\u00e9chets et rebuts de papier ou de carton; papier et ses applications.<\/a><\/li>\n<li><a href=\"http:\/\/www.tarif-douanier.com\/nomenclatures-douanieres\/tarif_douanier_sct11.html\" target=\"_blank\" rel=\"noopener\"><strong><span style=\"color: #b30000;\">Section XI<\/span> <\/strong>(Chap. 50 \u00e0 63) Mati\u00e8res textiles et ouvrages en ces mati\u00e8res.<\/a><\/li>\n<li><a href=\"http:\/\/www.tarif-douanier.com\/nomenclatures-douanieres\/tarif_douanier_sct12.html\" target=\"_blank\" rel=\"noopener\"><strong><span style=\"color: #b30000;\">Section XII<\/span><\/strong> (Chap. 64 \u00e0 67) Chaussures; coiffures, parapluies, parasols; cannes, fouets, cravaches et leurs parties; plumes appr\u00eat\u00e9es et articles en plumes; fleurs artificielles; ouvrages en cheveux.<\/a><\/li>\n<li><a href=\"http:\/\/www.tarif-douanier.com\/nomenclatures-douanieres\/tarif_douanier_sct13.html\" target=\"_blank\" rel=\"noopener\"><strong><span style=\"color: #b30000;\">Section XIII<\/span><\/strong> (Chap. 68 \u00e0 70) Ouvrages en pierre, pl\u00e2tre, ciment, amiante, mica ou mati\u00e8res analogues; produits c\u00e9ramiques; verre et ouvrages en verre<\/a><\/li>\n<li><a href=\"http:\/\/www.tarif-douanier.com\/nomenclatures-douanieres\/tarif_douanier_sct14.html\" target=\"_blank\" rel=\"noopener\"><strong><span style=\"color: #b30000;\">Section XIV<\/span><\/strong> (Chap. 71 \u00e0 71) Perles fines ou de culture, pierres gemmes et similaires, m\u00e9taux pr\u00e9cieux, plaqu\u00e9s ou doubl\u00e9s de m\u00e9taux et ouvrages en ces mati\u00e8res; bijouterie de fantaisie; monnaies<\/a><\/li>\n<li><a href=\"http:\/\/www.tarif-douanier.com\/nomenclatures-douanieres\/tarif_douanier_sct15.html\" target=\"_blank\" rel=\"noopener\"><strong><span style=\"color: #b30000;\">Section XV<\/span> <\/strong>(Chap. 72 \u00e0 83) M\u00e9taux communs et ouvrages en ces m\u00e9taux<\/a><\/li>\n<li><a href=\"http:\/\/www.tarif-douanier.com\/nomenclatures-douanieres\/tarif_douanier_sct16.html\" target=\"_blank\" rel=\"noopener\"><strong><span style=\"color: #b30000;\">Section XVI<\/span><\/strong> (Chap. 84 \u00e0 85) Machines et appareils, mat\u00e9riel \u00e9lectrique et leurs parties; appareils d'enregistrement ou de reproduction du son, appareils d'enregistrement ou de reproduction des images et du son en t\u00e9l\u00e9vision et parties et accessoires de ces appareils<\/a><\/li>\n<li><a href=\"http:\/\/www.tarif-douanier.com\/nomenclatures-douanieres\/tarif_douanier_sct17.html\" target=\"_blank\" rel=\"noopener\"><strong><span style=\"color: #b30000;\">Section XVII<\/span> <\/strong>(Chap. 86 \u00e0 89) Mat\u00e9riel de transport<\/a><\/li>\n<li><a href=\"http:\/\/www.tarif-douanier.com\/nomenclatures-douanieres\/tarif_douanier_sct18.html\" target=\"_blank\" rel=\"noopener\"><strong><span style=\"color: #b30000;\">Section XVIII<\/span> <\/strong>(Chap. 90 \u00e0 92) Instruments et appareils d'optiques, de photographie et de cin\u00e9matographie, de mesure, de contr\u00f4le, de pr\u00e9cision; instruments et appareils m\u00e9dico-chirurgicaux; horlogerie; instruments de musique; parties et accessoires de ces instruments ou appareils<\/a><\/li>\n<li><a href=\"http:\/\/www.tarif-douanier.com\/nomenclatures-douanieres\/tarif_douanier_sct19.html\" target=\"_blank\" rel=\"noopener\"><span style=\"color: #b30000;\"><strong>Section XIX<\/strong><\/span> (Chap. 93 \u00e0 93) Armes et munitions et leurs parties et accessoires<\/a><\/li>\n<li><a href=\"http:\/\/www.tarif-douanier.com\/nomenclatures-douanieres\/tarif_douanier_sct20.html\" target=\"_blank\" rel=\"noopener\"><strong><span style=\"color: #b30000;\">Section XX<\/span><\/strong> (Chap. 94 \u00e0 96) Marchandises et produits divers<\/a><\/li>\n<li><a href=\"http:\/\/www.tarif-douanier.com\/nomenclatures-douanieres\/tarif_douanier_sct21.html\" target=\"_blank\" rel=\"noopener\"><strong><span style=\"color: #b30000;\">Section XXI<\/span><\/strong> (Chap. 97 \u00e0 97) Objets d'art, de collection et d'antiquit\u00e9<\/a><\/li>\n<\/ul>\n<\/div>\n<\/div><\/div><\/div><\/div><\/div>","protected":false},"excerpt":{"rendered":"<p>Nomenclatures Douani\u00e8res Section I (Chap. 01 \u00e0 05) Animaux vivants et produits du r\u00e8gne animal. Section II (Chap. 06 \u00e0 14) Produits du r\u00e8gne v\u00e9g\u00e9tal. Section III (Chap. 15 \u00e0 15) Graisses et huiles animales ou v\u00e9g\u00e9tales; produits de leur dissociation; graisses alimentaires \u00e9labor\u00e9es; cires d&rsquo;origine animale ou v\u00e9g\u00e9tal. Section IV (Chap. 16 \u00e0 24) Produits des industries alimentaires; boissons, liquides alcooliques et vinaigres; tabacs, et succ\u00e9dan\u00e9s de tabac fabriqu\u00e9s. Section V (Chap. 25 \u00e0 [&hellip;]<\/p>\n","protected":false},"author":1,"featured_media":3227,"parent":0,"menu_order":0,"comment_status":"closed","ping_status":"closed","template":"","meta":{"footnotes":""},"class_list":["post-2113","page","type-page","status-publish","has-post-thumbnail","hentry"],"yoast_head":"<!-- This site is optimized with the Yoast SEO plugin v27.3 - https:\/\/yoast.com\/product\/yoast-seo-wordpress\/ -->\n<title>Tarif Douanier - Conex France Nomenclatures Douani\u00e8res - logiciel douane<\/title>\n<meta name=\"description\" content=\"Nomenclatures Douani\u00e8res - Tarif douanier - Encyclop\u00e9die Douani\u00e8re via conex, Logiciel douane\" \/>\n<meta name=\"robots\" content=\"index, follow, max-snippet:-1, max-image-preview:large, max-video-preview:-1\" \/>\n<link rel=\"canonical\" href=\"https:\/\/www.conex.net\/fr\/tarif-douanier\/\" \/>\n<meta property=\"og:locale\" content=\"fr_FR\" \/>\n<meta property=\"og:type\" content=\"article\" \/>\n<meta property=\"og:title\" content=\"Tarif Douanier - Conex France Nomenclatures Douani\u00e8res - logiciel douane\" \/>\n<meta property=\"og:description\" content=\"Nomenclatures Douani\u00e8res - Tarif douanier - Encyclop\u00e9die Douani\u00e8re via conex, Logiciel douane\" \/>\n<meta property=\"og:url\" content=\"https:\/\/www.conex.net\/fr\/tarif-douanier\/\" \/>\n<meta property=\"og:site_name\" content=\"Conex France\" \/>\n<meta property=\"article:modified_time\" content=\"2020-01-23T11:21:43+00:00\" \/>\n<meta property=\"og:image\" content=\"https:\/\/www.conex.net\/fr\/wp-content\/uploads\/sites\/2\/2020\/01\/CONEX-yourcustomspartner.jpg\" \/>\n\t<meta property=\"og:image:width\" content=\"233\" \/>\n\t<meta property=\"og:image:height\" content=\"200\" \/>\n\t<meta property=\"og:image:type\" content=\"image\/jpeg\" \/>\n<meta name=\"twitter:card\" content=\"summary_large_image\" \/>\n<meta name=\"twitter:label1\" content=\"Dur\u00e9e de lecture estim\u00e9e\" \/>\n\t<meta name=\"twitter:data1\" content=\"2 minutes\" \/>\n<script type=\"application\/ld+json\" class=\"yoast-schema-graph\">{\"@context\":\"https:\\\/\\\/schema.org\",\"@graph\":[{\"@type\":\"WebPage\",\"@id\":\"https:\\\/\\\/www.conex.net\\\/fr\\\/tarif-douanier\\\/\",\"url\":\"https:\\\/\\\/www.conex.net\\\/fr\\\/tarif-douanier\\\/\",\"name\":\"Tarif Douanier - Conex France Nomenclatures Douani\u00e8res - logiciel douane\",\"isPartOf\":{\"@id\":\"https:\\\/\\\/www.conex.net\\\/fr\\\/#website\"},\"primaryImageOfPage\":{\"@id\":\"https:\\\/\\\/www.conex.net\\\/fr\\\/tarif-douanier\\\/#primaryimage\"},\"image\":{\"@id\":\"https:\\\/\\\/www.conex.net\\\/fr\\\/tarif-douanier\\\/#primaryimage\"},\"thumbnailUrl\":\"https:\\\/\\\/www.conex.net\\\/fr\\\/wp-content\\\/uploads\\\/sites\\\/2\\\/2020\\\/01\\\/CONEX-yourcustomspartner.jpg\",\"datePublished\":\"2019-08-09T10:21:24+00:00\",\"dateModified\":\"2020-01-23T11:21:43+00:00\",\"description\":\"Nomenclatures Douani\u00e8res - Tarif douanier - Encyclop\u00e9die Douani\u00e8re via conex, Logiciel douane\",\"breadcrumb\":{\"@id\":\"https:\\\/\\\/www.conex.net\\\/fr\\\/tarif-douanier\\\/#breadcrumb\"},\"inLanguage\":\"fr-FR\",\"potentialAction\":[{\"@type\":\"ReadAction\",\"target\":[\"https:\\\/\\\/www.conex.net\\\/fr\\\/tarif-douanier\\\/\"]}]},{\"@type\":\"ImageObject\",\"inLanguage\":\"fr-FR\",\"@id\":\"https:\\\/\\\/www.conex.net\\\/fr\\\/tarif-douanier\\\/#primaryimage\",\"url\":\"https:\\\/\\\/www.conex.net\\\/fr\\\/wp-content\\\/uploads\\\/sites\\\/2\\\/2020\\\/01\\\/CONEX-yourcustomspartner.jpg\",\"contentUrl\":\"https:\\\/\\\/www.conex.net\\\/fr\\\/wp-content\\\/uploads\\\/sites\\\/2\\\/2020\\\/01\\\/CONEX-yourcustomspartner.jpg\",\"width\":233,\"height\":200,\"caption\":\"Logiciels douane CONEX\"},{\"@type\":\"BreadcrumbList\",\"@id\":\"https:\\\/\\\/www.conex.net\\\/fr\\\/tarif-douanier\\\/#breadcrumb\",\"itemListElement\":[{\"@type\":\"ListItem\",\"position\":1,\"name\":\"Accueil\",\"item\":\"https:\\\/\\\/www.conex.net\\\/fr\\\/\"},{\"@type\":\"ListItem\",\"position\":2,\"name\":\"Tarif Douanier\"}]},{\"@type\":\"WebSite\",\"@id\":\"https:\\\/\\\/www.conex.net\\\/fr\\\/#website\",\"url\":\"https:\\\/\\\/www.conex.net\\\/fr\\\/\",\"name\":\"Conex France\",\"description\":\"Your customs partner - CONEX FRANCE\",\"publisher\":{\"@id\":\"https:\\\/\\\/www.conex.net\\\/fr\\\/#organization\"},\"potentialAction\":[{\"@type\":\"SearchAction\",\"target\":{\"@type\":\"EntryPoint\",\"urlTemplate\":\"https:\\\/\\\/www.conex.net\\\/fr\\\/?s={search_term_string}\"},\"query-input\":{\"@type\":\"PropertyValueSpecification\",\"valueRequired\":true,\"valueName\":\"search_term_string\"}}],\"inLanguage\":\"fr-FR\"},{\"@type\":\"Organization\",\"@id\":\"https:\\\/\\\/www.conex.net\\\/fr\\\/#organization\",\"name\":\"CONEX SAS\",\"url\":\"https:\\\/\\\/www.conex.net\\\/fr\\\/\",\"logo\":{\"@type\":\"ImageObject\",\"inLanguage\":\"fr-FR\",\"@id\":\"https:\\\/\\\/www.conex.net\\\/fr\\\/#\\\/schema\\\/logo\\\/image\\\/\",\"url\":\"https:\\\/\\\/www.conex.net\\\/fr\\\/wp-content\\\/uploads\\\/sites\\\/2\\\/2018\\\/10\\\/logo-conex.png\",\"contentUrl\":\"https:\\\/\\\/www.conex.net\\\/fr\\\/wp-content\\\/uploads\\\/sites\\\/2\\\/2018\\\/10\\\/logo-conex.png\",\"width\":138,\"height\":49,\"caption\":\"CONEX SAS\"},\"image\":{\"@id\":\"https:\\\/\\\/www.conex.net\\\/fr\\\/#\\\/schema\\\/logo\\\/image\\\/\"}}]}<\/script>\n<!-- \/ Yoast SEO plugin. -->","yoast_head_json":{"title":"Tarif Douanier - Conex France Nomenclatures Douani\u00e8res - logiciel douane","description":"Nomenclatures Douani\u00e8res - Tarif douanier - Encyclop\u00e9die Douani\u00e8re via conex, Logiciel douane","robots":{"index":"index","follow":"follow","max-snippet":"max-snippet:-1","max-image-preview":"max-image-preview:large","max-video-preview":"max-video-preview:-1"},"canonical":"https:\/\/www.conex.net\/fr\/tarif-douanier\/","og_locale":"fr_FR","og_type":"article","og_title":"Tarif Douanier - Conex France Nomenclatures Douani\u00e8res - logiciel douane","og_description":"Nomenclatures Douani\u00e8res - Tarif douanier - Encyclop\u00e9die Douani\u00e8re via conex, Logiciel douane","og_url":"https:\/\/www.conex.net\/fr\/tarif-douanier\/","og_site_name":"Conex France","article_modified_time":"2020-01-23T11:21:43+00:00","og_image":[{"width":233,"height":200,"url":"https:\/\/www.conex.net\/fr\/wp-content\/uploads\/sites\/2\/2020\/01\/CONEX-yourcustomspartner.jpg","type":"image\/jpeg"}],"twitter_card":"summary_large_image","twitter_misc":{"Dur\u00e9e de lecture estim\u00e9e":"2 minutes"},"schema":{"@context":"https:\/\/schema.org","@graph":[{"@type":"WebPage","@id":"https:\/\/www.conex.net\/fr\/tarif-douanier\/","url":"https:\/\/www.conex.net\/fr\/tarif-douanier\/","name":"Tarif Douanier - Conex France Nomenclatures Douani\u00e8res - logiciel douane","isPartOf":{"@id":"https:\/\/www.conex.net\/fr\/#website"},"primaryImageOfPage":{"@id":"https:\/\/www.conex.net\/fr\/tarif-douanier\/#primaryimage"},"image":{"@id":"https:\/\/www.conex.net\/fr\/tarif-douanier\/#primaryimage"},"thumbnailUrl":"https:\/\/www.conex.net\/fr\/wp-content\/uploads\/sites\/2\/2020\/01\/CONEX-yourcustomspartner.jpg","datePublished":"2019-08-09T10:21:24+00:00","dateModified":"2020-01-23T11:21:43+00:00","description":"Nomenclatures Douani\u00e8res - Tarif douanier - Encyclop\u00e9die Douani\u00e8re via conex, Logiciel douane","breadcrumb":{"@id":"https:\/\/www.conex.net\/fr\/tarif-douanier\/#breadcrumb"},"inLanguage":"fr-FR","potentialAction":[{"@type":"ReadAction","target":["https:\/\/www.conex.net\/fr\/tarif-douanier\/"]}]},{"@type":"ImageObject","inLanguage":"fr-FR","@id":"https:\/\/www.conex.net\/fr\/tarif-douanier\/#primaryimage","url":"https:\/\/www.conex.net\/fr\/wp-content\/uploads\/sites\/2\/2020\/01\/CONEX-yourcustomspartner.jpg","contentUrl":"https:\/\/www.conex.net\/fr\/wp-content\/uploads\/sites\/2\/2020\/01\/CONEX-yourcustomspartner.jpg","width":233,"height":200,"caption":"Logiciels douane CONEX"},{"@type":"BreadcrumbList","@id":"https:\/\/www.conex.net\/fr\/tarif-douanier\/#breadcrumb","itemListElement":[{"@type":"ListItem","position":1,"name":"Accueil","item":"https:\/\/www.conex.net\/fr\/"},{"@type":"ListItem","position":2,"name":"Tarif Douanier"}]},{"@type":"WebSite","@id":"https:\/\/www.conex.net\/fr\/#website","url":"https:\/\/www.conex.net\/fr\/","name":"Conex France","description":"Your customs partner - CONEX FRANCE","publisher":{"@id":"https:\/\/www.conex.net\/fr\/#organization"},"potentialAction":[{"@type":"SearchAction","target":{"@type":"EntryPoint","urlTemplate":"https:\/\/www.conex.net\/fr\/?s={search_term_string}"},"query-input":{"@type":"PropertyValueSpecification","valueRequired":true,"valueName":"search_term_string"}}],"inLanguage":"fr-FR"},{"@type":"Organization","@id":"https:\/\/www.conex.net\/fr\/#organization","name":"CONEX SAS","url":"https:\/\/www.conex.net\/fr\/","logo":{"@type":"ImageObject","inLanguage":"fr-FR","@id":"https:\/\/www.conex.net\/fr\/#\/schema\/logo\/image\/","url":"https:\/\/www.conex.net\/fr\/wp-content\/uploads\/sites\/2\/2018\/10\/logo-conex.png","contentUrl":"https:\/\/www.conex.net\/fr\/wp-content\/uploads\/sites\/2\/2018\/10\/logo-conex.png","width":138,"height":49,"caption":"CONEX SAS"},"image":{"@id":"https:\/\/www.conex.net\/fr\/#\/schema\/logo\/image\/"}}]}},"_links":{"self":[{"href":"https:\/\/www.conex.net\/fr\/wp-json\/wp\/v2\/pages\/2113","targetHints":{"allow":["GET"]}}],"collection":[{"href":"https:\/\/www.conex.net\/fr\/wp-json\/wp\/v2\/pages"}],"about":[{"href":"https:\/\/www.conex.net\/fr\/wp-json\/wp\/v2\/types\/page"}],"author":[{"embeddable":true,"href":"https:\/\/www.conex.net\/fr\/wp-json\/wp\/v2\/users\/1"}],"replies":[{"embeddable":true,"href":"https:\/\/www.conex.net\/fr\/wp-json\/wp\/v2\/comments?post=2113"}],"version-history":[{"count":12,"href":"https:\/\/www.conex.net\/fr\/wp-json\/wp\/v2\/pages\/2113\/revisions"}],"predecessor-version":[{"id":3760,"href":"https:\/\/www.conex.net\/fr\/wp-json\/wp\/v2\/pages\/2113\/revisions\/3760"}],"wp:featuredmedia":[{"embeddable":true,"href":"https:\/\/www.conex.net\/fr\/wp-json\/wp\/v2\/media\/3227"}],"wp:attachment":[{"href":"https:\/\/www.conex.net\/fr\/wp-json\/wp\/v2\/media?parent=2113"}],"curies":[{"name":"wp","href":"https:\/\/api.w.org\/{rel}","templated":true}]}}