{"id":2729,"date":"2019-10-28T12:05:50","date_gmt":"2019-10-28T11:05:50","guid":{"rendered":"https:\/\/www.conex.net\/fr\/?page_id=2729"},"modified":"2019-12-12T16:18:38","modified_gmt":"2019-12-12T15:18:38","slug":"news","status":"publish","type":"page","link":"https:\/\/www.conex.net\/fr\/en\/news\/","title":{"rendered":"NEWS"},"content":{"rendered":"<div id=\"pl-2729\"  class=\"panel-layout\" ><div id=\"pg-2729-0\"  class=\"panel-grid panel-has-style\" ><div class=\"siteorigin-panels-stretch panel-row-style panel-row-style-for-2729-0\" data-stretch-type=\"full-stretched\" ><div id=\"pgc-2729-0-0\"  class=\"panel-grid-cell\" ><div id=\"panel-2729-0-0-0\" class=\"so-panel widget widget_sow-hero panel-first-child panel-last-child\" data-index=\"0\" ><div\n\t\t\t\n\t\t\tclass=\"so-widget-sow-hero so-widget-sow-hero-default-fa5902ccb68a-2729\"\n\t\t\t\n\t\t>\t\t\t\t<div class=\"sow-slider-base\" style=\"display: none\" tabindex=\"0\">\n\t\t\t\t\t<ul\n\t\t\t\t\tclass=\"sow-slider-images\"\n\t\t\t\t\tdata-settings=\"{&quot;pagination&quot;:true,&quot;speed&quot;:800,&quot;timeout&quot;:8000,&quot;paused&quot;:false,&quot;pause_on_hover&quot;:false,&quot;swipe&quot;:false,&quot;nav_always_show_desktop&quot;:&quot;&quot;,&quot;nav_always_show_mobile&quot;:&quot;&quot;,&quot;breakpoint&quot;:&quot;780px&quot;,&quot;unmute&quot;:false,&quot;anchor&quot;:null}\"\n\t\t\t\t\tstyle=\"min-height: 400px\"\t\t\t\t\tdata-anchor-id=\"\"\n\t\t\t\t>\t\t<li class=\"sow-slider-image  sow-slider-image-cover\" style=\"visibility: visible;;background-color: #333333;background-image: url(https:\/\/www.conex.net\/fr\/wp-content\/uploads\/sites\/2\/2019\/01\/revue-de-presse-conex.jpg)\" >\n\t\t\t\t\t<div class=\"sow-slider-image-container\">\n\t\t\t<div class=\"sow-slider-image-wrapper\">\n\t\t\t\t<h1 id=\"ACTUALITES\" style=\"text-align: center\"><span style=\"color: #ffffff\">ACTUALITES<\/span><\/h1>\n<h6 style=\"text-align: center\"><span style=\"color: #ffffff\">via conex\u2122<\/span><\/h6>\n\t\t\t<\/div>\n\t\t<\/div>\n\t\t\t\t<\/li>\n\t\t<\/ul>\t\t\t\t<ol class=\"sow-slider-pagination\">\n\t\t\t\t\t\t\t\t\t\t\t<li><a href=\"#\" data-goto=\"0\" aria-label=\"Display slide 1\"><\/a><\/li>\n\t\t\t\t\t\t\t\t\t<\/ol>\n\n\t\t\t\t<div class=\"sow-slide-nav sow-slide-nav-next\">\n\t\t\t\t\t<a href=\"#\" data-goto=\"next\" aria-label=\"Next slide\" data-action=\"next\">\n\t\t\t\t\t\t<em class=\"sow-sld-icon-thin-right\"><\/em>\n\t\t\t\t\t<\/a>\n\t\t\t\t<\/div>\n\n\t\t\t\t<div class=\"sow-slide-nav sow-slide-nav-prev\">\n\t\t\t\t\t<a href=\"#\" data-goto=\"previous\" aria-label=\"Previous slide\" data-action=\"prev\">\n\t\t\t\t\t\t<em class=\"sow-sld-icon-thin-left\"><\/em>\n\t\t\t\t\t<\/a>\n\t\t\t\t<\/div>\n\t\t\t\t<\/div><\/div><\/div><\/div><\/div><\/div><div id=\"pg-2729-1\"  class=\"panel-grid panel-has-style\" ><div class=\"siteorigin-panels-stretch panel-row-style panel-row-style-for-2729-1\" data-stretch-type=\"full\" ><div id=\"pgc-2729-1-0\"  class=\"panel-grid-cell\" ><div id=\"panel-2729-1-0-0\" class=\"so-panel widget widget_sow-editor panel-first-child panel-last-child\" data-index=\"1\" ><div class=\"panel-widget-style panel-widget-style-for-2729-1-0-0\" ><div\n\t\t\t\n\t\t\tclass=\"so-widget-sow-editor so-widget-sow-editor-base\"\n\t\t\t\n\t\t>\n<div class=\"siteorigin-widget-tinymce textwidget\">\n\t<p style=\"text-align: left;\"><a href=\"https:\/\/twitter.com\/conexcustoms\" target=\"_blank\" rel=\"noopener\"><img loading=\"lazy\" decoding=\"async\" class=\"size-full wp-image-2585 alignnone\" src=\"https:\/\/www-conex-net.azurewebsites.net\/fr\/wp-content\/uploads\/sites\/2\/2019\/12\/twitter-conex-ht.png\" alt=\"twitter-conex\" width=\"25\" height=\"26\" \/><\/a><\/p>\n<\/div>\n<\/div><\/div><\/div><\/div><div id=\"pgc-2729-1-1\"  class=\"panel-grid-cell\" ><div id=\"panel-2729-1-1-0\" class=\"so-panel widget widget_sow-editor panel-first-child panel-last-child\" data-index=\"2\" ><div class=\"panel-widget-style panel-widget-style-for-2729-1-1-0\" ><div\n\t\t\t\n\t\t\tclass=\"so-widget-sow-editor so-widget-sow-editor-base\"\n\t\t\t\n\t\t>\n<div class=\"siteorigin-widget-tinymce textwidget\">\n\t<p style=\"text-align: left;\"><img loading=\"lazy\" decoding=\"async\" class=\"alignleft wp-image-2446 size-full\" src=\"https:\/\/www-conex-net.azurewebsites.net\/fr\/wp-content\/uploads\/sites\/2\/2019\/12\/Linkedin-conex-ht.png\" alt=\"Linkedin-conex\" width=\"25\" height=\"26\" \/><\/p>\n<\/div>\n<\/div><\/div><\/div><\/div><\/div><\/div><div id=\"pg-2729-2\"  class=\"panel-grid panel-has-style\" ><div class=\"siteorigin-panels-stretch panel-row-style panel-row-style-for-2729-2\" data-stretch-type=\"full\" ><div id=\"pgc-2729-2-0\"  class=\"panel-grid-cell\" ><div id=\"panel-2729-2-0-0\" class=\"so-panel widget widget_sow-editor panel-first-child panel-last-child\" data-index=\"3\" ><div\n\t\t\t\n\t\t\tclass=\"so-widget-sow-editor so-widget-sow-editor-base\"\n\t\t\t\n\t\t>\n<div class=\"siteorigin-widget-tinymce textwidget\">\n\t<h4><\/h4>\n<h4><strong>Le partenaire de vos projets d'organisation et<br \/>\nde gestion douani\u00e8res<\/strong><\/h4>\n<p style=\"text-align: justify;\"><span style=\"color: #333333;\">Proin elementum neque et tempor viverra. Suspendisse in ante tristique, facilisis tellus at, commodo augue. <\/span><\/p>\n<p style=\"text-align: justify;\"><span style=\"color: #333333;\">Mauris quis sapien accumsan, dapibus ex nec, ultricies nunc. Duis eu enim sit amet sapien scelerisque placerat. Fusce rutrum iaculis hendrerit. In aliquet, nibh at egestas pharetra, nulla nisi molestie nisl, nec interdum ex purus maximus felis.<\/span><\/p>\n<\/div>\n<\/div><\/div><\/div><div id=\"pgc-2729-2-1\"  class=\"panel-grid-cell\" ><div id=\"panel-2729-2-1-0\" class=\"so-panel widget widget_sow-editor panel-first-child panel-last-child\" data-index=\"4\" ><div\n\t\t\t\n\t\t\tclass=\"so-widget-sow-editor so-widget-sow-editor-base\"\n\t\t\t\n\t\t>\n<div class=\"siteorigin-widget-tinymce textwidget\">\n\t<p><iframe loading=\"lazy\" src=\"https:\/\/www.youtube.com\/embed\/LhFHnxE9pps\" width=\"560\" height=\"315\" frameborder=\"0\" allowfullscreen=\"allowfullscreen\"><\/iframe><\/p>\n<\/div>\n<\/div><\/div><\/div><\/div><\/div><div id=\"pg-2729-3\"  class=\"panel-grid panel-has-style\" ><div class=\"siteorigin-panels-stretch panel-row-style panel-row-style-for-2729-3\" data-stretch-type=\"full\" ><div id=\"pgc-2729-3-0\"  class=\"panel-grid-cell\" ><div id=\"panel-2729-3-0-0\" class=\"so-panel widget widget_sow-editor panel-first-child panel-last-child\" data-index=\"5\" ><div\n\t\t\t\n\t\t\tclass=\"so-widget-sow-editor so-widget-sow-editor-base\"\n\t\t\t\n\t\t>\n<div class=\"siteorigin-widget-tinymce textwidget\">\n\t<h4><strong>L'Europe accepte un report du Brexit jusqu'au 31 janvier 2020<\/strong><\/h4>\n<p>Les 27 pays de l'Union europ\u00e9enne ont donn\u00e9 leur feu vert lundi pour accorder un report de la date de sortie du Royaume-Uni \u00e0 cette date.<\/p>\n<p>Soyez pr\u00eats avec les solutions CUSTOMS via conex\u2122 FR\/BE\/UK, ICS via conex\u2122 et le tarif douanier FR\/UK.<\/p>\n<p>Envisagez la saisie de vos d\u00e9clarations fran\u00e7aises, belges et\/ou britanniques \u00e0 partir d\u2019un emplacement unique \u00e0 partir du moment o\u00f9 vous avez un repr\u00e9sentant dans chaque pays qui sera votre correspondant avec les douanes\u00a0!<\/p>\n<\/div>\n<\/div><\/div><\/div><\/div><\/div><div id=\"pg-2729-4\"  class=\"panel-grid panel-no-style\" ><div id=\"pgc-2729-4-0\"  class=\"panel-grid-cell\" ><div id=\"panel-2729-4-0-0\" class=\"so-panel widget widget_sow-editor panel-first-child panel-last-child\" data-index=\"6\" ><div\n\t\t\t\n\t\t\tclass=\"so-widget-sow-editor so-widget-sow-editor-base\"\n\t\t\t\n\t\t>\n<div class=\"siteorigin-widget-tinymce textwidget\">\n\t<p><img loading=\"lazy\" decoding=\"async\" class=\" wp-image-2226 alignleft\" src=\"\/wp-content\/uploads\/2019\/09\/Brexit-Darmanin.png\" alt=\"Brexit-Darmanin\" width=\"395\" height=\"353\" srcset=\"https:\/\/www.conex.net\/fr\/wp-content\/uploads\/sites\/2\/2019\/09\/Brexit-Darmanin.png 550w, https:\/\/www.conex.net\/fr\/wp-content\/uploads\/sites\/2\/2019\/09\/Brexit-Darmanin-300x268.png 300w\" sizes=\"auto, (max-width: 395px) 100vw, 395px\" \/><\/p>\n<h4><strong>BREXIT, premiers tests \u00e0 blanc r\u00e9ussis !<\/strong><\/h4>\n<p>&nbsp;<\/p>\n<p style=\"text-align: justify;\">CONEX est fier d\u2019avoir collabor\u00e9 avec l\u2019un de ses clients utilisant le logiciel DELTApass via conex\u2122 et la DGDDI \u00e0 la r\u00e9ussite de ce premier test \u00e0 blanc parfaitement op\u00e9rationnel dans le cadre de la fronti\u00e8re intelligente.<\/p>\n<p>&nbsp;<\/p>\n<p style=\"text-align: justify;\">Organis\u00e9s jeudi 12 septembre en pr\u00e9sence du ministre G\u00e9rald DARMANIN sur le port de Ouistreham. Les premiers tests grandeur nature d\u2019un Brexit sans accord ont \u00e9t\u00e9 men\u00e9s avec succ\u00e8s.<\/p>\n<p style=\"text-align: justify;\">En amont de ces marches \u00e0 blancs op\u00e9rationnelles, CONEX, en collaboration avec les services douaniers fran\u00e7ais avait test\u00e9 les op\u00e9rations de d\u00e9douanement anticip\u00e9 dans le cadre de la fronti\u00e8re intelligente ainsi que leur interconnexion avec le nouveau t\u00e9l\u00e9service SI BREXIT.<\/p>\n<p style=\"text-align: justify;\">Les tests r\u00e9alis\u00e9s ont permis de v\u00e9rifier de bout en bout la bonne coordination des actions dans le SI BREXIT avec l\u2019ensemble des acteurs concern\u00e9s.<\/p>\n<\/div>\n<\/div><\/div><\/div><\/div><\/div>","protected":false},"excerpt":{"rendered":"<p>ACTUALITES via conex\u2122 Le partenaire de vos projets d&rsquo;organisation et de gestion douani\u00e8res Proin elementum neque et tempor viverra. Suspendisse in ante tristique, facilisis tellus at, commodo augue. Mauris quis sapien accumsan, dapibus ex nec, ultricies nunc. Duis eu enim sit amet sapien scelerisque placerat. Fusce rutrum iaculis hendrerit. In aliquet, nibh at egestas pharetra, nulla nisi molestie nisl, nec interdum ex purus maximus felis. L&rsquo;Europe accepte un report du Brexit jusqu&rsquo;au 31 janvier 2020 [&hellip;]<\/p>\n","protected":false},"author":1,"featured_media":0,"parent":0,"menu_order":0,"comment_status":"closed","ping_status":"closed","template":"Page-fullwidth.php","meta":{"footnotes":""},"class_list":["post-2729","page","type-page","status-publish","hentry"],"yoast_head":"<!-- This site is optimized with the Yoast SEO plugin v27.3 - https:\/\/yoast.com\/product\/yoast-seo-wordpress\/ -->\n<title>NEWS CONEX Information douani\u00e8re - Conex France<\/title>\n<meta name=\"description\" content=\"CONEX DOUANE Actualit\u00e9s - Retrouvez toute l&#039;information douani\u00e8re. Echanges de donn\u00e9es, r\u00e9glementations, BDD, DELTA, CHIEF\/CDS, PLDA, ICS, AEAT.\" \/>\n<meta name=\"robots\" content=\"index, follow, max-snippet:-1, max-image-preview:large, max-video-preview:-1\" \/>\n<link rel=\"canonical\" href=\"https:\/\/www.conex.net\/fr\/en\/news\/\" \/>\n<meta property=\"og:locale\" content=\"fr_FR\" \/>\n<meta property=\"og:type\" content=\"article\" \/>\n<meta property=\"og:title\" content=\"NEWS CONEX Information douani\u00e8re - Conex France\" \/>\n<meta property=\"og:description\" content=\"CONEX DOUANE Actualit\u00e9s - Retrouvez toute l&#039;information douani\u00e8re. Echanges de donn\u00e9es, r\u00e9glementations, BDD, DELTA, CHIEF\/CDS, PLDA, ICS, AEAT.\" \/>\n<meta property=\"og:url\" content=\"https:\/\/www.conex.net\/fr\/en\/news\/\" \/>\n<meta property=\"og:site_name\" content=\"Conex France\" \/>\n<meta property=\"article:modified_time\" content=\"2019-12-12T15:18:38+00:00\" \/>\n<meta property=\"og:image\" content=\"https:\/\/www.conex.net\/fr\/wp-content\/uploads\/sites\/2\/2019\/12\/twitter-conex-ht.png\" \/>\n<meta name=\"twitter:card\" content=\"summary_large_image\" \/>\n<meta name=\"twitter:label1\" content=\"Dur\u00e9e de lecture estim\u00e9e\" \/>\n\t<meta name=\"twitter:data1\" content=\"2 minutes\" \/>\n<script type=\"application\/ld+json\" class=\"yoast-schema-graph\">{\"@context\":\"https:\\\/\\\/schema.org\",\"@graph\":[{\"@type\":\"WebPage\",\"@id\":\"https:\\\/\\\/www.conex.net\\\/fr\\\/en\\\/news\\\/\",\"url\":\"https:\\\/\\\/www.conex.net\\\/fr\\\/en\\\/news\\\/\",\"name\":\"NEWS CONEX Information douani\u00e8re - Conex France\",\"isPartOf\":{\"@id\":\"https:\\\/\\\/www.conex.net\\\/fr\\\/#website\"},\"primaryImageOfPage\":{\"@id\":\"https:\\\/\\\/www.conex.net\\\/fr\\\/en\\\/news\\\/#primaryimage\"},\"image\":{\"@id\":\"https:\\\/\\\/www.conex.net\\\/fr\\\/en\\\/news\\\/#primaryimage\"},\"thumbnailUrl\":\"https:\\\/\\\/www.conex.net\\\/fr\\\/wp-content\\\/uploads\\\/sites\\\/2\\\/2019\\\/12\\\/twitter-conex-ht.png\",\"datePublished\":\"2019-10-28T11:05:50+00:00\",\"dateModified\":\"2019-12-12T15:18:38+00:00\",\"description\":\"CONEX DOUANE Actualit\u00e9s - Retrouvez toute l'information douani\u00e8re. Echanges de donn\u00e9es, r\u00e9glementations, BDD, DELTA, CHIEF\\\/CDS, PLDA, ICS, AEAT.\",\"breadcrumb\":{\"@id\":\"https:\\\/\\\/www.conex.net\\\/fr\\\/en\\\/news\\\/#breadcrumb\"},\"inLanguage\":\"fr-FR\",\"potentialAction\":[{\"@type\":\"ReadAction\",\"target\":[\"https:\\\/\\\/www.conex.net\\\/fr\\\/en\\\/news\\\/\"]}]},{\"@type\":\"ImageObject\",\"inLanguage\":\"fr-FR\",\"@id\":\"https:\\\/\\\/www.conex.net\\\/fr\\\/en\\\/news\\\/#primaryimage\",\"url\":\"https:\\\/\\\/www.conex.net\\\/fr\\\/wp-content\\\/uploads\\\/sites\\\/2\\\/2019\\\/12\\\/twitter-conex-ht.png\",\"contentUrl\":\"https:\\\/\\\/www.conex.net\\\/fr\\\/wp-content\\\/uploads\\\/sites\\\/2\\\/2019\\\/12\\\/twitter-conex-ht.png\",\"width\":25,\"height\":26,\"caption\":\"twitter-conex\"},{\"@type\":\"BreadcrumbList\",\"@id\":\"https:\\\/\\\/www.conex.net\\\/fr\\\/en\\\/news\\\/#breadcrumb\",\"itemListElement\":[{\"@type\":\"ListItem\",\"position\":1,\"name\":\"Accueil\",\"item\":\"https:\\\/\\\/www.conex.net\\\/fr\\\/\"},{\"@type\":\"ListItem\",\"position\":2,\"name\":\"NEWS\"}]},{\"@type\":\"WebSite\",\"@id\":\"https:\\\/\\\/www.conex.net\\\/fr\\\/#website\",\"url\":\"https:\\\/\\\/www.conex.net\\\/fr\\\/\",\"name\":\"Conex France\",\"description\":\"Your customs partner - CONEX FRANCE\",\"publisher\":{\"@id\":\"https:\\\/\\\/www.conex.net\\\/fr\\\/#organization\"},\"potentialAction\":[{\"@type\":\"SearchAction\",\"target\":{\"@type\":\"EntryPoint\",\"urlTemplate\":\"https:\\\/\\\/www.conex.net\\\/fr\\\/?s={search_term_string}\"},\"query-input\":{\"@type\":\"PropertyValueSpecification\",\"valueRequired\":true,\"valueName\":\"search_term_string\"}}],\"inLanguage\":\"fr-FR\"},{\"@type\":\"Organization\",\"@id\":\"https:\\\/\\\/www.conex.net\\\/fr\\\/#organization\",\"name\":\"CONEX SAS\",\"url\":\"https:\\\/\\\/www.conex.net\\\/fr\\\/\",\"logo\":{\"@type\":\"ImageObject\",\"inLanguage\":\"fr-FR\",\"@id\":\"https:\\\/\\\/www.conex.net\\\/fr\\\/#\\\/schema\\\/logo\\\/image\\\/\",\"url\":\"https:\\\/\\\/www.conex.net\\\/fr\\\/wp-content\\\/uploads\\\/sites\\\/2\\\/2018\\\/10\\\/logo-conex.png\",\"contentUrl\":\"https:\\\/\\\/www.conex.net\\\/fr\\\/wp-content\\\/uploads\\\/sites\\\/2\\\/2018\\\/10\\\/logo-conex.png\",\"width\":138,\"height\":49,\"caption\":\"CONEX SAS\"},\"image\":{\"@id\":\"https:\\\/\\\/www.conex.net\\\/fr\\\/#\\\/schema\\\/logo\\\/image\\\/\"}}]}<\/script>\n<!-- \/ Yoast SEO plugin. -->","yoast_head_json":{"title":"NEWS CONEX Information douani\u00e8re - Conex France","description":"CONEX DOUANE Actualit\u00e9s - Retrouvez toute l'information douani\u00e8re. Echanges de donn\u00e9es, r\u00e9glementations, BDD, DELTA, CHIEF\/CDS, PLDA, ICS, AEAT.","robots":{"index":"index","follow":"follow","max-snippet":"max-snippet:-1","max-image-preview":"max-image-preview:large","max-video-preview":"max-video-preview:-1"},"canonical":"https:\/\/www.conex.net\/fr\/en\/news\/","og_locale":"fr_FR","og_type":"article","og_title":"NEWS CONEX Information douani\u00e8re - Conex France","og_description":"CONEX DOUANE Actualit\u00e9s - Retrouvez toute l'information douani\u00e8re. Echanges de donn\u00e9es, r\u00e9glementations, BDD, DELTA, CHIEF\/CDS, PLDA, ICS, AEAT.","og_url":"https:\/\/www.conex.net\/fr\/en\/news\/","og_site_name":"Conex France","article_modified_time":"2019-12-12T15:18:38+00:00","og_image":[{"url":"https:\/\/www.conex.net\/fr\/wp-content\/uploads\/sites\/2\/2019\/12\/twitter-conex-ht.png","type":"","width":"","height":""}],"twitter_card":"summary_large_image","twitter_misc":{"Dur\u00e9e de lecture estim\u00e9e":"2 minutes"},"schema":{"@context":"https:\/\/schema.org","@graph":[{"@type":"WebPage","@id":"https:\/\/www.conex.net\/fr\/en\/news\/","url":"https:\/\/www.conex.net\/fr\/en\/news\/","name":"NEWS CONEX Information douani\u00e8re - Conex France","isPartOf":{"@id":"https:\/\/www.conex.net\/fr\/#website"},"primaryImageOfPage":{"@id":"https:\/\/www.conex.net\/fr\/en\/news\/#primaryimage"},"image":{"@id":"https:\/\/www.conex.net\/fr\/en\/news\/#primaryimage"},"thumbnailUrl":"https:\/\/www.conex.net\/fr\/wp-content\/uploads\/sites\/2\/2019\/12\/twitter-conex-ht.png","datePublished":"2019-10-28T11:05:50+00:00","dateModified":"2019-12-12T15:18:38+00:00","description":"CONEX DOUANE Actualit\u00e9s - Retrouvez toute l'information douani\u00e8re. Echanges de donn\u00e9es, r\u00e9glementations, BDD, DELTA, CHIEF\/CDS, PLDA, ICS, AEAT.","breadcrumb":{"@id":"https:\/\/www.conex.net\/fr\/en\/news\/#breadcrumb"},"inLanguage":"fr-FR","potentialAction":[{"@type":"ReadAction","target":["https:\/\/www.conex.net\/fr\/en\/news\/"]}]},{"@type":"ImageObject","inLanguage":"fr-FR","@id":"https:\/\/www.conex.net\/fr\/en\/news\/#primaryimage","url":"https:\/\/www.conex.net\/fr\/wp-content\/uploads\/sites\/2\/2019\/12\/twitter-conex-ht.png","contentUrl":"https:\/\/www.conex.net\/fr\/wp-content\/uploads\/sites\/2\/2019\/12\/twitter-conex-ht.png","width":25,"height":26,"caption":"twitter-conex"},{"@type":"BreadcrumbList","@id":"https:\/\/www.conex.net\/fr\/en\/news\/#breadcrumb","itemListElement":[{"@type":"ListItem","position":1,"name":"Accueil","item":"https:\/\/www.conex.net\/fr\/"},{"@type":"ListItem","position":2,"name":"NEWS"}]},{"@type":"WebSite","@id":"https:\/\/www.conex.net\/fr\/#website","url":"https:\/\/www.conex.net\/fr\/","name":"Conex France","description":"Your customs partner - CONEX FRANCE","publisher":{"@id":"https:\/\/www.conex.net\/fr\/#organization"},"potentialAction":[{"@type":"SearchAction","target":{"@type":"EntryPoint","urlTemplate":"https:\/\/www.conex.net\/fr\/?s={search_term_string}"},"query-input":{"@type":"PropertyValueSpecification","valueRequired":true,"valueName":"search_term_string"}}],"inLanguage":"fr-FR"},{"@type":"Organization","@id":"https:\/\/www.conex.net\/fr\/#organization","name":"CONEX SAS","url":"https:\/\/www.conex.net\/fr\/","logo":{"@type":"ImageObject","inLanguage":"fr-FR","@id":"https:\/\/www.conex.net\/fr\/#\/schema\/logo\/image\/","url":"https:\/\/www.conex.net\/fr\/wp-content\/uploads\/sites\/2\/2018\/10\/logo-conex.png","contentUrl":"https:\/\/www.conex.net\/fr\/wp-content\/uploads\/sites\/2\/2018\/10\/logo-conex.png","width":138,"height":49,"caption":"CONEX SAS"},"image":{"@id":"https:\/\/www.conex.net\/fr\/#\/schema\/logo\/image\/"}}]}},"_links":{"self":[{"href":"https:\/\/www.conex.net\/fr\/wp-json\/wp\/v2\/pages\/2729","targetHints":{"allow":["GET"]}}],"collection":[{"href":"https:\/\/www.conex.net\/fr\/wp-json\/wp\/v2\/pages"}],"about":[{"href":"https:\/\/www.conex.net\/fr\/wp-json\/wp\/v2\/types\/page"}],"author":[{"embeddable":true,"href":"https:\/\/www.conex.net\/fr\/wp-json\/wp\/v2\/users\/1"}],"replies":[{"embeddable":true,"href":"https:\/\/www.conex.net\/fr\/wp-json\/wp\/v2\/comments?post=2729"}],"version-history":[{"count":2,"href":"https:\/\/www.conex.net\/fr\/wp-json\/wp\/v2\/pages\/2729\/revisions"}],"predecessor-version":[{"id":2731,"href":"https:\/\/www.conex.net\/fr\/wp-json\/wp\/v2\/pages\/2729\/revisions\/2731"}],"wp:attachment":[{"href":"https:\/\/www.conex.net\/fr\/wp-json\/wp\/v2\/media?parent=2729"}],"curies":[{"name":"wp","href":"https:\/\/api.w.org\/{rel}","templated":true}]}}