{"id":2735,"date":"2018-11-29T12:04:40","date_gmt":"2018-11-29T11:04:40","guid":{"rendered":"https:\/\/www.conex.net\/fr\/?page_id=2735"},"modified":"2020-01-06T12:07:59","modified_gmt":"2020-01-06T11:07:59","slug":"contact-2","status":"publish","type":"page","link":"https:\/\/www.conex.net\/fr\/en\/contact-2\/","title":{"rendered":"CONTACT"},"content":{"rendered":"<div id=\"pl-2735\"  class=\"panel-layout\" ><div id=\"pg-2735-0\"  class=\"panel-grid panel-has-style\" ><div class=\"siteorigin-panels-stretch panel-row-style panel-row-style-for-2735-0\" data-stretch-type=\"full-stretched\" ><div id=\"pgc-2735-0-0\"  class=\"panel-grid-cell\" ><div id=\"panel-2735-0-0-0\" class=\"so-panel widget widget_sow-hero panel-first-child panel-last-child\" data-index=\"0\" ><div\n\t\t\t\n\t\t\tclass=\"so-widget-sow-hero so-widget-sow-hero-default-abda665dd78a-2735 so-widget-fittext-wrapper\"\n\t\t\t data-fit-text-compressor=\"0.85\"\n\t\t>\t\t\t\t<div class=\"sow-slider-base\" style=\"display: none\" tabindex=\"0\">\n\t\t\t\t\t<ul\n\t\t\t\t\tclass=\"sow-slider-images\"\n\t\t\t\t\tdata-settings=\"{&quot;pagination&quot;:true,&quot;speed&quot;:800,&quot;timeout&quot;:8000,&quot;paused&quot;:false,&quot;pause_on_hover&quot;:false,&quot;swipe&quot;:true,&quot;nav_always_show_desktop&quot;:&quot;&quot;,&quot;nav_always_show_mobile&quot;:&quot;&quot;,&quot;breakpoint&quot;:&quot;780px&quot;,&quot;unmute&quot;:false,&quot;anchor&quot;:null}\"\n\t\t\t\t\tstyle=\"min-height: 500px\"\t\t\t\t\tdata-anchor-id=\"\"\n\t\t\t\t>\t\t<li class=\"sow-slider-image  sow-slider-image-cover\" style=\"visibility: visible;;background-color: #333333;background-image: url(https:\/\/www.conex.net\/fr\/wp-content\/uploads\/sites\/2\/2019\/01\/newsletter-conex.jpg)\" >\n\t\t\t\t\t<div class=\"sow-slider-image-container\">\n\t\t\t<div class=\"sow-slider-image-wrapper\">\n\t\t\t\t<h1><\/h1>\n<h1 style=\"text-align: center\">CONTACT<\/h1>\n<h4 style=\"text-align: center\">CONEX SAS<\/h4>\n\t\t\t<\/div>\n\t\t<\/div>\n\t\t\t\t<\/li>\n\t\t<\/ul>\t\t\t\t<ol class=\"sow-slider-pagination\">\n\t\t\t\t\t\t\t\t\t\t\t<li><a href=\"#\" data-goto=\"0\" aria-label=\"Display slide 1\"><\/a><\/li>\n\t\t\t\t\t\t\t\t\t<\/ol>\n\n\t\t\t\t<div class=\"sow-slide-nav sow-slide-nav-next\">\n\t\t\t\t\t<a href=\"#\" data-goto=\"next\" aria-label=\"Next slide\" data-action=\"next\">\n\t\t\t\t\t\t<em class=\"sow-sld-icon-thin-right\"><\/em>\n\t\t\t\t\t<\/a>\n\t\t\t\t<\/div>\n\n\t\t\t\t<div class=\"sow-slide-nav sow-slide-nav-prev\">\n\t\t\t\t\t<a href=\"#\" data-goto=\"previous\" aria-label=\"Previous slide\" data-action=\"prev\">\n\t\t\t\t\t\t<em class=\"sow-sld-icon-thin-left\"><\/em>\n\t\t\t\t\t<\/a>\n\t\t\t\t<\/div>\n\t\t\t\t<\/div><\/div><\/div><\/div><\/div><\/div><div id=\"pg-2735-1\"  class=\"panel-grid panel-no-style\" ><div id=\"pgc-2735-1-0\"  class=\"panel-grid-cell\" ><div id=\"panel-2735-1-0-0\" class=\"so-panel widget widget_sow-editor panel-first-child\" data-index=\"1\" ><div\n\t\t\t\n\t\t\tclass=\"so-widget-sow-editor so-widget-sow-editor-base\"\n\t\t\t\n\t\t>\n<div class=\"siteorigin-widget-tinymce textwidget\">\n\t<p>&nbsp;<\/p>\n<p>&nbsp;<\/p>\n<\/div>\n<\/div><\/div><div id=\"panel-2735-1-0-1\" class=\"so-panel widget widget_sow-editor panel-last-child\" data-index=\"2\" ><div\n\t\t\t\n\t\t\tclass=\"so-widget-sow-editor so-widget-sow-editor-base\"\n\t\t\t\n\t\t>\n<div class=\"siteorigin-widget-tinymce textwidget\">\n\t<div class=\"everest-forms\"><div class=\"evf-container default\" id=\"evf-3221\"><form id=\"evf-form-3221\" class=\"everest-form\" data-formid=\"3221\" data-ajax_submission=\"0\" data-keyboard_friendly_form=\"0\" data-form_state_type=\"\" method=\"post\" enctype=\"multipart\/form-data\" action=\"\/fr\/wp-json\/wp\/v2\/pages\/2735\"><div class=\"evf-field-container\"><input type=\"hidden\" id=\"_wpnonce3221\" name=\"_wpnonce3221\" value=\"1480fd3cbc\" \/><input type=\"hidden\" name=\"_wp_http_referer\" value=\"\/fr\/wp-json\/wp\/v2\/pages\/2735\" \/><div class=\"evf-frontend-row\" data-row=\"row_1\" conditional_rules=\"[]\"><div class=\"evf-frontend-grid evf-grid-1\" data-grid=\"grid_1\"><div id=\"evf-3221-field_ugEtOpXyHf-4-container\" class=\"evf-field evf-field-first-name form-row validate-required\" data-required-field-message=\"This field is required.\" data-field-id=\"ugEtOpXyHf-4\"><label class=\"evf-field-label\" for=\"evf-3221-field_ugEtOpXyHf-4\"><span class=\"evf-label\">First Name<\/span> <abbr class=\"required\" title=\"N\u00e9cessaire\">*<\/abbr><\/label><input type=\"text\" id=\"evf-3221-field_ugEtOpXyHf-4\" class=\"input-text\" name=\"everest_forms[form_fields][ugEtOpXyHf-4]\" required><\/div><div id=\"evf-3221-field_xvatvB6S5K-2-container\" class=\"evf-field evf-field-last-name form-row validate-required\" data-required-field-message=\"This field is required.\" data-field-id=\"xvatvB6S5K-2\"><label class=\"evf-field-label\" for=\"evf-3221-field_xvatvB6S5K-2\"><span class=\"evf-label\">Last Name<\/span> <abbr class=\"required\" title=\"N\u00e9cessaire\">*<\/abbr><\/label><input type=\"text\" id=\"evf-3221-field_xvatvB6S5K-2\" class=\"input-text\" name=\"everest_forms[form_fields][xvatvB6S5K-2]\" required><\/div><div id=\"evf-3221-field_LpEXTDzuXb-5-container\" class=\"evf-field evf-field-text form-row validate-required\" data-required-field-message=\"This field is required.\" data-field-id=\"LpEXTDzuXb-5\"><label class=\"evf-field-label\" for=\"evf-3221-field_LpEXTDzuXb-5\"><span class=\"evf-label\"> Company<\/span> <abbr class=\"required\" title=\"N\u00e9cessaire\">*<\/abbr><\/label><input type=\"text\" id=\"evf-3221-field_LpEXTDzuXb-5\" class=\"input-text\" name=\"everest_forms[form_fields][LpEXTDzuXb-5]\" required><\/div><div id=\"evf-3221-field_0KeResxfB3-6-container\" class=\"evf-field evf-field-text form-row validate-required\" data-required-field-message=\"This field is required.\" data-field-id=\"0KeResxfB3-6\"><label class=\"evf-field-label\" for=\"evf-3221-field_0KeResxfB3-6\"><span class=\"evf-label\">Country<\/span> <abbr class=\"required\" title=\"N\u00e9cessaire\">*<\/abbr><\/label><input type=\"text\" id=\"evf-3221-field_0KeResxfB3-6\" class=\"input-text\" name=\"everest_forms[form_fields][0KeResxfB3-6]\" required><\/div><div id=\"evf-3221-field_fNeNymQZrv-3-container\" class=\"evf-field evf-field-number form-row validate-required\" data-required-field-message=\"Please enter a valid number.\" data-field-id=\"fNeNymQZrv-3\"><label class=\"evf-field-label\" for=\"evf-3221-field_fNeNymQZrv-3\"><span class=\"evf-label\">Phone<\/span> <abbr class=\"required\" title=\"N\u00e9cessaire\">*<\/abbr><\/label><input type=\"number\" id=\"evf-3221-field_fNeNymQZrv-3\" class=\"input-text\" name=\"everest_forms[form_fields][fNeNymQZrv-3]\" step=\"1\" required\/><\/div><div id=\"evf-3221-field_email-container\" class=\"evf-field evf-field-email form-row validate-required validate-email\" data-required-field-message=\"Please enter a valid email address.\" data-field-id=\"email\"><label class=\"evf-field-label\" for=\"evf-3221-field_email\"><span class=\"evf-label\">Email<\/span> <abbr class=\"required\" title=\"N\u00e9cessaire\">*<\/abbr><\/label><input type=\"email\" id=\"evf-3221-field_email\" class=\"input-text\" name=\"everest_forms[form_fields][email]\" required ><\/div><div id=\"evf-3221-field_subject-container\" class=\"evf-field evf-field-text form-row validate-required\" data-required-field-message=\"This field is required.\" data-field-id=\"subject\"><label class=\"evf-field-label\" for=\"evf-3221-field_subject\"><span class=\"evf-label\">Subject<\/span> <abbr class=\"required\" title=\"N\u00e9cessaire\">*<\/abbr><\/label><input type=\"text\" id=\"evf-3221-field_subject\" class=\"input-text\" name=\"everest_forms[form_fields][subject]\" required><\/div><div id=\"evf-3221-field_message-container\" class=\"evf-field evf-field-textarea form-row validate-required\" data-required-field-message=\"This field is required.\" data-field-id=\"message\"><label class=\"evf-field-label\" for=\"evf-3221-field_message\"><span class=\"evf-label\">Message<\/span> <abbr class=\"required\" title=\"N\u00e9cessaire\">*<\/abbr><\/label><textarea id=\"evf-3221-field_message\" class=\"input-text\" name=\"everest_forms[form_fields][message]\" required ><\/textarea><\/div><div id=\"evf-3221-field_WXiKmBhI9o-7-container\" class=\"evf-field evf-field-checkbox form-row validate-required\" data-required-field-message=\"You must consent\" data-field-id=\"WXiKmBhI9o-7\"><label class=\"evf-field-label\" for=\"evf-3221-field_WXiKmBhI9o-7\"><span class=\"evf-label\">Consent<\/span> <abbr class=\"required\" title=\"N\u00e9cessaire\">*<\/abbr><\/label><ul id=\"evf-3221-field_WXiKmBhI9o-7\" class=\" evf-field-required\"><li class=\"choice-1 depth-1\"><input type=\"checkbox\" id=\"evf-3221-field_WXiKmBhI9o-7_1\" class=\"input-text\" name=\"everest_forms[form_fields][WXiKmBhI9o-7][]\" value=\"By submitting this form I accept that the information entered will be used as part of the contact request and the commercial relationship that may result from it.\" required ><label class=\"everest-forms-field-label-inline\" for=\"evf-3221-field_WXiKmBhI9o-7_1\">By submitting this form I accept that the information entered will be used as part of the contact request and the commercial relationship that may result from it.<\/label><\/li><\/ul><\/div><\/div><\/div><\/div><div class=\"evf-honeypot-container evf-field-hp\"><label for=\"evf-3221-field-hp\" class=\"evf-field-label\">Comment<\/label><input type=\"text\" name=\"everest_forms[hp]\" id=\"evf-3221-field-hp\" class=\"input-text\"><\/div><div class=\"evf-submit-container \" ><input type=\"hidden\" name=\"everest_forms[id]\" value=\"3221\"><input type=\"hidden\" name=\"everest_forms[author]\" value=\"1\"><button type='submit' name='everest_forms[submit]' class='everest-forms-submit-button button evf-submit ' id='evf-submit-3221' value='evf-submit' data-process-text=\"Processing\u2026\" conditional_rules='&quot;&quot;' conditional_id='evf-submit-3221'  id=\"evf-submit-3221\" aria-live=\"assertive\">Submit<\/button><\/div><\/form><\/div><!-- .evf-container --><\/div>\n<\/div>\n<\/div><\/div><\/div><\/div><\/div>","protected":false},"excerpt":{"rendered":"<p>&nbsp; &nbsp;<\/p>\n","protected":false},"author":1,"featured_media":3227,"parent":0,"menu_order":0,"comment_status":"closed","ping_status":"closed","template":"Page-fullwidth.php","meta":{"footnotes":""},"class_list":["post-2735","page","type-page","status-publish","has-post-thumbnail","hentry"],"yoast_head":"<!-- This site is optimized with the Yoast SEO plugin v27.4 - https:\/\/yoast.com\/product\/yoast-seo-wordpress\/ -->\n<title>CONTACT CONEX Service commercial Conex France logiciels Douane<\/title>\n<meta name=\"description\" content=\"Conex, Editeur de logiciels Douane - \u00c9changes de donn\u00e9es \u00e9lectronique, Formation, BDD r\u00e9glementaires, Contactez notre service commercial.\" \/>\n<meta name=\"robots\" content=\"index, follow, max-snippet:-1, max-image-preview:large, max-video-preview:-1\" \/>\n<link rel=\"canonical\" href=\"https:\/\/www.conex.net\/fr\/en\/contact-2\/\" \/>\n<meta property=\"og:locale\" content=\"fr_FR\" \/>\n<meta property=\"og:type\" content=\"article\" \/>\n<meta property=\"og:title\" content=\"CONTACT CONEX Service commercial Conex France logiciels Douane\" \/>\n<meta property=\"og:description\" content=\"Conex, Editeur de logiciels Douane - \u00c9changes de donn\u00e9es \u00e9lectronique, Formation, BDD r\u00e9glementaires, Contactez notre service commercial.\" \/>\n<meta property=\"og:url\" content=\"https:\/\/www.conex.net\/fr\/en\/contact-2\/\" \/>\n<meta property=\"og:site_name\" content=\"Conex France\" \/>\n<meta property=\"article:modified_time\" content=\"2020-01-06T11:07:59+00:00\" \/>\n<meta property=\"og:image\" content=\"https:\/\/www.conex.net\/fr\/wp-content\/uploads\/sites\/2\/2020\/01\/CONEX-yourcustomspartner.jpg\" \/>\n\t<meta property=\"og:image:width\" content=\"233\" \/>\n\t<meta property=\"og:image:height\" content=\"200\" \/>\n\t<meta property=\"og:image:type\" content=\"image\/jpeg\" \/>\n<meta name=\"twitter:card\" content=\"summary_large_image\" \/>\n<script type=\"application\/ld+json\" class=\"yoast-schema-graph\">{\"@context\":\"https:\\\/\\\/schema.org\",\"@graph\":[{\"@type\":\"WebPage\",\"@id\":\"https:\\\/\\\/www.conex.net\\\/fr\\\/en\\\/contact-2\\\/\",\"url\":\"https:\\\/\\\/www.conex.net\\\/fr\\\/en\\\/contact-2\\\/\",\"name\":\"CONTACT CONEX Service commercial Conex France logiciels Douane\",\"isPartOf\":{\"@id\":\"https:\\\/\\\/www.conex.net\\\/fr\\\/#website\"},\"primaryImageOfPage\":{\"@id\":\"https:\\\/\\\/www.conex.net\\\/fr\\\/en\\\/contact-2\\\/#primaryimage\"},\"image\":{\"@id\":\"https:\\\/\\\/www.conex.net\\\/fr\\\/en\\\/contact-2\\\/#primaryimage\"},\"thumbnailUrl\":\"https:\\\/\\\/www.conex.net\\\/fr\\\/wp-content\\\/uploads\\\/sites\\\/2\\\/2020\\\/01\\\/CONEX-yourcustomspartner.jpg\",\"datePublished\":\"2018-11-29T11:04:40+00:00\",\"dateModified\":\"2020-01-06T11:07:59+00:00\",\"description\":\"Conex, Editeur de logiciels Douane - \u00c9changes de donn\u00e9es \u00e9lectronique, Formation, BDD r\u00e9glementaires, Contactez notre service commercial.\",\"breadcrumb\":{\"@id\":\"https:\\\/\\\/www.conex.net\\\/fr\\\/en\\\/contact-2\\\/#breadcrumb\"},\"inLanguage\":\"fr-FR\",\"potentialAction\":[{\"@type\":\"ReadAction\",\"target\":[\"https:\\\/\\\/www.conex.net\\\/fr\\\/en\\\/contact-2\\\/\"]}]},{\"@type\":\"ImageObject\",\"inLanguage\":\"fr-FR\",\"@id\":\"https:\\\/\\\/www.conex.net\\\/fr\\\/en\\\/contact-2\\\/#primaryimage\",\"url\":\"https:\\\/\\\/www.conex.net\\\/fr\\\/wp-content\\\/uploads\\\/sites\\\/2\\\/2020\\\/01\\\/CONEX-yourcustomspartner.jpg\",\"contentUrl\":\"https:\\\/\\\/www.conex.net\\\/fr\\\/wp-content\\\/uploads\\\/sites\\\/2\\\/2020\\\/01\\\/CONEX-yourcustomspartner.jpg\",\"width\":233,\"height\":200,\"caption\":\"Logiciels douane CONEX\"},{\"@type\":\"BreadcrumbList\",\"@id\":\"https:\\\/\\\/www.conex.net\\\/fr\\\/en\\\/contact-2\\\/#breadcrumb\",\"itemListElement\":[{\"@type\":\"ListItem\",\"position\":1,\"name\":\"Accueil\",\"item\":\"https:\\\/\\\/www.conex.net\\\/fr\\\/\"},{\"@type\":\"ListItem\",\"position\":2,\"name\":\"CONTACT\"}]},{\"@type\":\"WebSite\",\"@id\":\"https:\\\/\\\/www.conex.net\\\/fr\\\/#website\",\"url\":\"https:\\\/\\\/www.conex.net\\\/fr\\\/\",\"name\":\"Conex France\",\"description\":\"Your customs partner - CONEX FRANCE\",\"publisher\":{\"@id\":\"https:\\\/\\\/www.conex.net\\\/fr\\\/#organization\"},\"potentialAction\":[{\"@type\":\"SearchAction\",\"target\":{\"@type\":\"EntryPoint\",\"urlTemplate\":\"https:\\\/\\\/www.conex.net\\\/fr\\\/?s={search_term_string}\"},\"query-input\":{\"@type\":\"PropertyValueSpecification\",\"valueRequired\":true,\"valueName\":\"search_term_string\"}}],\"inLanguage\":\"fr-FR\"},{\"@type\":\"Organization\",\"@id\":\"https:\\\/\\\/www.conex.net\\\/fr\\\/#organization\",\"name\":\"CONEX SAS\",\"url\":\"https:\\\/\\\/www.conex.net\\\/fr\\\/\",\"logo\":{\"@type\":\"ImageObject\",\"inLanguage\":\"fr-FR\",\"@id\":\"https:\\\/\\\/www.conex.net\\\/fr\\\/#\\\/schema\\\/logo\\\/image\\\/\",\"url\":\"https:\\\/\\\/www.conex.net\\\/fr\\\/wp-content\\\/uploads\\\/sites\\\/2\\\/2018\\\/10\\\/logo-conex.png\",\"contentUrl\":\"https:\\\/\\\/www.conex.net\\\/fr\\\/wp-content\\\/uploads\\\/sites\\\/2\\\/2018\\\/10\\\/logo-conex.png\",\"width\":138,\"height\":49,\"caption\":\"CONEX SAS\"},\"image\":{\"@id\":\"https:\\\/\\\/www.conex.net\\\/fr\\\/#\\\/schema\\\/logo\\\/image\\\/\"}}]}<\/script>\n<!-- \/ Yoast SEO plugin. -->","yoast_head_json":{"title":"CONTACT CONEX Service commercial Conex France logiciels Douane","description":"Conex, Editeur de logiciels Douane - \u00c9changes de donn\u00e9es \u00e9lectronique, Formation, BDD r\u00e9glementaires, Contactez notre service commercial.","robots":{"index":"index","follow":"follow","max-snippet":"max-snippet:-1","max-image-preview":"max-image-preview:large","max-video-preview":"max-video-preview:-1"},"canonical":"https:\/\/www.conex.net\/fr\/en\/contact-2\/","og_locale":"fr_FR","og_type":"article","og_title":"CONTACT CONEX Service commercial Conex France logiciels Douane","og_description":"Conex, Editeur de logiciels Douane - \u00c9changes de donn\u00e9es \u00e9lectronique, Formation, BDD r\u00e9glementaires, Contactez notre service commercial.","og_url":"https:\/\/www.conex.net\/fr\/en\/contact-2\/","og_site_name":"Conex France","article_modified_time":"2020-01-06T11:07:59+00:00","og_image":[{"width":233,"height":200,"url":"https:\/\/www.conex.net\/fr\/wp-content\/uploads\/sites\/2\/2020\/01\/CONEX-yourcustomspartner.jpg","type":"image\/jpeg"}],"twitter_card":"summary_large_image","schema":{"@context":"https:\/\/schema.org","@graph":[{"@type":"WebPage","@id":"https:\/\/www.conex.net\/fr\/en\/contact-2\/","url":"https:\/\/www.conex.net\/fr\/en\/contact-2\/","name":"CONTACT CONEX Service commercial Conex France logiciels Douane","isPartOf":{"@id":"https:\/\/www.conex.net\/fr\/#website"},"primaryImageOfPage":{"@id":"https:\/\/www.conex.net\/fr\/en\/contact-2\/#primaryimage"},"image":{"@id":"https:\/\/www.conex.net\/fr\/en\/contact-2\/#primaryimage"},"thumbnailUrl":"https:\/\/www.conex.net\/fr\/wp-content\/uploads\/sites\/2\/2020\/01\/CONEX-yourcustomspartner.jpg","datePublished":"2018-11-29T11:04:40+00:00","dateModified":"2020-01-06T11:07:59+00:00","description":"Conex, Editeur de logiciels Douane - \u00c9changes de donn\u00e9es \u00e9lectronique, Formation, BDD r\u00e9glementaires, Contactez notre service commercial.","breadcrumb":{"@id":"https:\/\/www.conex.net\/fr\/en\/contact-2\/#breadcrumb"},"inLanguage":"fr-FR","potentialAction":[{"@type":"ReadAction","target":["https:\/\/www.conex.net\/fr\/en\/contact-2\/"]}]},{"@type":"ImageObject","inLanguage":"fr-FR","@id":"https:\/\/www.conex.net\/fr\/en\/contact-2\/#primaryimage","url":"https:\/\/www.conex.net\/fr\/wp-content\/uploads\/sites\/2\/2020\/01\/CONEX-yourcustomspartner.jpg","contentUrl":"https:\/\/www.conex.net\/fr\/wp-content\/uploads\/sites\/2\/2020\/01\/CONEX-yourcustomspartner.jpg","width":233,"height":200,"caption":"Logiciels douane CONEX"},{"@type":"BreadcrumbList","@id":"https:\/\/www.conex.net\/fr\/en\/contact-2\/#breadcrumb","itemListElement":[{"@type":"ListItem","position":1,"name":"Accueil","item":"https:\/\/www.conex.net\/fr\/"},{"@type":"ListItem","position":2,"name":"CONTACT"}]},{"@type":"WebSite","@id":"https:\/\/www.conex.net\/fr\/#website","url":"https:\/\/www.conex.net\/fr\/","name":"Conex France","description":"Your customs partner - CONEX FRANCE","publisher":{"@id":"https:\/\/www.conex.net\/fr\/#organization"},"potentialAction":[{"@type":"SearchAction","target":{"@type":"EntryPoint","urlTemplate":"https:\/\/www.conex.net\/fr\/?s={search_term_string}"},"query-input":{"@type":"PropertyValueSpecification","valueRequired":true,"valueName":"search_term_string"}}],"inLanguage":"fr-FR"},{"@type":"Organization","@id":"https:\/\/www.conex.net\/fr\/#organization","name":"CONEX SAS","url":"https:\/\/www.conex.net\/fr\/","logo":{"@type":"ImageObject","inLanguage":"fr-FR","@id":"https:\/\/www.conex.net\/fr\/#\/schema\/logo\/image\/","url":"https:\/\/www.conex.net\/fr\/wp-content\/uploads\/sites\/2\/2018\/10\/logo-conex.png","contentUrl":"https:\/\/www.conex.net\/fr\/wp-content\/uploads\/sites\/2\/2018\/10\/logo-conex.png","width":138,"height":49,"caption":"CONEX SAS"},"image":{"@id":"https:\/\/www.conex.net\/fr\/#\/schema\/logo\/image\/"}}]}},"_links":{"self":[{"href":"https:\/\/www.conex.net\/fr\/wp-json\/wp\/v2\/pages\/2735","targetHints":{"allow":["GET"]}}],"collection":[{"href":"https:\/\/www.conex.net\/fr\/wp-json\/wp\/v2\/pages"}],"about":[{"href":"https:\/\/www.conex.net\/fr\/wp-json\/wp\/v2\/types\/page"}],"author":[{"embeddable":true,"href":"https:\/\/www.conex.net\/fr\/wp-json\/wp\/v2\/users\/1"}],"replies":[{"embeddable":true,"href":"https:\/\/www.conex.net\/fr\/wp-json\/wp\/v2\/comments?post=2735"}],"version-history":[{"count":8,"href":"https:\/\/www.conex.net\/fr\/wp-json\/wp\/v2\/pages\/2735\/revisions"}],"predecessor-version":[{"id":3244,"href":"https:\/\/www.conex.net\/fr\/wp-json\/wp\/v2\/pages\/2735\/revisions\/3244"}],"wp:featuredmedia":[{"embeddable":true,"href":"https:\/\/www.conex.net\/fr\/wp-json\/wp\/v2\/media\/3227"}],"wp:attachment":[{"href":"https:\/\/www.conex.net\/fr\/wp-json\/wp\/v2\/media?parent=2735"}],"curies":[{"name":"wp","href":"https:\/\/api.w.org\/{rel}","templated":true}]}}