{"id":2738,"date":"2019-01-08T09:38:05","date_gmt":"2019-01-08T08:38:05","guid":{"rendered":"https:\/\/www.conex.net\/fr\/?page_id=2738"},"modified":"2020-01-10T10:39:09","modified_gmt":"2020-01-10T09:39:09","slug":"corporate-2","status":"publish","type":"page","link":"https:\/\/www.conex.net\/fr\/en\/corporate-2\/","title":{"rendered":"CORPORATE"},"content":{"rendered":"<div id=\"pl-2738\"  class=\"panel-layout\" ><div id=\"pg-2738-0\"  class=\"panel-grid panel-no-style\" ><div id=\"pgc-2738-0-0\"  class=\"panel-grid-cell\" ><div id=\"panel-2738-0-0-0\" class=\"so-panel widget widget_sow-editor panel-first-child panel-last-child\" data-index=\"0\" ><div\n\t\t\t\n\t\t\tclass=\"so-widget-sow-editor so-widget-sow-editor-base\"\n\t\t\t\n\t\t>\n<div class=\"siteorigin-widget-tinymce textwidget\">\n\t<h2><\/h2>\n<p><img loading=\"lazy\" decoding=\"async\" class=\"alignleft size-full wp-image-180\" src=\"\/wp-content\/uploads\/2018\/12\/Alban-Gruson.jpg\" alt=\"\" width=\"266\" height=\"291\" \/><\/p>\n<p style=\"text-align: justify;\"><strong>The customs landscape\u00a0<\/strong>is at the heart of our strategic vision and of our solutions. We endeavor to be constantly tuned in to the ever-changing\u00a0<strong>European and global customs<\/strong>\u00a0scene so as to meet the expectations of customs operators and in so doing merit their confidence and loyalty.<\/p>\n<p style=\"text-align: justify;\"><strong>Our experience and commitment to quality<\/strong>\u00a0enable us to reinforce our competitiveness in the electronic customs tool market:<strong>\u00a0customs procedure management software in accordance with national regulations, data transmission and archival storage via our transmission platforms (EDI)<\/strong>. Carried forward by dematerialisation and the rapid evolution in technology, we have the necessary skills to adequately anticipate and identify the needs of our profession.<\/p>\n<p>&nbsp;<\/p>\n<h2>\"The challenge of constantly innovating, that's what motivates us !\"<\/h2>\n<p>The notion of a corporate site conveys CONEX\u2019s will to participate on the world stage in the customs domain.<\/p>\n<p style=\"text-align: justify;\">From its creation in 1985 and anticipating opinions of the day, I have always advanced the idea that there are two sides of the customs process coin: exportation procedures in the country of departure, then importation in the country of arrival.<\/p>\n<p>At the time, these two phases existed in total isolation from each other as communicating the information concerned was via paper alone.<\/p>\n<p style=\"text-align: justify;\">Electronic data exchange which first made its appearance a certain number of years ago has turned traditional work models completely upside down. Any kind of information can now be transferred from one corner of the globe to another in a matter of seconds, radically altering the character of customs procedures.<\/p>\n<p>&nbsp;<\/p>\n<p style=\"text-align: justify;\">Security concerns linked to the growing threat of terrorism have lead customs administrations everywhere to become aware of the advantages offered by new information technologies and to use them to implement strategies ensuring greater security for the citizens of the world.<\/p>\n<p>Of course, organising dematerialised exchanges relies to a large extent on the active participation of the private sector.<\/p>\n<p align=\"justify\">CONEX intends to be a useful participant in the implementation of such exchanges and to constitute a privileged bridge for the information concerned.<\/p>\n<p style=\"text-align: justify;\" align=\"justify\">To do this, the company is establishing a number of foreign subsidiaries (both within the European Union and outside its territory) in order to further develop its know-how. Furthermore, CONEX is setting up a partnership network consisting of the main countries with which Europe trades.<\/p>\n<p>&nbsp;<\/p>\n<p style=\"text-align: justify;\">The objective, with the support of traders, is to offer an adapted technical response to new regulations currently being established and to actively take part in the definition of these trade procedures in order to ensure that a real private \/ public dialogue takes place<\/p>\n<p>&nbsp;<\/p>\n<hr \/>\n<p><a href=\"\/fr\/en\/contact-2\/\"><img loading=\"lazy\" decoding=\"async\" class=\"aligncenter wp-image-3479 size-full\" src=\"https:\/\/www-conex-net.azurewebsites.net\/fr\/wp-content\/uploads\/sites\/2\/2020\/01\/contact-us-conex-your-customs-partner-1.jpg\" alt=\"contact-us-conex-your-customs-partner\" width=\"326\" height=\"171\" srcset=\"https:\/\/www.conex.net\/fr\/wp-content\/uploads\/sites\/2\/2020\/01\/contact-us-conex-your-customs-partner-1.jpg 326w, https:\/\/www.conex.net\/fr\/wp-content\/uploads\/sites\/2\/2020\/01\/contact-us-conex-your-customs-partner-1-300x157.jpg 300w\" sizes=\"auto, (max-width: 326px) 100vw, 326px\" \/><\/a><\/p>\n<\/div>\n<\/div><\/div><\/div><\/div><\/div>","protected":false},"excerpt":{"rendered":"<p>The customs landscape\u00a0is at the heart of our strategic vision and of our solutions. We endeavor to be constantly tuned in to the ever-changing\u00a0European and global customs\u00a0scene so as to meet the expectations of customs operators and in so doing merit their confidence and loyalty. Our experience and commitment to quality\u00a0enable us to reinforce our competitiveness in the electronic customs tool market:\u00a0customs procedure management software in accordance with national regulations, data transmission and archival storage [&hellip;]<\/p>\n","protected":false},"author":1,"featured_media":0,"parent":0,"menu_order":0,"comment_status":"closed","ping_status":"closed","template":"Page-fullwidth.php","meta":{"footnotes":""},"class_list":["post-2738","page","type-page","status-publish","hentry"],"yoast_head":"<!-- This site is optimized with the Yoast SEO plugin v27.4 - https:\/\/yoast.com\/product\/yoast-seo-wordpress\/ -->\n<title>Logiciels douaniers - expertise douani\u00e8re - Conex France<\/title>\n<meta name=\"description\" content=\"Logiciels de gestion des proc\u00e9dures douani\u00e8res, r\u00e9glementations nationales, transmission et archivage de donn\u00e9es douani\u00e8res via nos plateformes EDI.\" \/>\n<meta name=\"robots\" content=\"index, follow, max-snippet:-1, max-image-preview:large, max-video-preview:-1\" \/>\n<link rel=\"canonical\" href=\"https:\/\/www.conex.net\/fr\/en\/corporate-2\/\" \/>\n<meta property=\"og:locale\" content=\"fr_FR\" \/>\n<meta property=\"og:type\" content=\"article\" \/>\n<meta property=\"og:title\" content=\"Logiciels douaniers - expertise douani\u00e8re - Conex France\" \/>\n<meta property=\"og:description\" content=\"Logiciels de gestion des proc\u00e9dures douani\u00e8res, r\u00e9glementations nationales, transmission et archivage de donn\u00e9es douani\u00e8res via nos plateformes EDI.\" \/>\n<meta property=\"og:url\" content=\"https:\/\/www.conex.net\/fr\/en\/corporate-2\/\" \/>\n<meta property=\"og:site_name\" content=\"Conex France\" \/>\n<meta property=\"article:modified_time\" content=\"2020-01-10T09:39:09+00:00\" \/>\n<meta property=\"og:image\" content=\"https:\/\/www.conex.net\/fr\/wp-content\/uploads\/sites\/2\/2020\/01\/contact-us-conex-your-customs-partner-1.jpg\" \/>\n<meta name=\"twitter:card\" content=\"summary_large_image\" \/>\n<meta name=\"twitter:label1\" content=\"Dur\u00e9e de lecture estim\u00e9e\" \/>\n\t<meta name=\"twitter:data1\" content=\"2 minutes\" \/>\n<script type=\"application\/ld+json\" class=\"yoast-schema-graph\">{\"@context\":\"https:\\\/\\\/schema.org\",\"@graph\":[{\"@type\":\"WebPage\",\"@id\":\"https:\\\/\\\/www.conex.net\\\/fr\\\/en\\\/corporate-2\\\/\",\"url\":\"https:\\\/\\\/www.conex.net\\\/fr\\\/en\\\/corporate-2\\\/\",\"name\":\"Logiciels douaniers - expertise douani\u00e8re - Conex France\",\"isPartOf\":{\"@id\":\"https:\\\/\\\/www.conex.net\\\/fr\\\/#website\"},\"primaryImageOfPage\":{\"@id\":\"https:\\\/\\\/www.conex.net\\\/fr\\\/en\\\/corporate-2\\\/#primaryimage\"},\"image\":{\"@id\":\"https:\\\/\\\/www.conex.net\\\/fr\\\/en\\\/corporate-2\\\/#primaryimage\"},\"thumbnailUrl\":\"https:\\\/\\\/www.conex.net\\\/fr\\\/wp-content\\\/uploads\\\/sites\\\/2\\\/2020\\\/01\\\/contact-us-conex-your-customs-partner-1.jpg\",\"datePublished\":\"2019-01-08T08:38:05+00:00\",\"dateModified\":\"2020-01-10T09:39:09+00:00\",\"description\":\"Logiciels de gestion des proc\u00e9dures douani\u00e8res, r\u00e9glementations nationales, transmission et archivage de donn\u00e9es douani\u00e8res via nos plateformes EDI.\",\"breadcrumb\":{\"@id\":\"https:\\\/\\\/www.conex.net\\\/fr\\\/en\\\/corporate-2\\\/#breadcrumb\"},\"inLanguage\":\"fr-FR\",\"potentialAction\":[{\"@type\":\"ReadAction\",\"target\":[\"https:\\\/\\\/www.conex.net\\\/fr\\\/en\\\/corporate-2\\\/\"]}]},{\"@type\":\"ImageObject\",\"inLanguage\":\"fr-FR\",\"@id\":\"https:\\\/\\\/www.conex.net\\\/fr\\\/en\\\/corporate-2\\\/#primaryimage\",\"url\":\"https:\\\/\\\/www.conex.net\\\/fr\\\/wp-content\\\/uploads\\\/sites\\\/2\\\/2020\\\/01\\\/contact-us-conex-your-customs-partner-1.jpg\",\"contentUrl\":\"https:\\\/\\\/www.conex.net\\\/fr\\\/wp-content\\\/uploads\\\/sites\\\/2\\\/2020\\\/01\\\/contact-us-conex-your-customs-partner-1.jpg\",\"width\":326,\"height\":171,\"caption\":\"contact-us-conex-your-customs-partner\"},{\"@type\":\"BreadcrumbList\",\"@id\":\"https:\\\/\\\/www.conex.net\\\/fr\\\/en\\\/corporate-2\\\/#breadcrumb\",\"itemListElement\":[{\"@type\":\"ListItem\",\"position\":1,\"name\":\"Accueil\",\"item\":\"https:\\\/\\\/www.conex.net\\\/fr\\\/\"},{\"@type\":\"ListItem\",\"position\":2,\"name\":\"CORPORATE\"}]},{\"@type\":\"WebSite\",\"@id\":\"https:\\\/\\\/www.conex.net\\\/fr\\\/#website\",\"url\":\"https:\\\/\\\/www.conex.net\\\/fr\\\/\",\"name\":\"Conex France\",\"description\":\"Your customs partner - CONEX FRANCE\",\"publisher\":{\"@id\":\"https:\\\/\\\/www.conex.net\\\/fr\\\/#organization\"},\"potentialAction\":[{\"@type\":\"SearchAction\",\"target\":{\"@type\":\"EntryPoint\",\"urlTemplate\":\"https:\\\/\\\/www.conex.net\\\/fr\\\/?s={search_term_string}\"},\"query-input\":{\"@type\":\"PropertyValueSpecification\",\"valueRequired\":true,\"valueName\":\"search_term_string\"}}],\"inLanguage\":\"fr-FR\"},{\"@type\":\"Organization\",\"@id\":\"https:\\\/\\\/www.conex.net\\\/fr\\\/#organization\",\"name\":\"CONEX SAS\",\"url\":\"https:\\\/\\\/www.conex.net\\\/fr\\\/\",\"logo\":{\"@type\":\"ImageObject\",\"inLanguage\":\"fr-FR\",\"@id\":\"https:\\\/\\\/www.conex.net\\\/fr\\\/#\\\/schema\\\/logo\\\/image\\\/\",\"url\":\"https:\\\/\\\/www.conex.net\\\/fr\\\/wp-content\\\/uploads\\\/sites\\\/2\\\/2018\\\/10\\\/logo-conex.png\",\"contentUrl\":\"https:\\\/\\\/www.conex.net\\\/fr\\\/wp-content\\\/uploads\\\/sites\\\/2\\\/2018\\\/10\\\/logo-conex.png\",\"width\":138,\"height\":49,\"caption\":\"CONEX SAS\"},\"image\":{\"@id\":\"https:\\\/\\\/www.conex.net\\\/fr\\\/#\\\/schema\\\/logo\\\/image\\\/\"}}]}<\/script>\n<!-- \/ Yoast SEO plugin. -->","yoast_head_json":{"title":"Logiciels douaniers - expertise douani\u00e8re - Conex France","description":"Logiciels de gestion des proc\u00e9dures douani\u00e8res, r\u00e9glementations nationales, transmission et archivage de donn\u00e9es douani\u00e8res via nos plateformes EDI.","robots":{"index":"index","follow":"follow","max-snippet":"max-snippet:-1","max-image-preview":"max-image-preview:large","max-video-preview":"max-video-preview:-1"},"canonical":"https:\/\/www.conex.net\/fr\/en\/corporate-2\/","og_locale":"fr_FR","og_type":"article","og_title":"Logiciels douaniers - expertise douani\u00e8re - Conex France","og_description":"Logiciels de gestion des proc\u00e9dures douani\u00e8res, r\u00e9glementations nationales, transmission et archivage de donn\u00e9es douani\u00e8res via nos plateformes EDI.","og_url":"https:\/\/www.conex.net\/fr\/en\/corporate-2\/","og_site_name":"Conex France","article_modified_time":"2020-01-10T09:39:09+00:00","og_image":[{"url":"https:\/\/www.conex.net\/fr\/wp-content\/uploads\/sites\/2\/2020\/01\/contact-us-conex-your-customs-partner-1.jpg","type":"","width":"","height":""}],"twitter_card":"summary_large_image","twitter_misc":{"Dur\u00e9e de lecture estim\u00e9e":"2 minutes"},"schema":{"@context":"https:\/\/schema.org","@graph":[{"@type":"WebPage","@id":"https:\/\/www.conex.net\/fr\/en\/corporate-2\/","url":"https:\/\/www.conex.net\/fr\/en\/corporate-2\/","name":"Logiciels douaniers - expertise douani\u00e8re - Conex France","isPartOf":{"@id":"https:\/\/www.conex.net\/fr\/#website"},"primaryImageOfPage":{"@id":"https:\/\/www.conex.net\/fr\/en\/corporate-2\/#primaryimage"},"image":{"@id":"https:\/\/www.conex.net\/fr\/en\/corporate-2\/#primaryimage"},"thumbnailUrl":"https:\/\/www.conex.net\/fr\/wp-content\/uploads\/sites\/2\/2020\/01\/contact-us-conex-your-customs-partner-1.jpg","datePublished":"2019-01-08T08:38:05+00:00","dateModified":"2020-01-10T09:39:09+00:00","description":"Logiciels de gestion des proc\u00e9dures douani\u00e8res, r\u00e9glementations nationales, transmission et archivage de donn\u00e9es douani\u00e8res via nos plateformes EDI.","breadcrumb":{"@id":"https:\/\/www.conex.net\/fr\/en\/corporate-2\/#breadcrumb"},"inLanguage":"fr-FR","potentialAction":[{"@type":"ReadAction","target":["https:\/\/www.conex.net\/fr\/en\/corporate-2\/"]}]},{"@type":"ImageObject","inLanguage":"fr-FR","@id":"https:\/\/www.conex.net\/fr\/en\/corporate-2\/#primaryimage","url":"https:\/\/www.conex.net\/fr\/wp-content\/uploads\/sites\/2\/2020\/01\/contact-us-conex-your-customs-partner-1.jpg","contentUrl":"https:\/\/www.conex.net\/fr\/wp-content\/uploads\/sites\/2\/2020\/01\/contact-us-conex-your-customs-partner-1.jpg","width":326,"height":171,"caption":"contact-us-conex-your-customs-partner"},{"@type":"BreadcrumbList","@id":"https:\/\/www.conex.net\/fr\/en\/corporate-2\/#breadcrumb","itemListElement":[{"@type":"ListItem","position":1,"name":"Accueil","item":"https:\/\/www.conex.net\/fr\/"},{"@type":"ListItem","position":2,"name":"CORPORATE"}]},{"@type":"WebSite","@id":"https:\/\/www.conex.net\/fr\/#website","url":"https:\/\/www.conex.net\/fr\/","name":"Conex France","description":"Your customs partner - CONEX FRANCE","publisher":{"@id":"https:\/\/www.conex.net\/fr\/#organization"},"potentialAction":[{"@type":"SearchAction","target":{"@type":"EntryPoint","urlTemplate":"https:\/\/www.conex.net\/fr\/?s={search_term_string}"},"query-input":{"@type":"PropertyValueSpecification","valueRequired":true,"valueName":"search_term_string"}}],"inLanguage":"fr-FR"},{"@type":"Organization","@id":"https:\/\/www.conex.net\/fr\/#organization","name":"CONEX SAS","url":"https:\/\/www.conex.net\/fr\/","logo":{"@type":"ImageObject","inLanguage":"fr-FR","@id":"https:\/\/www.conex.net\/fr\/#\/schema\/logo\/image\/","url":"https:\/\/www.conex.net\/fr\/wp-content\/uploads\/sites\/2\/2018\/10\/logo-conex.png","contentUrl":"https:\/\/www.conex.net\/fr\/wp-content\/uploads\/sites\/2\/2018\/10\/logo-conex.png","width":138,"height":49,"caption":"CONEX SAS"},"image":{"@id":"https:\/\/www.conex.net\/fr\/#\/schema\/logo\/image\/"}}]}},"_links":{"self":[{"href":"https:\/\/www.conex.net\/fr\/wp-json\/wp\/v2\/pages\/2738","targetHints":{"allow":["GET"]}}],"collection":[{"href":"https:\/\/www.conex.net\/fr\/wp-json\/wp\/v2\/pages"}],"about":[{"href":"https:\/\/www.conex.net\/fr\/wp-json\/wp\/v2\/types\/page"}],"author":[{"embeddable":true,"href":"https:\/\/www.conex.net\/fr\/wp-json\/wp\/v2\/users\/1"}],"replies":[{"embeddable":true,"href":"https:\/\/www.conex.net\/fr\/wp-json\/wp\/v2\/comments?post=2738"}],"version-history":[{"count":6,"href":"https:\/\/www.conex.net\/fr\/wp-json\/wp\/v2\/pages\/2738\/revisions"}],"predecessor-version":[{"id":3482,"href":"https:\/\/www.conex.net\/fr\/wp-json\/wp\/v2\/pages\/2738\/revisions\/3482"}],"wp:attachment":[{"href":"https:\/\/www.conex.net\/fr\/wp-json\/wp\/v2\/media?parent=2738"}],"curies":[{"name":"wp","href":"https:\/\/api.w.org\/{rel}","templated":true}]}}