{"id":2746,"date":"2018-11-29T15:46:38","date_gmt":"2018-11-29T14:46:38","guid":{"rendered":"https:\/\/www.conex.net\/fr\/?page_id=2746"},"modified":"2025-12-04T12:15:30","modified_gmt":"2025-12-04T11:15:30","slug":"customs-tariff-2","status":"publish","type":"page","link":"https:\/\/www.conex.net\/fr\/en\/customs-tariff-2\/","title":{"rendered":"TARIFF"},"content":{"rendered":"<div id=\"pl-2746\"  class=\"panel-layout\" ><div id=\"pg-2746-0\"  class=\"panel-grid panel-has-style\" ><div class=\"siteorigin-panels-stretch panel-row-style panel-row-style-for-2746-0\" data-stretch-type=\"full-width-stretch\" ><div id=\"pgc-2746-0-0\"  class=\"panel-grid-cell\" ><div id=\"panel-2746-0-0-0\" class=\"so-panel widget widget_sow-hero panel-first-child panel-last-child\" data-index=\"0\" ><div\n\t\t\t\n\t\t\tclass=\"so-widget-sow-hero so-widget-sow-hero-default-0890bccb21d7-2746\"\n\t\t\t\n\t\t>\t\t\t\t<div class=\"sow-slider-base\" style=\"display: none\" tabindex=\"0\">\n\t\t\t\t\t<ul\n\t\t\t\t\tclass=\"sow-slider-images\"\n\t\t\t\t\tdata-settings=\"{&quot;pagination&quot;:true,&quot;speed&quot;:800,&quot;timeout&quot;:8000,&quot;paused&quot;:false,&quot;pause_on_hover&quot;:false,&quot;swipe&quot;:false,&quot;nav_always_show_desktop&quot;:&quot;&quot;,&quot;nav_always_show_mobile&quot;:&quot;&quot;,&quot;breakpoint&quot;:&quot;780px&quot;,&quot;unmute&quot;:false,&quot;anchor&quot;:null}\"\n\t\t\t\t\tstyle=\"min-height: 430px\"\t\t\t\t\tdata-anchor-id=\"\"\n\t\t\t\t>\t\t<li class=\"sow-slider-image  sow-slider-image-cover\" style=\"visibility: visible;;background-color: #333333;background-image: url(https:\/\/www.conex.net\/fr\/wp-content\/uploads\/sites\/2\/2022\/12\/ENCYCLOproduitEN.jpg)\" >\n\t\t\t\t\t<div class=\"sow-slider-image-container\">\n\t\t\t<div class=\"sow-slider-image-wrapper\">\n\t\t\t\t\t\t\t<\/div>\n\t\t<\/div>\n\t\t\t\t<\/li>\n\t\t<\/ul>\t\t\t\t<ol class=\"sow-slider-pagination\">\n\t\t\t\t\t\t\t\t\t\t\t<li><a href=\"#\" data-goto=\"0\" aria-label=\"Display slide 1\"><\/a><\/li>\n\t\t\t\t\t\t\t\t\t<\/ol>\n\n\t\t\t\t<div class=\"sow-slide-nav sow-slide-nav-next\">\n\t\t\t\t\t<a href=\"#\" data-goto=\"next\" aria-label=\"Next slide\" data-action=\"next\">\n\t\t\t\t\t\t<em class=\"sow-sld-icon-thin-right\"><\/em>\n\t\t\t\t\t<\/a>\n\t\t\t\t<\/div>\n\n\t\t\t\t<div class=\"sow-slide-nav sow-slide-nav-prev\">\n\t\t\t\t\t<a href=\"#\" data-goto=\"previous\" aria-label=\"Previous slide\" data-action=\"prev\">\n\t\t\t\t\t\t<em class=\"sow-sld-icon-thin-left\"><\/em>\n\t\t\t\t\t<\/a>\n\t\t\t\t<\/div>\n\t\t\t\t<\/div><\/div><\/div><\/div><\/div><\/div><div id=\"pg-2746-1\"  class=\"panel-grid panel-has-style\" ><div class=\"siteorigin-panels-stretch panel-row-style panel-row-style-for-2746-1\" data-stretch-type=\"full\" ><div id=\"pgc-2746-1-0\"  class=\"panel-grid-cell\" ><div id=\"panel-2746-1-0-0\" class=\"so-panel widget widget_sow-editor panel-first-child panel-last-child\" data-index=\"1\" ><div\n\t\t\t\n\t\t\tclass=\"so-widget-sow-editor so-widget-sow-editor-base\"\n\t\t\t\n\t\t>\n<div class=\"siteorigin-widget-tinymce textwidget\">\n\t<h3 style=\"text-align: center;\"><span style=\"color: #000000;\">WHO<\/span><\/h3>\n<hr style=\"height: 2px; color: #fff; background-color: #fff; width: 50%; border: none;\" \/>\n<p style=\"text-align: center;\"><span style=\"color: #333333;\">Managers of customs and legal departments, declarants and sales and purchasing managers requiring customs regulation information.<\/span><\/p>\n<\/div>\n<\/div><\/div><\/div><div id=\"pgc-2746-1-1\"  class=\"panel-grid-cell\" ><div id=\"panel-2746-1-1-0\" class=\"so-panel widget widget_sow-editor panel-first-child panel-last-child\" data-index=\"2\" ><div\n\t\t\t\n\t\t\tclass=\"so-widget-sow-editor so-widget-sow-editor-base\"\n\t\t\t\n\t\t>\n<div class=\"siteorigin-widget-tinymce textwidget\">\n\t<h3 style=\"text-align: center;\"><span style=\"color: #000000;\">WHAT<\/span><\/h3>\n<hr style=\"height: 2px; color: #fff; background-color: #fff; width: 50%; border: none;\" \/>\n<p style=\"text-align: center;\"><span style=\"color: #333333;\">Goods tariff classification. Customs compliance. Customs tariff consultation\/interrogation. Harmonised System Explanatory Notes. Official Texts. BTI, Classification Opinions. Customs Publications. Customs regulatory surveillance.<\/span><\/p>\n<\/div>\n<\/div><\/div><\/div><div id=\"pgc-2746-1-2\"  class=\"panel-grid-cell\" ><div id=\"panel-2746-1-2-0\" class=\"so-panel widget widget_sow-editor panel-first-child panel-last-child\" data-index=\"3\" ><div\n\t\t\t\n\t\t\tclass=\"so-widget-sow-editor so-widget-sow-editor-base\"\n\t\t\t\n\t\t>\n<div class=\"siteorigin-widget-tinymce textwidget\">\n\t<h3 style=\"text-align: center;\"><span style=\"color: #000000;\">HOW<\/span><\/h3>\n<hr style=\"height: 2px; color: #fff; background-color: #fff; width: 50%; border: none;\" \/>\n<p style=\"text-align: center;\"><span style=\"color: #333333;\">Web application accessible from a computer, telephone, tablette. Annual subcription<\/span><\/p>\n<\/div>\n<\/div><\/div><\/div><\/div><\/div><div id=\"pg-2746-2\"  class=\"panel-grid panel-no-style\" ><div id=\"pgc-2746-2-0\"  class=\"panel-grid-cell\" ><div id=\"panel-2746-2-0-0\" class=\"so-panel widget widget_sow-editor panel-first-child panel-last-child\" data-index=\"4\" ><div class=\"panel-widget-style panel-widget-style-for-2746-2-0-0\" ><div\n\t\t\t\n\t\t\tclass=\"so-widget-sow-editor so-widget-sow-editor-base\"\n\t\t\t\n\t\t>\n<div class=\"siteorigin-widget-tinymce textwidget\">\n\t<p>By combining their technological and regulatory expertise, CONEX and\u00a0<a href=\"http:\/\/www.editions-ed.fr\/\">ED \u00c9ditions<\/a> propose the <strong>TARIFF via conex\u2122<\/strong>, (Encyclop\u00e9die Douani\u00e8re), a unique database that meets the European Union and national (FR) regulatory requirements faced by customs operators. A true source of customs information, the <strong>TARIFF via conex\u2122<\/strong>, (Encyclop\u00e9die Douani\u00e8re)\u00a0is organised around one or several independent modules, according to your choices and your needs: tariff classification, Customs Library, regulatory surveillance.<\/p>\n<p>&nbsp;<\/p>\n<p style=\"text-align: center;\"><a href=\"https:\/\/www.conex.net\/fr\/wp-content\/uploads\/sites\/2\/2022\/07\/EncyclopedieDouaniereViaconexen.pdf\" target=\"_blank\" rel=\"noopener\"><span style=\"color: #57a1d8;\"><strong>\u2666\u00a0Download the brochure\u00a0\u2666<\/strong><\/span><\/a><\/p>\n<hr \/>\n<h3><span style=\"color: #57a1d8;\"><strong>Tariff classification the backbone of your customs compliance \u2013 CUSTOMS TARIFF<\/strong><\/span><\/h3>\n<h4><strong><span style=\"color: #99ccff;\"><span style=\"color: #5096cc;\">\u2666<\/span> <span style=\"color: #333333;\">Customs tariff and the Harmonised System Explanatory Notes<\/span><\/span><\/strong><\/h4>\n<p><span style=\"color: #333333;\">Include the goods\u2019 commodity codes used in your customs declarations, associated definition wordings and duty and tax rates.<\/span><\/p>\n<p>&nbsp;<\/p>\n<h4><span style=\"color: #5096cc;\"><strong>\u2666 <span style=\"color: #333333;\">Classification opinions \u2013 BTI<\/span><\/strong><\/span><\/h4>\n<p><span style=\"color: #333333;\">Consultation of all the goods classification opinions issued by the competent bodies. Each commodity code quoted in the classification opinions is linked directly to the customs tariff.<\/span><\/p>\n<p>&nbsp;<\/p>\n<h4><span style=\"color: #5096cc;\"><strong>\u2666 <span style=\"color: #333333;\">A FR\/EN customisable WEB application <\/span><\/strong><\/span><\/h4>\n<p><span style=\"color: #333333;\">The customs tariff information to which you have access can be configured, whether at the regulatory level (France, territory of application, Great Britain) but also at the language level. Save preferences or consult the various regulations on an ad hoc basis.<\/span><\/p>\n<h4><span style=\"color: #5096cc;\"><strong>\u2666 <span style=\"color: #333333;\">Ask and it\u2019s found <\/span><\/strong><\/span><\/h4>\n<p><span style=\"color: #333333;\">Thanks to the power of the intelligent assistant in the customs tariff and European and British BTI databases, you have a panel of targeted and relevant results in a matter of seconds to facilitate the tariff classification of your goods.<\/span><\/p>\n<p>&nbsp;<\/p>\n<\/div>\n<\/div><\/div><\/div><\/div><\/div><div id=\"pg-2746-3\"  class=\"panel-grid panel-no-style\" ><div id=\"pgc-2746-3-0\"  class=\"panel-grid-cell\" ><div id=\"panel-2746-3-0-0\" class=\"so-panel widget widget_sow-editor panel-first-child panel-last-child\" data-index=\"5\" ><div\n\t\t\t\n\t\t\tclass=\"so-widget-sow-editor so-widget-sow-editor-base\"\n\t\t\t\n\t\t>\n<div class=\"siteorigin-widget-tinymce textwidget\">\n\t<h3><span style=\"color: #57a1d8;\"><strong>The Customs Library, a real on-line library<\/strong><\/span><\/h3>\n<p><strong><span style=\"color: #57a1d8;\">\u2666<\/span>\u00a0<\/strong><span style=\"color: #333333;\">On-line library of revised and consolidated customs regulations. A la carte subscription to the publications* of your choice.<\/span><\/p>\n<p><strong><span style=\"color: #57a1d8;\">\u2666<\/span>\u00a0<\/strong><span style=\"color: #333333;\">Hypertext navigation between publications, possibility of annotating the texts, to share them with your collaborators.<\/span><\/p>\n<h5><span style=\"color: #333333;\">* Union Customs Code (Cross-references to delegated and implementing acts), customs value, origin, customs clearance procedures and procedures, full procedures, simplified procedures, transit, special procedures, customs exemptions, trade tax regime, National Customs Code<\/span><\/h5>\n<\/div>\n<\/div><\/div><\/div><div id=\"pgc-2746-3-1\"  class=\"panel-grid-cell\" ><div id=\"panel-2746-3-1-0\" class=\"so-panel widget widget_sow-editor panel-first-child panel-last-child\" data-index=\"6\" ><div\n\t\t\t\n\t\t\tclass=\"so-widget-sow-editor so-widget-sow-editor-base\"\n\t\t\t\n\t\t>\n<div class=\"siteorigin-widget-tinymce textwidget\">\n\t<h3><span style=\"color: #57a1d8;\"><strong>Regulatory surveillance, a personalised service<\/strong><\/span><\/h3>\n<p><strong><span style=\"color: #57a1d8;\">\u2666 <\/span><\/strong><span style=\"color: #333333;\">Led by a team of specialists, we follow the news for you and provide you with the results of our national and European monitoring.<\/span><\/p>\n<p><strong><span style=\"color: #57a1d8;\">\u2666 <\/span><\/strong><span style=\"color: #333333;\">Select your preferences: customs tariff section, desired themes (quotas, refunds, antidumping duties, excises, standards, etc.).<\/span><\/p>\n<p><strong><span style=\"color: #57a1d8;\">\u2666 <\/span><\/strong><span style=\"color: #333333;\">We collect, process and summarise the information for you.<\/span><\/p>\n<h5><\/h5>\n<\/div>\n<\/div><\/div><\/div><\/div><div id=\"pg-2746-4\"  class=\"panel-grid panel-has-style\" ><div class=\"siteorigin-panels-stretch panel-row-style panel-row-style-for-2746-4\" data-stretch-type=\"full\" ><div id=\"pgc-2746-4-0\"  class=\"panel-grid-cell\" ><div id=\"panel-2746-4-0-0\" class=\"so-panel widget widget_sow-editor panel-first-child panel-last-child\" data-index=\"7\" ><div\n\t\t\t\n\t\t\tclass=\"so-widget-sow-editor so-widget-sow-editor-base\"\n\t\t\t\n\t\t>\n<div class=\"siteorigin-widget-tinymce textwidget\">\n\t<h1 style=\"text-align: center;\">WHAT MAY ALSO INTEREST YOU!<\/h1>\n<\/div>\n<\/div><\/div><\/div><\/div><\/div><div id=\"pg-2746-5\"  class=\"panel-grid panel-no-style\" ><div id=\"pgc-2746-5-0\"  class=\"panel-grid-cell\" ><div id=\"panel-2746-5-0-0\" class=\"so-panel widget widget_sow-editor panel-first-child panel-last-child\" data-index=\"8\" ><div\n\t\t\t\n\t\t\tclass=\"so-widget-sow-editor so-widget-sow-editor-base\"\n\t\t\t\n\t\t>\n<div class=\"siteorigin-widget-tinymce textwidget\">\n\t<p><img loading=\"lazy\" decoding=\"async\" class=\"aligncenter wp-image-11019 size-medium\" title=\"CUSTOMS via CONEX - \" src=\"https:\/\/www.conex.net\/fr\/wp-content\/uploads\/sites\/2\/2025\/11\/CUSTOMS-300x79.png\" alt=\"Customs via conex\" width=\"300\" height=\"79\" srcset=\"https:\/\/www.conex.net\/fr\/wp-content\/uploads\/sites\/2\/2025\/11\/CUSTOMS-300x79.png 300w, https:\/\/www.conex.net\/fr\/wp-content\/uploads\/sites\/2\/2025\/11\/CUSTOMS-1024x270.png 1024w, https:\/\/www.conex.net\/fr\/wp-content\/uploads\/sites\/2\/2025\/11\/CUSTOMS-768x203.png 768w, https:\/\/www.conex.net\/fr\/wp-content\/uploads\/sites\/2\/2025\/11\/CUSTOMS-1536x405.png 1536w, https:\/\/www.conex.net\/fr\/wp-content\/uploads\/sites\/2\/2025\/11\/CUSTOMS-2048x541.png 2048w\" sizes=\"auto, (max-width: 300px) 100vw, 300px\" \/><\/p>\n<h4 style=\"text-align: center;\">CUSTOMS via conex\u2122<\/h4>\n<p style=\"text-align: justify;\"><strong><span style=\"color: #b80000;\">CUSTOMS<\/span> via conex\u2122<\/strong>\u00a0 \u00a0is a complete and modular SaaS solution devoted to the administrative management of electronic customs clearance operations for all customs procedures. Our solution is available in several countries.<\/p>\n<p style=\"text-align: center;\"><img loading=\"lazy\" decoding=\"async\" class=\"aligncenter wp-image-2858 size-full\" title=\"CUSTOMS via CONEX - la Douane electronique\" src=\"\/fr\/wp-content\/uploads\/sites\/2\/2019\/12\/readmore-customs.jpg\" alt=\"CUSTOMS via conex\u2122\" width=\"149\" height=\"66\" \/><\/p>\n<\/div>\n<\/div><\/div><\/div><div id=\"pgc-2746-5-1\"  class=\"panel-grid-cell\" ><div id=\"panel-2746-5-1-0\" class=\"so-panel widget widget_sow-editor panel-first-child panel-last-child\" data-index=\"9\" ><div\n\t\t\t\n\t\t\tclass=\"so-widget-sow-editor so-widget-sow-editor-base\"\n\t\t\t\n\t\t>\n<div class=\"siteorigin-widget-tinymce textwidget\">\n\t<p><img loading=\"lazy\" decoding=\"async\" class=\"aligncenter wp-image-11021 size-medium\" title=\"D\u00e9claration intrastat - EUROPSTAT via CONEX - la D\u00e9claration intrastat\" src=\"https:\/\/www.conex.net\/fr\/wp-content\/uploads\/sites\/2\/2025\/11\/EUROPSTAT-300x72.png\" alt=\"\" width=\"300\" height=\"72\" srcset=\"https:\/\/www.conex.net\/fr\/wp-content\/uploads\/sites\/2\/2025\/11\/EUROPSTAT-300x72.png 300w, https:\/\/www.conex.net\/fr\/wp-content\/uploads\/sites\/2\/2025\/11\/EUROPSTAT-1024x245.png 1024w, https:\/\/www.conex.net\/fr\/wp-content\/uploads\/sites\/2\/2025\/11\/EUROPSTAT-768x184.png 768w, https:\/\/www.conex.net\/fr\/wp-content\/uploads\/sites\/2\/2025\/11\/EUROPSTAT-1536x368.png 1536w, https:\/\/www.conex.net\/fr\/wp-content\/uploads\/sites\/2\/2025\/11\/EUROPSTAT-2048x490.png 2048w\" sizes=\"auto, (max-width: 300px) 100vw, 300px\" \/><\/p>\n<h4 style=\"text-align: center;\">EUROPstat via conex\u2122<\/h4>\n<p style=\"text-align: justify;\"><strong><span style=\"color: #000080;\">EUROPstat<\/span> via conex\u2122 <\/strong>is intended for any company performing acquisitions or arrivals of goods within the EU, but also for accounting firms and agents appointed to carry out all or part of their European operations.<\/p>\n<p><img loading=\"lazy\" decoding=\"async\" class=\"aligncenter wp-image-2860 size-full\" title=\"D\u00e9claration intrastat - EUROPSTAT via CONEX - la D\u00e9claration intrastat\" src=\"\/fr\/wp-content\/uploads\/sites\/2\/2019\/12\/readmore-europstat.jpg\" alt=\"EUROPstat via conex\u2122\" width=\"149\" height=\"66\" \/><\/p>\n<\/div>\n<\/div><\/div><\/div><\/div><div id=\"pg-2746-6\"  class=\"panel-grid panel-no-style\" ><div id=\"pgc-2746-6-0\"  class=\"panel-grid-cell\" ><div id=\"panel-2746-6-0-0\" class=\"so-panel widget widget_sow-editor panel-first-child panel-last-child\" data-index=\"10\" ><div class=\"panel-widget-style panel-widget-style-for-2746-6-0-0\" ><div\n\t\t\t\n\t\t\tclass=\"so-widget-sow-editor so-widget-sow-editor-base\"\n\t\t\t\n\t\t>\n<div class=\"siteorigin-widget-tinymce textwidget\">\n\t<hr \/>\n<p><a href=\"\/fr\/en\/contact-2\/\"><img loading=\"lazy\" decoding=\"async\" class=\"aligncenter size-full wp-image-3479\" src=\"\/fr\/wp-content\/uploads\/sites\/2\/2020\/01\/contact-us-conex-your-customs-partner-1.jpg\" alt=\"contact-us-conex-your-customs-partner\" width=\"326\" height=\"171\" srcset=\"https:\/\/www.conex.net\/fr\/wp-content\/uploads\/sites\/2\/2020\/01\/contact-us-conex-your-customs-partner-1.jpg 326w, https:\/\/www.conex.net\/fr\/wp-content\/uploads\/sites\/2\/2020\/01\/contact-us-conex-your-customs-partner-1-300x157.jpg 300w\" sizes=\"auto, (max-width: 326px) 100vw, 326px\" \/><\/a><\/p>\n<\/div>\n<\/div><\/div><\/div><\/div><\/div><\/div>","protected":false},"excerpt":{"rendered":"<p>WHO Managers of customs and legal departments, declarants and sales and purchasing managers requiring customs regulation information. WHAT Goods tariff classification. Customs compliance. Customs tariff consultation\/interrogation. Harmonised System Explanatory Notes. Official Texts. BTI, Classification Opinions. Customs Publications. Customs regulatory surveillance. HOW Web application accessible from a computer, telephone, tablette. Annual subcription<\/p>\n","protected":false},"author":1,"featured_media":11028,"parent":0,"menu_order":0,"comment_status":"closed","ping_status":"closed","template":"Page-fullwidth.php","meta":{"footnotes":""},"class_list":["post-2746","page","type-page","status-publish","has-post-thumbnail","hentry"],"yoast_head":"<!-- This site is optimized with the Yoast SEO plugin v27.5 - https:\/\/yoast.com\/product\/yoast-seo-wordpress\/ -->\n<title>classement tarifaire Publith\u00e8que Douani\u00e8re L\u2019ENCYCLOP\u00c9DIE D.<\/title>\n<meta name=\"description\" content=\"informations r\u00e9glementaires douani\u00e8res, base de donn\u00e9e - r\u00e9glementation europ\u00e9enne &amp; nationale. classement tarifaire, textes officiels\" \/>\n<meta name=\"robots\" content=\"index, follow, max-snippet:-1, max-image-preview:large, max-video-preview:-1\" \/>\n<link rel=\"canonical\" href=\"https:\/\/www.conex.net\/fr\/en\/customs-tariff-2\/\" \/>\n<meta property=\"og:locale\" content=\"fr_FR\" \/>\n<meta property=\"og:type\" content=\"article\" \/>\n<meta property=\"og:title\" content=\"classement tarifaire Publith\u00e8que Douani\u00e8re L\u2019ENCYCLOP\u00c9DIE D.\" \/>\n<meta property=\"og:description\" content=\"informations r\u00e9glementaires douani\u00e8res, base de donn\u00e9e - r\u00e9glementation europ\u00e9enne &amp; nationale. classement tarifaire, textes officiels\" \/>\n<meta property=\"og:url\" content=\"https:\/\/www.conex.net\/fr\/en\/customs-tariff-2\/\" \/>\n<meta property=\"og:site_name\" content=\"Conex France\" \/>\n<meta property=\"article:modified_time\" content=\"2025-12-04T11:15:30+00:00\" \/>\n<meta property=\"og:image\" content=\"https:\/\/www.conex.net\/fr\/wp-content\/uploads\/sites\/2\/2025\/11\/TARIFF.png\" \/>\n\t<meta property=\"og:image:width\" content=\"1465\" \/>\n\t<meta property=\"og:image:height\" content=\"595\" \/>\n\t<meta property=\"og:image:type\" content=\"image\/png\" \/>\n<meta name=\"twitter:card\" content=\"summary_large_image\" \/>\n<meta name=\"twitter:label1\" content=\"Dur\u00e9e de lecture estim\u00e9e\" \/>\n\t<meta name=\"twitter:data1\" content=\"4 minutes\" \/>\n<script type=\"application\/ld+json\" class=\"yoast-schema-graph\">{\"@context\":\"https:\\\/\\\/schema.org\",\"@graph\":[{\"@type\":\"WebPage\",\"@id\":\"https:\\\/\\\/www.conex.net\\\/fr\\\/en\\\/customs-tariff-2\\\/\",\"url\":\"https:\\\/\\\/www.conex.net\\\/fr\\\/en\\\/customs-tariff-2\\\/\",\"name\":\"classement tarifaire Publith\u00e8que Douani\u00e8re L\u2019ENCYCLOP\u00c9DIE D.\",\"isPartOf\":{\"@id\":\"https:\\\/\\\/www.conex.net\\\/fr\\\/#website\"},\"primaryImageOfPage\":{\"@id\":\"https:\\\/\\\/www.conex.net\\\/fr\\\/en\\\/customs-tariff-2\\\/#primaryimage\"},\"image\":{\"@id\":\"https:\\\/\\\/www.conex.net\\\/fr\\\/en\\\/customs-tariff-2\\\/#primaryimage\"},\"thumbnailUrl\":\"https:\\\/\\\/www.conex.net\\\/fr\\\/wp-content\\\/uploads\\\/sites\\\/2\\\/2025\\\/11\\\/TARIFF.png\",\"datePublished\":\"2018-11-29T14:46:38+00:00\",\"dateModified\":\"2025-12-04T11:15:30+00:00\",\"description\":\"informations r\u00e9glementaires douani\u00e8res, base de donn\u00e9e - r\u00e9glementation europ\u00e9enne & nationale. classement tarifaire, textes officiels\",\"breadcrumb\":{\"@id\":\"https:\\\/\\\/www.conex.net\\\/fr\\\/en\\\/customs-tariff-2\\\/#breadcrumb\"},\"inLanguage\":\"fr-FR\",\"potentialAction\":[{\"@type\":\"ReadAction\",\"target\":[\"https:\\\/\\\/www.conex.net\\\/fr\\\/en\\\/customs-tariff-2\\\/\"]}]},{\"@type\":\"ImageObject\",\"inLanguage\":\"fr-FR\",\"@id\":\"https:\\\/\\\/www.conex.net\\\/fr\\\/en\\\/customs-tariff-2\\\/#primaryimage\",\"url\":\"https:\\\/\\\/www.conex.net\\\/fr\\\/wp-content\\\/uploads\\\/sites\\\/2\\\/2025\\\/11\\\/TARIFF.png\",\"contentUrl\":\"https:\\\/\\\/www.conex.net\\\/fr\\\/wp-content\\\/uploads\\\/sites\\\/2\\\/2025\\\/11\\\/TARIFF.png\",\"width\":1465,\"height\":595,\"caption\":\"TARIFF via conex\"},{\"@type\":\"BreadcrumbList\",\"@id\":\"https:\\\/\\\/www.conex.net\\\/fr\\\/en\\\/customs-tariff-2\\\/#breadcrumb\",\"itemListElement\":[{\"@type\":\"ListItem\",\"position\":1,\"name\":\"Accueil\",\"item\":\"https:\\\/\\\/www.conex.net\\\/fr\\\/\"},{\"@type\":\"ListItem\",\"position\":2,\"name\":\"TARIFF\"}]},{\"@type\":\"WebSite\",\"@id\":\"https:\\\/\\\/www.conex.net\\\/fr\\\/#website\",\"url\":\"https:\\\/\\\/www.conex.net\\\/fr\\\/\",\"name\":\"Conex France\",\"description\":\"Your customs partner - CONEX FRANCE\",\"publisher\":{\"@id\":\"https:\\\/\\\/www.conex.net\\\/fr\\\/#organization\"},\"potentialAction\":[{\"@type\":\"SearchAction\",\"target\":{\"@type\":\"EntryPoint\",\"urlTemplate\":\"https:\\\/\\\/www.conex.net\\\/fr\\\/?s={search_term_string}\"},\"query-input\":{\"@type\":\"PropertyValueSpecification\",\"valueRequired\":true,\"valueName\":\"search_term_string\"}}],\"inLanguage\":\"fr-FR\"},{\"@type\":\"Organization\",\"@id\":\"https:\\\/\\\/www.conex.net\\\/fr\\\/#organization\",\"name\":\"CONEX SAS\",\"url\":\"https:\\\/\\\/www.conex.net\\\/fr\\\/\",\"logo\":{\"@type\":\"ImageObject\",\"inLanguage\":\"fr-FR\",\"@id\":\"https:\\\/\\\/www.conex.net\\\/fr\\\/#\\\/schema\\\/logo\\\/image\\\/\",\"url\":\"https:\\\/\\\/www.conex.net\\\/fr\\\/wp-content\\\/uploads\\\/sites\\\/2\\\/2018\\\/10\\\/logo-conex.png\",\"contentUrl\":\"https:\\\/\\\/www.conex.net\\\/fr\\\/wp-content\\\/uploads\\\/sites\\\/2\\\/2018\\\/10\\\/logo-conex.png\",\"width\":138,\"height\":49,\"caption\":\"CONEX SAS\"},\"image\":{\"@id\":\"https:\\\/\\\/www.conex.net\\\/fr\\\/#\\\/schema\\\/logo\\\/image\\\/\"}}]}<\/script>\n<!-- \/ Yoast SEO plugin. -->","yoast_head_json":{"title":"classement tarifaire Publith\u00e8que Douani\u00e8re L\u2019ENCYCLOP\u00c9DIE D.","description":"informations r\u00e9glementaires douani\u00e8res, base de donn\u00e9e - r\u00e9glementation europ\u00e9enne & nationale. classement tarifaire, textes officiels","robots":{"index":"index","follow":"follow","max-snippet":"max-snippet:-1","max-image-preview":"max-image-preview:large","max-video-preview":"max-video-preview:-1"},"canonical":"https:\/\/www.conex.net\/fr\/en\/customs-tariff-2\/","og_locale":"fr_FR","og_type":"article","og_title":"classement tarifaire Publith\u00e8que Douani\u00e8re L\u2019ENCYCLOP\u00c9DIE D.","og_description":"informations r\u00e9glementaires douani\u00e8res, base de donn\u00e9e - r\u00e9glementation europ\u00e9enne & nationale. classement tarifaire, textes officiels","og_url":"https:\/\/www.conex.net\/fr\/en\/customs-tariff-2\/","og_site_name":"Conex France","article_modified_time":"2025-12-04T11:15:30+00:00","og_image":[{"width":1465,"height":595,"url":"https:\/\/www.conex.net\/fr\/wp-content\/uploads\/sites\/2\/2025\/11\/TARIFF.png","type":"image\/png"}],"twitter_card":"summary_large_image","twitter_misc":{"Dur\u00e9e de lecture estim\u00e9e":"4 minutes"},"schema":{"@context":"https:\/\/schema.org","@graph":[{"@type":"WebPage","@id":"https:\/\/www.conex.net\/fr\/en\/customs-tariff-2\/","url":"https:\/\/www.conex.net\/fr\/en\/customs-tariff-2\/","name":"classement tarifaire Publith\u00e8que Douani\u00e8re L\u2019ENCYCLOP\u00c9DIE D.","isPartOf":{"@id":"https:\/\/www.conex.net\/fr\/#website"},"primaryImageOfPage":{"@id":"https:\/\/www.conex.net\/fr\/en\/customs-tariff-2\/#primaryimage"},"image":{"@id":"https:\/\/www.conex.net\/fr\/en\/customs-tariff-2\/#primaryimage"},"thumbnailUrl":"https:\/\/www.conex.net\/fr\/wp-content\/uploads\/sites\/2\/2025\/11\/TARIFF.png","datePublished":"2018-11-29T14:46:38+00:00","dateModified":"2025-12-04T11:15:30+00:00","description":"informations r\u00e9glementaires douani\u00e8res, base de donn\u00e9e - r\u00e9glementation europ\u00e9enne & nationale. classement tarifaire, textes officiels","breadcrumb":{"@id":"https:\/\/www.conex.net\/fr\/en\/customs-tariff-2\/#breadcrumb"},"inLanguage":"fr-FR","potentialAction":[{"@type":"ReadAction","target":["https:\/\/www.conex.net\/fr\/en\/customs-tariff-2\/"]}]},{"@type":"ImageObject","inLanguage":"fr-FR","@id":"https:\/\/www.conex.net\/fr\/en\/customs-tariff-2\/#primaryimage","url":"https:\/\/www.conex.net\/fr\/wp-content\/uploads\/sites\/2\/2025\/11\/TARIFF.png","contentUrl":"https:\/\/www.conex.net\/fr\/wp-content\/uploads\/sites\/2\/2025\/11\/TARIFF.png","width":1465,"height":595,"caption":"TARIFF via conex"},{"@type":"BreadcrumbList","@id":"https:\/\/www.conex.net\/fr\/en\/customs-tariff-2\/#breadcrumb","itemListElement":[{"@type":"ListItem","position":1,"name":"Accueil","item":"https:\/\/www.conex.net\/fr\/"},{"@type":"ListItem","position":2,"name":"TARIFF"}]},{"@type":"WebSite","@id":"https:\/\/www.conex.net\/fr\/#website","url":"https:\/\/www.conex.net\/fr\/","name":"Conex France","description":"Your customs partner - CONEX FRANCE","publisher":{"@id":"https:\/\/www.conex.net\/fr\/#organization"},"potentialAction":[{"@type":"SearchAction","target":{"@type":"EntryPoint","urlTemplate":"https:\/\/www.conex.net\/fr\/?s={search_term_string}"},"query-input":{"@type":"PropertyValueSpecification","valueRequired":true,"valueName":"search_term_string"}}],"inLanguage":"fr-FR"},{"@type":"Organization","@id":"https:\/\/www.conex.net\/fr\/#organization","name":"CONEX SAS","url":"https:\/\/www.conex.net\/fr\/","logo":{"@type":"ImageObject","inLanguage":"fr-FR","@id":"https:\/\/www.conex.net\/fr\/#\/schema\/logo\/image\/","url":"https:\/\/www.conex.net\/fr\/wp-content\/uploads\/sites\/2\/2018\/10\/logo-conex.png","contentUrl":"https:\/\/www.conex.net\/fr\/wp-content\/uploads\/sites\/2\/2018\/10\/logo-conex.png","width":138,"height":49,"caption":"CONEX SAS"},"image":{"@id":"https:\/\/www.conex.net\/fr\/#\/schema\/logo\/image\/"}}]}},"_links":{"self":[{"href":"https:\/\/www.conex.net\/fr\/wp-json\/wp\/v2\/pages\/2746","targetHints":{"allow":["GET"]}}],"collection":[{"href":"https:\/\/www.conex.net\/fr\/wp-json\/wp\/v2\/pages"}],"about":[{"href":"https:\/\/www.conex.net\/fr\/wp-json\/wp\/v2\/types\/page"}],"author":[{"embeddable":true,"href":"https:\/\/www.conex.net\/fr\/wp-json\/wp\/v2\/users\/1"}],"replies":[{"embeddable":true,"href":"https:\/\/www.conex.net\/fr\/wp-json\/wp\/v2\/comments?post=2746"}],"version-history":[{"count":54,"href":"https:\/\/www.conex.net\/fr\/wp-json\/wp\/v2\/pages\/2746\/revisions"}],"predecessor-version":[{"id":11120,"href":"https:\/\/www.conex.net\/fr\/wp-json\/wp\/v2\/pages\/2746\/revisions\/11120"}],"wp:featuredmedia":[{"embeddable":true,"href":"https:\/\/www.conex.net\/fr\/wp-json\/wp\/v2\/media\/11028"}],"wp:attachment":[{"href":"https:\/\/www.conex.net\/fr\/wp-json\/wp\/v2\/media?parent=2746"}],"curies":[{"name":"wp","href":"https:\/\/api.w.org\/{rel}","templated":true}]}}