{"id":2769,"date":"2018-11-29T15:46:23","date_gmt":"2018-11-29T14:46:23","guid":{"rendered":"https:\/\/www.conex.net\/fr\/?page_id=2769"},"modified":"2024-01-30T10:17:00","modified_gmt":"2024-01-30T09:17:00","slug":"emebi-2","status":"publish","type":"page","link":"https:\/\/www.conex.net\/fr\/en\/emebi-2\/","title":{"rendered":"EMEBI"},"content":{"rendered":"<div id=\"pl-2769\"  class=\"panel-layout\" ><div id=\"pg-2769-0\"  class=\"panel-grid panel-has-style\" ><div class=\"siteorigin-panels-stretch panel-row-style panel-row-style-for-2769-0\" data-stretch-type=\"full-stretched\" ><div id=\"pgc-2769-0-0\"  class=\"panel-grid-cell\" ><div id=\"panel-2769-0-0-0\" class=\"so-panel widget widget_sow-hero panel-first-child panel-last-child\" data-index=\"0\" ><div\n\t\t\t\n\t\t\tclass=\"so-widget-sow-hero so-widget-sow-hero-default-5eef7a7bfc63-2769\"\n\t\t\t\n\t\t>\t\t\t\t<div class=\"sow-slider-base\" style=\"display: none\" tabindex=\"0\">\n\t\t\t\t\t<ul\n\t\t\t\t\tclass=\"sow-slider-images\"\n\t\t\t\t\tdata-settings=\"{&quot;pagination&quot;:true,&quot;speed&quot;:800,&quot;timeout&quot;:8000,&quot;paused&quot;:false,&quot;pause_on_hover&quot;:false,&quot;swipe&quot;:false,&quot;nav_always_show_desktop&quot;:&quot;&quot;,&quot;nav_always_show_mobile&quot;:&quot;&quot;,&quot;breakpoint&quot;:&quot;780px&quot;,&quot;unmute&quot;:false,&quot;anchor&quot;:null}\"\n\t\t\t\t\tstyle=\"min-height: 400px\"\t\t\t\t\tdata-anchor-id=\"\"\n\t\t\t\t>\t\t<li class=\"sow-slider-image  sow-slider-image-cover\" style=\"visibility: visible;;background-color: #333333;background-image: url(https:\/\/www.conex.net\/fr\/wp-content\/uploads\/sites\/2\/2024\/01\/EUROPSTATproduitsEN.jpg)\" >\n\t\t\t\t\t<div class=\"sow-slider-image-container\">\n\t\t\t<div class=\"sow-slider-image-wrapper\">\n\t\t\t\t\t\t\t<\/div>\n\t\t<\/div>\n\t\t\t\t<\/li>\n\t\t<\/ul>\t\t\t\t<ol class=\"sow-slider-pagination\">\n\t\t\t\t\t\t\t\t\t\t\t<li><a href=\"#\" data-goto=\"0\" aria-label=\"Display slide 1\"><\/a><\/li>\n\t\t\t\t\t\t\t\t\t<\/ol>\n\n\t\t\t\t<div class=\"sow-slide-nav sow-slide-nav-next\">\n\t\t\t\t\t<a href=\"#\" data-goto=\"next\" aria-label=\"Next slide\" data-action=\"next\">\n\t\t\t\t\t\t<em class=\"sow-sld-icon-thin-right\"><\/em>\n\t\t\t\t\t<\/a>\n\t\t\t\t<\/div>\n\n\t\t\t\t<div class=\"sow-slide-nav sow-slide-nav-prev\">\n\t\t\t\t\t<a href=\"#\" data-goto=\"previous\" aria-label=\"Previous slide\" data-action=\"prev\">\n\t\t\t\t\t\t<em class=\"sow-sld-icon-thin-left\"><\/em>\n\t\t\t\t\t<\/a>\n\t\t\t\t<\/div>\n\t\t\t\t<\/div><\/div><\/div><\/div><\/div><\/div><div id=\"pg-2769-1\"  class=\"panel-grid panel-has-style\" ><div class=\"siteorigin-panels-stretch panel-row-style panel-row-style-for-2769-1\" data-stretch-type=\"full\" ><div id=\"pgc-2769-1-0\"  class=\"panel-grid-cell\" ><div id=\"panel-2769-1-0-0\" class=\"so-panel widget widget_sow-editor panel-first-child panel-last-child\" data-index=\"1\" ><div\n\t\t\t\n\t\t\tclass=\"so-widget-sow-editor so-widget-sow-editor-base\"\n\t\t\t\n\t\t>\n<div class=\"siteorigin-widget-tinymce textwidget\">\n\t<h3 style=\"text-align: center;\"><span style=\"color: #000000;\">WHO<\/span><\/h3>\n<hr style=\"height: 2px; color: #fff; background-color: #fff; width: 50%; border: none;\" \/>\n<p style=\"text-align: center;\"><span style=\"color: #000000;\">All traders undertaking the purchase and\/or delivery of goods within the EU; Auditors or public accounting firms mandated by companies to perform all or some of their European operations on their behalf.<\/span><\/p>\n<\/div>\n<\/div><\/div><\/div><div id=\"pgc-2769-1-1\"  class=\"panel-grid-cell\" ><div id=\"panel-2769-1-1-0\" class=\"so-panel widget widget_sow-editor panel-first-child panel-last-child\" data-index=\"2\" ><div\n\t\t\t\n\t\t\tclass=\"so-widget-sow-editor so-widget-sow-editor-base\"\n\t\t\t\n\t\t>\n<div class=\"siteorigin-widget-tinymce textwidget\">\n\t<h3 style=\"text-align: center;\"><span style=\"color: #000000;\">WHAT<\/span><\/h3>\n<hr style=\"height: 2px; color: #fff; background-color: #fff; width: 50%; border: none;\" \/>\n<p style=\"text-align: center;\"><span style=\"color: #000000;\">European EMEBI declaration for the movement of goods inside the European customs territory. Preparation of the file to transmit to administrations.<\/span><\/p>\n<p>&nbsp;<\/p>\n<\/div>\n<\/div><\/div><\/div><div id=\"pgc-2769-1-2\"  class=\"panel-grid-cell\" ><div id=\"panel-2769-1-2-0\" class=\"so-panel widget widget_sow-editor panel-first-child panel-last-child\" data-index=\"3\" ><div\n\t\t\t\n\t\t\tclass=\"so-widget-sow-editor so-widget-sow-editor-base\"\n\t\t\t\n\t\t>\n<div class=\"siteorigin-widget-tinymce textwidget\">\n\t<h3 style=\"text-align: center;\"><span style=\"color: #000000;\">HOW<\/span><\/h3>\n<hr style=\"height: 2px; color: #fff; background-color: #fff; width: 50%; border: none;\" \/>\n<p style=\"text-align: center;\"><span style=\"color: #000000;\">Software solution making it possible to enter data manually or to interface with another system to recover data upstream.<\/span><\/p>\n<\/div>\n<\/div><\/div><\/div><\/div><\/div><div id=\"pg-2769-2\"  class=\"panel-grid panel-no-style\" ><div id=\"pgc-2769-2-0\"  class=\"panel-grid-cell\" ><div id=\"panel-2769-2-0-0\" class=\"so-panel widget widget_sow-editor panel-first-child panel-last-child\" data-index=\"4\" ><div class=\"panel-widget-style panel-widget-style-for-2769-2-0-0\" ><div\n\t\t\t\n\t\t\tclass=\"so-widget-sow-editor so-widget-sow-editor-base\"\n\t\t\t\n\t\t>\n<div class=\"siteorigin-widget-tinymce textwidget\">\n\t<h4><strong><span style=\"color: #2e64b0;\">EUROPstat <\/span>via conex\u2122<\/strong> is intended for any company performing acquisitions or arrivals of goods within the EU, but also for accounting firms and agents appointed to carry out all or part of their European operations. The <span style=\"color: #000000;\">EMEBI <\/span> declaration is also called <span style=\"color: #000000;\">EMEBI <\/span> in France, signifying Declaration of Exchange of Goods.<\/h4>\n<h4><\/h4>\n<h4><strong><span style=\"color: #2e64b0;\">EUROPstat <\/span>via conex\u2122 <\/strong>benefits from a label of conformity from the customs administration.<\/h4>\n<hr \/>\n<\/div>\n<\/div><\/div><\/div><\/div><\/div><div id=\"pg-2769-3\"  class=\"panel-grid panel-no-style\" ><div id=\"pgc-2769-3-0\"  class=\"panel-grid-cell\" ><div id=\"panel-2769-3-0-0\" class=\"so-panel widget widget_sow-editor panel-first-child panel-last-child\" data-index=\"5\" ><div\n\t\t\t\n\t\t\tclass=\"so-widget-sow-editor so-widget-sow-editor-base\"\n\t\t\t\n\t\t>\n<div class=\"siteorigin-widget-tinymce textwidget\">\n\t<h3><span style=\"color: #3365bd;\"><strong>Easy and secure data input!<\/strong><\/span><\/h3>\n<p>&nbsp;<\/p>\n<p>Data input generated automatically through the interface with any other IT processing chain or through an EDI transfer.<\/p>\n<p>Customer \/ supplier files, exchange rates, commodity codes and so on are pre-filled, avoiding substantial re-keying of information and securing the drafting of reports.<\/p>\n<p>&nbsp;<\/p>\n<h3><span style=\"color: #3365bd;\"><strong>Un bilan statistique et fiscal mensuel<\/strong><\/span><\/h3>\n<p>&nbsp;<\/p>\n<p>Every month\u00a0 <strong><span style=\"color: #4972b8;\">EUROPstat<\/span> via conex\u2122<\/strong> publishes the <span style=\"color: #000000;\">EMEBI <\/span> declaration for all the intra-community exchanges within the same company or for each entity making up that company. This declaration is transmitted electronically to the administration. <strong><span style=\"color: #4972b8;\">EUROPstat<\/span> via conex\u2122<\/strong> enables the contents of your declarations to be archived for future consultation or reprinting.<\/p>\n<h3><\/h3>\n<h3><span style=\"color: #3365bd;\"><strong>A resolutely European software<\/strong><\/span><\/h3>\n<p>&nbsp;<\/p>\n<p><strong><span style=\"color: #4972b8;\">EUROPstat<\/span> via conex\u2122<\/strong> is available in several European languages and versions and takes care of drawing up the <span style=\"color: #000000;\">EMEBI <\/span>declaration according to each country\u2019s regulations. An exit interface allows you to transfer your data directly from one version to another within the European Union (mirroring principle between all EU countries).<\/p>\n<\/div>\n<\/div><\/div><\/div><\/div><div id=\"pg-2769-4\"  class=\"panel-grid panel-has-style\" ><div class=\"siteorigin-panels-stretch panel-row-style panel-row-style-for-2769-4\" data-stretch-type=\"full\" ><div id=\"pgc-2769-4-0\"  class=\"panel-grid-cell\" ><div id=\"panel-2769-4-0-0\" class=\"so-panel widget widget_sow-editor panel-first-child panel-last-child\" data-index=\"6\" ><div\n\t\t\t\n\t\t\tclass=\"so-widget-sow-editor so-widget-sow-editor-base\"\n\t\t\t\n\t\t>\n<div class=\"siteorigin-widget-tinymce textwidget\">\n\t<h1 style=\"text-align: center;\">WHAT MAY ALSO INTEREST YOU!<\/h1>\n<\/div>\n<\/div><\/div><\/div><\/div><\/div><div id=\"pg-2769-5\"  class=\"panel-grid panel-no-style\" ><div id=\"pgc-2769-5-0\"  class=\"panel-grid-cell\" ><div id=\"panel-2769-5-0-0\" class=\"so-panel widget widget_sow-editor panel-first-child panel-last-child\" data-index=\"7\" ><div\n\t\t\t\n\t\t\tclass=\"so-widget-sow-editor so-widget-sow-editor-base\"\n\t\t\t\n\t\t>\n<div class=\"siteorigin-widget-tinymce textwidget\">\n\t<p style=\"text-align: center;\"><a href=\"https:\/\/www.conex.net\/fr\/en\/customs\/\"><img loading=\"lazy\" decoding=\"async\" class=\"aligncenter wp-image-856 size-full\" title=\"CUSTOMS via CONEX- la Douane Electronique \" src=\"\/wp-content\/uploads\/2019\/05\/customs-europstat.jpg\" alt=\"CUSTOMS via CONEX- la Douane Electronique \" width=\"243\" height=\"142\" \/><\/a><\/p>\n<h4 style=\"text-align: center;\">CUSTOMS via conex\u2122<\/h4>\n<p style=\"text-align: justify;\"><strong>CUSTOMS via conex\u2122<\/strong>\u00a0is a complete and modular SaaS solution devoted to the administrative management of electronic customs clearance operations for all customs procedures. Our solution is available in several countries.<\/p>\n<p style=\"text-align: center;\"><a href=\"https:\/\/www.conex.net\/fr\/en\/customs\/\"><img loading=\"lazy\" decoding=\"async\" class=\"aligncenter wp-image-2858 size-full\" title=\"CUSTOMS via CONEX- la Douane Electronique \" src=\"\/fr\/wp-content\/uploads\/sites\/2\/2019\/12\/readmore-customs.jpg\" alt=\"CUSTOMS via conex\u2122\" width=\"149\" height=\"66\" \/><\/a><\/p>\n<\/div>\n<\/div><\/div><\/div><div id=\"pgc-2769-5-1\"  class=\"panel-grid-cell\" ><div id=\"panel-2769-5-1-0\" class=\"so-panel widget widget_sow-editor panel-first-child panel-last-child\" data-index=\"8\" ><div\n\t\t\t\n\t\t\tclass=\"so-widget-sow-editor so-widget-sow-editor-base\"\n\t\t\t\n\t\t>\n<div class=\"siteorigin-widget-tinymce textwidget\">\n\t<p style=\"text-align: center\"><a href=\"\/fr\/en\/customs-tariff-2\/\"><img loading=\"lazy\" decoding=\"async\" class=\"aligncenter wp-image-855 size-full\" title=\"ENCYCLOP\u00c9DIE DOUANIERE via CONEX- la Douane Electronique \" src=\"\/wp-content\/uploads\/2019\/05\/encyclopedie-douaniere-europstat.jpg\" alt=\"encyclopedie-douaniere-europstat - ENCYCLOP\u00c9DIE DOUANIERE via CONEX- la Douane Electronique \" width=\"243\" height=\"142\" \/><\/a><\/p>\n<h4 style=\"text-align: center\">Customs Encyclopaedia via conex\u2122,<\/h4>\n<p style=\"text-align: justify\"><strong>Customs Encyclopaedia via conex\u2122<\/strong>, an interactive tool enabling users to meet regulatory requirements: Customs tariff, Harmonised System Explanatory Notes, official texts, classification opinions, official publications, regulatory surveillance.<\/p>\n<p style=\"text-align: center\"><a href=\"\/fr\/en\/customs-tariff-2\/\"><img loading=\"lazy\" decoding=\"async\" class=\"aligncenter wp-image-2859 size-full\" title=\"ENCYCLOP\u00c9DIE DOUANI\u00c8RE via CONEX- la Douane Electronique \" src=\"\/fr\/wp-content\/uploads\/sites\/2\/2019\/12\/readmore-encyclopedie-douaniere.jpg\" alt=\"Customs Encyclopaedia via conex\u2122\" width=\"149\" height=\"66\" \/><\/a><\/p>\n<\/div>\n<\/div><\/div><\/div><div id=\"pgc-2769-5-2\"  class=\"panel-grid-cell\" ><div id=\"panel-2769-5-2-0\" class=\"so-panel widget widget_sow-editor panel-first-child panel-last-child\" data-index=\"9\" ><div\n\t\t\t\n\t\t\tclass=\"so-widget-sow-editor so-widget-sow-editor-base\"\n\t\t\t\n\t\t>\n<div class=\"siteorigin-widget-tinymce textwidget\">\n\t<p style=\"text-align: center;\"><a href=\"https:\/\/www.conex.net\/fr\/en\/excise\/\"><img loading=\"lazy\" decoding=\"async\" class=\"aligncenter wp-image-854 size-full\" title=\"ACCICES via CONEX - gestion des mouvement de marchandises\" src=\"\/wp-content\/uploads\/2019\/05\/accises-europstat.jpg\" alt=\"accises-europstat - ACCICES via CONEX - gestion des mouvement de marchandises\" width=\"243\" height=\"142\" \/><\/a><\/p>\n<h4 style=\"text-align: center;\">ACCISES via conex\u2122<\/h4>\n<p style=\"text-align: justify;\"><strong>ACCISES via conex\u2122<\/strong> Two solutions to cover your excise needs: EMCS via conex\u2122 which provides electronic processing of accompanying documents, and GAMMACCISES via conex\u2122 which allows users to manage excise movement bookkeeping.<\/p>\n<p style=\"text-align: center;\"><a href=\"https:\/\/www.conex.net\/fr\/en\/excise\/\"><img loading=\"lazy\" decoding=\"async\" class=\"aligncenter wp-image-2857 size-full\" title=\"ACCICES via CONEX - gestion des mouvement de marchandises\" src=\"\/fr\/wp-content\/uploads\/sites\/2\/2019\/12\/readmore-accises.jpg\" alt=\"ACCISES via conex\u2122\" width=\"149\" height=\"66\" \/><\/a><\/p>\n<\/div>\n<\/div><\/div><\/div><\/div><div id=\"pg-2769-6\"  class=\"panel-grid panel-no-style\" ><div id=\"pgc-2769-6-0\"  class=\"panel-grid-cell\" ><div id=\"panel-2769-6-0-0\" class=\"so-panel widget widget_sow-editor panel-first-child panel-last-child\" data-index=\"10\" ><div\n\t\t\t\n\t\t\tclass=\"so-widget-sow-editor so-widget-sow-editor-base\"\n\t\t\t\n\t\t>\n<div class=\"siteorigin-widget-tinymce textwidget\">\n\t<hr \/>\n<p><a href=\"\/fr\/en\/contact-2\/\"><img loading=\"lazy\" decoding=\"async\" class=\"aligncenter size-full wp-image-3479\" src=\"\/fr\/wp-content\/uploads\/sites\/2\/2020\/01\/contact-us-conex-your-customs-partner-1.jpg\" alt=\"contact-us-conex-your-customs-partner\" width=\"326\" height=\"171\" srcset=\"https:\/\/www.conex.net\/fr\/wp-content\/uploads\/sites\/2\/2020\/01\/contact-us-conex-your-customs-partner-1.jpg 326w, https:\/\/www.conex.net\/fr\/wp-content\/uploads\/sites\/2\/2020\/01\/contact-us-conex-your-customs-partner-1-300x157.jpg 300w\" sizes=\"auto, (max-width: 326px) 100vw, 326px\" \/><\/a><\/p>\n<\/div>\n<\/div><\/div><\/div><\/div><\/div>","protected":false},"excerpt":{"rendered":"<p>WHO All traders undertaking the purchase and\/or delivery of goods within the EU; Auditors or public accounting firms mandated by companies to perform all or some of their European operations on their behalf. WHAT European EMEBI declaration for the movement of goods inside the European customs territory. Preparation of the file to transmit to administrations. &nbsp; HOW Software solution making it possible to enter data manually or to interface with another system to recover data [&hellip;]<\/p>\n","protected":false},"author":1,"featured_media":3304,"parent":0,"menu_order":0,"comment_status":"closed","ping_status":"closed","template":"Page-fullwidth.php","meta":{"footnotes":""},"class_list":["post-2769","page","type-page","status-publish","has-post-thumbnail","hentry"],"yoast_head":"<!-- This site is optimized with the Yoast SEO plugin v27.4 - https:\/\/yoast.com\/product\/yoast-seo-wordpress\/ -->\n<title>EMEBI EUROPstat via conex - DEB - Conex France<\/title>\n<meta name=\"description\" content=\"EUROPstat via conex\u2122 est destin\u00e9 \u00e0 toute entreprise op\u00e9rant des acquisitions ou introductions de marchandises au sein de l\u2019Union Europ\u00e9enne, mais aussi aux cabinets d\u2019expertise comptable et mandataires d\u00e9sign\u00e9s pour effectuer tout ou partie de leurs op\u00e9rations europ\u00e9ennes. La d\u00e9claration INTRASTAT est aussi appel\u00e9e en France DEB, D\u00e9claration d\u2019\u00c9changes de Biens.\" \/>\n<meta name=\"robots\" content=\"index, follow, max-snippet:-1, max-image-preview:large, max-video-preview:-1\" \/>\n<link rel=\"canonical\" href=\"https:\/\/www.conex.net\/fr\/en\/emebi-2\/\" \/>\n<meta property=\"og:locale\" content=\"fr_FR\" \/>\n<meta property=\"og:type\" content=\"article\" \/>\n<meta property=\"og:title\" content=\"EMEBI EUROPstat via conex - DEB - Conex France\" \/>\n<meta property=\"og:description\" content=\"EUROPstat via conex\u2122 est destin\u00e9 \u00e0 toute entreprise op\u00e9rant des acquisitions ou introductions de marchandises au sein de l\u2019Union Europ\u00e9enne, mais aussi aux cabinets d\u2019expertise comptable et mandataires d\u00e9sign\u00e9s pour effectuer tout ou partie de leurs op\u00e9rations europ\u00e9ennes. La d\u00e9claration INTRASTAT est aussi appel\u00e9e en France DEB, D\u00e9claration d\u2019\u00c9changes de Biens.\" \/>\n<meta property=\"og:url\" content=\"https:\/\/www.conex.net\/fr\/en\/emebi-2\/\" \/>\n<meta property=\"og:site_name\" content=\"Conex France\" \/>\n<meta property=\"article:modified_time\" content=\"2024-01-30T09:17:00+00:00\" \/>\n<meta property=\"og:image\" content=\"https:\/\/www.conex.net\/fr\/wp-content\/uploads\/sites\/2\/2020\/01\/EUROPstatviaconex200.jpg\" \/>\n\t<meta property=\"og:image:width\" content=\"233\" \/>\n\t<meta property=\"og:image:height\" content=\"200\" \/>\n\t<meta property=\"og:image:type\" content=\"image\/jpeg\" \/>\n<meta name=\"twitter:card\" content=\"summary_large_image\" \/>\n<meta name=\"twitter:label1\" content=\"Dur\u00e9e de lecture estim\u00e9e\" \/>\n\t<meta name=\"twitter:data1\" content=\"4 minutes\" \/>\n<script type=\"application\/ld+json\" class=\"yoast-schema-graph\">{\"@context\":\"https:\\\/\\\/schema.org\",\"@graph\":[{\"@type\":\"WebPage\",\"@id\":\"https:\\\/\\\/www.conex.net\\\/fr\\\/en\\\/emebi-2\\\/\",\"url\":\"https:\\\/\\\/www.conex.net\\\/fr\\\/en\\\/emebi-2\\\/\",\"name\":\"EMEBI EUROPstat via conex - DEB - Conex France\",\"isPartOf\":{\"@id\":\"https:\\\/\\\/www.conex.net\\\/fr\\\/#website\"},\"primaryImageOfPage\":{\"@id\":\"https:\\\/\\\/www.conex.net\\\/fr\\\/en\\\/emebi-2\\\/#primaryimage\"},\"image\":{\"@id\":\"https:\\\/\\\/www.conex.net\\\/fr\\\/en\\\/emebi-2\\\/#primaryimage\"},\"thumbnailUrl\":\"https:\\\/\\\/www.conex.net\\\/fr\\\/wp-content\\\/uploads\\\/sites\\\/2\\\/2020\\\/01\\\/EUROPstatviaconex200.jpg\",\"datePublished\":\"2018-11-29T14:46:23+00:00\",\"dateModified\":\"2024-01-30T09:17:00+00:00\",\"description\":\"EUROPstat via conex\u2122 est destin\u00e9 \u00e0 toute entreprise op\u00e9rant des acquisitions ou introductions de marchandises au sein de l\u2019Union Europ\u00e9enne, mais aussi aux cabinets d\u2019expertise comptable et mandataires d\u00e9sign\u00e9s pour effectuer tout ou partie de leurs op\u00e9rations europ\u00e9ennes. La d\u00e9claration INTRASTAT est aussi appel\u00e9e en France DEB, D\u00e9claration d\u2019\u00c9changes de Biens.\",\"breadcrumb\":{\"@id\":\"https:\\\/\\\/www.conex.net\\\/fr\\\/en\\\/emebi-2\\\/#breadcrumb\"},\"inLanguage\":\"fr-FR\",\"potentialAction\":[{\"@type\":\"ReadAction\",\"target\":[\"https:\\\/\\\/www.conex.net\\\/fr\\\/en\\\/emebi-2\\\/\"]}]},{\"@type\":\"ImageObject\",\"inLanguage\":\"fr-FR\",\"@id\":\"https:\\\/\\\/www.conex.net\\\/fr\\\/en\\\/emebi-2\\\/#primaryimage\",\"url\":\"https:\\\/\\\/www.conex.net\\\/fr\\\/wp-content\\\/uploads\\\/sites\\\/2\\\/2020\\\/01\\\/EUROPstatviaconex200.jpg\",\"contentUrl\":\"https:\\\/\\\/www.conex.net\\\/fr\\\/wp-content\\\/uploads\\\/sites\\\/2\\\/2020\\\/01\\\/EUROPstatviaconex200.jpg\",\"width\":233,\"height\":200,\"caption\":\"EUROPstat via conex\"},{\"@type\":\"BreadcrumbList\",\"@id\":\"https:\\\/\\\/www.conex.net\\\/fr\\\/en\\\/emebi-2\\\/#breadcrumb\",\"itemListElement\":[{\"@type\":\"ListItem\",\"position\":1,\"name\":\"Accueil\",\"item\":\"https:\\\/\\\/www.conex.net\\\/fr\\\/\"},{\"@type\":\"ListItem\",\"position\":2,\"name\":\"EMEBI\"}]},{\"@type\":\"WebSite\",\"@id\":\"https:\\\/\\\/www.conex.net\\\/fr\\\/#website\",\"url\":\"https:\\\/\\\/www.conex.net\\\/fr\\\/\",\"name\":\"Conex France\",\"description\":\"Your customs partner - CONEX FRANCE\",\"publisher\":{\"@id\":\"https:\\\/\\\/www.conex.net\\\/fr\\\/#organization\"},\"potentialAction\":[{\"@type\":\"SearchAction\",\"target\":{\"@type\":\"EntryPoint\",\"urlTemplate\":\"https:\\\/\\\/www.conex.net\\\/fr\\\/?s={search_term_string}\"},\"query-input\":{\"@type\":\"PropertyValueSpecification\",\"valueRequired\":true,\"valueName\":\"search_term_string\"}}],\"inLanguage\":\"fr-FR\"},{\"@type\":\"Organization\",\"@id\":\"https:\\\/\\\/www.conex.net\\\/fr\\\/#organization\",\"name\":\"CONEX SAS\",\"url\":\"https:\\\/\\\/www.conex.net\\\/fr\\\/\",\"logo\":{\"@type\":\"ImageObject\",\"inLanguage\":\"fr-FR\",\"@id\":\"https:\\\/\\\/www.conex.net\\\/fr\\\/#\\\/schema\\\/logo\\\/image\\\/\",\"url\":\"https:\\\/\\\/www.conex.net\\\/fr\\\/wp-content\\\/uploads\\\/sites\\\/2\\\/2018\\\/10\\\/logo-conex.png\",\"contentUrl\":\"https:\\\/\\\/www.conex.net\\\/fr\\\/wp-content\\\/uploads\\\/sites\\\/2\\\/2018\\\/10\\\/logo-conex.png\",\"width\":138,\"height\":49,\"caption\":\"CONEX SAS\"},\"image\":{\"@id\":\"https:\\\/\\\/www.conex.net\\\/fr\\\/#\\\/schema\\\/logo\\\/image\\\/\"}}]}<\/script>\n<!-- \/ Yoast SEO plugin. -->","yoast_head_json":{"title":"EMEBI EUROPstat via conex - DEB - Conex France","description":"EUROPstat via conex\u2122 est destin\u00e9 \u00e0 toute entreprise op\u00e9rant des acquisitions ou introductions de marchandises au sein de l\u2019Union Europ\u00e9enne, mais aussi aux cabinets d\u2019expertise comptable et mandataires d\u00e9sign\u00e9s pour effectuer tout ou partie de leurs op\u00e9rations europ\u00e9ennes. La d\u00e9claration INTRASTAT est aussi appel\u00e9e en France DEB, D\u00e9claration d\u2019\u00c9changes de Biens.","robots":{"index":"index","follow":"follow","max-snippet":"max-snippet:-1","max-image-preview":"max-image-preview:large","max-video-preview":"max-video-preview:-1"},"canonical":"https:\/\/www.conex.net\/fr\/en\/emebi-2\/","og_locale":"fr_FR","og_type":"article","og_title":"EMEBI EUROPstat via conex - DEB - Conex France","og_description":"EUROPstat via conex\u2122 est destin\u00e9 \u00e0 toute entreprise op\u00e9rant des acquisitions ou introductions de marchandises au sein de l\u2019Union Europ\u00e9enne, mais aussi aux cabinets d\u2019expertise comptable et mandataires d\u00e9sign\u00e9s pour effectuer tout ou partie de leurs op\u00e9rations europ\u00e9ennes. La d\u00e9claration INTRASTAT est aussi appel\u00e9e en France DEB, D\u00e9claration d\u2019\u00c9changes de Biens.","og_url":"https:\/\/www.conex.net\/fr\/en\/emebi-2\/","og_site_name":"Conex France","article_modified_time":"2024-01-30T09:17:00+00:00","og_image":[{"width":233,"height":200,"url":"https:\/\/www.conex.net\/fr\/wp-content\/uploads\/sites\/2\/2020\/01\/EUROPstatviaconex200.jpg","type":"image\/jpeg"}],"twitter_card":"summary_large_image","twitter_misc":{"Dur\u00e9e de lecture estim\u00e9e":"4 minutes"},"schema":{"@context":"https:\/\/schema.org","@graph":[{"@type":"WebPage","@id":"https:\/\/www.conex.net\/fr\/en\/emebi-2\/","url":"https:\/\/www.conex.net\/fr\/en\/emebi-2\/","name":"EMEBI EUROPstat via conex - DEB - Conex France","isPartOf":{"@id":"https:\/\/www.conex.net\/fr\/#website"},"primaryImageOfPage":{"@id":"https:\/\/www.conex.net\/fr\/en\/emebi-2\/#primaryimage"},"image":{"@id":"https:\/\/www.conex.net\/fr\/en\/emebi-2\/#primaryimage"},"thumbnailUrl":"https:\/\/www.conex.net\/fr\/wp-content\/uploads\/sites\/2\/2020\/01\/EUROPstatviaconex200.jpg","datePublished":"2018-11-29T14:46:23+00:00","dateModified":"2024-01-30T09:17:00+00:00","description":"EUROPstat via conex\u2122 est destin\u00e9 \u00e0 toute entreprise op\u00e9rant des acquisitions ou introductions de marchandises au sein de l\u2019Union Europ\u00e9enne, mais aussi aux cabinets d\u2019expertise comptable et mandataires d\u00e9sign\u00e9s pour effectuer tout ou partie de leurs op\u00e9rations europ\u00e9ennes. La d\u00e9claration INTRASTAT est aussi appel\u00e9e en France DEB, D\u00e9claration d\u2019\u00c9changes de Biens.","breadcrumb":{"@id":"https:\/\/www.conex.net\/fr\/en\/emebi-2\/#breadcrumb"},"inLanguage":"fr-FR","potentialAction":[{"@type":"ReadAction","target":["https:\/\/www.conex.net\/fr\/en\/emebi-2\/"]}]},{"@type":"ImageObject","inLanguage":"fr-FR","@id":"https:\/\/www.conex.net\/fr\/en\/emebi-2\/#primaryimage","url":"https:\/\/www.conex.net\/fr\/wp-content\/uploads\/sites\/2\/2020\/01\/EUROPstatviaconex200.jpg","contentUrl":"https:\/\/www.conex.net\/fr\/wp-content\/uploads\/sites\/2\/2020\/01\/EUROPstatviaconex200.jpg","width":233,"height":200,"caption":"EUROPstat via conex"},{"@type":"BreadcrumbList","@id":"https:\/\/www.conex.net\/fr\/en\/emebi-2\/#breadcrumb","itemListElement":[{"@type":"ListItem","position":1,"name":"Accueil","item":"https:\/\/www.conex.net\/fr\/"},{"@type":"ListItem","position":2,"name":"EMEBI"}]},{"@type":"WebSite","@id":"https:\/\/www.conex.net\/fr\/#website","url":"https:\/\/www.conex.net\/fr\/","name":"Conex France","description":"Your customs partner - CONEX FRANCE","publisher":{"@id":"https:\/\/www.conex.net\/fr\/#organization"},"potentialAction":[{"@type":"SearchAction","target":{"@type":"EntryPoint","urlTemplate":"https:\/\/www.conex.net\/fr\/?s={search_term_string}"},"query-input":{"@type":"PropertyValueSpecification","valueRequired":true,"valueName":"search_term_string"}}],"inLanguage":"fr-FR"},{"@type":"Organization","@id":"https:\/\/www.conex.net\/fr\/#organization","name":"CONEX SAS","url":"https:\/\/www.conex.net\/fr\/","logo":{"@type":"ImageObject","inLanguage":"fr-FR","@id":"https:\/\/www.conex.net\/fr\/#\/schema\/logo\/image\/","url":"https:\/\/www.conex.net\/fr\/wp-content\/uploads\/sites\/2\/2018\/10\/logo-conex.png","contentUrl":"https:\/\/www.conex.net\/fr\/wp-content\/uploads\/sites\/2\/2018\/10\/logo-conex.png","width":138,"height":49,"caption":"CONEX SAS"},"image":{"@id":"https:\/\/www.conex.net\/fr\/#\/schema\/logo\/image\/"}}]}},"_links":{"self":[{"href":"https:\/\/www.conex.net\/fr\/wp-json\/wp\/v2\/pages\/2769","targetHints":{"allow":["GET"]}}],"collection":[{"href":"https:\/\/www.conex.net\/fr\/wp-json\/wp\/v2\/pages"}],"about":[{"href":"https:\/\/www.conex.net\/fr\/wp-json\/wp\/v2\/types\/page"}],"author":[{"embeddable":true,"href":"https:\/\/www.conex.net\/fr\/wp-json\/wp\/v2\/users\/1"}],"replies":[{"embeddable":true,"href":"https:\/\/www.conex.net\/fr\/wp-json\/wp\/v2\/comments?post=2769"}],"version-history":[{"count":34,"href":"https:\/\/www.conex.net\/fr\/wp-json\/wp\/v2\/pages\/2769\/revisions"}],"predecessor-version":[{"id":9725,"href":"https:\/\/www.conex.net\/fr\/wp-json\/wp\/v2\/pages\/2769\/revisions\/9725"}],"wp:featuredmedia":[{"embeddable":true,"href":"https:\/\/www.conex.net\/fr\/wp-json\/wp\/v2\/media\/3304"}],"wp:attachment":[{"href":"https:\/\/www.conex.net\/fr\/wp-json\/wp\/v2\/media?parent=2769"}],"curies":[{"name":"wp","href":"https:\/\/api.w.org\/{rel}","templated":true}]}}