{"id":3206,"date":"2020-01-03T15:15:01","date_gmt":"2020-01-03T14:15:01","guid":{"rendered":"https:\/\/www.conex.net\/fr\/?page_id=3206"},"modified":"2022-01-13T10:56:59","modified_gmt":"2022-01-13T09:56:59","slug":"rgpd","status":"publish","type":"page","link":"https:\/\/www.conex.net\/fr\/rgpd\/","title":{"rendered":"RGPD"},"content":{"rendered":"<h3>POLITIQUE DE CONFIDENTIALITE CONEX<\/h3>\n<h4>Introduction<\/h4>\n<p>CONEX SAS s\u2019engage \u00e0 prot\u00e9ger votre vie priv\u00e9e et \u00e0 respecter ses obligations quant \u00e0 la s\u00e9curit\u00e9 des informations de ses clients.<\/p>\n<p>La pr\u00e9sente politique de confidentialit\u00e9 reprend les \u00e9l\u00e9ments suivants concernant les donn\u00e9es collect\u00e9es&nbsp;:<\/p>\n<ul>\n<li>D\u2019o\u00f9 proviennent-t-elles&nbsp;?<\/li>\n<li>Qu\u2019en faisons-nous&nbsp;?<\/li>\n<li>Comment les stockons-nous&nbsp;?<\/li>\n<li>\u00c0 qui les transf\u00e9rons-nous&nbsp;?<\/li>\n<li>Comment abordons-nous vos droits en mati\u00e8re de protection des donn\u00e9es&nbsp;?<\/li>\n<li>Comment respectons-nous les r\u00e9glementations en mati\u00e8re de protection des donn\u00e9es&nbsp;?<\/li>\n<\/ul>\n<p>Toutes les donn\u00e9es personnelles sont collect\u00e9es et trait\u00e9es conform\u00e9ment aux lois fran\u00e7aises et europ\u00e9ennes de protection des donn\u00e9es.<\/p>\n<h4><\/h4>\n<h4>Contr\u00f4leur de donn\u00e9es<\/h4>\n<p>Dans la pr\u00e9sente politique de confidentialit\u00e9, \u00ab&nbsp;CONEX \u00bb (ci-apr\u00e8s \u00ab&nbsp;nous&nbsp;\u00bb, \u00ab&nbsp;notre&nbsp;\u00bb, \u00ab&nbsp;nos&nbsp;\u00bb ou \u00ab&nbsp;CONEX&nbsp;\u00bb) vise en premier lieu CONEX SAS. Vos donn\u00e9es personnelles peuvent \u00eatre partag\u00e9es par CONEX SAS avec sa soci\u00e9t\u00e9 m\u00e8re, ses filiales et ou toute autre soci\u00e9t\u00e9 s\u0153ur.<\/p>\n<p>CONEX est le \u00ab&nbsp;responsable du traitement \u00bb de toutes les informations personnelles collect\u00e9es aupr\u00e8s de ses clients dans le cadre de RGPD, le R\u00e8glement G\u00e9n\u00e9ral sur la Protection des Donn\u00e9es.<\/p>\n<p>Conex, dont le si\u00e8ge social est situ\u00e9 en France, ZA de l&rsquo;Europe BP 40019 &#8211; 59358 ORCHIES CEDEX \u2013 est inscrite au Registre du Commerce de DOUAI RCS &nbsp;331 998 401 RCS<\/p>\n<h4><\/h4>\n<h4>Donn\u00e9es personnelles que nous collectons<\/h4>\n<p>Par \u00ab&nbsp;donn\u00e9es personnelles&nbsp;\u00bb nous entendons toutes donn\u00e9es vous concernant qui nous permettent de vous identifier, telles que vos nom, pr\u00e9nom, coordonn\u00e9es professionnelles (adresse postale , adresse e-mail, adresse IP, num\u00e9ro de t\u00e9l\u00e9phone, informations relatives \u00e0 vos acc\u00e8s aux diff\u00e9rents services que nous proposons : sites Internet, interface Helpdesk via conex, applications h\u00e9berg\u00e9es via conex*), donn\u00e9es collect\u00e9es dans les communications \u00e9chang\u00e9es avec nous ou que vous nous envoyez par courrier, messages \u00e9lectroniques, appels t\u00e9l\u00e9phoniques ou sur les r\u00e9seaux sociaux&nbsp;; *Liste non exhaustive<\/p>\n<p>Nous pouvons collecter vos donn\u00e9es personnelles quand vous renseignez un formulaire de demande d\u2019information via Internet, vous renseignez votre fiche PROFIL CLIENT, vous participez \u00e0 l\u2019une de nos conf\u00e9rences, formation, salon ou tout autre \u00e9v\u00e8nement, participez \u00e0 une enqu\u00eate, ou quand vous nous contactez.<b><br \/>\n<\/b><br \/>\n<b><\/b><\/p>\n<h4>\u00c0 quelles fins utilisons-nous vos donn\u00e9es personnelles, pourquoi et pour combien de temps.<\/h4>\n<p>Vos donn\u00e9es peuvent \u00eatre utilis\u00e9es aux fins suivantes&nbsp;:<\/p>\n<p>&#8211; Fournir les informations, produits et services que vous demandez&nbsp;: nous utilisons les informations que vous nous fournissez pour r\u00e9pondre \u00e0 une demande de votre part.<\/p>\n<p>&#8211; Vous contacter dans l\u2019\u00e9ventualit\u00e9 d\u2019un changement r\u00e9glementaire important ou d\u2019une mise \u00e0 jour de nos solutions. Ces communications ne sont pas r\u00e9alis\u00e9es \u00e0 des fins commerciales et ne peuvent \u00eatre d\u00e9sactiv\u00e9es&nbsp;;<\/p>\n<p>&#8211; \u00c0 des fins administratives ou juridiques&nbsp;: nous utilisons vos donn\u00e9es pour mener des analyses statistiques et commerciales, tests des syst\u00e8mes, enqu\u00eates aupr\u00e8s des clients, des activit\u00e9s de maintenance et d\u00e9veloppement, ou pour r\u00e9gler un litige ou une r\u00e9clamation.<\/p>\n<p>&#8211; Communications avec le service commercial&nbsp;: nous utilisons vos donn\u00e9es pour g\u00e9rer notre relation avec vous en tant que client et pour am\u00e9liorer nos services et am\u00e9liorer votre exp\u00e9rience avec nous&nbsp;;<\/p>\n<p>&#8211; Communication m\u00e9tier : nous utilisons vos donn\u00e9es pour vous communiquer des informations pertinentes telles que les alertes douane, des informations li\u00e9es \u00e0 l\u2019utilisation de nos produits et services (mises \u00e0 jour logicielles, serveurs, helpdesk, etc.)<\/p>\n<p>&#8211; Marketing : nous vous contacterons pour vous communiquer des offres de produits et services connexes par messages \u00e9lectroniques. Vous avez la possibilit\u00e9 <b>d\u2019accepter ou non<\/b>&nbsp;de recevoir ces communications en indiquant votre choix dans le formulaire ad\u00e9quat. Vous aurez \u00e9galement la possibilit\u00e9, \u00e0 chacune de nos communications \u00e9lectroniques, d\u2019indiquer que vous ne souhaitez plus recevoir de communications marketing.<\/p>\n<p>&#8211; Nous ne traiterons vos donn\u00e9es personnelles que dans le cadre pr\u00e9vu par la loi. Le fondement juridique variera en fonction des raisons pour lesquelles nous avons collect\u00e9 et avons besoin d\u2019utiliser vos donn\u00e9es personnelles.<\/p>\n<p>&#8211; Dans la majorit\u00e9 des cas, nous avons besoin de vos donn\u00e9es personnelles pour le suivi de votre dossier commercial et uniquement dans le cadre professionnel de notre relation client\/fournisseur.<\/p>\n<p>&#8211; Nous ne conserverons pas vos donn\u00e9es plus longtemps que n\u00e9cessaire pour atteindre les finalit\u00e9s pour lesquelles elles sont trait\u00e9es. Pour d\u00e9terminer la dur\u00e9e de conservation appropri\u00e9e, sont prises en compte la dur\u00e9e de notre relation contractuelle et vos pr\u00e9f\u00e9rences.<\/p>\n<p>&#8211; Nous devons \u00e9galement tenir compte des dur\u00e9es pendant lesquelles nous pourrions avoir besoin de conserver des donn\u00e9es personnelles afin de satisfaire nos obligations l\u00e9gales ou pour traiter les r\u00e9clamations, les questions et d\u00e9fendre nos int\u00e9r\u00eats en cas de litige.<\/p>\n<p>&#8211; D\u00e8s que nous n\u2019avons plus besoin de vos donn\u00e9es personnelles, nous les supprimons ou les d\u00e9truisons en toute s\u00e9curit\u00e9.<\/p>\n<h4><\/h4>\n<h4>Injonctions administratives<\/h4>\n<p>CONEX SAS sera relev\u00e9 de son obligation de confidentialit\u00e9 suite \u00e0 l&rsquo;injonction d&rsquo;une autorit\u00e9 administrative ou judiciaire de communiquer les donn\u00e9es en sa possession.<\/p>\n<h4><\/h4>\n<h4>S\u00e9curit\u00e9 de vos donn\u00e9es personnelles<\/h4>\n<p>&#8211; Pour assurer la s\u00e9curit\u00e9 et la confidentialit\u00e9 de vos donn\u00e9es personnelles, CONEX SAS utilise des r\u00e9seaux prot\u00e9g\u00e9s par des dispositifs standards tels que par pare-feu, encryption et mot de passe. Lors du traitement des donn\u00e9es personnelles, CONEX SAS prend toutes les mesures raisonnables visant \u00e0 les prot\u00e9ger contre toute perte, utilisation d\u00e9tourn\u00e9e, acc\u00e8s non autoris\u00e9, divulgation, alt\u00e9ration ou destruction.<\/p>\n<p>&#8211; Il est par ailleurs rappel\u00e9 que chaque Utilisateur contribue \u00e0 la protection de ses Donn\u00e9es Personnelles en se conformant aux bonnes pratiques en mati\u00e8re d\u2019utilisation des outils informatiques (par exemple ne pas retranscrire son mot de passe).<\/p>\n<p>&#8211; Le compte Utilisateur comprend notamment ses Identifiants et plac\u00e9s sous la responsabilit\u00e9 exclusive de l\u2019Utilisateur. L\u2019Utilisateur s\u2019oblige \u00e0 les conserver secrets et \u00e0 ne pas les divulguer sous quelque forme que ce soit. Si l\u2019un des \u00e9l\u00e9ments d\u2019identification de l\u2019Utilisateur est perdu ou vol\u00e9, ce dernier doit informer sans d\u00e9lai CONEX SAS, qui proc\u00e9dera alors \u00e0 l\u2019annulation et\/ou la mise \u00e0 jour imm\u00e9diate(s) de l\u2019Identifiant concern\u00e9.<\/p>\n<p>&#8211; L\u2019Utilisateur est seul responsable de l\u2019utilisation qui est faite de ses Identifiants, m\u00eame si l\u2019Utilisateur pr\u00e9enregistre sur son ordinateur, son t\u00e9l\u00e9phone mobile ou sur n\u2019importe quel autre type d\u2019\u00e9quipement son Identifiant, permettant ainsi la connexion automatique aux Services.<\/p>\n<p>&#8211; Tout acc\u00e8s, utilisation des Services et transmission de donn\u00e9es effectu\u00e9s \u00e0 partir du compte Utilisateur d\u2019un Utilisateur sera r\u00e9put\u00e9 avoir \u00e9t\u00e9 effectu\u00e9 par ce dernier. La sauvegarde de la confidentialit\u00e9 des Identifiants de l\u2019Utilisateur rel\u00e8ve de l\u2019enti\u00e8re responsabilit\u00e9 de ce dernier. A cet \u00e9gard, l\u2019Utilisateur est tenu de s\u2019assurer qu\u2019\u00e0 l\u2019issue de chaque session il se d\u00e9connecte effectivement des Services, en particulier lorsqu\u2019il acc\u00e8de aux Services \u00e0 partir d\u2019un ordinateur public.<\/p>\n<p>&#8211; Toute perte, d\u00e9tournement ou utilisation non autoris\u00e9e des Identifiants d\u2019un Utilisateur et leurs cons\u00e9quences rel\u00e8vent de la seule responsabilit\u00e9 de cet Utilisateur. Dans tous les cas mentionn\u00e9s ci-dessus, l\u2019Utilisateur est tenu d\u2019en avertir CONEX, sans d\u00e9lai, par message \u00e9lectronique, pr\u00e9cisant ses Identifiants, nom, pr\u00e9noms \u00e0<\/p>\n<p>l\u2019adresse suivante :&nbsp;<strong><a href=\"mailto:data-privacy@conex.net\">data-privacy@conex.net<\/a>,<\/strong> afin que CONEX SAS&nbsp; puisse proc\u00e9der \u00e0 la r\u00e9initialisation du compte Utilisateur.<\/p>\n<h4><\/h4>\n<h4>Partage de vos donn\u00e9es personnelles<\/h4>\n<p>Vos donn\u00e9es personnelles peuvent \u00eatre partag\u00e9es par CONEX SAS avec sa soci\u00e9t\u00e9 m\u00e8re, ses filiales et ou toute autre soci\u00e9t\u00e9 s\u0153ur.<\/p>\n<p>Aux fins \u00e9nonc\u00e9es dans la pr\u00e9sente politique de confidentialit\u00e9, nous pouvons \u00e9galement partager vos donn\u00e9es personnelles avec les personnes tierces suivantes&nbsp;:<\/p>\n<p>&#8211;&nbsp;&nbsp;&nbsp;&nbsp;&nbsp;&nbsp;&nbsp;&nbsp; Prestataires de services de confiance auxquels nous faisons appel pour certaines activit\u00e9s tels que, des prestataires de services marketing qui aident nos \u00e9quipes marketing \u00e0 r\u00e9aliser des enqu\u00eates aupr\u00e8s des clients et des campagnes marketing cibl\u00e9es<\/p>\n<p>&#8211;&nbsp;&nbsp;&nbsp;&nbsp;&nbsp;&nbsp;&nbsp;&nbsp; En cas de litige : Conseillers juridiques ou autres conseillers professionnels, tribunaux et instances charg\u00e9es de faire appliquer la loi afin de faire respecter les droits en lien avec notre contrat avec vous&nbsp;;<\/p>\n<p>Toutes les donn\u00e9es collect\u00e9es seront trait\u00e9es en conformit\u00e9 avec la pr\u00e9sente politique de confidentialit\u00e9.<\/p>\n<p>Lorsque notre utilisation de vos donn\u00e9es personnelles d\u00e9pend de votre consentement, vous avez l\u2019option de retirer votre consentement quant au traitement de vos donn\u00e9es personnelles et de supprimer ces donn\u00e9es \u00e0 tout moment en cliquant sur les liens de d\u00e9sinscription propos\u00e9s.<\/p>\n<h4>D\u00e9l\u00e9gu\u00e9 \u00e0 la protection des donn\u00e9es.<\/h4>\n<p>Nous avons nomm\u00e9 un D\u00e9l\u00e9gu\u00e9 \u00e0 la protection des donn\u00e9es (\u00ab&nbsp;DPO&nbsp;\u00bb) pour veiller au respect de la pr\u00e9sente politique de confidentialit\u00e9. Pour toutes questions relatives \u00e0 la pr\u00e9sente politique de confidentialit\u00e9 ou \u00e0 la mani\u00e8re dont nous g\u00e9rons vos informations personnelles, veuillez contacter le DPO \u00e0 l\u2019adresse&nbsp;<a href=\"mailto:data-privacy@conex.net\">data-privacy@conex.net<\/a><\/p>\n<h4><\/h4>\n<h4>Vos droits \u00e0 la protection des donn\u00e9es<\/h4>\n<p>Conform\u00e9ment \u00e0 la loi, vous avez le droit dans certaines circonstances de&nbsp;:<\/p>\n<ul>\n<li><b>Demander des informations&nbsp;<\/b>afin de savoir si nous poss\u00e9dons des informations personnelles vous concernant et, le cas \u00e9ch\u00e9ant, quelles sont ces informations et pourquoi nous les conservons\/les utilisons.&nbsp;<b>&nbsp;&nbsp;&nbsp;&nbsp;&nbsp;&nbsp;<\/b><\/li>\n<li><b>Demander l\u2019acc\u00e8s&nbsp;<\/b>\u00e0 vos informations personnelles. Cette demande vous permet de recevoir une copie des informations personnelles que nous poss\u00e9dons sur vous et de v\u00e9rifier que nous traitons l\u00e9galement ces donn\u00e9es.<\/li>\n<li><b>Demander la correction&nbsp;<\/b>des informations personnelles que nous poss\u00e9dons sur vous. Cela vous permet de rectifier toute information incompl\u00e8te ou inexacte.<\/li>\n<li><b>Demander la suppression&nbsp;<\/b>de vos informations personnelles. Cela vous permet de nous demander de supprimer ou de retirer toutes informations personnelles que nous n\u2019avons plus de raison de traiter. Vous avez \u00e9galement le droit de nous demander de supprimer ou de retirer vos informations personnelles lorsque vous avez fait valoir votre droit d\u2019opposition au traitement de vos donn\u00e9es.<\/li>\n<\/ul>\n<h4>Modifications de la Politique de confidentialit\u00e9<\/h4>\n<p>Notre politique de confidentialit\u00e9 peut changer de temps \u00e0 autre et les modifications port\u00e9es \u00e0 celle-ci vous seront signifi\u00e9es par message \u00e9lectronique ou par une notification sur notre site internet.<\/p>\n<table class=\"contentpaneopen\">\n<tbody>\n<tr>\n<td class=\"contentheading\" width=\"100%\">Mentions l\u00e9gales<\/td>\n<\/tr>\n<\/tbody>\n<\/table>\n<table class=\"contentpaneopen\">\n<tbody>\n<tr>\n<td valign=\"top\"><b>Editeur<\/b><\/p>\n<p>Vous \u00eates actuellement connect\u00e9 \u00e0 l&rsquo;un des sites web de :<\/p>\n<p><b>Conex SAS<\/b><\/p>\n<p>ZA de l&rsquo;Europe<\/p>\n<p>BP 40019<\/p>\n<p>59 358 ORCHIES CEDEX<\/p>\n<p>T\u00e9l. +33 (0)3 20 41 43 00<\/p>\n<p>Fax +33 (0)3 20 41 43 14<\/p>\n<p>Email&nbsp;<a href=\"mailto:conex@conex.net\">conex@conex.net <\/a>Directeur de publication : Alban GRUSON<\/p>\n<p><b>H\u00e9bergement<\/b><\/p>\n<p>Azure Datacenter \u2013 North Europe &#8211; Dublin &#8211; Irlande <b>Protection des donn\u00e9es personnelles sur le site \/&nbsp;<\/b><strong>Informations nominatives<\/strong><b><\/b><\/p>\n<p>Cf. notre&nbsp;politique de confidentialit\u00e9<\/p>\n<p><b>Droits d&rsquo;auteur &#8211; Copyrights<\/b><\/p>\n<p>L&rsquo;ensemble de ce site rel\u00e8ve de la l\u00e9gislation fran\u00e7aise et internationale sur le droit d&rsquo;auteur et la protection intellectuelle. Tous les droits de reproduction sont r\u00e9serv\u00e9s, y compris pour les documents t\u00e9l\u00e9chargeables et les repr\u00e9sentations iconographiques et photographiques.<\/p>\n<p>Les visuels d&rsquo;illustration de ce site sont la propri\u00e9t\u00e9 de Conex SAS. Les droits d&rsquo;utilisation, de reproduction, et de diffusion sont strictement r\u00e9serv\u00e9es \u00e0 la communication de Conex SAS.<\/p>\n<p>La reproduction de tout ou partie de ce site sur un support \u00e9lectronique quel qu&rsquo;il soit est formellement interdite sauf autorisation expresse du directeur de publication.<\/p>\n<p>La reproduction partielle des textes de ce site sur un support papier est autoris\u00e9e, sous r\u00e9serve du respect des 2 conditions suivantes :<\/p>\n<ul>\n<li>Respect de l&rsquo;int\u00e9grit\u00e9 des \u00e9l\u00e9ments reproduits : ni modification ni alt\u00e9ration d&rsquo;aucune sorte.<\/li>\n<li>Citation claire et lisible de la source sous la forme suivante, par exemple :<br \/>\n\u00ab\u00a0Ces informations proviennent du site Internet de Conex SAS&nbsp;&nbsp;<a href=\"https:\/\/www.conex.net\/\">https:\/\/www.conex.net<\/a>.&nbsp;Les droits de reproduction sont r\u00e9serv\u00e9s et strictement limit\u00e9s.\u00a0\u00bb<\/li>\n<\/ul>\n<p>Les marques cit\u00e9es sur ce site sont d\u00e9pos\u00e9es par les soci\u00e9t\u00e9s qui en sont propri\u00e9taires.<\/td>\n<\/tr>\n<\/tbody>\n<\/table>\n","protected":false},"excerpt":{"rendered":"<p>POLITIQUE DE CONFIDENTIALITE CONEX Introduction CONEX SAS s\u2019engage \u00e0 prot\u00e9ger votre vie priv\u00e9e et \u00e0 respecter ses obligations quant \u00e0 la s\u00e9curit\u00e9 des informations de ses clients. La pr\u00e9sente politique de confidentialit\u00e9 reprend les \u00e9l\u00e9ments suivants concernant les donn\u00e9es collect\u00e9es&nbsp;: D\u2019o\u00f9 proviennent-t-elles&nbsp;? Qu\u2019en faisons-nous&nbsp;? Comment les stockons-nous&nbsp;? \u00c0 qui les transf\u00e9rons-nous&nbsp;? Comment abordons-nous vos droits en mati\u00e8re de protection des donn\u00e9es&nbsp;? Comment respectons-nous les r\u00e9glementations en mati\u00e8re de protection des donn\u00e9es&nbsp;? Toutes les donn\u00e9es personnelles [&hellip;]<\/p>\n","protected":false},"author":1,"featured_media":3227,"parent":0,"menu_order":0,"comment_status":"closed","ping_status":"closed","template":"","meta":{"footnotes":""},"class_list":["post-3206","page","type-page","status-publish","has-post-thumbnail","hentry"],"yoast_head":"<!-- This site is optimized with the Yoast SEO plugin v27.3 - https:\/\/yoast.com\/product\/yoast-seo-wordpress\/ -->\n<title>RGPD - Conex France<\/title>\n<meta name=\"robots\" content=\"index, follow, max-snippet:-1, max-image-preview:large, max-video-preview:-1\" \/>\n<link rel=\"canonical\" href=\"https:\/\/www.conex.net\/fr\/rgpd\/\" \/>\n<meta property=\"og:locale\" content=\"fr_FR\" \/>\n<meta property=\"og:type\" content=\"article\" \/>\n<meta property=\"og:title\" content=\"RGPD - Conex France\" \/>\n<meta property=\"og:description\" content=\"POLITIQUE DE CONFIDENTIALITE CONEX Introduction CONEX SAS s\u2019engage \u00e0 prot\u00e9ger votre vie priv\u00e9e et \u00e0 respecter ses obligations quant \u00e0 la s\u00e9curit\u00e9 des informations de ses clients. La pr\u00e9sente politique de confidentialit\u00e9 reprend les \u00e9l\u00e9ments suivants concernant les donn\u00e9es collect\u00e9es&nbsp;: D\u2019o\u00f9 proviennent-t-elles&nbsp;? Qu\u2019en faisons-nous&nbsp;? Comment les stockons-nous&nbsp;? \u00c0 qui les transf\u00e9rons-nous&nbsp;? Comment abordons-nous vos droits en mati\u00e8re de protection des donn\u00e9es&nbsp;? Comment respectons-nous les r\u00e9glementations en mati\u00e8re de protection des donn\u00e9es&nbsp;? Toutes les donn\u00e9es personnelles [&hellip;]\" \/>\n<meta property=\"og:url\" content=\"https:\/\/www.conex.net\/fr\/rgpd\/\" \/>\n<meta property=\"og:site_name\" content=\"Conex France\" \/>\n<meta property=\"article:modified_time\" content=\"2022-01-13T09:56:59+00:00\" \/>\n<meta property=\"og:image\" content=\"https:\/\/www.conex.net\/fr\/wp-content\/uploads\/sites\/2\/2020\/01\/CONEX-yourcustomspartner.jpg\" \/>\n\t<meta property=\"og:image:width\" content=\"233\" \/>\n\t<meta property=\"og:image:height\" content=\"200\" \/>\n\t<meta property=\"og:image:type\" content=\"image\/jpeg\" \/>\n<meta name=\"twitter:card\" content=\"summary_large_image\" \/>\n<meta name=\"twitter:label1\" content=\"Dur\u00e9e de lecture estim\u00e9e\" \/>\n\t<meta name=\"twitter:data1\" content=\"8 minutes\" \/>\n<script type=\"application\/ld+json\" class=\"yoast-schema-graph\">{\"@context\":\"https:\\\/\\\/schema.org\",\"@graph\":[{\"@type\":\"WebPage\",\"@id\":\"https:\\\/\\\/www.conex.net\\\/fr\\\/rgpd\\\/\",\"url\":\"https:\\\/\\\/www.conex.net\\\/fr\\\/rgpd\\\/\",\"name\":\"RGPD - Conex France\",\"isPartOf\":{\"@id\":\"https:\\\/\\\/www.conex.net\\\/fr\\\/#website\"},\"primaryImageOfPage\":{\"@id\":\"https:\\\/\\\/www.conex.net\\\/fr\\\/rgpd\\\/#primaryimage\"},\"image\":{\"@id\":\"https:\\\/\\\/www.conex.net\\\/fr\\\/rgpd\\\/#primaryimage\"},\"thumbnailUrl\":\"https:\\\/\\\/www.conex.net\\\/fr\\\/wp-content\\\/uploads\\\/sites\\\/2\\\/2020\\\/01\\\/CONEX-yourcustomspartner.jpg\",\"datePublished\":\"2020-01-03T14:15:01+00:00\",\"dateModified\":\"2022-01-13T09:56:59+00:00\",\"breadcrumb\":{\"@id\":\"https:\\\/\\\/www.conex.net\\\/fr\\\/rgpd\\\/#breadcrumb\"},\"inLanguage\":\"fr-FR\",\"potentialAction\":[{\"@type\":\"ReadAction\",\"target\":[\"https:\\\/\\\/www.conex.net\\\/fr\\\/rgpd\\\/\"]}]},{\"@type\":\"ImageObject\",\"inLanguage\":\"fr-FR\",\"@id\":\"https:\\\/\\\/www.conex.net\\\/fr\\\/rgpd\\\/#primaryimage\",\"url\":\"https:\\\/\\\/www.conex.net\\\/fr\\\/wp-content\\\/uploads\\\/sites\\\/2\\\/2020\\\/01\\\/CONEX-yourcustomspartner.jpg\",\"contentUrl\":\"https:\\\/\\\/www.conex.net\\\/fr\\\/wp-content\\\/uploads\\\/sites\\\/2\\\/2020\\\/01\\\/CONEX-yourcustomspartner.jpg\",\"width\":233,\"height\":200,\"caption\":\"Logiciels douane CONEX\"},{\"@type\":\"BreadcrumbList\",\"@id\":\"https:\\\/\\\/www.conex.net\\\/fr\\\/rgpd\\\/#breadcrumb\",\"itemListElement\":[{\"@type\":\"ListItem\",\"position\":1,\"name\":\"Accueil\",\"item\":\"https:\\\/\\\/www.conex.net\\\/fr\\\/\"},{\"@type\":\"ListItem\",\"position\":2,\"name\":\"RGPD\"}]},{\"@type\":\"WebSite\",\"@id\":\"https:\\\/\\\/www.conex.net\\\/fr\\\/#website\",\"url\":\"https:\\\/\\\/www.conex.net\\\/fr\\\/\",\"name\":\"Conex France\",\"description\":\"Your customs partner - CONEX FRANCE\",\"publisher\":{\"@id\":\"https:\\\/\\\/www.conex.net\\\/fr\\\/#organization\"},\"potentialAction\":[{\"@type\":\"SearchAction\",\"target\":{\"@type\":\"EntryPoint\",\"urlTemplate\":\"https:\\\/\\\/www.conex.net\\\/fr\\\/?s={search_term_string}\"},\"query-input\":{\"@type\":\"PropertyValueSpecification\",\"valueRequired\":true,\"valueName\":\"search_term_string\"}}],\"inLanguage\":\"fr-FR\"},{\"@type\":\"Organization\",\"@id\":\"https:\\\/\\\/www.conex.net\\\/fr\\\/#organization\",\"name\":\"CONEX SAS\",\"url\":\"https:\\\/\\\/www.conex.net\\\/fr\\\/\",\"logo\":{\"@type\":\"ImageObject\",\"inLanguage\":\"fr-FR\",\"@id\":\"https:\\\/\\\/www.conex.net\\\/fr\\\/#\\\/schema\\\/logo\\\/image\\\/\",\"url\":\"https:\\\/\\\/www.conex.net\\\/fr\\\/wp-content\\\/uploads\\\/sites\\\/2\\\/2018\\\/10\\\/logo-conex.png\",\"contentUrl\":\"https:\\\/\\\/www.conex.net\\\/fr\\\/wp-content\\\/uploads\\\/sites\\\/2\\\/2018\\\/10\\\/logo-conex.png\",\"width\":138,\"height\":49,\"caption\":\"CONEX SAS\"},\"image\":{\"@id\":\"https:\\\/\\\/www.conex.net\\\/fr\\\/#\\\/schema\\\/logo\\\/image\\\/\"}}]}<\/script>\n<!-- \/ Yoast SEO plugin. -->","yoast_head_json":{"title":"RGPD - Conex France","robots":{"index":"index","follow":"follow","max-snippet":"max-snippet:-1","max-image-preview":"max-image-preview:large","max-video-preview":"max-video-preview:-1"},"canonical":"https:\/\/www.conex.net\/fr\/rgpd\/","og_locale":"fr_FR","og_type":"article","og_title":"RGPD - Conex France","og_description":"POLITIQUE DE CONFIDENTIALITE CONEX Introduction CONEX SAS s\u2019engage \u00e0 prot\u00e9ger votre vie priv\u00e9e et \u00e0 respecter ses obligations quant \u00e0 la s\u00e9curit\u00e9 des informations de ses clients. La pr\u00e9sente politique de confidentialit\u00e9 reprend les \u00e9l\u00e9ments suivants concernant les donn\u00e9es collect\u00e9es&nbsp;: D\u2019o\u00f9 proviennent-t-elles&nbsp;? Qu\u2019en faisons-nous&nbsp;? Comment les stockons-nous&nbsp;? \u00c0 qui les transf\u00e9rons-nous&nbsp;? Comment abordons-nous vos droits en mati\u00e8re de protection des donn\u00e9es&nbsp;? Comment respectons-nous les r\u00e9glementations en mati\u00e8re de protection des donn\u00e9es&nbsp;? Toutes les donn\u00e9es personnelles [&hellip;]","og_url":"https:\/\/www.conex.net\/fr\/rgpd\/","og_site_name":"Conex France","article_modified_time":"2022-01-13T09:56:59+00:00","og_image":[{"width":233,"height":200,"url":"https:\/\/www.conex.net\/fr\/wp-content\/uploads\/sites\/2\/2020\/01\/CONEX-yourcustomspartner.jpg","type":"image\/jpeg"}],"twitter_card":"summary_large_image","twitter_misc":{"Dur\u00e9e de lecture estim\u00e9e":"8 minutes"},"schema":{"@context":"https:\/\/schema.org","@graph":[{"@type":"WebPage","@id":"https:\/\/www.conex.net\/fr\/rgpd\/","url":"https:\/\/www.conex.net\/fr\/rgpd\/","name":"RGPD - Conex France","isPartOf":{"@id":"https:\/\/www.conex.net\/fr\/#website"},"primaryImageOfPage":{"@id":"https:\/\/www.conex.net\/fr\/rgpd\/#primaryimage"},"image":{"@id":"https:\/\/www.conex.net\/fr\/rgpd\/#primaryimage"},"thumbnailUrl":"https:\/\/www.conex.net\/fr\/wp-content\/uploads\/sites\/2\/2020\/01\/CONEX-yourcustomspartner.jpg","datePublished":"2020-01-03T14:15:01+00:00","dateModified":"2022-01-13T09:56:59+00:00","breadcrumb":{"@id":"https:\/\/www.conex.net\/fr\/rgpd\/#breadcrumb"},"inLanguage":"fr-FR","potentialAction":[{"@type":"ReadAction","target":["https:\/\/www.conex.net\/fr\/rgpd\/"]}]},{"@type":"ImageObject","inLanguage":"fr-FR","@id":"https:\/\/www.conex.net\/fr\/rgpd\/#primaryimage","url":"https:\/\/www.conex.net\/fr\/wp-content\/uploads\/sites\/2\/2020\/01\/CONEX-yourcustomspartner.jpg","contentUrl":"https:\/\/www.conex.net\/fr\/wp-content\/uploads\/sites\/2\/2020\/01\/CONEX-yourcustomspartner.jpg","width":233,"height":200,"caption":"Logiciels douane CONEX"},{"@type":"BreadcrumbList","@id":"https:\/\/www.conex.net\/fr\/rgpd\/#breadcrumb","itemListElement":[{"@type":"ListItem","position":1,"name":"Accueil","item":"https:\/\/www.conex.net\/fr\/"},{"@type":"ListItem","position":2,"name":"RGPD"}]},{"@type":"WebSite","@id":"https:\/\/www.conex.net\/fr\/#website","url":"https:\/\/www.conex.net\/fr\/","name":"Conex France","description":"Your customs partner - CONEX FRANCE","publisher":{"@id":"https:\/\/www.conex.net\/fr\/#organization"},"potentialAction":[{"@type":"SearchAction","target":{"@type":"EntryPoint","urlTemplate":"https:\/\/www.conex.net\/fr\/?s={search_term_string}"},"query-input":{"@type":"PropertyValueSpecification","valueRequired":true,"valueName":"search_term_string"}}],"inLanguage":"fr-FR"},{"@type":"Organization","@id":"https:\/\/www.conex.net\/fr\/#organization","name":"CONEX SAS","url":"https:\/\/www.conex.net\/fr\/","logo":{"@type":"ImageObject","inLanguage":"fr-FR","@id":"https:\/\/www.conex.net\/fr\/#\/schema\/logo\/image\/","url":"https:\/\/www.conex.net\/fr\/wp-content\/uploads\/sites\/2\/2018\/10\/logo-conex.png","contentUrl":"https:\/\/www.conex.net\/fr\/wp-content\/uploads\/sites\/2\/2018\/10\/logo-conex.png","width":138,"height":49,"caption":"CONEX SAS"},"image":{"@id":"https:\/\/www.conex.net\/fr\/#\/schema\/logo\/image\/"}}]}},"_links":{"self":[{"href":"https:\/\/www.conex.net\/fr\/wp-json\/wp\/v2\/pages\/3206","targetHints":{"allow":["GET"]}}],"collection":[{"href":"https:\/\/www.conex.net\/fr\/wp-json\/wp\/v2\/pages"}],"about":[{"href":"https:\/\/www.conex.net\/fr\/wp-json\/wp\/v2\/types\/page"}],"author":[{"embeddable":true,"href":"https:\/\/www.conex.net\/fr\/wp-json\/wp\/v2\/users\/1"}],"replies":[{"embeddable":true,"href":"https:\/\/www.conex.net\/fr\/wp-json\/wp\/v2\/comments?post=3206"}],"version-history":[{"count":11,"href":"https:\/\/www.conex.net\/fr\/wp-json\/wp\/v2\/pages\/3206\/revisions"}],"predecessor-version":[{"id":7267,"href":"https:\/\/www.conex.net\/fr\/wp-json\/wp\/v2\/pages\/3206\/revisions\/7267"}],"wp:featuredmedia":[{"embeddable":true,"href":"https:\/\/www.conex.net\/fr\/wp-json\/wp\/v2\/media\/3227"}],"wp:attachment":[{"href":"https:\/\/www.conex.net\/fr\/wp-json\/wp\/v2\/media?parent=3206"}],"curies":[{"name":"wp","href":"https:\/\/api.w.org\/{rel}","templated":true}]}}