{"id":3421,"date":"2020-01-09T15:15:14","date_gmt":"2020-01-09T14:15:14","guid":{"rendered":"https:\/\/www.conex.net\/fr\/?page_id=3421"},"modified":"2022-12-09T16:27:47","modified_gmt":"2022-12-09T15:27:47","slug":"tauxdechange","status":"publish","type":"page","link":"https:\/\/www.conex.net\/fr\/tauxdechange\/","title":{"rendered":"Taux de change"},"content":{"rendered":"<div id=\"pl-3421\"  class=\"panel-layout\" ><div id=\"pg-3421-0\"  class=\"panel-grid panel-no-style\" ><div id=\"pgc-3421-0-0\"  class=\"panel-grid-cell\" ><div id=\"panel-3421-0-0-0\" class=\"so-panel widget widget_sow-editor panel-first-child\" data-index=\"0\" ><div\n\t\t\t\n\t\t\tclass=\"so-widget-sow-editor so-widget-sow-editor-base\"\n\t\t\t\n\t\t>\n<div class=\"siteorigin-widget-tinymce textwidget\">\n\t<h2 style=\"text-align: center;\"><span style=\"color: #333333;\">Consultez\u00a0 facilement<br \/>\n<\/span><span style=\"color: #333333;\">les taux de change <\/span><span style=\"color: #333333;\">en ligne<\/span><\/h2>\n<\/div>\n<\/div><\/div><div id=\"panel-3421-0-0-1\" class=\"so-panel widget widget_sow-editor panel-last-child\" data-index=\"1\" ><div\n\t\t\t\n\t\t\tclass=\"so-widget-sow-editor so-widget-sow-editor-base\"\n\t\t\t\n\t\t>\n<div class=\"siteorigin-widget-tinymce textwidget\">\n\t<p style=\"text-align: center;\"><iframe loading=\"lazy\" src=\"\/tauxdechange\/officiels.php\" width=\"750\" height=\"900\" frameborder=\"0\" scrolling=\"auto\"><\/iframe><\/p>\n<p>&nbsp;<\/p>\n<div id=\"pgc-20-2-0\" class=\"panel-grid-cell\">\n<div id=\"panel-20-2-0-0\" class=\"so-panel widget widget_sow-editor panel-first-child panel-last-child\" data-index=\"3\">\n<div class=\"so-widget-sow-editor so-widget-sow-editor-base\">\n<div class=\"siteorigin-widget-tinymce textwidget\">\n<p>&nbsp;<\/p>\n<\/div>\n<\/div>\n<\/div>\n<\/div>\n<div id=\"pgc-20-2-1\" class=\"panel-grid-cell\">\n<div id=\"panel-20-2-1-0\" class=\"so-panel widget widget_sow-editor panel-first-child panel-last-child\" data-index=\"4\">\n<div class=\"so-widget-sow-editor so-widget-sow-editor-base\">\n<div class=\"siteorigin-widget-tinymce textwidget\"><\/div>\n<\/div>\n<\/div>\n<\/div>\n<\/div>\n<\/div><\/div><\/div><div id=\"pgc-3421-0-1\"  class=\"panel-grid-cell\" ><div id=\"panel-3421-0-1-0\" class=\"so-panel widget widget_sow-editor panel-first-child panel-last-child\" data-index=\"2\" ><div\n\t\t\t\n\t\t\tclass=\"so-widget-sow-editor so-widget-sow-editor-base\"\n\t\t\t\n\t\t>\n<div class=\"siteorigin-widget-tinymce textwidget\">\n\t<h4 style=\"text-align: left;\"><strong><span style=\"color: #333333;\">NOUVEAUT\u00c9, OCR via conex\u2122<\/span><\/strong><\/h4>\n<p><span style=\"color: #333333;\">La digitalisation de vos documents gr\u00e2ce \u00e0 l'IA<\/span><\/p>\n<p><a href=\"https:\/\/www.conex.net\/fr\/digitalisation-des-documents\/\"><img loading=\"lazy\" decoding=\"async\" class=\"alignleft size-full wp-image-8479\" src=\"https:\/\/www.conex.net\/fr\/wp-content\/uploads\/sites\/2\/2022\/12\/OCR-tauxdechange.jpg\" alt=\"DOUANE IA\" width=\"316\" height=\"197\" srcset=\"https:\/\/www.conex.net\/fr\/wp-content\/uploads\/sites\/2\/2022\/12\/OCR-tauxdechange.jpg 316w, https:\/\/www.conex.net\/fr\/wp-content\/uploads\/sites\/2\/2022\/12\/OCR-tauxdechange-300x187.jpg 300w\" sizes=\"auto, (max-width: 316px) 100vw, 316px\" \/><\/a><\/p>\n<h4><\/h4>\n<h4><\/h4>\n<h4><\/h4>\n<h4><\/h4>\n<h4><\/h4>\n<h4 style=\"text-align: left;\"><strong><span style=\"color: #333333;\">NOUVEAUT\u00c9, ZEN via conex\u2122<\/span><\/strong><\/h4>\n<p><span style=\"color: #333333;\">D\u00e9couvrez notre plateforme collaborative<\/span><\/p>\n<p><a href=\"https:\/\/www.conex.net\/fr\/plateforme-collaborative\/\"><img loading=\"lazy\" decoding=\"async\" class=\"alignleft size-full wp-image-8480\" src=\"https:\/\/www.conex.net\/fr\/wp-content\/uploads\/sites\/2\/2022\/12\/zen-tauxdechange.jpg\" alt=\"plateforme collaborative zen via conex\" width=\"316\" height=\"197\" srcset=\"https:\/\/www.conex.net\/fr\/wp-content\/uploads\/sites\/2\/2022\/12\/zen-tauxdechange.jpg 316w, https:\/\/www.conex.net\/fr\/wp-content\/uploads\/sites\/2\/2022\/12\/zen-tauxdechange-300x187.jpg 300w\" sizes=\"auto, (max-width: 316px) 100vw, 316px\" \/><\/a><\/p>\n<p>&nbsp;<\/p>\n<h4><\/h4>\n<h4><\/h4>\n<h4><\/h4>\n<h4><\/h4>\n<h4 style=\"text-align: left;\"><strong><span style=\"color: #333333;\">R\u00c9GLEMENTATION DOUANI\u00c8RE<\/span><\/strong><\/h4>\n<p><span style=\"color: #333333;\">D\u00e9couvrez l'aide au classement tarifaire avec<\/span><br \/>\n<span style=\"color: #333333;\">l'Encyclop\u00e9die Douani\u00e8re via conex\u2122<\/span><\/p>\n<p><a href=\"https:\/\/www.conex.net\/fr\/classement-tarifaire-encyclopedie-douaniere\/\"><img loading=\"lazy\" decoding=\"async\" class=\"alignleft size-full wp-image-8478\" src=\"https:\/\/www.conex.net\/fr\/wp-content\/uploads\/sites\/2\/2022\/12\/Encyclo-tauxdechange.jpg\" alt=\"\" width=\"316\" height=\"197\" srcset=\"https:\/\/www.conex.net\/fr\/wp-content\/uploads\/sites\/2\/2022\/12\/Encyclo-tauxdechange.jpg 316w, https:\/\/www.conex.net\/fr\/wp-content\/uploads\/sites\/2\/2022\/12\/Encyclo-tauxdechange-300x187.jpg 300w\" sizes=\"auto, (max-width: 316px) 100vw, 316px\" \/><\/a><\/p>\n<p>&nbsp;<\/p>\n<\/div>\n<\/div><\/div><\/div><\/div><\/div>","protected":false},"excerpt":{"rendered":"<p>Consultez\u00a0 facilement les taux de change en ligne &nbsp; &nbsp; NOUVEAUT\u00c9, OCR via conex\u2122 La digitalisation de vos documents gr\u00e2ce \u00e0 l&rsquo;IA NOUVEAUT\u00c9, ZEN via conex\u2122 D\u00e9couvrez notre plateforme collaborative &nbsp; R\u00c9GLEMENTATION DOUANI\u00c8RE D\u00e9couvrez l&rsquo;aide au classement tarifaire avec l&rsquo;Encyclop\u00e9die Douani\u00e8re via conex\u2122 &nbsp;<\/p>\n","protected":false},"author":1,"featured_media":3227,"parent":0,"menu_order":0,"comment_status":"closed","ping_status":"closed","template":"","meta":{"footnotes":""},"class_list":["post-3421","page","type-page","status-publish","has-post-thumbnail","hentry"],"yoast_head":"<!-- This site is optimized with the Yoast SEO plugin v27.3 - https:\/\/yoast.com\/product\/yoast-seo-wordpress\/ -->\n<title>Taux de change - Change devise par pays, par mois et par an - CONEX<\/title>\n<meta name=\"description\" content=\"Logiciel douane, Taux de change des devises principales applicables pour le mois de Janvier 2022. R\u00e9glementation douani\u00e8res.\" \/>\n<meta name=\"robots\" content=\"index, follow, max-snippet:-1, max-image-preview:large, max-video-preview:-1\" \/>\n<link rel=\"canonical\" href=\"https:\/\/www.conex.net\/fr\/tauxdechange\/\" \/>\n<meta property=\"og:locale\" content=\"fr_FR\" \/>\n<meta property=\"og:type\" content=\"article\" \/>\n<meta property=\"og:title\" content=\"Taux de change - Change devise par pays, par mois et par an - CONEX\" \/>\n<meta property=\"og:description\" content=\"Logiciel douane, Taux de change des devises principales applicables pour le mois de Janvier 2022. R\u00e9glementation douani\u00e8res.\" \/>\n<meta property=\"og:url\" content=\"https:\/\/www.conex.net\/fr\/tauxdechange\/\" \/>\n<meta property=\"og:site_name\" content=\"Conex France\" \/>\n<meta property=\"article:modified_time\" content=\"2022-12-09T15:27:47+00:00\" \/>\n<meta property=\"og:image\" content=\"https:\/\/www.conex.net\/fr\/wp-content\/uploads\/sites\/2\/2020\/01\/CONEX-yourcustomspartner.jpg\" \/>\n\t<meta property=\"og:image:width\" content=\"233\" \/>\n\t<meta property=\"og:image:height\" content=\"200\" \/>\n\t<meta property=\"og:image:type\" content=\"image\/jpeg\" \/>\n<meta name=\"twitter:card\" content=\"summary_large_image\" \/>\n<script type=\"application\/ld+json\" class=\"yoast-schema-graph\">{\"@context\":\"https:\\\/\\\/schema.org\",\"@graph\":[{\"@type\":\"WebPage\",\"@id\":\"https:\\\/\\\/www.conex.net\\\/fr\\\/tauxdechange\\\/\",\"url\":\"https:\\\/\\\/www.conex.net\\\/fr\\\/tauxdechange\\\/\",\"name\":\"Taux de change - Change devise par pays, par mois et par an - CONEX\",\"isPartOf\":{\"@id\":\"https:\\\/\\\/www.conex.net\\\/fr\\\/#website\"},\"primaryImageOfPage\":{\"@id\":\"https:\\\/\\\/www.conex.net\\\/fr\\\/tauxdechange\\\/#primaryimage\"},\"image\":{\"@id\":\"https:\\\/\\\/www.conex.net\\\/fr\\\/tauxdechange\\\/#primaryimage\"},\"thumbnailUrl\":\"https:\\\/\\\/www.conex.net\\\/fr\\\/wp-content\\\/uploads\\\/sites\\\/2\\\/2020\\\/01\\\/CONEX-yourcustomspartner.jpg\",\"datePublished\":\"2020-01-09T14:15:14+00:00\",\"dateModified\":\"2022-12-09T15:27:47+00:00\",\"description\":\"Logiciel douane, Taux de change des devises principales applicables pour le mois de Janvier 2022. R\u00e9glementation douani\u00e8res.\",\"breadcrumb\":{\"@id\":\"https:\\\/\\\/www.conex.net\\\/fr\\\/tauxdechange\\\/#breadcrumb\"},\"inLanguage\":\"fr-FR\",\"potentialAction\":[{\"@type\":\"ReadAction\",\"target\":[\"https:\\\/\\\/www.conex.net\\\/fr\\\/tauxdechange\\\/\"]}]},{\"@type\":\"ImageObject\",\"inLanguage\":\"fr-FR\",\"@id\":\"https:\\\/\\\/www.conex.net\\\/fr\\\/tauxdechange\\\/#primaryimage\",\"url\":\"https:\\\/\\\/www.conex.net\\\/fr\\\/wp-content\\\/uploads\\\/sites\\\/2\\\/2020\\\/01\\\/CONEX-yourcustomspartner.jpg\",\"contentUrl\":\"https:\\\/\\\/www.conex.net\\\/fr\\\/wp-content\\\/uploads\\\/sites\\\/2\\\/2020\\\/01\\\/CONEX-yourcustomspartner.jpg\",\"width\":233,\"height\":200,\"caption\":\"Logiciels douane CONEX\"},{\"@type\":\"BreadcrumbList\",\"@id\":\"https:\\\/\\\/www.conex.net\\\/fr\\\/tauxdechange\\\/#breadcrumb\",\"itemListElement\":[{\"@type\":\"ListItem\",\"position\":1,\"name\":\"Accueil\",\"item\":\"https:\\\/\\\/www.conex.net\\\/fr\\\/\"},{\"@type\":\"ListItem\",\"position\":2,\"name\":\"Taux de change\"}]},{\"@type\":\"WebSite\",\"@id\":\"https:\\\/\\\/www.conex.net\\\/fr\\\/#website\",\"url\":\"https:\\\/\\\/www.conex.net\\\/fr\\\/\",\"name\":\"Conex France\",\"description\":\"Your customs partner - CONEX FRANCE\",\"publisher\":{\"@id\":\"https:\\\/\\\/www.conex.net\\\/fr\\\/#organization\"},\"potentialAction\":[{\"@type\":\"SearchAction\",\"target\":{\"@type\":\"EntryPoint\",\"urlTemplate\":\"https:\\\/\\\/www.conex.net\\\/fr\\\/?s={search_term_string}\"},\"query-input\":{\"@type\":\"PropertyValueSpecification\",\"valueRequired\":true,\"valueName\":\"search_term_string\"}}],\"inLanguage\":\"fr-FR\"},{\"@type\":\"Organization\",\"@id\":\"https:\\\/\\\/www.conex.net\\\/fr\\\/#organization\",\"name\":\"CONEX SAS\",\"url\":\"https:\\\/\\\/www.conex.net\\\/fr\\\/\",\"logo\":{\"@type\":\"ImageObject\",\"inLanguage\":\"fr-FR\",\"@id\":\"https:\\\/\\\/www.conex.net\\\/fr\\\/#\\\/schema\\\/logo\\\/image\\\/\",\"url\":\"https:\\\/\\\/www.conex.net\\\/fr\\\/wp-content\\\/uploads\\\/sites\\\/2\\\/2018\\\/10\\\/logo-conex.png\",\"contentUrl\":\"https:\\\/\\\/www.conex.net\\\/fr\\\/wp-content\\\/uploads\\\/sites\\\/2\\\/2018\\\/10\\\/logo-conex.png\",\"width\":138,\"height\":49,\"caption\":\"CONEX SAS\"},\"image\":{\"@id\":\"https:\\\/\\\/www.conex.net\\\/fr\\\/#\\\/schema\\\/logo\\\/image\\\/\"}}]}<\/script>\n<!-- \/ Yoast SEO plugin. -->","yoast_head_json":{"title":"Taux de change - Change devise par pays, par mois et par an - CONEX","description":"Logiciel douane, Taux de change des devises principales applicables pour le mois de Janvier 2022. R\u00e9glementation douani\u00e8res.","robots":{"index":"index","follow":"follow","max-snippet":"max-snippet:-1","max-image-preview":"max-image-preview:large","max-video-preview":"max-video-preview:-1"},"canonical":"https:\/\/www.conex.net\/fr\/tauxdechange\/","og_locale":"fr_FR","og_type":"article","og_title":"Taux de change - Change devise par pays, par mois et par an - CONEX","og_description":"Logiciel douane, Taux de change des devises principales applicables pour le mois de Janvier 2022. R\u00e9glementation douani\u00e8res.","og_url":"https:\/\/www.conex.net\/fr\/tauxdechange\/","og_site_name":"Conex France","article_modified_time":"2022-12-09T15:27:47+00:00","og_image":[{"width":233,"height":200,"url":"https:\/\/www.conex.net\/fr\/wp-content\/uploads\/sites\/2\/2020\/01\/CONEX-yourcustomspartner.jpg","type":"image\/jpeg"}],"twitter_card":"summary_large_image","schema":{"@context":"https:\/\/schema.org","@graph":[{"@type":"WebPage","@id":"https:\/\/www.conex.net\/fr\/tauxdechange\/","url":"https:\/\/www.conex.net\/fr\/tauxdechange\/","name":"Taux de change - Change devise par pays, par mois et par an - CONEX","isPartOf":{"@id":"https:\/\/www.conex.net\/fr\/#website"},"primaryImageOfPage":{"@id":"https:\/\/www.conex.net\/fr\/tauxdechange\/#primaryimage"},"image":{"@id":"https:\/\/www.conex.net\/fr\/tauxdechange\/#primaryimage"},"thumbnailUrl":"https:\/\/www.conex.net\/fr\/wp-content\/uploads\/sites\/2\/2020\/01\/CONEX-yourcustomspartner.jpg","datePublished":"2020-01-09T14:15:14+00:00","dateModified":"2022-12-09T15:27:47+00:00","description":"Logiciel douane, Taux de change des devises principales applicables pour le mois de Janvier 2022. R\u00e9glementation douani\u00e8res.","breadcrumb":{"@id":"https:\/\/www.conex.net\/fr\/tauxdechange\/#breadcrumb"},"inLanguage":"fr-FR","potentialAction":[{"@type":"ReadAction","target":["https:\/\/www.conex.net\/fr\/tauxdechange\/"]}]},{"@type":"ImageObject","inLanguage":"fr-FR","@id":"https:\/\/www.conex.net\/fr\/tauxdechange\/#primaryimage","url":"https:\/\/www.conex.net\/fr\/wp-content\/uploads\/sites\/2\/2020\/01\/CONEX-yourcustomspartner.jpg","contentUrl":"https:\/\/www.conex.net\/fr\/wp-content\/uploads\/sites\/2\/2020\/01\/CONEX-yourcustomspartner.jpg","width":233,"height":200,"caption":"Logiciels douane CONEX"},{"@type":"BreadcrumbList","@id":"https:\/\/www.conex.net\/fr\/tauxdechange\/#breadcrumb","itemListElement":[{"@type":"ListItem","position":1,"name":"Accueil","item":"https:\/\/www.conex.net\/fr\/"},{"@type":"ListItem","position":2,"name":"Taux de change"}]},{"@type":"WebSite","@id":"https:\/\/www.conex.net\/fr\/#website","url":"https:\/\/www.conex.net\/fr\/","name":"Conex France","description":"Your customs partner - CONEX FRANCE","publisher":{"@id":"https:\/\/www.conex.net\/fr\/#organization"},"potentialAction":[{"@type":"SearchAction","target":{"@type":"EntryPoint","urlTemplate":"https:\/\/www.conex.net\/fr\/?s={search_term_string}"},"query-input":{"@type":"PropertyValueSpecification","valueRequired":true,"valueName":"search_term_string"}}],"inLanguage":"fr-FR"},{"@type":"Organization","@id":"https:\/\/www.conex.net\/fr\/#organization","name":"CONEX SAS","url":"https:\/\/www.conex.net\/fr\/","logo":{"@type":"ImageObject","inLanguage":"fr-FR","@id":"https:\/\/www.conex.net\/fr\/#\/schema\/logo\/image\/","url":"https:\/\/www.conex.net\/fr\/wp-content\/uploads\/sites\/2\/2018\/10\/logo-conex.png","contentUrl":"https:\/\/www.conex.net\/fr\/wp-content\/uploads\/sites\/2\/2018\/10\/logo-conex.png","width":138,"height":49,"caption":"CONEX SAS"},"image":{"@id":"https:\/\/www.conex.net\/fr\/#\/schema\/logo\/image\/"}}]}},"_links":{"self":[{"href":"https:\/\/www.conex.net\/fr\/wp-json\/wp\/v2\/pages\/3421","targetHints":{"allow":["GET"]}}],"collection":[{"href":"https:\/\/www.conex.net\/fr\/wp-json\/wp\/v2\/pages"}],"about":[{"href":"https:\/\/www.conex.net\/fr\/wp-json\/wp\/v2\/types\/page"}],"author":[{"embeddable":true,"href":"https:\/\/www.conex.net\/fr\/wp-json\/wp\/v2\/users\/1"}],"replies":[{"embeddable":true,"href":"https:\/\/www.conex.net\/fr\/wp-json\/wp\/v2\/comments?post=3421"}],"version-history":[{"count":57,"href":"https:\/\/www.conex.net\/fr\/wp-json\/wp\/v2\/pages\/3421\/revisions"}],"predecessor-version":[{"id":8483,"href":"https:\/\/www.conex.net\/fr\/wp-json\/wp\/v2\/pages\/3421\/revisions\/8483"}],"wp:featuredmedia":[{"embeddable":true,"href":"https:\/\/www.conex.net\/fr\/wp-json\/wp\/v2\/media\/3227"}],"wp:attachment":[{"href":"https:\/\/www.conex.net\/fr\/wp-json\/wp\/v2\/media?parent=3421"}],"curies":[{"name":"wp","href":"https:\/\/api.w.org\/{rel}","templated":true}]}}