{"id":4000,"date":"2020-02-26T11:28:46","date_gmt":"2020-02-26T10:28:46","guid":{"rendered":"https:\/\/www.conex.net\/fr\/?page_id=4000"},"modified":"2020-02-26T12:06:03","modified_gmt":"2020-02-26T11:06:03","slug":"mini-conferences-conex-sitl-2020","status":"publish","type":"page","link":"https:\/\/www.conex.net\/fr\/mini-conferences-conex-sitl-2020\/","title":{"rendered":"Mini conf\u00e9rences CONEX SITL 2020"},"content":{"rendered":"<div id=\"pl-4000\"  class=\"panel-layout\" ><div id=\"pg-4000-0\"  class=\"panel-grid panel-no-style\" ><div id=\"pgc-4000-0-0\"  class=\"panel-grid-cell\" ><div id=\"panel-4000-0-0-0\" class=\"so-panel widget widget_sow-editor panel-first-child panel-last-child\" data-index=\"0\" ><div\n\t\t\t\n\t\t\tclass=\"so-widget-sow-editor so-widget-sow-editor-base\"\n\t\t\t\n\t\t>\n<div class=\"siteorigin-widget-tinymce textwidget\">\n\t<h2 style=\"text-align: center;\"><span style=\"color: #a80000;\">PROGRAMME des MINI-CONF\u00c9RENCES sur notre stand CONEX<\/span><\/h2>\n<p style=\"text-align: center;\">Venez nous rencontrer du 17 au 20 mars 2020 sur le salon SITL, \u00e0 Paris Nord Villepinte - Hall 6 - STAND CONEX G75<br \/>\n4 jours pour d\u00e9couvrir nos solutions logicielles douani\u00e8res et s\u00e9curitaires et assister \u00e0 nos mini-conf\u00e9rences.<\/p>\n<hr \/>\n<h4 style=\"text-align: center;\"><span style=\"color: #ab0000;\"><a style=\"color: #ab0000;\" href=\"https:\/\/forms.office.com\/Pages\/ResponsePage.aspx?id=cnIdcG-mNUGZOvOWd6TjORb6WuFRGaVGpqNIhY1XNLdUQkdQMUJQUU5LRlJQODlDWVlJMFRQUkEwRC4u\" target=\"_blank\" rel=\"noopener\"><strong>INSCRIPTION MINI-CONF\u00c9RENCES <\/strong><\/a>\u00a0 \u00a0 \u00a0 \u00a0 -\u00a0 \u00a0 \u00a0 \u00a0 <a style=\"color: #ab0000;\" href=\"https:\/\/www.sitl.eu\/fr-fr.html\" target=\"_blank\" rel=\"noopener\"><strong>DEMANDE DE BADGE Code CNF4<\/strong><\/a><\/span><\/h4>\n<\/div>\n<\/div><\/div><\/div><\/div><div id=\"pg-4000-1\"  class=\"panel-grid panel-no-style\" ><div id=\"pgc-4000-1-0\"  class=\"panel-grid-cell\" ><div id=\"panel-4000-1-0-0\" class=\"so-panel widget widget_sow-editor panel-first-child panel-last-child\" data-index=\"1\" ><div\n\t\t\t\n\t\t\tclass=\"so-widget-sow-editor so-widget-sow-editor-base\"\n\t\t\t\n\t\t>\n<div class=\"siteorigin-widget-tinymce textwidget\">\n\t<table border=\"0\" width=\"798\" cellspacing=\"5\" cellpadding=\"4\">\n<tbody>\n<tr>\n<td style=\"text-align: left; font-family: Segoe, 'Segoe UI light', 'DejaVu Sans', 'Trebuchet MS', Verdana, sans-serif; font-size: 36px;\" colspan=\"2\" bgcolor=\"#FFFFFF\"><span style=\"color: #333333;\">MARDI <span style=\"font-size: 20px;\">17 mars<\/span><\/span><\/td>\n<\/tr>\n<\/tbody>\n<\/table>\n<p>&nbsp;<\/p>\n<p><span style=\"color: #333333;\"><strong>13h30-14h00<\/strong><\/span> <strong><span style=\"color: #b80000;\">#BREXIT<\/span> <span style=\"color: #333333;\">Le contexte douanier bilat\u00e9ral<\/span><\/strong><br \/>\nRegards crois\u00e9s sur les proc\u00e9dures douani\u00e8res pour optimiser vos \u00e9changes France, Belgique, Royaume-Uni.<\/p>\n<p>&nbsp;<\/p>\n<p><strong><span style=\"color: #333333;\">14h45-15h15<\/span><\/strong> <strong><span style=\"color: #b80000;\">#BLOCKCHAIN<\/span> <span style=\"color: #333333;\">Adoptez la ZEN attitude<\/span><\/strong><br \/>\nZEN via conex\u2122, le coffre-fort de vos \u00e9critures douani\u00e8res et documents associ\u00e9s.<\/p>\n<p>&nbsp;<\/p>\n<p><span style=\"color: #333333;\"><strong>16h00-16h30<\/strong><\/span> <span style=\"color: #b80000;\"><strong>#FRONTIERE INTELLIGENTE<\/strong><\/span><br \/>\nL\u2019anticipation au c\u0153ur de vos proc\u00e9dures douani\u00e8res pour \u00e9viter la rupture.<\/p>\n<p>&nbsp;<\/p>\n<table border=\"0\" width=\"798\" cellspacing=\"5\" cellpadding=\"4\">\n<tbody>\n<tr>\n<td style=\"text-align: left; font-family: Segoe, 'Segoe UI light', 'DejaVu Sans', 'Trebuchet MS', Verdana, sans-serif; font-size: 36px;\" colspan=\"2\" bgcolor=\"#FFFFFF\"><span style=\"color: #333333;\">MERCREDI <span style=\"font-size: 20px;\">18 mars<\/span><\/span><\/td>\n<\/tr>\n<\/tbody>\n<\/table>\n<p>&nbsp;<\/p>\n<p><span style=\"color: #333333;\"><strong>11h15-11h45<\/strong><\/span> <strong><span style=\"color: #b80000;\">#BREXIT<\/span> <span style=\"color: #333333;\">Le contexte douanier bilat\u00e9ral<\/span><\/strong><br \/>\nRegards crois\u00e9s sur les proc\u00e9dures douani\u00e8res pour optimiser vos \u00e9changes France, Belgique, Royaume-Uni.<\/p>\n<p>&nbsp;<\/p>\n<p><strong><span style=\"color: #333333;\">15h00-15h30<\/span><span style=\"color: #b80000;\"> #<\/span><span style=\"color: #b80000;\">BLOCKCHAIN<\/span> <span style=\"color: #333333;\">&amp; origine des marchandises<\/span><\/strong><br \/>\nS\u00e9curit\u00e9 et tra\u00e7abilit\u00e9 de l\u2019origine au fil de la Supply Chain, un enjeu douanier fiscal et commercial.<\/p>\n<p>&nbsp;<\/p>\n<p><strong><span style=\"color: #333333;\">16h00-16h30<\/span><\/strong> <span style=\"color: #b80000;\"><strong>#FRONTIERE INTELLIGENTE<\/strong><\/span><br \/>\nL\u2019anticipation au c\u0153ur de vos proc\u00e9dures douani\u00e8res pour \u00e9viter la rupture.<\/p>\n<p>&nbsp;<\/p>\n<table border=\"0\" width=\"798\" cellspacing=\"5\" cellpadding=\"4\">\n<tbody>\n<tr>\n<td style=\"text-align: left; font-family: Segoe, 'Segoe UI light', 'DejaVu Sans', 'Trebuchet MS', Verdana, sans-serif; font-size: 36px;\" colspan=\"2\" bgcolor=\"#FFFFFF\"><span style=\"color: #333333;\">JEUDI <span style=\"font-size: 20px;\">19 mars<\/span><\/span><\/td>\n<\/tr>\n<\/tbody>\n<\/table>\n<p>&nbsp;<\/p>\n<p><strong><span style=\"color: #333333;\">10h30-11h00<\/span><\/strong> <span style=\"color: #b80000;\"><strong>#FRONTIERE INTELLIGENTE<\/strong><\/span><br \/>\nL\u2019anticipation au c\u0153ur de vos proc\u00e9dures douani\u00e8res pour \u00e9viter la rupture.<\/p>\n<p>&nbsp;<\/p>\n<p><strong><span style=\"color: #333333;\">11h45-12h15<\/span><\/strong> <strong><span style=\"color: #b80000;\">#BLOCKCHAIN<\/span> <span style=\"color: #333333;\">Adoptez la ZEN attitude<\/span><\/strong><br \/>\nZEN via conex\u2122, le coffre-fort de vos \u00e9critures douani\u00e8res et documents associ\u00e9s.<\/p>\n<p>&nbsp;<\/p>\n<p><strong><span style=\"color: #333333;\">14h30-15h00<\/span><\/strong> <strong><span style=\"color: #b80000;\">#DOUANE<\/span> <span style=\"color: #333333;\">les outils de votre performance op\u00e9rationnelle<\/span><\/strong><br \/>\nComment se donner les moyens de sa strat\u00e9gie douani\u00e8re ?<\/p>\n<p>&nbsp;<\/p>\n<p><span style=\"color: #333333;\"><strong>15h45-16h15<\/strong><\/span> <strong><span style=\"color: #b80000;\">#BLOCKCHAIN<\/span> <span style=\"color: #333333;\">Explorez les possibles<\/span><\/strong><br \/>\nLa blockchain dans vos process, une approche facilit\u00e9e par CONEX, un passage \u00e0 l\u2019action en toute s\u00e9r\u00e9nit\u00e9.<\/p>\n<p>&nbsp;<\/p>\n<table border=\"0\" width=\"798\" cellspacing=\"5\" cellpadding=\"4\">\n<tbody>\n<tr>\n<td style=\"text-align: left; font-family: Segoe, 'Segoe UI light', 'DejaVu Sans', 'Trebuchet MS', Verdana, sans-serif; font-size: 36px;\" colspan=\"2\" bgcolor=\"#FFFFFF\"><span style=\"color: #333333;\">VENDREDI <span style=\"font-size: 20px;\">20 mars<\/span><\/span><\/td>\n<\/tr>\n<\/tbody>\n<\/table>\n<p>&nbsp;<\/p>\n<p><strong><span style=\"color: #333333;\">10h30-11h00<\/span><\/strong> <span style=\"color: #b80000;\"><strong>#FRONTIERE INTELLIGENTE<\/strong><\/span><br \/>\nL\u2019anticipation au c\u0153ur de vos proc\u00e9dures douani\u00e8res pour \u00e9viter la rupture.<\/p>\n<p>&nbsp;<\/p>\n<hr \/>\n<h4 style=\"text-align: center;\"><span style=\"color: #ab0000;\"><a style=\"color: #ab0000;\" href=\"https:\/\/forms.office.com\/Pages\/ResponsePage.aspx?id=cnIdcG-mNUGZOvOWd6TjORb6WuFRGaVGpqNIhY1XNLdUQkdQMUJQUU5LRlJQODlDWVlJMFRQUkEwRC4u\" target=\"_blank\" rel=\"noopener\"><strong>INSCRIPTION MINI-CONF\u00c9RENCES <\/strong><\/a>\u00a0 \u00a0 \u00a0 \u00a0 -\u00a0 \u00a0 \u00a0 \u00a0 <a style=\"color: #ab0000;\" href=\"https:\/\/www.sitl.eu\/fr-fr.html\" target=\"_blank\" rel=\"noopener\"><strong>DEMANDE DE BADGE Code CNF4<\/strong><\/a><\/span><\/h4>\n<p>&nbsp;<\/p>\n<\/div>\n<\/div><\/div><\/div><\/div><\/div>","protected":false},"excerpt":{"rendered":"<p>PROGRAMME des MINI-CONF\u00c9RENCES sur notre stand CONEX Venez nous rencontrer du 17 au 20 mars 2020 sur le salon SITL, \u00e0 Paris Nord Villepinte &#8211; Hall 6 &#8211; STAND CONEX G75 4 jours pour d\u00e9couvrir nos solutions logicielles douani\u00e8res et s\u00e9curitaires et assister \u00e0 nos mini-conf\u00e9rences. INSCRIPTION MINI-CONF\u00c9RENCES \u00a0 \u00a0 \u00a0 \u00a0 &#8211;\u00a0 \u00a0 \u00a0 \u00a0 DEMANDE DE BADGE Code CNF4 MARDI 17 mars &nbsp; 13h30-14h00 #BREXIT Le contexte douanier bilat\u00e9ral Regards crois\u00e9s sur les [&hellip;]<\/p>\n","protected":false},"author":1,"featured_media":3937,"parent":0,"menu_order":0,"comment_status":"closed","ping_status":"closed","template":"","meta":{"footnotes":""},"class_list":["post-4000","page","type-page","status-publish","has-post-thumbnail","hentry"],"yoast_head":"<!-- This site is optimized with the Yoast SEO plugin v27.3 - https:\/\/yoast.com\/product\/yoast-seo-wordpress\/ -->\n<title>Mini conf\u00e9rences CONEX SITL 2020 - Conex France<\/title>\n<meta name=\"robots\" content=\"index, follow, max-snippet:-1, max-image-preview:large, max-video-preview:-1\" \/>\n<link rel=\"canonical\" href=\"https:\/\/www.conex.net\/fr\/mini-conferences-conex-sitl-2020\/\" \/>\n<meta property=\"og:locale\" content=\"fr_FR\" \/>\n<meta property=\"og:type\" content=\"article\" \/>\n<meta property=\"og:title\" content=\"Mini conf\u00e9rences CONEX SITL 2020 - Conex France\" \/>\n<meta property=\"og:description\" content=\"PROGRAMME des MINI-CONF\u00c9RENCES sur notre stand CONEX Venez nous rencontrer du 17 au 20 mars 2020 sur le salon SITL, \u00e0 Paris Nord Villepinte - Hall 6 - STAND CONEX G75 4 jours pour d\u00e9couvrir nos solutions logicielles douani\u00e8res et s\u00e9curitaires et assister \u00e0 nos mini-conf\u00e9rences. INSCRIPTION MINI-CONF\u00c9RENCES \u00a0 \u00a0 \u00a0 \u00a0 -\u00a0 \u00a0 \u00a0 \u00a0 DEMANDE DE BADGE Code CNF4 MARDI 17 mars &nbsp; 13h30-14h00 #BREXIT Le contexte douanier bilat\u00e9ral Regards crois\u00e9s sur les [&hellip;]\" \/>\n<meta property=\"og:url\" content=\"https:\/\/www.conex.net\/fr\/mini-conferences-conex-sitl-2020\/\" \/>\n<meta property=\"og:site_name\" content=\"Conex France\" \/>\n<meta property=\"article:modified_time\" content=\"2020-02-26T11:06:03+00:00\" \/>\n<meta property=\"og:image\" content=\"https:\/\/www.conex.net\/fr\/wp-content\/uploads\/sites\/2\/2020\/02\/sitl2020.jpg\" \/>\n\t<meta property=\"og:image:width\" content=\"539\" \/>\n\t<meta property=\"og:image:height\" content=\"257\" \/>\n\t<meta property=\"og:image:type\" content=\"image\/jpeg\" \/>\n<meta name=\"twitter:card\" content=\"summary_large_image\" \/>\n<meta name=\"twitter:label1\" content=\"Dur\u00e9e de lecture estim\u00e9e\" \/>\n\t<meta name=\"twitter:data1\" content=\"2 minutes\" \/>\n<script type=\"application\/ld+json\" class=\"yoast-schema-graph\">{\"@context\":\"https:\\\/\\\/schema.org\",\"@graph\":[{\"@type\":\"WebPage\",\"@id\":\"https:\\\/\\\/www.conex.net\\\/fr\\\/mini-conferences-conex-sitl-2020\\\/\",\"url\":\"https:\\\/\\\/www.conex.net\\\/fr\\\/mini-conferences-conex-sitl-2020\\\/\",\"name\":\"Mini conf\u00e9rences CONEX SITL 2020 - Conex France\",\"isPartOf\":{\"@id\":\"https:\\\/\\\/www.conex.net\\\/fr\\\/#website\"},\"primaryImageOfPage\":{\"@id\":\"https:\\\/\\\/www.conex.net\\\/fr\\\/mini-conferences-conex-sitl-2020\\\/#primaryimage\"},\"image\":{\"@id\":\"https:\\\/\\\/www.conex.net\\\/fr\\\/mini-conferences-conex-sitl-2020\\\/#primaryimage\"},\"thumbnailUrl\":\"https:\\\/\\\/www.conex.net\\\/fr\\\/wp-content\\\/uploads\\\/sites\\\/2\\\/2020\\\/02\\\/sitl2020.jpg\",\"datePublished\":\"2020-02-26T10:28:46+00:00\",\"dateModified\":\"2020-02-26T11:06:03+00:00\",\"breadcrumb\":{\"@id\":\"https:\\\/\\\/www.conex.net\\\/fr\\\/mini-conferences-conex-sitl-2020\\\/#breadcrumb\"},\"inLanguage\":\"fr-FR\",\"potentialAction\":[{\"@type\":\"ReadAction\",\"target\":[\"https:\\\/\\\/www.conex.net\\\/fr\\\/mini-conferences-conex-sitl-2020\\\/\"]}]},{\"@type\":\"ImageObject\",\"inLanguage\":\"fr-FR\",\"@id\":\"https:\\\/\\\/www.conex.net\\\/fr\\\/mini-conferences-conex-sitl-2020\\\/#primaryimage\",\"url\":\"https:\\\/\\\/www.conex.net\\\/fr\\\/wp-content\\\/uploads\\\/sites\\\/2\\\/2020\\\/02\\\/sitl2020.jpg\",\"contentUrl\":\"https:\\\/\\\/www.conex.net\\\/fr\\\/wp-content\\\/uploads\\\/sites\\\/2\\\/2020\\\/02\\\/sitl2020.jpg\",\"width\":539,\"height\":257,\"caption\":\"sitl 2020 pr\u00e9sence de conex\"},{\"@type\":\"BreadcrumbList\",\"@id\":\"https:\\\/\\\/www.conex.net\\\/fr\\\/mini-conferences-conex-sitl-2020\\\/#breadcrumb\",\"itemListElement\":[{\"@type\":\"ListItem\",\"position\":1,\"name\":\"Accueil\",\"item\":\"https:\\\/\\\/www.conex.net\\\/fr\\\/\"},{\"@type\":\"ListItem\",\"position\":2,\"name\":\"Mini conf\u00e9rences CONEX SITL 2020\"}]},{\"@type\":\"WebSite\",\"@id\":\"https:\\\/\\\/www.conex.net\\\/fr\\\/#website\",\"url\":\"https:\\\/\\\/www.conex.net\\\/fr\\\/\",\"name\":\"Conex France\",\"description\":\"Your customs partner - CONEX FRANCE\",\"publisher\":{\"@id\":\"https:\\\/\\\/www.conex.net\\\/fr\\\/#organization\"},\"potentialAction\":[{\"@type\":\"SearchAction\",\"target\":{\"@type\":\"EntryPoint\",\"urlTemplate\":\"https:\\\/\\\/www.conex.net\\\/fr\\\/?s={search_term_string}\"},\"query-input\":{\"@type\":\"PropertyValueSpecification\",\"valueRequired\":true,\"valueName\":\"search_term_string\"}}],\"inLanguage\":\"fr-FR\"},{\"@type\":\"Organization\",\"@id\":\"https:\\\/\\\/www.conex.net\\\/fr\\\/#organization\",\"name\":\"CONEX SAS\",\"url\":\"https:\\\/\\\/www.conex.net\\\/fr\\\/\",\"logo\":{\"@type\":\"ImageObject\",\"inLanguage\":\"fr-FR\",\"@id\":\"https:\\\/\\\/www.conex.net\\\/fr\\\/#\\\/schema\\\/logo\\\/image\\\/\",\"url\":\"https:\\\/\\\/www.conex.net\\\/fr\\\/wp-content\\\/uploads\\\/sites\\\/2\\\/2018\\\/10\\\/logo-conex.png\",\"contentUrl\":\"https:\\\/\\\/www.conex.net\\\/fr\\\/wp-content\\\/uploads\\\/sites\\\/2\\\/2018\\\/10\\\/logo-conex.png\",\"width\":138,\"height\":49,\"caption\":\"CONEX SAS\"},\"image\":{\"@id\":\"https:\\\/\\\/www.conex.net\\\/fr\\\/#\\\/schema\\\/logo\\\/image\\\/\"}}]}<\/script>\n<!-- \/ Yoast SEO plugin. -->","yoast_head_json":{"title":"Mini conf\u00e9rences CONEX SITL 2020 - Conex France","robots":{"index":"index","follow":"follow","max-snippet":"max-snippet:-1","max-image-preview":"max-image-preview:large","max-video-preview":"max-video-preview:-1"},"canonical":"https:\/\/www.conex.net\/fr\/mini-conferences-conex-sitl-2020\/","og_locale":"fr_FR","og_type":"article","og_title":"Mini conf\u00e9rences CONEX SITL 2020 - Conex France","og_description":"PROGRAMME des MINI-CONF\u00c9RENCES sur notre stand CONEX Venez nous rencontrer du 17 au 20 mars 2020 sur le salon SITL, \u00e0 Paris Nord Villepinte - Hall 6 - STAND CONEX G75 4 jours pour d\u00e9couvrir nos solutions logicielles douani\u00e8res et s\u00e9curitaires et assister \u00e0 nos mini-conf\u00e9rences. INSCRIPTION MINI-CONF\u00c9RENCES \u00a0 \u00a0 \u00a0 \u00a0 -\u00a0 \u00a0 \u00a0 \u00a0 DEMANDE DE BADGE Code CNF4 MARDI 17 mars &nbsp; 13h30-14h00 #BREXIT Le contexte douanier bilat\u00e9ral Regards crois\u00e9s sur les [&hellip;]","og_url":"https:\/\/www.conex.net\/fr\/mini-conferences-conex-sitl-2020\/","og_site_name":"Conex France","article_modified_time":"2020-02-26T11:06:03+00:00","og_image":[{"width":539,"height":257,"url":"https:\/\/www.conex.net\/fr\/wp-content\/uploads\/sites\/2\/2020\/02\/sitl2020.jpg","type":"image\/jpeg"}],"twitter_card":"summary_large_image","twitter_misc":{"Dur\u00e9e de lecture estim\u00e9e":"2 minutes"},"schema":{"@context":"https:\/\/schema.org","@graph":[{"@type":"WebPage","@id":"https:\/\/www.conex.net\/fr\/mini-conferences-conex-sitl-2020\/","url":"https:\/\/www.conex.net\/fr\/mini-conferences-conex-sitl-2020\/","name":"Mini conf\u00e9rences CONEX SITL 2020 - Conex France","isPartOf":{"@id":"https:\/\/www.conex.net\/fr\/#website"},"primaryImageOfPage":{"@id":"https:\/\/www.conex.net\/fr\/mini-conferences-conex-sitl-2020\/#primaryimage"},"image":{"@id":"https:\/\/www.conex.net\/fr\/mini-conferences-conex-sitl-2020\/#primaryimage"},"thumbnailUrl":"https:\/\/www.conex.net\/fr\/wp-content\/uploads\/sites\/2\/2020\/02\/sitl2020.jpg","datePublished":"2020-02-26T10:28:46+00:00","dateModified":"2020-02-26T11:06:03+00:00","breadcrumb":{"@id":"https:\/\/www.conex.net\/fr\/mini-conferences-conex-sitl-2020\/#breadcrumb"},"inLanguage":"fr-FR","potentialAction":[{"@type":"ReadAction","target":["https:\/\/www.conex.net\/fr\/mini-conferences-conex-sitl-2020\/"]}]},{"@type":"ImageObject","inLanguage":"fr-FR","@id":"https:\/\/www.conex.net\/fr\/mini-conferences-conex-sitl-2020\/#primaryimage","url":"https:\/\/www.conex.net\/fr\/wp-content\/uploads\/sites\/2\/2020\/02\/sitl2020.jpg","contentUrl":"https:\/\/www.conex.net\/fr\/wp-content\/uploads\/sites\/2\/2020\/02\/sitl2020.jpg","width":539,"height":257,"caption":"sitl 2020 pr\u00e9sence de conex"},{"@type":"BreadcrumbList","@id":"https:\/\/www.conex.net\/fr\/mini-conferences-conex-sitl-2020\/#breadcrumb","itemListElement":[{"@type":"ListItem","position":1,"name":"Accueil","item":"https:\/\/www.conex.net\/fr\/"},{"@type":"ListItem","position":2,"name":"Mini conf\u00e9rences CONEX SITL 2020"}]},{"@type":"WebSite","@id":"https:\/\/www.conex.net\/fr\/#website","url":"https:\/\/www.conex.net\/fr\/","name":"Conex France","description":"Your customs partner - CONEX FRANCE","publisher":{"@id":"https:\/\/www.conex.net\/fr\/#organization"},"potentialAction":[{"@type":"SearchAction","target":{"@type":"EntryPoint","urlTemplate":"https:\/\/www.conex.net\/fr\/?s={search_term_string}"},"query-input":{"@type":"PropertyValueSpecification","valueRequired":true,"valueName":"search_term_string"}}],"inLanguage":"fr-FR"},{"@type":"Organization","@id":"https:\/\/www.conex.net\/fr\/#organization","name":"CONEX SAS","url":"https:\/\/www.conex.net\/fr\/","logo":{"@type":"ImageObject","inLanguage":"fr-FR","@id":"https:\/\/www.conex.net\/fr\/#\/schema\/logo\/image\/","url":"https:\/\/www.conex.net\/fr\/wp-content\/uploads\/sites\/2\/2018\/10\/logo-conex.png","contentUrl":"https:\/\/www.conex.net\/fr\/wp-content\/uploads\/sites\/2\/2018\/10\/logo-conex.png","width":138,"height":49,"caption":"CONEX SAS"},"image":{"@id":"https:\/\/www.conex.net\/fr\/#\/schema\/logo\/image\/"}}]}},"_links":{"self":[{"href":"https:\/\/www.conex.net\/fr\/wp-json\/wp\/v2\/pages\/4000","targetHints":{"allow":["GET"]}}],"collection":[{"href":"https:\/\/www.conex.net\/fr\/wp-json\/wp\/v2\/pages"}],"about":[{"href":"https:\/\/www.conex.net\/fr\/wp-json\/wp\/v2\/types\/page"}],"author":[{"embeddable":true,"href":"https:\/\/www.conex.net\/fr\/wp-json\/wp\/v2\/users\/1"}],"replies":[{"embeddable":true,"href":"https:\/\/www.conex.net\/fr\/wp-json\/wp\/v2\/comments?post=4000"}],"version-history":[{"count":33,"href":"https:\/\/www.conex.net\/fr\/wp-json\/wp\/v2\/pages\/4000\/revisions"}],"predecessor-version":[{"id":4033,"href":"https:\/\/www.conex.net\/fr\/wp-json\/wp\/v2\/pages\/4000\/revisions\/4033"}],"wp:featuredmedia":[{"embeddable":true,"href":"https:\/\/www.conex.net\/fr\/wp-json\/wp\/v2\/media\/3937"}],"wp:attachment":[{"href":"https:\/\/www.conex.net\/fr\/wp-json\/wp\/v2\/media?parent=4000"}],"curies":[{"name":"wp","href":"https:\/\/api.w.org\/{rel}","templated":true}]}}