{"id":408,"date":"2019-01-08T09:38:05","date_gmt":"2019-01-08T08:38:05","guid":{"rendered":"https:\/\/www.conex.net\/fr\/?page_id=408"},"modified":"2021-09-23T09:07:46","modified_gmt":"2021-09-23T07:07:46","slug":"corporate","status":"publish","type":"page","link":"https:\/\/www.conex.net\/fr\/corporate\/","title":{"rendered":"Corporate"},"content":{"rendered":"<div id=\"pl-408\"  class=\"panel-layout\" ><div id=\"pg-408-0\"  class=\"panel-grid panel-no-style\" ><div id=\"pgc-408-0-0\"  class=\"panel-grid-cell\" ><div id=\"panel-408-0-0-0\" class=\"so-panel widget widget_sow-editor panel-first-child panel-last-child\" data-index=\"0\" ><div\n\t\t\t\n\t\t\tclass=\"so-widget-sow-editor so-widget-sow-editor-base\"\n\t\t\t\n\t\t>\n<div class=\"siteorigin-widget-tinymce textwidget\">\n\t<h2><span style=\"color: #b80000\">\u00c0 VOS COT\u00c9S POUR AM\u00c9LIORER ET RENFORCER VOTRE CONFORMIT\u00c9 DOUANI\u00c8RE<\/span><\/h2>\n<p><img loading=\"lazy\" decoding=\"async\" class=\"alignleft size-full wp-image-180\" src=\"\/wp-content\/uploads\/2018\/12\/Alban-Gruson.jpg\" alt=\"\" width=\"266\" height=\"291\" \/>Le panorama douanier est au c\u0153ur de notre vision strat\u00e9gique et de notre offre. Nous nous effor\u00e7ons d'\u00eatre \u00e0 l'\u00e9coute de toutes les\u00a0<strong>mouvances douani\u00e8res europ\u00e9ennes et mondiales<\/strong>\u00a0afin de r\u00e9pondre aux attentes des op\u00e9rateurs douaniers et m\u00e9riter ainsi leur confiance et leur fid\u00e9lit\u00e9.<\/p>\n<p><strong>Notre exp\u00e9rience et notre exigence de qualit\u00e9<\/strong>\u00a0permettent de renforcer notre comp\u00e9titivit\u00e9 vers les outils d'aide au d\u00e9douanement \u00e9lectronique :\u00a0<strong>logiciels de gestion des proc\u00e9dures douani\u00e8res fonction des r\u00e9glementations nationales, transmission et archivage de donn\u00e9es douani\u00e8res via nos plateformes de transmission (EDI)<\/strong>. Port\u00e9s par la d\u00e9mat\u00e9rialisation et l'\u00e9volution croissante des technologies, nous savons anticiper et identifier les besoins de notre m\u00e9tier.<\/p>\n<p>&nbsp;<\/p>\n<h2>\"Innover sans cesse...un d\u00e9fi qui nous motive !\"<\/h2>\n<p>D\u00e8s sa cr\u00e9ation en 1985, anticipant sur les points de vue de l'\u00e9poque, j'avais toujours mis en avant que le processus douanier comportait deux faces. L'export dans le pays de d\u00e9part, puis l'import dans le pays d'arriv\u00e9e.<\/p>\n<p>&nbsp;<\/p>\n<p>A l'\u00e9poque, ces deux phases \u00e9taient totalement isol\u00e9es l'une de l'autre car les moyens de communication de l'information se r\u00e9sumaient au seul papier.<\/p>\n<p>&nbsp;<\/p>\n<p>Les \u00e9changes de donn\u00e9es \u00e9lectroniques apparus depuis un certain nombre d'ann\u00e9es ont compl\u00e8tement boulevers\u00e9 les sch\u00e9mas traditionnels en ce qu'ils permettent de transf\u00e9rer en quelques instants, \u00e0 l'autre bout du monde, n'importe quelle information, fut-elle \u00e0 caract\u00e8re douanier.<\/p>\n<p>&nbsp;<\/p>\n<p>Les aspects s\u00e9curitaires li\u00e9s au terrorisme grandissant ont amen\u00e9 les administrations douani\u00e8res du monde entier \u00e0 prendre\u00a0conscience de l'avantage repr\u00e9sent\u00e9 par les nouvelles technologies de l'information et \u00e0 les mettre en \u0153uvre au profit de la s\u00e9curit\u00e9 des citoyens du monde.<\/p>\n<p>&nbsp;<\/p>\n<p>Bien entendu, l'organisation de ces \u00e9changes d\u00e9mat\u00e9rialis\u00e9s repose en grande partie sur la participation active de la sph\u00e8re priv\u00e9e.<\/p>\n<p>&nbsp;<\/p>\n<p>Conex entend participer utilement \u00e0 cette mise en \u0153uvre et constituer un relais privil\u00e9gi\u00e9 de l'information concern\u00e9e. Pour cela, elle proc\u00e8de \u00e0 l'implantation d'un certain nombre de filiales \u00e0 l'\u00e9tranger (\u00e0 l'int\u00e9rieur comme \u00e0 l'ext\u00e9rieur du territoire europ\u00e9en) pour y d\u00e9velopper son savoir-faire.<\/p>\n<p>&nbsp;<\/p>\n<p>Elle met en place par ailleurs un r\u00e9seau de partenariat avec les principaux pays avec lesquels l'Europe traite des \u00e9changes commerciaux.<\/p>\n<p>&nbsp;<\/p>\n<p>L'objectif est d'offrir avec le soutien des entreprises une r\u00e9ponse technique adapt\u00e9e aux nouvelles r\u00e9glementations en cours de mise en \u0153uvre et de participer \u00e0 la d\u00e9finition de ces proc\u00e9dures d'\u00e9change afin d'assurer un v\u00e9ritable dialogue priv\u00e9\/public.<\/p>\n<hr \/>\n<p><a href=\"\/fr\/contact\/\"><img loading=\"lazy\" decoding=\"async\" class=\"aligncenter size-full wp-image-765\" src=\"\/wp-content\/uploads\/2019\/05\/picto-contactez-nous.jpg\" alt=\"contactez-nous conex\" width=\"506\" height=\"205\" srcset=\"https:\/\/www.conex.net\/fr\/wp-content\/uploads\/sites\/2\/2019\/05\/picto-contactez-nous.jpg 506w, https:\/\/www.conex.net\/fr\/wp-content\/uploads\/sites\/2\/2019\/05\/picto-contactez-nous-300x122.jpg 300w\" sizes=\"auto, (max-width: 506px) 100vw, 506px\" \/><\/a><\/p>\n<\/div>\n<\/div><\/div><\/div><\/div><\/div>","protected":false},"excerpt":{"rendered":"<p>\u00c0 VOS COT\u00c9S POUR AM\u00c9LIORER ET RENFORCER VOTRE CONFORMIT\u00c9 DOUANI\u00c8RE Le panorama douanier est au c\u0153ur de notre vision strat\u00e9gique et de notre offre. Nous nous effor\u00e7ons d&rsquo;\u00eatre \u00e0 l&rsquo;\u00e9coute de toutes les\u00a0mouvances douani\u00e8res europ\u00e9ennes et mondiales\u00a0afin de r\u00e9pondre aux attentes des op\u00e9rateurs douaniers et m\u00e9riter ainsi leur confiance et leur fid\u00e9lit\u00e9. Notre exp\u00e9rience et notre exigence de qualit\u00e9\u00a0permettent de renforcer notre comp\u00e9titivit\u00e9 vers les outils d&rsquo;aide au d\u00e9douanement \u00e9lectronique :\u00a0logiciels de gestion des proc\u00e9dures [&hellip;]<\/p>\n","protected":false},"author":1,"featured_media":0,"parent":0,"menu_order":0,"comment_status":"closed","ping_status":"closed","template":"Page-fullwidth.php","meta":{"footnotes":""},"class_list":["post-408","page","type-page","status-publish","hentry"],"yoast_head":"<!-- This site is optimized with the Yoast SEO plugin v27.3 - https:\/\/yoast.com\/product\/yoast-seo-wordpress\/ -->\n<title>Logiciel douane - plateforme EDI - Conex France<\/title>\n<meta name=\"description\" content=\"Logiciel douane r\u00e9glementations nationales, transmission et archivage de donn\u00e9es douani\u00e8res via nos plateformes EDI. logiciels douaniers\" \/>\n<meta name=\"robots\" content=\"index, follow, max-snippet:-1, max-image-preview:large, max-video-preview:-1\" \/>\n<link rel=\"canonical\" href=\"https:\/\/www.conex.net\/fr\/corporate\/\" \/>\n<meta property=\"og:locale\" content=\"fr_FR\" \/>\n<meta property=\"og:type\" content=\"article\" \/>\n<meta property=\"og:title\" content=\"Logiciel douane - plateforme EDI - Conex France\" \/>\n<meta property=\"og:description\" content=\"Logiciel douane r\u00e9glementations nationales, transmission et archivage de donn\u00e9es douani\u00e8res via nos plateformes EDI. logiciels douaniers\" \/>\n<meta property=\"og:url\" content=\"https:\/\/www.conex.net\/fr\/corporate\/\" \/>\n<meta property=\"og:site_name\" content=\"Conex France\" \/>\n<meta property=\"article:modified_time\" content=\"2021-09-23T07:07:46+00:00\" \/>\n<meta name=\"twitter:card\" content=\"summary_large_image\" \/>\n<meta name=\"twitter:label1\" content=\"Dur\u00e9e de lecture estim\u00e9e\" \/>\n\t<meta name=\"twitter:data1\" content=\"2 minutes\" \/>\n<script type=\"application\/ld+json\" class=\"yoast-schema-graph\">{\"@context\":\"https:\\\/\\\/schema.org\",\"@graph\":[{\"@type\":\"WebPage\",\"@id\":\"https:\\\/\\\/www.conex.net\\\/fr\\\/corporate\\\/\",\"url\":\"https:\\\/\\\/www.conex.net\\\/fr\\\/corporate\\\/\",\"name\":\"Logiciel douane - plateforme EDI - Conex France\",\"isPartOf\":{\"@id\":\"https:\\\/\\\/www.conex.net\\\/fr\\\/#website\"},\"datePublished\":\"2019-01-08T08:38:05+00:00\",\"dateModified\":\"2021-09-23T07:07:46+00:00\",\"description\":\"Logiciel douane r\u00e9glementations nationales, transmission et archivage de donn\u00e9es douani\u00e8res via nos plateformes EDI. logiciels douaniers\",\"breadcrumb\":{\"@id\":\"https:\\\/\\\/www.conex.net\\\/fr\\\/corporate\\\/#breadcrumb\"},\"inLanguage\":\"fr-FR\",\"potentialAction\":[{\"@type\":\"ReadAction\",\"target\":[\"https:\\\/\\\/www.conex.net\\\/fr\\\/corporate\\\/\"]}]},{\"@type\":\"BreadcrumbList\",\"@id\":\"https:\\\/\\\/www.conex.net\\\/fr\\\/corporate\\\/#breadcrumb\",\"itemListElement\":[{\"@type\":\"ListItem\",\"position\":1,\"name\":\"Accueil\",\"item\":\"https:\\\/\\\/www.conex.net\\\/fr\\\/\"},{\"@type\":\"ListItem\",\"position\":2,\"name\":\"Corporate\"}]},{\"@type\":\"WebSite\",\"@id\":\"https:\\\/\\\/www.conex.net\\\/fr\\\/#website\",\"url\":\"https:\\\/\\\/www.conex.net\\\/fr\\\/\",\"name\":\"Conex France\",\"description\":\"Your customs partner - CONEX FRANCE\",\"publisher\":{\"@id\":\"https:\\\/\\\/www.conex.net\\\/fr\\\/#organization\"},\"potentialAction\":[{\"@type\":\"SearchAction\",\"target\":{\"@type\":\"EntryPoint\",\"urlTemplate\":\"https:\\\/\\\/www.conex.net\\\/fr\\\/?s={search_term_string}\"},\"query-input\":{\"@type\":\"PropertyValueSpecification\",\"valueRequired\":true,\"valueName\":\"search_term_string\"}}],\"inLanguage\":\"fr-FR\"},{\"@type\":\"Organization\",\"@id\":\"https:\\\/\\\/www.conex.net\\\/fr\\\/#organization\",\"name\":\"CONEX SAS\",\"url\":\"https:\\\/\\\/www.conex.net\\\/fr\\\/\",\"logo\":{\"@type\":\"ImageObject\",\"inLanguage\":\"fr-FR\",\"@id\":\"https:\\\/\\\/www.conex.net\\\/fr\\\/#\\\/schema\\\/logo\\\/image\\\/\",\"url\":\"https:\\\/\\\/www.conex.net\\\/fr\\\/wp-content\\\/uploads\\\/sites\\\/2\\\/2018\\\/10\\\/logo-conex.png\",\"contentUrl\":\"https:\\\/\\\/www.conex.net\\\/fr\\\/wp-content\\\/uploads\\\/sites\\\/2\\\/2018\\\/10\\\/logo-conex.png\",\"width\":138,\"height\":49,\"caption\":\"CONEX SAS\"},\"image\":{\"@id\":\"https:\\\/\\\/www.conex.net\\\/fr\\\/#\\\/schema\\\/logo\\\/image\\\/\"}}]}<\/script>\n<!-- \/ Yoast SEO plugin. -->","yoast_head_json":{"title":"Logiciel douane - plateforme EDI - Conex France","description":"Logiciel douane r\u00e9glementations nationales, transmission et archivage de donn\u00e9es douani\u00e8res via nos plateformes EDI. logiciels douaniers","robots":{"index":"index","follow":"follow","max-snippet":"max-snippet:-1","max-image-preview":"max-image-preview:large","max-video-preview":"max-video-preview:-1"},"canonical":"https:\/\/www.conex.net\/fr\/corporate\/","og_locale":"fr_FR","og_type":"article","og_title":"Logiciel douane - plateforme EDI - Conex France","og_description":"Logiciel douane r\u00e9glementations nationales, transmission et archivage de donn\u00e9es douani\u00e8res via nos plateformes EDI. logiciels douaniers","og_url":"https:\/\/www.conex.net\/fr\/corporate\/","og_site_name":"Conex France","article_modified_time":"2021-09-23T07:07:46+00:00","twitter_card":"summary_large_image","twitter_misc":{"Dur\u00e9e de lecture estim\u00e9e":"2 minutes"},"schema":{"@context":"https:\/\/schema.org","@graph":[{"@type":"WebPage","@id":"https:\/\/www.conex.net\/fr\/corporate\/","url":"https:\/\/www.conex.net\/fr\/corporate\/","name":"Logiciel douane - plateforme EDI - Conex France","isPartOf":{"@id":"https:\/\/www.conex.net\/fr\/#website"},"datePublished":"2019-01-08T08:38:05+00:00","dateModified":"2021-09-23T07:07:46+00:00","description":"Logiciel douane r\u00e9glementations nationales, transmission et archivage de donn\u00e9es douani\u00e8res via nos plateformes EDI. logiciels douaniers","breadcrumb":{"@id":"https:\/\/www.conex.net\/fr\/corporate\/#breadcrumb"},"inLanguage":"fr-FR","potentialAction":[{"@type":"ReadAction","target":["https:\/\/www.conex.net\/fr\/corporate\/"]}]},{"@type":"BreadcrumbList","@id":"https:\/\/www.conex.net\/fr\/corporate\/#breadcrumb","itemListElement":[{"@type":"ListItem","position":1,"name":"Accueil","item":"https:\/\/www.conex.net\/fr\/"},{"@type":"ListItem","position":2,"name":"Corporate"}]},{"@type":"WebSite","@id":"https:\/\/www.conex.net\/fr\/#website","url":"https:\/\/www.conex.net\/fr\/","name":"Conex France","description":"Your customs partner - CONEX FRANCE","publisher":{"@id":"https:\/\/www.conex.net\/fr\/#organization"},"potentialAction":[{"@type":"SearchAction","target":{"@type":"EntryPoint","urlTemplate":"https:\/\/www.conex.net\/fr\/?s={search_term_string}"},"query-input":{"@type":"PropertyValueSpecification","valueRequired":true,"valueName":"search_term_string"}}],"inLanguage":"fr-FR"},{"@type":"Organization","@id":"https:\/\/www.conex.net\/fr\/#organization","name":"CONEX SAS","url":"https:\/\/www.conex.net\/fr\/","logo":{"@type":"ImageObject","inLanguage":"fr-FR","@id":"https:\/\/www.conex.net\/fr\/#\/schema\/logo\/image\/","url":"https:\/\/www.conex.net\/fr\/wp-content\/uploads\/sites\/2\/2018\/10\/logo-conex.png","contentUrl":"https:\/\/www.conex.net\/fr\/wp-content\/uploads\/sites\/2\/2018\/10\/logo-conex.png","width":138,"height":49,"caption":"CONEX SAS"},"image":{"@id":"https:\/\/www.conex.net\/fr\/#\/schema\/logo\/image\/"}}]}},"_links":{"self":[{"href":"https:\/\/www.conex.net\/fr\/wp-json\/wp\/v2\/pages\/408","targetHints":{"allow":["GET"]}}],"collection":[{"href":"https:\/\/www.conex.net\/fr\/wp-json\/wp\/v2\/pages"}],"about":[{"href":"https:\/\/www.conex.net\/fr\/wp-json\/wp\/v2\/types\/page"}],"author":[{"embeddable":true,"href":"https:\/\/www.conex.net\/fr\/wp-json\/wp\/v2\/users\/1"}],"replies":[{"embeddable":true,"href":"https:\/\/www.conex.net\/fr\/wp-json\/wp\/v2\/comments?post=408"}],"version-history":[{"count":14,"href":"https:\/\/www.conex.net\/fr\/wp-json\/wp\/v2\/pages\/408\/revisions"}],"predecessor-version":[{"id":6860,"href":"https:\/\/www.conex.net\/fr\/wp-json\/wp\/v2\/pages\/408\/revisions\/6860"}],"wp:attachment":[{"href":"https:\/\/www.conex.net\/fr\/wp-json\/wp\/v2\/media?parent=408"}],"curies":[{"name":"wp","href":"https:\/\/api.w.org\/{rel}","templated":true}]}}