{"id":4166,"date":"2020-04-10T16:42:07","date_gmt":"2020-04-10T14:42:07","guid":{"rendered":"https:\/\/www.conex.net\/fr\/?page_id=4166"},"modified":"2020-04-10T17:12:51","modified_gmt":"2020-04-10T15:12:51","slug":"info-dgddi","status":"publish","type":"page","link":"https:\/\/www.conex.net\/fr\/info-dgddi\/","title":{"rendered":"Info DGDDI"},"content":{"rendered":"<div id=\"pl-4166\"  class=\"panel-layout\" ><div id=\"pg-4166-0\"  class=\"panel-grid panel-no-style\" ><div id=\"pgc-4166-0-0\"  class=\"panel-grid-cell\" ><div id=\"panel-4166-0-0-0\" class=\"so-panel widget widget_sow-editor panel-first-child panel-last-child\" data-index=\"0\" ><div\n\t\t\t\n\t\t\tclass=\"so-widget-sow-editor so-widget-sow-editor-base\"\n\t\t\t\n\t\t>\n<div class=\"siteorigin-widget-tinymce textwidget\">\n\t<h3><span style=\"color: #b50000;\"><strong>DGDDI<br \/>\nPr\u00e9cisions sur la d\u00e9mat\u00e9rialisation des documents en mati\u00e8re de fiscalit\u00e9 \u00e9nerg\u00e9tique<\/strong><\/span><\/h3>\n<ol>\n<li><strong><u>D\u00e9p\u00f4t des comptabilit\u00e9s mati\u00e8res tenues dans le cadre de la taxe int\u00e9rieure de consommation sur les produits \u00e9nerg\u00e9tiques (TICPE)<\/u><\/strong><\/li>\n<\/ol>\n<p style=\"text-align: justify;\">Les comptabilit\u00e9s mati\u00e8res ainsi que les d\u00e9clarations trimestrielles d'activit\u00e9 tenues en usine exerc\u00e9e, en entrep\u00f4t fiscal de stockage, en entrep\u00f4t fiscal de produits \u00e9nerg\u00e9tiques, en entrep\u00f4t fiscal de carburant d'aviation, en DSCA, SSCA, DSCM, SSCM et DSCF doivent \u00eatre transmises dans les d\u00e9lais pr\u00e9vus par le r\u00e9glementation en vigueur, par voie d\u00e9mat\u00e9rialis\u00e9e, au format pdf, sut la bo\u00eete aux lettres fonctionnelle du bureau de douane de rattachement.<\/p>\n<p style=\"text-align: justify;\">Ces documents seront vis\u00e9s par les bureaux de douane comp\u00e9tents et remis aux op\u00e9rateurs \u00e0 la fin de la p\u00e9riode de crise sanitaire.<\/p>\n<p>&nbsp;<\/p>\n<p><strong>2.<u>Transmission des d\u00e9clarations de mise \u00e0 la consommation pour l'acquittement de la TICPE<\/u><\/strong><\/p>\n<p style=\"text-align: justify;\">Les d\u00e9clarations de mise \u00e0 la consommation PPE pouvant \u00eatre \u00e9tablies de mani\u00e8re d\u00e9mat\u00e9rialis\u00e9e et en respectant les prescriptions sanitaires gouvernementales, les d\u00e9lais pr\u00e9cis\u00e9s par l'article 3 du d\u00e9cret n\u00b0 2005-958 du\u00a09 ao\u00fbt 2005\u00a0relatif aux obligations des op\u00e9rateurs pour la d\u00e9termination de la fraction r\u00e9gionale de la taxe int\u00e9rieure de consommation sur les produits p\u00e9troliers, ne font pas l'objet d'un report.<\/p>\n<p style=\"text-align: justify;\">Toutefois, il ne sera pas relev\u00e9 d'infraction en cas de retard dans le d\u00e9p\u00f4t de ces d\u00e9clarations. le cas \u00e9ch\u00e9ant, les op\u00e9rateurs sont invit\u00e9s \u00e0 d\u00e9poser leur d\u00e9claration de mise \u00e0 la consommation et \u00e0 informer les services de toutes difficult\u00e9s.<\/p>\n<p>&nbsp;<\/p>\n<ol start=\"3\">\n<li><strong><u> Transmission et visa des documents de suivi des biocarburants dans le cadre de la taxe incitative relative \u00e0 l'incorporation de biocarburants (TIRIB)<\/u><\/strong><\/li>\n<\/ol>\n<p style=\"text-align: justify;\">L'ensemble des documents permettant d'assurer le suivi des biocarburants (certificat d'incorporation, certificat d'acquisition, certificat de teneur, ainsi que les comptabilit\u00e9s mati\u00e8res biocarburants ou de teneur en biocarburants) doivent \u00eatre transmis dans les d\u00e9lais indiqu\u00e9s dans la circulaire n\u00b0 19-023 du 12 juin 2019, au format pdf par voie \u00e9lectronique au bureau de douane de rattachement de l'op\u00e9rateur.<\/p>\n<p style=\"text-align: justify;\">Les op\u00e9rateurs doivent utiliser la bo\u00eete fonctionnelle du bureau de douane de la raffinerie ou du bureau de douane de rattachement pour transmettre ces documents.<\/p>\n<p style=\"text-align: justify;\">Seuls les certificats d'acquisition seront vis\u00e9s par le bureau de douane de la raffinerie ou le bureau de douane de rattachement et renvoy\u00e9s par voie \u00e9lectronique \u00e0 l'op\u00e9rateur.<\/p>\n<p style=\"text-align: justify;\">Les autres documents de suivi des biocarburants seront vis\u00e9s et sign\u00e9s par les bureaux de douane lorsque les conditions normales d'activit\u00e9 li\u00e9es \u00e0 la vue \u00e9conomique du pays auront \u00e9t\u00e9 r\u00e9tablies.<\/p>\n<p>&nbsp;<\/p>\n<ol start=\"4\">\n<li><strong><u> Signature des bons de livraison \u00e0 l'avitaillement<\/u><\/strong><\/li>\n<\/ol>\n<p style=\"text-align: justify;\">Durant toute la p\u00e9riode de crise li\u00e9e \u00e0 l'\u00e9pid\u00e9mie de coronavirus, et \u00e0 titre de mesure sanitaire pr\u00e9ventive, les fournisseurs de carburants exon\u00e9r\u00e9s de TICPE (dans le cadre des r\u00e9gimes pour la navigation a\u00e9rienne, maritime et fluviale) ne sont pas tenus de faire figurer la signature du capitaine ou du pilote sur le bon de livraison.<\/p>\n<p style=\"text-align: justify;\">Il est n\u00e9anmoins rappel\u00e9 que ce document, ainsi que ceux mentionn\u00e9s dans les circulaires publi\u00e9es aux BOD n\u00b0 6934, 7293 et 7343 (factures, documents attestant du caract\u00e8re \u00e9ligible du client livr\u00e9) doivent \u00e9videmment toujours \u00eatre \u00e9tablis et conserv\u00e9s \u00e0 l'appui de la comptabilit\u00e9 mati\u00e8res.<\/p>\n<p style=\"text-align: justify;\">Ces documents doivent \u00eatre pr\u00e9sents au service des douanes lors du d\u00e9douanement \u00e0 pr\u00e9senter suivant les modalit\u00e9s habituelles.<\/p>\n<hr \/>\n<p>- Les modalit\u00e9s d'\u00e9mission des certificats d'origine pr\u00e9f\u00e9rentielle (EUR.1, EUR.MED, FORM.A) et de circulation A.TR durant la crise du COVID-19;<br \/>\n<span style=\"color: #333333;\"><a style=\"color: #333333;\" href=\"http:\/\/download.conex.net\/\/ESPACE-CONEX\/COMMUNICATION\/InstructionOperateursCOVID-19CertificatsOrigine.pdf\" target=\"_blank\" rel=\"noopener\"><strong>Voir les instructions op\u00e9rateurs\u00a0<\/strong><\/a><\/span><\/p>\n<p>- Une synth\u00e8se sur l'adaptation des modalit\u00e9s pour la pr\u00e9sentation et le contr\u00f4le des autorisations sp\u00e9cifiques aux marchandises soumises \u00e0 restriction;<br \/>\n<span style=\"color: #333333;\"><a style=\"color: #333333;\" href=\"http:\/\/download.conex.net\/\/ESPACE-CONEX\/COMMUNICATION\/SyntheseOperateursModalitesPourlaPre\u0301sentationEtleContro\u0302leDesAutorisationsSpecifiquesAuxMarchandisesSoumisesArestriction.pdf\" target=\"_blank\" rel=\"noopener\"><strong>Voir la synth\u00e8se\u00a0<\/strong><\/a><\/span><\/p>\n<hr \/>\n<p>Direction g\u00e9n\u00e9rale des douanes et droits indirects<br \/>\n11 rue des deux communes<br \/>\n93558 Montreuil Cedex<br \/>\n01 57 53 41 11<br \/>\n06 64 58 71 89<\/p>\n<p>&nbsp;<\/p>\n<\/div>\n<\/div><\/div><\/div><\/div><\/div>","protected":false},"excerpt":{"rendered":"<p>DGDDI Pr\u00e9cisions sur la d\u00e9mat\u00e9rialisation des documents en mati\u00e8re de fiscalit\u00e9 \u00e9nerg\u00e9tique D\u00e9p\u00f4t des comptabilit\u00e9s mati\u00e8res tenues dans le cadre de la taxe int\u00e9rieure de consommation sur les produits \u00e9nerg\u00e9tiques (TICPE) Les comptabilit\u00e9s mati\u00e8res ainsi que les d\u00e9clarations trimestrielles d&rsquo;activit\u00e9 tenues en usine exerc\u00e9e, en entrep\u00f4t fiscal de stockage, en entrep\u00f4t fiscal de produits \u00e9nerg\u00e9tiques, en entrep\u00f4t fiscal de carburant d&rsquo;aviation, en DSCA, SSCA, DSCM, SSCM et DSCF doivent \u00eatre transmises dans les d\u00e9lais pr\u00e9vus [&hellip;]<\/p>\n","protected":false},"author":1,"featured_media":0,"parent":0,"menu_order":0,"comment_status":"closed","ping_status":"closed","template":"","meta":{"footnotes":""},"class_list":["post-4166","page","type-page","status-publish","hentry"],"yoast_head":"<!-- This site is optimized with the Yoast SEO plugin v27.4 - https:\/\/yoast.com\/product\/yoast-seo-wordpress\/ -->\n<title>Info DGDDI - Conex France<\/title>\n<meta name=\"description\" content=\"DGDDIPr\u00e9cisions sur la d\u00e9mat\u00e9rialisation des documents en mati\u00e8re de fiscalit\u00e9 \u00e9nerg\u00e9tique\" \/>\n<meta name=\"robots\" content=\"index, follow, max-snippet:-1, max-image-preview:large, max-video-preview:-1\" \/>\n<link rel=\"canonical\" href=\"https:\/\/www.conex.net\/fr\/info-dgddi\/\" \/>\n<meta property=\"og:locale\" content=\"fr_FR\" \/>\n<meta property=\"og:type\" content=\"article\" \/>\n<meta property=\"og:title\" content=\"Info DGDDI - Conex France\" \/>\n<meta property=\"og:description\" content=\"DGDDIPr\u00e9cisions sur la d\u00e9mat\u00e9rialisation des documents en mati\u00e8re de fiscalit\u00e9 \u00e9nerg\u00e9tique\" \/>\n<meta property=\"og:url\" content=\"https:\/\/www.conex.net\/fr\/info-dgddi\/\" \/>\n<meta property=\"og:site_name\" content=\"Conex France\" \/>\n<meta property=\"article:modified_time\" content=\"2020-04-10T15:12:51+00:00\" \/>\n<meta name=\"twitter:card\" content=\"summary_large_image\" \/>\n<meta name=\"twitter:label1\" content=\"Dur\u00e9e de lecture estim\u00e9e\" \/>\n\t<meta name=\"twitter:data1\" content=\"3 minutes\" \/>\n<script type=\"application\/ld+json\" class=\"yoast-schema-graph\">{\"@context\":\"https:\\\/\\\/schema.org\",\"@graph\":[{\"@type\":\"WebPage\",\"@id\":\"https:\\\/\\\/www.conex.net\\\/fr\\\/info-dgddi\\\/\",\"url\":\"https:\\\/\\\/www.conex.net\\\/fr\\\/info-dgddi\\\/\",\"name\":\"Info DGDDI - Conex France\",\"isPartOf\":{\"@id\":\"https:\\\/\\\/www.conex.net\\\/fr\\\/#website\"},\"datePublished\":\"2020-04-10T14:42:07+00:00\",\"dateModified\":\"2020-04-10T15:12:51+00:00\",\"description\":\"DGDDIPr\u00e9cisions sur la d\u00e9mat\u00e9rialisation des documents en mati\u00e8re de fiscalit\u00e9 \u00e9nerg\u00e9tique\",\"breadcrumb\":{\"@id\":\"https:\\\/\\\/www.conex.net\\\/fr\\\/info-dgddi\\\/#breadcrumb\"},\"inLanguage\":\"fr-FR\",\"potentialAction\":[{\"@type\":\"ReadAction\",\"target\":[\"https:\\\/\\\/www.conex.net\\\/fr\\\/info-dgddi\\\/\"]}]},{\"@type\":\"BreadcrumbList\",\"@id\":\"https:\\\/\\\/www.conex.net\\\/fr\\\/info-dgddi\\\/#breadcrumb\",\"itemListElement\":[{\"@type\":\"ListItem\",\"position\":1,\"name\":\"Accueil\",\"item\":\"https:\\\/\\\/www.conex.net\\\/fr\\\/\"},{\"@type\":\"ListItem\",\"position\":2,\"name\":\"Info DGDDI\"}]},{\"@type\":\"WebSite\",\"@id\":\"https:\\\/\\\/www.conex.net\\\/fr\\\/#website\",\"url\":\"https:\\\/\\\/www.conex.net\\\/fr\\\/\",\"name\":\"Conex France\",\"description\":\"Your customs partner - CONEX FRANCE\",\"publisher\":{\"@id\":\"https:\\\/\\\/www.conex.net\\\/fr\\\/#organization\"},\"potentialAction\":[{\"@type\":\"SearchAction\",\"target\":{\"@type\":\"EntryPoint\",\"urlTemplate\":\"https:\\\/\\\/www.conex.net\\\/fr\\\/?s={search_term_string}\"},\"query-input\":{\"@type\":\"PropertyValueSpecification\",\"valueRequired\":true,\"valueName\":\"search_term_string\"}}],\"inLanguage\":\"fr-FR\"},{\"@type\":\"Organization\",\"@id\":\"https:\\\/\\\/www.conex.net\\\/fr\\\/#organization\",\"name\":\"CONEX SAS\",\"url\":\"https:\\\/\\\/www.conex.net\\\/fr\\\/\",\"logo\":{\"@type\":\"ImageObject\",\"inLanguage\":\"fr-FR\",\"@id\":\"https:\\\/\\\/www.conex.net\\\/fr\\\/#\\\/schema\\\/logo\\\/image\\\/\",\"url\":\"https:\\\/\\\/www.conex.net\\\/fr\\\/wp-content\\\/uploads\\\/sites\\\/2\\\/2018\\\/10\\\/logo-conex.png\",\"contentUrl\":\"https:\\\/\\\/www.conex.net\\\/fr\\\/wp-content\\\/uploads\\\/sites\\\/2\\\/2018\\\/10\\\/logo-conex.png\",\"width\":138,\"height\":49,\"caption\":\"CONEX SAS\"},\"image\":{\"@id\":\"https:\\\/\\\/www.conex.net\\\/fr\\\/#\\\/schema\\\/logo\\\/image\\\/\"}}]}<\/script>\n<!-- \/ Yoast SEO plugin. -->","yoast_head_json":{"title":"Info DGDDI - Conex France","description":"DGDDIPr\u00e9cisions sur la d\u00e9mat\u00e9rialisation des documents en mati\u00e8re de fiscalit\u00e9 \u00e9nerg\u00e9tique","robots":{"index":"index","follow":"follow","max-snippet":"max-snippet:-1","max-image-preview":"max-image-preview:large","max-video-preview":"max-video-preview:-1"},"canonical":"https:\/\/www.conex.net\/fr\/info-dgddi\/","og_locale":"fr_FR","og_type":"article","og_title":"Info DGDDI - Conex France","og_description":"DGDDIPr\u00e9cisions sur la d\u00e9mat\u00e9rialisation des documents en mati\u00e8re de fiscalit\u00e9 \u00e9nerg\u00e9tique","og_url":"https:\/\/www.conex.net\/fr\/info-dgddi\/","og_site_name":"Conex France","article_modified_time":"2020-04-10T15:12:51+00:00","twitter_card":"summary_large_image","twitter_misc":{"Dur\u00e9e de lecture estim\u00e9e":"3 minutes"},"schema":{"@context":"https:\/\/schema.org","@graph":[{"@type":"WebPage","@id":"https:\/\/www.conex.net\/fr\/info-dgddi\/","url":"https:\/\/www.conex.net\/fr\/info-dgddi\/","name":"Info DGDDI - Conex France","isPartOf":{"@id":"https:\/\/www.conex.net\/fr\/#website"},"datePublished":"2020-04-10T14:42:07+00:00","dateModified":"2020-04-10T15:12:51+00:00","description":"DGDDIPr\u00e9cisions sur la d\u00e9mat\u00e9rialisation des documents en mati\u00e8re de fiscalit\u00e9 \u00e9nerg\u00e9tique","breadcrumb":{"@id":"https:\/\/www.conex.net\/fr\/info-dgddi\/#breadcrumb"},"inLanguage":"fr-FR","potentialAction":[{"@type":"ReadAction","target":["https:\/\/www.conex.net\/fr\/info-dgddi\/"]}]},{"@type":"BreadcrumbList","@id":"https:\/\/www.conex.net\/fr\/info-dgddi\/#breadcrumb","itemListElement":[{"@type":"ListItem","position":1,"name":"Accueil","item":"https:\/\/www.conex.net\/fr\/"},{"@type":"ListItem","position":2,"name":"Info DGDDI"}]},{"@type":"WebSite","@id":"https:\/\/www.conex.net\/fr\/#website","url":"https:\/\/www.conex.net\/fr\/","name":"Conex France","description":"Your customs partner - CONEX FRANCE","publisher":{"@id":"https:\/\/www.conex.net\/fr\/#organization"},"potentialAction":[{"@type":"SearchAction","target":{"@type":"EntryPoint","urlTemplate":"https:\/\/www.conex.net\/fr\/?s={search_term_string}"},"query-input":{"@type":"PropertyValueSpecification","valueRequired":true,"valueName":"search_term_string"}}],"inLanguage":"fr-FR"},{"@type":"Organization","@id":"https:\/\/www.conex.net\/fr\/#organization","name":"CONEX SAS","url":"https:\/\/www.conex.net\/fr\/","logo":{"@type":"ImageObject","inLanguage":"fr-FR","@id":"https:\/\/www.conex.net\/fr\/#\/schema\/logo\/image\/","url":"https:\/\/www.conex.net\/fr\/wp-content\/uploads\/sites\/2\/2018\/10\/logo-conex.png","contentUrl":"https:\/\/www.conex.net\/fr\/wp-content\/uploads\/sites\/2\/2018\/10\/logo-conex.png","width":138,"height":49,"caption":"CONEX SAS"},"image":{"@id":"https:\/\/www.conex.net\/fr\/#\/schema\/logo\/image\/"}}]}},"_links":{"self":[{"href":"https:\/\/www.conex.net\/fr\/wp-json\/wp\/v2\/pages\/4166","targetHints":{"allow":["GET"]}}],"collection":[{"href":"https:\/\/www.conex.net\/fr\/wp-json\/wp\/v2\/pages"}],"about":[{"href":"https:\/\/www.conex.net\/fr\/wp-json\/wp\/v2\/types\/page"}],"author":[{"embeddable":true,"href":"https:\/\/www.conex.net\/fr\/wp-json\/wp\/v2\/users\/1"}],"replies":[{"embeddable":true,"href":"https:\/\/www.conex.net\/fr\/wp-json\/wp\/v2\/comments?post=4166"}],"version-history":[{"count":5,"href":"https:\/\/www.conex.net\/fr\/wp-json\/wp\/v2\/pages\/4166\/revisions"}],"predecessor-version":[{"id":4173,"href":"https:\/\/www.conex.net\/fr\/wp-json\/wp\/v2\/pages\/4166\/revisions\/4173"}],"wp:attachment":[{"href":"https:\/\/www.conex.net\/fr\/wp-json\/wp\/v2\/media?parent=4166"}],"curies":[{"name":"wp","href":"https:\/\/api.w.org\/{rel}","templated":true}]}}