{"id":4842,"date":"2020-10-12T12:15:57","date_gmt":"2020-10-12T10:15:57","guid":{"rendered":"https:\/\/www.conex.net\/fr\/?page_id=4842"},"modified":"2020-10-12T16:53:31","modified_gmt":"2020-10-12T14:53:31","slug":"ics-post-brexit","status":"publish","type":"page","link":"https:\/\/www.conex.net\/fr\/ics-post-brexit\/","title":{"rendered":"ICS POST-BREXIT"},"content":{"rendered":"<div id=\"pl-4842\"  class=\"panel-layout\" ><div id=\"pg-4842-0\"  class=\"panel-grid panel-has-style\" ><div class=\"siteorigin-panels-stretch panel-row-style panel-row-style-for-4842-0\" data-stretch-type=\"full-stretched\" ><div id=\"pgc-4842-0-0\"  class=\"panel-grid-cell\" ><div id=\"panel-4842-0-0-0\" class=\"so-panel widget widget_sow-hero panel-first-child panel-last-child\" data-index=\"0\" ><div\n\t\t\t\n\t\t\tclass=\"so-widget-sow-hero so-widget-sow-hero-default-94039de9e91b-4842 so-widget-fittext-wrapper\"\n\t\t\t data-fit-text-compressor=\"0.85\"\n\t\t>\t\t\t\t<div class=\"sow-slider-base\" style=\"display: none\" tabindex=\"0\">\n\t\t\t\t\t<ul\n\t\t\t\t\tclass=\"sow-slider-images\"\n\t\t\t\t\tdata-settings=\"{&quot;pagination&quot;:true,&quot;speed&quot;:800,&quot;timeout&quot;:8000,&quot;paused&quot;:false,&quot;pause_on_hover&quot;:false,&quot;swipe&quot;:true,&quot;nav_always_show_desktop&quot;:&quot;&quot;,&quot;nav_always_show_mobile&quot;:&quot;&quot;,&quot;breakpoint&quot;:&quot;780px&quot;,&quot;unmute&quot;:false,&quot;anchor&quot;:null}\"\n\t\t\t\t\tstyle=\"min-height: 400px\"\t\t\t\t\tdata-anchor-id=\"\"\n\t\t\t\t>\t\t<li class=\"sow-slider-image  sow-slider-image-cover\" style=\"visibility: visible;;background-color: #333333;background-image: url(https:\/\/www.conex.net\/fr\/wp-content\/uploads\/sites\/2\/2020\/10\/flux-RoRo-BREXIT.jpg)\" >\n\t\t\t\t\t<div class=\"sow-slider-image-container\">\n\t\t\t<div class=\"sow-slider-image-wrapper\">\n\t\t\t\t<h1 style=\"text-align: center\">IMPORT<br \/>\nCONTROL<br \/>\nSYSTEM<\/h1>\n<h5 style=\"text-align: center\">via conex\u2122<\/h5>\n\t\t\t<\/div>\n\t\t<\/div>\n\t\t\t\t<\/li>\n\t\t<\/ul>\t\t\t\t<ol class=\"sow-slider-pagination\">\n\t\t\t\t\t\t\t\t\t\t\t<li><a href=\"#\" data-goto=\"0\" aria-label=\"Display slide 1\"><\/a><\/li>\n\t\t\t\t\t\t\t\t\t<\/ol>\n\n\t\t\t\t<div class=\"sow-slide-nav sow-slide-nav-next\">\n\t\t\t\t\t<a href=\"#\" data-goto=\"next\" aria-label=\"Next slide\" data-action=\"next\">\n\t\t\t\t\t\t<em class=\"sow-sld-icon-thin-right\"><\/em>\n\t\t\t\t\t<\/a>\n\t\t\t\t<\/div>\n\n\t\t\t\t<div class=\"sow-slide-nav sow-slide-nav-prev\">\n\t\t\t\t\t<a href=\"#\" data-goto=\"previous\" aria-label=\"Previous slide\" data-action=\"prev\">\n\t\t\t\t\t\t<em class=\"sow-sld-icon-thin-left\"><\/em>\n\t\t\t\t\t<\/a>\n\t\t\t\t<\/div>\n\t\t\t\t<\/div><\/div><\/div><\/div><\/div><\/div><div id=\"pg-4842-1\"  class=\"panel-grid panel-no-style\" ><div id=\"pgc-4842-1-0\"  class=\"panel-grid-cell\" ><div id=\"panel-4842-1-0-0\" class=\"so-panel widget widget_sow-editor panel-first-child panel-last-child\" data-index=\"1\" ><div\n\t\t\t\n\t\t\tclass=\"so-widget-sow-editor so-widget-sow-editor-base\"\n\t\t\t\n\t\t>\n<div class=\"siteorigin-widget-tinymce textwidget\">\n\t<h3><strong><span style=\"color: #4886c6;\">FLUX RoRo POST-BREXIT, ROYAUME-UNI &gt; EUROPE<\/span><\/strong><\/h3>\n<p style=\"text-align: justify;\">Au 1er janvier 2021, pour toutes les marchandises en provenance du Royaume-Uni et arrivant sur le sol europ\u00e9en, <strong>les transporteurs<\/strong> sont tenus d\u2019\u00e9tablir une d\u00e9claration de s\u00fbret\u00e9\/s\u00e9curit\u00e9. Cette <strong>D\u00e9claration Sommaire d\u2019Entr\u00e9e<\/strong> ou <strong>Entry Summary Declaration (ENS)<\/strong> entre dans le cadre du r\u00e8glement europ\u00e9en <strong>Import Control System (ICS)<\/strong>.<\/p>\n<p>&nbsp;<\/p>\n<p style=\"text-align: justify;\">Connect\u00e9e <strong>en direct \u00e0 l\u2019ensemble des serveurs des administrations europ\u00e9ennes<\/strong> gr\u00e2ce aux multiples comp\u00e9tences r\u00e9glementaires, techniques et technologiques de CONEX, la solution <strong><span style=\"color: #4886c6;\">SAFE <\/span>via conex\u2122<span style=\"color: #4886c6;\">ICS<\/span><\/strong> constitue votre guichet unique S\u00fbret\u00e9\/S\u00e9curit\u00e9.<\/p>\n<\/div>\n<\/div><\/div><\/div><\/div><div id=\"pg-4842-2\"  class=\"panel-grid panel-no-style\" ><div id=\"pgc-4842-2-0\"  class=\"panel-grid-cell\" ><div id=\"panel-4842-2-0-0\" class=\"so-panel widget widget_sow-editor panel-first-child\" data-index=\"2\" ><div\n\t\t\t\n\t\t\tclass=\"so-widget-sow-editor so-widget-sow-editor-base\"\n\t\t\t\n\t\t>\n<div class=\"siteorigin-widget-tinymce textwidget\">\n\t<p><img loading=\"lazy\" decoding=\"async\" class=\"size-full wp-image-4872 aligncenter\" src=\"https:\/\/www.conex.net\/fr\/wp-content\/uploads\/sites\/2\/2020\/10\/ICS-RoRo-guichet-unique.jpg\" alt=\"ICS-RoRo-guichet-unique\" width=\"88\" height=\"96\" \/><\/p>\n<h4 style=\"text-align: center;\"><strong>GUICHET<br \/>\nUNIQUE<\/strong><\/h4>\n<h5 style=\"text-align: center;\">Une solution unifi\u00e9e en conformit\u00e9 avec les syst\u00e8mes des \u00c9tats membres sans interm\u00e9diaire.<\/h5>\n<\/div>\n<\/div><\/div><div id=\"panel-4842-2-0-1\" class=\"so-panel widget widget_sow-editor panel-last-child\" data-index=\"3\" ><div\n\t\t\t\n\t\t\tclass=\"so-widget-sow-editor so-widget-sow-editor-base\"\n\t\t\t\n\t\t>\n<div class=\"siteorigin-widget-tinymce textwidget\">\n\t<p><img loading=\"lazy\" decoding=\"async\" class=\"size-full wp-image-4872 aligncenter\" src=\"https:\/\/www.conex.net\/fr\/wp-content\/uploads\/sites\/2\/2020\/10\/ICS-RoRo-guichet-unique.jpg\" alt=\"ICS-RoRo-guichet-unique\" width=\"88\" height=\"96\" \/><\/p>\n<h4 style=\"text-align: center;\"><strong>GUICHET<br \/>\nUNIQUE<\/strong><\/h4>\n<h5 style=\"text-align: center;\">Une solution unifi\u00e9e en conformit\u00e9 avec les syst\u00e8mes des \u00c9tats membres sans interm\u00e9diaire.<\/h5>\n<\/div>\n<\/div><\/div><\/div><div id=\"pgc-4842-2-1\"  class=\"panel-grid-cell\" ><div id=\"panel-4842-2-1-0\" class=\"so-panel widget widget_sow-editor panel-first-child panel-last-child\" data-index=\"4\" ><div\n\t\t\t\n\t\t\tclass=\"so-widget-sow-editor so-widget-sow-editor-base\"\n\t\t\t\n\t\t>\n<div class=\"siteorigin-widget-tinymce textwidget\">\n\t<p><img loading=\"lazy\" decoding=\"async\" class=\"aligncenter size-full wp-image-4870\" src=\"https:\/\/www.conex.net\/fr\/wp-content\/uploads\/sites\/2\/2020\/10\/ICS-RoRo-conformite-reglementaire.jpg\" alt=\"ICS-RoRo-conformite-reglementaire\" width=\"88\" height=\"96\" \/><\/p>\n<h4 style=\"text-align: center;\"><strong>CONFORMIT\u00c9<br \/>\nR\u00c9GLEMENTAIRE<\/strong><\/h4>\n<h5 style=\"text-align: center;\">Contr\u00f4les de coh\u00e9rence des donn\u00e9es S\u00fbret\u00e9\/S\u00e9curit\u00e9.<\/h5>\n<\/div>\n<\/div><\/div><\/div><div id=\"pgc-4842-2-2\"  class=\"panel-grid-cell\" ><div id=\"panel-4842-2-2-0\" class=\"so-panel widget widget_sow-editor panel-first-child panel-last-child\" data-index=\"5\" ><div\n\t\t\t\n\t\t\tclass=\"so-widget-sow-editor so-widget-sow-editor-base\"\n\t\t\t\n\t\t>\n<div class=\"siteorigin-widget-tinymce textwidget\">\n\t<p><img loading=\"lazy\" decoding=\"async\" class=\"aligncenter size-full wp-image-4873\" src=\"https:\/\/www.conex.net\/fr\/wp-content\/uploads\/sites\/2\/2020\/10\/ICS-RoRo-integrite-donnees.jpg\" alt=\"ICS-RoRo-integrite-donnees\" width=\"88\" height=\"96\" \/><\/p>\n<h4 style=\"text-align: center;\"><strong>INT\u00c9GRIT\u00c9<br \/>\nDES DONN\u00c9ES<\/strong><\/h4>\n<h5 style=\"text-align: center;\">gr\u00e2ce au transfert de donn\u00e9es pour r\u00e9duire la saisie manuelle.<\/h5>\n<\/div>\n<\/div><\/div><\/div><div id=\"pgc-4842-2-3\"  class=\"panel-grid-cell\" ><div id=\"panel-4842-2-3-0\" class=\"so-panel widget widget_sow-editor panel-first-child panel-last-child\" data-index=\"6\" ><div\n\t\t\t\n\t\t\tclass=\"so-widget-sow-editor so-widget-sow-editor-base\"\n\t\t\t\n\t\t>\n<div class=\"siteorigin-widget-tinymce textwidget\">\n\t<p><img loading=\"lazy\" decoding=\"async\" class=\"aligncenter size-full wp-image-4871\" src=\"https:\/\/www.conex.net\/fr\/wp-content\/uploads\/sites\/2\/2020\/10\/ICS-RoRo-douane-transit.jpg\" alt=\"ICS-RoRo-douane-transit\" width=\"88\" height=\"96\" \/><\/p>\n<h4 style=\"text-align: center;\"><strong>DOUANE<br \/>\nTRANSIT<\/strong><\/h4>\n<h5 style=\"text-align: center;\">En lien avec la solution CUSTOMS via conex\u2122.<\/h5>\n<\/div>\n<\/div><\/div><\/div><div id=\"pgc-4842-2-4\"  class=\"panel-grid-cell\" ><div id=\"panel-4842-2-4-0\" class=\"so-panel widget widget_sow-editor panel-first-child panel-last-child\" data-index=\"7\" ><div\n\t\t\t\n\t\t\tclass=\"so-widget-sow-editor so-widget-sow-editor-base\"\n\t\t\t\n\t\t>\n<div class=\"siteorigin-widget-tinymce textwidget\">\n\t<p style=\"text-align: center;\"><img loading=\"lazy\" decoding=\"async\" class=\"size-full wp-image-4874 aligncenter\" src=\"https:\/\/www.conex.net\/fr\/wp-content\/uploads\/sites\/2\/2020\/10\/ICS-RoRo-mobilite-interface.jpg\" alt=\"ICS-RoRo-mobilite-interface\" width=\"88\" height=\"96\" \/><\/p>\n<h4 style=\"text-align: center;\"><strong>MOBILITE DE<br \/>\nL\u2019INTERFACE<\/strong><\/h4>\n<h5 style=\"text-align: center;\">Application en mode SaaS accessible sur PC, tablette, smartphone.<\/h5>\n<\/div>\n<\/div><\/div><\/div><\/div><\/div>","protected":false},"excerpt":{"rendered":"<p>FLUX RoRo POST-BREXIT, ROYAUME-UNI &gt; EUROPE Au 1er janvier 2021, pour toutes les marchandises en provenance du Royaume-Uni et arrivant sur le sol europ\u00e9en, les transporteurs sont tenus d\u2019\u00e9tablir une d\u00e9claration de s\u00fbret\u00e9\/s\u00e9curit\u00e9. Cette D\u00e9claration Sommaire d\u2019Entr\u00e9e ou Entry Summary Declaration (ENS) entre dans le cadre du r\u00e8glement europ\u00e9en Import Control System (ICS). &nbsp; Connect\u00e9e en direct \u00e0 l\u2019ensemble des serveurs des administrations europ\u00e9ennes gr\u00e2ce aux multiples comp\u00e9tences r\u00e9glementaires, techniques et technologiques de CONEX, la [&hellip;]<\/p>\n","protected":false},"author":1,"featured_media":4859,"parent":0,"menu_order":0,"comment_status":"closed","ping_status":"closed","template":"Page-fullwidth.php","meta":{"footnotes":""},"class_list":["post-4842","page","type-page","status-publish","has-post-thumbnail","hentry"],"yoast_head":"<!-- This site is optimized with the Yoast SEO plugin v27.3 - https:\/\/yoast.com\/product\/yoast-seo-wordpress\/ -->\n<title>ICS POST-BREXIT - Conex France<\/title>\n<meta name=\"robots\" content=\"index, follow, max-snippet:-1, max-image-preview:large, max-video-preview:-1\" \/>\n<link rel=\"canonical\" href=\"https:\/\/www.conex.net\/fr\/ics-post-brexit\/\" \/>\n<meta property=\"og:locale\" content=\"fr_FR\" \/>\n<meta property=\"og:type\" content=\"article\" \/>\n<meta property=\"og:title\" content=\"ICS POST-BREXIT - Conex France\" \/>\n<meta property=\"og:description\" content=\"FLUX RoRo POST-BREXIT, ROYAUME-UNI &gt; EUROPE Au 1er janvier 2021, pour toutes les marchandises en provenance du Royaume-Uni et arrivant sur le sol europ\u00e9en, les transporteurs sont tenus d\u2019\u00e9tablir une d\u00e9claration de s\u00fbret\u00e9\/s\u00e9curit\u00e9. Cette D\u00e9claration Sommaire d\u2019Entr\u00e9e ou Entry Summary Declaration (ENS) entre dans le cadre du r\u00e8glement europ\u00e9en Import Control System (ICS). &nbsp; Connect\u00e9e en direct \u00e0 l\u2019ensemble des serveurs des administrations europ\u00e9ennes gr\u00e2ce aux multiples comp\u00e9tences r\u00e9glementaires, techniques et technologiques de CONEX, la [&hellip;]\" \/>\n<meta property=\"og:url\" content=\"https:\/\/www.conex.net\/fr\/ics-post-brexit\/\" \/>\n<meta property=\"og:site_name\" content=\"Conex France\" \/>\n<meta property=\"article:modified_time\" content=\"2020-10-12T14:53:31+00:00\" \/>\n<meta property=\"og:image\" content=\"https:\/\/www.conex.net\/fr\/wp-content\/uploads\/sites\/2\/2020\/10\/ICS-RoRo-1.png\" \/>\n\t<meta property=\"og:image:width\" content=\"625\" \/>\n\t<meta property=\"og:image:height\" content=\"272\" \/>\n\t<meta property=\"og:image:type\" content=\"image\/png\" \/>\n<meta name=\"twitter:card\" content=\"summary_large_image\" \/>\n<meta name=\"twitter:label1\" content=\"Dur\u00e9e de lecture estim\u00e9e\" \/>\n\t<meta name=\"twitter:data1\" content=\"1 minute\" \/>\n<script type=\"application\/ld+json\" class=\"yoast-schema-graph\">{\"@context\":\"https:\\\/\\\/schema.org\",\"@graph\":[{\"@type\":\"WebPage\",\"@id\":\"https:\\\/\\\/www.conex.net\\\/fr\\\/ics-post-brexit\\\/\",\"url\":\"https:\\\/\\\/www.conex.net\\\/fr\\\/ics-post-brexit\\\/\",\"name\":\"ICS POST-BREXIT - Conex France\",\"isPartOf\":{\"@id\":\"https:\\\/\\\/www.conex.net\\\/fr\\\/#website\"},\"primaryImageOfPage\":{\"@id\":\"https:\\\/\\\/www.conex.net\\\/fr\\\/ics-post-brexit\\\/#primaryimage\"},\"image\":{\"@id\":\"https:\\\/\\\/www.conex.net\\\/fr\\\/ics-post-brexit\\\/#primaryimage\"},\"thumbnailUrl\":\"https:\\\/\\\/www.conex.net\\\/fr\\\/wp-content\\\/uploads\\\/sites\\\/2\\\/2020\\\/10\\\/ICS-RoRo-1.png\",\"datePublished\":\"2020-10-12T10:15:57+00:00\",\"dateModified\":\"2020-10-12T14:53:31+00:00\",\"breadcrumb\":{\"@id\":\"https:\\\/\\\/www.conex.net\\\/fr\\\/ics-post-brexit\\\/#breadcrumb\"},\"inLanguage\":\"fr-FR\",\"potentialAction\":[{\"@type\":\"ReadAction\",\"target\":[\"https:\\\/\\\/www.conex.net\\\/fr\\\/ics-post-brexit\\\/\"]}]},{\"@type\":\"ImageObject\",\"inLanguage\":\"fr-FR\",\"@id\":\"https:\\\/\\\/www.conex.net\\\/fr\\\/ics-post-brexit\\\/#primaryimage\",\"url\":\"https:\\\/\\\/www.conex.net\\\/fr\\\/wp-content\\\/uploads\\\/sites\\\/2\\\/2020\\\/10\\\/ICS-RoRo-1.png\",\"contentUrl\":\"https:\\\/\\\/www.conex.net\\\/fr\\\/wp-content\\\/uploads\\\/sites\\\/2\\\/2020\\\/10\\\/ICS-RoRo-1.png\",\"width\":625,\"height\":272,\"caption\":\"ICS-RoRo ENS BREXIT\"},{\"@type\":\"BreadcrumbList\",\"@id\":\"https:\\\/\\\/www.conex.net\\\/fr\\\/ics-post-brexit\\\/#breadcrumb\",\"itemListElement\":[{\"@type\":\"ListItem\",\"position\":1,\"name\":\"Accueil\",\"item\":\"https:\\\/\\\/www.conex.net\\\/fr\\\/\"},{\"@type\":\"ListItem\",\"position\":2,\"name\":\"ICS POST-BREXIT\"}]},{\"@type\":\"WebSite\",\"@id\":\"https:\\\/\\\/www.conex.net\\\/fr\\\/#website\",\"url\":\"https:\\\/\\\/www.conex.net\\\/fr\\\/\",\"name\":\"Conex France\",\"description\":\"Your customs partner - CONEX FRANCE\",\"publisher\":{\"@id\":\"https:\\\/\\\/www.conex.net\\\/fr\\\/#organization\"},\"potentialAction\":[{\"@type\":\"SearchAction\",\"target\":{\"@type\":\"EntryPoint\",\"urlTemplate\":\"https:\\\/\\\/www.conex.net\\\/fr\\\/?s={search_term_string}\"},\"query-input\":{\"@type\":\"PropertyValueSpecification\",\"valueRequired\":true,\"valueName\":\"search_term_string\"}}],\"inLanguage\":\"fr-FR\"},{\"@type\":\"Organization\",\"@id\":\"https:\\\/\\\/www.conex.net\\\/fr\\\/#organization\",\"name\":\"CONEX SAS\",\"url\":\"https:\\\/\\\/www.conex.net\\\/fr\\\/\",\"logo\":{\"@type\":\"ImageObject\",\"inLanguage\":\"fr-FR\",\"@id\":\"https:\\\/\\\/www.conex.net\\\/fr\\\/#\\\/schema\\\/logo\\\/image\\\/\",\"url\":\"https:\\\/\\\/www.conex.net\\\/fr\\\/wp-content\\\/uploads\\\/sites\\\/2\\\/2018\\\/10\\\/logo-conex.png\",\"contentUrl\":\"https:\\\/\\\/www.conex.net\\\/fr\\\/wp-content\\\/uploads\\\/sites\\\/2\\\/2018\\\/10\\\/logo-conex.png\",\"width\":138,\"height\":49,\"caption\":\"CONEX SAS\"},\"image\":{\"@id\":\"https:\\\/\\\/www.conex.net\\\/fr\\\/#\\\/schema\\\/logo\\\/image\\\/\"}}]}<\/script>\n<!-- \/ Yoast SEO plugin. -->","yoast_head_json":{"title":"ICS POST-BREXIT - Conex France","robots":{"index":"index","follow":"follow","max-snippet":"max-snippet:-1","max-image-preview":"max-image-preview:large","max-video-preview":"max-video-preview:-1"},"canonical":"https:\/\/www.conex.net\/fr\/ics-post-brexit\/","og_locale":"fr_FR","og_type":"article","og_title":"ICS POST-BREXIT - Conex France","og_description":"FLUX RoRo POST-BREXIT, ROYAUME-UNI &gt; EUROPE Au 1er janvier 2021, pour toutes les marchandises en provenance du Royaume-Uni et arrivant sur le sol europ\u00e9en, les transporteurs sont tenus d\u2019\u00e9tablir une d\u00e9claration de s\u00fbret\u00e9\/s\u00e9curit\u00e9. Cette D\u00e9claration Sommaire d\u2019Entr\u00e9e ou Entry Summary Declaration (ENS) entre dans le cadre du r\u00e8glement europ\u00e9en Import Control System (ICS). &nbsp; Connect\u00e9e en direct \u00e0 l\u2019ensemble des serveurs des administrations europ\u00e9ennes gr\u00e2ce aux multiples comp\u00e9tences r\u00e9glementaires, techniques et technologiques de CONEX, la [&hellip;]","og_url":"https:\/\/www.conex.net\/fr\/ics-post-brexit\/","og_site_name":"Conex France","article_modified_time":"2020-10-12T14:53:31+00:00","og_image":[{"width":625,"height":272,"url":"https:\/\/www.conex.net\/fr\/wp-content\/uploads\/sites\/2\/2020\/10\/ICS-RoRo-1.png","type":"image\/png"}],"twitter_card":"summary_large_image","twitter_misc":{"Dur\u00e9e de lecture estim\u00e9e":"1 minute"},"schema":{"@context":"https:\/\/schema.org","@graph":[{"@type":"WebPage","@id":"https:\/\/www.conex.net\/fr\/ics-post-brexit\/","url":"https:\/\/www.conex.net\/fr\/ics-post-brexit\/","name":"ICS POST-BREXIT - Conex France","isPartOf":{"@id":"https:\/\/www.conex.net\/fr\/#website"},"primaryImageOfPage":{"@id":"https:\/\/www.conex.net\/fr\/ics-post-brexit\/#primaryimage"},"image":{"@id":"https:\/\/www.conex.net\/fr\/ics-post-brexit\/#primaryimage"},"thumbnailUrl":"https:\/\/www.conex.net\/fr\/wp-content\/uploads\/sites\/2\/2020\/10\/ICS-RoRo-1.png","datePublished":"2020-10-12T10:15:57+00:00","dateModified":"2020-10-12T14:53:31+00:00","breadcrumb":{"@id":"https:\/\/www.conex.net\/fr\/ics-post-brexit\/#breadcrumb"},"inLanguage":"fr-FR","potentialAction":[{"@type":"ReadAction","target":["https:\/\/www.conex.net\/fr\/ics-post-brexit\/"]}]},{"@type":"ImageObject","inLanguage":"fr-FR","@id":"https:\/\/www.conex.net\/fr\/ics-post-brexit\/#primaryimage","url":"https:\/\/www.conex.net\/fr\/wp-content\/uploads\/sites\/2\/2020\/10\/ICS-RoRo-1.png","contentUrl":"https:\/\/www.conex.net\/fr\/wp-content\/uploads\/sites\/2\/2020\/10\/ICS-RoRo-1.png","width":625,"height":272,"caption":"ICS-RoRo ENS BREXIT"},{"@type":"BreadcrumbList","@id":"https:\/\/www.conex.net\/fr\/ics-post-brexit\/#breadcrumb","itemListElement":[{"@type":"ListItem","position":1,"name":"Accueil","item":"https:\/\/www.conex.net\/fr\/"},{"@type":"ListItem","position":2,"name":"ICS POST-BREXIT"}]},{"@type":"WebSite","@id":"https:\/\/www.conex.net\/fr\/#website","url":"https:\/\/www.conex.net\/fr\/","name":"Conex France","description":"Your customs partner - CONEX FRANCE","publisher":{"@id":"https:\/\/www.conex.net\/fr\/#organization"},"potentialAction":[{"@type":"SearchAction","target":{"@type":"EntryPoint","urlTemplate":"https:\/\/www.conex.net\/fr\/?s={search_term_string}"},"query-input":{"@type":"PropertyValueSpecification","valueRequired":true,"valueName":"search_term_string"}}],"inLanguage":"fr-FR"},{"@type":"Organization","@id":"https:\/\/www.conex.net\/fr\/#organization","name":"CONEX SAS","url":"https:\/\/www.conex.net\/fr\/","logo":{"@type":"ImageObject","inLanguage":"fr-FR","@id":"https:\/\/www.conex.net\/fr\/#\/schema\/logo\/image\/","url":"https:\/\/www.conex.net\/fr\/wp-content\/uploads\/sites\/2\/2018\/10\/logo-conex.png","contentUrl":"https:\/\/www.conex.net\/fr\/wp-content\/uploads\/sites\/2\/2018\/10\/logo-conex.png","width":138,"height":49,"caption":"CONEX SAS"},"image":{"@id":"https:\/\/www.conex.net\/fr\/#\/schema\/logo\/image\/"}}]}},"_links":{"self":[{"href":"https:\/\/www.conex.net\/fr\/wp-json\/wp\/v2\/pages\/4842","targetHints":{"allow":["GET"]}}],"collection":[{"href":"https:\/\/www.conex.net\/fr\/wp-json\/wp\/v2\/pages"}],"about":[{"href":"https:\/\/www.conex.net\/fr\/wp-json\/wp\/v2\/types\/page"}],"author":[{"embeddable":true,"href":"https:\/\/www.conex.net\/fr\/wp-json\/wp\/v2\/users\/1"}],"replies":[{"embeddable":true,"href":"https:\/\/www.conex.net\/fr\/wp-json\/wp\/v2\/comments?post=4842"}],"version-history":[{"count":60,"href":"https:\/\/www.conex.net\/fr\/wp-json\/wp\/v2\/pages\/4842\/revisions"}],"predecessor-version":[{"id":4949,"href":"https:\/\/www.conex.net\/fr\/wp-json\/wp\/v2\/pages\/4842\/revisions\/4949"}],"wp:featuredmedia":[{"embeddable":true,"href":"https:\/\/www.conex.net\/fr\/wp-json\/wp\/v2\/media\/4859"}],"wp:attachment":[{"href":"https:\/\/www.conex.net\/fr\/wp-json\/wp\/v2\/media?parent=4842"}],"curies":[{"name":"wp","href":"https:\/\/api.w.org\/{rel}","templated":true}]}}