{"id":52,"date":"2018-11-29T15:46:23","date_gmt":"2018-11-29T14:46:23","guid":{"rendered":"https:\/\/www.conex.net\/fr\/?page_id=52"},"modified":"2025-12-04T14:50:02","modified_gmt":"2025-12-04T13:50:02","slug":"emebi","status":"publish","type":"page","link":"https:\/\/www.conex.net\/fr\/emebi\/","title":{"rendered":"EMEBI"},"content":{"rendered":"<div id=\"pl-52\"  class=\"panel-layout\" ><div id=\"pg-52-0\"  class=\"panel-grid panel-has-style\" ><div class=\"siteorigin-panels-stretch panel-row-style panel-row-style-for-52-0\" data-stretch-type=\"full-width-stretch\" ><div id=\"pgc-52-0-0\"  class=\"panel-grid-cell\" ><div id=\"panel-52-0-0-0\" class=\"so-panel widget widget_sow-hero panel-first-child panel-last-child\" data-index=\"0\" ><div\n\t\t\t\n\t\t\tclass=\"so-widget-sow-hero so-widget-sow-hero-default-5eef7a7bfc63-52\"\n\t\t\t\n\t\t>\t\t\t\t<div class=\"sow-slider-base\" style=\"display: none\" tabindex=\"0\">\n\t\t\t\t\t<ul\n\t\t\t\t\tclass=\"sow-slider-images\"\n\t\t\t\t\tdata-settings=\"{&quot;pagination&quot;:true,&quot;speed&quot;:800,&quot;timeout&quot;:8000,&quot;paused&quot;:false,&quot;pause_on_hover&quot;:false,&quot;swipe&quot;:false,&quot;nav_always_show_desktop&quot;:&quot;&quot;,&quot;nav_always_show_mobile&quot;:&quot;&quot;,&quot;breakpoint&quot;:&quot;780px&quot;,&quot;unmute&quot;:false,&quot;anchor&quot;:null}\"\n\t\t\t\t\tstyle=\"min-height: 400px\"\t\t\t\t\tdata-anchor-id=\"\"\n\t\t\t\t>\t\t<li class=\"sow-slider-image  sow-slider-image-cover\" style=\"visibility: visible;;background-color: #333333;background-image: url(https:\/\/www.conex.net\/fr\/wp-content\/uploads\/sites\/2\/2024\/01\/EUROPSTATproduitsFR.jpg)\" >\n\t\t\t\t\t<div class=\"sow-slider-image-container\">\n\t\t\t<div class=\"sow-slider-image-wrapper\">\n\t\t\t\t\t\t\t<\/div>\n\t\t<\/div>\n\t\t\t\t<\/li>\n\t\t<\/ul>\t\t\t\t<ol class=\"sow-slider-pagination\">\n\t\t\t\t\t\t\t\t\t\t\t<li><a href=\"#\" data-goto=\"0\" aria-label=\"Display slide 1\"><\/a><\/li>\n\t\t\t\t\t\t\t\t\t<\/ol>\n\n\t\t\t\t<div class=\"sow-slide-nav sow-slide-nav-next\">\n\t\t\t\t\t<a href=\"#\" data-goto=\"next\" aria-label=\"Next slide\" data-action=\"next\">\n\t\t\t\t\t\t<em class=\"sow-sld-icon-thin-right\"><\/em>\n\t\t\t\t\t<\/a>\n\t\t\t\t<\/div>\n\n\t\t\t\t<div class=\"sow-slide-nav sow-slide-nav-prev\">\n\t\t\t\t\t<a href=\"#\" data-goto=\"previous\" aria-label=\"Previous slide\" data-action=\"prev\">\n\t\t\t\t\t\t<em class=\"sow-sld-icon-thin-left\"><\/em>\n\t\t\t\t\t<\/a>\n\t\t\t\t<\/div>\n\t\t\t\t<\/div><\/div><\/div><\/div><\/div><\/div><div id=\"pg-52-1\"  class=\"panel-grid panel-has-style\" ><div class=\"siteorigin-panels-stretch panel-row-style panel-row-style-for-52-1\" data-stretch-type=\"full\" ><div id=\"pgc-52-1-0\"  class=\"panel-grid-cell\" ><div id=\"panel-52-1-0-0\" class=\"so-panel widget widget_sow-editor panel-first-child panel-last-child\" data-index=\"1\" ><div\n\t\t\t\n\t\t\tclass=\"so-widget-sow-editor so-widget-sow-editor-base\"\n\t\t\t\n\t\t>\n<div class=\"siteorigin-widget-tinymce textwidget\">\n\t<h3 style=\"text-align: center;\"><span style=\"color: #000000;\">POUR QUI<\/span><\/h3>\n<hr style=\"height: 2px; color: #fff; background-color: #fff; width: 50%; border: none;\" \/>\n<p style=\"text-align: center;\"><span style=\"color: #000000;\">Toute entreprise faisant l\u2019acquisition et\/ou la livraison de marchandises au sein de l\u2019UE : commissaires ou cabinets d\u2019expertise comptable mandat\u00e9s par les entreprises pour effectuer en leur nom tout ou partie de leurs op\u00e9rations europ\u00e9ennes.<\/span><\/p>\n<\/div>\n<\/div><\/div><\/div><div id=\"pgc-52-1-1\"  class=\"panel-grid-cell\" ><div id=\"panel-52-1-1-0\" class=\"so-panel widget widget_sow-editor panel-first-child panel-last-child\" data-index=\"2\" ><div\n\t\t\t\n\t\t\tclass=\"so-widget-sow-editor so-widget-sow-editor-base\"\n\t\t\t\n\t\t>\n<div class=\"siteorigin-widget-tinymce textwidget\">\n\t<h3 style=\"text-align: center;\"><span style=\"color: #000000;\">POUR QUOI<\/span><\/h3>\n<hr style=\"height: 2px; color: #fff; background-color: #fff; width: 50%; border: none;\" \/>\n<p style=\"text-align: center;\"><span style=\"color: #000000;\">D\u00e9claration EMEBI europ\u00e9enne pour la circulation de marchandises au sein de l\u2019Union Europ\u00e9enne. Pr\u00e9paration du fichier \u00e0 transmettre aux administrations.<\/span><\/p>\n<p>&nbsp;<\/p>\n<\/div>\n<\/div><\/div><\/div><div id=\"pgc-52-1-2\"  class=\"panel-grid-cell\" ><div id=\"panel-52-1-2-0\" class=\"so-panel widget widget_sow-editor panel-first-child panel-last-child\" data-index=\"3\" ><div\n\t\t\t\n\t\t\tclass=\"so-widget-sow-editor so-widget-sow-editor-base\"\n\t\t\t\n\t\t>\n<div class=\"siteorigin-widget-tinymce textwidget\">\n\t<h3 style=\"text-align: center;\"><span style=\"color: #000000;\">COMMENT<\/span><\/h3>\n<hr style=\"height: 2px; color: #fff; background-color: #fff; width: 50%; border: none;\"\/>\n<p style=\"text-align: center;\"><span style=\"color: #000000;\">Logiciel permettant la saisie directe ou interface avec un autre syst\u00e8me en amont pour la r\u00e9cup\u00e9ration de donn\u00e9es.<\/span><\/p>\n<\/div>\n<\/div><\/div><\/div><\/div><\/div><div id=\"pg-52-2\"  class=\"panel-grid panel-no-style\" ><div id=\"pgc-52-2-0\"  class=\"panel-grid-cell\" ><div id=\"panel-52-2-0-0\" class=\"so-panel widget widget_sow-editor panel-first-child panel-last-child\" data-index=\"4\" ><div class=\"panel-widget-style panel-widget-style-for-52-2-0-0\" ><div\n\t\t\t\n\t\t\tclass=\"so-widget-sow-editor so-widget-sow-editor-base\"\n\t\t\t\n\t\t>\n<div class=\"siteorigin-widget-tinymce textwidget\">\n\t<h4><strong><span style=\"color: #2e64b0;\">EUROPstat <\/span>via conex\u2122<\/strong> est destin\u00e9 \u00e0 toute entreprise op\u00e9rant des introductions\/exp\u00e9ditions de marchandises au sein de l\u2019Union Europ\u00e9enne, mais aussi aux cabinets d\u2019expertise comptable et mandataires d\u00e9sign\u00e9s pour effectuer tout ou partie de leurs op\u00e9rations europ\u00e9ennes au travers de la d\u00e9claration EMEBI.<\/h4>\n<h4><\/h4>\n<h4><strong><span style=\"color: #2e64b0;\">EUROPstat <\/span>via conex\u2122<\/strong>\u00a0b\u00e9n\u00e9ficie d\u2019un label de conformit\u00e9 de l\u2019administration douani\u00e8re.<\/h4>\n<hr \/>\n<\/div>\n<\/div><\/div><\/div><\/div><\/div><div id=\"pg-52-3\"  class=\"panel-grid panel-no-style\" ><div id=\"pgc-52-3-0\"  class=\"panel-grid-cell\" ><div id=\"panel-52-3-0-0\" class=\"so-panel widget widget_sow-editor panel-first-child panel-last-child\" data-index=\"5\" ><div\n\t\t\t\n\t\t\tclass=\"so-widget-sow-editor so-widget-sow-editor-base\"\n\t\t\t\n\t\t>\n<div class=\"siteorigin-widget-tinymce textwidget\">\n\t<h3><span style=\"color: #3365bd;\"><strong>Une saisie facilit\u00e9e et s\u00e9curis\u00e9e !<\/strong><\/span><\/h3>\n<p>Saisie des informations g\u00e9n\u00e9r\u00e9e automatiquement par le biais de l'interface avec toute autre cha\u00eene de traitement informatis\u00e9e ou encore par le biais d'un transfert EDI.<br \/>\nDes fichiers clients\/fournisseurs, nature de transactions, nomenclatures des produits, etc. pr\u00e9-remplis \u00e9vitent de nombreuses ressaisies et s\u00e9curisent l'\u00e9laboration des \u00e9tats.<\/p>\n<h3><\/h3>\n<h3><span style=\"color: #3365bd;\"><strong>Un logiciel r\u00e9solument europ\u00e9en<\/strong><\/span><\/h3>\n<p><span style=\"color: #0943a8;\"><strong><span style=\"color: #4972b8;\">EUROPstat<\/span> <span style=\"color: #333333;\">via conex\u2122<\/span><\/strong>\u00a0<\/span> est disponible dans plusieurs langues et versions europ\u00e9ennes et se charge\u00a0 d'\u00e9diter la d\u00e9claration EMEBI selon la r\u00e9glementation du pays. Une interface de sortie permet de transf\u00e9rer directement vos donn\u00e9es d'une version vers une autre au sein de l'Union Europ\u00e9enne (principe du mirroring entre tous les pays de l'UE).<\/p>\n<h3><\/h3>\n<h3><span style=\"color: #3365bd;\"><strong>Un bilan statistique et fiscal mensuel<\/strong><\/span><\/h3>\n<p>Tous les mois <strong><span style=\"color: #4972b8;\">EUROPstat<\/span> via conex\u2122<\/strong> \u00e9dite la d\u00e9claration EMEBI pour l'ensemble des \u00e9changes intra-communautaires d'une m\u00eame entreprise ou de chaque \u00e9tablissement qui la compose. La d\u00e9claration EMEBI est transmise par voie \u00e9lectronique \u00e0 l'administration. <strong><span style=\"color: #4972b8;\">EUROPstat <\/span>via conex\u2122<\/strong>\u00a0permet un archivage du contenu de vos d\u00e9clarations en vue d'une consultation ou r\u00e9\u00e9dition ult\u00e9rieure.<\/p>\n<\/div>\n<\/div><\/div><\/div><\/div><div id=\"pg-52-4\"  class=\"panel-grid panel-has-style\" ><div class=\"siteorigin-panels-stretch panel-row-style panel-row-style-for-52-4\" data-stretch-type=\"full\" ><div id=\"pgc-52-4-0\"  class=\"panel-grid-cell\" ><div id=\"panel-52-4-0-0\" class=\"so-panel widget widget_sow-editor panel-first-child panel-last-child\" data-index=\"6\" ><div\n\t\t\t\n\t\t\tclass=\"so-widget-sow-editor so-widget-sow-editor-base\"\n\t\t\t\n\t\t>\n<div class=\"siteorigin-widget-tinymce textwidget\">\n\t<h1 style=\"text-align: center;\">CE QUI PEUT AUSSI VOUS INT\u00c9RESSER !<\/h1>\n<\/div>\n<\/div><\/div><\/div><\/div><\/div><div id=\"pg-52-5\"  class=\"panel-grid panel-no-style\" ><div id=\"pgc-52-5-0\"  class=\"panel-grid-cell\" ><div id=\"panel-52-5-0-0\" class=\"so-panel widget widget_sow-editor panel-first-child panel-last-child\" data-index=\"7\" ><div\n\t\t\t\n\t\t\tclass=\"so-widget-sow-editor so-widget-sow-editor-base\"\n\t\t\t\n\t\t>\n<div class=\"siteorigin-widget-tinymce textwidget\">\n\t<p style=\"text-align: center;\"><img loading=\"lazy\" decoding=\"async\" class=\"aligncenter wp-image-11019 size-medium\" title=\"CUSTOMS via CONEX- la Douane Electronique \" src=\"https:\/\/www.conex.net\/fr\/wp-content\/uploads\/sites\/2\/2025\/11\/CUSTOMS-300x79.png\" alt=\"Customs via conex\" width=\"300\" height=\"79\" srcset=\"https:\/\/www.conex.net\/fr\/wp-content\/uploads\/sites\/2\/2025\/11\/CUSTOMS-300x79.png 300w, https:\/\/www.conex.net\/fr\/wp-content\/uploads\/sites\/2\/2025\/11\/CUSTOMS-1024x270.png 1024w, https:\/\/www.conex.net\/fr\/wp-content\/uploads\/sites\/2\/2025\/11\/CUSTOMS-768x203.png 768w, https:\/\/www.conex.net\/fr\/wp-content\/uploads\/sites\/2\/2025\/11\/CUSTOMS-1536x405.png 1536w, https:\/\/www.conex.net\/fr\/wp-content\/uploads\/sites\/2\/2025\/11\/CUSTOMS-2048x541.png 2048w\" sizes=\"auto, (max-width: 300px) 100vw, 300px\" \/><\/p>\n<p style=\"text-align: justify;\"><strong>CUSTOMS via conex\u2122<\/strong>\u00a0 \u00a0est une solution SaaS, compl\u00e8te et modulaire, d\u00e9di\u00e9e \u00e0 la gestion administrative de toutes les proc\u00e9dures de d\u00e9douanement \u00e9lectroniques pour l\u2019ensemble des r\u00e9gimes douaniers.<\/p>\n<p style=\"text-align: center;\"><a href=\"\/fr\/douane-logiciel\/\"><img loading=\"lazy\" decoding=\"async\" class=\"aligncenter wp-image-983 size-full\" title=\"CUSTOMS via CONEX- la Douane Electronique \" src=\"\/fr\/wp-content\/uploads\/2019\/05\/ensavoirplus-customs.jpg\" alt=\"ensavoirplus-customs via conex - CUSTOMS via CONEX- la Douane Electronique \" width=\"149\" height=\"66\" \/><\/a><\/p>\n<\/div>\n<\/div><\/div><\/div><div id=\"pgc-52-5-1\"  class=\"panel-grid-cell\" ><div id=\"panel-52-5-1-0\" class=\"so-panel widget widget_sow-editor panel-first-child panel-last-child\" data-index=\"8\" ><div\n\t\t\t\n\t\t\tclass=\"so-widget-sow-editor so-widget-sow-editor-base\"\n\t\t\t\n\t\t>\n<div class=\"siteorigin-widget-tinymce textwidget\">\n\t<p style=\"text-align: center;\"><img loading=\"lazy\" decoding=\"async\" class=\"aligncenter wp-image-11028 \" title=\"ENCYCLOP\u00c9DIE DOUANIERE via CONEX- la Douane Electronique \" src=\"https:\/\/www.conex.net\/fr\/wp-content\/uploads\/sites\/2\/2025\/11\/TARIFF-300x122.png\" alt=\"TARIFF via conex\" width=\"204\" height=\"83\" srcset=\"https:\/\/www.conex.net\/fr\/wp-content\/uploads\/sites\/2\/2025\/11\/TARIFF-300x122.png 300w, https:\/\/www.conex.net\/fr\/wp-content\/uploads\/sites\/2\/2025\/11\/TARIFF-1024x416.png 1024w, https:\/\/www.conex.net\/fr\/wp-content\/uploads\/sites\/2\/2025\/11\/TARIFF-768x312.png 768w, https:\/\/www.conex.net\/fr\/wp-content\/uploads\/sites\/2\/2025\/11\/TARIFF.png 1465w\" sizes=\"auto, (max-width: 204px) 100vw, 204px\" \/><\/p>\n<p style=\"text-align: justify;\"><strong>L\u2019Encyclop\u00e9die Douani\u00e8re via conex\u2122<\/strong>\u00a0est\u00a0 une base de donn\u00e9es qui r\u00e9pond aux exigences de la r\u00e9glementation europ\u00e9enne et nationale : Tarif douanier, textes officiels, r\u00e8glements douaniers, veille r\u00e9glementaire.<\/p>\n<p style=\"text-align: center;\"><a href=\"\/fr\/classement-tarifaire-encyclopedie-douaniere\/\"><img loading=\"lazy\" decoding=\"async\" class=\"aligncenter wp-image-876 size-full\" title=\"ENCYCLOP\u00c9DIE DOUANI\u00c8RE via CONEX- la Douane Electronique \" src=\"\/fr\/wp-content\/uploads\/2019\/05\/ensavoirplus-encyclopedie-douaniere.jpg\" alt=\"ensavoirplus-encyclopedie-douaniere - ENCYCLOP\u00c9DIE DOUANI\u00c8RE via CONEX - la Douane Electronique \" width=\"149\" height=\"66\" \/><\/a><\/p>\n<\/div>\n<\/div><\/div><\/div><div id=\"pgc-52-5-2\"  class=\"panel-grid-cell\" ><div id=\"panel-52-5-2-0\" class=\"so-panel widget widget_sow-editor panel-first-child panel-last-child\" data-index=\"9\" ><div\n\t\t\t\n\t\t\tclass=\"so-widget-sow-editor so-widget-sow-editor-base\"\n\t\t\t\n\t\t>\n<div class=\"siteorigin-widget-tinymce textwidget\">\n\t<p style=\"text-align: center;\"><img loading=\"lazy\" decoding=\"async\" class=\"aligncenter wp-image-11018 \" title=\"ACCICES via CONEX - gestion des mouvement de marchandises\" src=\"https:\/\/www.conex.net\/fr\/wp-content\/uploads\/sites\/2\/2025\/11\/ACCISES-300x92.png\" alt=\"ACCISES via conex\" width=\"274\" height=\"84\" srcset=\"https:\/\/www.conex.net\/fr\/wp-content\/uploads\/sites\/2\/2025\/11\/ACCISES-300x92.png 300w, https:\/\/www.conex.net\/fr\/wp-content\/uploads\/sites\/2\/2025\/11\/ACCISES-1024x315.png 1024w, https:\/\/www.conex.net\/fr\/wp-content\/uploads\/sites\/2\/2025\/11\/ACCISES-768x236.png 768w, https:\/\/www.conex.net\/fr\/wp-content\/uploads\/sites\/2\/2025\/11\/ACCISES-1536x472.png 1536w, https:\/\/www.conex.net\/fr\/wp-content\/uploads\/sites\/2\/2025\/11\/ACCISES.png 1937w\" sizes=\"auto, (max-width: 274px) 100vw, 274px\" \/><\/p>\n<p style=\"text-align: justify;\"><strong>ACCISES via conex\u2122<\/strong> permet le traitement \u00e9lectronique des documents d'accompagnement et la gestion de la comptabilit\u00e9 d'accises pour tous les flux de donn\u00e9es li\u00e9s \u00e0 la circulation des marchandises soumises \u00e0 accises au sein de l'UE<\/p>\n<p style=\"text-align: center;\"><a href=\"\/fr\/accises-logiciel-douane\/\"><img loading=\"lazy\" decoding=\"async\" class=\"aligncenter wp-image-988 size-full\" title=\"ACCICES via CONEX - gestion des mouvement de marchandises\" src=\"\/fr\/wp-content\/uploads\/2019\/05\/ensavoirplus-accises.jpg\" alt=\"ensavoirplus-accises via conex - ACCICES via CONEX - gestion des mouvement de marchandises\" width=\"149\" height=\"66\" \/><\/a><\/p>\n<\/div>\n<\/div><\/div><\/div><\/div><div id=\"pg-52-6\"  class=\"panel-grid panel-no-style\" ><div id=\"pgc-52-6-0\"  class=\"panel-grid-cell\" ><div id=\"panel-52-6-0-0\" class=\"so-panel widget widget_sow-editor panel-first-child panel-last-child\" data-index=\"10\" ><div\n\t\t\t\n\t\t\tclass=\"so-widget-sow-editor so-widget-sow-editor-base\"\n\t\t\t\n\t\t>\n<div class=\"siteorigin-widget-tinymce textwidget\">\n\t<hr \/>\n<p><a href=\"\/fr\/contact\/\"><img loading=\"lazy\" decoding=\"async\" class=\"aligncenter wp-image-765 \" title=\"Contactez notre service commercial CONEX\" src=\"\/fr\/wp-content\/uploads\/2019\/05\/picto-contactez-nous.jpg\" alt=\"Contactez notre service commercial CONEX\" width=\"193\" height=\"78\" srcset=\"https:\/\/www.conex.net\/fr\/wp-content\/uploads\/sites\/2\/2019\/05\/picto-contactez-nous.jpg 506w, https:\/\/www.conex.net\/fr\/wp-content\/uploads\/sites\/2\/2019\/05\/picto-contactez-nous-300x122.jpg 300w\" sizes=\"auto, (max-width: 193px) 100vw, 193px\" \/><\/a><\/p>\n<\/div>\n<\/div><\/div><\/div><\/div><\/div>","protected":false},"excerpt":{"rendered":"<p>POUR QUI Toute entreprise faisant l\u2019acquisition et\/ou la livraison de marchandises au sein de l\u2019UE : commissaires ou cabinets d\u2019expertise comptable mandat\u00e9s par les entreprises pour effectuer en leur nom tout ou partie de leurs op\u00e9rations europ\u00e9ennes. POUR QUOI D\u00e9claration EMEBI europ\u00e9enne pour la circulation de marchandises au sein de l\u2019Union Europ\u00e9enne. Pr\u00e9paration du fichier \u00e0 transmettre aux administrations. &nbsp; COMMENT Logiciel permettant la saisie directe ou interface avec un autre syst\u00e8me en amont pour [&hellip;]<\/p>\n","protected":false},"author":1,"featured_media":11021,"parent":0,"menu_order":0,"comment_status":"closed","ping_status":"closed","template":"Page-fullwidth.php","meta":{"footnotes":""},"class_list":["post-52","page","type-page","status-publish","has-post-thumbnail","hentry"],"yoast_head":"<!-- This site is optimized with the Yoast SEO plugin v27.3 - https:\/\/yoast.com\/product\/yoast-seo-wordpress\/ -->\n<title>Intrastat : logiciel DEB - D\u00e9claration \u00e9change de biens - CONEX<\/title>\n<meta name=\"description\" content=\"Logiciel douane, d\u00e9claration Intrastat ou d\u00e9clarations d&#039;\u00e9changes de biens (DEB) pour acquisitions\/introductions de marchandises en UE.\" \/>\n<meta name=\"robots\" content=\"index, follow, max-snippet:-1, max-image-preview:large, max-video-preview:-1\" \/>\n<link rel=\"canonical\" href=\"https:\/\/www.conex.net\/fr\/emebi\/\" \/>\n<meta property=\"og:locale\" content=\"fr_FR\" \/>\n<meta property=\"og:type\" content=\"article\" \/>\n<meta property=\"og:title\" content=\"Intrastat : logiciel DEB - D\u00e9claration \u00e9change de biens - CONEX\" \/>\n<meta property=\"og:description\" content=\"Logiciel douane, d\u00e9claration Intrastat ou d\u00e9clarations d&#039;\u00e9changes de biens (DEB) pour acquisitions\/introductions de marchandises en UE.\" \/>\n<meta property=\"og:url\" content=\"https:\/\/www.conex.net\/fr\/emebi\/\" \/>\n<meta property=\"og:site_name\" content=\"Conex France\" \/>\n<meta property=\"article:modified_time\" content=\"2025-12-04T13:50:02+00:00\" \/>\n<meta property=\"og:image\" content=\"https:\/\/www.conex.net\/fr\/wp-content\/uploads\/sites\/2\/2025\/11\/EUROPSTAT.png\" \/>\n\t<meta property=\"og:image:width\" content=\"2486\" \/>\n\t<meta property=\"og:image:height\" content=\"595\" \/>\n\t<meta property=\"og:image:type\" content=\"image\/png\" \/>\n<meta name=\"twitter:card\" content=\"summary_large_image\" \/>\n<meta name=\"twitter:label1\" content=\"Dur\u00e9e de lecture estim\u00e9e\" \/>\n\t<meta name=\"twitter:data1\" content=\"4 minutes\" \/>\n<script type=\"application\/ld+json\" class=\"yoast-schema-graph\">{\"@context\":\"https:\\\/\\\/schema.org\",\"@graph\":[{\"@type\":\"WebPage\",\"@id\":\"https:\\\/\\\/www.conex.net\\\/fr\\\/emebi\\\/\",\"url\":\"https:\\\/\\\/www.conex.net\\\/fr\\\/emebi\\\/\",\"name\":\"Intrastat : logiciel DEB - D\u00e9claration \u00e9change de biens - CONEX\",\"isPartOf\":{\"@id\":\"https:\\\/\\\/www.conex.net\\\/fr\\\/#website\"},\"primaryImageOfPage\":{\"@id\":\"https:\\\/\\\/www.conex.net\\\/fr\\\/emebi\\\/#primaryimage\"},\"image\":{\"@id\":\"https:\\\/\\\/www.conex.net\\\/fr\\\/emebi\\\/#primaryimage\"},\"thumbnailUrl\":\"https:\\\/\\\/www.conex.net\\\/fr\\\/wp-content\\\/uploads\\\/sites\\\/2\\\/2025\\\/11\\\/EUROPSTAT.png\",\"datePublished\":\"2018-11-29T14:46:23+00:00\",\"dateModified\":\"2025-12-04T13:50:02+00:00\",\"description\":\"Logiciel douane, d\u00e9claration Intrastat ou d\u00e9clarations d'\u00e9changes de biens (DEB) pour acquisitions\\\/introductions de marchandises en UE.\",\"breadcrumb\":{\"@id\":\"https:\\\/\\\/www.conex.net\\\/fr\\\/emebi\\\/#breadcrumb\"},\"inLanguage\":\"fr-FR\",\"potentialAction\":[{\"@type\":\"ReadAction\",\"target\":[\"https:\\\/\\\/www.conex.net\\\/fr\\\/emebi\\\/\"]}]},{\"@type\":\"ImageObject\",\"inLanguage\":\"fr-FR\",\"@id\":\"https:\\\/\\\/www.conex.net\\\/fr\\\/emebi\\\/#primaryimage\",\"url\":\"https:\\\/\\\/www.conex.net\\\/fr\\\/wp-content\\\/uploads\\\/sites\\\/2\\\/2025\\\/11\\\/EUROPSTAT.png\",\"contentUrl\":\"https:\\\/\\\/www.conex.net\\\/fr\\\/wp-content\\\/uploads\\\/sites\\\/2\\\/2025\\\/11\\\/EUROPSTAT.png\",\"width\":2486,\"height\":595},{\"@type\":\"BreadcrumbList\",\"@id\":\"https:\\\/\\\/www.conex.net\\\/fr\\\/emebi\\\/#breadcrumb\",\"itemListElement\":[{\"@type\":\"ListItem\",\"position\":1,\"name\":\"Accueil\",\"item\":\"https:\\\/\\\/www.conex.net\\\/fr\\\/\"},{\"@type\":\"ListItem\",\"position\":2,\"name\":\"EMEBI\"}]},{\"@type\":\"WebSite\",\"@id\":\"https:\\\/\\\/www.conex.net\\\/fr\\\/#website\",\"url\":\"https:\\\/\\\/www.conex.net\\\/fr\\\/\",\"name\":\"Conex France\",\"description\":\"Your customs partner - CONEX FRANCE\",\"publisher\":{\"@id\":\"https:\\\/\\\/www.conex.net\\\/fr\\\/#organization\"},\"potentialAction\":[{\"@type\":\"SearchAction\",\"target\":{\"@type\":\"EntryPoint\",\"urlTemplate\":\"https:\\\/\\\/www.conex.net\\\/fr\\\/?s={search_term_string}\"},\"query-input\":{\"@type\":\"PropertyValueSpecification\",\"valueRequired\":true,\"valueName\":\"search_term_string\"}}],\"inLanguage\":\"fr-FR\"},{\"@type\":\"Organization\",\"@id\":\"https:\\\/\\\/www.conex.net\\\/fr\\\/#organization\",\"name\":\"CONEX SAS\",\"url\":\"https:\\\/\\\/www.conex.net\\\/fr\\\/\",\"logo\":{\"@type\":\"ImageObject\",\"inLanguage\":\"fr-FR\",\"@id\":\"https:\\\/\\\/www.conex.net\\\/fr\\\/#\\\/schema\\\/logo\\\/image\\\/\",\"url\":\"https:\\\/\\\/www.conex.net\\\/fr\\\/wp-content\\\/uploads\\\/sites\\\/2\\\/2018\\\/10\\\/logo-conex.png\",\"contentUrl\":\"https:\\\/\\\/www.conex.net\\\/fr\\\/wp-content\\\/uploads\\\/sites\\\/2\\\/2018\\\/10\\\/logo-conex.png\",\"width\":138,\"height\":49,\"caption\":\"CONEX SAS\"},\"image\":{\"@id\":\"https:\\\/\\\/www.conex.net\\\/fr\\\/#\\\/schema\\\/logo\\\/image\\\/\"}}]}<\/script>\n<!-- \/ Yoast SEO plugin. -->","yoast_head_json":{"title":"Intrastat : logiciel DEB - D\u00e9claration \u00e9change de biens - CONEX","description":"Logiciel douane, d\u00e9claration Intrastat ou d\u00e9clarations d'\u00e9changes de biens (DEB) pour acquisitions\/introductions de marchandises en UE.","robots":{"index":"index","follow":"follow","max-snippet":"max-snippet:-1","max-image-preview":"max-image-preview:large","max-video-preview":"max-video-preview:-1"},"canonical":"https:\/\/www.conex.net\/fr\/emebi\/","og_locale":"fr_FR","og_type":"article","og_title":"Intrastat : logiciel DEB - D\u00e9claration \u00e9change de biens - CONEX","og_description":"Logiciel douane, d\u00e9claration Intrastat ou d\u00e9clarations d'\u00e9changes de biens (DEB) pour acquisitions\/introductions de marchandises en UE.","og_url":"https:\/\/www.conex.net\/fr\/emebi\/","og_site_name":"Conex France","article_modified_time":"2025-12-04T13:50:02+00:00","og_image":[{"width":2486,"height":595,"url":"https:\/\/www.conex.net\/fr\/wp-content\/uploads\/sites\/2\/2025\/11\/EUROPSTAT.png","type":"image\/png"}],"twitter_card":"summary_large_image","twitter_misc":{"Dur\u00e9e de lecture estim\u00e9e":"4 minutes"},"schema":{"@context":"https:\/\/schema.org","@graph":[{"@type":"WebPage","@id":"https:\/\/www.conex.net\/fr\/emebi\/","url":"https:\/\/www.conex.net\/fr\/emebi\/","name":"Intrastat : logiciel DEB - D\u00e9claration \u00e9change de biens - CONEX","isPartOf":{"@id":"https:\/\/www.conex.net\/fr\/#website"},"primaryImageOfPage":{"@id":"https:\/\/www.conex.net\/fr\/emebi\/#primaryimage"},"image":{"@id":"https:\/\/www.conex.net\/fr\/emebi\/#primaryimage"},"thumbnailUrl":"https:\/\/www.conex.net\/fr\/wp-content\/uploads\/sites\/2\/2025\/11\/EUROPSTAT.png","datePublished":"2018-11-29T14:46:23+00:00","dateModified":"2025-12-04T13:50:02+00:00","description":"Logiciel douane, d\u00e9claration Intrastat ou d\u00e9clarations d'\u00e9changes de biens (DEB) pour acquisitions\/introductions de marchandises en UE.","breadcrumb":{"@id":"https:\/\/www.conex.net\/fr\/emebi\/#breadcrumb"},"inLanguage":"fr-FR","potentialAction":[{"@type":"ReadAction","target":["https:\/\/www.conex.net\/fr\/emebi\/"]}]},{"@type":"ImageObject","inLanguage":"fr-FR","@id":"https:\/\/www.conex.net\/fr\/emebi\/#primaryimage","url":"https:\/\/www.conex.net\/fr\/wp-content\/uploads\/sites\/2\/2025\/11\/EUROPSTAT.png","contentUrl":"https:\/\/www.conex.net\/fr\/wp-content\/uploads\/sites\/2\/2025\/11\/EUROPSTAT.png","width":2486,"height":595},{"@type":"BreadcrumbList","@id":"https:\/\/www.conex.net\/fr\/emebi\/#breadcrumb","itemListElement":[{"@type":"ListItem","position":1,"name":"Accueil","item":"https:\/\/www.conex.net\/fr\/"},{"@type":"ListItem","position":2,"name":"EMEBI"}]},{"@type":"WebSite","@id":"https:\/\/www.conex.net\/fr\/#website","url":"https:\/\/www.conex.net\/fr\/","name":"Conex France","description":"Your customs partner - CONEX FRANCE","publisher":{"@id":"https:\/\/www.conex.net\/fr\/#organization"},"potentialAction":[{"@type":"SearchAction","target":{"@type":"EntryPoint","urlTemplate":"https:\/\/www.conex.net\/fr\/?s={search_term_string}"},"query-input":{"@type":"PropertyValueSpecification","valueRequired":true,"valueName":"search_term_string"}}],"inLanguage":"fr-FR"},{"@type":"Organization","@id":"https:\/\/www.conex.net\/fr\/#organization","name":"CONEX SAS","url":"https:\/\/www.conex.net\/fr\/","logo":{"@type":"ImageObject","inLanguage":"fr-FR","@id":"https:\/\/www.conex.net\/fr\/#\/schema\/logo\/image\/","url":"https:\/\/www.conex.net\/fr\/wp-content\/uploads\/sites\/2\/2018\/10\/logo-conex.png","contentUrl":"https:\/\/www.conex.net\/fr\/wp-content\/uploads\/sites\/2\/2018\/10\/logo-conex.png","width":138,"height":49,"caption":"CONEX SAS"},"image":{"@id":"https:\/\/www.conex.net\/fr\/#\/schema\/logo\/image\/"}}]}},"_links":{"self":[{"href":"https:\/\/www.conex.net\/fr\/wp-json\/wp\/v2\/pages\/52","targetHints":{"allow":["GET"]}}],"collection":[{"href":"https:\/\/www.conex.net\/fr\/wp-json\/wp\/v2\/pages"}],"about":[{"href":"https:\/\/www.conex.net\/fr\/wp-json\/wp\/v2\/types\/page"}],"author":[{"embeddable":true,"href":"https:\/\/www.conex.net\/fr\/wp-json\/wp\/v2\/users\/1"}],"replies":[{"embeddable":true,"href":"https:\/\/www.conex.net\/fr\/wp-json\/wp\/v2\/comments?post=52"}],"version-history":[{"count":125,"href":"https:\/\/www.conex.net\/fr\/wp-json\/wp\/v2\/pages\/52\/revisions"}],"predecessor-version":[{"id":11039,"href":"https:\/\/www.conex.net\/fr\/wp-json\/wp\/v2\/pages\/52\/revisions\/11039"}],"wp:featuredmedia":[{"embeddable":true,"href":"https:\/\/www.conex.net\/fr\/wp-json\/wp\/v2\/media\/11021"}],"wp:attachment":[{"href":"https:\/\/www.conex.net\/fr\/wp-json\/wp\/v2\/media?parent=52"}],"curies":[{"name":"wp","href":"https:\/\/api.w.org\/{rel}","templated":true}]}}