{"id":56,"date":"2018-11-29T15:47:00","date_gmt":"2018-11-29T14:47:00","guid":{"rendered":"https:\/\/www.conex.net\/fr\/?page_id=56"},"modified":"2022-12-09T15:22:17","modified_gmt":"2022-12-09T14:22:17","slug":"gestion-commerciale-export","status":"publish","type":"page","link":"https:\/\/www.conex.net\/fr\/gestion-commerciale-export\/","title":{"rendered":"GESTION COMMERCIALE EXPORT"},"content":{"rendered":"<div id=\"pl-56\"  class=\"panel-layout\" ><div id=\"pg-56-0\"  class=\"panel-grid panel-has-style\" ><div class=\"siteorigin-panels-stretch panel-row-style panel-row-style-for-56-0\" data-stretch-type=\"full-stretched\" ><div id=\"pgc-56-0-0\"  class=\"panel-grid-cell\" ><div id=\"panel-56-0-0-0\" class=\"so-panel widget widget_sow-hero panel-first-child panel-last-child\" data-index=\"0\" ><div\n\t\t\t\n\t\t\tclass=\"so-widget-sow-hero so-widget-sow-hero-default-aeb651d6bf98-56\"\n\t\t\t\n\t\t>\t\t\t\t<div class=\"sow-slider-base\" style=\"display: none\" tabindex=\"0\">\n\t\t\t\t\t<ul\n\t\t\t\t\tclass=\"sow-slider-images\"\n\t\t\t\t\tdata-settings=\"{&quot;pagination&quot;:true,&quot;speed&quot;:800,&quot;timeout&quot;:8000,&quot;paused&quot;:false,&quot;pause_on_hover&quot;:false,&quot;swipe&quot;:false,&quot;nav_always_show_desktop&quot;:&quot;&quot;,&quot;nav_always_show_mobile&quot;:&quot;&quot;,&quot;breakpoint&quot;:&quot;780px&quot;,&quot;unmute&quot;:false,&quot;anchor&quot;:null}\"\n\t\t\t\t\tstyle=\"min-height: 380px\"\t\t\t\t\tdata-anchor-id=\"\"\n\t\t\t\t>\t\t<li class=\"sow-slider-image  sow-slider-image-cover\" style=\"visibility: visible;;background-color: #333333;background-image: url(https:\/\/www.conex.net\/fr\/wp-content\/uploads\/sites\/2\/2022\/12\/TRADMASTERproduitsFR.jpg)\" >\n\t\t\t\t\t<div class=\"sow-slider-image-container\">\n\t\t\t<div class=\"sow-slider-image-wrapper\">\n\t\t\t\t\t\t\t<\/div>\n\t\t<\/div>\n\t\t\t\t<\/li>\n\t\t<\/ul>\t\t\t\t<ol class=\"sow-slider-pagination\">\n\t\t\t\t\t\t\t\t\t\t\t<li><a href=\"#\" data-goto=\"0\" aria-label=\"Display slide 1\"><\/a><\/li>\n\t\t\t\t\t\t\t\t\t<\/ol>\n\n\t\t\t\t<div class=\"sow-slide-nav sow-slide-nav-next\">\n\t\t\t\t\t<a href=\"#\" data-goto=\"next\" aria-label=\"Next slide\" data-action=\"next\">\n\t\t\t\t\t\t<em class=\"sow-sld-icon-thin-right\"><\/em>\n\t\t\t\t\t<\/a>\n\t\t\t\t<\/div>\n\n\t\t\t\t<div class=\"sow-slide-nav sow-slide-nav-prev\">\n\t\t\t\t\t<a href=\"#\" data-goto=\"previous\" aria-label=\"Previous slide\" data-action=\"prev\">\n\t\t\t\t\t\t<em class=\"sow-sld-icon-thin-left\"><\/em>\n\t\t\t\t\t<\/a>\n\t\t\t\t<\/div>\n\t\t\t\t<\/div><\/div><\/div><\/div><\/div><\/div><div id=\"pg-56-1\"  class=\"panel-grid panel-has-style\" ><div class=\"siteorigin-panels-stretch panel-row-style panel-row-style-for-56-1\" data-stretch-type=\"full\" ><div id=\"pgc-56-1-0\"  class=\"panel-grid-cell\" ><div id=\"panel-56-1-0-0\" class=\"so-panel widget widget_sow-editor panel-first-child panel-last-child\" data-index=\"1\" ><div\n\t\t\t\n\t\t\tclass=\"so-widget-sow-editor so-widget-sow-editor-base\"\n\t\t\t\n\t\t>\n<div class=\"siteorigin-widget-tinymce textwidget\">\n\t<h3 style=\"text-align: center;\"><span style=\"color: #000000;\">POUR QUI<\/span><\/h3>\n<hr style=\"height: 2px; color: #000; background-color: #000; width: 50%; border: none;\" \/>\n<p style=\"text-align: center;\"><span style=\"color: #000000;\">Les services commerciaux et administratifs des entreprises exportatrices.<\/span><\/p>\n<\/div>\n<\/div><\/div><\/div><div id=\"pgc-56-1-1\"  class=\"panel-grid-cell\" ><div id=\"panel-56-1-1-0\" class=\"so-panel widget widget_sow-editor panel-first-child panel-last-child\" data-index=\"2\" ><div\n\t\t\t\n\t\t\tclass=\"so-widget-sow-editor so-widget-sow-editor-base\"\n\t\t\t\n\t\t>\n<div class=\"siteorigin-widget-tinymce textwidget\">\n\t<h3 style=\"text-align: center;\"><span style=\"color: #000000;\">POUR QUOI<\/span><\/h3>\n<hr style=\"height: 2px; color: #474747; background-color: #474747; width: 50%; border: none;\"\/>\n<p style=\"text-align: center;\"><span style=\"color: #000000;\">Gestion des documents relatifs aux\u00a0offres commerciales export, factures, documents d\u2019exp\u00e9dition, autres documents (certificats, d\u00e9clarations sp\u00e9cifiques etc.)<\/span><\/p>\n<\/div>\n<\/div><\/div><\/div><div id=\"pgc-56-1-2\"  class=\"panel-grid-cell\" ><div id=\"panel-56-1-2-0\" class=\"so-panel widget widget_sow-editor panel-first-child panel-last-child\" data-index=\"3\" ><div\n\t\t\t\n\t\t\tclass=\"so-widget-sow-editor so-widget-sow-editor-base\"\n\t\t\t\n\t\t>\n<div class=\"siteorigin-widget-tinymce textwidget\">\n\t<h3 style=\"text-align: center;\"><span style=\"color: #000000;\">COMMENT<\/span><\/h3>\n<hr style=\"height: 2px; color: #474747; background-color: #474747; width: 50%; border: none;\"\/>\n<p style=\"text-align: center;\"><span style=\"color: #000000;\">Logiciel disposant d\u2019un ensemble documentaire conforme aux normes ONU en mati\u00e8re de commerce international.<\/span><\/p>\n<\/div>\n<\/div><\/div><\/div><\/div><\/div><div id=\"pg-56-2\"  class=\"panel-grid panel-no-style\" ><div id=\"pgc-56-2-0\"  class=\"panel-grid-cell\" ><div id=\"panel-56-2-0-0\" class=\"so-panel widget widget_sow-editor panel-first-child panel-last-child\" data-index=\"4\" ><div class=\"panel-widget-style panel-widget-style-for-56-2-0-0\" ><div\n\t\t\t\n\t\t\tclass=\"so-widget-sow-editor so-widget-sow-editor-base\"\n\t\t\t\n\t\t>\n<div class=\"siteorigin-widget-tinymce textwidget\">\n\t<h3><strong>LA CHAINE EXPORT DE A \u00e0 Z POUR TOUS LES DOCUMENTS <\/strong><\/h3>\n<p>Commerciaux\u00a0 - Exp\u00e9dition\u00a0 - Mati\u00e8res dangereuses\u00a0 - Factures douane - Origine - Bordereaux d\u2019instructions bancaires - Bordereaux d'instructions aux transitaires - Transport - Assurance<\/p>\n<\/div>\n<\/div><\/div><\/div><\/div><\/div><div id=\"pg-56-3\"  class=\"panel-grid panel-no-style\" ><div id=\"pgc-56-3-0\"  class=\"panel-grid-cell\" ><div id=\"panel-56-3-0-0\" class=\"so-panel widget widget_sow-editor panel-first-child panel-last-child\" data-index=\"5\" ><div\n\t\t\t\n\t\t\tclass=\"so-widget-sow-editor so-widget-sow-editor-base\"\n\t\t\t\n\t\t>\n<div class=\"siteorigin-widget-tinymce textwidget\">\n\t<h3><span style=\"color: #209d7b;\"><strong>L'OFFRE<\/strong><\/span><\/h3>\n<p style=\"text-align: justify;\"><strong><span style=\"color: #209d7b;\">TRADmaster<\/span> via conex\u2122<\/strong> permet d\u2019\u00e9tablir les offres clients ou prospects dans la devise, l\u2019incoterm, les conditions de paiement, le mode de transport et l\u2019unit\u00e9 de vente de votre choix. Chaque client dispose en m\u00e9moire d\u2019un ou plusieurs tarifs dont vous pouvez faire varier les prix \u00e0 volont\u00e9.\u00a0<strong>\u00a0<\/strong><\/p>\n<p>&nbsp;<\/p>\n<h3><span style=\"color: #209d7b;\"><strong>LA COMMANDE<\/strong><\/span><\/h3>\n<p style=\"text-align: justify;\">\u00c9tablissez autant de commandes que vous le d\u00e9sirez. Leur constitution s\u2019effectue \u00e0 r\u00e9ception des commandes de vos clients et peut \u00eatre automatis\u00e9e par appel au contenu d\u2019une ou plusieurs offres pr\u00e9alables ou par des donn\u00e9es ext\u00e9rieures r\u00e9cup\u00e9r\u00e9es par le biais d\u2019une interface. Diff\u00e9rents fichiers sont \u00e0 votre disposition pour optimiser votre travail. La commande servira de support \u00e0 l\u2019\u00e9laboration de la ou des exp\u00e9ditions qui la solderont ; les reliquats \u00e9tant suivis \u00e0 chaque facturation.<\/p>\n<p>&nbsp;<\/p>\n<h3><span style=\"color: #209d7b;\"><strong>L\u2019EXP\u00c9DITION<\/strong>\u00a0<\/span><\/h3>\n<p style=\"text-align: justify;\">Le module Exp\u00e9ditions de <strong>TRADmaster\u2122<\/strong> regroupe \u00e0 la fois la facturation et l\u2019\u00e9mission de tous les documents n\u00e9cessaires \u00e0 l\u2019exp\u00e9dition. Toutes les \u00e9ditions sont en conformit\u00e9 avec la \u00ab formule cadre pour les documents commerciaux \u00bb, avalis\u00e9e par l\u2019organisation internationale de normalisation sous la r\u00e9f\u00e9rence ISO 6422. <strong><span style=\"color: #209d7b;\">TRADmaster<\/span> via conex\u2122<\/strong> \u00a0est un outil de gestion de cr\u00e9dit documentaire et de gestion des langues\u00a0: g\u00e9n\u00e9rez automatiquement vos documents dans la langue de vos clients\u00a0!<\/p>\n<p>&nbsp;<\/p>\n<h3><span style=\"color: #209d7b;\"><strong>G\u00c9N\u00c9RATEURS DE DOCUMENTS<\/strong><\/span><\/h3>\n<p style=\"text-align: justify;\">En compl\u00e9ment des documents administratifs et commerciaux, \u00e9tablis \u00e0 partir des modules Offre, Commande, et Exp\u00e9ditions, <strong><span style=\"color: #209d7b;\">TRADmaster<\/span> via conex\u2122<\/strong> permet de cr\u00e9er vos propres matrices de documents et d\u2019\u00e9laborer ces documents \u00e0 partir des dossiers journaliers.<\/p>\n<p>&nbsp;<\/p>\n<\/div>\n<\/div><\/div><\/div><\/div><div id=\"pg-56-4\"  class=\"panel-grid panel-no-style\" ><div id=\"pgc-56-4-0\"  class=\"panel-grid-cell\" ><div id=\"panel-56-4-0-0\" class=\"so-panel widget widget_sow-editor panel-first-child panel-last-child\" data-index=\"6\" ><div\n\t\t\t\n\t\t\tclass=\"so-widget-sow-editor so-widget-sow-editor-base\"\n\t\t\t\n\t\t>\n<div class=\"siteorigin-widget-tinymce textwidget\">\n\t<hr \/>\n<p><a href=\"https:\/\/www.conex.net\/fr\/contact\/\"><img loading=\"lazy\" decoding=\"async\" class=\"aligncenter wp-image-765 size-full\" title=\"Contactez notre service commercial CONEX\" src=\"https:\/\/www.conex.net\/fr\/wp-content\/uploads\/sites\/2\/2019\/05\/picto-contactez-nous.jpg\" alt=\"contactez-nous conex\" width=\"506\" height=\"205\" srcset=\"https:\/\/www.conex.net\/fr\/wp-content\/uploads\/sites\/2\/2019\/05\/picto-contactez-nous.jpg 506w, https:\/\/www.conex.net\/fr\/wp-content\/uploads\/sites\/2\/2019\/05\/picto-contactez-nous-300x122.jpg 300w\" sizes=\"auto, (max-width: 506px) 100vw, 506px\" \/><\/a><\/p>\n<\/div>\n<\/div><\/div><\/div><\/div><\/div>","protected":false},"excerpt":{"rendered":"<p>POUR QUI Les services commerciaux et administratifs des entreprises exportatrices. POUR QUOI Gestion des documents relatifs aux\u00a0offres commerciales export, factures, documents d\u2019exp\u00e9dition, autres documents (certificats, d\u00e9clarations sp\u00e9cifiques etc.) COMMENT Logiciel disposant d\u2019un ensemble documentaire conforme aux normes ONU en mati\u00e8re de commerce international.<\/p>\n","protected":false},"author":1,"featured_media":3295,"parent":0,"menu_order":0,"comment_status":"closed","ping_status":"closed","template":"Page-fullwidth.php","meta":{"footnotes":""},"class_list":["post-56","page","type-page","status-publish","has-post-thumbnail","hentry"],"yoast_head":"<!-- This site is optimized with the Yoast SEO plugin v27.4 - https:\/\/yoast.com\/product\/yoast-seo-wordpress\/ -->\n<title>GESTION COMMERCIALE EXPORT - Conex France logiciel douane<\/title>\n<meta name=\"description\" content=\"Logiciel douane, ESTION COMMERCIALE EXPORT Gestion des documents relatifs aux offres commerciales export, factures, documents d\u2019exp\u00e9dition.\" \/>\n<meta name=\"robots\" content=\"index, follow, max-snippet:-1, max-image-preview:large, max-video-preview:-1\" \/>\n<link rel=\"canonical\" href=\"https:\/\/www.conex.net\/fr\/gestion-commerciale-export\/\" \/>\n<meta property=\"og:locale\" content=\"fr_FR\" \/>\n<meta property=\"og:type\" content=\"article\" \/>\n<meta property=\"og:title\" content=\"GESTION COMMERCIALE EXPORT - Conex France logiciel douane\" \/>\n<meta property=\"og:description\" content=\"Logiciel douane, ESTION COMMERCIALE EXPORT Gestion des documents relatifs aux offres commerciales export, factures, documents d\u2019exp\u00e9dition.\" \/>\n<meta property=\"og:url\" content=\"https:\/\/www.conex.net\/fr\/gestion-commerciale-export\/\" \/>\n<meta property=\"og:site_name\" content=\"Conex France\" \/>\n<meta property=\"article:modified_time\" content=\"2022-12-09T14:22:17+00:00\" \/>\n<meta property=\"og:image\" content=\"https:\/\/www.conex.net\/fr\/wp-content\/uploads\/sites\/2\/2020\/01\/TRADmasterviaconex200-e1624009401749.jpg\" \/>\n\t<meta property=\"og:image:width\" content=\"233\" \/>\n\t<meta property=\"og:image:height\" content=\"200\" \/>\n\t<meta property=\"og:image:type\" content=\"image\/jpeg\" \/>\n<meta name=\"twitter:card\" content=\"summary_large_image\" \/>\n<meta name=\"twitter:label1\" content=\"Dur\u00e9e de lecture estim\u00e9e\" \/>\n\t<meta name=\"twitter:data1\" content=\"2 minutes\" \/>\n<script type=\"application\/ld+json\" class=\"yoast-schema-graph\">{\"@context\":\"https:\\\/\\\/schema.org\",\"@graph\":[{\"@type\":\"WebPage\",\"@id\":\"https:\\\/\\\/www.conex.net\\\/fr\\\/gestion-commerciale-export\\\/\",\"url\":\"https:\\\/\\\/www.conex.net\\\/fr\\\/gestion-commerciale-export\\\/\",\"name\":\"GESTION COMMERCIALE EXPORT - Conex France logiciel douane\",\"isPartOf\":{\"@id\":\"https:\\\/\\\/www.conex.net\\\/fr\\\/#website\"},\"primaryImageOfPage\":{\"@id\":\"https:\\\/\\\/www.conex.net\\\/fr\\\/gestion-commerciale-export\\\/#primaryimage\"},\"image\":{\"@id\":\"https:\\\/\\\/www.conex.net\\\/fr\\\/gestion-commerciale-export\\\/#primaryimage\"},\"thumbnailUrl\":\"https:\\\/\\\/www.conex.net\\\/fr\\\/wp-content\\\/uploads\\\/sites\\\/2\\\/2020\\\/01\\\/TRADmasterviaconex200-e1624009401749.jpg\",\"datePublished\":\"2018-11-29T14:47:00+00:00\",\"dateModified\":\"2022-12-09T14:22:17+00:00\",\"description\":\"Logiciel douane, ESTION COMMERCIALE EXPORT Gestion des documents relatifs aux offres commerciales export, factures, documents d\u2019exp\u00e9dition.\",\"breadcrumb\":{\"@id\":\"https:\\\/\\\/www.conex.net\\\/fr\\\/gestion-commerciale-export\\\/#breadcrumb\"},\"inLanguage\":\"fr-FR\",\"potentialAction\":[{\"@type\":\"ReadAction\",\"target\":[\"https:\\\/\\\/www.conex.net\\\/fr\\\/gestion-commerciale-export\\\/\"]}]},{\"@type\":\"ImageObject\",\"inLanguage\":\"fr-FR\",\"@id\":\"https:\\\/\\\/www.conex.net\\\/fr\\\/gestion-commerciale-export\\\/#primaryimage\",\"url\":\"https:\\\/\\\/www.conex.net\\\/fr\\\/wp-content\\\/uploads\\\/sites\\\/2\\\/2020\\\/01\\\/TRADmasterviaconex200-e1624009401749.jpg\",\"contentUrl\":\"https:\\\/\\\/www.conex.net\\\/fr\\\/wp-content\\\/uploads\\\/sites\\\/2\\\/2020\\\/01\\\/TRADmasterviaconex200-e1624009401749.jpg\",\"width\":233,\"height\":200,\"caption\":\"TRADmaster via conex\"},{\"@type\":\"BreadcrumbList\",\"@id\":\"https:\\\/\\\/www.conex.net\\\/fr\\\/gestion-commerciale-export\\\/#breadcrumb\",\"itemListElement\":[{\"@type\":\"ListItem\",\"position\":1,\"name\":\"Accueil\",\"item\":\"https:\\\/\\\/www.conex.net\\\/fr\\\/\"},{\"@type\":\"ListItem\",\"position\":2,\"name\":\"GESTION COMMERCIALE EXPORT\"}]},{\"@type\":\"WebSite\",\"@id\":\"https:\\\/\\\/www.conex.net\\\/fr\\\/#website\",\"url\":\"https:\\\/\\\/www.conex.net\\\/fr\\\/\",\"name\":\"Conex France\",\"description\":\"Your customs partner - CONEX FRANCE\",\"publisher\":{\"@id\":\"https:\\\/\\\/www.conex.net\\\/fr\\\/#organization\"},\"potentialAction\":[{\"@type\":\"SearchAction\",\"target\":{\"@type\":\"EntryPoint\",\"urlTemplate\":\"https:\\\/\\\/www.conex.net\\\/fr\\\/?s={search_term_string}\"},\"query-input\":{\"@type\":\"PropertyValueSpecification\",\"valueRequired\":true,\"valueName\":\"search_term_string\"}}],\"inLanguage\":\"fr-FR\"},{\"@type\":\"Organization\",\"@id\":\"https:\\\/\\\/www.conex.net\\\/fr\\\/#organization\",\"name\":\"CONEX SAS\",\"url\":\"https:\\\/\\\/www.conex.net\\\/fr\\\/\",\"logo\":{\"@type\":\"ImageObject\",\"inLanguage\":\"fr-FR\",\"@id\":\"https:\\\/\\\/www.conex.net\\\/fr\\\/#\\\/schema\\\/logo\\\/image\\\/\",\"url\":\"https:\\\/\\\/www.conex.net\\\/fr\\\/wp-content\\\/uploads\\\/sites\\\/2\\\/2018\\\/10\\\/logo-conex.png\",\"contentUrl\":\"https:\\\/\\\/www.conex.net\\\/fr\\\/wp-content\\\/uploads\\\/sites\\\/2\\\/2018\\\/10\\\/logo-conex.png\",\"width\":138,\"height\":49,\"caption\":\"CONEX SAS\"},\"image\":{\"@id\":\"https:\\\/\\\/www.conex.net\\\/fr\\\/#\\\/schema\\\/logo\\\/image\\\/\"}}]}<\/script>\n<!-- \/ Yoast SEO plugin. -->","yoast_head_json":{"title":"GESTION COMMERCIALE EXPORT - Conex France logiciel douane","description":"Logiciel douane, ESTION COMMERCIALE EXPORT Gestion des documents relatifs aux offres commerciales export, factures, documents d\u2019exp\u00e9dition.","robots":{"index":"index","follow":"follow","max-snippet":"max-snippet:-1","max-image-preview":"max-image-preview:large","max-video-preview":"max-video-preview:-1"},"canonical":"https:\/\/www.conex.net\/fr\/gestion-commerciale-export\/","og_locale":"fr_FR","og_type":"article","og_title":"GESTION COMMERCIALE EXPORT - Conex France logiciel douane","og_description":"Logiciel douane, ESTION COMMERCIALE EXPORT Gestion des documents relatifs aux offres commerciales export, factures, documents d\u2019exp\u00e9dition.","og_url":"https:\/\/www.conex.net\/fr\/gestion-commerciale-export\/","og_site_name":"Conex France","article_modified_time":"2022-12-09T14:22:17+00:00","og_image":[{"width":233,"height":200,"url":"https:\/\/www.conex.net\/fr\/wp-content\/uploads\/sites\/2\/2020\/01\/TRADmasterviaconex200-e1624009401749.jpg","type":"image\/jpeg"}],"twitter_card":"summary_large_image","twitter_misc":{"Dur\u00e9e de lecture estim\u00e9e":"2 minutes"},"schema":{"@context":"https:\/\/schema.org","@graph":[{"@type":"WebPage","@id":"https:\/\/www.conex.net\/fr\/gestion-commerciale-export\/","url":"https:\/\/www.conex.net\/fr\/gestion-commerciale-export\/","name":"GESTION COMMERCIALE EXPORT - Conex France logiciel douane","isPartOf":{"@id":"https:\/\/www.conex.net\/fr\/#website"},"primaryImageOfPage":{"@id":"https:\/\/www.conex.net\/fr\/gestion-commerciale-export\/#primaryimage"},"image":{"@id":"https:\/\/www.conex.net\/fr\/gestion-commerciale-export\/#primaryimage"},"thumbnailUrl":"https:\/\/www.conex.net\/fr\/wp-content\/uploads\/sites\/2\/2020\/01\/TRADmasterviaconex200-e1624009401749.jpg","datePublished":"2018-11-29T14:47:00+00:00","dateModified":"2022-12-09T14:22:17+00:00","description":"Logiciel douane, ESTION COMMERCIALE EXPORT Gestion des documents relatifs aux offres commerciales export, factures, documents d\u2019exp\u00e9dition.","breadcrumb":{"@id":"https:\/\/www.conex.net\/fr\/gestion-commerciale-export\/#breadcrumb"},"inLanguage":"fr-FR","potentialAction":[{"@type":"ReadAction","target":["https:\/\/www.conex.net\/fr\/gestion-commerciale-export\/"]}]},{"@type":"ImageObject","inLanguage":"fr-FR","@id":"https:\/\/www.conex.net\/fr\/gestion-commerciale-export\/#primaryimage","url":"https:\/\/www.conex.net\/fr\/wp-content\/uploads\/sites\/2\/2020\/01\/TRADmasterviaconex200-e1624009401749.jpg","contentUrl":"https:\/\/www.conex.net\/fr\/wp-content\/uploads\/sites\/2\/2020\/01\/TRADmasterviaconex200-e1624009401749.jpg","width":233,"height":200,"caption":"TRADmaster via conex"},{"@type":"BreadcrumbList","@id":"https:\/\/www.conex.net\/fr\/gestion-commerciale-export\/#breadcrumb","itemListElement":[{"@type":"ListItem","position":1,"name":"Accueil","item":"https:\/\/www.conex.net\/fr\/"},{"@type":"ListItem","position":2,"name":"GESTION COMMERCIALE EXPORT"}]},{"@type":"WebSite","@id":"https:\/\/www.conex.net\/fr\/#website","url":"https:\/\/www.conex.net\/fr\/","name":"Conex France","description":"Your customs partner - CONEX FRANCE","publisher":{"@id":"https:\/\/www.conex.net\/fr\/#organization"},"potentialAction":[{"@type":"SearchAction","target":{"@type":"EntryPoint","urlTemplate":"https:\/\/www.conex.net\/fr\/?s={search_term_string}"},"query-input":{"@type":"PropertyValueSpecification","valueRequired":true,"valueName":"search_term_string"}}],"inLanguage":"fr-FR"},{"@type":"Organization","@id":"https:\/\/www.conex.net\/fr\/#organization","name":"CONEX SAS","url":"https:\/\/www.conex.net\/fr\/","logo":{"@type":"ImageObject","inLanguage":"fr-FR","@id":"https:\/\/www.conex.net\/fr\/#\/schema\/logo\/image\/","url":"https:\/\/www.conex.net\/fr\/wp-content\/uploads\/sites\/2\/2018\/10\/logo-conex.png","contentUrl":"https:\/\/www.conex.net\/fr\/wp-content\/uploads\/sites\/2\/2018\/10\/logo-conex.png","width":138,"height":49,"caption":"CONEX SAS"},"image":{"@id":"https:\/\/www.conex.net\/fr\/#\/schema\/logo\/image\/"}}]}},"_links":{"self":[{"href":"https:\/\/www.conex.net\/fr\/wp-json\/wp\/v2\/pages\/56","targetHints":{"allow":["GET"]}}],"collection":[{"href":"https:\/\/www.conex.net\/fr\/wp-json\/wp\/v2\/pages"}],"about":[{"href":"https:\/\/www.conex.net\/fr\/wp-json\/wp\/v2\/types\/page"}],"author":[{"embeddable":true,"href":"https:\/\/www.conex.net\/fr\/wp-json\/wp\/v2\/users\/1"}],"replies":[{"embeddable":true,"href":"https:\/\/www.conex.net\/fr\/wp-json\/wp\/v2\/comments?post=56"}],"version-history":[{"count":58,"href":"https:\/\/www.conex.net\/fr\/wp-json\/wp\/v2\/pages\/56\/revisions"}],"predecessor-version":[{"id":8472,"href":"https:\/\/www.conex.net\/fr\/wp-json\/wp\/v2\/pages\/56\/revisions\/8472"}],"wp:featuredmedia":[{"embeddable":true,"href":"https:\/\/www.conex.net\/fr\/wp-json\/wp\/v2\/media\/3295"}],"wp:attachment":[{"href":"https:\/\/www.conex.net\/fr\/wp-json\/wp\/v2\/media?parent=56"}],"curies":[{"name":"wp","href":"https:\/\/api.w.org\/{rel}","templated":true}]}}