{"id":6478,"date":"2021-07-22T09:53:52","date_gmt":"2021-07-22T07:53:52","guid":{"rendered":"https:\/\/www.conex.net\/fr\/?page_id=6478"},"modified":"2021-09-21T16:17:32","modified_gmt":"2021-09-21T14:17:32","slug":"definition-accices","status":"publish","type":"page","link":"https:\/\/www.conex.net\/fr\/definition-accices\/","title":{"rendered":"D\u00e9finition accices"},"content":{"rendered":"<div id=\"pl-6478\"  class=\"panel-layout\" ><div id=\"pg-6478-0\"  class=\"panel-grid panel-no-style\" ><div id=\"pgc-6478-0-0\"  class=\"panel-grid-cell\" ><div id=\"panel-6478-0-0-0\" class=\"so-panel widget widget_sow-editor panel-first-child panel-last-child\" data-index=\"0\" ><div\n\t\t\t\n\t\t\tclass=\"so-widget-sow-editor so-widget-sow-editor-base\"\n\t\t\t\n\t\t>\n<div class=\"siteorigin-widget-tinymce textwidget\">\n\t<div id=\"gloss_container\">\n<h1><strong><span style=\"color: #c70000\">Accises<\/span><\/strong><\/h1>\n<div class=\"gloss_def\">\n<h4><span style=\"color: #333333\">Droits indirects de consommation frappant certaines cat\u00e9gories de produits : les huiles min\u00e9rales, l'alcool, les boissons alcooliques, les tabacs manufactur\u00e9s.<\/span><\/h4>\n<h4><span style=\"color: #333333\">Concernant plus particuli\u00e8rement les boissons alcooliques, les droits d'accises en France sont :<\/span><\/h4>\n<ul>\n<li>\n<h4><span style=\"color: #333333\">- Le droit de consommation sur les vins, cidres, poir\u00e9s et hydromels<\/span><\/h4>\n<\/li>\n<li>\n<h4><span style=\"color: #333333\">- Le droit de consommation sur les alcools et les produits interm\u00e9diaires<\/span><\/h4>\n<\/li>\n<li>\n<h4><span style=\"color: #333333\">- Le droit sp\u00e9cifique sur les bi\u00e8res.<\/span><\/h4>\n<\/li>\n<\/ul>\n<h4><\/h4>\n<h4 style=\"text-align: center\"><span style=\"color: #333333\"><strong><a style=\"color: #333333\" href=\"\/fr\/accises-logiciel-douane\/\" target=\"_blank\" rel=\"noopener\">Notre solution logicielle Accises via conex\u2122<\/a><\/strong><\/span><\/h4>\n<p style=\"text-align: center\"><a href=\"https:\/\/www.conex.net\/fr\/accises-logiciel-douane\/\"><img loading=\"lazy\" decoding=\"async\" class=\"aligncenter size-full wp-image-3282\" src=\"https:\/\/www.conex.net\/fr\/wp-content\/uploads\/sites\/2\/2020\/01\/ACCISESviaconex200.jpg\" alt=\"ACCISES via conex\" width=\"233\" height=\"200\" \/><\/a><\/p>\n<\/div>\n<\/div>\n<div id=\"footer\"><\/div>\n<\/div>\n<\/div><\/div><\/div><\/div><\/div>","protected":false},"excerpt":{"rendered":"<p>Accises Droits indirects de consommation frappant certaines cat\u00e9gories de produits : les huiles min\u00e9rales, l&rsquo;alcool, les boissons alcooliques, les tabacs manufactur\u00e9s. Concernant plus particuli\u00e8rement les boissons alcooliques, les droits d&rsquo;accises en France sont : &#8211; Le droit de consommation sur les vins, cidres, poir\u00e9s et hydromels &#8211; Le droit de consommation sur les alcools et les produits interm\u00e9diaires &#8211; Le droit sp\u00e9cifique sur les bi\u00e8res. Notre solution logicielle Accises via conex\u2122<\/p>\n","protected":false},"author":1,"featured_media":0,"parent":0,"menu_order":0,"comment_status":"closed","ping_status":"closed","template":"","meta":{"footnotes":""},"class_list":["post-6478","page","type-page","status-publish","hentry"],"yoast_head":"<!-- This site is optimized with the Yoast SEO plugin v27.3 - https:\/\/yoast.com\/product\/yoast-seo-wordpress\/ -->\n<title>D\u00e9finition accices - Conex France<\/title>\n<meta name=\"robots\" content=\"index, follow, max-snippet:-1, max-image-preview:large, max-video-preview:-1\" \/>\n<link rel=\"canonical\" href=\"https:\/\/www.conex.net\/fr\/definition-accices\/\" \/>\n<meta property=\"og:locale\" content=\"fr_FR\" \/>\n<meta property=\"og:type\" content=\"article\" \/>\n<meta property=\"og:title\" content=\"D\u00e9finition accices - Conex France\" \/>\n<meta property=\"og:description\" content=\"Accises Droits indirects de consommation frappant certaines cat\u00e9gories de produits : les huiles min\u00e9rales, l&#039;alcool, les boissons alcooliques, les tabacs manufactur\u00e9s. Concernant plus particuli\u00e8rement les boissons alcooliques, les droits d&#039;accises en France sont : - Le droit de consommation sur les vins, cidres, poir\u00e9s et hydromels - Le droit de consommation sur les alcools et les produits interm\u00e9diaires - Le droit sp\u00e9cifique sur les bi\u00e8res. Notre solution logicielle Accises via conex\u2122\" \/>\n<meta property=\"og:url\" content=\"https:\/\/www.conex.net\/fr\/definition-accices\/\" \/>\n<meta property=\"og:site_name\" content=\"Conex France\" \/>\n<meta property=\"article:modified_time\" content=\"2021-09-21T14:17:32+00:00\" \/>\n<meta property=\"og:image\" content=\"https:\/\/www.conex.net\/fr\/wp-content\/uploads\/sites\/2\/2020\/01\/ACCISESviaconex200.jpg\" \/>\n<meta name=\"twitter:card\" content=\"summary_large_image\" \/>\n<script type=\"application\/ld+json\" class=\"yoast-schema-graph\">{\"@context\":\"https:\\\/\\\/schema.org\",\"@graph\":[{\"@type\":\"WebPage\",\"@id\":\"https:\\\/\\\/www.conex.net\\\/fr\\\/definition-accices\\\/\",\"url\":\"https:\\\/\\\/www.conex.net\\\/fr\\\/definition-accices\\\/\",\"name\":\"D\u00e9finition accices - Conex France\",\"isPartOf\":{\"@id\":\"https:\\\/\\\/www.conex.net\\\/fr\\\/#website\"},\"primaryImageOfPage\":{\"@id\":\"https:\\\/\\\/www.conex.net\\\/fr\\\/definition-accices\\\/#primaryimage\"},\"image\":{\"@id\":\"https:\\\/\\\/www.conex.net\\\/fr\\\/definition-accices\\\/#primaryimage\"},\"thumbnailUrl\":\"https:\\\/\\\/www.conex.net\\\/fr\\\/wp-content\\\/uploads\\\/sites\\\/2\\\/2020\\\/01\\\/ACCISESviaconex200.jpg\",\"datePublished\":\"2021-07-22T07:53:52+00:00\",\"dateModified\":\"2021-09-21T14:17:32+00:00\",\"breadcrumb\":{\"@id\":\"https:\\\/\\\/www.conex.net\\\/fr\\\/definition-accices\\\/#breadcrumb\"},\"inLanguage\":\"fr-FR\",\"potentialAction\":[{\"@type\":\"ReadAction\",\"target\":[\"https:\\\/\\\/www.conex.net\\\/fr\\\/definition-accices\\\/\"]}]},{\"@type\":\"ImageObject\",\"inLanguage\":\"fr-FR\",\"@id\":\"https:\\\/\\\/www.conex.net\\\/fr\\\/definition-accices\\\/#primaryimage\",\"url\":\"https:\\\/\\\/www.conex.net\\\/fr\\\/wp-content\\\/uploads\\\/sites\\\/2\\\/2020\\\/01\\\/ACCISESviaconex200.jpg\",\"contentUrl\":\"https:\\\/\\\/www.conex.net\\\/fr\\\/wp-content\\\/uploads\\\/sites\\\/2\\\/2020\\\/01\\\/ACCISESviaconex200.jpg\",\"width\":233,\"height\":200,\"caption\":\"ACCISES via conex\"},{\"@type\":\"BreadcrumbList\",\"@id\":\"https:\\\/\\\/www.conex.net\\\/fr\\\/definition-accices\\\/#breadcrumb\",\"itemListElement\":[{\"@type\":\"ListItem\",\"position\":1,\"name\":\"Accueil\",\"item\":\"https:\\\/\\\/www.conex.net\\\/fr\\\/\"},{\"@type\":\"ListItem\",\"position\":2,\"name\":\"D\u00e9finition accices\"}]},{\"@type\":\"WebSite\",\"@id\":\"https:\\\/\\\/www.conex.net\\\/fr\\\/#website\",\"url\":\"https:\\\/\\\/www.conex.net\\\/fr\\\/\",\"name\":\"Conex France\",\"description\":\"Your customs partner - CONEX FRANCE\",\"publisher\":{\"@id\":\"https:\\\/\\\/www.conex.net\\\/fr\\\/#organization\"},\"potentialAction\":[{\"@type\":\"SearchAction\",\"target\":{\"@type\":\"EntryPoint\",\"urlTemplate\":\"https:\\\/\\\/www.conex.net\\\/fr\\\/?s={search_term_string}\"},\"query-input\":{\"@type\":\"PropertyValueSpecification\",\"valueRequired\":true,\"valueName\":\"search_term_string\"}}],\"inLanguage\":\"fr-FR\"},{\"@type\":\"Organization\",\"@id\":\"https:\\\/\\\/www.conex.net\\\/fr\\\/#organization\",\"name\":\"CONEX SAS\",\"url\":\"https:\\\/\\\/www.conex.net\\\/fr\\\/\",\"logo\":{\"@type\":\"ImageObject\",\"inLanguage\":\"fr-FR\",\"@id\":\"https:\\\/\\\/www.conex.net\\\/fr\\\/#\\\/schema\\\/logo\\\/image\\\/\",\"url\":\"https:\\\/\\\/www.conex.net\\\/fr\\\/wp-content\\\/uploads\\\/sites\\\/2\\\/2018\\\/10\\\/logo-conex.png\",\"contentUrl\":\"https:\\\/\\\/www.conex.net\\\/fr\\\/wp-content\\\/uploads\\\/sites\\\/2\\\/2018\\\/10\\\/logo-conex.png\",\"width\":138,\"height\":49,\"caption\":\"CONEX SAS\"},\"image\":{\"@id\":\"https:\\\/\\\/www.conex.net\\\/fr\\\/#\\\/schema\\\/logo\\\/image\\\/\"}}]}<\/script>\n<!-- \/ Yoast SEO plugin. -->","yoast_head_json":{"title":"D\u00e9finition accices - Conex France","robots":{"index":"index","follow":"follow","max-snippet":"max-snippet:-1","max-image-preview":"max-image-preview:large","max-video-preview":"max-video-preview:-1"},"canonical":"https:\/\/www.conex.net\/fr\/definition-accices\/","og_locale":"fr_FR","og_type":"article","og_title":"D\u00e9finition accices - Conex France","og_description":"Accises Droits indirects de consommation frappant certaines cat\u00e9gories de produits : les huiles min\u00e9rales, l'alcool, les boissons alcooliques, les tabacs manufactur\u00e9s. Concernant plus particuli\u00e8rement les boissons alcooliques, les droits d'accises en France sont : - Le droit de consommation sur les vins, cidres, poir\u00e9s et hydromels - Le droit de consommation sur les alcools et les produits interm\u00e9diaires - Le droit sp\u00e9cifique sur les bi\u00e8res. Notre solution logicielle Accises via conex\u2122","og_url":"https:\/\/www.conex.net\/fr\/definition-accices\/","og_site_name":"Conex France","article_modified_time":"2021-09-21T14:17:32+00:00","og_image":[{"url":"https:\/\/www.conex.net\/fr\/wp-content\/uploads\/sites\/2\/2020\/01\/ACCISESviaconex200.jpg","type":"","width":"","height":""}],"twitter_card":"summary_large_image","schema":{"@context":"https:\/\/schema.org","@graph":[{"@type":"WebPage","@id":"https:\/\/www.conex.net\/fr\/definition-accices\/","url":"https:\/\/www.conex.net\/fr\/definition-accices\/","name":"D\u00e9finition accices - Conex France","isPartOf":{"@id":"https:\/\/www.conex.net\/fr\/#website"},"primaryImageOfPage":{"@id":"https:\/\/www.conex.net\/fr\/definition-accices\/#primaryimage"},"image":{"@id":"https:\/\/www.conex.net\/fr\/definition-accices\/#primaryimage"},"thumbnailUrl":"https:\/\/www.conex.net\/fr\/wp-content\/uploads\/sites\/2\/2020\/01\/ACCISESviaconex200.jpg","datePublished":"2021-07-22T07:53:52+00:00","dateModified":"2021-09-21T14:17:32+00:00","breadcrumb":{"@id":"https:\/\/www.conex.net\/fr\/definition-accices\/#breadcrumb"},"inLanguage":"fr-FR","potentialAction":[{"@type":"ReadAction","target":["https:\/\/www.conex.net\/fr\/definition-accices\/"]}]},{"@type":"ImageObject","inLanguage":"fr-FR","@id":"https:\/\/www.conex.net\/fr\/definition-accices\/#primaryimage","url":"https:\/\/www.conex.net\/fr\/wp-content\/uploads\/sites\/2\/2020\/01\/ACCISESviaconex200.jpg","contentUrl":"https:\/\/www.conex.net\/fr\/wp-content\/uploads\/sites\/2\/2020\/01\/ACCISESviaconex200.jpg","width":233,"height":200,"caption":"ACCISES via conex"},{"@type":"BreadcrumbList","@id":"https:\/\/www.conex.net\/fr\/definition-accices\/#breadcrumb","itemListElement":[{"@type":"ListItem","position":1,"name":"Accueil","item":"https:\/\/www.conex.net\/fr\/"},{"@type":"ListItem","position":2,"name":"D\u00e9finition accices"}]},{"@type":"WebSite","@id":"https:\/\/www.conex.net\/fr\/#website","url":"https:\/\/www.conex.net\/fr\/","name":"Conex France","description":"Your customs partner - CONEX FRANCE","publisher":{"@id":"https:\/\/www.conex.net\/fr\/#organization"},"potentialAction":[{"@type":"SearchAction","target":{"@type":"EntryPoint","urlTemplate":"https:\/\/www.conex.net\/fr\/?s={search_term_string}"},"query-input":{"@type":"PropertyValueSpecification","valueRequired":true,"valueName":"search_term_string"}}],"inLanguage":"fr-FR"},{"@type":"Organization","@id":"https:\/\/www.conex.net\/fr\/#organization","name":"CONEX SAS","url":"https:\/\/www.conex.net\/fr\/","logo":{"@type":"ImageObject","inLanguage":"fr-FR","@id":"https:\/\/www.conex.net\/fr\/#\/schema\/logo\/image\/","url":"https:\/\/www.conex.net\/fr\/wp-content\/uploads\/sites\/2\/2018\/10\/logo-conex.png","contentUrl":"https:\/\/www.conex.net\/fr\/wp-content\/uploads\/sites\/2\/2018\/10\/logo-conex.png","width":138,"height":49,"caption":"CONEX SAS"},"image":{"@id":"https:\/\/www.conex.net\/fr\/#\/schema\/logo\/image\/"}}]}},"_links":{"self":[{"href":"https:\/\/www.conex.net\/fr\/wp-json\/wp\/v2\/pages\/6478","targetHints":{"allow":["GET"]}}],"collection":[{"href":"https:\/\/www.conex.net\/fr\/wp-json\/wp\/v2\/pages"}],"about":[{"href":"https:\/\/www.conex.net\/fr\/wp-json\/wp\/v2\/types\/page"}],"author":[{"embeddable":true,"href":"https:\/\/www.conex.net\/fr\/wp-json\/wp\/v2\/users\/1"}],"replies":[{"embeddable":true,"href":"https:\/\/www.conex.net\/fr\/wp-json\/wp\/v2\/comments?post=6478"}],"version-history":[{"count":18,"href":"https:\/\/www.conex.net\/fr\/wp-json\/wp\/v2\/pages\/6478\/revisions"}],"predecessor-version":[{"id":6839,"href":"https:\/\/www.conex.net\/fr\/wp-json\/wp\/v2\/pages\/6478\/revisions\/6839"}],"wp:attachment":[{"href":"https:\/\/www.conex.net\/fr\/wp-json\/wp\/v2\/media?parent=6478"}],"curies":[{"name":"wp","href":"https:\/\/api.w.org\/{rel}","templated":true}]}}