{"id":6494,"date":"2021-07-22T11:43:16","date_gmt":"2021-07-22T09:43:16","guid":{"rendered":"https:\/\/www.conex.net\/fr\/?page_id=6494"},"modified":"2021-07-22T11:48:04","modified_gmt":"2021-07-22T09:48:04","slug":"definition-nsti","status":"publish","type":"page","link":"https:\/\/www.conex.net\/fr\/definition-nsti\/","title":{"rendered":"D\u00e9finition NSTI"},"content":{"rendered":"<div id=\"pl-6494\"  class=\"panel-layout\" ><div id=\"pg-6494-0\"  class=\"panel-grid panel-no-style\" ><div id=\"pgc-6494-0-0\"  class=\"panel-grid-cell\" ><div id=\"panel-6494-0-0-0\" class=\"so-panel widget widget_sow-editor panel-first-child panel-last-child\" data-index=\"0\" ><div\n\t\t\t\n\t\t\tclass=\"so-widget-sow-editor so-widget-sow-editor-base\"\n\t\t\t\n\t\t>\n<div class=\"siteorigin-widget-tinymce textwidget\">\n\t<h1><span style=\"color: #c40000;\"><strong>NSTI<\/strong><\/span><\/h1>\n<h1><span style=\"color: #c40000;\"><strong>Nouveau syst\u00e8me de transit informatis\u00e9 <\/strong><strong>Ou : NCTS<\/strong><\/span><\/h1>\n<h4>Syst\u00e8me \u00e9lectronique d\u2019\u00e9change de donn\u00e9es constituant une d\u00e9claration de transit et destin\u00e9 \u00e0 remplacer la traditionnelle proc\u00e9dure papier, tant au sein de la Communaut\u00e9 qu\u2019au sein des pays de l\u2019AELE (Islande, Norv\u00e8ge, Suisse).<\/h4>\n<p>&nbsp;<\/p>\n<p>&nbsp;<\/p>\n<p>&nbsp;<\/p>\n<\/div>\n<\/div><\/div><\/div><\/div><\/div>","protected":false},"excerpt":{"rendered":"<p>NSTI Nouveau syst\u00e8me de transit informatis\u00e9 Ou : NCTS Syst\u00e8me \u00e9lectronique d\u2019\u00e9change de donn\u00e9es constituant une d\u00e9claration de transit et destin\u00e9 \u00e0 remplacer la traditionnelle proc\u00e9dure papier, tant au sein de la Communaut\u00e9 qu\u2019au sein des pays de l\u2019AELE (Islande, Norv\u00e8ge, Suisse). &nbsp; &nbsp; &nbsp;<\/p>\n","protected":false},"author":1,"featured_media":0,"parent":0,"menu_order":0,"comment_status":"closed","ping_status":"closed","template":"","meta":{"footnotes":""},"class_list":["post-6494","page","type-page","status-publish","hentry"],"yoast_head":"<!-- This site is optimized with the Yoast SEO plugin v27.3 - https:\/\/yoast.com\/product\/yoast-seo-wordpress\/ -->\n<title>D\u00e9finition NSTI - Conex France<\/title>\n<meta name=\"description\" content=\"Syst\u00e8me \u00e9lectronique d\u2019\u00e9change de donn\u00e9es constituant une d\u00e9claration de transit et destin\u00e9 \u00e0 remplacer la traditionnelle proc\u00e9dure papier..\" \/>\n<meta name=\"robots\" content=\"index, follow, max-snippet:-1, max-image-preview:large, max-video-preview:-1\" \/>\n<link rel=\"canonical\" href=\"https:\/\/www.conex.net\/fr\/definition-nsti\/\" \/>\n<meta property=\"og:locale\" content=\"fr_FR\" \/>\n<meta property=\"og:type\" content=\"article\" \/>\n<meta property=\"og:title\" content=\"D\u00e9finition NSTI - Conex France\" \/>\n<meta property=\"og:description\" content=\"Syst\u00e8me \u00e9lectronique d\u2019\u00e9change de donn\u00e9es constituant une d\u00e9claration de transit et destin\u00e9 \u00e0 remplacer la traditionnelle proc\u00e9dure papier..\" \/>\n<meta property=\"og:url\" content=\"https:\/\/www.conex.net\/fr\/definition-nsti\/\" \/>\n<meta property=\"og:site_name\" content=\"Conex France\" \/>\n<meta property=\"article:modified_time\" content=\"2021-07-22T09:48:04+00:00\" \/>\n<meta name=\"twitter:card\" content=\"summary_large_image\" \/>\n<script type=\"application\/ld+json\" class=\"yoast-schema-graph\">{\"@context\":\"https:\\\/\\\/schema.org\",\"@graph\":[{\"@type\":\"WebPage\",\"@id\":\"https:\\\/\\\/www.conex.net\\\/fr\\\/definition-nsti\\\/\",\"url\":\"https:\\\/\\\/www.conex.net\\\/fr\\\/definition-nsti\\\/\",\"name\":\"D\u00e9finition NSTI - Conex France\",\"isPartOf\":{\"@id\":\"https:\\\/\\\/www.conex.net\\\/fr\\\/#website\"},\"datePublished\":\"2021-07-22T09:43:16+00:00\",\"dateModified\":\"2021-07-22T09:48:04+00:00\",\"description\":\"Syst\u00e8me \u00e9lectronique d\u2019\u00e9change de donn\u00e9es constituant une d\u00e9claration de transit et destin\u00e9 \u00e0 remplacer la traditionnelle proc\u00e9dure papier..\",\"breadcrumb\":{\"@id\":\"https:\\\/\\\/www.conex.net\\\/fr\\\/definition-nsti\\\/#breadcrumb\"},\"inLanguage\":\"fr-FR\",\"potentialAction\":[{\"@type\":\"ReadAction\",\"target\":[\"https:\\\/\\\/www.conex.net\\\/fr\\\/definition-nsti\\\/\"]}]},{\"@type\":\"BreadcrumbList\",\"@id\":\"https:\\\/\\\/www.conex.net\\\/fr\\\/definition-nsti\\\/#breadcrumb\",\"itemListElement\":[{\"@type\":\"ListItem\",\"position\":1,\"name\":\"Accueil\",\"item\":\"https:\\\/\\\/www.conex.net\\\/fr\\\/\"},{\"@type\":\"ListItem\",\"position\":2,\"name\":\"D\u00e9finition NSTI\"}]},{\"@type\":\"WebSite\",\"@id\":\"https:\\\/\\\/www.conex.net\\\/fr\\\/#website\",\"url\":\"https:\\\/\\\/www.conex.net\\\/fr\\\/\",\"name\":\"Conex France\",\"description\":\"Your customs partner - CONEX FRANCE\",\"publisher\":{\"@id\":\"https:\\\/\\\/www.conex.net\\\/fr\\\/#organization\"},\"potentialAction\":[{\"@type\":\"SearchAction\",\"target\":{\"@type\":\"EntryPoint\",\"urlTemplate\":\"https:\\\/\\\/www.conex.net\\\/fr\\\/?s={search_term_string}\"},\"query-input\":{\"@type\":\"PropertyValueSpecification\",\"valueRequired\":true,\"valueName\":\"search_term_string\"}}],\"inLanguage\":\"fr-FR\"},{\"@type\":\"Organization\",\"@id\":\"https:\\\/\\\/www.conex.net\\\/fr\\\/#organization\",\"name\":\"CONEX SAS\",\"url\":\"https:\\\/\\\/www.conex.net\\\/fr\\\/\",\"logo\":{\"@type\":\"ImageObject\",\"inLanguage\":\"fr-FR\",\"@id\":\"https:\\\/\\\/www.conex.net\\\/fr\\\/#\\\/schema\\\/logo\\\/image\\\/\",\"url\":\"https:\\\/\\\/www.conex.net\\\/fr\\\/wp-content\\\/uploads\\\/sites\\\/2\\\/2018\\\/10\\\/logo-conex.png\",\"contentUrl\":\"https:\\\/\\\/www.conex.net\\\/fr\\\/wp-content\\\/uploads\\\/sites\\\/2\\\/2018\\\/10\\\/logo-conex.png\",\"width\":138,\"height\":49,\"caption\":\"CONEX SAS\"},\"image\":{\"@id\":\"https:\\\/\\\/www.conex.net\\\/fr\\\/#\\\/schema\\\/logo\\\/image\\\/\"}}]}<\/script>\n<!-- \/ Yoast SEO plugin. -->","yoast_head_json":{"title":"D\u00e9finition NSTI - Conex France","description":"Syst\u00e8me \u00e9lectronique d\u2019\u00e9change de donn\u00e9es constituant une d\u00e9claration de transit et destin\u00e9 \u00e0 remplacer la traditionnelle proc\u00e9dure papier..","robots":{"index":"index","follow":"follow","max-snippet":"max-snippet:-1","max-image-preview":"max-image-preview:large","max-video-preview":"max-video-preview:-1"},"canonical":"https:\/\/www.conex.net\/fr\/definition-nsti\/","og_locale":"fr_FR","og_type":"article","og_title":"D\u00e9finition NSTI - Conex France","og_description":"Syst\u00e8me \u00e9lectronique d\u2019\u00e9change de donn\u00e9es constituant une d\u00e9claration de transit et destin\u00e9 \u00e0 remplacer la traditionnelle proc\u00e9dure papier..","og_url":"https:\/\/www.conex.net\/fr\/definition-nsti\/","og_site_name":"Conex France","article_modified_time":"2021-07-22T09:48:04+00:00","twitter_card":"summary_large_image","schema":{"@context":"https:\/\/schema.org","@graph":[{"@type":"WebPage","@id":"https:\/\/www.conex.net\/fr\/definition-nsti\/","url":"https:\/\/www.conex.net\/fr\/definition-nsti\/","name":"D\u00e9finition NSTI - Conex France","isPartOf":{"@id":"https:\/\/www.conex.net\/fr\/#website"},"datePublished":"2021-07-22T09:43:16+00:00","dateModified":"2021-07-22T09:48:04+00:00","description":"Syst\u00e8me \u00e9lectronique d\u2019\u00e9change de donn\u00e9es constituant une d\u00e9claration de transit et destin\u00e9 \u00e0 remplacer la traditionnelle proc\u00e9dure papier..","breadcrumb":{"@id":"https:\/\/www.conex.net\/fr\/definition-nsti\/#breadcrumb"},"inLanguage":"fr-FR","potentialAction":[{"@type":"ReadAction","target":["https:\/\/www.conex.net\/fr\/definition-nsti\/"]}]},{"@type":"BreadcrumbList","@id":"https:\/\/www.conex.net\/fr\/definition-nsti\/#breadcrumb","itemListElement":[{"@type":"ListItem","position":1,"name":"Accueil","item":"https:\/\/www.conex.net\/fr\/"},{"@type":"ListItem","position":2,"name":"D\u00e9finition NSTI"}]},{"@type":"WebSite","@id":"https:\/\/www.conex.net\/fr\/#website","url":"https:\/\/www.conex.net\/fr\/","name":"Conex France","description":"Your customs partner - CONEX FRANCE","publisher":{"@id":"https:\/\/www.conex.net\/fr\/#organization"},"potentialAction":[{"@type":"SearchAction","target":{"@type":"EntryPoint","urlTemplate":"https:\/\/www.conex.net\/fr\/?s={search_term_string}"},"query-input":{"@type":"PropertyValueSpecification","valueRequired":true,"valueName":"search_term_string"}}],"inLanguage":"fr-FR"},{"@type":"Organization","@id":"https:\/\/www.conex.net\/fr\/#organization","name":"CONEX SAS","url":"https:\/\/www.conex.net\/fr\/","logo":{"@type":"ImageObject","inLanguage":"fr-FR","@id":"https:\/\/www.conex.net\/fr\/#\/schema\/logo\/image\/","url":"https:\/\/www.conex.net\/fr\/wp-content\/uploads\/sites\/2\/2018\/10\/logo-conex.png","contentUrl":"https:\/\/www.conex.net\/fr\/wp-content\/uploads\/sites\/2\/2018\/10\/logo-conex.png","width":138,"height":49,"caption":"CONEX SAS"},"image":{"@id":"https:\/\/www.conex.net\/fr\/#\/schema\/logo\/image\/"}}]}},"_links":{"self":[{"href":"https:\/\/www.conex.net\/fr\/wp-json\/wp\/v2\/pages\/6494","targetHints":{"allow":["GET"]}}],"collection":[{"href":"https:\/\/www.conex.net\/fr\/wp-json\/wp\/v2\/pages"}],"about":[{"href":"https:\/\/www.conex.net\/fr\/wp-json\/wp\/v2\/types\/page"}],"author":[{"embeddable":true,"href":"https:\/\/www.conex.net\/fr\/wp-json\/wp\/v2\/users\/1"}],"replies":[{"embeddable":true,"href":"https:\/\/www.conex.net\/fr\/wp-json\/wp\/v2\/comments?post=6494"}],"version-history":[{"count":5,"href":"https:\/\/www.conex.net\/fr\/wp-json\/wp\/v2\/pages\/6494\/revisions"}],"predecessor-version":[{"id":6499,"href":"https:\/\/www.conex.net\/fr\/wp-json\/wp\/v2\/pages\/6494\/revisions\/6499"}],"wp:attachment":[{"href":"https:\/\/www.conex.net\/fr\/wp-json\/wp\/v2\/media?parent=6494"}],"curies":[{"name":"wp","href":"https:\/\/api.w.org\/{rel}","templated":true}]}}