{"id":6500,"date":"2021-07-22T11:50:50","date_gmt":"2021-07-22T09:50:50","guid":{"rendered":"https:\/\/www.conex.net\/fr\/?page_id=6500"},"modified":"2021-07-22T11:52:17","modified_gmt":"2021-07-22T09:52:17","slug":"definition-perfectionnement-actif","status":"publish","type":"page","link":"https:\/\/www.conex.net\/fr\/definition-perfectionnement-actif\/","title":{"rendered":"D\u00e9finition perfectionnement actif"},"content":{"rendered":"<div id=\"pl-6500\"  class=\"panel-layout\" ><div id=\"pg-6500-0\"  class=\"panel-grid panel-no-style\" ><div id=\"pgc-6500-0-0\"  class=\"panel-grid-cell\" ><div id=\"panel-6500-0-0-0\" class=\"so-panel widget widget_sow-editor panel-first-child panel-last-child\" data-index=\"0\" ><div\n\t\t\t\n\t\t\tclass=\"so-widget-sow-editor so-widget-sow-editor-base\"\n\t\t\t\n\t\t>\n<div class=\"siteorigin-widget-tinymce textwidget\">\n\t<h1><span style=\"color: #c40000;\"><strong>Perfectionnement actif<\/strong><\/span><\/h1>\n<h4><span style=\"color: #333333;\">R\u00e9gime \u00e9conomique qui permet d\u2019importer temporairement des marchandises tierces (mati\u00e8res premi\u00e8res, mat\u00e9riels ou pi\u00e8ces d\u00e9tach\u00e9es) dans le territoire douanier de la Communaut\u00e9 pour les transformer, les ouvrer, les r\u00e9parer, les monter ou les incorporer \u00e0 d\u2019autres fabrications puis de r\u00e9exporter les produits obtenus (produits finis) en b\u00e9n\u00e9ficiant d\u2019une exon\u00e9ration de droits et taxes et \/ ou de mesures de contr\u00f4le de politique commerciale normalement applicables aux marchandises import\u00e9es.<\/span><\/h4>\n<h4><strong><span style=\"color: #333333;\">Cette exon\u00e9ration peut \u00eatre acquise selon deux formules :<\/span><\/strong><\/h4>\n<ul>\n<li>\n<h4><span style=\"color: #333333;\"><strong>le syst\u00e8me de la suspension :<\/strong><br \/>\n<\/span><span style=\"color: #333333;\">ce r\u00e9gime est pr\u00e9vu pour les marchandises dont la r\u00e9exportation en dehors de la CE est certaine d\u00e8s le moment de leur importation. Les diverses impositions et mesures de politique commerciale sont alors suspendues sous r\u00e9serve de la r\u00e9exportation ult\u00e9rieure des produits obtenus sous le r\u00e9gime<\/span><\/h4>\n<\/li>\n<li>\n<h4><span style=\"color: #333333;\"><strong>le syst\u00e8me du rembours :<\/strong><br \/>\nil est conseill\u00e9 d\u2019utiliser ce r\u00e9gime si la r\u00e9exportation des marchandises n\u2019est que partielle ou soumise \u00e0 des al\u00e9as difficilement ma\u00eetrisables. Les droits sont alors per\u00e7us \u00e0 l\u2019importation, puis rembours\u00e9s, lors de la r\u00e9exportation des produits compensateurs.<\/span><\/h4>\n<\/li>\n<\/ul>\n<\/div>\n<\/div><\/div><\/div><\/div><\/div>","protected":false},"excerpt":{"rendered":"<p>Perfectionnement actif R\u00e9gime \u00e9conomique qui permet d\u2019importer temporairement des marchandises tierces (mati\u00e8res premi\u00e8res, mat\u00e9riels ou pi\u00e8ces d\u00e9tach\u00e9es) dans le territoire douanier de la Communaut\u00e9 pour les transformer, les ouvrer, les r\u00e9parer, les monter ou les incorporer \u00e0 d\u2019autres fabrications puis de r\u00e9exporter les produits obtenus (produits finis) en b\u00e9n\u00e9ficiant d\u2019une exon\u00e9ration de droits et taxes et \/ ou de mesures de contr\u00f4le de politique commerciale normalement applicables aux marchandises import\u00e9es. Cette exon\u00e9ration peut \u00eatre acquise [&hellip;]<\/p>\n","protected":false},"author":1,"featured_media":0,"parent":0,"menu_order":0,"comment_status":"closed","ping_status":"closed","template":"","meta":{"footnotes":""},"class_list":["post-6500","page","type-page","status-publish","hentry"],"yoast_head":"<!-- This site is optimized with the Yoast SEO plugin v27.3 - https:\/\/yoast.com\/product\/yoast-seo-wordpress\/ -->\n<title>D\u00e9finition perfectionnement actif - Conex France<\/title>\n<meta name=\"description\" content=\"R\u00e9gime \u00e9conomique qui permet d\u2019importer temporairement des marchandises tierces dans le territoire douanier de la Communaut\u00e9 pour les transformer...\" \/>\n<meta name=\"robots\" content=\"index, follow, max-snippet:-1, max-image-preview:large, max-video-preview:-1\" \/>\n<link rel=\"canonical\" href=\"https:\/\/www.conex.net\/fr\/definition-perfectionnement-actif\/\" \/>\n<meta property=\"og:locale\" content=\"fr_FR\" \/>\n<meta property=\"og:type\" content=\"article\" \/>\n<meta property=\"og:title\" content=\"D\u00e9finition perfectionnement actif - Conex France\" \/>\n<meta property=\"og:description\" content=\"R\u00e9gime \u00e9conomique qui permet d\u2019importer temporairement des marchandises tierces dans le territoire douanier de la Communaut\u00e9 pour les transformer...\" \/>\n<meta property=\"og:url\" content=\"https:\/\/www.conex.net\/fr\/definition-perfectionnement-actif\/\" \/>\n<meta property=\"og:site_name\" content=\"Conex France\" \/>\n<meta property=\"article:modified_time\" content=\"2021-07-22T09:52:17+00:00\" \/>\n<meta name=\"twitter:card\" content=\"summary_large_image\" \/>\n<meta name=\"twitter:label1\" content=\"Dur\u00e9e de lecture estim\u00e9e\" \/>\n\t<meta name=\"twitter:data1\" content=\"1 minute\" \/>\n<script type=\"application\/ld+json\" class=\"yoast-schema-graph\">{\"@context\":\"https:\\\/\\\/schema.org\",\"@graph\":[{\"@type\":\"WebPage\",\"@id\":\"https:\\\/\\\/www.conex.net\\\/fr\\\/definition-perfectionnement-actif\\\/\",\"url\":\"https:\\\/\\\/www.conex.net\\\/fr\\\/definition-perfectionnement-actif\\\/\",\"name\":\"D\u00e9finition perfectionnement actif - Conex France\",\"isPartOf\":{\"@id\":\"https:\\\/\\\/www.conex.net\\\/fr\\\/#website\"},\"datePublished\":\"2021-07-22T09:50:50+00:00\",\"dateModified\":\"2021-07-22T09:52:17+00:00\",\"description\":\"R\u00e9gime \u00e9conomique qui permet d\u2019importer temporairement des marchandises tierces dans le territoire douanier de la Communaut\u00e9 pour les transformer...\",\"breadcrumb\":{\"@id\":\"https:\\\/\\\/www.conex.net\\\/fr\\\/definition-perfectionnement-actif\\\/#breadcrumb\"},\"inLanguage\":\"fr-FR\",\"potentialAction\":[{\"@type\":\"ReadAction\",\"target\":[\"https:\\\/\\\/www.conex.net\\\/fr\\\/definition-perfectionnement-actif\\\/\"]}]},{\"@type\":\"BreadcrumbList\",\"@id\":\"https:\\\/\\\/www.conex.net\\\/fr\\\/definition-perfectionnement-actif\\\/#breadcrumb\",\"itemListElement\":[{\"@type\":\"ListItem\",\"position\":1,\"name\":\"Accueil\",\"item\":\"https:\\\/\\\/www.conex.net\\\/fr\\\/\"},{\"@type\":\"ListItem\",\"position\":2,\"name\":\"D\u00e9finition perfectionnement actif\"}]},{\"@type\":\"WebSite\",\"@id\":\"https:\\\/\\\/www.conex.net\\\/fr\\\/#website\",\"url\":\"https:\\\/\\\/www.conex.net\\\/fr\\\/\",\"name\":\"Conex France\",\"description\":\"Your customs partner - CONEX FRANCE\",\"publisher\":{\"@id\":\"https:\\\/\\\/www.conex.net\\\/fr\\\/#organization\"},\"potentialAction\":[{\"@type\":\"SearchAction\",\"target\":{\"@type\":\"EntryPoint\",\"urlTemplate\":\"https:\\\/\\\/www.conex.net\\\/fr\\\/?s={search_term_string}\"},\"query-input\":{\"@type\":\"PropertyValueSpecification\",\"valueRequired\":true,\"valueName\":\"search_term_string\"}}],\"inLanguage\":\"fr-FR\"},{\"@type\":\"Organization\",\"@id\":\"https:\\\/\\\/www.conex.net\\\/fr\\\/#organization\",\"name\":\"CONEX SAS\",\"url\":\"https:\\\/\\\/www.conex.net\\\/fr\\\/\",\"logo\":{\"@type\":\"ImageObject\",\"inLanguage\":\"fr-FR\",\"@id\":\"https:\\\/\\\/www.conex.net\\\/fr\\\/#\\\/schema\\\/logo\\\/image\\\/\",\"url\":\"https:\\\/\\\/www.conex.net\\\/fr\\\/wp-content\\\/uploads\\\/sites\\\/2\\\/2018\\\/10\\\/logo-conex.png\",\"contentUrl\":\"https:\\\/\\\/www.conex.net\\\/fr\\\/wp-content\\\/uploads\\\/sites\\\/2\\\/2018\\\/10\\\/logo-conex.png\",\"width\":138,\"height\":49,\"caption\":\"CONEX SAS\"},\"image\":{\"@id\":\"https:\\\/\\\/www.conex.net\\\/fr\\\/#\\\/schema\\\/logo\\\/image\\\/\"}}]}<\/script>\n<!-- \/ Yoast SEO plugin. -->","yoast_head_json":{"title":"D\u00e9finition perfectionnement actif - Conex France","description":"R\u00e9gime \u00e9conomique qui permet d\u2019importer temporairement des marchandises tierces dans le territoire douanier de la Communaut\u00e9 pour les transformer...","robots":{"index":"index","follow":"follow","max-snippet":"max-snippet:-1","max-image-preview":"max-image-preview:large","max-video-preview":"max-video-preview:-1"},"canonical":"https:\/\/www.conex.net\/fr\/definition-perfectionnement-actif\/","og_locale":"fr_FR","og_type":"article","og_title":"D\u00e9finition perfectionnement actif - Conex France","og_description":"R\u00e9gime \u00e9conomique qui permet d\u2019importer temporairement des marchandises tierces dans le territoire douanier de la Communaut\u00e9 pour les transformer...","og_url":"https:\/\/www.conex.net\/fr\/definition-perfectionnement-actif\/","og_site_name":"Conex France","article_modified_time":"2021-07-22T09:52:17+00:00","twitter_card":"summary_large_image","twitter_misc":{"Dur\u00e9e de lecture estim\u00e9e":"1 minute"},"schema":{"@context":"https:\/\/schema.org","@graph":[{"@type":"WebPage","@id":"https:\/\/www.conex.net\/fr\/definition-perfectionnement-actif\/","url":"https:\/\/www.conex.net\/fr\/definition-perfectionnement-actif\/","name":"D\u00e9finition perfectionnement actif - Conex France","isPartOf":{"@id":"https:\/\/www.conex.net\/fr\/#website"},"datePublished":"2021-07-22T09:50:50+00:00","dateModified":"2021-07-22T09:52:17+00:00","description":"R\u00e9gime \u00e9conomique qui permet d\u2019importer temporairement des marchandises tierces dans le territoire douanier de la Communaut\u00e9 pour les transformer...","breadcrumb":{"@id":"https:\/\/www.conex.net\/fr\/definition-perfectionnement-actif\/#breadcrumb"},"inLanguage":"fr-FR","potentialAction":[{"@type":"ReadAction","target":["https:\/\/www.conex.net\/fr\/definition-perfectionnement-actif\/"]}]},{"@type":"BreadcrumbList","@id":"https:\/\/www.conex.net\/fr\/definition-perfectionnement-actif\/#breadcrumb","itemListElement":[{"@type":"ListItem","position":1,"name":"Accueil","item":"https:\/\/www.conex.net\/fr\/"},{"@type":"ListItem","position":2,"name":"D\u00e9finition perfectionnement actif"}]},{"@type":"WebSite","@id":"https:\/\/www.conex.net\/fr\/#website","url":"https:\/\/www.conex.net\/fr\/","name":"Conex France","description":"Your customs partner - CONEX FRANCE","publisher":{"@id":"https:\/\/www.conex.net\/fr\/#organization"},"potentialAction":[{"@type":"SearchAction","target":{"@type":"EntryPoint","urlTemplate":"https:\/\/www.conex.net\/fr\/?s={search_term_string}"},"query-input":{"@type":"PropertyValueSpecification","valueRequired":true,"valueName":"search_term_string"}}],"inLanguage":"fr-FR"},{"@type":"Organization","@id":"https:\/\/www.conex.net\/fr\/#organization","name":"CONEX SAS","url":"https:\/\/www.conex.net\/fr\/","logo":{"@type":"ImageObject","inLanguage":"fr-FR","@id":"https:\/\/www.conex.net\/fr\/#\/schema\/logo\/image\/","url":"https:\/\/www.conex.net\/fr\/wp-content\/uploads\/sites\/2\/2018\/10\/logo-conex.png","contentUrl":"https:\/\/www.conex.net\/fr\/wp-content\/uploads\/sites\/2\/2018\/10\/logo-conex.png","width":138,"height":49,"caption":"CONEX SAS"},"image":{"@id":"https:\/\/www.conex.net\/fr\/#\/schema\/logo\/image\/"}}]}},"_links":{"self":[{"href":"https:\/\/www.conex.net\/fr\/wp-json\/wp\/v2\/pages\/6500","targetHints":{"allow":["GET"]}}],"collection":[{"href":"https:\/\/www.conex.net\/fr\/wp-json\/wp\/v2\/pages"}],"about":[{"href":"https:\/\/www.conex.net\/fr\/wp-json\/wp\/v2\/types\/page"}],"author":[{"embeddable":true,"href":"https:\/\/www.conex.net\/fr\/wp-json\/wp\/v2\/users\/1"}],"replies":[{"embeddable":true,"href":"https:\/\/www.conex.net\/fr\/wp-json\/wp\/v2\/comments?post=6500"}],"version-history":[{"count":3,"href":"https:\/\/www.conex.net\/fr\/wp-json\/wp\/v2\/pages\/6500\/revisions"}],"predecessor-version":[{"id":6503,"href":"https:\/\/www.conex.net\/fr\/wp-json\/wp\/v2\/pages\/6500\/revisions\/6503"}],"wp:attachment":[{"href":"https:\/\/www.conex.net\/fr\/wp-json\/wp\/v2\/media?parent=6500"}],"curies":[{"name":"wp","href":"https:\/\/api.w.org\/{rel}","templated":true}]}}