{"id":6504,"date":"2021-07-22T11:56:48","date_gmt":"2021-07-22T09:56:48","guid":{"rendered":"https:\/\/www.conex.net\/fr\/?page_id=6504"},"modified":"2021-07-22T11:56:48","modified_gmt":"2021-07-22T09:56:48","slug":"definition-regimes-douaniers","status":"publish","type":"page","link":"https:\/\/www.conex.net\/fr\/definition-regimes-douaniers\/","title":{"rendered":"D\u00e9finition r\u00e9gimes douaniers"},"content":{"rendered":"<div id=\"pl-6504\"  class=\"panel-layout\" ><div id=\"pg-6504-0\"  class=\"panel-grid panel-no-style\" ><div id=\"pgc-6504-0-0\"  class=\"panel-grid-cell\" ><div id=\"panel-6504-0-0-0\" class=\"so-panel widget widget_sow-editor panel-first-child panel-last-child\" data-index=\"0\" ><div\n\t\t\t\n\t\t\tclass=\"so-widget-sow-editor so-widget-sow-editor-base\"\n\t\t\t\n\t\t>\n<div class=\"siteorigin-widget-tinymce textwidget\">\n\t<h1><span style=\"color: #c40000;\"><strong>R\u00e9gimes douaniers<\/strong><\/span><\/h1>\n<h4><strong><span style=\"color: #333333;\">Le code des douanes communautaire pr\u00e9voit 8 r\u00e9gimes douaniers :<\/span><\/strong><\/h4>\n<ul>\n<li>\n<h4><span style=\"color: #333333;\">la mise en libre pratique,<\/span><\/h4>\n<\/li>\n<li>\n<h4><span style=\"color: #333333;\">le transit,<\/span><\/h4>\n<\/li>\n<li>\n<h4><span style=\"color: #333333;\">l\u2019entrep\u00f4t douanier,<\/span><\/h4>\n<\/li>\n<li>\n<h4><span style=\"color: #333333;\">le perfectionnement actif,<\/span><\/h4>\n<\/li>\n<li>\n<h4><span style=\"color: #333333;\">la transformation sous douane,<\/span><\/h4>\n<\/li>\n<li>\n<h4><span style=\"color: #333333;\">l\u2019admission temporaire,<\/span><\/h4>\n<\/li>\n<li>\n<h4><span style=\"color: #333333;\">le perfectionnement passif,<\/span><\/h4>\n<\/li>\n<li>\n<h4><span style=\"color: #333333;\">l\u2019exportation.<\/span><\/h4>\n<\/li>\n<\/ul>\n<\/div>\n<\/div><\/div><\/div><\/div><\/div>","protected":false},"excerpt":{"rendered":"<p>R\u00e9gimes douaniers Le code des douanes communautaire pr\u00e9voit 8 r\u00e9gimes douaniers : la mise en libre pratique, le transit, l\u2019entrep\u00f4t douanier, le perfectionnement actif, la transformation sous douane, l\u2019admission temporaire, le perfectionnement passif, l\u2019exportation.<\/p>\n","protected":false},"author":1,"featured_media":0,"parent":0,"menu_order":0,"comment_status":"closed","ping_status":"closed","template":"","meta":{"footnotes":""},"class_list":["post-6504","page","type-page","status-publish","hentry"],"yoast_head":"<!-- This site is optimized with the Yoast SEO plugin v27.4 - https:\/\/yoast.com\/product\/yoast-seo-wordpress\/ -->\n<title>D\u00e9finition r\u00e9gimes douaniers - Conex France<\/title>\n<meta name=\"description\" content=\"R\u00e9gimes douaniers - Le code des douanes communautaire pr\u00e9voit 8 r\u00e9gimes douaniers\" \/>\n<meta name=\"robots\" content=\"index, follow, max-snippet:-1, max-image-preview:large, max-video-preview:-1\" \/>\n<link rel=\"canonical\" href=\"https:\/\/www.conex.net\/fr\/definition-regimes-douaniers\/\" \/>\n<meta property=\"og:locale\" content=\"fr_FR\" \/>\n<meta property=\"og:type\" content=\"article\" \/>\n<meta property=\"og:title\" content=\"D\u00e9finition r\u00e9gimes douaniers - Conex France\" \/>\n<meta property=\"og:description\" content=\"R\u00e9gimes douaniers - Le code des douanes communautaire pr\u00e9voit 8 r\u00e9gimes douaniers\" \/>\n<meta property=\"og:url\" content=\"https:\/\/www.conex.net\/fr\/definition-regimes-douaniers\/\" \/>\n<meta property=\"og:site_name\" content=\"Conex France\" \/>\n<meta name=\"twitter:card\" content=\"summary_large_image\" \/>\n<script type=\"application\/ld+json\" class=\"yoast-schema-graph\">{\"@context\":\"https:\\\/\\\/schema.org\",\"@graph\":[{\"@type\":\"WebPage\",\"@id\":\"https:\\\/\\\/www.conex.net\\\/fr\\\/definition-regimes-douaniers\\\/\",\"url\":\"https:\\\/\\\/www.conex.net\\\/fr\\\/definition-regimes-douaniers\\\/\",\"name\":\"D\u00e9finition r\u00e9gimes douaniers - Conex France\",\"isPartOf\":{\"@id\":\"https:\\\/\\\/www.conex.net\\\/fr\\\/#website\"},\"datePublished\":\"2021-07-22T09:56:48+00:00\",\"description\":\"R\u00e9gimes douaniers - Le code des douanes communautaire pr\u00e9voit 8 r\u00e9gimes douaniers\",\"breadcrumb\":{\"@id\":\"https:\\\/\\\/www.conex.net\\\/fr\\\/definition-regimes-douaniers\\\/#breadcrumb\"},\"inLanguage\":\"fr-FR\",\"potentialAction\":[{\"@type\":\"ReadAction\",\"target\":[\"https:\\\/\\\/www.conex.net\\\/fr\\\/definition-regimes-douaniers\\\/\"]}]},{\"@type\":\"BreadcrumbList\",\"@id\":\"https:\\\/\\\/www.conex.net\\\/fr\\\/definition-regimes-douaniers\\\/#breadcrumb\",\"itemListElement\":[{\"@type\":\"ListItem\",\"position\":1,\"name\":\"Accueil\",\"item\":\"https:\\\/\\\/www.conex.net\\\/fr\\\/\"},{\"@type\":\"ListItem\",\"position\":2,\"name\":\"D\u00e9finition r\u00e9gimes douaniers\"}]},{\"@type\":\"WebSite\",\"@id\":\"https:\\\/\\\/www.conex.net\\\/fr\\\/#website\",\"url\":\"https:\\\/\\\/www.conex.net\\\/fr\\\/\",\"name\":\"Conex France\",\"description\":\"Your customs partner - CONEX FRANCE\",\"publisher\":{\"@id\":\"https:\\\/\\\/www.conex.net\\\/fr\\\/#organization\"},\"potentialAction\":[{\"@type\":\"SearchAction\",\"target\":{\"@type\":\"EntryPoint\",\"urlTemplate\":\"https:\\\/\\\/www.conex.net\\\/fr\\\/?s={search_term_string}\"},\"query-input\":{\"@type\":\"PropertyValueSpecification\",\"valueRequired\":true,\"valueName\":\"search_term_string\"}}],\"inLanguage\":\"fr-FR\"},{\"@type\":\"Organization\",\"@id\":\"https:\\\/\\\/www.conex.net\\\/fr\\\/#organization\",\"name\":\"CONEX SAS\",\"url\":\"https:\\\/\\\/www.conex.net\\\/fr\\\/\",\"logo\":{\"@type\":\"ImageObject\",\"inLanguage\":\"fr-FR\",\"@id\":\"https:\\\/\\\/www.conex.net\\\/fr\\\/#\\\/schema\\\/logo\\\/image\\\/\",\"url\":\"https:\\\/\\\/www.conex.net\\\/fr\\\/wp-content\\\/uploads\\\/sites\\\/2\\\/2018\\\/10\\\/logo-conex.png\",\"contentUrl\":\"https:\\\/\\\/www.conex.net\\\/fr\\\/wp-content\\\/uploads\\\/sites\\\/2\\\/2018\\\/10\\\/logo-conex.png\",\"width\":138,\"height\":49,\"caption\":\"CONEX SAS\"},\"image\":{\"@id\":\"https:\\\/\\\/www.conex.net\\\/fr\\\/#\\\/schema\\\/logo\\\/image\\\/\"}}]}<\/script>\n<!-- \/ Yoast SEO plugin. -->","yoast_head_json":{"title":"D\u00e9finition r\u00e9gimes douaniers - Conex France","description":"R\u00e9gimes douaniers - Le code des douanes communautaire pr\u00e9voit 8 r\u00e9gimes douaniers","robots":{"index":"index","follow":"follow","max-snippet":"max-snippet:-1","max-image-preview":"max-image-preview:large","max-video-preview":"max-video-preview:-1"},"canonical":"https:\/\/www.conex.net\/fr\/definition-regimes-douaniers\/","og_locale":"fr_FR","og_type":"article","og_title":"D\u00e9finition r\u00e9gimes douaniers - Conex France","og_description":"R\u00e9gimes douaniers - Le code des douanes communautaire pr\u00e9voit 8 r\u00e9gimes douaniers","og_url":"https:\/\/www.conex.net\/fr\/definition-regimes-douaniers\/","og_site_name":"Conex France","twitter_card":"summary_large_image","schema":{"@context":"https:\/\/schema.org","@graph":[{"@type":"WebPage","@id":"https:\/\/www.conex.net\/fr\/definition-regimes-douaniers\/","url":"https:\/\/www.conex.net\/fr\/definition-regimes-douaniers\/","name":"D\u00e9finition r\u00e9gimes douaniers - Conex France","isPartOf":{"@id":"https:\/\/www.conex.net\/fr\/#website"},"datePublished":"2021-07-22T09:56:48+00:00","description":"R\u00e9gimes douaniers - Le code des douanes communautaire pr\u00e9voit 8 r\u00e9gimes douaniers","breadcrumb":{"@id":"https:\/\/www.conex.net\/fr\/definition-regimes-douaniers\/#breadcrumb"},"inLanguage":"fr-FR","potentialAction":[{"@type":"ReadAction","target":["https:\/\/www.conex.net\/fr\/definition-regimes-douaniers\/"]}]},{"@type":"BreadcrumbList","@id":"https:\/\/www.conex.net\/fr\/definition-regimes-douaniers\/#breadcrumb","itemListElement":[{"@type":"ListItem","position":1,"name":"Accueil","item":"https:\/\/www.conex.net\/fr\/"},{"@type":"ListItem","position":2,"name":"D\u00e9finition r\u00e9gimes douaniers"}]},{"@type":"WebSite","@id":"https:\/\/www.conex.net\/fr\/#website","url":"https:\/\/www.conex.net\/fr\/","name":"Conex France","description":"Your customs partner - CONEX FRANCE","publisher":{"@id":"https:\/\/www.conex.net\/fr\/#organization"},"potentialAction":[{"@type":"SearchAction","target":{"@type":"EntryPoint","urlTemplate":"https:\/\/www.conex.net\/fr\/?s={search_term_string}"},"query-input":{"@type":"PropertyValueSpecification","valueRequired":true,"valueName":"search_term_string"}}],"inLanguage":"fr-FR"},{"@type":"Organization","@id":"https:\/\/www.conex.net\/fr\/#organization","name":"CONEX SAS","url":"https:\/\/www.conex.net\/fr\/","logo":{"@type":"ImageObject","inLanguage":"fr-FR","@id":"https:\/\/www.conex.net\/fr\/#\/schema\/logo\/image\/","url":"https:\/\/www.conex.net\/fr\/wp-content\/uploads\/sites\/2\/2018\/10\/logo-conex.png","contentUrl":"https:\/\/www.conex.net\/fr\/wp-content\/uploads\/sites\/2\/2018\/10\/logo-conex.png","width":138,"height":49,"caption":"CONEX SAS"},"image":{"@id":"https:\/\/www.conex.net\/fr\/#\/schema\/logo\/image\/"}}]}},"_links":{"self":[{"href":"https:\/\/www.conex.net\/fr\/wp-json\/wp\/v2\/pages\/6504","targetHints":{"allow":["GET"]}}],"collection":[{"href":"https:\/\/www.conex.net\/fr\/wp-json\/wp\/v2\/pages"}],"about":[{"href":"https:\/\/www.conex.net\/fr\/wp-json\/wp\/v2\/types\/page"}],"author":[{"embeddable":true,"href":"https:\/\/www.conex.net\/fr\/wp-json\/wp\/v2\/users\/1"}],"replies":[{"embeddable":true,"href":"https:\/\/www.conex.net\/fr\/wp-json\/wp\/v2\/comments?post=6504"}],"version-history":[{"count":1,"href":"https:\/\/www.conex.net\/fr\/wp-json\/wp\/v2\/pages\/6504\/revisions"}],"predecessor-version":[{"id":6505,"href":"https:\/\/www.conex.net\/fr\/wp-json\/wp\/v2\/pages\/6504\/revisions\/6505"}],"wp:attachment":[{"href":"https:\/\/www.conex.net\/fr\/wp-json\/wp\/v2\/media?parent=6504"}],"curies":[{"name":"wp","href":"https:\/\/api.w.org\/{rel}","templated":true}]}}