{"id":6509,"date":"2021-07-22T14:22:09","date_gmt":"2021-07-22T12:22:09","guid":{"rendered":"https:\/\/www.conex.net\/fr\/?page_id=6509"},"modified":"2021-07-22T14:22:55","modified_gmt":"2021-07-22T12:22:55","slug":"definition-perfectionnement-passif","status":"publish","type":"page","link":"https:\/\/www.conex.net\/fr\/definition-perfectionnement-passif\/","title":{"rendered":"D\u00e9finition perfectionnement passif"},"content":{"rendered":"<div id=\"pl-6509\"  class=\"panel-layout\" ><div id=\"pg-6509-0\"  class=\"panel-grid panel-no-style\" ><div id=\"pgc-6509-0-0\"  class=\"panel-grid-cell\" ><div id=\"panel-6509-0-0-0\" class=\"so-panel widget widget_sow-editor panel-first-child panel-last-child\" data-index=\"0\" ><div\n\t\t\t\n\t\t\tclass=\"so-widget-sow-editor so-widget-sow-editor-base\"\n\t\t\t\n\t\t>\n<div class=\"siteorigin-widget-tinymce textwidget\">\n\t<h1><span style=\"color: #c70000;\"><strong>Perfectionnement passif<\/strong><\/span><\/h1>\n<h4><span style=\"color: #333333;\">R\u00e9gime \u00e9conomique qui permet d\u2019exporter temporairement des marchandises communautaires, en dehors du territoire douanier de la Communaut\u00e9, en vue de les faire ouvrer, monter, transformer, r\u00e9parer, puis de r\u00e9importer les produits r\u00e9sultant de ces op\u00e9rations, en exon\u00e9ration totale ou partielle des droits et taxes.<\/span><\/h4>\n<\/div>\n<\/div><\/div><\/div><\/div><\/div>","protected":false},"excerpt":{"rendered":"<p>Perfectionnement passif R\u00e9gime \u00e9conomique qui permet d\u2019exporter temporairement des marchandises communautaires, en dehors du territoire douanier de la Communaut\u00e9, en vue de les faire ouvrer, monter, transformer, r\u00e9parer, puis de r\u00e9importer les produits r\u00e9sultant de ces op\u00e9rations, en exon\u00e9ration totale ou partielle des droits et taxes.<\/p>\n","protected":false},"author":1,"featured_media":0,"parent":0,"menu_order":0,"comment_status":"closed","ping_status":"closed","template":"","meta":{"footnotes":""},"class_list":["post-6509","page","type-page","status-publish","hentry"],"yoast_head":"<!-- This site is optimized with the Yoast SEO plugin v27.4 - https:\/\/yoast.com\/product\/yoast-seo-wordpress\/ -->\n<title>D\u00e9finition perfectionnement passif - Conex France<\/title>\n<meta name=\"description\" content=\"Perfectionnement passif R\u00e9gime \u00e9conomique qui permet d\u2019exporter temporairement des marchandises communautaires, en dehors du territoire...\" \/>\n<meta name=\"robots\" content=\"index, follow, max-snippet:-1, max-image-preview:large, max-video-preview:-1\" \/>\n<link rel=\"canonical\" href=\"https:\/\/www.conex.net\/fr\/definition-perfectionnement-passif\/\" \/>\n<meta property=\"og:locale\" content=\"fr_FR\" \/>\n<meta property=\"og:type\" content=\"article\" \/>\n<meta property=\"og:title\" content=\"D\u00e9finition perfectionnement passif - Conex France\" \/>\n<meta property=\"og:description\" content=\"Perfectionnement passif R\u00e9gime \u00e9conomique qui permet d\u2019exporter temporairement des marchandises communautaires, en dehors du territoire...\" \/>\n<meta property=\"og:url\" content=\"https:\/\/www.conex.net\/fr\/definition-perfectionnement-passif\/\" \/>\n<meta property=\"og:site_name\" content=\"Conex France\" \/>\n<meta property=\"article:modified_time\" content=\"2021-07-22T12:22:55+00:00\" \/>\n<meta name=\"twitter:card\" content=\"summary_large_image\" \/>\n<script type=\"application\/ld+json\" class=\"yoast-schema-graph\">{\"@context\":\"https:\\\/\\\/schema.org\",\"@graph\":[{\"@type\":\"WebPage\",\"@id\":\"https:\\\/\\\/www.conex.net\\\/fr\\\/definition-perfectionnement-passif\\\/\",\"url\":\"https:\\\/\\\/www.conex.net\\\/fr\\\/definition-perfectionnement-passif\\\/\",\"name\":\"D\u00e9finition perfectionnement passif - Conex France\",\"isPartOf\":{\"@id\":\"https:\\\/\\\/www.conex.net\\\/fr\\\/#website\"},\"datePublished\":\"2021-07-22T12:22:09+00:00\",\"dateModified\":\"2021-07-22T12:22:55+00:00\",\"description\":\"Perfectionnement passif R\u00e9gime \u00e9conomique qui permet d\u2019exporter temporairement des marchandises communautaires, en dehors du territoire...\",\"breadcrumb\":{\"@id\":\"https:\\\/\\\/www.conex.net\\\/fr\\\/definition-perfectionnement-passif\\\/#breadcrumb\"},\"inLanguage\":\"fr-FR\",\"potentialAction\":[{\"@type\":\"ReadAction\",\"target\":[\"https:\\\/\\\/www.conex.net\\\/fr\\\/definition-perfectionnement-passif\\\/\"]}]},{\"@type\":\"BreadcrumbList\",\"@id\":\"https:\\\/\\\/www.conex.net\\\/fr\\\/definition-perfectionnement-passif\\\/#breadcrumb\",\"itemListElement\":[{\"@type\":\"ListItem\",\"position\":1,\"name\":\"Accueil\",\"item\":\"https:\\\/\\\/www.conex.net\\\/fr\\\/\"},{\"@type\":\"ListItem\",\"position\":2,\"name\":\"D\u00e9finition perfectionnement passif\"}]},{\"@type\":\"WebSite\",\"@id\":\"https:\\\/\\\/www.conex.net\\\/fr\\\/#website\",\"url\":\"https:\\\/\\\/www.conex.net\\\/fr\\\/\",\"name\":\"Conex France\",\"description\":\"Your customs partner - CONEX FRANCE\",\"publisher\":{\"@id\":\"https:\\\/\\\/www.conex.net\\\/fr\\\/#organization\"},\"potentialAction\":[{\"@type\":\"SearchAction\",\"target\":{\"@type\":\"EntryPoint\",\"urlTemplate\":\"https:\\\/\\\/www.conex.net\\\/fr\\\/?s={search_term_string}\"},\"query-input\":{\"@type\":\"PropertyValueSpecification\",\"valueRequired\":true,\"valueName\":\"search_term_string\"}}],\"inLanguage\":\"fr-FR\"},{\"@type\":\"Organization\",\"@id\":\"https:\\\/\\\/www.conex.net\\\/fr\\\/#organization\",\"name\":\"CONEX SAS\",\"url\":\"https:\\\/\\\/www.conex.net\\\/fr\\\/\",\"logo\":{\"@type\":\"ImageObject\",\"inLanguage\":\"fr-FR\",\"@id\":\"https:\\\/\\\/www.conex.net\\\/fr\\\/#\\\/schema\\\/logo\\\/image\\\/\",\"url\":\"https:\\\/\\\/www.conex.net\\\/fr\\\/wp-content\\\/uploads\\\/sites\\\/2\\\/2018\\\/10\\\/logo-conex.png\",\"contentUrl\":\"https:\\\/\\\/www.conex.net\\\/fr\\\/wp-content\\\/uploads\\\/sites\\\/2\\\/2018\\\/10\\\/logo-conex.png\",\"width\":138,\"height\":49,\"caption\":\"CONEX SAS\"},\"image\":{\"@id\":\"https:\\\/\\\/www.conex.net\\\/fr\\\/#\\\/schema\\\/logo\\\/image\\\/\"}}]}<\/script>\n<!-- \/ Yoast SEO plugin. -->","yoast_head_json":{"title":"D\u00e9finition perfectionnement passif - Conex France","description":"Perfectionnement passif R\u00e9gime \u00e9conomique qui permet d\u2019exporter temporairement des marchandises communautaires, en dehors du territoire...","robots":{"index":"index","follow":"follow","max-snippet":"max-snippet:-1","max-image-preview":"max-image-preview:large","max-video-preview":"max-video-preview:-1"},"canonical":"https:\/\/www.conex.net\/fr\/definition-perfectionnement-passif\/","og_locale":"fr_FR","og_type":"article","og_title":"D\u00e9finition perfectionnement passif - Conex France","og_description":"Perfectionnement passif R\u00e9gime \u00e9conomique qui permet d\u2019exporter temporairement des marchandises communautaires, en dehors du territoire...","og_url":"https:\/\/www.conex.net\/fr\/definition-perfectionnement-passif\/","og_site_name":"Conex France","article_modified_time":"2021-07-22T12:22:55+00:00","twitter_card":"summary_large_image","schema":{"@context":"https:\/\/schema.org","@graph":[{"@type":"WebPage","@id":"https:\/\/www.conex.net\/fr\/definition-perfectionnement-passif\/","url":"https:\/\/www.conex.net\/fr\/definition-perfectionnement-passif\/","name":"D\u00e9finition perfectionnement passif - Conex France","isPartOf":{"@id":"https:\/\/www.conex.net\/fr\/#website"},"datePublished":"2021-07-22T12:22:09+00:00","dateModified":"2021-07-22T12:22:55+00:00","description":"Perfectionnement passif R\u00e9gime \u00e9conomique qui permet d\u2019exporter temporairement des marchandises communautaires, en dehors du territoire...","breadcrumb":{"@id":"https:\/\/www.conex.net\/fr\/definition-perfectionnement-passif\/#breadcrumb"},"inLanguage":"fr-FR","potentialAction":[{"@type":"ReadAction","target":["https:\/\/www.conex.net\/fr\/definition-perfectionnement-passif\/"]}]},{"@type":"BreadcrumbList","@id":"https:\/\/www.conex.net\/fr\/definition-perfectionnement-passif\/#breadcrumb","itemListElement":[{"@type":"ListItem","position":1,"name":"Accueil","item":"https:\/\/www.conex.net\/fr\/"},{"@type":"ListItem","position":2,"name":"D\u00e9finition perfectionnement passif"}]},{"@type":"WebSite","@id":"https:\/\/www.conex.net\/fr\/#website","url":"https:\/\/www.conex.net\/fr\/","name":"Conex France","description":"Your customs partner - CONEX FRANCE","publisher":{"@id":"https:\/\/www.conex.net\/fr\/#organization"},"potentialAction":[{"@type":"SearchAction","target":{"@type":"EntryPoint","urlTemplate":"https:\/\/www.conex.net\/fr\/?s={search_term_string}"},"query-input":{"@type":"PropertyValueSpecification","valueRequired":true,"valueName":"search_term_string"}}],"inLanguage":"fr-FR"},{"@type":"Organization","@id":"https:\/\/www.conex.net\/fr\/#organization","name":"CONEX SAS","url":"https:\/\/www.conex.net\/fr\/","logo":{"@type":"ImageObject","inLanguage":"fr-FR","@id":"https:\/\/www.conex.net\/fr\/#\/schema\/logo\/image\/","url":"https:\/\/www.conex.net\/fr\/wp-content\/uploads\/sites\/2\/2018\/10\/logo-conex.png","contentUrl":"https:\/\/www.conex.net\/fr\/wp-content\/uploads\/sites\/2\/2018\/10\/logo-conex.png","width":138,"height":49,"caption":"CONEX SAS"},"image":{"@id":"https:\/\/www.conex.net\/fr\/#\/schema\/logo\/image\/"}}]}},"_links":{"self":[{"href":"https:\/\/www.conex.net\/fr\/wp-json\/wp\/v2\/pages\/6509","targetHints":{"allow":["GET"]}}],"collection":[{"href":"https:\/\/www.conex.net\/fr\/wp-json\/wp\/v2\/pages"}],"about":[{"href":"https:\/\/www.conex.net\/fr\/wp-json\/wp\/v2\/types\/page"}],"author":[{"embeddable":true,"href":"https:\/\/www.conex.net\/fr\/wp-json\/wp\/v2\/users\/1"}],"replies":[{"embeddable":true,"href":"https:\/\/www.conex.net\/fr\/wp-json\/wp\/v2\/comments?post=6509"}],"version-history":[{"count":2,"href":"https:\/\/www.conex.net\/fr\/wp-json\/wp\/v2\/pages\/6509\/revisions"}],"predecessor-version":[{"id":6511,"href":"https:\/\/www.conex.net\/fr\/wp-json\/wp\/v2\/pages\/6509\/revisions\/6511"}],"wp:attachment":[{"href":"https:\/\/www.conex.net\/fr\/wp-json\/wp\/v2\/media?parent=6509"}],"curies":[{"name":"wp","href":"https:\/\/api.w.org\/{rel}","templated":true}]}}