{"id":6512,"date":"2021-07-22T14:32:17","date_gmt":"2021-07-22T12:32:17","guid":{"rendered":"https:\/\/www.conex.net\/fr\/?page_id=6512"},"modified":"2022-07-11T14:40:05","modified_gmt":"2022-07-11T12:40:05","slug":"definitions-vocabulaire-douanier","status":"publish","type":"page","link":"https:\/\/www.conex.net\/fr\/definitions-vocabulaire-douanier\/","title":{"rendered":"D\u00e9finitions vocabulaire douanier"},"content":{"rendered":"<div id=\"pl-6512\"  class=\"panel-layout\" ><div id=\"pg-6512-0\"  class=\"panel-grid panel-no-style\" ><div id=\"pgc-6512-0-0\"  class=\"panel-grid-cell\" ><div id=\"panel-6512-0-0-0\" class=\"so-panel widget widget_sow-editor panel-first-child panel-last-child\" data-index=\"0\" ><div\n\t\t\t\n\t\t\tclass=\"so-widget-sow-editor so-widget-sow-editor-base\"\n\t\t\t\n\t\t>\n<div class=\"siteorigin-widget-tinymce textwidget\">\n\t<h1 style=\"text-align: center;\"><span style=\"color: #c70000;\"><strong>GLOSSAIRE DOUANIER<\/strong><\/span><\/h1>\n<hr \/>\n<p>&nbsp;<\/p>\n<\/div>\n<\/div><\/div><\/div><\/div><div id=\"pg-6512-1\"  class=\"panel-grid panel-no-style\" ><div id=\"pgc-6512-1-0\"  class=\"panel-grid-cell\" ><div id=\"panel-6512-1-0-0\" class=\"so-panel widget widget_sow-editor panel-first-child panel-last-child\" data-index=\"1\" ><div\n\t\t\t\n\t\t\tclass=\"so-widget-sow-editor so-widget-sow-editor-base\"\n\t\t\t\n\t\t>\n<div class=\"siteorigin-widget-tinymce textwidget\">\n\t<h4><a href=\"https:\/\/www.conex.net\/fr\/definition-accices\/\"><span style=\"color: #333333;\">- Accises<\/span><\/a><\/h4>\n<h4><a href=\"https:\/\/www.conex.net\/fr\/definition-dau\/\"><span style=\"color: #333333;\">- DAU - Document Administratif Unique<\/span><\/a><\/h4>\n<h4><span style=\"color: #333333;\"><a style=\"color: #333333;\" href=\"https:\/\/www.conex.net\/fr\/definition-declaration-douane\/\">- D\u00e9claration douane<\/a><\/span><\/h4>\n<h4><span style=\"color: #333333;\"><a style=\"color: #333333;\" href=\"https:\/\/www.conex.net\/fr\/definition-declaration-dechanges-de-biens-deb\/\">- D\u00e9claration d'\u00e9changes de biens DEB<\/a><\/span><\/h4>\n<h4><span style=\"color: #333333;\"><a style=\"color: #333333;\" href=\"https:\/\/www.conex.net\/fr\/definition-delta-ie\/\">- DELTA IE ((I pour import et E pour export)\u00a0<\/a><\/span><\/h4>\n<h4><a href=\"https:\/\/www.conex.net\/fr\/definition-gamma\/\"><span style=\"color: #333333;\">- GAMMA<\/span><\/a><\/h4>\n<h4><span style=\"color: #333333;\"><a style=\"color: #333333;\" href=\"https:\/\/www.conex.net\/fr\/definition-ics\/\">- ICS - Import Control System<\/a><\/span><\/h4>\n<h4><a href=\"https:\/\/www.conex.net\/fr\/definition-nomenclature-combinee\/\"><span style=\"color: #333333;\">- Nomenclature combin\u00e9e<\/span><\/a><\/h4>\n<h4><a href=\"https:\/\/www.conex.net\/fr\/definition-nsti\/\"><span style=\"color: #333333;\">- NSTI<\/span><\/a><\/h4>\n<h4><a href=\"https:\/\/www.conex.net\/fr\/definition-oea\/\"><span style=\"color: #333333;\">- OEA - Op\u00e9rateur \u00c9conomique Agr\u00e9e<\/span><\/a><\/h4>\n<h4><\/h4>\n<\/div>\n<\/div><\/div><\/div><div id=\"pgc-6512-1-1\"  class=\"panel-grid-cell panel-grid-cell-mobile-last\" ><div id=\"panel-6512-1-1-0\" class=\"so-panel widget widget_sow-editor panel-first-child panel-last-child\" data-index=\"2\" ><div\n\t\t\t\n\t\t\tclass=\"so-widget-sow-editor so-widget-sow-editor-base\"\n\t\t\t\n\t\t>\n<div class=\"siteorigin-widget-tinymce textwidget\">\n\t<h4><a href=\"https:\/\/www.conex.net\/fr\/definition-perfectionnement-actif\/\"><span style=\"color: #333333;\">- Perfectionnement Actif<\/span><\/a><\/h4>\n<h4><a href=\"https:\/\/www.conex.net\/fr\/definition-perfectionnement-passif\/\"><span style=\"color: #333333;\">- Perfectionnement Passif<\/span><\/a><\/h4>\n<h4><a href=\"https:\/\/www.conex.net\/fr\/definitions-vocabulaires-douaniers\/\"><span style=\"color: #333333;\">- R\u00e9gimes douaniers<\/span><\/a><\/h4>\n<h4><a href=\"https:\/\/www.conex.net\/fr\/definition-regimes-douaniers-economiques\/\"><span style=\"color: #333333;\">- R\u00e9gimes douaniers \u00e9conomiques<\/span><\/a><\/h4>\n<h4><span style=\"color: #333333;\"><a style=\"color: #333333;\" href=\"https:\/\/www.conex.net\/fr\/definition-rtc\/\">- RTC<\/a><\/span><\/h4>\n<h4><a href=\"https:\/\/www.conex.net\/fr\/definition-t1-transit-communautaire-externe\/\"><span style=\"color: #333333;\">- T1 - Transit communautaire externe<\/span><\/a><\/h4>\n<h4><a href=\"https:\/\/www.conex.net\/fr\/definition-t2-transit-communautaire-interne\/\"><span style=\"color: #333333;\">- T2 Transit communautaire interne<\/span><\/a><\/h4>\n<h4><a href=\"https:\/\/www.conex.net\/fr\/definition-taric\/\"><span style=\"color: #333333;\">- TARIC<\/span><\/a><\/h4>\n<h4><span style=\"color: #333333;\"><a style=\"color: #333333;\" href=\"https:\/\/www.conex.net\/fr\/definition-tarif-douanier\/\">- Tarif douanier<\/a><\/span><\/h4>\n<\/div>\n<\/div><\/div><\/div><div id=\"pgc-6512-1-2\"  class=\"panel-grid-cell panel-grid-cell-empty\" ><\/div><\/div><\/div>","protected":false},"excerpt":{"rendered":"<p>GLOSSAIRE DOUANIER &nbsp; &#8211; Accises &#8211; DAU &#8211; Document Administratif Unique &#8211; D\u00e9claration douane &#8211; D\u00e9claration d&rsquo;\u00e9changes de biens DEB &#8211; DELTA IE ((I pour import et E pour export)\u00a0 &#8211; GAMMA &#8211; ICS &#8211; Import Control System &#8211; Nomenclature combin\u00e9e &#8211; NSTI &#8211; OEA &#8211; Op\u00e9rateur \u00c9conomique Agr\u00e9e &#8211; Perfectionnement Actif &#8211; Perfectionnement Passif &#8211; R\u00e9gimes douaniers &#8211; R\u00e9gimes douaniers \u00e9conomiques &#8211; RTC &#8211; T1 &#8211; Transit communautaire externe &#8211; T2 Transit communautaire interne [&hellip;]<\/p>\n","protected":false},"author":1,"featured_media":0,"parent":0,"menu_order":0,"comment_status":"closed","ping_status":"closed","template":"","meta":{"footnotes":""},"class_list":["post-6512","page","type-page","status-publish","hentry"],"yoast_head":"<!-- This site is optimized with the Yoast SEO plugin v27.3 - https:\/\/yoast.com\/product\/yoast-seo-wordpress\/ -->\n<title>D\u00e9finitions vocabulaire douanier - Conex France<\/title>\n<meta name=\"robots\" content=\"index, follow, max-snippet:-1, max-image-preview:large, max-video-preview:-1\" \/>\n<link rel=\"canonical\" href=\"https:\/\/www.conex.net\/fr\/definitions-vocabulaire-douanier\/\" \/>\n<meta property=\"og:locale\" content=\"fr_FR\" \/>\n<meta property=\"og:type\" content=\"article\" \/>\n<meta property=\"og:title\" content=\"D\u00e9finitions vocabulaire douanier - Conex France\" \/>\n<meta property=\"og:description\" content=\"GLOSSAIRE DOUANIER &nbsp; - Accises - DAU - Document Administratif Unique - D\u00e9claration douane - D\u00e9claration d&#039;\u00e9changes de biens DEB - DELTA IE ((I pour import et E pour export)\u00a0 - GAMMA - ICS - Import Control System - Nomenclature combin\u00e9e - NSTI - OEA - Op\u00e9rateur \u00c9conomique Agr\u00e9e - Perfectionnement Actif - Perfectionnement Passif - R\u00e9gimes douaniers - R\u00e9gimes douaniers \u00e9conomiques - RTC - T1 - Transit communautaire externe - T2 Transit communautaire interne [&hellip;]\" \/>\n<meta property=\"og:url\" content=\"https:\/\/www.conex.net\/fr\/definitions-vocabulaire-douanier\/\" \/>\n<meta property=\"og:site_name\" content=\"Conex France\" \/>\n<meta property=\"article:modified_time\" content=\"2022-07-11T12:40:05+00:00\" \/>\n<meta name=\"twitter:card\" content=\"summary_large_image\" \/>\n<script type=\"application\/ld+json\" class=\"yoast-schema-graph\">{\"@context\":\"https:\\\/\\\/schema.org\",\"@graph\":[{\"@type\":\"WebPage\",\"@id\":\"https:\\\/\\\/www.conex.net\\\/fr\\\/definitions-vocabulaire-douanier\\\/\",\"url\":\"https:\\\/\\\/www.conex.net\\\/fr\\\/definitions-vocabulaire-douanier\\\/\",\"name\":\"D\u00e9finitions vocabulaire douanier - Conex France\",\"isPartOf\":{\"@id\":\"https:\\\/\\\/www.conex.net\\\/fr\\\/#website\"},\"datePublished\":\"2021-07-22T12:32:17+00:00\",\"dateModified\":\"2022-07-11T12:40:05+00:00\",\"breadcrumb\":{\"@id\":\"https:\\\/\\\/www.conex.net\\\/fr\\\/definitions-vocabulaire-douanier\\\/#breadcrumb\"},\"inLanguage\":\"fr-FR\",\"potentialAction\":[{\"@type\":\"ReadAction\",\"target\":[\"https:\\\/\\\/www.conex.net\\\/fr\\\/definitions-vocabulaire-douanier\\\/\"]}]},{\"@type\":\"BreadcrumbList\",\"@id\":\"https:\\\/\\\/www.conex.net\\\/fr\\\/definitions-vocabulaire-douanier\\\/#breadcrumb\",\"itemListElement\":[{\"@type\":\"ListItem\",\"position\":1,\"name\":\"Accueil\",\"item\":\"https:\\\/\\\/www.conex.net\\\/fr\\\/\"},{\"@type\":\"ListItem\",\"position\":2,\"name\":\"D\u00e9finitions vocabulaire douanier\"}]},{\"@type\":\"WebSite\",\"@id\":\"https:\\\/\\\/www.conex.net\\\/fr\\\/#website\",\"url\":\"https:\\\/\\\/www.conex.net\\\/fr\\\/\",\"name\":\"Conex France\",\"description\":\"Your customs partner - CONEX FRANCE\",\"publisher\":{\"@id\":\"https:\\\/\\\/www.conex.net\\\/fr\\\/#organization\"},\"potentialAction\":[{\"@type\":\"SearchAction\",\"target\":{\"@type\":\"EntryPoint\",\"urlTemplate\":\"https:\\\/\\\/www.conex.net\\\/fr\\\/?s={search_term_string}\"},\"query-input\":{\"@type\":\"PropertyValueSpecification\",\"valueRequired\":true,\"valueName\":\"search_term_string\"}}],\"inLanguage\":\"fr-FR\"},{\"@type\":\"Organization\",\"@id\":\"https:\\\/\\\/www.conex.net\\\/fr\\\/#organization\",\"name\":\"CONEX SAS\",\"url\":\"https:\\\/\\\/www.conex.net\\\/fr\\\/\",\"logo\":{\"@type\":\"ImageObject\",\"inLanguage\":\"fr-FR\",\"@id\":\"https:\\\/\\\/www.conex.net\\\/fr\\\/#\\\/schema\\\/logo\\\/image\\\/\",\"url\":\"https:\\\/\\\/www.conex.net\\\/fr\\\/wp-content\\\/uploads\\\/sites\\\/2\\\/2018\\\/10\\\/logo-conex.png\",\"contentUrl\":\"https:\\\/\\\/www.conex.net\\\/fr\\\/wp-content\\\/uploads\\\/sites\\\/2\\\/2018\\\/10\\\/logo-conex.png\",\"width\":138,\"height\":49,\"caption\":\"CONEX SAS\"},\"image\":{\"@id\":\"https:\\\/\\\/www.conex.net\\\/fr\\\/#\\\/schema\\\/logo\\\/image\\\/\"}}]}<\/script>\n<!-- \/ Yoast SEO plugin. -->","yoast_head_json":{"title":"D\u00e9finitions vocabulaire douanier - Conex France","robots":{"index":"index","follow":"follow","max-snippet":"max-snippet:-1","max-image-preview":"max-image-preview:large","max-video-preview":"max-video-preview:-1"},"canonical":"https:\/\/www.conex.net\/fr\/definitions-vocabulaire-douanier\/","og_locale":"fr_FR","og_type":"article","og_title":"D\u00e9finitions vocabulaire douanier - Conex France","og_description":"GLOSSAIRE DOUANIER &nbsp; - Accises - DAU - Document Administratif Unique - D\u00e9claration douane - D\u00e9claration d'\u00e9changes de biens DEB - DELTA IE ((I pour import et E pour export)\u00a0 - GAMMA - ICS - Import Control System - Nomenclature combin\u00e9e - NSTI - OEA - Op\u00e9rateur \u00c9conomique Agr\u00e9e - Perfectionnement Actif - Perfectionnement Passif - R\u00e9gimes douaniers - R\u00e9gimes douaniers \u00e9conomiques - RTC - T1 - Transit communautaire externe - T2 Transit communautaire interne [&hellip;]","og_url":"https:\/\/www.conex.net\/fr\/definitions-vocabulaire-douanier\/","og_site_name":"Conex France","article_modified_time":"2022-07-11T12:40:05+00:00","twitter_card":"summary_large_image","schema":{"@context":"https:\/\/schema.org","@graph":[{"@type":"WebPage","@id":"https:\/\/www.conex.net\/fr\/definitions-vocabulaire-douanier\/","url":"https:\/\/www.conex.net\/fr\/definitions-vocabulaire-douanier\/","name":"D\u00e9finitions vocabulaire douanier - Conex France","isPartOf":{"@id":"https:\/\/www.conex.net\/fr\/#website"},"datePublished":"2021-07-22T12:32:17+00:00","dateModified":"2022-07-11T12:40:05+00:00","breadcrumb":{"@id":"https:\/\/www.conex.net\/fr\/definitions-vocabulaire-douanier\/#breadcrumb"},"inLanguage":"fr-FR","potentialAction":[{"@type":"ReadAction","target":["https:\/\/www.conex.net\/fr\/definitions-vocabulaire-douanier\/"]}]},{"@type":"BreadcrumbList","@id":"https:\/\/www.conex.net\/fr\/definitions-vocabulaire-douanier\/#breadcrumb","itemListElement":[{"@type":"ListItem","position":1,"name":"Accueil","item":"https:\/\/www.conex.net\/fr\/"},{"@type":"ListItem","position":2,"name":"D\u00e9finitions vocabulaire douanier"}]},{"@type":"WebSite","@id":"https:\/\/www.conex.net\/fr\/#website","url":"https:\/\/www.conex.net\/fr\/","name":"Conex France","description":"Your customs partner - CONEX FRANCE","publisher":{"@id":"https:\/\/www.conex.net\/fr\/#organization"},"potentialAction":[{"@type":"SearchAction","target":{"@type":"EntryPoint","urlTemplate":"https:\/\/www.conex.net\/fr\/?s={search_term_string}"},"query-input":{"@type":"PropertyValueSpecification","valueRequired":true,"valueName":"search_term_string"}}],"inLanguage":"fr-FR"},{"@type":"Organization","@id":"https:\/\/www.conex.net\/fr\/#organization","name":"CONEX SAS","url":"https:\/\/www.conex.net\/fr\/","logo":{"@type":"ImageObject","inLanguage":"fr-FR","@id":"https:\/\/www.conex.net\/fr\/#\/schema\/logo\/image\/","url":"https:\/\/www.conex.net\/fr\/wp-content\/uploads\/sites\/2\/2018\/10\/logo-conex.png","contentUrl":"https:\/\/www.conex.net\/fr\/wp-content\/uploads\/sites\/2\/2018\/10\/logo-conex.png","width":138,"height":49,"caption":"CONEX SAS"},"image":{"@id":"https:\/\/www.conex.net\/fr\/#\/schema\/logo\/image\/"}}]}},"_links":{"self":[{"href":"https:\/\/www.conex.net\/fr\/wp-json\/wp\/v2\/pages\/6512","targetHints":{"allow":["GET"]}}],"collection":[{"href":"https:\/\/www.conex.net\/fr\/wp-json\/wp\/v2\/pages"}],"about":[{"href":"https:\/\/www.conex.net\/fr\/wp-json\/wp\/v2\/types\/page"}],"author":[{"embeddable":true,"href":"https:\/\/www.conex.net\/fr\/wp-json\/wp\/v2\/users\/1"}],"replies":[{"embeddable":true,"href":"https:\/\/www.conex.net\/fr\/wp-json\/wp\/v2\/comments?post=6512"}],"version-history":[{"count":42,"href":"https:\/\/www.conex.net\/fr\/wp-json\/wp\/v2\/pages\/6512\/revisions"}],"predecessor-version":[{"id":8028,"href":"https:\/\/www.conex.net\/fr\/wp-json\/wp\/v2\/pages\/6512\/revisions\/8028"}],"wp:attachment":[{"href":"https:\/\/www.conex.net\/fr\/wp-json\/wp\/v2\/media?parent=6512"}],"curies":[{"name":"wp","href":"https:\/\/api.w.org\/{rel}","templated":true}]}}