{"id":6519,"date":"2021-07-22T15:00:11","date_gmt":"2021-07-22T13:00:11","guid":{"rendered":"https:\/\/www.conex.net\/fr\/?page_id=6519"},"modified":"2021-07-22T16:07:22","modified_gmt":"2021-07-22T14:07:22","slug":"definition-declaration-dechanges-de-biens-deb","status":"publish","type":"page","link":"https:\/\/www.conex.net\/fr\/definition-declaration-dechanges-de-biens-deb\/","title":{"rendered":"D\u00e9finition d\u00e9claration d&rsquo;\u00e9changes de biens DEB"},"content":{"rendered":"<div id=\"pl-6519\"  class=\"panel-layout\" ><div id=\"pg-6519-0\"  class=\"panel-grid panel-no-style\" ><div id=\"pgc-6519-0-0\"  class=\"panel-grid-cell\" ><div id=\"panel-6519-0-0-0\" class=\"so-panel widget widget_sow-editor panel-first-child panel-last-child\" data-index=\"0\" ><div\n\t\t\t\n\t\t\tclass=\"so-widget-sow-editor so-widget-sow-editor-base\"\n\t\t\t\n\t\t>\n<div class=\"siteorigin-widget-tinymce textwidget\">\n\t<h1><span style=\"color: #c70000;\"><strong>D\u00e9claration d\u2019\u00e9changes de biens (DEB)<\/strong><\/span><\/h1>\n<h4><span style=\"color: #333333;\">D\u00e9claration mensuelle de nature statistique et fiscale \u00e9tablie dans le cadre des \u00e9changes intracommunautaires par les op\u00e9rateurs ayant r\u00e9alis\u00e9 des introductions ou exp\u00e9ditions de marchandises. <\/span><\/h4>\n<h4><span style=\"color: #333333;\">On parle aussi de d\u00e9claration INTRASTAT.<\/span><\/h4>\n<hr \/>\n<h4 style=\"text-align: center;\"><span style=\"color: #333333;\"><strong><a style=\"color: #333333;\" href=\"https:\/\/www.conex.net\/fr\/intrastat\/\" target=\"_blank\" rel=\"noopener\">Notre solution logicielle EUROPstat via conex\u2122<\/a><\/strong><\/span><a href=\"https:\/\/www.conex.net\/fr\/intrastat\/\"><img loading=\"lazy\" decoding=\"async\" class=\"aligncenter size-full wp-image-3304\" src=\"https:\/\/www.conex.net\/fr\/wp-content\/uploads\/sites\/2\/2020\/01\/EUROPstatviaconex200.jpg\" alt=\"EUROPstat via conex\" width=\"233\" height=\"200\" \/><\/a><\/h4>\n<\/div>\n<\/div><\/div><\/div><\/div><\/div>","protected":false},"excerpt":{"rendered":"<p>D\u00e9claration d\u2019\u00e9changes de biens (DEB) D\u00e9claration mensuelle de nature statistique et fiscale \u00e9tablie dans le cadre des \u00e9changes intracommunautaires par les op\u00e9rateurs ayant r\u00e9alis\u00e9 des introductions ou exp\u00e9ditions de marchandises. On parle aussi de d\u00e9claration INTRASTAT. Notre solution logicielle EUROPstat via conex\u2122<\/p>\n","protected":false},"author":1,"featured_media":0,"parent":0,"menu_order":0,"comment_status":"closed","ping_status":"closed","template":"","meta":{"footnotes":""},"class_list":["post-6519","page","type-page","status-publish","hentry"],"yoast_head":"<!-- This site is optimized with the Yoast SEO plugin v27.4 - https:\/\/yoast.com\/product\/yoast-seo-wordpress\/ -->\n<title>D\u00e9finition d\u00e9claration d&#039;\u00e9changes de biens DEB - Conex France<\/title>\n<meta name=\"description\" content=\"D\u00e9claration mensuelle de nature statistique et fiscale \u00e9tablie dans le cadre des \u00e9changes intracommunautaires par les op\u00e9rateurs ayant...\" \/>\n<meta name=\"robots\" content=\"index, follow, max-snippet:-1, max-image-preview:large, max-video-preview:-1\" \/>\n<link rel=\"canonical\" href=\"https:\/\/www.conex.net\/fr\/definition-declaration-dechanges-de-biens-deb\/\" \/>\n<meta property=\"og:locale\" content=\"fr_FR\" \/>\n<meta property=\"og:type\" content=\"article\" \/>\n<meta property=\"og:title\" content=\"D\u00e9finition d\u00e9claration d&#039;\u00e9changes de biens DEB - Conex France\" \/>\n<meta property=\"og:description\" content=\"D\u00e9claration mensuelle de nature statistique et fiscale \u00e9tablie dans le cadre des \u00e9changes intracommunautaires par les op\u00e9rateurs ayant...\" \/>\n<meta property=\"og:url\" content=\"https:\/\/www.conex.net\/fr\/definition-declaration-dechanges-de-biens-deb\/\" \/>\n<meta property=\"og:site_name\" content=\"Conex France\" \/>\n<meta property=\"article:modified_time\" content=\"2021-07-22T14:07:22+00:00\" \/>\n<meta property=\"og:image\" content=\"https:\/\/www.conex.net\/fr\/wp-content\/uploads\/sites\/2\/2020\/01\/EUROPstatviaconex200.jpg\" \/>\n<meta name=\"twitter:card\" content=\"summary_large_image\" \/>\n<script type=\"application\/ld+json\" class=\"yoast-schema-graph\">{\"@context\":\"https:\\\/\\\/schema.org\",\"@graph\":[{\"@type\":\"WebPage\",\"@id\":\"https:\\\/\\\/www.conex.net\\\/fr\\\/definition-declaration-dechanges-de-biens-deb\\\/\",\"url\":\"https:\\\/\\\/www.conex.net\\\/fr\\\/definition-declaration-dechanges-de-biens-deb\\\/\",\"name\":\"D\u00e9finition d\u00e9claration d'\u00e9changes de biens DEB - Conex France\",\"isPartOf\":{\"@id\":\"https:\\\/\\\/www.conex.net\\\/fr\\\/#website\"},\"primaryImageOfPage\":{\"@id\":\"https:\\\/\\\/www.conex.net\\\/fr\\\/definition-declaration-dechanges-de-biens-deb\\\/#primaryimage\"},\"image\":{\"@id\":\"https:\\\/\\\/www.conex.net\\\/fr\\\/definition-declaration-dechanges-de-biens-deb\\\/#primaryimage\"},\"thumbnailUrl\":\"https:\\\/\\\/www.conex.net\\\/fr\\\/wp-content\\\/uploads\\\/sites\\\/2\\\/2020\\\/01\\\/EUROPstatviaconex200.jpg\",\"datePublished\":\"2021-07-22T13:00:11+00:00\",\"dateModified\":\"2021-07-22T14:07:22+00:00\",\"description\":\"D\u00e9claration mensuelle de nature statistique et fiscale \u00e9tablie dans le cadre des \u00e9changes intracommunautaires par les op\u00e9rateurs ayant...\",\"breadcrumb\":{\"@id\":\"https:\\\/\\\/www.conex.net\\\/fr\\\/definition-declaration-dechanges-de-biens-deb\\\/#breadcrumb\"},\"inLanguage\":\"fr-FR\",\"potentialAction\":[{\"@type\":\"ReadAction\",\"target\":[\"https:\\\/\\\/www.conex.net\\\/fr\\\/definition-declaration-dechanges-de-biens-deb\\\/\"]}]},{\"@type\":\"ImageObject\",\"inLanguage\":\"fr-FR\",\"@id\":\"https:\\\/\\\/www.conex.net\\\/fr\\\/definition-declaration-dechanges-de-biens-deb\\\/#primaryimage\",\"url\":\"https:\\\/\\\/www.conex.net\\\/fr\\\/wp-content\\\/uploads\\\/sites\\\/2\\\/2020\\\/01\\\/EUROPstatviaconex200.jpg\",\"contentUrl\":\"https:\\\/\\\/www.conex.net\\\/fr\\\/wp-content\\\/uploads\\\/sites\\\/2\\\/2020\\\/01\\\/EUROPstatviaconex200.jpg\",\"width\":233,\"height\":200,\"caption\":\"EUROPstat via conex\"},{\"@type\":\"BreadcrumbList\",\"@id\":\"https:\\\/\\\/www.conex.net\\\/fr\\\/definition-declaration-dechanges-de-biens-deb\\\/#breadcrumb\",\"itemListElement\":[{\"@type\":\"ListItem\",\"position\":1,\"name\":\"Accueil\",\"item\":\"https:\\\/\\\/www.conex.net\\\/fr\\\/\"},{\"@type\":\"ListItem\",\"position\":2,\"name\":\"D\u00e9finition d\u00e9claration d&rsquo;\u00e9changes de biens DEB\"}]},{\"@type\":\"WebSite\",\"@id\":\"https:\\\/\\\/www.conex.net\\\/fr\\\/#website\",\"url\":\"https:\\\/\\\/www.conex.net\\\/fr\\\/\",\"name\":\"Conex France\",\"description\":\"Your customs partner - CONEX FRANCE\",\"publisher\":{\"@id\":\"https:\\\/\\\/www.conex.net\\\/fr\\\/#organization\"},\"potentialAction\":[{\"@type\":\"SearchAction\",\"target\":{\"@type\":\"EntryPoint\",\"urlTemplate\":\"https:\\\/\\\/www.conex.net\\\/fr\\\/?s={search_term_string}\"},\"query-input\":{\"@type\":\"PropertyValueSpecification\",\"valueRequired\":true,\"valueName\":\"search_term_string\"}}],\"inLanguage\":\"fr-FR\"},{\"@type\":\"Organization\",\"@id\":\"https:\\\/\\\/www.conex.net\\\/fr\\\/#organization\",\"name\":\"CONEX SAS\",\"url\":\"https:\\\/\\\/www.conex.net\\\/fr\\\/\",\"logo\":{\"@type\":\"ImageObject\",\"inLanguage\":\"fr-FR\",\"@id\":\"https:\\\/\\\/www.conex.net\\\/fr\\\/#\\\/schema\\\/logo\\\/image\\\/\",\"url\":\"https:\\\/\\\/www.conex.net\\\/fr\\\/wp-content\\\/uploads\\\/sites\\\/2\\\/2018\\\/10\\\/logo-conex.png\",\"contentUrl\":\"https:\\\/\\\/www.conex.net\\\/fr\\\/wp-content\\\/uploads\\\/sites\\\/2\\\/2018\\\/10\\\/logo-conex.png\",\"width\":138,\"height\":49,\"caption\":\"CONEX SAS\"},\"image\":{\"@id\":\"https:\\\/\\\/www.conex.net\\\/fr\\\/#\\\/schema\\\/logo\\\/image\\\/\"}}]}<\/script>\n<!-- \/ Yoast SEO plugin. -->","yoast_head_json":{"title":"D\u00e9finition d\u00e9claration d'\u00e9changes de biens DEB - Conex France","description":"D\u00e9claration mensuelle de nature statistique et fiscale \u00e9tablie dans le cadre des \u00e9changes intracommunautaires par les op\u00e9rateurs ayant...","robots":{"index":"index","follow":"follow","max-snippet":"max-snippet:-1","max-image-preview":"max-image-preview:large","max-video-preview":"max-video-preview:-1"},"canonical":"https:\/\/www.conex.net\/fr\/definition-declaration-dechanges-de-biens-deb\/","og_locale":"fr_FR","og_type":"article","og_title":"D\u00e9finition d\u00e9claration d'\u00e9changes de biens DEB - Conex France","og_description":"D\u00e9claration mensuelle de nature statistique et fiscale \u00e9tablie dans le cadre des \u00e9changes intracommunautaires par les op\u00e9rateurs ayant...","og_url":"https:\/\/www.conex.net\/fr\/definition-declaration-dechanges-de-biens-deb\/","og_site_name":"Conex France","article_modified_time":"2021-07-22T14:07:22+00:00","og_image":[{"url":"https:\/\/www.conex.net\/fr\/wp-content\/uploads\/sites\/2\/2020\/01\/EUROPstatviaconex200.jpg","type":"","width":"","height":""}],"twitter_card":"summary_large_image","schema":{"@context":"https:\/\/schema.org","@graph":[{"@type":"WebPage","@id":"https:\/\/www.conex.net\/fr\/definition-declaration-dechanges-de-biens-deb\/","url":"https:\/\/www.conex.net\/fr\/definition-declaration-dechanges-de-biens-deb\/","name":"D\u00e9finition d\u00e9claration d'\u00e9changes de biens DEB - Conex France","isPartOf":{"@id":"https:\/\/www.conex.net\/fr\/#website"},"primaryImageOfPage":{"@id":"https:\/\/www.conex.net\/fr\/definition-declaration-dechanges-de-biens-deb\/#primaryimage"},"image":{"@id":"https:\/\/www.conex.net\/fr\/definition-declaration-dechanges-de-biens-deb\/#primaryimage"},"thumbnailUrl":"https:\/\/www.conex.net\/fr\/wp-content\/uploads\/sites\/2\/2020\/01\/EUROPstatviaconex200.jpg","datePublished":"2021-07-22T13:00:11+00:00","dateModified":"2021-07-22T14:07:22+00:00","description":"D\u00e9claration mensuelle de nature statistique et fiscale \u00e9tablie dans le cadre des \u00e9changes intracommunautaires par les op\u00e9rateurs ayant...","breadcrumb":{"@id":"https:\/\/www.conex.net\/fr\/definition-declaration-dechanges-de-biens-deb\/#breadcrumb"},"inLanguage":"fr-FR","potentialAction":[{"@type":"ReadAction","target":["https:\/\/www.conex.net\/fr\/definition-declaration-dechanges-de-biens-deb\/"]}]},{"@type":"ImageObject","inLanguage":"fr-FR","@id":"https:\/\/www.conex.net\/fr\/definition-declaration-dechanges-de-biens-deb\/#primaryimage","url":"https:\/\/www.conex.net\/fr\/wp-content\/uploads\/sites\/2\/2020\/01\/EUROPstatviaconex200.jpg","contentUrl":"https:\/\/www.conex.net\/fr\/wp-content\/uploads\/sites\/2\/2020\/01\/EUROPstatviaconex200.jpg","width":233,"height":200,"caption":"EUROPstat via conex"},{"@type":"BreadcrumbList","@id":"https:\/\/www.conex.net\/fr\/definition-declaration-dechanges-de-biens-deb\/#breadcrumb","itemListElement":[{"@type":"ListItem","position":1,"name":"Accueil","item":"https:\/\/www.conex.net\/fr\/"},{"@type":"ListItem","position":2,"name":"D\u00e9finition d\u00e9claration d&rsquo;\u00e9changes de biens DEB"}]},{"@type":"WebSite","@id":"https:\/\/www.conex.net\/fr\/#website","url":"https:\/\/www.conex.net\/fr\/","name":"Conex France","description":"Your customs partner - CONEX FRANCE","publisher":{"@id":"https:\/\/www.conex.net\/fr\/#organization"},"potentialAction":[{"@type":"SearchAction","target":{"@type":"EntryPoint","urlTemplate":"https:\/\/www.conex.net\/fr\/?s={search_term_string}"},"query-input":{"@type":"PropertyValueSpecification","valueRequired":true,"valueName":"search_term_string"}}],"inLanguage":"fr-FR"},{"@type":"Organization","@id":"https:\/\/www.conex.net\/fr\/#organization","name":"CONEX SAS","url":"https:\/\/www.conex.net\/fr\/","logo":{"@type":"ImageObject","inLanguage":"fr-FR","@id":"https:\/\/www.conex.net\/fr\/#\/schema\/logo\/image\/","url":"https:\/\/www.conex.net\/fr\/wp-content\/uploads\/sites\/2\/2018\/10\/logo-conex.png","contentUrl":"https:\/\/www.conex.net\/fr\/wp-content\/uploads\/sites\/2\/2018\/10\/logo-conex.png","width":138,"height":49,"caption":"CONEX SAS"},"image":{"@id":"https:\/\/www.conex.net\/fr\/#\/schema\/logo\/image\/"}}]}},"_links":{"self":[{"href":"https:\/\/www.conex.net\/fr\/wp-json\/wp\/v2\/pages\/6519","targetHints":{"allow":["GET"]}}],"collection":[{"href":"https:\/\/www.conex.net\/fr\/wp-json\/wp\/v2\/pages"}],"about":[{"href":"https:\/\/www.conex.net\/fr\/wp-json\/wp\/v2\/types\/page"}],"author":[{"embeddable":true,"href":"https:\/\/www.conex.net\/fr\/wp-json\/wp\/v2\/users\/1"}],"replies":[{"embeddable":true,"href":"https:\/\/www.conex.net\/fr\/wp-json\/wp\/v2\/comments?post=6519"}],"version-history":[{"count":8,"href":"https:\/\/www.conex.net\/fr\/wp-json\/wp\/v2\/pages\/6519\/revisions"}],"predecessor-version":[{"id":6545,"href":"https:\/\/www.conex.net\/fr\/wp-json\/wp\/v2\/pages\/6519\/revisions\/6545"}],"wp:attachment":[{"href":"https:\/\/www.conex.net\/fr\/wp-json\/wp\/v2\/media?parent=6519"}],"curies":[{"name":"wp","href":"https:\/\/api.w.org\/{rel}","templated":true}]}}