{"id":6534,"date":"2021-07-22T15:23:22","date_gmt":"2021-07-22T13:23:22","guid":{"rendered":"https:\/\/www.conex.net\/fr\/?page_id=6534"},"modified":"2022-07-11T14:30:58","modified_gmt":"2022-07-11T12:30:58","slug":"definition-tarif-douanier","status":"publish","type":"page","link":"https:\/\/www.conex.net\/fr\/definition-tarif-douanier\/","title":{"rendered":"D\u00e9finition Tarif douanier"},"content":{"rendered":"<div id=\"pl-6534\"  class=\"panel-layout\" ><div id=\"pg-6534-0\"  class=\"panel-grid panel-no-style\" ><div id=\"pgc-6534-0-0\"  class=\"panel-grid-cell\" ><div id=\"panel-6534-0-0-0\" class=\"so-panel widget widget_sow-editor panel-first-child panel-last-child\" data-index=\"0\" ><div\n\t\t\t\n\t\t\tclass=\"so-widget-sow-editor so-widget-sow-editor-base\"\n\t\t\t\n\t\t>\n<div class=\"siteorigin-widget-tinymce textwidget\">\n\t<h1><span style=\"color: #c70000;\"><strong>Tarif douanier <\/strong><\/span><\/h1>\n<h4>Le tarif douanier reprend l\u2019ensemble des nomenclatures des marchandises utilis\u00e9es dans le cadre du classement tarifaire des marchandises.<\/h4>\n<h4>Le classement tarifaire est une codification num\u00e9rique permettant d\u2019identifier les marchandises. La structure utilis\u00e9e est unifi\u00e9e au niveau mondial.<\/h4>\n<h4>Les produits sont class\u00e9s dans 97 chapitres eux-m\u00eames divis\u00e9s en positions.<\/h4>\n<hr \/>\n<h3><span style=\"color: #333333;\"><strong>Syst\u00e8me harmonis\u00e9 (SH)<\/strong><\/span><\/h3>\n<ul>\n<li><span style=\"color: #333333;\">Syst\u00e8me de d\u00e9signation et de codification des marchandises international \u00e9labor\u00e9e par l\u2019Organisation mondiale des douanes (OMD).<\/span><\/li>\n<li><span style=\"color: #333333;\">Permet de disposer partout dans le monde d\u2019un m\u00eame code de d\u00e9signation pour une m\u00eame marchandise.<\/span><\/li>\n<li><span style=\"color: #333333;\">Mise en place de r\u00e8gles de classement et de d\u00e9cisions d\u2019interpr\u00e9tation.<\/span><\/li>\n<li><span style=\"color: #333333;\">Utilis\u00e9 par plus de 200 pays.<\/span><\/li>\n<\/ul>\n<h3><\/h3>\n<h3><span style=\"color: #333333;\"><strong>Nomenclature combin\u00e9e (NC)<\/strong><\/span><\/h3>\n<p><span style=\"color: #333333;\">La nomenclature douani\u00e8re combin\u00e9e est fond\u00e9e sur le syst\u00e8me harmonis\u00e9 (SH) et comporte des subdivisions suppl\u00e9mentaires cr\u00e9\u00e9es au niveau communautaire.<\/span><\/p>\n<p><span style=\"color: #333333;\">La nomenclature douani\u00e8re combin\u00e9e comprend \u00e9galement des dispositions pr\u00e9liminaires, des notes compl\u00e9mentaires de section ou de chapitre et des notes de sous-positions.<\/span><\/p>\n<p><span style=\"color: #333333;\">Chaque sous-position de la nomenclature douani\u00e8re combin\u00e9e est dot\u00e9e d'un code \u00e0 huit chiffres, appel\u00e9 code NC, accompagn\u00e9 d\u2019un libell\u00e9.<\/span><\/p>\n<p>&nbsp;<\/p>\n<h3><span style=\"color: #333333;\"><strong>Importance du classement tarifaire<\/strong><\/span><\/h3>\n<ul>\n<li><span style=\"color: #333333;\">calcul des co\u00fbts douaniers (droits de douane et taxes) ;<\/span><\/li>\n<li><span style=\"color: #333333;\">applications des r\u00e9glementations non douani\u00e8res (normes) ;<\/span><\/li>\n<li><span style=\"color: #333333;\">fiscalit\u00e9 applicable et documents exigibles (DAA) ;<\/span><\/li>\n<li><span style=\"color: #333333;\">r\u00e8gles de d\u00e9finition de l\u2019origine.<\/span><\/li>\n<\/ul>\n<p>&nbsp;<\/p>\n<p><span style=\"color: #333333;\"><strong>SH - Syst\u00e8me harmonis\u00e9<\/strong> - 6 caract\u00e8res - Convention internationale<\/span><\/p>\n<p><span style=\"color: #333333;\"><strong>NC - Nomenclature combin\u00e9e<\/strong> - SH + 2 caract\u00e8res - Harmonisation communautaire<\/span><\/p>\n<p><span style=\"color: #333333;\"><strong>TARIC<\/strong> - NC + 2 caract\u00e8res - Harmonisation communautaire<\/span><\/p>\n<p><span style=\"color: #333333;\"><strong>Code additionnel<\/strong> - TARIC + 4 caract\u00e8res - Codification fran\u00e7aise<\/span><\/p>\n<p>&nbsp;<\/p>\n<hr \/>\n<h4 style=\"text-align: center;\"><span style=\"color: #333333;\"><strong>L\u2019ENCYCLOPEDIE DOUANIERE via conex\u2122 est la r\u00e9f\u00e9rence en terme de tarif douanier, utilis\u00e9 par des milliers de d\u00e9clarants en douane : elle r\u00e9pond aux exigences de la r\u00e9glementation douani\u00e8re europ\u00e9enne et nationale. Elle est une aide incomparable au classement tarifaire de vos marchandises, et permet d\u2019obtenir toutes les informations r\u00e9glementaires n\u00e9cessaires \u00e0 la conformit\u00e9 de vos op\u00e9rations de d\u00e9douanement.<\/strong><\/span><\/h4>\n<p style=\"text-align: center;\"><a href=\"https:\/\/www.conex.net\/fr\/classement-tarifaire-encyclopedie-douaniere\/\"><img loading=\"lazy\" decoding=\"async\" class=\"aligncenter size-full wp-image-3285\" src=\"https:\/\/www.conex.net\/fr\/wp-content\/uploads\/sites\/2\/2020\/01\/Encyclopedie-douaniereviaconex200.jpg\" alt=\"Encyclopedie-douaniere via conex\" width=\"233\" height=\"200\" \/><\/a><\/p>\n<\/div>\n<\/div><\/div><\/div><\/div><\/div>","protected":false},"excerpt":{"rendered":"<p>Tarif douanier Le tarif douanier reprend l\u2019ensemble des nomenclatures des marchandises utilis\u00e9es dans le cadre du classement tarifaire des marchandises. Le classement tarifaire est une codification num\u00e9rique permettant d\u2019identifier les marchandises. La structure utilis\u00e9e est unifi\u00e9e au niveau mondial. Les produits sont class\u00e9s dans 97 chapitres eux-m\u00eames divis\u00e9s en positions. Syst\u00e8me harmonis\u00e9 (SH) Syst\u00e8me de d\u00e9signation et de codification des marchandises international \u00e9labor\u00e9e par l\u2019Organisation mondiale des douanes (OMD). Permet de disposer partout dans le [&hellip;]<\/p>\n","protected":false},"author":1,"featured_media":0,"parent":0,"menu_order":0,"comment_status":"closed","ping_status":"closed","template":"","meta":{"footnotes":""},"class_list":["post-6534","page","type-page","status-publish","hentry"],"yoast_head":"<!-- This site is optimized with the Yoast SEO plugin v27.4 - https:\/\/yoast.com\/product\/yoast-seo-wordpress\/ -->\n<title>D\u00e9finition Tarif douanier - Conex France<\/title>\n<meta name=\"description\" content=\"Reprend les nomenclatures des marchandises utilis\u00e9es pour le d\u00e9douanement, les libell\u00e9s des d\u00e9finitions associ\u00e9es et les taux des droits et taxes.\" \/>\n<meta name=\"robots\" content=\"index, follow, max-snippet:-1, max-image-preview:large, max-video-preview:-1\" \/>\n<link rel=\"canonical\" href=\"https:\/\/www.conex.net\/fr\/definition-tarif-douanier\/\" \/>\n<meta property=\"og:locale\" content=\"fr_FR\" \/>\n<meta property=\"og:type\" content=\"article\" \/>\n<meta property=\"og:title\" content=\"D\u00e9finition Tarif douanier - Conex France\" \/>\n<meta property=\"og:description\" content=\"Reprend les nomenclatures des marchandises utilis\u00e9es pour le d\u00e9douanement, les libell\u00e9s des d\u00e9finitions associ\u00e9es et les taux des droits et taxes.\" \/>\n<meta property=\"og:url\" content=\"https:\/\/www.conex.net\/fr\/definition-tarif-douanier\/\" \/>\n<meta property=\"og:site_name\" content=\"Conex France\" \/>\n<meta property=\"article:modified_time\" content=\"2022-07-11T12:30:58+00:00\" \/>\n<meta property=\"og:image\" content=\"https:\/\/www.conex.net\/fr\/wp-content\/uploads\/sites\/2\/2020\/01\/Encyclopedie-douaniereviaconex200.jpg\" \/>\n<meta name=\"twitter:card\" content=\"summary_large_image\" \/>\n<meta name=\"twitter:label1\" content=\"Dur\u00e9e de lecture estim\u00e9e\" \/>\n\t<meta name=\"twitter:data1\" content=\"2 minutes\" \/>\n<script type=\"application\/ld+json\" class=\"yoast-schema-graph\">{\"@context\":\"https:\\\/\\\/schema.org\",\"@graph\":[{\"@type\":\"WebPage\",\"@id\":\"https:\\\/\\\/www.conex.net\\\/fr\\\/definition-tarif-douanier\\\/\",\"url\":\"https:\\\/\\\/www.conex.net\\\/fr\\\/definition-tarif-douanier\\\/\",\"name\":\"D\u00e9finition Tarif douanier - Conex France\",\"isPartOf\":{\"@id\":\"https:\\\/\\\/www.conex.net\\\/fr\\\/#website\"},\"primaryImageOfPage\":{\"@id\":\"https:\\\/\\\/www.conex.net\\\/fr\\\/definition-tarif-douanier\\\/#primaryimage\"},\"image\":{\"@id\":\"https:\\\/\\\/www.conex.net\\\/fr\\\/definition-tarif-douanier\\\/#primaryimage\"},\"thumbnailUrl\":\"https:\\\/\\\/www.conex.net\\\/fr\\\/wp-content\\\/uploads\\\/sites\\\/2\\\/2020\\\/01\\\/Encyclopedie-douaniereviaconex200.jpg\",\"datePublished\":\"2021-07-22T13:23:22+00:00\",\"dateModified\":\"2022-07-11T12:30:58+00:00\",\"description\":\"Reprend les nomenclatures des marchandises utilis\u00e9es pour le d\u00e9douanement, les libell\u00e9s des d\u00e9finitions associ\u00e9es et les taux des droits et taxes.\",\"breadcrumb\":{\"@id\":\"https:\\\/\\\/www.conex.net\\\/fr\\\/definition-tarif-douanier\\\/#breadcrumb\"},\"inLanguage\":\"fr-FR\",\"potentialAction\":[{\"@type\":\"ReadAction\",\"target\":[\"https:\\\/\\\/www.conex.net\\\/fr\\\/definition-tarif-douanier\\\/\"]}]},{\"@type\":\"ImageObject\",\"inLanguage\":\"fr-FR\",\"@id\":\"https:\\\/\\\/www.conex.net\\\/fr\\\/definition-tarif-douanier\\\/#primaryimage\",\"url\":\"https:\\\/\\\/www.conex.net\\\/fr\\\/wp-content\\\/uploads\\\/sites\\\/2\\\/2020\\\/01\\\/Encyclopedie-douaniereviaconex200.jpg\",\"contentUrl\":\"https:\\\/\\\/www.conex.net\\\/fr\\\/wp-content\\\/uploads\\\/sites\\\/2\\\/2020\\\/01\\\/Encyclopedie-douaniereviaconex200.jpg\",\"width\":233,\"height\":200,\"caption\":\"Encyclopedie-douaniere via conex\"},{\"@type\":\"BreadcrumbList\",\"@id\":\"https:\\\/\\\/www.conex.net\\\/fr\\\/definition-tarif-douanier\\\/#breadcrumb\",\"itemListElement\":[{\"@type\":\"ListItem\",\"position\":1,\"name\":\"Accueil\",\"item\":\"https:\\\/\\\/www.conex.net\\\/fr\\\/\"},{\"@type\":\"ListItem\",\"position\":2,\"name\":\"D\u00e9finition Tarif douanier\"}]},{\"@type\":\"WebSite\",\"@id\":\"https:\\\/\\\/www.conex.net\\\/fr\\\/#website\",\"url\":\"https:\\\/\\\/www.conex.net\\\/fr\\\/\",\"name\":\"Conex France\",\"description\":\"Your customs partner - CONEX FRANCE\",\"publisher\":{\"@id\":\"https:\\\/\\\/www.conex.net\\\/fr\\\/#organization\"},\"potentialAction\":[{\"@type\":\"SearchAction\",\"target\":{\"@type\":\"EntryPoint\",\"urlTemplate\":\"https:\\\/\\\/www.conex.net\\\/fr\\\/?s={search_term_string}\"},\"query-input\":{\"@type\":\"PropertyValueSpecification\",\"valueRequired\":true,\"valueName\":\"search_term_string\"}}],\"inLanguage\":\"fr-FR\"},{\"@type\":\"Organization\",\"@id\":\"https:\\\/\\\/www.conex.net\\\/fr\\\/#organization\",\"name\":\"CONEX SAS\",\"url\":\"https:\\\/\\\/www.conex.net\\\/fr\\\/\",\"logo\":{\"@type\":\"ImageObject\",\"inLanguage\":\"fr-FR\",\"@id\":\"https:\\\/\\\/www.conex.net\\\/fr\\\/#\\\/schema\\\/logo\\\/image\\\/\",\"url\":\"https:\\\/\\\/www.conex.net\\\/fr\\\/wp-content\\\/uploads\\\/sites\\\/2\\\/2018\\\/10\\\/logo-conex.png\",\"contentUrl\":\"https:\\\/\\\/www.conex.net\\\/fr\\\/wp-content\\\/uploads\\\/sites\\\/2\\\/2018\\\/10\\\/logo-conex.png\",\"width\":138,\"height\":49,\"caption\":\"CONEX SAS\"},\"image\":{\"@id\":\"https:\\\/\\\/www.conex.net\\\/fr\\\/#\\\/schema\\\/logo\\\/image\\\/\"}}]}<\/script>\n<!-- \/ Yoast SEO plugin. -->","yoast_head_json":{"title":"D\u00e9finition Tarif douanier - Conex France","description":"Reprend les nomenclatures des marchandises utilis\u00e9es pour le d\u00e9douanement, les libell\u00e9s des d\u00e9finitions associ\u00e9es et les taux des droits et taxes.","robots":{"index":"index","follow":"follow","max-snippet":"max-snippet:-1","max-image-preview":"max-image-preview:large","max-video-preview":"max-video-preview:-1"},"canonical":"https:\/\/www.conex.net\/fr\/definition-tarif-douanier\/","og_locale":"fr_FR","og_type":"article","og_title":"D\u00e9finition Tarif douanier - Conex France","og_description":"Reprend les nomenclatures des marchandises utilis\u00e9es pour le d\u00e9douanement, les libell\u00e9s des d\u00e9finitions associ\u00e9es et les taux des droits et taxes.","og_url":"https:\/\/www.conex.net\/fr\/definition-tarif-douanier\/","og_site_name":"Conex France","article_modified_time":"2022-07-11T12:30:58+00:00","og_image":[{"url":"https:\/\/www.conex.net\/fr\/wp-content\/uploads\/sites\/2\/2020\/01\/Encyclopedie-douaniereviaconex200.jpg","type":"","width":"","height":""}],"twitter_card":"summary_large_image","twitter_misc":{"Dur\u00e9e de lecture estim\u00e9e":"2 minutes"},"schema":{"@context":"https:\/\/schema.org","@graph":[{"@type":"WebPage","@id":"https:\/\/www.conex.net\/fr\/definition-tarif-douanier\/","url":"https:\/\/www.conex.net\/fr\/definition-tarif-douanier\/","name":"D\u00e9finition Tarif douanier - Conex France","isPartOf":{"@id":"https:\/\/www.conex.net\/fr\/#website"},"primaryImageOfPage":{"@id":"https:\/\/www.conex.net\/fr\/definition-tarif-douanier\/#primaryimage"},"image":{"@id":"https:\/\/www.conex.net\/fr\/definition-tarif-douanier\/#primaryimage"},"thumbnailUrl":"https:\/\/www.conex.net\/fr\/wp-content\/uploads\/sites\/2\/2020\/01\/Encyclopedie-douaniereviaconex200.jpg","datePublished":"2021-07-22T13:23:22+00:00","dateModified":"2022-07-11T12:30:58+00:00","description":"Reprend les nomenclatures des marchandises utilis\u00e9es pour le d\u00e9douanement, les libell\u00e9s des d\u00e9finitions associ\u00e9es et les taux des droits et taxes.","breadcrumb":{"@id":"https:\/\/www.conex.net\/fr\/definition-tarif-douanier\/#breadcrumb"},"inLanguage":"fr-FR","potentialAction":[{"@type":"ReadAction","target":["https:\/\/www.conex.net\/fr\/definition-tarif-douanier\/"]}]},{"@type":"ImageObject","inLanguage":"fr-FR","@id":"https:\/\/www.conex.net\/fr\/definition-tarif-douanier\/#primaryimage","url":"https:\/\/www.conex.net\/fr\/wp-content\/uploads\/sites\/2\/2020\/01\/Encyclopedie-douaniereviaconex200.jpg","contentUrl":"https:\/\/www.conex.net\/fr\/wp-content\/uploads\/sites\/2\/2020\/01\/Encyclopedie-douaniereviaconex200.jpg","width":233,"height":200,"caption":"Encyclopedie-douaniere via conex"},{"@type":"BreadcrumbList","@id":"https:\/\/www.conex.net\/fr\/definition-tarif-douanier\/#breadcrumb","itemListElement":[{"@type":"ListItem","position":1,"name":"Accueil","item":"https:\/\/www.conex.net\/fr\/"},{"@type":"ListItem","position":2,"name":"D\u00e9finition Tarif douanier"}]},{"@type":"WebSite","@id":"https:\/\/www.conex.net\/fr\/#website","url":"https:\/\/www.conex.net\/fr\/","name":"Conex France","description":"Your customs partner - CONEX FRANCE","publisher":{"@id":"https:\/\/www.conex.net\/fr\/#organization"},"potentialAction":[{"@type":"SearchAction","target":{"@type":"EntryPoint","urlTemplate":"https:\/\/www.conex.net\/fr\/?s={search_term_string}"},"query-input":{"@type":"PropertyValueSpecification","valueRequired":true,"valueName":"search_term_string"}}],"inLanguage":"fr-FR"},{"@type":"Organization","@id":"https:\/\/www.conex.net\/fr\/#organization","name":"CONEX SAS","url":"https:\/\/www.conex.net\/fr\/","logo":{"@type":"ImageObject","inLanguage":"fr-FR","@id":"https:\/\/www.conex.net\/fr\/#\/schema\/logo\/image\/","url":"https:\/\/www.conex.net\/fr\/wp-content\/uploads\/sites\/2\/2018\/10\/logo-conex.png","contentUrl":"https:\/\/www.conex.net\/fr\/wp-content\/uploads\/sites\/2\/2018\/10\/logo-conex.png","width":138,"height":49,"caption":"CONEX SAS"},"image":{"@id":"https:\/\/www.conex.net\/fr\/#\/schema\/logo\/image\/"}}]}},"_links":{"self":[{"href":"https:\/\/www.conex.net\/fr\/wp-json\/wp\/v2\/pages\/6534","targetHints":{"allow":["GET"]}}],"collection":[{"href":"https:\/\/www.conex.net\/fr\/wp-json\/wp\/v2\/pages"}],"about":[{"href":"https:\/\/www.conex.net\/fr\/wp-json\/wp\/v2\/types\/page"}],"author":[{"embeddable":true,"href":"https:\/\/www.conex.net\/fr\/wp-json\/wp\/v2\/users\/1"}],"replies":[{"embeddable":true,"href":"https:\/\/www.conex.net\/fr\/wp-json\/wp\/v2\/comments?post=6534"}],"version-history":[{"count":12,"href":"https:\/\/www.conex.net\/fr\/wp-json\/wp\/v2\/pages\/6534\/revisions"}],"predecessor-version":[{"id":8017,"href":"https:\/\/www.conex.net\/fr\/wp-json\/wp\/v2\/pages\/6534\/revisions\/8017"}],"wp:attachment":[{"href":"https:\/\/www.conex.net\/fr\/wp-json\/wp\/v2\/media?parent=6534"}],"curies":[{"name":"wp","href":"https:\/\/api.w.org\/{rel}","templated":true}]}}