{"id":6541,"date":"2021-07-22T16:02:56","date_gmt":"2021-07-22T14:02:56","guid":{"rendered":"https:\/\/www.conex.net\/fr\/?page_id=6541"},"modified":"2021-07-22T16:02:56","modified_gmt":"2021-07-22T14:02:56","slug":"definition-ics","status":"publish","type":"page","link":"https:\/\/www.conex.net\/fr\/definition-ics\/","title":{"rendered":"D\u00e9finition ICS"},"content":{"rendered":"<div id=\"pl-6541\"  class=\"panel-layout\" ><div id=\"pg-6541-0\"  class=\"panel-grid panel-no-style\" ><div id=\"pgc-6541-0-0\"  class=\"panel-grid-cell\" ><div id=\"panel-6541-0-0-0\" class=\"so-panel widget widget_sow-editor panel-first-child panel-last-child\" data-index=\"0\" ><div\n\t\t\t\n\t\t\tclass=\"so-widget-sow-editor so-widget-sow-editor-base\"\n\t\t\t\n\t\t>\n<div class=\"siteorigin-widget-tinymce textwidget\">\n\t<h1><span style=\"color: #c70000;\"><strong>ICS - <\/strong><\/span><span style=\"color: #c70000;\"><strong>IMPORT CONTROL SYSTEM<\/strong><\/span><\/h1>\n<h4><span style=\"color: #333333;\">L\u2019Import Control System (ICS) est le syst\u00e8me \u00e9lectronique de gestion des d\u00e9clarations sommaires \u00e0 l\u2019importation applicable au 1er janvier 2011. Cette nouvelle r\u00e9glementation ICS, Import Control System, d\u00e9finit le syst\u00e8me \u00e9lectronique de gestion des d\u00e9clarations s\u00e9curitaires \u00e0 l\u2019importation de marchandises sur le territoire europ\u00e9en. Elle a en effet une vocation s\u00e9curitaire et anti-terroriste et permet le contr\u00f4le des marchandises qui entrent sur le sol europ\u00e9en.<\/span><\/h4>\n<hr \/>\n<h4 style=\"text-align: center;\"><a href=\"https:\/\/www.conex.net\/fr\/douane-ics-brexit\/\"><strong><span style=\"color: #333333;\">Notre solution logicielle : ICS via conex\u2122<\/span><\/strong><\/a><\/h4>\n<p><a href=\"https:\/\/www.conex.net\/fr\/douane-ics-brexit\/\"><img loading=\"lazy\" decoding=\"async\" class=\"aligncenter size-full wp-image-3313\" src=\"https:\/\/www.conex.net\/fr\/wp-content\/uploads\/sites\/2\/2020\/01\/SAFEviaconex200.jpg\" alt=\"SAFE via conex\" width=\"233\" height=\"200\" \/><\/a><\/p>\n<\/div>\n<\/div><\/div><\/div><\/div><\/div>","protected":false},"excerpt":{"rendered":"<p>ICS &#8211; IMPORT CONTROL SYSTEM L\u2019Import Control System (ICS) est le syst\u00e8me \u00e9lectronique de gestion des d\u00e9clarations sommaires \u00e0 l\u2019importation applicable au 1er janvier 2011. Cette nouvelle r\u00e9glementation ICS, Import Control System, d\u00e9finit le syst\u00e8me \u00e9lectronique de gestion des d\u00e9clarations s\u00e9curitaires \u00e0 l\u2019importation de marchandises sur le territoire europ\u00e9en. Elle a en effet une vocation s\u00e9curitaire et anti-terroriste et permet le contr\u00f4le des marchandises qui entrent sur le sol europ\u00e9en. Notre solution logicielle : ICS [&hellip;]<\/p>\n","protected":false},"author":1,"featured_media":0,"parent":0,"menu_order":0,"comment_status":"closed","ping_status":"closed","template":"","meta":{"footnotes":""},"class_list":["post-6541","page","type-page","status-publish","hentry"],"yoast_head":"<!-- This site is optimized with the Yoast SEO plugin v27.3 - https:\/\/yoast.com\/product\/yoast-seo-wordpress\/ -->\n<title>D\u00e9finition ICS - Conex France<\/title>\n<meta name=\"description\" content=\"L\u2019Import Control System est le syst\u00e8me \u00e9lectronique de gestion des d\u00e9clarations sommaires \u00e0 l\u2019importation applicable au 1er janvier 2011.\" \/>\n<meta name=\"robots\" content=\"index, follow, max-snippet:-1, max-image-preview:large, max-video-preview:-1\" \/>\n<link rel=\"canonical\" href=\"https:\/\/www.conex.net\/fr\/definition-ics\/\" \/>\n<meta property=\"og:locale\" content=\"fr_FR\" \/>\n<meta property=\"og:type\" content=\"article\" \/>\n<meta property=\"og:title\" content=\"D\u00e9finition ICS - Conex France\" \/>\n<meta property=\"og:description\" content=\"L\u2019Import Control System est le syst\u00e8me \u00e9lectronique de gestion des d\u00e9clarations sommaires \u00e0 l\u2019importation applicable au 1er janvier 2011.\" \/>\n<meta property=\"og:url\" content=\"https:\/\/www.conex.net\/fr\/definition-ics\/\" \/>\n<meta property=\"og:site_name\" content=\"Conex France\" \/>\n<meta property=\"og:image\" content=\"https:\/\/www.conex.net\/fr\/wp-content\/uploads\/sites\/2\/2020\/01\/SAFEviaconex200.jpg\" \/>\n<meta name=\"twitter:card\" content=\"summary_large_image\" \/>\n<script type=\"application\/ld+json\" class=\"yoast-schema-graph\">{\"@context\":\"https:\\\/\\\/schema.org\",\"@graph\":[{\"@type\":\"WebPage\",\"@id\":\"https:\\\/\\\/www.conex.net\\\/fr\\\/definition-ics\\\/\",\"url\":\"https:\\\/\\\/www.conex.net\\\/fr\\\/definition-ics\\\/\",\"name\":\"D\u00e9finition ICS - Conex France\",\"isPartOf\":{\"@id\":\"https:\\\/\\\/www.conex.net\\\/fr\\\/#website\"},\"primaryImageOfPage\":{\"@id\":\"https:\\\/\\\/www.conex.net\\\/fr\\\/definition-ics\\\/#primaryimage\"},\"image\":{\"@id\":\"https:\\\/\\\/www.conex.net\\\/fr\\\/definition-ics\\\/#primaryimage\"},\"thumbnailUrl\":\"https:\\\/\\\/www.conex.net\\\/fr\\\/wp-content\\\/uploads\\\/sites\\\/2\\\/2020\\\/01\\\/SAFEviaconex200.jpg\",\"datePublished\":\"2021-07-22T14:02:56+00:00\",\"description\":\"L\u2019Import Control System est le syst\u00e8me \u00e9lectronique de gestion des d\u00e9clarations sommaires \u00e0 l\u2019importation applicable au 1er janvier 2011.\",\"breadcrumb\":{\"@id\":\"https:\\\/\\\/www.conex.net\\\/fr\\\/definition-ics\\\/#breadcrumb\"},\"inLanguage\":\"fr-FR\",\"potentialAction\":[{\"@type\":\"ReadAction\",\"target\":[\"https:\\\/\\\/www.conex.net\\\/fr\\\/definition-ics\\\/\"]}]},{\"@type\":\"ImageObject\",\"inLanguage\":\"fr-FR\",\"@id\":\"https:\\\/\\\/www.conex.net\\\/fr\\\/definition-ics\\\/#primaryimage\",\"url\":\"https:\\\/\\\/www.conex.net\\\/fr\\\/wp-content\\\/uploads\\\/sites\\\/2\\\/2020\\\/01\\\/SAFEviaconex200.jpg\",\"contentUrl\":\"https:\\\/\\\/www.conex.net\\\/fr\\\/wp-content\\\/uploads\\\/sites\\\/2\\\/2020\\\/01\\\/SAFEviaconex200.jpg\",\"width\":233,\"height\":200,\"caption\":\"SAFE via conex\"},{\"@type\":\"BreadcrumbList\",\"@id\":\"https:\\\/\\\/www.conex.net\\\/fr\\\/definition-ics\\\/#breadcrumb\",\"itemListElement\":[{\"@type\":\"ListItem\",\"position\":1,\"name\":\"Accueil\",\"item\":\"https:\\\/\\\/www.conex.net\\\/fr\\\/\"},{\"@type\":\"ListItem\",\"position\":2,\"name\":\"D\u00e9finition ICS\"}]},{\"@type\":\"WebSite\",\"@id\":\"https:\\\/\\\/www.conex.net\\\/fr\\\/#website\",\"url\":\"https:\\\/\\\/www.conex.net\\\/fr\\\/\",\"name\":\"Conex France\",\"description\":\"Your customs partner - CONEX FRANCE\",\"publisher\":{\"@id\":\"https:\\\/\\\/www.conex.net\\\/fr\\\/#organization\"},\"potentialAction\":[{\"@type\":\"SearchAction\",\"target\":{\"@type\":\"EntryPoint\",\"urlTemplate\":\"https:\\\/\\\/www.conex.net\\\/fr\\\/?s={search_term_string}\"},\"query-input\":{\"@type\":\"PropertyValueSpecification\",\"valueRequired\":true,\"valueName\":\"search_term_string\"}}],\"inLanguage\":\"fr-FR\"},{\"@type\":\"Organization\",\"@id\":\"https:\\\/\\\/www.conex.net\\\/fr\\\/#organization\",\"name\":\"CONEX SAS\",\"url\":\"https:\\\/\\\/www.conex.net\\\/fr\\\/\",\"logo\":{\"@type\":\"ImageObject\",\"inLanguage\":\"fr-FR\",\"@id\":\"https:\\\/\\\/www.conex.net\\\/fr\\\/#\\\/schema\\\/logo\\\/image\\\/\",\"url\":\"https:\\\/\\\/www.conex.net\\\/fr\\\/wp-content\\\/uploads\\\/sites\\\/2\\\/2018\\\/10\\\/logo-conex.png\",\"contentUrl\":\"https:\\\/\\\/www.conex.net\\\/fr\\\/wp-content\\\/uploads\\\/sites\\\/2\\\/2018\\\/10\\\/logo-conex.png\",\"width\":138,\"height\":49,\"caption\":\"CONEX SAS\"},\"image\":{\"@id\":\"https:\\\/\\\/www.conex.net\\\/fr\\\/#\\\/schema\\\/logo\\\/image\\\/\"}}]}<\/script>\n<!-- \/ Yoast SEO plugin. -->","yoast_head_json":{"title":"D\u00e9finition ICS - Conex France","description":"L\u2019Import Control System est le syst\u00e8me \u00e9lectronique de gestion des d\u00e9clarations sommaires \u00e0 l\u2019importation applicable au 1er janvier 2011.","robots":{"index":"index","follow":"follow","max-snippet":"max-snippet:-1","max-image-preview":"max-image-preview:large","max-video-preview":"max-video-preview:-1"},"canonical":"https:\/\/www.conex.net\/fr\/definition-ics\/","og_locale":"fr_FR","og_type":"article","og_title":"D\u00e9finition ICS - Conex France","og_description":"L\u2019Import Control System est le syst\u00e8me \u00e9lectronique de gestion des d\u00e9clarations sommaires \u00e0 l\u2019importation applicable au 1er janvier 2011.","og_url":"https:\/\/www.conex.net\/fr\/definition-ics\/","og_site_name":"Conex France","og_image":[{"url":"https:\/\/www.conex.net\/fr\/wp-content\/uploads\/sites\/2\/2020\/01\/SAFEviaconex200.jpg","type":"","width":"","height":""}],"twitter_card":"summary_large_image","schema":{"@context":"https:\/\/schema.org","@graph":[{"@type":"WebPage","@id":"https:\/\/www.conex.net\/fr\/definition-ics\/","url":"https:\/\/www.conex.net\/fr\/definition-ics\/","name":"D\u00e9finition ICS - Conex France","isPartOf":{"@id":"https:\/\/www.conex.net\/fr\/#website"},"primaryImageOfPage":{"@id":"https:\/\/www.conex.net\/fr\/definition-ics\/#primaryimage"},"image":{"@id":"https:\/\/www.conex.net\/fr\/definition-ics\/#primaryimage"},"thumbnailUrl":"https:\/\/www.conex.net\/fr\/wp-content\/uploads\/sites\/2\/2020\/01\/SAFEviaconex200.jpg","datePublished":"2021-07-22T14:02:56+00:00","description":"L\u2019Import Control System est le syst\u00e8me \u00e9lectronique de gestion des d\u00e9clarations sommaires \u00e0 l\u2019importation applicable au 1er janvier 2011.","breadcrumb":{"@id":"https:\/\/www.conex.net\/fr\/definition-ics\/#breadcrumb"},"inLanguage":"fr-FR","potentialAction":[{"@type":"ReadAction","target":["https:\/\/www.conex.net\/fr\/definition-ics\/"]}]},{"@type":"ImageObject","inLanguage":"fr-FR","@id":"https:\/\/www.conex.net\/fr\/definition-ics\/#primaryimage","url":"https:\/\/www.conex.net\/fr\/wp-content\/uploads\/sites\/2\/2020\/01\/SAFEviaconex200.jpg","contentUrl":"https:\/\/www.conex.net\/fr\/wp-content\/uploads\/sites\/2\/2020\/01\/SAFEviaconex200.jpg","width":233,"height":200,"caption":"SAFE via conex"},{"@type":"BreadcrumbList","@id":"https:\/\/www.conex.net\/fr\/definition-ics\/#breadcrumb","itemListElement":[{"@type":"ListItem","position":1,"name":"Accueil","item":"https:\/\/www.conex.net\/fr\/"},{"@type":"ListItem","position":2,"name":"D\u00e9finition ICS"}]},{"@type":"WebSite","@id":"https:\/\/www.conex.net\/fr\/#website","url":"https:\/\/www.conex.net\/fr\/","name":"Conex France","description":"Your customs partner - CONEX FRANCE","publisher":{"@id":"https:\/\/www.conex.net\/fr\/#organization"},"potentialAction":[{"@type":"SearchAction","target":{"@type":"EntryPoint","urlTemplate":"https:\/\/www.conex.net\/fr\/?s={search_term_string}"},"query-input":{"@type":"PropertyValueSpecification","valueRequired":true,"valueName":"search_term_string"}}],"inLanguage":"fr-FR"},{"@type":"Organization","@id":"https:\/\/www.conex.net\/fr\/#organization","name":"CONEX SAS","url":"https:\/\/www.conex.net\/fr\/","logo":{"@type":"ImageObject","inLanguage":"fr-FR","@id":"https:\/\/www.conex.net\/fr\/#\/schema\/logo\/image\/","url":"https:\/\/www.conex.net\/fr\/wp-content\/uploads\/sites\/2\/2018\/10\/logo-conex.png","contentUrl":"https:\/\/www.conex.net\/fr\/wp-content\/uploads\/sites\/2\/2018\/10\/logo-conex.png","width":138,"height":49,"caption":"CONEX SAS"},"image":{"@id":"https:\/\/www.conex.net\/fr\/#\/schema\/logo\/image\/"}}]}},"_links":{"self":[{"href":"https:\/\/www.conex.net\/fr\/wp-json\/wp\/v2\/pages\/6541","targetHints":{"allow":["GET"]}}],"collection":[{"href":"https:\/\/www.conex.net\/fr\/wp-json\/wp\/v2\/pages"}],"about":[{"href":"https:\/\/www.conex.net\/fr\/wp-json\/wp\/v2\/types\/page"}],"author":[{"embeddable":true,"href":"https:\/\/www.conex.net\/fr\/wp-json\/wp\/v2\/users\/1"}],"replies":[{"embeddable":true,"href":"https:\/\/www.conex.net\/fr\/wp-json\/wp\/v2\/comments?post=6541"}],"version-history":[{"count":1,"href":"https:\/\/www.conex.net\/fr\/wp-json\/wp\/v2\/pages\/6541\/revisions"}],"predecessor-version":[{"id":6542,"href":"https:\/\/www.conex.net\/fr\/wp-json\/wp\/v2\/pages\/6541\/revisions\/6542"}],"wp:attachment":[{"href":"https:\/\/www.conex.net\/fr\/wp-json\/wp\/v2\/media?parent=6541"}],"curies":[{"name":"wp","href":"https:\/\/api.w.org\/{rel}","templated":true}]}}