{"id":6551,"date":"2021-07-22T16:30:47","date_gmt":"2021-07-22T14:30:47","guid":{"rendered":"https:\/\/www.conex.net\/fr\/?page_id=6551"},"modified":"2022-07-11T14:42:57","modified_gmt":"2022-07-11T12:42:57","slug":"definition-taric","status":"publish","type":"page","link":"https:\/\/www.conex.net\/fr\/definition-taric\/","title":{"rendered":"D\u00e9finition TARIC"},"content":{"rendered":"<div id=\"pl-6551\"  class=\"panel-layout\" ><div id=\"pg-6551-0\"  class=\"panel-grid panel-no-style\" ><div id=\"pgc-6551-0-0\"  class=\"panel-grid-cell\" ><div id=\"panel-6551-0-0-0\" class=\"so-panel widget widget_sow-editor panel-first-child panel-last-child\" data-index=\"0\" ><div\n\t\t\t\n\t\t\tclass=\"so-widget-sow-editor so-widget-sow-editor-base\"\n\t\t\t\n\t\t>\n<div class=\"siteorigin-widget-tinymce textwidget\">\n\t<h1><span style=\"color: #c70000;\"><strong>TARIC <\/strong><\/span><\/h1>\n<h1><span style=\"color: #c70000;\"><strong>Tarif int\u00e9gr\u00e9 des Communaut\u00e9s europ\u00e9ennes<\/strong><\/span><\/h1>\n<h4><span style=\"color: #333333;\">Tarif int\u00e9gr\u00e9 des Communaut\u00e9s, contenu dans une base de donn\u00e9es de la Commission. Il comprend les mesures communautaires applicables \u00e0 l\u2019importation et \u00e0 l\u2019exportation de produits sp\u00e9cifiques, telles les suspensions tarifaires, les contingents tarifaires, les pr\u00e9f\u00e9rences tarifaires, les droits anti-dumping, les restrictions quantitatives, les embargos, les restitutions \u00e0 l\u2019exportation.<\/span><\/h4>\n<h4><span style=\"color: #333333;\">Compos\u00e9 de 10 chiffres, le code TARIC est une division de la nomenclature combin\u00e9e NC.<\/span><\/h4>\n<hr \/>\n<h4><span style=\"color: #333333;\"><strong>SH - Syst\u00e8me harmonis\u00e9<\/strong>\u00a0- 6 caract\u00e8res - Convention internationale<\/span><\/h4>\n<h4><span style=\"color: #333333;\"><strong>NC - Nomenclature combin\u00e9e<\/strong>\u00a0- SH + 2 caract\u00e8res - Harmonisation communautaire<\/span><\/h4>\n<h4><span style=\"color: #333333;\"><strong>TARIC<\/strong>\u00a0- NC + 2 caract\u00e8res - Harmonisation communautaire<\/span><\/h4>\n<h4><span style=\"color: #333333;\"><strong>Code additionnel<\/strong>\u00a0- TARIC + 4 caract\u00e8res - Codification fran\u00e7aise<\/span><\/h4>\n<hr \/>\n<h4 style=\"text-align: center;\"><span style=\"color: #333333;\"><strong>L\u2019ENCYCLOPEDIE DOUANIERE via conex\u2122<br \/>\nest la r\u00e9f\u00e9rence en terme de tarif douanier, utilis\u00e9 par des milliers de d\u00e9clarants en douane\u00a0<\/strong><\/span><\/h4>\n<p><a href=\"https:\/\/www.conex.net\/fr\/classement-tarifaire-encyclopedie-douaniere\/\"><img loading=\"lazy\" decoding=\"async\" class=\"aligncenter size-full wp-image-3285\" src=\"https:\/\/www.conex.net\/fr\/wp-content\/uploads\/sites\/2\/2020\/01\/Encyclopedie-douaniereviaconex200.jpg\" alt=\"Encyclopedie-douaniere via conex\" width=\"233\" height=\"200\" \/><\/a><\/p>\n<\/div>\n<\/div><\/div><\/div><\/div><\/div>","protected":false},"excerpt":{"rendered":"<p>TARIC Tarif int\u00e9gr\u00e9 des Communaut\u00e9s europ\u00e9ennes Tarif int\u00e9gr\u00e9 des Communaut\u00e9s, contenu dans une base de donn\u00e9es de la Commission. Il comprend les mesures communautaires applicables \u00e0 l\u2019importation et \u00e0 l\u2019exportation de produits sp\u00e9cifiques, telles les suspensions tarifaires, les contingents tarifaires, les pr\u00e9f\u00e9rences tarifaires, les droits anti-dumping, les restrictions quantitatives, les embargos, les restitutions \u00e0 l\u2019exportation. Compos\u00e9 de 10 chiffres, le code TARIC est une division de la nomenclature combin\u00e9e NC. SH &#8211; Syst\u00e8me harmonis\u00e9\u00a0&#8211; 6 [&hellip;]<\/p>\n","protected":false},"author":1,"featured_media":0,"parent":0,"menu_order":0,"comment_status":"closed","ping_status":"closed","template":"","meta":{"footnotes":""},"class_list":["post-6551","page","type-page","status-publish","hentry"],"yoast_head":"<!-- This site is optimized with the Yoast SEO plugin v27.4 - https:\/\/yoast.com\/product\/yoast-seo-wordpress\/ -->\n<title>D\u00e9finition TARIC - Conex France<\/title>\n<meta name=\"description\" content=\"TARIC : Tarif int\u00e9gr\u00e9 des Communaut\u00e9s europ\u00e9ennes .Compos\u00e9 de 10 chiffres, le code TARIC est une division de la nomenclature combin\u00e9e NC.\" \/>\n<meta name=\"robots\" content=\"index, follow, max-snippet:-1, max-image-preview:large, max-video-preview:-1\" \/>\n<link rel=\"canonical\" href=\"https:\/\/www.conex.net\/fr\/definition-taric\/\" \/>\n<meta property=\"og:locale\" content=\"fr_FR\" \/>\n<meta property=\"og:type\" content=\"article\" \/>\n<meta property=\"og:title\" content=\"D\u00e9finition TARIC - Conex France\" \/>\n<meta property=\"og:description\" content=\"TARIC : Tarif int\u00e9gr\u00e9 des Communaut\u00e9s europ\u00e9ennes .Compos\u00e9 de 10 chiffres, le code TARIC est une division de la nomenclature combin\u00e9e NC.\" \/>\n<meta property=\"og:url\" content=\"https:\/\/www.conex.net\/fr\/definition-taric\/\" \/>\n<meta property=\"og:site_name\" content=\"Conex France\" \/>\n<meta property=\"article:modified_time\" content=\"2022-07-11T12:42:57+00:00\" \/>\n<meta property=\"og:image\" content=\"https:\/\/www.conex.net\/fr\/wp-content\/uploads\/sites\/2\/2020\/01\/Encyclopedie-douaniereviaconex200.jpg\" \/>\n<meta name=\"twitter:card\" content=\"summary_large_image\" \/>\n<meta name=\"twitter:label1\" content=\"Dur\u00e9e de lecture estim\u00e9e\" \/>\n\t<meta name=\"twitter:data1\" content=\"1 minute\" \/>\n<script type=\"application\/ld+json\" class=\"yoast-schema-graph\">{\"@context\":\"https:\\\/\\\/schema.org\",\"@graph\":[{\"@type\":\"WebPage\",\"@id\":\"https:\\\/\\\/www.conex.net\\\/fr\\\/definition-taric\\\/\",\"url\":\"https:\\\/\\\/www.conex.net\\\/fr\\\/definition-taric\\\/\",\"name\":\"D\u00e9finition TARIC - Conex France\",\"isPartOf\":{\"@id\":\"https:\\\/\\\/www.conex.net\\\/fr\\\/#website\"},\"primaryImageOfPage\":{\"@id\":\"https:\\\/\\\/www.conex.net\\\/fr\\\/definition-taric\\\/#primaryimage\"},\"image\":{\"@id\":\"https:\\\/\\\/www.conex.net\\\/fr\\\/definition-taric\\\/#primaryimage\"},\"thumbnailUrl\":\"https:\\\/\\\/www.conex.net\\\/fr\\\/wp-content\\\/uploads\\\/sites\\\/2\\\/2020\\\/01\\\/Encyclopedie-douaniereviaconex200.jpg\",\"datePublished\":\"2021-07-22T14:30:47+00:00\",\"dateModified\":\"2022-07-11T12:42:57+00:00\",\"description\":\"TARIC : Tarif int\u00e9gr\u00e9 des Communaut\u00e9s europ\u00e9ennes .Compos\u00e9 de 10 chiffres, le code TARIC est une division de la nomenclature combin\u00e9e NC.\",\"breadcrumb\":{\"@id\":\"https:\\\/\\\/www.conex.net\\\/fr\\\/definition-taric\\\/#breadcrumb\"},\"inLanguage\":\"fr-FR\",\"potentialAction\":[{\"@type\":\"ReadAction\",\"target\":[\"https:\\\/\\\/www.conex.net\\\/fr\\\/definition-taric\\\/\"]}]},{\"@type\":\"ImageObject\",\"inLanguage\":\"fr-FR\",\"@id\":\"https:\\\/\\\/www.conex.net\\\/fr\\\/definition-taric\\\/#primaryimage\",\"url\":\"https:\\\/\\\/www.conex.net\\\/fr\\\/wp-content\\\/uploads\\\/sites\\\/2\\\/2020\\\/01\\\/Encyclopedie-douaniereviaconex200.jpg\",\"contentUrl\":\"https:\\\/\\\/www.conex.net\\\/fr\\\/wp-content\\\/uploads\\\/sites\\\/2\\\/2020\\\/01\\\/Encyclopedie-douaniereviaconex200.jpg\",\"width\":233,\"height\":200,\"caption\":\"Encyclopedie-douaniere via conex\"},{\"@type\":\"BreadcrumbList\",\"@id\":\"https:\\\/\\\/www.conex.net\\\/fr\\\/definition-taric\\\/#breadcrumb\",\"itemListElement\":[{\"@type\":\"ListItem\",\"position\":1,\"name\":\"Accueil\",\"item\":\"https:\\\/\\\/www.conex.net\\\/fr\\\/\"},{\"@type\":\"ListItem\",\"position\":2,\"name\":\"D\u00e9finition TARIC\"}]},{\"@type\":\"WebSite\",\"@id\":\"https:\\\/\\\/www.conex.net\\\/fr\\\/#website\",\"url\":\"https:\\\/\\\/www.conex.net\\\/fr\\\/\",\"name\":\"Conex France\",\"description\":\"Your customs partner - CONEX FRANCE\",\"publisher\":{\"@id\":\"https:\\\/\\\/www.conex.net\\\/fr\\\/#organization\"},\"potentialAction\":[{\"@type\":\"SearchAction\",\"target\":{\"@type\":\"EntryPoint\",\"urlTemplate\":\"https:\\\/\\\/www.conex.net\\\/fr\\\/?s={search_term_string}\"},\"query-input\":{\"@type\":\"PropertyValueSpecification\",\"valueRequired\":true,\"valueName\":\"search_term_string\"}}],\"inLanguage\":\"fr-FR\"},{\"@type\":\"Organization\",\"@id\":\"https:\\\/\\\/www.conex.net\\\/fr\\\/#organization\",\"name\":\"CONEX SAS\",\"url\":\"https:\\\/\\\/www.conex.net\\\/fr\\\/\",\"logo\":{\"@type\":\"ImageObject\",\"inLanguage\":\"fr-FR\",\"@id\":\"https:\\\/\\\/www.conex.net\\\/fr\\\/#\\\/schema\\\/logo\\\/image\\\/\",\"url\":\"https:\\\/\\\/www.conex.net\\\/fr\\\/wp-content\\\/uploads\\\/sites\\\/2\\\/2018\\\/10\\\/logo-conex.png\",\"contentUrl\":\"https:\\\/\\\/www.conex.net\\\/fr\\\/wp-content\\\/uploads\\\/sites\\\/2\\\/2018\\\/10\\\/logo-conex.png\",\"width\":138,\"height\":49,\"caption\":\"CONEX SAS\"},\"image\":{\"@id\":\"https:\\\/\\\/www.conex.net\\\/fr\\\/#\\\/schema\\\/logo\\\/image\\\/\"}}]}<\/script>\n<!-- \/ Yoast SEO plugin. -->","yoast_head_json":{"title":"D\u00e9finition TARIC - Conex France","description":"TARIC : Tarif int\u00e9gr\u00e9 des Communaut\u00e9s europ\u00e9ennes .Compos\u00e9 de 10 chiffres, le code TARIC est une division de la nomenclature combin\u00e9e NC.","robots":{"index":"index","follow":"follow","max-snippet":"max-snippet:-1","max-image-preview":"max-image-preview:large","max-video-preview":"max-video-preview:-1"},"canonical":"https:\/\/www.conex.net\/fr\/definition-taric\/","og_locale":"fr_FR","og_type":"article","og_title":"D\u00e9finition TARIC - Conex France","og_description":"TARIC : Tarif int\u00e9gr\u00e9 des Communaut\u00e9s europ\u00e9ennes .Compos\u00e9 de 10 chiffres, le code TARIC est une division de la nomenclature combin\u00e9e NC.","og_url":"https:\/\/www.conex.net\/fr\/definition-taric\/","og_site_name":"Conex France","article_modified_time":"2022-07-11T12:42:57+00:00","og_image":[{"url":"https:\/\/www.conex.net\/fr\/wp-content\/uploads\/sites\/2\/2020\/01\/Encyclopedie-douaniereviaconex200.jpg","type":"","width":"","height":""}],"twitter_card":"summary_large_image","twitter_misc":{"Dur\u00e9e de lecture estim\u00e9e":"1 minute"},"schema":{"@context":"https:\/\/schema.org","@graph":[{"@type":"WebPage","@id":"https:\/\/www.conex.net\/fr\/definition-taric\/","url":"https:\/\/www.conex.net\/fr\/definition-taric\/","name":"D\u00e9finition TARIC - Conex France","isPartOf":{"@id":"https:\/\/www.conex.net\/fr\/#website"},"primaryImageOfPage":{"@id":"https:\/\/www.conex.net\/fr\/definition-taric\/#primaryimage"},"image":{"@id":"https:\/\/www.conex.net\/fr\/definition-taric\/#primaryimage"},"thumbnailUrl":"https:\/\/www.conex.net\/fr\/wp-content\/uploads\/sites\/2\/2020\/01\/Encyclopedie-douaniereviaconex200.jpg","datePublished":"2021-07-22T14:30:47+00:00","dateModified":"2022-07-11T12:42:57+00:00","description":"TARIC : Tarif int\u00e9gr\u00e9 des Communaut\u00e9s europ\u00e9ennes .Compos\u00e9 de 10 chiffres, le code TARIC est une division de la nomenclature combin\u00e9e NC.","breadcrumb":{"@id":"https:\/\/www.conex.net\/fr\/definition-taric\/#breadcrumb"},"inLanguage":"fr-FR","potentialAction":[{"@type":"ReadAction","target":["https:\/\/www.conex.net\/fr\/definition-taric\/"]}]},{"@type":"ImageObject","inLanguage":"fr-FR","@id":"https:\/\/www.conex.net\/fr\/definition-taric\/#primaryimage","url":"https:\/\/www.conex.net\/fr\/wp-content\/uploads\/sites\/2\/2020\/01\/Encyclopedie-douaniereviaconex200.jpg","contentUrl":"https:\/\/www.conex.net\/fr\/wp-content\/uploads\/sites\/2\/2020\/01\/Encyclopedie-douaniereviaconex200.jpg","width":233,"height":200,"caption":"Encyclopedie-douaniere via conex"},{"@type":"BreadcrumbList","@id":"https:\/\/www.conex.net\/fr\/definition-taric\/#breadcrumb","itemListElement":[{"@type":"ListItem","position":1,"name":"Accueil","item":"https:\/\/www.conex.net\/fr\/"},{"@type":"ListItem","position":2,"name":"D\u00e9finition TARIC"}]},{"@type":"WebSite","@id":"https:\/\/www.conex.net\/fr\/#website","url":"https:\/\/www.conex.net\/fr\/","name":"Conex France","description":"Your customs partner - CONEX FRANCE","publisher":{"@id":"https:\/\/www.conex.net\/fr\/#organization"},"potentialAction":[{"@type":"SearchAction","target":{"@type":"EntryPoint","urlTemplate":"https:\/\/www.conex.net\/fr\/?s={search_term_string}"},"query-input":{"@type":"PropertyValueSpecification","valueRequired":true,"valueName":"search_term_string"}}],"inLanguage":"fr-FR"},{"@type":"Organization","@id":"https:\/\/www.conex.net\/fr\/#organization","name":"CONEX SAS","url":"https:\/\/www.conex.net\/fr\/","logo":{"@type":"ImageObject","inLanguage":"fr-FR","@id":"https:\/\/www.conex.net\/fr\/#\/schema\/logo\/image\/","url":"https:\/\/www.conex.net\/fr\/wp-content\/uploads\/sites\/2\/2018\/10\/logo-conex.png","contentUrl":"https:\/\/www.conex.net\/fr\/wp-content\/uploads\/sites\/2\/2018\/10\/logo-conex.png","width":138,"height":49,"caption":"CONEX SAS"},"image":{"@id":"https:\/\/www.conex.net\/fr\/#\/schema\/logo\/image\/"}}]}},"_links":{"self":[{"href":"https:\/\/www.conex.net\/fr\/wp-json\/wp\/v2\/pages\/6551","targetHints":{"allow":["GET"]}}],"collection":[{"href":"https:\/\/www.conex.net\/fr\/wp-json\/wp\/v2\/pages"}],"about":[{"href":"https:\/\/www.conex.net\/fr\/wp-json\/wp\/v2\/types\/page"}],"author":[{"embeddable":true,"href":"https:\/\/www.conex.net\/fr\/wp-json\/wp\/v2\/users\/1"}],"replies":[{"embeddable":true,"href":"https:\/\/www.conex.net\/fr\/wp-json\/wp\/v2\/comments?post=6551"}],"version-history":[{"count":3,"href":"https:\/\/www.conex.net\/fr\/wp-json\/wp\/v2\/pages\/6551\/revisions"}],"predecessor-version":[{"id":8030,"href":"https:\/\/www.conex.net\/fr\/wp-json\/wp\/v2\/pages\/6551\/revisions\/8030"}],"wp:attachment":[{"href":"https:\/\/www.conex.net\/fr\/wp-json\/wp\/v2\/media?parent=6551"}],"curies":[{"name":"wp","href":"https:\/\/api.w.org\/{rel}","templated":true}]}}