{"id":6553,"date":"2021-07-22T17:11:26","date_gmt":"2021-07-22T15:11:26","guid":{"rendered":"https:\/\/www.conex.net\/fr\/?page_id=6553"},"modified":"2021-07-22T17:11:26","modified_gmt":"2021-07-22T15:11:26","slug":"definition-dau","status":"publish","type":"page","link":"https:\/\/www.conex.net\/fr\/definition-dau\/","title":{"rendered":"D\u00e9finition DAU"},"content":{"rendered":"<div id=\"pl-6553\"  class=\"panel-layout\" ><div id=\"pg-6553-0\"  class=\"panel-grid panel-no-style\" ><div id=\"pgc-6553-0-0\"  class=\"panel-grid-cell\" ><div id=\"panel-6553-0-0-0\" class=\"so-panel widget widget_sow-editor panel-first-child panel-last-child\" data-index=\"0\" ><div\n\t\t\t\n\t\t\tclass=\"so-widget-sow-editor so-widget-sow-editor-base\"\n\t\t\t\n\t\t>\n<div class=\"siteorigin-widget-tinymce textwidget\">\n\t<h1><span style=\"color: #c70000;\"><strong>DAU<\/strong><\/span><\/h1>\n<ul>\n<li>\n<h4><span style=\"color: #333333;\">Document administratif unique<\/span><\/h4>\n<\/li>\n<li>\n<h4><span style=\"color: #333333;\">Formulaire \u00e0 plusieurs feuillets qui est utilis\u00e9 dans la Communaut\u00e9 et les pays AELE pour le contr\u00f4le des importations, des exportations et des marchandises en transit. Voir \u00e9galement Document d\u2019accompagnement transit.<\/span><\/h4>\n<\/li>\n<li>\n<h4><span style=\"color: #333333;\">Formulaire utilis\u00e9 pour r\u00e9diger les d\u00e9clarations en douane en proc\u00e9dure normale ou les d\u00e9clarations sommaires en proc\u00e9dures simplifi\u00e9es.<\/span><\/h4>\n<\/li>\n<li>\n<h4><span style=\"color: #333333;\">Document pr\u00e9sent\u00e9 sous la forme d\u2019une liasse \u00e0 8 feuillets.<\/span><\/h4>\n<\/li>\n<\/ul>\n<\/div>\n<\/div><\/div><\/div><\/div><\/div>","protected":false},"excerpt":{"rendered":"<p>DAU Document administratif unique Formulaire \u00e0 plusieurs feuillets qui est utilis\u00e9 dans la Communaut\u00e9 et les pays AELE pour le contr\u00f4le des importations, des exportations et des marchandises en transit. Voir \u00e9galement Document d\u2019accompagnement transit. Formulaire utilis\u00e9 pour r\u00e9diger les d\u00e9clarations en douane en proc\u00e9dure normale ou les d\u00e9clarations sommaires en proc\u00e9dures simplifi\u00e9es. Document pr\u00e9sent\u00e9 sous la forme d\u2019une liasse \u00e0 8 feuillets.<\/p>\n","protected":false},"author":1,"featured_media":0,"parent":0,"menu_order":0,"comment_status":"closed","ping_status":"closed","template":"","meta":{"footnotes":""},"class_list":["post-6553","page","type-page","status-publish","hentry"],"yoast_head":"<!-- This site is optimized with the Yoast SEO plugin v27.3 - https:\/\/yoast.com\/product\/yoast-seo-wordpress\/ -->\n<title>D\u00e9finition DAU - Conex France<\/title>\n<meta name=\"description\" content=\"Document administratif unique - Formulaire \u00e0 plusieurs feuillets qui est utilis\u00e9 dans la Communaut\u00e9 et les pays AELE pour le contr\u00f4le des importations, des exportations et des marchandises en transit.\" \/>\n<meta name=\"robots\" content=\"index, follow, max-snippet:-1, max-image-preview:large, max-video-preview:-1\" \/>\n<link rel=\"canonical\" href=\"https:\/\/www.conex.net\/fr\/definition-dau\/\" \/>\n<meta property=\"og:locale\" content=\"fr_FR\" \/>\n<meta property=\"og:type\" content=\"article\" \/>\n<meta property=\"og:title\" content=\"D\u00e9finition DAU - Conex France\" \/>\n<meta property=\"og:description\" content=\"Document administratif unique - Formulaire \u00e0 plusieurs feuillets qui est utilis\u00e9 dans la Communaut\u00e9 et les pays AELE pour le contr\u00f4le des importations, des exportations et des marchandises en transit.\" \/>\n<meta property=\"og:url\" content=\"https:\/\/www.conex.net\/fr\/definition-dau\/\" \/>\n<meta property=\"og:site_name\" content=\"Conex France\" \/>\n<meta name=\"twitter:card\" content=\"summary_large_image\" \/>\n<script type=\"application\/ld+json\" class=\"yoast-schema-graph\">{\"@context\":\"https:\\\/\\\/schema.org\",\"@graph\":[{\"@type\":\"WebPage\",\"@id\":\"https:\\\/\\\/www.conex.net\\\/fr\\\/definition-dau\\\/\",\"url\":\"https:\\\/\\\/www.conex.net\\\/fr\\\/definition-dau\\\/\",\"name\":\"D\u00e9finition DAU - Conex France\",\"isPartOf\":{\"@id\":\"https:\\\/\\\/www.conex.net\\\/fr\\\/#website\"},\"datePublished\":\"2021-07-22T15:11:26+00:00\",\"description\":\"Document administratif unique - Formulaire \u00e0 plusieurs feuillets qui est utilis\u00e9 dans la Communaut\u00e9 et les pays AELE pour le contr\u00f4le des importations, des exportations et des marchandises en transit.\",\"breadcrumb\":{\"@id\":\"https:\\\/\\\/www.conex.net\\\/fr\\\/definition-dau\\\/#breadcrumb\"},\"inLanguage\":\"fr-FR\",\"potentialAction\":[{\"@type\":\"ReadAction\",\"target\":[\"https:\\\/\\\/www.conex.net\\\/fr\\\/definition-dau\\\/\"]}]},{\"@type\":\"BreadcrumbList\",\"@id\":\"https:\\\/\\\/www.conex.net\\\/fr\\\/definition-dau\\\/#breadcrumb\",\"itemListElement\":[{\"@type\":\"ListItem\",\"position\":1,\"name\":\"Accueil\",\"item\":\"https:\\\/\\\/www.conex.net\\\/fr\\\/\"},{\"@type\":\"ListItem\",\"position\":2,\"name\":\"D\u00e9finition DAU\"}]},{\"@type\":\"WebSite\",\"@id\":\"https:\\\/\\\/www.conex.net\\\/fr\\\/#website\",\"url\":\"https:\\\/\\\/www.conex.net\\\/fr\\\/\",\"name\":\"Conex France\",\"description\":\"Your customs partner - CONEX FRANCE\",\"publisher\":{\"@id\":\"https:\\\/\\\/www.conex.net\\\/fr\\\/#organization\"},\"potentialAction\":[{\"@type\":\"SearchAction\",\"target\":{\"@type\":\"EntryPoint\",\"urlTemplate\":\"https:\\\/\\\/www.conex.net\\\/fr\\\/?s={search_term_string}\"},\"query-input\":{\"@type\":\"PropertyValueSpecification\",\"valueRequired\":true,\"valueName\":\"search_term_string\"}}],\"inLanguage\":\"fr-FR\"},{\"@type\":\"Organization\",\"@id\":\"https:\\\/\\\/www.conex.net\\\/fr\\\/#organization\",\"name\":\"CONEX SAS\",\"url\":\"https:\\\/\\\/www.conex.net\\\/fr\\\/\",\"logo\":{\"@type\":\"ImageObject\",\"inLanguage\":\"fr-FR\",\"@id\":\"https:\\\/\\\/www.conex.net\\\/fr\\\/#\\\/schema\\\/logo\\\/image\\\/\",\"url\":\"https:\\\/\\\/www.conex.net\\\/fr\\\/wp-content\\\/uploads\\\/sites\\\/2\\\/2018\\\/10\\\/logo-conex.png\",\"contentUrl\":\"https:\\\/\\\/www.conex.net\\\/fr\\\/wp-content\\\/uploads\\\/sites\\\/2\\\/2018\\\/10\\\/logo-conex.png\",\"width\":138,\"height\":49,\"caption\":\"CONEX SAS\"},\"image\":{\"@id\":\"https:\\\/\\\/www.conex.net\\\/fr\\\/#\\\/schema\\\/logo\\\/image\\\/\"}}]}<\/script>\n<!-- \/ Yoast SEO plugin. -->","yoast_head_json":{"title":"D\u00e9finition DAU - Conex France","description":"Document administratif unique - Formulaire \u00e0 plusieurs feuillets qui est utilis\u00e9 dans la Communaut\u00e9 et les pays AELE pour le contr\u00f4le des importations, des exportations et des marchandises en transit.","robots":{"index":"index","follow":"follow","max-snippet":"max-snippet:-1","max-image-preview":"max-image-preview:large","max-video-preview":"max-video-preview:-1"},"canonical":"https:\/\/www.conex.net\/fr\/definition-dau\/","og_locale":"fr_FR","og_type":"article","og_title":"D\u00e9finition DAU - Conex France","og_description":"Document administratif unique - Formulaire \u00e0 plusieurs feuillets qui est utilis\u00e9 dans la Communaut\u00e9 et les pays AELE pour le contr\u00f4le des importations, des exportations et des marchandises en transit.","og_url":"https:\/\/www.conex.net\/fr\/definition-dau\/","og_site_name":"Conex France","twitter_card":"summary_large_image","schema":{"@context":"https:\/\/schema.org","@graph":[{"@type":"WebPage","@id":"https:\/\/www.conex.net\/fr\/definition-dau\/","url":"https:\/\/www.conex.net\/fr\/definition-dau\/","name":"D\u00e9finition DAU - Conex France","isPartOf":{"@id":"https:\/\/www.conex.net\/fr\/#website"},"datePublished":"2021-07-22T15:11:26+00:00","description":"Document administratif unique - Formulaire \u00e0 plusieurs feuillets qui est utilis\u00e9 dans la Communaut\u00e9 et les pays AELE pour le contr\u00f4le des importations, des exportations et des marchandises en transit.","breadcrumb":{"@id":"https:\/\/www.conex.net\/fr\/definition-dau\/#breadcrumb"},"inLanguage":"fr-FR","potentialAction":[{"@type":"ReadAction","target":["https:\/\/www.conex.net\/fr\/definition-dau\/"]}]},{"@type":"BreadcrumbList","@id":"https:\/\/www.conex.net\/fr\/definition-dau\/#breadcrumb","itemListElement":[{"@type":"ListItem","position":1,"name":"Accueil","item":"https:\/\/www.conex.net\/fr\/"},{"@type":"ListItem","position":2,"name":"D\u00e9finition DAU"}]},{"@type":"WebSite","@id":"https:\/\/www.conex.net\/fr\/#website","url":"https:\/\/www.conex.net\/fr\/","name":"Conex France","description":"Your customs partner - CONEX FRANCE","publisher":{"@id":"https:\/\/www.conex.net\/fr\/#organization"},"potentialAction":[{"@type":"SearchAction","target":{"@type":"EntryPoint","urlTemplate":"https:\/\/www.conex.net\/fr\/?s={search_term_string}"},"query-input":{"@type":"PropertyValueSpecification","valueRequired":true,"valueName":"search_term_string"}}],"inLanguage":"fr-FR"},{"@type":"Organization","@id":"https:\/\/www.conex.net\/fr\/#organization","name":"CONEX SAS","url":"https:\/\/www.conex.net\/fr\/","logo":{"@type":"ImageObject","inLanguage":"fr-FR","@id":"https:\/\/www.conex.net\/fr\/#\/schema\/logo\/image\/","url":"https:\/\/www.conex.net\/fr\/wp-content\/uploads\/sites\/2\/2018\/10\/logo-conex.png","contentUrl":"https:\/\/www.conex.net\/fr\/wp-content\/uploads\/sites\/2\/2018\/10\/logo-conex.png","width":138,"height":49,"caption":"CONEX SAS"},"image":{"@id":"https:\/\/www.conex.net\/fr\/#\/schema\/logo\/image\/"}}]}},"_links":{"self":[{"href":"https:\/\/www.conex.net\/fr\/wp-json\/wp\/v2\/pages\/6553","targetHints":{"allow":["GET"]}}],"collection":[{"href":"https:\/\/www.conex.net\/fr\/wp-json\/wp\/v2\/pages"}],"about":[{"href":"https:\/\/www.conex.net\/fr\/wp-json\/wp\/v2\/types\/page"}],"author":[{"embeddable":true,"href":"https:\/\/www.conex.net\/fr\/wp-json\/wp\/v2\/users\/1"}],"replies":[{"embeddable":true,"href":"https:\/\/www.conex.net\/fr\/wp-json\/wp\/v2\/comments?post=6553"}],"version-history":[{"count":1,"href":"https:\/\/www.conex.net\/fr\/wp-json\/wp\/v2\/pages\/6553\/revisions"}],"predecessor-version":[{"id":6554,"href":"https:\/\/www.conex.net\/fr\/wp-json\/wp\/v2\/pages\/6553\/revisions\/6554"}],"wp:attachment":[{"href":"https:\/\/www.conex.net\/fr\/wp-json\/wp\/v2\/media?parent=6553"}],"curies":[{"name":"wp","href":"https:\/\/api.w.org\/{rel}","templated":true}]}}