{"id":6559,"date":"2021-07-22T17:21:47","date_gmt":"2021-07-22T15:21:47","guid":{"rendered":"https:\/\/www.conex.net\/fr\/?page_id=6559"},"modified":"2021-07-22T17:21:47","modified_gmt":"2021-07-22T15:21:47","slug":"definition-nomenclature-combinee","status":"publish","type":"page","link":"https:\/\/www.conex.net\/fr\/definition-nomenclature-combinee\/","title":{"rendered":"D\u00e9finition Nomenclature combin\u00e9e"},"content":{"rendered":"<div id=\"pl-6559\"  class=\"panel-layout\" ><div id=\"pg-6559-0\"  class=\"panel-grid panel-no-style\" ><div id=\"pgc-6559-0-0\"  class=\"panel-grid-cell\" ><div id=\"panel-6559-0-0-0\" class=\"so-panel widget widget_sow-editor panel-first-child panel-last-child\" data-index=\"0\" ><div\n\t\t\t\n\t\t\tclass=\"so-widget-sow-editor so-widget-sow-editor-base\"\n\t\t\t\n\t\t>\n<div class=\"siteorigin-widget-tinymce textwidget\">\n\t<h1><span style=\"color: #c70000;\"><strong>NC : Nomenclature combin\u00e9e<\/strong><\/span><\/h1>\n<h4><span style=\"color: #333333;\">Liste syst\u00e9matique de descriptions de marchandises, fond\u00e9e sur le syst\u00e8me harmonis\u00e9, permettant l\u2019application du tarif douanier commun, l\u2019\u00e9tablissement des statistiques du commerce ext\u00e9rieur et l\u2019application d\u2019autres politiques communautaires.<\/span><\/h4>\n<h4><span style=\"color: #333333;\">Syst\u00e8me de d\u00e9signation et de codification des marchandises au niveau de l\u2019 Union europ\u00e9enne. La NC est compos\u00e9e de 8 caract\u00e8res :<\/span><\/h4>\n<ul>\n<li>\n<h4><span style=\"color: #333333;\">les 6 premiers sont ceux du Syst\u00e8me Harmonis\u00e9 (SH)<\/span><\/h4>\n<\/li>\n<li>\n<h4><span style=\"color: #333333;\">les 2 derniers correspondent \u00e0 des subdivisions du SH pour r\u00e9pondre aux besoins tarifaires ou statistiques de l\u2019UE.<\/span><\/h4>\n<\/li>\n<\/ul>\n<h4><span style=\"color: #333333;\">La NC fait l\u2019objet d\u2019une r\u00e9vision annuelle au premier janvier de chaque ann\u00e9e. Par ailleurs, elle constitue la base de r\u00e9f\u00e9rence permettant de d\u00e9terminer le taux des droits de douane applicable \u00e0 une marchandise.<\/span><\/h4>\n<\/div>\n<\/div><\/div><\/div><\/div><\/div>","protected":false},"excerpt":{"rendered":"<p>NC : Nomenclature combin\u00e9e Liste syst\u00e9matique de descriptions de marchandises, fond\u00e9e sur le syst\u00e8me harmonis\u00e9, permettant l\u2019application du tarif douanier commun, l\u2019\u00e9tablissement des statistiques du commerce ext\u00e9rieur et l\u2019application d\u2019autres politiques communautaires. Syst\u00e8me de d\u00e9signation et de codification des marchandises au niveau de l\u2019 Union europ\u00e9enne. La NC est compos\u00e9e de 8 caract\u00e8res : les 6 premiers sont ceux du Syst\u00e8me Harmonis\u00e9 (SH) les 2 derniers correspondent \u00e0 des subdivisions du SH pour r\u00e9pondre aux [&hellip;]<\/p>\n","protected":false},"author":1,"featured_media":0,"parent":0,"menu_order":0,"comment_status":"closed","ping_status":"closed","template":"","meta":{"footnotes":""},"class_list":["post-6559","page","type-page","status-publish","hentry"],"yoast_head":"<!-- This site is optimized with the Yoast SEO plugin v27.4 - https:\/\/yoast.com\/product\/yoast-seo-wordpress\/ -->\n<title>D\u00e9finition Nomenclature combin\u00e9e - Conex France<\/title>\n<meta name=\"description\" content=\"Syst\u00e8me de d\u00e9signation et de codification des marchandises au niveau de l\u2019 Union europ\u00e9enne. La NC est compos\u00e9e de 8 caract\u00e8res...\" \/>\n<meta name=\"robots\" content=\"index, follow, max-snippet:-1, max-image-preview:large, max-video-preview:-1\" \/>\n<link rel=\"canonical\" href=\"https:\/\/www.conex.net\/fr\/definition-nomenclature-combinee\/\" \/>\n<meta property=\"og:locale\" content=\"fr_FR\" \/>\n<meta property=\"og:type\" content=\"article\" \/>\n<meta property=\"og:title\" content=\"D\u00e9finition Nomenclature combin\u00e9e - Conex France\" \/>\n<meta property=\"og:description\" content=\"Syst\u00e8me de d\u00e9signation et de codification des marchandises au niveau de l\u2019 Union europ\u00e9enne. La NC est compos\u00e9e de 8 caract\u00e8res...\" \/>\n<meta property=\"og:url\" content=\"https:\/\/www.conex.net\/fr\/definition-nomenclature-combinee\/\" \/>\n<meta property=\"og:site_name\" content=\"Conex France\" \/>\n<meta name=\"twitter:card\" content=\"summary_large_image\" \/>\n<meta name=\"twitter:label1\" content=\"Dur\u00e9e de lecture estim\u00e9e\" \/>\n\t<meta name=\"twitter:data1\" content=\"1 minute\" \/>\n<script type=\"application\/ld+json\" class=\"yoast-schema-graph\">{\"@context\":\"https:\\\/\\\/schema.org\",\"@graph\":[{\"@type\":\"WebPage\",\"@id\":\"https:\\\/\\\/www.conex.net\\\/fr\\\/definition-nomenclature-combinee\\\/\",\"url\":\"https:\\\/\\\/www.conex.net\\\/fr\\\/definition-nomenclature-combinee\\\/\",\"name\":\"D\u00e9finition Nomenclature combin\u00e9e - Conex France\",\"isPartOf\":{\"@id\":\"https:\\\/\\\/www.conex.net\\\/fr\\\/#website\"},\"datePublished\":\"2021-07-22T15:21:47+00:00\",\"description\":\"Syst\u00e8me de d\u00e9signation et de codification des marchandises au niveau de l\u2019 Union europ\u00e9enne. La NC est compos\u00e9e de 8 caract\u00e8res...\",\"breadcrumb\":{\"@id\":\"https:\\\/\\\/www.conex.net\\\/fr\\\/definition-nomenclature-combinee\\\/#breadcrumb\"},\"inLanguage\":\"fr-FR\",\"potentialAction\":[{\"@type\":\"ReadAction\",\"target\":[\"https:\\\/\\\/www.conex.net\\\/fr\\\/definition-nomenclature-combinee\\\/\"]}]},{\"@type\":\"BreadcrumbList\",\"@id\":\"https:\\\/\\\/www.conex.net\\\/fr\\\/definition-nomenclature-combinee\\\/#breadcrumb\",\"itemListElement\":[{\"@type\":\"ListItem\",\"position\":1,\"name\":\"Accueil\",\"item\":\"https:\\\/\\\/www.conex.net\\\/fr\\\/\"},{\"@type\":\"ListItem\",\"position\":2,\"name\":\"D\u00e9finition Nomenclature combin\u00e9e\"}]},{\"@type\":\"WebSite\",\"@id\":\"https:\\\/\\\/www.conex.net\\\/fr\\\/#website\",\"url\":\"https:\\\/\\\/www.conex.net\\\/fr\\\/\",\"name\":\"Conex France\",\"description\":\"Your customs partner - CONEX FRANCE\",\"publisher\":{\"@id\":\"https:\\\/\\\/www.conex.net\\\/fr\\\/#organization\"},\"potentialAction\":[{\"@type\":\"SearchAction\",\"target\":{\"@type\":\"EntryPoint\",\"urlTemplate\":\"https:\\\/\\\/www.conex.net\\\/fr\\\/?s={search_term_string}\"},\"query-input\":{\"@type\":\"PropertyValueSpecification\",\"valueRequired\":true,\"valueName\":\"search_term_string\"}}],\"inLanguage\":\"fr-FR\"},{\"@type\":\"Organization\",\"@id\":\"https:\\\/\\\/www.conex.net\\\/fr\\\/#organization\",\"name\":\"CONEX SAS\",\"url\":\"https:\\\/\\\/www.conex.net\\\/fr\\\/\",\"logo\":{\"@type\":\"ImageObject\",\"inLanguage\":\"fr-FR\",\"@id\":\"https:\\\/\\\/www.conex.net\\\/fr\\\/#\\\/schema\\\/logo\\\/image\\\/\",\"url\":\"https:\\\/\\\/www.conex.net\\\/fr\\\/wp-content\\\/uploads\\\/sites\\\/2\\\/2018\\\/10\\\/logo-conex.png\",\"contentUrl\":\"https:\\\/\\\/www.conex.net\\\/fr\\\/wp-content\\\/uploads\\\/sites\\\/2\\\/2018\\\/10\\\/logo-conex.png\",\"width\":138,\"height\":49,\"caption\":\"CONEX SAS\"},\"image\":{\"@id\":\"https:\\\/\\\/www.conex.net\\\/fr\\\/#\\\/schema\\\/logo\\\/image\\\/\"}}]}<\/script>\n<!-- \/ Yoast SEO plugin. -->","yoast_head_json":{"title":"D\u00e9finition Nomenclature combin\u00e9e - Conex France","description":"Syst\u00e8me de d\u00e9signation et de codification des marchandises au niveau de l\u2019 Union europ\u00e9enne. La NC est compos\u00e9e de 8 caract\u00e8res...","robots":{"index":"index","follow":"follow","max-snippet":"max-snippet:-1","max-image-preview":"max-image-preview:large","max-video-preview":"max-video-preview:-1"},"canonical":"https:\/\/www.conex.net\/fr\/definition-nomenclature-combinee\/","og_locale":"fr_FR","og_type":"article","og_title":"D\u00e9finition Nomenclature combin\u00e9e - Conex France","og_description":"Syst\u00e8me de d\u00e9signation et de codification des marchandises au niveau de l\u2019 Union europ\u00e9enne. La NC est compos\u00e9e de 8 caract\u00e8res...","og_url":"https:\/\/www.conex.net\/fr\/definition-nomenclature-combinee\/","og_site_name":"Conex France","twitter_card":"summary_large_image","twitter_misc":{"Dur\u00e9e de lecture estim\u00e9e":"1 minute"},"schema":{"@context":"https:\/\/schema.org","@graph":[{"@type":"WebPage","@id":"https:\/\/www.conex.net\/fr\/definition-nomenclature-combinee\/","url":"https:\/\/www.conex.net\/fr\/definition-nomenclature-combinee\/","name":"D\u00e9finition Nomenclature combin\u00e9e - Conex France","isPartOf":{"@id":"https:\/\/www.conex.net\/fr\/#website"},"datePublished":"2021-07-22T15:21:47+00:00","description":"Syst\u00e8me de d\u00e9signation et de codification des marchandises au niveau de l\u2019 Union europ\u00e9enne. La NC est compos\u00e9e de 8 caract\u00e8res...","breadcrumb":{"@id":"https:\/\/www.conex.net\/fr\/definition-nomenclature-combinee\/#breadcrumb"},"inLanguage":"fr-FR","potentialAction":[{"@type":"ReadAction","target":["https:\/\/www.conex.net\/fr\/definition-nomenclature-combinee\/"]}]},{"@type":"BreadcrumbList","@id":"https:\/\/www.conex.net\/fr\/definition-nomenclature-combinee\/#breadcrumb","itemListElement":[{"@type":"ListItem","position":1,"name":"Accueil","item":"https:\/\/www.conex.net\/fr\/"},{"@type":"ListItem","position":2,"name":"D\u00e9finition Nomenclature combin\u00e9e"}]},{"@type":"WebSite","@id":"https:\/\/www.conex.net\/fr\/#website","url":"https:\/\/www.conex.net\/fr\/","name":"Conex France","description":"Your customs partner - CONEX FRANCE","publisher":{"@id":"https:\/\/www.conex.net\/fr\/#organization"},"potentialAction":[{"@type":"SearchAction","target":{"@type":"EntryPoint","urlTemplate":"https:\/\/www.conex.net\/fr\/?s={search_term_string}"},"query-input":{"@type":"PropertyValueSpecification","valueRequired":true,"valueName":"search_term_string"}}],"inLanguage":"fr-FR"},{"@type":"Organization","@id":"https:\/\/www.conex.net\/fr\/#organization","name":"CONEX SAS","url":"https:\/\/www.conex.net\/fr\/","logo":{"@type":"ImageObject","inLanguage":"fr-FR","@id":"https:\/\/www.conex.net\/fr\/#\/schema\/logo\/image\/","url":"https:\/\/www.conex.net\/fr\/wp-content\/uploads\/sites\/2\/2018\/10\/logo-conex.png","contentUrl":"https:\/\/www.conex.net\/fr\/wp-content\/uploads\/sites\/2\/2018\/10\/logo-conex.png","width":138,"height":49,"caption":"CONEX SAS"},"image":{"@id":"https:\/\/www.conex.net\/fr\/#\/schema\/logo\/image\/"}}]}},"_links":{"self":[{"href":"https:\/\/www.conex.net\/fr\/wp-json\/wp\/v2\/pages\/6559","targetHints":{"allow":["GET"]}}],"collection":[{"href":"https:\/\/www.conex.net\/fr\/wp-json\/wp\/v2\/pages"}],"about":[{"href":"https:\/\/www.conex.net\/fr\/wp-json\/wp\/v2\/types\/page"}],"author":[{"embeddable":true,"href":"https:\/\/www.conex.net\/fr\/wp-json\/wp\/v2\/users\/1"}],"replies":[{"embeddable":true,"href":"https:\/\/www.conex.net\/fr\/wp-json\/wp\/v2\/comments?post=6559"}],"version-history":[{"count":1,"href":"https:\/\/www.conex.net\/fr\/wp-json\/wp\/v2\/pages\/6559\/revisions"}],"predecessor-version":[{"id":6560,"href":"https:\/\/www.conex.net\/fr\/wp-json\/wp\/v2\/pages\/6559\/revisions\/6560"}],"wp:attachment":[{"href":"https:\/\/www.conex.net\/fr\/wp-json\/wp\/v2\/media?parent=6559"}],"curies":[{"name":"wp","href":"https:\/\/api.w.org\/{rel}","templated":true}]}}