{"id":6572,"date":"2021-07-23T11:29:39","date_gmt":"2021-07-23T09:29:39","guid":{"rendered":"https:\/\/www.conex.net\/fr\/?page_id=6572"},"modified":"2021-07-23T11:29:39","modified_gmt":"2021-07-23T09:29:39","slug":"definition-oea","status":"publish","type":"page","link":"https:\/\/www.conex.net\/fr\/definition-oea\/","title":{"rendered":"D\u00e9finition OEA"},"content":{"rendered":"<div id=\"pl-6572\"  class=\"panel-layout\" ><div id=\"pg-6572-0\"  class=\"panel-grid panel-no-style\" ><div id=\"pgc-6572-0-0\"  class=\"panel-grid-cell\" ><div id=\"panel-6572-0-0-0\" class=\"so-panel widget widget_sow-editor panel-first-child panel-last-child\" data-index=\"0\" ><div\n\t\t\t\n\t\t\tclass=\"so-widget-sow-editor so-widget-sow-editor-base\"\n\t\t\t\n\t\t>\n<div class=\"siteorigin-widget-tinymce textwidget\">\n\t<h1><span style=\"color: #c70000;\"><strong>OEA - Op\u00e9rateur \u00c9conomique Agr\u00e9\u00e9\u00a0<\/strong><\/span><\/h1>\n<h4><span style=\"color: #333333;\">L\u2019AEO (Authorized Economic Operator) ou OEA (Op\u00e9rateur Economique Agr\u00e9\u00e9) est un statut accord\u00e9 \u00e0 tout op\u00e9rateur \u00e9conomique qui remplit des crit\u00e8res communs relatifs aux syst\u00e8mes de contr\u00f4le, \u00e0 la solvabilit\u00e9 financi\u00e8re et aux ant\u00e9c\u00e9dents de l\u2019op\u00e9rateur et, dans certains cas, \u00e0 des normes appropri\u00e9es de s\u00e9curit\u00e9 et de s\u00fbret\u00e9.<\/span><\/h4>\n<ul>\n<li><span style=\"color: #333333;\"><a style=\"color: #333333;\" href=\"http:\/\/www.editions-ed.fr\/formation-douane-approfondies\/Certification-OEA-atouts-methodologie.html\" target=\"_blank\" rel=\"noopener\"><strong>D\u00e9couvrir la formation : OEA : de la pr\u00e9paration \u00e0 l\u2019audit, la m\u00e9thodologie<\/strong><\/a><\/span><\/li>\n<li><span style=\"color: #333333;\"><strong><a style=\"color: #333333;\" href=\"http:\/\/www.editions-ed.fr\/formation-douane-approfondies\/OEA-surete-et-securite.html\" target=\"_blank\" rel=\"noopener\">D\u00e9couvrir la formation : OEA : aspects s\u00fbret\u00e9 &amp; s\u00e9curit\u00e9<\/a><\/strong><\/span><\/li>\n<\/ul>\n<\/div>\n<\/div><\/div><\/div><\/div><\/div>","protected":false},"excerpt":{"rendered":"<p>OEA &#8211; Op\u00e9rateur \u00c9conomique Agr\u00e9\u00e9\u00a0 L\u2019AEO (Authorized Economic Operator) ou OEA (Op\u00e9rateur Economique Agr\u00e9\u00e9) est un statut accord\u00e9 \u00e0 tout op\u00e9rateur \u00e9conomique qui remplit des crit\u00e8res communs relatifs aux syst\u00e8mes de contr\u00f4le, \u00e0 la solvabilit\u00e9 financi\u00e8re et aux ant\u00e9c\u00e9dents de l\u2019op\u00e9rateur et, dans certains cas, \u00e0 des normes appropri\u00e9es de s\u00e9curit\u00e9 et de s\u00fbret\u00e9. D\u00e9couvrir la formation : OEA : de la pr\u00e9paration \u00e0 l\u2019audit, la m\u00e9thodologie D\u00e9couvrir la formation : OEA : aspects s\u00fbret\u00e9 [&hellip;]<\/p>\n","protected":false},"author":1,"featured_media":0,"parent":0,"menu_order":0,"comment_status":"closed","ping_status":"closed","template":"","meta":{"footnotes":""},"class_list":["post-6572","page","type-page","status-publish","hentry"],"yoast_head":"<!-- This site is optimized with the Yoast SEO plugin v27.4 - https:\/\/yoast.com\/product\/yoast-seo-wordpress\/ -->\n<title>D\u00e9finition OEA - Conex France<\/title>\n<meta name=\"description\" content=\"OEA Op\u00e9rateur Economique Agr\u00e9\u00e9 - est un statut accord\u00e9 \u00e0 tout op\u00e9rateur \u00e9conomique qui remplit des crit\u00e8res communs relatifs aux syst\u00e8mes...\" \/>\n<meta name=\"robots\" content=\"index, follow, max-snippet:-1, max-image-preview:large, max-video-preview:-1\" \/>\n<link rel=\"canonical\" href=\"https:\/\/www.conex.net\/fr\/definition-oea\/\" \/>\n<meta property=\"og:locale\" content=\"fr_FR\" \/>\n<meta property=\"og:type\" content=\"article\" \/>\n<meta property=\"og:title\" content=\"D\u00e9finition OEA - Conex France\" \/>\n<meta property=\"og:description\" content=\"OEA Op\u00e9rateur Economique Agr\u00e9\u00e9 - est un statut accord\u00e9 \u00e0 tout op\u00e9rateur \u00e9conomique qui remplit des crit\u00e8res communs relatifs aux syst\u00e8mes...\" \/>\n<meta property=\"og:url\" content=\"https:\/\/www.conex.net\/fr\/definition-oea\/\" \/>\n<meta property=\"og:site_name\" content=\"Conex France\" \/>\n<meta name=\"twitter:card\" content=\"summary_large_image\" \/>\n<script type=\"application\/ld+json\" class=\"yoast-schema-graph\">{\"@context\":\"https:\\\/\\\/schema.org\",\"@graph\":[{\"@type\":\"WebPage\",\"@id\":\"https:\\\/\\\/www.conex.net\\\/fr\\\/definition-oea\\\/\",\"url\":\"https:\\\/\\\/www.conex.net\\\/fr\\\/definition-oea\\\/\",\"name\":\"D\u00e9finition OEA - Conex France\",\"isPartOf\":{\"@id\":\"https:\\\/\\\/www.conex.net\\\/fr\\\/#website\"},\"datePublished\":\"2021-07-23T09:29:39+00:00\",\"description\":\"OEA Op\u00e9rateur Economique Agr\u00e9\u00e9 - est un statut accord\u00e9 \u00e0 tout op\u00e9rateur \u00e9conomique qui remplit des crit\u00e8res communs relatifs aux syst\u00e8mes...\",\"breadcrumb\":{\"@id\":\"https:\\\/\\\/www.conex.net\\\/fr\\\/definition-oea\\\/#breadcrumb\"},\"inLanguage\":\"fr-FR\",\"potentialAction\":[{\"@type\":\"ReadAction\",\"target\":[\"https:\\\/\\\/www.conex.net\\\/fr\\\/definition-oea\\\/\"]}]},{\"@type\":\"BreadcrumbList\",\"@id\":\"https:\\\/\\\/www.conex.net\\\/fr\\\/definition-oea\\\/#breadcrumb\",\"itemListElement\":[{\"@type\":\"ListItem\",\"position\":1,\"name\":\"Accueil\",\"item\":\"https:\\\/\\\/www.conex.net\\\/fr\\\/\"},{\"@type\":\"ListItem\",\"position\":2,\"name\":\"D\u00e9finition OEA\"}]},{\"@type\":\"WebSite\",\"@id\":\"https:\\\/\\\/www.conex.net\\\/fr\\\/#website\",\"url\":\"https:\\\/\\\/www.conex.net\\\/fr\\\/\",\"name\":\"Conex France\",\"description\":\"Your customs partner - CONEX FRANCE\",\"publisher\":{\"@id\":\"https:\\\/\\\/www.conex.net\\\/fr\\\/#organization\"},\"potentialAction\":[{\"@type\":\"SearchAction\",\"target\":{\"@type\":\"EntryPoint\",\"urlTemplate\":\"https:\\\/\\\/www.conex.net\\\/fr\\\/?s={search_term_string}\"},\"query-input\":{\"@type\":\"PropertyValueSpecification\",\"valueRequired\":true,\"valueName\":\"search_term_string\"}}],\"inLanguage\":\"fr-FR\"},{\"@type\":\"Organization\",\"@id\":\"https:\\\/\\\/www.conex.net\\\/fr\\\/#organization\",\"name\":\"CONEX SAS\",\"url\":\"https:\\\/\\\/www.conex.net\\\/fr\\\/\",\"logo\":{\"@type\":\"ImageObject\",\"inLanguage\":\"fr-FR\",\"@id\":\"https:\\\/\\\/www.conex.net\\\/fr\\\/#\\\/schema\\\/logo\\\/image\\\/\",\"url\":\"https:\\\/\\\/www.conex.net\\\/fr\\\/wp-content\\\/uploads\\\/sites\\\/2\\\/2018\\\/10\\\/logo-conex.png\",\"contentUrl\":\"https:\\\/\\\/www.conex.net\\\/fr\\\/wp-content\\\/uploads\\\/sites\\\/2\\\/2018\\\/10\\\/logo-conex.png\",\"width\":138,\"height\":49,\"caption\":\"CONEX SAS\"},\"image\":{\"@id\":\"https:\\\/\\\/www.conex.net\\\/fr\\\/#\\\/schema\\\/logo\\\/image\\\/\"}}]}<\/script>\n<!-- \/ Yoast SEO plugin. -->","yoast_head_json":{"title":"D\u00e9finition OEA - Conex France","description":"OEA Op\u00e9rateur Economique Agr\u00e9\u00e9 - est un statut accord\u00e9 \u00e0 tout op\u00e9rateur \u00e9conomique qui remplit des crit\u00e8res communs relatifs aux syst\u00e8mes...","robots":{"index":"index","follow":"follow","max-snippet":"max-snippet:-1","max-image-preview":"max-image-preview:large","max-video-preview":"max-video-preview:-1"},"canonical":"https:\/\/www.conex.net\/fr\/definition-oea\/","og_locale":"fr_FR","og_type":"article","og_title":"D\u00e9finition OEA - Conex France","og_description":"OEA Op\u00e9rateur Economique Agr\u00e9\u00e9 - est un statut accord\u00e9 \u00e0 tout op\u00e9rateur \u00e9conomique qui remplit des crit\u00e8res communs relatifs aux syst\u00e8mes...","og_url":"https:\/\/www.conex.net\/fr\/definition-oea\/","og_site_name":"Conex France","twitter_card":"summary_large_image","schema":{"@context":"https:\/\/schema.org","@graph":[{"@type":"WebPage","@id":"https:\/\/www.conex.net\/fr\/definition-oea\/","url":"https:\/\/www.conex.net\/fr\/definition-oea\/","name":"D\u00e9finition OEA - Conex France","isPartOf":{"@id":"https:\/\/www.conex.net\/fr\/#website"},"datePublished":"2021-07-23T09:29:39+00:00","description":"OEA Op\u00e9rateur Economique Agr\u00e9\u00e9 - est un statut accord\u00e9 \u00e0 tout op\u00e9rateur \u00e9conomique qui remplit des crit\u00e8res communs relatifs aux syst\u00e8mes...","breadcrumb":{"@id":"https:\/\/www.conex.net\/fr\/definition-oea\/#breadcrumb"},"inLanguage":"fr-FR","potentialAction":[{"@type":"ReadAction","target":["https:\/\/www.conex.net\/fr\/definition-oea\/"]}]},{"@type":"BreadcrumbList","@id":"https:\/\/www.conex.net\/fr\/definition-oea\/#breadcrumb","itemListElement":[{"@type":"ListItem","position":1,"name":"Accueil","item":"https:\/\/www.conex.net\/fr\/"},{"@type":"ListItem","position":2,"name":"D\u00e9finition OEA"}]},{"@type":"WebSite","@id":"https:\/\/www.conex.net\/fr\/#website","url":"https:\/\/www.conex.net\/fr\/","name":"Conex France","description":"Your customs partner - CONEX FRANCE","publisher":{"@id":"https:\/\/www.conex.net\/fr\/#organization"},"potentialAction":[{"@type":"SearchAction","target":{"@type":"EntryPoint","urlTemplate":"https:\/\/www.conex.net\/fr\/?s={search_term_string}"},"query-input":{"@type":"PropertyValueSpecification","valueRequired":true,"valueName":"search_term_string"}}],"inLanguage":"fr-FR"},{"@type":"Organization","@id":"https:\/\/www.conex.net\/fr\/#organization","name":"CONEX SAS","url":"https:\/\/www.conex.net\/fr\/","logo":{"@type":"ImageObject","inLanguage":"fr-FR","@id":"https:\/\/www.conex.net\/fr\/#\/schema\/logo\/image\/","url":"https:\/\/www.conex.net\/fr\/wp-content\/uploads\/sites\/2\/2018\/10\/logo-conex.png","contentUrl":"https:\/\/www.conex.net\/fr\/wp-content\/uploads\/sites\/2\/2018\/10\/logo-conex.png","width":138,"height":49,"caption":"CONEX SAS"},"image":{"@id":"https:\/\/www.conex.net\/fr\/#\/schema\/logo\/image\/"}}]}},"_links":{"self":[{"href":"https:\/\/www.conex.net\/fr\/wp-json\/wp\/v2\/pages\/6572","targetHints":{"allow":["GET"]}}],"collection":[{"href":"https:\/\/www.conex.net\/fr\/wp-json\/wp\/v2\/pages"}],"about":[{"href":"https:\/\/www.conex.net\/fr\/wp-json\/wp\/v2\/types\/page"}],"author":[{"embeddable":true,"href":"https:\/\/www.conex.net\/fr\/wp-json\/wp\/v2\/users\/1"}],"replies":[{"embeddable":true,"href":"https:\/\/www.conex.net\/fr\/wp-json\/wp\/v2\/comments?post=6572"}],"version-history":[{"count":1,"href":"https:\/\/www.conex.net\/fr\/wp-json\/wp\/v2\/pages\/6572\/revisions"}],"predecessor-version":[{"id":6573,"href":"https:\/\/www.conex.net\/fr\/wp-json\/wp\/v2\/pages\/6572\/revisions\/6573"}],"wp:attachment":[{"href":"https:\/\/www.conex.net\/fr\/wp-json\/wp\/v2\/media?parent=6572"}],"curies":[{"name":"wp","href":"https:\/\/api.w.org\/{rel}","templated":true}]}}