{"id":6576,"date":"2021-07-23T12:00:47","date_gmt":"2021-07-23T10:00:47","guid":{"rendered":"https:\/\/www.conex.net\/fr\/?page_id=6576"},"modified":"2021-07-23T12:01:37","modified_gmt":"2021-07-23T10:01:37","slug":"definition-t1-transit-communautaire-externe","status":"publish","type":"page","link":"https:\/\/www.conex.net\/fr\/definition-t1-transit-communautaire-externe\/","title":{"rendered":"D\u00e9finition T1 &#8211; Transit Communautaire externe"},"content":{"rendered":"<div id=\"pl-6576\"  class=\"panel-layout\" ><div id=\"pg-6576-0\"  class=\"panel-grid panel-no-style\" ><div id=\"pgc-6576-0-0\"  class=\"panel-grid-cell\" ><div id=\"panel-6576-0-0-0\" class=\"so-panel widget widget_sow-editor panel-first-child panel-last-child\" data-index=\"0\" ><div\n\t\t\t\n\t\t\tclass=\"so-widget-sow-editor so-widget-sow-editor-base\"\n\t\t\t\n\t\t>\n<div class=\"siteorigin-widget-tinymce textwidget\">\n\t<h1><span style=\"color: #c70000;\"><strong>T1<\/strong><\/span><\/h1>\n<h1><strong><span style=\"color: #c70000;\">Le r\u00e9gime de transit communautaire externe <\/span><\/strong><\/h1>\n<h4><span style=\"color: #333333;\">T1, s\u2019applique principalement \u00e0 la circulation de marchandises non communautaires. Il suspend les droits et autres taxes applicables jusqu\u2019\u00e0 ce que les marchandises parviennent \u00e0 leur destination dans la Communaut\u00e9.<\/span><br \/>\n<span style=\"color: #333333;\">Toutefois, le r\u00e9gime de transit communautaire externe (T1) est aussi obligatoire pour la circulation de certaines marchandises communautaires lorsqu\u2019elles sont export\u00e9es vers un ou plusieurs pays de l\u2019AELE, ou qu\u2019elles doivent les traverser, avec application de la convention relative \u00e0 un r\u00e9gim. <\/span><\/h4>\n<h4><strong><span style=\"color: #333333;\">Document utilis\u00e9 pour :<\/span><\/strong><\/h4>\n<ul>\n<li>\n<h4><span style=\"color: #333333;\">le transit communautaire externe: circulation des marchandises tierces en suspension de tout droits et taxes sur le territoire de l\u2019Union europ\u00e9enne.<\/span><\/h4>\n<\/li>\n<li>\n<h4><span style=\"color: #333333;\">l\u2019exportation vers un pays tiers de marchandises communautaires relevant de la PAC.<\/span><\/h4>\n<\/li>\n<\/ul>\n<\/div>\n<\/div><\/div><\/div><\/div><\/div>","protected":false},"excerpt":{"rendered":"<p>T1 Le r\u00e9gime de transit communautaire externe T1, s\u2019applique principalement \u00e0 la circulation de marchandises non communautaires. Il suspend les droits et autres taxes applicables jusqu\u2019\u00e0 ce que les marchandises parviennent \u00e0 leur destination dans la Communaut\u00e9. Toutefois, le r\u00e9gime de transit communautaire externe (T1) est aussi obligatoire pour la circulation de certaines marchandises communautaires lorsqu\u2019elles sont export\u00e9es vers un ou plusieurs pays de l\u2019AELE, ou qu\u2019elles doivent les traverser, avec application de la convention [&hellip;]<\/p>\n","protected":false},"author":1,"featured_media":0,"parent":0,"menu_order":0,"comment_status":"closed","ping_status":"closed","template":"","meta":{"footnotes":""},"class_list":["post-6576","page","type-page","status-publish","hentry"],"yoast_head":"<!-- This site is optimized with the Yoast SEO plugin v27.3 - https:\/\/yoast.com\/product\/yoast-seo-wordpress\/ -->\n<title>D\u00e9finition T1 - Transit Communautaire externe - Conex France<\/title>\n<meta name=\"description\" content=\"T1 s\u2019applique principalement \u00e0 la circulation de marchandises non communautaires. Il suspend les droits et autres taxes applicables jusqu\u2019\u00e0...\" \/>\n<meta name=\"robots\" content=\"index, follow, max-snippet:-1, max-image-preview:large, max-video-preview:-1\" \/>\n<link rel=\"canonical\" href=\"https:\/\/www.conex.net\/fr\/definition-t1-transit-communautaire-externe\/\" \/>\n<meta property=\"og:locale\" content=\"fr_FR\" \/>\n<meta property=\"og:type\" content=\"article\" \/>\n<meta property=\"og:title\" content=\"D\u00e9finition T1 - Transit Communautaire externe - Conex France\" \/>\n<meta property=\"og:description\" content=\"T1 s\u2019applique principalement \u00e0 la circulation de marchandises non communautaires. Il suspend les droits et autres taxes applicables jusqu\u2019\u00e0...\" \/>\n<meta property=\"og:url\" content=\"https:\/\/www.conex.net\/fr\/definition-t1-transit-communautaire-externe\/\" \/>\n<meta property=\"og:site_name\" content=\"Conex France\" \/>\n<meta property=\"article:modified_time\" content=\"2021-07-23T10:01:37+00:00\" \/>\n<meta name=\"twitter:card\" content=\"summary_large_image\" \/>\n<meta name=\"twitter:label1\" content=\"Dur\u00e9e de lecture estim\u00e9e\" \/>\n\t<meta name=\"twitter:data1\" content=\"1 minute\" \/>\n<script type=\"application\/ld+json\" class=\"yoast-schema-graph\">{\"@context\":\"https:\\\/\\\/schema.org\",\"@graph\":[{\"@type\":\"WebPage\",\"@id\":\"https:\\\/\\\/www.conex.net\\\/fr\\\/definition-t1-transit-communautaire-externe\\\/\",\"url\":\"https:\\\/\\\/www.conex.net\\\/fr\\\/definition-t1-transit-communautaire-externe\\\/\",\"name\":\"D\u00e9finition T1 - Transit Communautaire externe - Conex France\",\"isPartOf\":{\"@id\":\"https:\\\/\\\/www.conex.net\\\/fr\\\/#website\"},\"datePublished\":\"2021-07-23T10:00:47+00:00\",\"dateModified\":\"2021-07-23T10:01:37+00:00\",\"description\":\"T1 s\u2019applique principalement \u00e0 la circulation de marchandises non communautaires. Il suspend les droits et autres taxes applicables jusqu\u2019\u00e0...\",\"breadcrumb\":{\"@id\":\"https:\\\/\\\/www.conex.net\\\/fr\\\/definition-t1-transit-communautaire-externe\\\/#breadcrumb\"},\"inLanguage\":\"fr-FR\",\"potentialAction\":[{\"@type\":\"ReadAction\",\"target\":[\"https:\\\/\\\/www.conex.net\\\/fr\\\/definition-t1-transit-communautaire-externe\\\/\"]}]},{\"@type\":\"BreadcrumbList\",\"@id\":\"https:\\\/\\\/www.conex.net\\\/fr\\\/definition-t1-transit-communautaire-externe\\\/#breadcrumb\",\"itemListElement\":[{\"@type\":\"ListItem\",\"position\":1,\"name\":\"Accueil\",\"item\":\"https:\\\/\\\/www.conex.net\\\/fr\\\/\"},{\"@type\":\"ListItem\",\"position\":2,\"name\":\"D\u00e9finition T1 &#8211; Transit Communautaire externe\"}]},{\"@type\":\"WebSite\",\"@id\":\"https:\\\/\\\/www.conex.net\\\/fr\\\/#website\",\"url\":\"https:\\\/\\\/www.conex.net\\\/fr\\\/\",\"name\":\"Conex France\",\"description\":\"Your customs partner - CONEX FRANCE\",\"publisher\":{\"@id\":\"https:\\\/\\\/www.conex.net\\\/fr\\\/#organization\"},\"potentialAction\":[{\"@type\":\"SearchAction\",\"target\":{\"@type\":\"EntryPoint\",\"urlTemplate\":\"https:\\\/\\\/www.conex.net\\\/fr\\\/?s={search_term_string}\"},\"query-input\":{\"@type\":\"PropertyValueSpecification\",\"valueRequired\":true,\"valueName\":\"search_term_string\"}}],\"inLanguage\":\"fr-FR\"},{\"@type\":\"Organization\",\"@id\":\"https:\\\/\\\/www.conex.net\\\/fr\\\/#organization\",\"name\":\"CONEX SAS\",\"url\":\"https:\\\/\\\/www.conex.net\\\/fr\\\/\",\"logo\":{\"@type\":\"ImageObject\",\"inLanguage\":\"fr-FR\",\"@id\":\"https:\\\/\\\/www.conex.net\\\/fr\\\/#\\\/schema\\\/logo\\\/image\\\/\",\"url\":\"https:\\\/\\\/www.conex.net\\\/fr\\\/wp-content\\\/uploads\\\/sites\\\/2\\\/2018\\\/10\\\/logo-conex.png\",\"contentUrl\":\"https:\\\/\\\/www.conex.net\\\/fr\\\/wp-content\\\/uploads\\\/sites\\\/2\\\/2018\\\/10\\\/logo-conex.png\",\"width\":138,\"height\":49,\"caption\":\"CONEX SAS\"},\"image\":{\"@id\":\"https:\\\/\\\/www.conex.net\\\/fr\\\/#\\\/schema\\\/logo\\\/image\\\/\"}}]}<\/script>\n<!-- \/ Yoast SEO plugin. -->","yoast_head_json":{"title":"D\u00e9finition T1 - Transit Communautaire externe - Conex France","description":"T1 s\u2019applique principalement \u00e0 la circulation de marchandises non communautaires. Il suspend les droits et autres taxes applicables jusqu\u2019\u00e0...","robots":{"index":"index","follow":"follow","max-snippet":"max-snippet:-1","max-image-preview":"max-image-preview:large","max-video-preview":"max-video-preview:-1"},"canonical":"https:\/\/www.conex.net\/fr\/definition-t1-transit-communautaire-externe\/","og_locale":"fr_FR","og_type":"article","og_title":"D\u00e9finition T1 - Transit Communautaire externe - Conex France","og_description":"T1 s\u2019applique principalement \u00e0 la circulation de marchandises non communautaires. Il suspend les droits et autres taxes applicables jusqu\u2019\u00e0...","og_url":"https:\/\/www.conex.net\/fr\/definition-t1-transit-communautaire-externe\/","og_site_name":"Conex France","article_modified_time":"2021-07-23T10:01:37+00:00","twitter_card":"summary_large_image","twitter_misc":{"Dur\u00e9e de lecture estim\u00e9e":"1 minute"},"schema":{"@context":"https:\/\/schema.org","@graph":[{"@type":"WebPage","@id":"https:\/\/www.conex.net\/fr\/definition-t1-transit-communautaire-externe\/","url":"https:\/\/www.conex.net\/fr\/definition-t1-transit-communautaire-externe\/","name":"D\u00e9finition T1 - Transit Communautaire externe - Conex France","isPartOf":{"@id":"https:\/\/www.conex.net\/fr\/#website"},"datePublished":"2021-07-23T10:00:47+00:00","dateModified":"2021-07-23T10:01:37+00:00","description":"T1 s\u2019applique principalement \u00e0 la circulation de marchandises non communautaires. Il suspend les droits et autres taxes applicables jusqu\u2019\u00e0...","breadcrumb":{"@id":"https:\/\/www.conex.net\/fr\/definition-t1-transit-communautaire-externe\/#breadcrumb"},"inLanguage":"fr-FR","potentialAction":[{"@type":"ReadAction","target":["https:\/\/www.conex.net\/fr\/definition-t1-transit-communautaire-externe\/"]}]},{"@type":"BreadcrumbList","@id":"https:\/\/www.conex.net\/fr\/definition-t1-transit-communautaire-externe\/#breadcrumb","itemListElement":[{"@type":"ListItem","position":1,"name":"Accueil","item":"https:\/\/www.conex.net\/fr\/"},{"@type":"ListItem","position":2,"name":"D\u00e9finition T1 &#8211; Transit Communautaire externe"}]},{"@type":"WebSite","@id":"https:\/\/www.conex.net\/fr\/#website","url":"https:\/\/www.conex.net\/fr\/","name":"Conex France","description":"Your customs partner - CONEX FRANCE","publisher":{"@id":"https:\/\/www.conex.net\/fr\/#organization"},"potentialAction":[{"@type":"SearchAction","target":{"@type":"EntryPoint","urlTemplate":"https:\/\/www.conex.net\/fr\/?s={search_term_string}"},"query-input":{"@type":"PropertyValueSpecification","valueRequired":true,"valueName":"search_term_string"}}],"inLanguage":"fr-FR"},{"@type":"Organization","@id":"https:\/\/www.conex.net\/fr\/#organization","name":"CONEX SAS","url":"https:\/\/www.conex.net\/fr\/","logo":{"@type":"ImageObject","inLanguage":"fr-FR","@id":"https:\/\/www.conex.net\/fr\/#\/schema\/logo\/image\/","url":"https:\/\/www.conex.net\/fr\/wp-content\/uploads\/sites\/2\/2018\/10\/logo-conex.png","contentUrl":"https:\/\/www.conex.net\/fr\/wp-content\/uploads\/sites\/2\/2018\/10\/logo-conex.png","width":138,"height":49,"caption":"CONEX SAS"},"image":{"@id":"https:\/\/www.conex.net\/fr\/#\/schema\/logo\/image\/"}}]}},"_links":{"self":[{"href":"https:\/\/www.conex.net\/fr\/wp-json\/wp\/v2\/pages\/6576","targetHints":{"allow":["GET"]}}],"collection":[{"href":"https:\/\/www.conex.net\/fr\/wp-json\/wp\/v2\/pages"}],"about":[{"href":"https:\/\/www.conex.net\/fr\/wp-json\/wp\/v2\/types\/page"}],"author":[{"embeddable":true,"href":"https:\/\/www.conex.net\/fr\/wp-json\/wp\/v2\/users\/1"}],"replies":[{"embeddable":true,"href":"https:\/\/www.conex.net\/fr\/wp-json\/wp\/v2\/comments?post=6576"}],"version-history":[{"count":2,"href":"https:\/\/www.conex.net\/fr\/wp-json\/wp\/v2\/pages\/6576\/revisions"}],"predecessor-version":[{"id":6578,"href":"https:\/\/www.conex.net\/fr\/wp-json\/wp\/v2\/pages\/6576\/revisions\/6578"}],"wp:attachment":[{"href":"https:\/\/www.conex.net\/fr\/wp-json\/wp\/v2\/media?parent=6576"}],"curies":[{"name":"wp","href":"https:\/\/api.w.org\/{rel}","templated":true}]}}