{"id":6581,"date":"2021-07-23T12:07:06","date_gmt":"2021-07-23T10:07:06","guid":{"rendered":"https:\/\/www.conex.net\/fr\/?page_id=6581"},"modified":"2021-07-23T16:05:34","modified_gmt":"2021-07-23T14:05:34","slug":"definition-t2-transit-communautaire-interne","status":"publish","type":"page","link":"https:\/\/www.conex.net\/fr\/definition-t2-transit-communautaire-interne\/","title":{"rendered":"D\u00e9finition T2 Transit\u00a0communautaire interne"},"content":{"rendered":"<div id=\"pl-6581\"  class=\"panel-layout\" ><div id=\"pg-6581-0\"  class=\"panel-grid panel-no-style\" ><div id=\"pgc-6581-0-0\"  class=\"panel-grid-cell\" ><div id=\"panel-6581-0-0-0\" class=\"so-panel widget widget_sow-editor panel-first-child panel-last-child\" data-index=\"0\" ><div\n\t\t\t\n\t\t\tclass=\"so-widget-sow-editor so-widget-sow-editor-base\"\n\t\t\t\n\t\t>\n<div class=\"siteorigin-widget-tinymce textwidget\">\n\t<h1><span style=\"color: #c70000;\"><strong>T2<\/strong><\/span><\/h1>\n<h1><span style=\"color: #c70000;\"><strong>R\u00e9gime de transit\u00a0communautaire interne<\/strong> <\/span><\/h1>\n<h4><span style=\"color: #333333;\">T2, s\u2019applique aux marchandises communautaires qui sont exp\u00e9di\u00e9es d\u2019un point \u00e0 un autre du territoire douanier de la Communaut\u00e9 avec emprunt du territoire d\u2019un ou de plusieurs pays de l\u2019AELE en application de la convention relative \u00e0 un r\u00e9gime de transit commun. Il ne s\u2019applique pas aux marchandises qui sont transport\u00e9es exclusivement par voie maritime ou a\u00e9rienne.<\/span><\/h4>\n<h4><span style=\"color: #333333;\">Document utilis\u00e9 pour le transit communautaire interne : circulation des marchandises communautaires sur le territoire de l\u2019union europ\u00e9enne. Livraison \u00e0 destination d\u2019un autre \u00c9tat membre avec passage par un pays de l\u2019AELE ou de VISEGRAD.<\/span><\/h4>\n<\/div>\n<\/div><\/div><\/div><\/div><\/div>","protected":false},"excerpt":{"rendered":"<p>T2 R\u00e9gime de transit\u00a0communautaire interne T2, s\u2019applique aux marchandises communautaires qui sont exp\u00e9di\u00e9es d\u2019un point \u00e0 un autre du territoire douanier de la Communaut\u00e9 avec emprunt du territoire d\u2019un ou de plusieurs pays de l\u2019AELE en application de la convention relative \u00e0 un r\u00e9gime de transit commun. Il ne s\u2019applique pas aux marchandises qui sont transport\u00e9es exclusivement par voie maritime ou a\u00e9rienne. Document utilis\u00e9 pour le transit communautaire interne : circulation des marchandises communautaires sur [&hellip;]<\/p>\n","protected":false},"author":1,"featured_media":0,"parent":0,"menu_order":0,"comment_status":"closed","ping_status":"closed","template":"","meta":{"footnotes":""},"class_list":["post-6581","page","type-page","status-publish","hentry"],"yoast_head":"<!-- This site is optimized with the Yoast SEO plugin v27.3 - https:\/\/yoast.com\/product\/yoast-seo-wordpress\/ -->\n<title>D\u00e9finition T2 Transit\u00a0communautaire interne - Conex France<\/title>\n<meta name=\"description\" content=\"T2 s\u2019applique aux marchandises communautaires qui sont exp\u00e9di\u00e9es d\u2019un point \u00e0 un autre du territoire douanier de la Communaut\u00e9 avec emprunt...\" \/>\n<meta name=\"robots\" content=\"index, follow, max-snippet:-1, max-image-preview:large, max-video-preview:-1\" \/>\n<link rel=\"canonical\" href=\"https:\/\/www.conex.net\/fr\/definition-t2-transit-communautaire-interne\/\" \/>\n<meta property=\"og:locale\" content=\"fr_FR\" \/>\n<meta property=\"og:type\" content=\"article\" \/>\n<meta property=\"og:title\" content=\"D\u00e9finition T2 Transit\u00a0communautaire interne - Conex France\" \/>\n<meta property=\"og:description\" content=\"T2 s\u2019applique aux marchandises communautaires qui sont exp\u00e9di\u00e9es d\u2019un point \u00e0 un autre du territoire douanier de la Communaut\u00e9 avec emprunt...\" \/>\n<meta property=\"og:url\" content=\"https:\/\/www.conex.net\/fr\/definition-t2-transit-communautaire-interne\/\" \/>\n<meta property=\"og:site_name\" content=\"Conex France\" \/>\n<meta property=\"article:modified_time\" content=\"2021-07-23T14:05:34+00:00\" \/>\n<meta name=\"twitter:card\" content=\"summary_large_image\" \/>\n<meta name=\"twitter:label1\" content=\"Dur\u00e9e de lecture estim\u00e9e\" \/>\n\t<meta name=\"twitter:data1\" content=\"1 minute\" \/>\n<script type=\"application\/ld+json\" class=\"yoast-schema-graph\">{\"@context\":\"https:\\\/\\\/schema.org\",\"@graph\":[{\"@type\":\"WebPage\",\"@id\":\"https:\\\/\\\/www.conex.net\\\/fr\\\/definition-t2-transit-communautaire-interne\\\/\",\"url\":\"https:\\\/\\\/www.conex.net\\\/fr\\\/definition-t2-transit-communautaire-interne\\\/\",\"name\":\"D\u00e9finition T2 Transit\u00a0communautaire interne - Conex France\",\"isPartOf\":{\"@id\":\"https:\\\/\\\/www.conex.net\\\/fr\\\/#website\"},\"datePublished\":\"2021-07-23T10:07:06+00:00\",\"dateModified\":\"2021-07-23T14:05:34+00:00\",\"description\":\"T2 s\u2019applique aux marchandises communautaires qui sont exp\u00e9di\u00e9es d\u2019un point \u00e0 un autre du territoire douanier de la Communaut\u00e9 avec emprunt...\",\"breadcrumb\":{\"@id\":\"https:\\\/\\\/www.conex.net\\\/fr\\\/definition-t2-transit-communautaire-interne\\\/#breadcrumb\"},\"inLanguage\":\"fr-FR\",\"potentialAction\":[{\"@type\":\"ReadAction\",\"target\":[\"https:\\\/\\\/www.conex.net\\\/fr\\\/definition-t2-transit-communautaire-interne\\\/\"]}]},{\"@type\":\"BreadcrumbList\",\"@id\":\"https:\\\/\\\/www.conex.net\\\/fr\\\/definition-t2-transit-communautaire-interne\\\/#breadcrumb\",\"itemListElement\":[{\"@type\":\"ListItem\",\"position\":1,\"name\":\"Accueil\",\"item\":\"https:\\\/\\\/www.conex.net\\\/fr\\\/\"},{\"@type\":\"ListItem\",\"position\":2,\"name\":\"D\u00e9finition T2 Transit\u00a0communautaire interne\"}]},{\"@type\":\"WebSite\",\"@id\":\"https:\\\/\\\/www.conex.net\\\/fr\\\/#website\",\"url\":\"https:\\\/\\\/www.conex.net\\\/fr\\\/\",\"name\":\"Conex France\",\"description\":\"Your customs partner - CONEX FRANCE\",\"publisher\":{\"@id\":\"https:\\\/\\\/www.conex.net\\\/fr\\\/#organization\"},\"potentialAction\":[{\"@type\":\"SearchAction\",\"target\":{\"@type\":\"EntryPoint\",\"urlTemplate\":\"https:\\\/\\\/www.conex.net\\\/fr\\\/?s={search_term_string}\"},\"query-input\":{\"@type\":\"PropertyValueSpecification\",\"valueRequired\":true,\"valueName\":\"search_term_string\"}}],\"inLanguage\":\"fr-FR\"},{\"@type\":\"Organization\",\"@id\":\"https:\\\/\\\/www.conex.net\\\/fr\\\/#organization\",\"name\":\"CONEX SAS\",\"url\":\"https:\\\/\\\/www.conex.net\\\/fr\\\/\",\"logo\":{\"@type\":\"ImageObject\",\"inLanguage\":\"fr-FR\",\"@id\":\"https:\\\/\\\/www.conex.net\\\/fr\\\/#\\\/schema\\\/logo\\\/image\\\/\",\"url\":\"https:\\\/\\\/www.conex.net\\\/fr\\\/wp-content\\\/uploads\\\/sites\\\/2\\\/2018\\\/10\\\/logo-conex.png\",\"contentUrl\":\"https:\\\/\\\/www.conex.net\\\/fr\\\/wp-content\\\/uploads\\\/sites\\\/2\\\/2018\\\/10\\\/logo-conex.png\",\"width\":138,\"height\":49,\"caption\":\"CONEX SAS\"},\"image\":{\"@id\":\"https:\\\/\\\/www.conex.net\\\/fr\\\/#\\\/schema\\\/logo\\\/image\\\/\"}}]}<\/script>\n<!-- \/ Yoast SEO plugin. -->","yoast_head_json":{"title":"D\u00e9finition T2 Transit\u00a0communautaire interne - Conex France","description":"T2 s\u2019applique aux marchandises communautaires qui sont exp\u00e9di\u00e9es d\u2019un point \u00e0 un autre du territoire douanier de la Communaut\u00e9 avec emprunt...","robots":{"index":"index","follow":"follow","max-snippet":"max-snippet:-1","max-image-preview":"max-image-preview:large","max-video-preview":"max-video-preview:-1"},"canonical":"https:\/\/www.conex.net\/fr\/definition-t2-transit-communautaire-interne\/","og_locale":"fr_FR","og_type":"article","og_title":"D\u00e9finition T2 Transit\u00a0communautaire interne - Conex France","og_description":"T2 s\u2019applique aux marchandises communautaires qui sont exp\u00e9di\u00e9es d\u2019un point \u00e0 un autre du territoire douanier de la Communaut\u00e9 avec emprunt...","og_url":"https:\/\/www.conex.net\/fr\/definition-t2-transit-communautaire-interne\/","og_site_name":"Conex France","article_modified_time":"2021-07-23T14:05:34+00:00","twitter_card":"summary_large_image","twitter_misc":{"Dur\u00e9e de lecture estim\u00e9e":"1 minute"},"schema":{"@context":"https:\/\/schema.org","@graph":[{"@type":"WebPage","@id":"https:\/\/www.conex.net\/fr\/definition-t2-transit-communautaire-interne\/","url":"https:\/\/www.conex.net\/fr\/definition-t2-transit-communautaire-interne\/","name":"D\u00e9finition T2 Transit\u00a0communautaire interne - Conex France","isPartOf":{"@id":"https:\/\/www.conex.net\/fr\/#website"},"datePublished":"2021-07-23T10:07:06+00:00","dateModified":"2021-07-23T14:05:34+00:00","description":"T2 s\u2019applique aux marchandises communautaires qui sont exp\u00e9di\u00e9es d\u2019un point \u00e0 un autre du territoire douanier de la Communaut\u00e9 avec emprunt...","breadcrumb":{"@id":"https:\/\/www.conex.net\/fr\/definition-t2-transit-communautaire-interne\/#breadcrumb"},"inLanguage":"fr-FR","potentialAction":[{"@type":"ReadAction","target":["https:\/\/www.conex.net\/fr\/definition-t2-transit-communautaire-interne\/"]}]},{"@type":"BreadcrumbList","@id":"https:\/\/www.conex.net\/fr\/definition-t2-transit-communautaire-interne\/#breadcrumb","itemListElement":[{"@type":"ListItem","position":1,"name":"Accueil","item":"https:\/\/www.conex.net\/fr\/"},{"@type":"ListItem","position":2,"name":"D\u00e9finition T2 Transit\u00a0communautaire interne"}]},{"@type":"WebSite","@id":"https:\/\/www.conex.net\/fr\/#website","url":"https:\/\/www.conex.net\/fr\/","name":"Conex France","description":"Your customs partner - CONEX FRANCE","publisher":{"@id":"https:\/\/www.conex.net\/fr\/#organization"},"potentialAction":[{"@type":"SearchAction","target":{"@type":"EntryPoint","urlTemplate":"https:\/\/www.conex.net\/fr\/?s={search_term_string}"},"query-input":{"@type":"PropertyValueSpecification","valueRequired":true,"valueName":"search_term_string"}}],"inLanguage":"fr-FR"},{"@type":"Organization","@id":"https:\/\/www.conex.net\/fr\/#organization","name":"CONEX SAS","url":"https:\/\/www.conex.net\/fr\/","logo":{"@type":"ImageObject","inLanguage":"fr-FR","@id":"https:\/\/www.conex.net\/fr\/#\/schema\/logo\/image\/","url":"https:\/\/www.conex.net\/fr\/wp-content\/uploads\/sites\/2\/2018\/10\/logo-conex.png","contentUrl":"https:\/\/www.conex.net\/fr\/wp-content\/uploads\/sites\/2\/2018\/10\/logo-conex.png","width":138,"height":49,"caption":"CONEX SAS"},"image":{"@id":"https:\/\/www.conex.net\/fr\/#\/schema\/logo\/image\/"}}]}},"_links":{"self":[{"href":"https:\/\/www.conex.net\/fr\/wp-json\/wp\/v2\/pages\/6581","targetHints":{"allow":["GET"]}}],"collection":[{"href":"https:\/\/www.conex.net\/fr\/wp-json\/wp\/v2\/pages"}],"about":[{"href":"https:\/\/www.conex.net\/fr\/wp-json\/wp\/v2\/types\/page"}],"author":[{"embeddable":true,"href":"https:\/\/www.conex.net\/fr\/wp-json\/wp\/v2\/users\/1"}],"replies":[{"embeddable":true,"href":"https:\/\/www.conex.net\/fr\/wp-json\/wp\/v2\/comments?post=6581"}],"version-history":[{"count":4,"href":"https:\/\/www.conex.net\/fr\/wp-json\/wp\/v2\/pages\/6581\/revisions"}],"predecessor-version":[{"id":6585,"href":"https:\/\/www.conex.net\/fr\/wp-json\/wp\/v2\/pages\/6581\/revisions\/6585"}],"wp:attachment":[{"href":"https:\/\/www.conex.net\/fr\/wp-json\/wp\/v2\/media?parent=6581"}],"curies":[{"name":"wp","href":"https:\/\/api.w.org\/{rel}","templated":true}]}}