{"id":6602,"date":"2021-07-27T17:43:10","date_gmt":"2021-07-27T15:43:10","guid":{"rendered":"https:\/\/www.conex.net\/fr\/?page_id=6602"},"modified":"2024-05-28T17:50:38","modified_gmt":"2024-05-28T15:50:38","slug":"plan-du-site","status":"publish","type":"page","link":"https:\/\/www.conex.net\/fr\/plan-du-site\/","title":{"rendered":"Plan du site"},"content":{"rendered":"<div id=\"pl-6602\"  class=\"panel-layout\" ><div id=\"pg-6602-0\"  class=\"panel-grid panel-no-style\" ><div id=\"pgc-6602-0-0\"  class=\"panel-grid-cell\" ><div id=\"panel-6602-0-0-0\" class=\"so-panel widget widget_sow-editor panel-first-child panel-last-child\" data-index=\"0\" ><div\n\t\t\t\n\t\t\tclass=\"so-widget-sow-editor so-widget-sow-editor-base\"\n\t\t\t\n\t\t>\n<div class=\"siteorigin-widget-tinymce textwidget\">\n\t<h4><span style=\"color: #c40000;\">POURQUOI CONEX<\/span><\/h4>\n<h5><span style=\"color: #333333;\"><a style=\"color: #333333;\" href=\"https:\/\/www.conex.net\/fr\/pourquoi-conex\/#EXPERTISE\">Expertise douane<\/a><\/span><br \/>\n<span style=\"color: #333333;\"><a style=\"color: #333333;\" href=\"https:\/\/www.conex.net\/fr\/pourquoi-conex\/#VISION\">Vision panoramique<\/a><\/span><br \/>\n<span style=\"color: #333333;\"><a style=\"color: #333333;\" href=\"https:\/\/www.conex.net\/fr\/pourquoi-conex\/#BENEFICES\">Vos int\u00e9r\u00eats<\/a><\/span><br \/>\n<span style=\"color: #333333;\"><a style=\"color: #333333;\" href=\"https:\/\/www.conex.net\/fr\/pourquoi-conex\/#ACCOMPAGNEMENT\">Accompagnement<\/a><\/span><\/h5>\n<\/div>\n<\/div><\/div><\/div><div id=\"pgc-6602-0-1\"  class=\"panel-grid-cell\" ><div id=\"panel-6602-0-1-0\" class=\"so-panel widget widget_sow-editor panel-first-child panel-last-child\" data-index=\"1\" ><div\n\t\t\t\n\t\t\tclass=\"so-widget-sow-editor so-widget-sow-editor-base\"\n\t\t\t\n\t\t>\n<div class=\"siteorigin-widget-tinymce textwidget\">\n\t<h4><span style=\"color: #c40000;\"><a style=\"color: #c40000;\" href=\"https:\/\/www.conex.net\/fr\/solutions\/\">SOLUTIONS LOGICIELLES<\/a><\/span><\/h4>\n<h5><span style=\"color: #333333;\"><a style=\"color: #333333;\" href=\"https:\/\/www.conex.net\/fr\/douane-logiciel\/\">Logiciel douane <\/a><\/span><br \/>\n<span style=\"color: #333333;\"><a style=\"color: #333333;\" href=\"https:\/\/www.conex.net\/fr\/express-logiciel-douane-e-commerce\/\">Express - H7<\/a><\/span><br \/>\n<span style=\"color: #333333;\"><a style=\"color: #333333;\" href=\"https:\/\/www.conex.net\/fr\/classement-tarifaire-encyclopedie-douaniere\/\">Encyclop\u00e9die Douani\u00e8re<\/a><\/span><br \/>\n<span style=\"color: #333333;\"><a style=\"color: #333333;\" href=\"https:\/\/www.conex.net\/fr\/accises-logiciel-douane\/\">Accises - Gamma - EMCS<\/a><\/span><br \/>\n<span style=\"color: #333333;\"><a style=\"color: #333333;\" href=\"https:\/\/www.conex.net\/fr\/intrastat\/\">Intrastat - logiciel DEB<\/a><\/span><br \/>\n<span style=\"color: #333333;\"><a style=\"color: #333333;\" href=\"https:\/\/www.conex.net\/fr\/douane-ics-brexit\/\">D\u00e9clarations s\u00e9curitaires - SAFE<\/a><\/span><br \/>\n<span style=\"color: #333333;\"><a style=\"color: #333333;\" href=\"https:\/\/www.conex.net\/fr\/gestion-commerciale-export\/\">Gestion commercial export<\/a><\/span><\/h5>\n<\/div>\n<\/div><\/div><\/div><div id=\"pgc-6602-0-2\"  class=\"panel-grid-cell\" ><div id=\"panel-6602-0-2-0\" class=\"so-panel widget widget_sow-editor panel-first-child panel-last-child\" data-index=\"2\" ><div\n\t\t\t\n\t\t\tclass=\"so-widget-sow-editor so-widget-sow-editor-base\"\n\t\t\t\n\t\t>\n<div class=\"siteorigin-widget-tinymce textwidget\">\n\t<h4><span style=\"color: #c40000;\">SERVICES<\/span><\/h4>\n<h5><span style=\"color: #333333;\"><a style=\"color: #333333;\" href=\"https:\/\/www.conex.net\/fr\/services\/#CONSEIL\">Le Conseil<\/a><\/span><br \/>\n<span style=\"color: #333333;\"><a style=\"color: #333333;\" href=\"https:\/\/www.conex.net\/fr\/services\/#SOLUTIONS-HEBERGEES\">Solutions h\u00e9berg\u00e9es<\/a><\/span><br \/>\n<span style=\"color: #333333;\"><a style=\"color: #333333;\" href=\"https:\/\/www.conex.net\/fr\/services\/#FORMATION\">Formation douane<\/a><\/span><br \/>\n<span style=\"color: #333333;\"><a style=\"color: #333333;\" href=\"https:\/\/www.conex.net\/fr\/services\/#HELPDESK\">Maintenance &amp; assistance<\/a><\/span><br \/>\n<span style=\"color: #333333;\"><a style=\"color: #333333;\" href=\"https:\/\/www.conex.net\/fr\/services\/#INFOS-REGLEMENTAIRES\">Info. R\u00e9glementaire<\/a><\/span><\/h5>\n<\/div>\n<\/div><\/div><\/div><div id=\"pgc-6602-0-3\"  class=\"panel-grid-cell\" ><div id=\"panel-6602-0-3-0\" class=\"so-panel widget widget_sow-editor panel-first-child panel-last-child\" data-index=\"3\" ><div\n\t\t\t\n\t\t\tclass=\"so-widget-sow-editor so-widget-sow-editor-base\"\n\t\t\t\n\t\t>\n<div class=\"siteorigin-widget-tinymce textwidget\">\n\t<h4><span style=\"color: #c40000;\">LE GROUPE<\/span><\/h4>\n<h5><span style=\"color: #333333;\"><a style=\"color: #333333;\" href=\"https:\/\/www.conex.net\/fr\/groupe\/#CONEX-FR\">France<\/a><\/span><br \/>\n<span style=\"color: #333333;\"><a style=\"color: #333333;\" href=\"https:\/\/www.conex.net\/fr\/groupe\/#CONEX-be\">Belgique<\/a><\/span><br \/>\n<span style=\"color: #333333;\"><a style=\"color: #333333;\" href=\"https:\/\/www.conex.net\/fr\/groupe\/#CONEX-uk\">Royaume-Uni<\/a><\/span><\/h5>\n<\/div>\n<\/div><\/div><\/div><div id=\"pgc-6602-0-4\"  class=\"panel-grid-cell\" ><div id=\"panel-6602-0-4-0\" class=\"so-panel widget widget_sow-editor panel-first-child panel-last-child\" data-index=\"4\" ><div\n\t\t\t\n\t\t\tclass=\"so-widget-sow-editor so-widget-sow-editor-base\"\n\t\t\t\n\t\t>\n<div class=\"siteorigin-widget-tinymce textwidget\">\n\t<h4><span style=\"color: #c40000;\">CONEX &amp; VOUS<\/span><\/h4>\n<h5><span style=\"color: #333333;\"><a style=\"color: #333333;\" href=\"https:\/\/www.conex.net\/fr\/conex-actualites\/\">Actualit\u00e9s<\/a><\/span><br \/>\n<span style=\"color: #333333;\"><a style=\"color: #333333;\" href=\"https:\/\/www.conex.net\/fr\/conex-et-vous\/#CLIENTS\">Nos clients<\/a><\/span><br \/>\n<span style=\"color: #333333;\"><a style=\"color: #333333;\" href=\"https:\/\/www.conex.net\/fr\/conex-et-vous\/#EMPLOI\">Emplois<\/a><\/span><br \/>\n<span style=\"color: #333333;\"><a style=\"color: #333333;\" href=\"https:\/\/www.conex.net\/fr\/contact\/\">Contact<\/a><\/span><br \/>\n<span style=\"color: #333333;\"><a style=\"color: #333333;\" href=\"https:\/\/www.conex.net\/fr\/espace-client\/\">Espace client<\/a><\/span><\/h5>\n<\/div>\n<\/div><\/div><\/div><\/div><\/div>","protected":false},"excerpt":{"rendered":"<p>POURQUOI CONEX Expertise douane Vision panoramique Vos int\u00e9r\u00eats Accompagnement SOLUTIONS LOGICIELLES Logiciel douane Express &#8211; H7 Encyclop\u00e9die Douani\u00e8re Accises &#8211; Gamma &#8211; EMCS Intrastat &#8211; logiciel DEB D\u00e9clarations s\u00e9curitaires &#8211; SAFE Gestion commercial export SERVICES Le Conseil Solutions h\u00e9berg\u00e9es Formation douane Maintenance &amp; assistance Info. R\u00e9glementaire LE GROUPE France Belgique Royaume-Uni CONEX &amp; VOUS Actualit\u00e9s Nos clients Emplois Contact Espace client<\/p>\n","protected":false},"author":1,"featured_media":0,"parent":0,"menu_order":0,"comment_status":"closed","ping_status":"closed","template":"","meta":{"footnotes":""},"class_list":["post-6602","page","type-page","status-publish","hentry"],"yoast_head":"<!-- This site is optimized with the Yoast SEO plugin v27.3 - https:\/\/yoast.com\/product\/yoast-seo-wordpress\/ -->\n<title>Plan du site - Conex France<\/title>\n<meta name=\"robots\" content=\"index, follow, max-snippet:-1, max-image-preview:large, max-video-preview:-1\" \/>\n<link rel=\"canonical\" href=\"https:\/\/www.conex.net\/fr\/plan-du-site\/\" \/>\n<meta property=\"og:locale\" content=\"fr_FR\" \/>\n<meta property=\"og:type\" content=\"article\" \/>\n<meta property=\"og:title\" content=\"Plan du site - Conex France\" \/>\n<meta property=\"og:description\" content=\"POURQUOI CONEX Expertise douane Vision panoramique Vos int\u00e9r\u00eats Accompagnement SOLUTIONS LOGICIELLES Logiciel douane Express - H7 Encyclop\u00e9die Douani\u00e8re Accises - Gamma - EMCS Intrastat - logiciel DEB D\u00e9clarations s\u00e9curitaires - SAFE Gestion commercial export SERVICES Le Conseil Solutions h\u00e9berg\u00e9es Formation douane Maintenance &amp; assistance Info. R\u00e9glementaire LE GROUPE France Belgique Royaume-Uni CONEX &amp; VOUS Actualit\u00e9s Nos clients Emplois Contact Espace client\" \/>\n<meta property=\"og:url\" content=\"https:\/\/www.conex.net\/fr\/plan-du-site\/\" \/>\n<meta property=\"og:site_name\" content=\"Conex France\" \/>\n<meta property=\"article:modified_time\" content=\"2024-05-28T15:50:38+00:00\" \/>\n<meta name=\"twitter:card\" content=\"summary_large_image\" \/>\n<meta name=\"twitter:label1\" content=\"Dur\u00e9e de lecture estim\u00e9e\" \/>\n\t<meta name=\"twitter:data1\" content=\"1 minute\" \/>\n<script type=\"application\/ld+json\" class=\"yoast-schema-graph\">{\"@context\":\"https:\\\/\\\/schema.org\",\"@graph\":[{\"@type\":\"WebPage\",\"@id\":\"https:\\\/\\\/www.conex.net\\\/fr\\\/plan-du-site\\\/\",\"url\":\"https:\\\/\\\/www.conex.net\\\/fr\\\/plan-du-site\\\/\",\"name\":\"Plan du site - Conex France\",\"isPartOf\":{\"@id\":\"https:\\\/\\\/www.conex.net\\\/fr\\\/#website\"},\"datePublished\":\"2021-07-27T15:43:10+00:00\",\"dateModified\":\"2024-05-28T15:50:38+00:00\",\"breadcrumb\":{\"@id\":\"https:\\\/\\\/www.conex.net\\\/fr\\\/plan-du-site\\\/#breadcrumb\"},\"inLanguage\":\"fr-FR\",\"potentialAction\":[{\"@type\":\"ReadAction\",\"target\":[\"https:\\\/\\\/www.conex.net\\\/fr\\\/plan-du-site\\\/\"]}]},{\"@type\":\"BreadcrumbList\",\"@id\":\"https:\\\/\\\/www.conex.net\\\/fr\\\/plan-du-site\\\/#breadcrumb\",\"itemListElement\":[{\"@type\":\"ListItem\",\"position\":1,\"name\":\"Accueil\",\"item\":\"https:\\\/\\\/www.conex.net\\\/fr\\\/\"},{\"@type\":\"ListItem\",\"position\":2,\"name\":\"Plan du site\"}]},{\"@type\":\"WebSite\",\"@id\":\"https:\\\/\\\/www.conex.net\\\/fr\\\/#website\",\"url\":\"https:\\\/\\\/www.conex.net\\\/fr\\\/\",\"name\":\"Conex France\",\"description\":\"Your customs partner - CONEX FRANCE\",\"publisher\":{\"@id\":\"https:\\\/\\\/www.conex.net\\\/fr\\\/#organization\"},\"potentialAction\":[{\"@type\":\"SearchAction\",\"target\":{\"@type\":\"EntryPoint\",\"urlTemplate\":\"https:\\\/\\\/www.conex.net\\\/fr\\\/?s={search_term_string}\"},\"query-input\":{\"@type\":\"PropertyValueSpecification\",\"valueRequired\":true,\"valueName\":\"search_term_string\"}}],\"inLanguage\":\"fr-FR\"},{\"@type\":\"Organization\",\"@id\":\"https:\\\/\\\/www.conex.net\\\/fr\\\/#organization\",\"name\":\"CONEX SAS\",\"url\":\"https:\\\/\\\/www.conex.net\\\/fr\\\/\",\"logo\":{\"@type\":\"ImageObject\",\"inLanguage\":\"fr-FR\",\"@id\":\"https:\\\/\\\/www.conex.net\\\/fr\\\/#\\\/schema\\\/logo\\\/image\\\/\",\"url\":\"https:\\\/\\\/www.conex.net\\\/fr\\\/wp-content\\\/uploads\\\/sites\\\/2\\\/2018\\\/10\\\/logo-conex.png\",\"contentUrl\":\"https:\\\/\\\/www.conex.net\\\/fr\\\/wp-content\\\/uploads\\\/sites\\\/2\\\/2018\\\/10\\\/logo-conex.png\",\"width\":138,\"height\":49,\"caption\":\"CONEX SAS\"},\"image\":{\"@id\":\"https:\\\/\\\/www.conex.net\\\/fr\\\/#\\\/schema\\\/logo\\\/image\\\/\"}}]}<\/script>\n<!-- \/ Yoast SEO plugin. -->","yoast_head_json":{"title":"Plan du site - Conex France","robots":{"index":"index","follow":"follow","max-snippet":"max-snippet:-1","max-image-preview":"max-image-preview:large","max-video-preview":"max-video-preview:-1"},"canonical":"https:\/\/www.conex.net\/fr\/plan-du-site\/","og_locale":"fr_FR","og_type":"article","og_title":"Plan du site - Conex France","og_description":"POURQUOI CONEX Expertise douane Vision panoramique Vos int\u00e9r\u00eats Accompagnement SOLUTIONS LOGICIELLES Logiciel douane Express - H7 Encyclop\u00e9die Douani\u00e8re Accises - Gamma - EMCS Intrastat - logiciel DEB D\u00e9clarations s\u00e9curitaires - SAFE Gestion commercial export SERVICES Le Conseil Solutions h\u00e9berg\u00e9es Formation douane Maintenance &amp; assistance Info. R\u00e9glementaire LE GROUPE France Belgique Royaume-Uni CONEX &amp; VOUS Actualit\u00e9s Nos clients Emplois Contact Espace client","og_url":"https:\/\/www.conex.net\/fr\/plan-du-site\/","og_site_name":"Conex France","article_modified_time":"2024-05-28T15:50:38+00:00","twitter_card":"summary_large_image","twitter_misc":{"Dur\u00e9e de lecture estim\u00e9e":"1 minute"},"schema":{"@context":"https:\/\/schema.org","@graph":[{"@type":"WebPage","@id":"https:\/\/www.conex.net\/fr\/plan-du-site\/","url":"https:\/\/www.conex.net\/fr\/plan-du-site\/","name":"Plan du site - Conex France","isPartOf":{"@id":"https:\/\/www.conex.net\/fr\/#website"},"datePublished":"2021-07-27T15:43:10+00:00","dateModified":"2024-05-28T15:50:38+00:00","breadcrumb":{"@id":"https:\/\/www.conex.net\/fr\/plan-du-site\/#breadcrumb"},"inLanguage":"fr-FR","potentialAction":[{"@type":"ReadAction","target":["https:\/\/www.conex.net\/fr\/plan-du-site\/"]}]},{"@type":"BreadcrumbList","@id":"https:\/\/www.conex.net\/fr\/plan-du-site\/#breadcrumb","itemListElement":[{"@type":"ListItem","position":1,"name":"Accueil","item":"https:\/\/www.conex.net\/fr\/"},{"@type":"ListItem","position":2,"name":"Plan du site"}]},{"@type":"WebSite","@id":"https:\/\/www.conex.net\/fr\/#website","url":"https:\/\/www.conex.net\/fr\/","name":"Conex France","description":"Your customs partner - CONEX FRANCE","publisher":{"@id":"https:\/\/www.conex.net\/fr\/#organization"},"potentialAction":[{"@type":"SearchAction","target":{"@type":"EntryPoint","urlTemplate":"https:\/\/www.conex.net\/fr\/?s={search_term_string}"},"query-input":{"@type":"PropertyValueSpecification","valueRequired":true,"valueName":"search_term_string"}}],"inLanguage":"fr-FR"},{"@type":"Organization","@id":"https:\/\/www.conex.net\/fr\/#organization","name":"CONEX SAS","url":"https:\/\/www.conex.net\/fr\/","logo":{"@type":"ImageObject","inLanguage":"fr-FR","@id":"https:\/\/www.conex.net\/fr\/#\/schema\/logo\/image\/","url":"https:\/\/www.conex.net\/fr\/wp-content\/uploads\/sites\/2\/2018\/10\/logo-conex.png","contentUrl":"https:\/\/www.conex.net\/fr\/wp-content\/uploads\/sites\/2\/2018\/10\/logo-conex.png","width":138,"height":49,"caption":"CONEX SAS"},"image":{"@id":"https:\/\/www.conex.net\/fr\/#\/schema\/logo\/image\/"}}]}},"_links":{"self":[{"href":"https:\/\/www.conex.net\/fr\/wp-json\/wp\/v2\/pages\/6602","targetHints":{"allow":["GET"]}}],"collection":[{"href":"https:\/\/www.conex.net\/fr\/wp-json\/wp\/v2\/pages"}],"about":[{"href":"https:\/\/www.conex.net\/fr\/wp-json\/wp\/v2\/types\/page"}],"author":[{"embeddable":true,"href":"https:\/\/www.conex.net\/fr\/wp-json\/wp\/v2\/users\/1"}],"replies":[{"embeddable":true,"href":"https:\/\/www.conex.net\/fr\/wp-json\/wp\/v2\/comments?post=6602"}],"version-history":[{"count":24,"href":"https:\/\/www.conex.net\/fr\/wp-json\/wp\/v2\/pages\/6602\/revisions"}],"predecessor-version":[{"id":9951,"href":"https:\/\/www.conex.net\/fr\/wp-json\/wp\/v2\/pages\/6602\/revisions\/9951"}],"wp:attachment":[{"href":"https:\/\/www.conex.net\/fr\/wp-json\/wp\/v2\/media?parent=6602"}],"curies":[{"name":"wp","href":"https:\/\/api.w.org\/{rel}","templated":true}]}}