{"id":6781,"date":"2021-09-17T15:36:41","date_gmt":"2021-09-17T13:36:41","guid":{"rendered":"https:\/\/www.conex.net\/fr\/?page_id=6781"},"modified":"2021-09-20T09:38:49","modified_gmt":"2021-09-20T07:38:49","slug":"presse","status":"publish","type":"page","link":"https:\/\/www.conex.net\/fr\/presse\/","title":{"rendered":"PRESSE"},"content":{"rendered":"<div id=\"pl-6781\"  class=\"panel-layout\" ><div id=\"pg-6781-0\"  class=\"panel-grid panel-no-style\" ><div id=\"pgc-6781-0-0\"  class=\"panel-grid-cell\" ><div id=\"panel-6781-0-0-0\" class=\"so-panel widget widget_sow-editor panel-first-child panel-last-child\" data-index=\"0\" ><div\n\t\t\t\n\t\t\tclass=\"so-widget-sow-editor so-widget-sow-editor-base\"\n\t\t\t\n\t\t>\n<div class=\"siteorigin-widget-tinymce textwidget\">\n\t<h4><strong><span style=\"color: #333333;\">Les Transports Mesguen ont retenu les solutions de Conex pour cr\u00e9er une activit\u00e9 Douane post-Brexit<\/span><\/strong><\/h4>\n<h5 style=\"text-align: justify;\"><span style=\"color: #333333;\"><img loading=\"lazy\" decoding=\"async\" class=\"alignleft wp-image-6769\" src=\"https:\/\/www.conex.net\/fr\/wp-content\/uploads\/sites\/2\/2021\/09\/transport-Mesguen-conex2.jpg\" alt=\"Les Transports Mesguen ont retenu les solutions de Conex pour cr\u00e9er une activit\u00e9 Douane post-Brexit\" width=\"205\" height=\"96\" srcset=\"https:\/\/www.conex.net\/fr\/wp-content\/uploads\/sites\/2\/2021\/09\/transport-Mesguen-conex2.jpg 640w, https:\/\/www.conex.net\/fr\/wp-content\/uploads\/sites\/2\/2021\/09\/transport-Mesguen-conex2-300x141.jpg 300w\" sizes=\"auto, (max-width: 205px) 100vw, 205px\" \/><\/span><\/h5>\n<h5><\/h5>\n<h5 style=\"text-align: justify;\"><span style=\"color: #333333;\">Depuis la mise en place du Brexit, les Transports Mesguen, PME situ\u00e9e \u00e0 la pointe nord du Finist\u00e8re, utilisent les solutions de Conex pour le d\u00e9douanement des marchandises qui font route ou arrivent du Royaume-Uni. Une \u00e9tape hautement strat\u00e9gique dans la SupplyChain, en particulier pour les produits alimentaires, vivants et ultra-frais.<\/span><\/h5>\n<h5 style=\"text-align: right;\"><span style=\"color: #960000;\"><strong><a style=\"color: #960000;\" href=\"https:\/\/www.conex.net\/fr\/transports-mesguen\/\">Lire la suite<\/a><\/strong><\/span><\/h5>\n<hr \/>\n<h4><span style=\"color: #333333;\"><strong>E-commerce : Conex lance EXPRESS via conex\u2122, une nouvelle solution certifi\u00e9e par la douane pour les d\u00e9clarations d\u2019importation de colis express<\/strong><\/span><\/h4>\n<h5 style=\"text-align: justify;\"><span style=\"color: #333333;\"><img loading=\"lazy\" decoding=\"async\" class=\"alignleft wp-image-6195\" src=\"https:\/\/www.conex.net\/fr\/wp-content\/uploads\/sites\/2\/2021\/06\/EXPRESSviaconex.png\" alt=\"EXPRESS via conex - logiciel douane e-commerce\" width=\"119\" height=\"96\" \/><\/span><\/h5>\n<h5><\/h5>\n<h5 style=\"text-align: justify;\"><span style=\"color: #333333;\">Au 1er juillet 2021, le paquet TVA e-commerce entre en vigueur, et avec lui des \u00e9volutions fiscales et douani\u00e8res majeures concernant les envois d\u2019une valeur intrins\u00e8que jusqu\u2019\u00e0 150 euros. En r\u00e9ponse aux nouvelles r\u00e8gles douani\u00e8res de cette r\u00e9forme, la solution EXPRESS via conex\u2122 permet aux professionnels de passer leurs d\u00e9clarations en douane H7 sur une interface d\u00e9di\u00e9e au e-commerce. La solution, qui communique avec le syst\u00e8me douanier fran\u00e7ais DELTA H7, est \u00e9galement connect\u00e9e au syst\u00e8me d\u00e9claratif belge, et \u00e0 terme, \u00e0 d\u2019autres pays de l\u2019Union.\u00a0<\/span><\/h5>\n<h5 style=\"text-align: right;\"><strong><span style=\"color: #960000;\"><a style=\"color: #960000;\" href=\"https:\/\/www.conex.net\/fr\/e-commerce-solution-h7\/\">Lire la suite<\/a><\/span><\/strong><\/h5>\n<h3><\/h3>\n<\/div>\n<\/div><\/div><\/div><\/div><\/div>","protected":false},"excerpt":{"rendered":"<p>Les Transports Mesguen ont retenu les solutions de Conex pour cr\u00e9er une activit\u00e9 Douane post-Brexit Depuis la mise en place du Brexit, les Transports Mesguen, PME situ\u00e9e \u00e0 la pointe nord du Finist\u00e8re, utilisent les solutions de Conex pour le d\u00e9douanement des marchandises qui font route ou arrivent du Royaume-Uni. Une \u00e9tape hautement strat\u00e9gique dans la SupplyChain, en particulier pour les produits alimentaires, vivants et ultra-frais. Lire la suite E-commerce : Conex lance EXPRESS via [&hellip;]<\/p>\n","protected":false},"author":1,"featured_media":0,"parent":0,"menu_order":0,"comment_status":"closed","ping_status":"closed","template":"","meta":{"footnotes":""},"class_list":["post-6781","page","type-page","status-publish","hentry"],"yoast_head":"<!-- This site is optimized with the Yoast SEO plugin v27.4 - https:\/\/yoast.com\/product\/yoast-seo-wordpress\/ -->\n<title>PRESSE - Conex France<\/title>\n<meta name=\"robots\" content=\"index, follow, max-snippet:-1, max-image-preview:large, max-video-preview:-1\" \/>\n<link rel=\"canonical\" href=\"https:\/\/www.conex.net\/fr\/presse\/\" \/>\n<meta property=\"og:locale\" content=\"fr_FR\" \/>\n<meta property=\"og:type\" content=\"article\" \/>\n<meta property=\"og:title\" content=\"PRESSE - Conex France\" \/>\n<meta property=\"og:description\" content=\"Les Transports Mesguen ont retenu les solutions de Conex pour cr\u00e9er une activit\u00e9 Douane post-Brexit Depuis la mise en place du Brexit, les Transports Mesguen, PME situ\u00e9e \u00e0 la pointe nord du Finist\u00e8re, utilisent les solutions de Conex pour le d\u00e9douanement des marchandises qui font route ou arrivent du Royaume-Uni. Une \u00e9tape hautement strat\u00e9gique dans la SupplyChain, en particulier pour les produits alimentaires, vivants et ultra-frais. Lire la suite E-commerce : Conex lance EXPRESS via [&hellip;]\" \/>\n<meta property=\"og:url\" content=\"https:\/\/www.conex.net\/fr\/presse\/\" \/>\n<meta property=\"og:site_name\" content=\"Conex France\" \/>\n<meta property=\"article:modified_time\" content=\"2021-09-20T07:38:49+00:00\" \/>\n<meta property=\"og:image\" content=\"https:\/\/www.conex.net\/fr\/wp-content\/uploads\/sites\/2\/2021\/09\/transport-Mesguen-conex2.jpg\" \/>\n<meta name=\"twitter:card\" content=\"summary_large_image\" \/>\n<meta name=\"twitter:label1\" content=\"Dur\u00e9e de lecture estim\u00e9e\" \/>\n\t<meta name=\"twitter:data1\" content=\"1 minute\" \/>\n<script type=\"application\/ld+json\" class=\"yoast-schema-graph\">{\"@context\":\"https:\\\/\\\/schema.org\",\"@graph\":[{\"@type\":\"WebPage\",\"@id\":\"https:\\\/\\\/www.conex.net\\\/fr\\\/presse\\\/\",\"url\":\"https:\\\/\\\/www.conex.net\\\/fr\\\/presse\\\/\",\"name\":\"PRESSE - Conex France\",\"isPartOf\":{\"@id\":\"https:\\\/\\\/www.conex.net\\\/fr\\\/#website\"},\"primaryImageOfPage\":{\"@id\":\"https:\\\/\\\/www.conex.net\\\/fr\\\/presse\\\/#primaryimage\"},\"image\":{\"@id\":\"https:\\\/\\\/www.conex.net\\\/fr\\\/presse\\\/#primaryimage\"},\"thumbnailUrl\":\"https:\\\/\\\/www.conex.net\\\/fr\\\/wp-content\\\/uploads\\\/sites\\\/2\\\/2021\\\/09\\\/transport-Mesguen-conex2.jpg\",\"datePublished\":\"2021-09-17T13:36:41+00:00\",\"dateModified\":\"2021-09-20T07:38:49+00:00\",\"breadcrumb\":{\"@id\":\"https:\\\/\\\/www.conex.net\\\/fr\\\/presse\\\/#breadcrumb\"},\"inLanguage\":\"fr-FR\",\"potentialAction\":[{\"@type\":\"ReadAction\",\"target\":[\"https:\\\/\\\/www.conex.net\\\/fr\\\/presse\\\/\"]}]},{\"@type\":\"ImageObject\",\"inLanguage\":\"fr-FR\",\"@id\":\"https:\\\/\\\/www.conex.net\\\/fr\\\/presse\\\/#primaryimage\",\"url\":\"https:\\\/\\\/www.conex.net\\\/fr\\\/wp-content\\\/uploads\\\/sites\\\/2\\\/2021\\\/09\\\/transport-Mesguen-conex2.jpg\",\"contentUrl\":\"https:\\\/\\\/www.conex.net\\\/fr\\\/wp-content\\\/uploads\\\/sites\\\/2\\\/2021\\\/09\\\/transport-Mesguen-conex2.jpg\",\"width\":640,\"height\":300,\"caption\":\"Les Transports Mesguen ont retenu les solutions de Conex pour cr\u00e9er une activit\u00e9 Douane post-Brexit\"},{\"@type\":\"BreadcrumbList\",\"@id\":\"https:\\\/\\\/www.conex.net\\\/fr\\\/presse\\\/#breadcrumb\",\"itemListElement\":[{\"@type\":\"ListItem\",\"position\":1,\"name\":\"Accueil\",\"item\":\"https:\\\/\\\/www.conex.net\\\/fr\\\/\"},{\"@type\":\"ListItem\",\"position\":2,\"name\":\"PRESSE\"}]},{\"@type\":\"WebSite\",\"@id\":\"https:\\\/\\\/www.conex.net\\\/fr\\\/#website\",\"url\":\"https:\\\/\\\/www.conex.net\\\/fr\\\/\",\"name\":\"Conex France\",\"description\":\"Your customs partner - CONEX FRANCE\",\"publisher\":{\"@id\":\"https:\\\/\\\/www.conex.net\\\/fr\\\/#organization\"},\"potentialAction\":[{\"@type\":\"SearchAction\",\"target\":{\"@type\":\"EntryPoint\",\"urlTemplate\":\"https:\\\/\\\/www.conex.net\\\/fr\\\/?s={search_term_string}\"},\"query-input\":{\"@type\":\"PropertyValueSpecification\",\"valueRequired\":true,\"valueName\":\"search_term_string\"}}],\"inLanguage\":\"fr-FR\"},{\"@type\":\"Organization\",\"@id\":\"https:\\\/\\\/www.conex.net\\\/fr\\\/#organization\",\"name\":\"CONEX SAS\",\"url\":\"https:\\\/\\\/www.conex.net\\\/fr\\\/\",\"logo\":{\"@type\":\"ImageObject\",\"inLanguage\":\"fr-FR\",\"@id\":\"https:\\\/\\\/www.conex.net\\\/fr\\\/#\\\/schema\\\/logo\\\/image\\\/\",\"url\":\"https:\\\/\\\/www.conex.net\\\/fr\\\/wp-content\\\/uploads\\\/sites\\\/2\\\/2018\\\/10\\\/logo-conex.png\",\"contentUrl\":\"https:\\\/\\\/www.conex.net\\\/fr\\\/wp-content\\\/uploads\\\/sites\\\/2\\\/2018\\\/10\\\/logo-conex.png\",\"width\":138,\"height\":49,\"caption\":\"CONEX SAS\"},\"image\":{\"@id\":\"https:\\\/\\\/www.conex.net\\\/fr\\\/#\\\/schema\\\/logo\\\/image\\\/\"}}]}<\/script>\n<!-- \/ Yoast SEO plugin. -->","yoast_head_json":{"title":"PRESSE - Conex France","robots":{"index":"index","follow":"follow","max-snippet":"max-snippet:-1","max-image-preview":"max-image-preview:large","max-video-preview":"max-video-preview:-1"},"canonical":"https:\/\/www.conex.net\/fr\/presse\/","og_locale":"fr_FR","og_type":"article","og_title":"PRESSE - Conex France","og_description":"Les Transports Mesguen ont retenu les solutions de Conex pour cr\u00e9er une activit\u00e9 Douane post-Brexit Depuis la mise en place du Brexit, les Transports Mesguen, PME situ\u00e9e \u00e0 la pointe nord du Finist\u00e8re, utilisent les solutions de Conex pour le d\u00e9douanement des marchandises qui font route ou arrivent du Royaume-Uni. Une \u00e9tape hautement strat\u00e9gique dans la SupplyChain, en particulier pour les produits alimentaires, vivants et ultra-frais. Lire la suite E-commerce : Conex lance EXPRESS via [&hellip;]","og_url":"https:\/\/www.conex.net\/fr\/presse\/","og_site_name":"Conex France","article_modified_time":"2021-09-20T07:38:49+00:00","og_image":[{"url":"https:\/\/www.conex.net\/fr\/wp-content\/uploads\/sites\/2\/2021\/09\/transport-Mesguen-conex2.jpg","type":"","width":"","height":""}],"twitter_card":"summary_large_image","twitter_misc":{"Dur\u00e9e de lecture estim\u00e9e":"1 minute"},"schema":{"@context":"https:\/\/schema.org","@graph":[{"@type":"WebPage","@id":"https:\/\/www.conex.net\/fr\/presse\/","url":"https:\/\/www.conex.net\/fr\/presse\/","name":"PRESSE - Conex France","isPartOf":{"@id":"https:\/\/www.conex.net\/fr\/#website"},"primaryImageOfPage":{"@id":"https:\/\/www.conex.net\/fr\/presse\/#primaryimage"},"image":{"@id":"https:\/\/www.conex.net\/fr\/presse\/#primaryimage"},"thumbnailUrl":"https:\/\/www.conex.net\/fr\/wp-content\/uploads\/sites\/2\/2021\/09\/transport-Mesguen-conex2.jpg","datePublished":"2021-09-17T13:36:41+00:00","dateModified":"2021-09-20T07:38:49+00:00","breadcrumb":{"@id":"https:\/\/www.conex.net\/fr\/presse\/#breadcrumb"},"inLanguage":"fr-FR","potentialAction":[{"@type":"ReadAction","target":["https:\/\/www.conex.net\/fr\/presse\/"]}]},{"@type":"ImageObject","inLanguage":"fr-FR","@id":"https:\/\/www.conex.net\/fr\/presse\/#primaryimage","url":"https:\/\/www.conex.net\/fr\/wp-content\/uploads\/sites\/2\/2021\/09\/transport-Mesguen-conex2.jpg","contentUrl":"https:\/\/www.conex.net\/fr\/wp-content\/uploads\/sites\/2\/2021\/09\/transport-Mesguen-conex2.jpg","width":640,"height":300,"caption":"Les Transports Mesguen ont retenu les solutions de Conex pour cr\u00e9er une activit\u00e9 Douane post-Brexit"},{"@type":"BreadcrumbList","@id":"https:\/\/www.conex.net\/fr\/presse\/#breadcrumb","itemListElement":[{"@type":"ListItem","position":1,"name":"Accueil","item":"https:\/\/www.conex.net\/fr\/"},{"@type":"ListItem","position":2,"name":"PRESSE"}]},{"@type":"WebSite","@id":"https:\/\/www.conex.net\/fr\/#website","url":"https:\/\/www.conex.net\/fr\/","name":"Conex France","description":"Your customs partner - CONEX FRANCE","publisher":{"@id":"https:\/\/www.conex.net\/fr\/#organization"},"potentialAction":[{"@type":"SearchAction","target":{"@type":"EntryPoint","urlTemplate":"https:\/\/www.conex.net\/fr\/?s={search_term_string}"},"query-input":{"@type":"PropertyValueSpecification","valueRequired":true,"valueName":"search_term_string"}}],"inLanguage":"fr-FR"},{"@type":"Organization","@id":"https:\/\/www.conex.net\/fr\/#organization","name":"CONEX SAS","url":"https:\/\/www.conex.net\/fr\/","logo":{"@type":"ImageObject","inLanguage":"fr-FR","@id":"https:\/\/www.conex.net\/fr\/#\/schema\/logo\/image\/","url":"https:\/\/www.conex.net\/fr\/wp-content\/uploads\/sites\/2\/2018\/10\/logo-conex.png","contentUrl":"https:\/\/www.conex.net\/fr\/wp-content\/uploads\/sites\/2\/2018\/10\/logo-conex.png","width":138,"height":49,"caption":"CONEX SAS"},"image":{"@id":"https:\/\/www.conex.net\/fr\/#\/schema\/logo\/image\/"}}]}},"_links":{"self":[{"href":"https:\/\/www.conex.net\/fr\/wp-json\/wp\/v2\/pages\/6781","targetHints":{"allow":["GET"]}}],"collection":[{"href":"https:\/\/www.conex.net\/fr\/wp-json\/wp\/v2\/pages"}],"about":[{"href":"https:\/\/www.conex.net\/fr\/wp-json\/wp\/v2\/types\/page"}],"author":[{"embeddable":true,"href":"https:\/\/www.conex.net\/fr\/wp-json\/wp\/v2\/users\/1"}],"replies":[{"embeddable":true,"href":"https:\/\/www.conex.net\/fr\/wp-json\/wp\/v2\/comments?post=6781"}],"version-history":[{"count":6,"href":"https:\/\/www.conex.net\/fr\/wp-json\/wp\/v2\/pages\/6781\/revisions"}],"predecessor-version":[{"id":6804,"href":"https:\/\/www.conex.net\/fr\/wp-json\/wp\/v2\/pages\/6781\/revisions\/6804"}],"wp:attachment":[{"href":"https:\/\/www.conex.net\/fr\/wp-json\/wp\/v2\/media?parent=6781"}],"curies":[{"name":"wp","href":"https:\/\/api.w.org\/{rel}","templated":true}]}}