{"id":6884,"date":"2021-09-27T17:12:01","date_gmt":"2021-09-27T15:12:01","guid":{"rendered":"https:\/\/www.conex.net\/fr\/?page_id=6884"},"modified":"2024-05-30T10:45:33","modified_gmt":"2024-05-30T08:45:33","slug":"test-smartpostshow","status":"publish","type":"page","link":"https:\/\/www.conex.net\/fr\/test-smartpostshow\/","title":{"rendered":"TEST-formulaire"},"content":{"rendered":"<div id=\"pl-6884\"  class=\"panel-layout\" ><div id=\"pg-6884-0\"  class=\"panel-grid panel-no-style\" ><div id=\"pgc-6884-0-0\"  class=\"panel-grid-cell\" ><div id=\"panel-6884-0-0-0\" class=\"so-panel widget widget_sow-editor panel-first-child panel-last-child\" data-index=\"0\" ><div\n\t\t\t\n\t\t\tclass=\"so-widget-sow-editor so-widget-sow-editor-base\"\n\t\t\t\n\t\t>\n<div class=\"siteorigin-widget-tinymce textwidget\">\n\t<div class=\"everest-forms\"><div class=\"evf-container default\" id=\"evf-9631\"><form id=\"evf-form-9631\" class=\"everest-form\" data-formid=\"9631\" data-ajax_submission=\"0\" data-keyboard_friendly_form=\"0\" data-form_state_type=\"\" method=\"post\" enctype=\"multipart\/form-data\" action=\"\/fr\/wp-json\/wp\/v2\/pages\/6884\"><div class=\"evf-field-container\"><input type=\"hidden\" id=\"_wpnonce9631\" name=\"_wpnonce9631\" value=\"e40adcfa62\" \/><input type=\"hidden\" name=\"_wp_http_referer\" value=\"\/fr\/wp-json\/wp\/v2\/pages\/6884\" \/><div class=\"evf-frontend-row\" data-row=\"row_2\" conditional_rules=\"[]\"><div class=\"evf-frontend-grid evf-grid-3\" data-grid=\"grid_1\"><div id=\"evf-9631-field_zrpjx4MbpU-8-container\" class=\"evf-field evf-field-last-name form-row\" data-field-id=\"zrpjx4MbpU-8\"><label class=\"evf-field-label\" for=\"evf-9631-field_zrpjx4MbpU-8\"><span class=\"evf-label\">Nom Participant 1<\/span> <\/label><input type=\"text\" id=\"evf-9631-field_zrpjx4MbpU-8\" class=\"input-text\" name=\"everest_forms[form_fields][zrpjx4MbpU-8]\" ><\/div><\/div><div class=\"evf-frontend-grid evf-grid-3\" data-grid=\"grid_2\"><div id=\"evf-9631-field_StV0u7FBWy-11-container\" class=\"evf-field evf-field-first-name form-row\" data-field-id=\"StV0u7FBWy-11\"><label class=\"evf-field-label\" for=\"evf-9631-field_StV0u7FBWy-11\"><span class=\"evf-label\">Pr\u00e9nom Participant 1<\/span> <\/label><input type=\"text\" id=\"evf-9631-field_StV0u7FBWy-11\" class=\"input-text\" name=\"everest_forms[form_fields][StV0u7FBWy-11]\" ><\/div><\/div><div class=\"evf-frontend-grid evf-grid-3\" data-grid=\"grid_3\"><div id=\"evf-9631-field_rwDf8KZwLe-13-container\" class=\"evf-field evf-field-email form-row validate-email\" data-field-id=\"rwDf8KZwLe-13\"><label class=\"evf-field-label\" for=\"evf-9631-field_rwDf8KZwLe-13\"><span class=\"evf-label\">E-mail<\/span> <\/label><input type=\"email\" id=\"evf-9631-field_rwDf8KZwLe-13\" class=\"input-text\" name=\"everest_forms[form_fields][rwDf8KZwLe-13]\"  ><\/div><\/div><\/div><div class=\"evf-frontend-row\" data-row=\"row_4\" conditional_rules=\"[]\"><div class=\"evf-frontend-grid evf-grid-3\" data-grid=\"grid_1\"><div id=\"evf-9631-field_UTu2qWMWZj-23-container\" class=\"evf-field evf-field-select form-row\" data-field-id=\"UTu2qWMWZj-23\"><label class=\"evf-field-label\" for=\"evf-9631-field_UTu2qWMWZj-23\"><span class=\"evf-label\">Ville<\/span> <\/label><select id=\"evf-9631-field_UTu2qWMWZj-23\" class=\"input-text\" name=\"everest_forms[form_fields][UTu2qWMWZj-23]\" ><option value=\"Option 1\" >Option 1<\/option><option value=\"Option 2\" >Option 2<\/option><option value=\"Option 3\" >Option 3<\/option><\/select><\/div><\/div><div class=\"evf-frontend-grid evf-grid-3\" data-grid=\"grid_2\"><div id=\"evf-9631-field_ZxlL09NF67-24-container\" class=\"evf-field evf-field-select form-row\" data-field-id=\"ZxlL09NF67-24\"><label class=\"evf-field-label\" for=\"evf-9631-field_ZxlL09NF67-24\"><span class=\"evf-label\">Date<\/span> <\/label><select id=\"evf-9631-field_ZxlL09NF67-24\" class=\"input-text\" name=\"everest_forms[form_fields][ZxlL09NF67-24]\" ><option value=\"Option 1\" >Option 1<\/option><option value=\"Option 2\" >Option 2<\/option><option value=\"Option 3\" >Option 3<\/option><\/select><\/div><\/div><div class=\"evf-frontend-grid evf-grid-3\" data-grid=\"grid_3\"><\/div><\/div><div class=\"evf-frontend-row\" data-row=\"row_5\" conditional_rules=\"[]\"><div class=\"evf-frontend-grid evf-grid-3\" data-grid=\"grid_1\"><div id=\"evf-9631-field_3taf8J09VL-31-container\" class=\"evf-field evf-field-last-name form-row\" data-field-id=\"3taf8J09VL-31\"><label class=\"evf-field-label\" for=\"evf-9631-field_3taf8J09VL-31\"><span class=\"evf-label\">Nom Participant 2<\/span> <\/label><input type=\"text\" id=\"evf-9631-field_3taf8J09VL-31\" class=\"input-text\" name=\"everest_forms[form_fields][3taf8J09VL-31]\" ><\/div><\/div><div class=\"evf-frontend-grid evf-grid-3\" data-grid=\"grid_2\"><div id=\"evf-9631-field_8daP7Rj0OJ-27-container\" class=\"evf-field evf-field-first-name form-row\" data-field-id=\"8daP7Rj0OJ-27\"><label class=\"evf-field-label\" for=\"evf-9631-field_8daP7Rj0OJ-27\"><span class=\"evf-label\">Pr\u00e9nom Participant 2<\/span> <\/label><input type=\"text\" id=\"evf-9631-field_8daP7Rj0OJ-27\" class=\"input-text\" name=\"everest_forms[form_fields][8daP7Rj0OJ-27]\" ><\/div><\/div><div class=\"evf-frontend-grid evf-grid-3\" data-grid=\"grid_3\"><div id=\"evf-9631-field_mDP8IOxCwG-28-container\" class=\"evf-field evf-field-email form-row validate-email\" data-field-id=\"mDP8IOxCwG-28\"><label class=\"evf-field-label\" for=\"evf-9631-field_mDP8IOxCwG-28\"><span class=\"evf-label\">E-mail<\/span> <\/label><input type=\"email\" id=\"evf-9631-field_mDP8IOxCwG-28\" class=\"input-text\" name=\"everest_forms[form_fields][mDP8IOxCwG-28]\"  ><\/div><\/div><\/div><div class=\"evf-frontend-row\" data-row=\"row_6\" conditional_rules=\"[]\"><div class=\"evf-frontend-grid evf-grid-3\" data-grid=\"grid_1\"><div id=\"evf-9631-field_IvclePeRaf-29-container\" class=\"evf-field evf-field-select form-row\" data-field-id=\"IvclePeRaf-29\"><label class=\"evf-field-label\" for=\"evf-9631-field_IvclePeRaf-29\"><span class=\"evf-label\">Ville<\/span> <\/label><select id=\"evf-9631-field_IvclePeRaf-29\" class=\"input-text\" name=\"everest_forms[form_fields][IvclePeRaf-29]\" ><option value=\"Option 1\" >Option 1<\/option><option value=\"Option 2\" >Option 2<\/option><option value=\"Option 3\" >Option 3<\/option><\/select><\/div><\/div><div class=\"evf-frontend-grid evf-grid-3\" data-grid=\"grid_2\"><div id=\"evf-9631-field_OlTGKaig1n-30-container\" class=\"evf-field evf-field-select form-row\" data-field-id=\"OlTGKaig1n-30\"><label class=\"evf-field-label\" for=\"evf-9631-field_OlTGKaig1n-30\"><span class=\"evf-label\">Date<\/span> <\/label><select id=\"evf-9631-field_OlTGKaig1n-30\" class=\"input-text\" name=\"everest_forms[form_fields][OlTGKaig1n-30]\" ><option value=\"Option 1\" >Option 1<\/option><option value=\"Option 2\" >Option 2<\/option><option value=\"Option 3\" >Option 3<\/option><\/select><\/div><\/div><div class=\"evf-frontend-grid evf-grid-3\" data-grid=\"grid_3\"><\/div><\/div><div class=\"evf-frontend-row\" data-row=\"row_3\" conditional_rules=\"[]\"><div class=\"evf-frontend-grid evf-grid-4\" data-grid=\"grid_1\"><div id=\"evf-9631-field_jld2fCaMaT-26-container\" class=\"evf-field evf-field-last-name form-row\" data-field-id=\"jld2fCaMaT-26\"><label class=\"evf-field-label\" for=\"evf-9631-field_jld2fCaMaT-26\"><span class=\"evf-label\">Nom et Pr\u00e9nom Participant 3<\/span> <\/label><input type=\"text\" id=\"evf-9631-field_jld2fCaMaT-26\" class=\"input-text\" name=\"everest_forms[form_fields][jld2fCaMaT-26]\" ><\/div><\/div><div class=\"evf-frontend-grid evf-grid-4\" data-grid=\"grid_2\"><div id=\"evf-9631-field_r8Yklf6wpO-32-container\" class=\"evf-field evf-field-email form-row validate-required validate-email\" data-required-field-message=\"Please enter a valid email address.\" data-field-id=\"r8Yklf6wpO-32\"><label class=\"evf-field-label\" for=\"evf-9631-field_r8Yklf6wpO-32\"><span class=\"evf-label\">E-mail<\/span> <abbr class=\"required\" title=\"N\u00e9cessaire\">*<\/abbr><\/label><input type=\"email\" id=\"evf-9631-field_r8Yklf6wpO-32\" class=\"input-text\" name=\"everest_forms[form_fields][r8Yklf6wpO-32]\" required ><\/div><\/div><div class=\"evf-frontend-grid evf-grid-4\" data-grid=\"grid_3\"><div id=\"evf-9631-field_lPwG8iY7kx-33-container\" class=\"evf-field evf-field-select form-row\" data-field-id=\"lPwG8iY7kx-33\"><label class=\"evf-field-label\" for=\"evf-9631-field_lPwG8iY7kx-33\"><span class=\"evf-label\">Ville<\/span> <\/label><select id=\"evf-9631-field_lPwG8iY7kx-33\" class=\"input-text\" name=\"everest_forms[form_fields][lPwG8iY7kx-33]\" ><option value=\"Option 1\" >Option 1<\/option><option value=\"Option 2\" >Option 2<\/option><option value=\"Option 3\" >Option 3<\/option><\/select><\/div><\/div><div class=\"evf-frontend-grid evf-grid-4\" data-grid=\"grid_4\"><div id=\"evf-9631-field_4EgPDbpU28-34-container\" class=\"evf-field evf-field-select form-row\" data-field-id=\"4EgPDbpU28-34\"><label class=\"evf-field-label\" for=\"evf-9631-field_4EgPDbpU28-34\"><span class=\"evf-label\">Date<\/span> <\/label><select id=\"evf-9631-field_4EgPDbpU28-34\" class=\"input-text\" name=\"everest_forms[form_fields][4EgPDbpU28-34]\" ><option value=\"Option 1\" >Option 1<\/option><option value=\"Option 2\" >Option 2<\/option><option value=\"Option 3\" >Option 3<\/option><\/select><\/div><\/div><\/div><div class=\"evf-frontend-row\" data-row=\"row_7\" conditional_rules=\"[]\"><div class=\"evf-frontend-grid evf-grid-1\" data-grid=\"grid_1\"><\/div><\/div><\/div><div class=\"evf-honeypot-container evf-field-hp\"><label for=\"evf-9631-field-hp\" class=\"evf-field-label\">Email<\/label><input type=\"text\" name=\"everest_forms[hp]\" id=\"evf-9631-field-hp\" class=\"input-text\"><\/div><div class=\"evf-submit-container \" ><input type=\"hidden\" name=\"everest_forms[id]\" value=\"9631\"><input type=\"hidden\" name=\"everest_forms[author]\" value=\"1\"><button type='submit' name='everest_forms[submit]' class='everest-forms-submit-button button evf-submit ' id='evf-submit-9631' value='evf-submit' data-process-text=\"En traitement\u2026\" conditional_rules='&quot;&quot;' conditional_id='evf-submit-9631'  id=\"evf-submit-9631\" aria-live=\"assertive\">Valider<\/button><\/div><\/form><\/div><!-- .evf-container --><\/div>\n<\/div>\n<\/div><\/div><\/div><\/div><\/div>","protected":false},"excerpt":{"rendered":"<p>Nom Participant 1 Pr\u00e9nom Participant 1 E-mail Ville Option 1Option 2Option 3Date Option 1Option 2Option 3Nom Participant 2 Pr\u00e9nom Participant 2 E-mail Ville Option 1Option 2Option 3Date Option 1Option 2Option 3Nom et Pr\u00e9nom Participant 3 E-mail *Ville Option 1Option 2Option 3Date Option 1Option 2Option 3EmailValider<\/p>\n","protected":false},"author":1,"featured_media":0,"parent":0,"menu_order":0,"comment_status":"closed","ping_status":"closed","template":"","meta":{"footnotes":""},"class_list":["post-6884","page","type-page","status-publish","hentry"],"yoast_head":"<!-- This site is optimized with the Yoast SEO plugin v27.5 - https:\/\/yoast.com\/product\/yoast-seo-wordpress\/ -->\n<title>TEST-formulaire - Conex France<\/title>\n<meta name=\"robots\" content=\"index, follow, max-snippet:-1, max-image-preview:large, max-video-preview:-1\" \/>\n<link rel=\"canonical\" href=\"https:\/\/www.conex.net\/fr\/test-smartpostshow\/\" \/>\n<meta property=\"og:locale\" content=\"fr_FR\" \/>\n<meta property=\"og:type\" content=\"article\" \/>\n<meta property=\"og:title\" content=\"TEST-formulaire - Conex France\" \/>\n<meta property=\"og:description\" content=\"Nom Participant 1 Pr\u00e9nom Participant 1 E-mail Ville Option 1Option 2Option 3Date Option 1Option 2Option 3Nom Participant 2 Pr\u00e9nom Participant 2 E-mail Ville Option 1Option 2Option 3Date Option 1Option 2Option 3Nom et Pr\u00e9nom Participant 3 E-mail *Ville Option 1Option 2Option 3Date Option 1Option 2Option 3EmailValider\" \/>\n<meta property=\"og:url\" content=\"https:\/\/www.conex.net\/fr\/test-smartpostshow\/\" \/>\n<meta property=\"og:site_name\" content=\"Conex France\" \/>\n<meta property=\"article:modified_time\" content=\"2024-05-30T08:45:33+00:00\" \/>\n<meta name=\"twitter:card\" content=\"summary_large_image\" \/>\n<meta name=\"twitter:label1\" content=\"Dur\u00e9e de lecture estim\u00e9e\" \/>\n\t<meta name=\"twitter:data1\" content=\"1 minute\" \/>\n<script type=\"application\/ld+json\" class=\"yoast-schema-graph\">{\"@context\":\"https:\\\/\\\/schema.org\",\"@graph\":[{\"@type\":\"WebPage\",\"@id\":\"https:\\\/\\\/www.conex.net\\\/fr\\\/test-smartpostshow\\\/\",\"url\":\"https:\\\/\\\/www.conex.net\\\/fr\\\/test-smartpostshow\\\/\",\"name\":\"TEST-formulaire - Conex France\",\"isPartOf\":{\"@id\":\"https:\\\/\\\/www.conex.net\\\/fr\\\/#website\"},\"datePublished\":\"2021-09-27T15:12:01+00:00\",\"dateModified\":\"2024-05-30T08:45:33+00:00\",\"breadcrumb\":{\"@id\":\"https:\\\/\\\/www.conex.net\\\/fr\\\/test-smartpostshow\\\/#breadcrumb\"},\"inLanguage\":\"fr-FR\",\"potentialAction\":[{\"@type\":\"ReadAction\",\"target\":[\"https:\\\/\\\/www.conex.net\\\/fr\\\/test-smartpostshow\\\/\"]}]},{\"@type\":\"BreadcrumbList\",\"@id\":\"https:\\\/\\\/www.conex.net\\\/fr\\\/test-smartpostshow\\\/#breadcrumb\",\"itemListElement\":[{\"@type\":\"ListItem\",\"position\":1,\"name\":\"Accueil\",\"item\":\"https:\\\/\\\/www.conex.net\\\/fr\\\/\"},{\"@type\":\"ListItem\",\"position\":2,\"name\":\"TEST-formulaire\"}]},{\"@type\":\"WebSite\",\"@id\":\"https:\\\/\\\/www.conex.net\\\/fr\\\/#website\",\"url\":\"https:\\\/\\\/www.conex.net\\\/fr\\\/\",\"name\":\"Conex France\",\"description\":\"Your customs partner - CONEX FRANCE\",\"publisher\":{\"@id\":\"https:\\\/\\\/www.conex.net\\\/fr\\\/#organization\"},\"potentialAction\":[{\"@type\":\"SearchAction\",\"target\":{\"@type\":\"EntryPoint\",\"urlTemplate\":\"https:\\\/\\\/www.conex.net\\\/fr\\\/?s={search_term_string}\"},\"query-input\":{\"@type\":\"PropertyValueSpecification\",\"valueRequired\":true,\"valueName\":\"search_term_string\"}}],\"inLanguage\":\"fr-FR\"},{\"@type\":\"Organization\",\"@id\":\"https:\\\/\\\/www.conex.net\\\/fr\\\/#organization\",\"name\":\"CONEX SAS\",\"url\":\"https:\\\/\\\/www.conex.net\\\/fr\\\/\",\"logo\":{\"@type\":\"ImageObject\",\"inLanguage\":\"fr-FR\",\"@id\":\"https:\\\/\\\/www.conex.net\\\/fr\\\/#\\\/schema\\\/logo\\\/image\\\/\",\"url\":\"https:\\\/\\\/www.conex.net\\\/fr\\\/wp-content\\\/uploads\\\/sites\\\/2\\\/2018\\\/10\\\/logo-conex.png\",\"contentUrl\":\"https:\\\/\\\/www.conex.net\\\/fr\\\/wp-content\\\/uploads\\\/sites\\\/2\\\/2018\\\/10\\\/logo-conex.png\",\"width\":138,\"height\":49,\"caption\":\"CONEX SAS\"},\"image\":{\"@id\":\"https:\\\/\\\/www.conex.net\\\/fr\\\/#\\\/schema\\\/logo\\\/image\\\/\"}}]}<\/script>\n<!-- \/ Yoast SEO plugin. -->","yoast_head_json":{"title":"TEST-formulaire - Conex France","robots":{"index":"index","follow":"follow","max-snippet":"max-snippet:-1","max-image-preview":"max-image-preview:large","max-video-preview":"max-video-preview:-1"},"canonical":"https:\/\/www.conex.net\/fr\/test-smartpostshow\/","og_locale":"fr_FR","og_type":"article","og_title":"TEST-formulaire - Conex France","og_description":"Nom Participant 1 Pr\u00e9nom Participant 1 E-mail Ville Option 1Option 2Option 3Date Option 1Option 2Option 3Nom Participant 2 Pr\u00e9nom Participant 2 E-mail Ville Option 1Option 2Option 3Date Option 1Option 2Option 3Nom et Pr\u00e9nom Participant 3 E-mail *Ville Option 1Option 2Option 3Date Option 1Option 2Option 3EmailValider","og_url":"https:\/\/www.conex.net\/fr\/test-smartpostshow\/","og_site_name":"Conex France","article_modified_time":"2024-05-30T08:45:33+00:00","twitter_card":"summary_large_image","twitter_misc":{"Dur\u00e9e de lecture estim\u00e9e":"1 minute"},"schema":{"@context":"https:\/\/schema.org","@graph":[{"@type":"WebPage","@id":"https:\/\/www.conex.net\/fr\/test-smartpostshow\/","url":"https:\/\/www.conex.net\/fr\/test-smartpostshow\/","name":"TEST-formulaire - Conex France","isPartOf":{"@id":"https:\/\/www.conex.net\/fr\/#website"},"datePublished":"2021-09-27T15:12:01+00:00","dateModified":"2024-05-30T08:45:33+00:00","breadcrumb":{"@id":"https:\/\/www.conex.net\/fr\/test-smartpostshow\/#breadcrumb"},"inLanguage":"fr-FR","potentialAction":[{"@type":"ReadAction","target":["https:\/\/www.conex.net\/fr\/test-smartpostshow\/"]}]},{"@type":"BreadcrumbList","@id":"https:\/\/www.conex.net\/fr\/test-smartpostshow\/#breadcrumb","itemListElement":[{"@type":"ListItem","position":1,"name":"Accueil","item":"https:\/\/www.conex.net\/fr\/"},{"@type":"ListItem","position":2,"name":"TEST-formulaire"}]},{"@type":"WebSite","@id":"https:\/\/www.conex.net\/fr\/#website","url":"https:\/\/www.conex.net\/fr\/","name":"Conex France","description":"Your customs partner - CONEX FRANCE","publisher":{"@id":"https:\/\/www.conex.net\/fr\/#organization"},"potentialAction":[{"@type":"SearchAction","target":{"@type":"EntryPoint","urlTemplate":"https:\/\/www.conex.net\/fr\/?s={search_term_string}"},"query-input":{"@type":"PropertyValueSpecification","valueRequired":true,"valueName":"search_term_string"}}],"inLanguage":"fr-FR"},{"@type":"Organization","@id":"https:\/\/www.conex.net\/fr\/#organization","name":"CONEX SAS","url":"https:\/\/www.conex.net\/fr\/","logo":{"@type":"ImageObject","inLanguage":"fr-FR","@id":"https:\/\/www.conex.net\/fr\/#\/schema\/logo\/image\/","url":"https:\/\/www.conex.net\/fr\/wp-content\/uploads\/sites\/2\/2018\/10\/logo-conex.png","contentUrl":"https:\/\/www.conex.net\/fr\/wp-content\/uploads\/sites\/2\/2018\/10\/logo-conex.png","width":138,"height":49,"caption":"CONEX SAS"},"image":{"@id":"https:\/\/www.conex.net\/fr\/#\/schema\/logo\/image\/"}}]}},"_links":{"self":[{"href":"https:\/\/www.conex.net\/fr\/wp-json\/wp\/v2\/pages\/6884","targetHints":{"allow":["GET"]}}],"collection":[{"href":"https:\/\/www.conex.net\/fr\/wp-json\/wp\/v2\/pages"}],"about":[{"href":"https:\/\/www.conex.net\/fr\/wp-json\/wp\/v2\/types\/page"}],"author":[{"embeddable":true,"href":"https:\/\/www.conex.net\/fr\/wp-json\/wp\/v2\/users\/1"}],"replies":[{"embeddable":true,"href":"https:\/\/www.conex.net\/fr\/wp-json\/wp\/v2\/comments?post=6884"}],"version-history":[{"count":11,"href":"https:\/\/www.conex.net\/fr\/wp-json\/wp\/v2\/pages\/6884\/revisions"}],"predecessor-version":[{"id":9952,"href":"https:\/\/www.conex.net\/fr\/wp-json\/wp\/v2\/pages\/6884\/revisions\/9952"}],"wp:attachment":[{"href":"https:\/\/www.conex.net\/fr\/wp-json\/wp\/v2\/media?parent=6884"}],"curies":[{"name":"wp","href":"https:\/\/api.w.org\/{rel}","templated":true}]}}