{"id":7442,"date":"2022-03-07T15:04:04","date_gmt":"2022-03-07T14:04:04","guid":{"rendered":"https:\/\/www.conex.net\/fr\/?page_id=7442"},"modified":"2022-12-09T14:31:32","modified_gmt":"2022-12-09T13:31:32","slug":"plateforme-collaborative","status":"publish","type":"page","link":"https:\/\/www.conex.net\/fr\/plateforme-collaborative\/","title":{"rendered":"Plateforme collaborative"},"content":{"rendered":"<div id=\"pl-7442\"  class=\"panel-layout\" ><div id=\"pg-7442-0\"  class=\"panel-grid panel-has-style\" ><div class=\"siteorigin-panels-stretch panel-row-style panel-row-style-for-7442-0\" data-stretch-type=\"full-stretched\" ><div id=\"pgc-7442-0-0\"  class=\"panel-grid-cell\" ><div id=\"panel-7442-0-0-0\" class=\"so-panel widget widget_sow-hero panel-first-child panel-last-child\" data-index=\"0\" ><div\n\t\t\t\n\t\t\tclass=\"so-widget-sow-hero so-widget-sow-hero-default-d845270f363d-7442\"\n\t\t\t\n\t\t>\t\t\t\t<div class=\"sow-slider-base\" style=\"display: none\" tabindex=\"0\">\n\t\t\t\t\t<ul\n\t\t\t\t\tclass=\"sow-slider-images\"\n\t\t\t\t\tdata-settings=\"{&quot;pagination&quot;:true,&quot;speed&quot;:800,&quot;timeout&quot;:8000,&quot;paused&quot;:false,&quot;pause_on_hover&quot;:false,&quot;swipe&quot;:false,&quot;nav_always_show_desktop&quot;:&quot;&quot;,&quot;nav_always_show_mobile&quot;:&quot;&quot;,&quot;breakpoint&quot;:&quot;780px&quot;,&quot;unmute&quot;:false,&quot;anchor&quot;:null}\"\n\t\t\t\t\tstyle=\"min-height: 220px\"\t\t\t\t\tdata-anchor-id=\"\"\n\t\t\t\t>\t\t<li class=\"sow-slider-image  sow-slider-image-cover\" style=\"visibility: visible;;background-color: #333333;background-image: url(https:\/\/www.conex.net\/fr\/wp-content\/uploads\/sites\/2\/2022\/12\/ZENproduitsFR.jpg)\" >\n\t\t\t\t\t<div class=\"sow-slider-image-container\">\n\t\t\t<div class=\"sow-slider-image-wrapper\">\n\t\t\t\t\t\t\t<\/div>\n\t\t<\/div>\n\t\t\t\t<\/li>\n\t\t<\/ul>\t\t\t\t<ol class=\"sow-slider-pagination\">\n\t\t\t\t\t\t\t\t\t\t\t<li><a href=\"#\" data-goto=\"0\" aria-label=\"Display slide 1\"><\/a><\/li>\n\t\t\t\t\t\t\t\t\t<\/ol>\n\n\t\t\t\t<div class=\"sow-slide-nav sow-slide-nav-next\">\n\t\t\t\t\t<a href=\"#\" data-goto=\"next\" aria-label=\"Next slide\" data-action=\"next\">\n\t\t\t\t\t\t<em class=\"sow-sld-icon-thin-right\"><\/em>\n\t\t\t\t\t<\/a>\n\t\t\t\t<\/div>\n\n\t\t\t\t<div class=\"sow-slide-nav sow-slide-nav-prev\">\n\t\t\t\t\t<a href=\"#\" data-goto=\"previous\" aria-label=\"Previous slide\" data-action=\"prev\">\n\t\t\t\t\t\t<em class=\"sow-sld-icon-thin-left\"><\/em>\n\t\t\t\t\t<\/a>\n\t\t\t\t<\/div>\n\t\t\t\t<\/div><\/div><\/div><\/div><\/div><\/div><div id=\"pg-7442-1\"  class=\"panel-grid panel-has-style\" ><div class=\"siteorigin-panels-stretch panel-row-style panel-row-style-for-7442-1\" data-stretch-type=\"full\" ><div id=\"pgc-7442-1-0\"  class=\"panel-grid-cell\" ><div id=\"panel-7442-1-0-0\" class=\"so-panel widget widget_sow-editor panel-first-child panel-last-child\" data-index=\"1\" ><div\n\t\t\t\n\t\t\tclass=\"so-widget-sow-editor so-widget-sow-editor-base\"\n\t\t\t\n\t\t>\n<div class=\"siteorigin-widget-tinymce textwidget\">\n\t<h3 style=\"text-align: center;\"><span style=\"color: #333333;\">POUR QUI<\/span><\/h3>\n<hr style=\"height: 2px; color: #fff; background-color: #fff; width: 50%; border: none;\" \/>\n<p style=\"text-align: center;\"><span style=\"color: #ffffff;\"><span style=\"color: #333333;\">Tous profils intervenant dans le process douanier : Entreprises, RDE (repr\u00e9sentants en douane enregistr\u00e9s), transporteurs, partenaires, collaborateurs<\/span> <\/span><\/p>\n<\/div>\n<\/div><\/div><\/div><div id=\"pgc-7442-1-1\"  class=\"panel-grid-cell\" ><div id=\"panel-7442-1-1-0\" class=\"so-panel widget widget_sow-editor panel-first-child panel-last-child\" data-index=\"2\" ><div\n\t\t\t\n\t\t\tclass=\"so-widget-sow-editor so-widget-sow-editor-base\"\n\t\t\t\n\t\t>\n<div class=\"siteorigin-widget-tinymce textwidget\">\n\t<h3 style=\"text-align: center;\"><span style=\"color: #333333;\">POUR QUOI<\/span><\/h3>\n<hr style=\"height: 2px; color: #fff; background-color: #fff; width: 50%; border: none;\" \/>\n<p style=\"text-align: center;\"><span style=\"color: #333333;\">Echanger, centraliser, tracer et archiver toutes les informations n\u00e9cessaires au processus douanier.<\/span><\/p>\n<\/div>\n<\/div><\/div><\/div><div id=\"pgc-7442-1-2\"  class=\"panel-grid-cell\" ><div id=\"panel-7442-1-2-0\" class=\"so-panel widget widget_sow-editor panel-first-child panel-last-child\" data-index=\"3\" ><div\n\t\t\t\n\t\t\tclass=\"so-widget-sow-editor so-widget-sow-editor-base\"\n\t\t\t\n\t\t>\n<div class=\"siteorigin-widget-tinymce textwidget\">\n\t<h3 style=\"text-align: center;\"><span style=\"color: #333333;\">COMMENT<\/span><\/h3>\n<hr style=\"height: 2px; color: #fff; background-color: #fff; width: 50%; border: none;\" \/>\n<p style=\"text-align: center;\"><span style=\"color: #333333;\">Plateforme collaborative douani\u00e8re internationale qui s\u2019appuie sur la technologie de la Blockchain.<\/span><\/p>\n<\/div>\n<\/div><\/div><\/div><\/div><\/div><div id=\"pg-7442-2\"  class=\"panel-grid panel-no-style\" ><div id=\"pgc-7442-2-0\"  class=\"panel-grid-cell\" ><div id=\"panel-7442-2-0-0\" class=\"so-panel widget widget_sow-editor panel-first-child panel-last-child\" data-index=\"4\" ><div\n\t\t\t\n\t\t\tclass=\"so-widget-sow-editor so-widget-sow-editor-base\"\n\t\t\t\n\t\t>\n<div class=\"siteorigin-widget-tinymce textwidget\">\n\t<p style=\"text-align: center;\"><img loading=\"lazy\" decoding=\"async\" class=\"aligncenter size-full wp-image-7449\" src=\"https:\/\/www.conex.net\/fr\/wp-content\/uploads\/sites\/2\/2022\/03\/ZEN-securite.jpg\" alt=\"BLOCKCHAIN SECURITE\" width=\"88\" height=\"96\" \/><\/p>\n<h5 style=\"text-align: center;\"><span style=\"color: #333333;\"><strong>S\u00c9CURIT\u00c9<\/strong><\/span><\/h5>\n<\/div>\n<\/div><\/div><\/div><div id=\"pgc-7442-2-1\"  class=\"panel-grid-cell\" ><div id=\"panel-7442-2-1-0\" class=\"so-panel widget widget_sow-editor panel-first-child panel-last-child\" data-index=\"5\" ><div\n\t\t\t\n\t\t\tclass=\"so-widget-sow-editor so-widget-sow-editor-base\"\n\t\t\t\n\t\t>\n<div class=\"siteorigin-widget-tinymce textwidget\">\n\t<p style=\"text-align: center;\"><img loading=\"lazy\" decoding=\"async\" class=\"aligncenter size-full wp-image-7448\" src=\"https:\/\/www.conex.net\/fr\/wp-content\/uploads\/sites\/2\/2022\/03\/ZEN-partage.jpg\" alt=\"BLOCKCHAIN PARTAGE\" width=\"88\" height=\"96\" \/><\/p>\n<h5 style=\"text-align: center;\"><span style=\"color: #333333;\"><strong>PARTAGE<\/strong><\/span><\/h5>\n<\/div>\n<\/div><\/div><\/div><div id=\"pgc-7442-2-2\"  class=\"panel-grid-cell\" ><div id=\"panel-7442-2-2-0\" class=\"so-panel widget widget_sow-editor panel-first-child panel-last-child\" data-index=\"6\" ><div\n\t\t\t\n\t\t\tclass=\"so-widget-sow-editor so-widget-sow-editor-base\"\n\t\t\t\n\t\t>\n<div class=\"siteorigin-widget-tinymce textwidget\">\n\t<p style=\"text-align: center;\"><img loading=\"lazy\" decoding=\"async\" class=\"aligncenter size-full wp-image-7447\" src=\"https:\/\/www.conex.net\/fr\/wp-content\/uploads\/sites\/2\/2022\/03\/ZEN-optimisation.jpg\" alt=\"BLOCKCHAIN OPTIMISATION\" width=\"88\" height=\"96\" \/><\/p>\n<h5 style=\"text-align: center;\"><strong>OPTIMISATION<\/strong><\/h5>\n<\/div>\n<\/div><\/div><\/div><div id=\"pgc-7442-2-3\"  class=\"panel-grid-cell\" ><div id=\"panel-7442-2-3-0\" class=\"so-panel widget widget_sow-editor panel-first-child panel-last-child\" data-index=\"7\" ><div\n\t\t\t\n\t\t\tclass=\"so-widget-sow-editor so-widget-sow-editor-base\"\n\t\t\t\n\t\t>\n<div class=\"siteorigin-widget-tinymce textwidget\">\n\t<h5 style=\"text-align: center;\"><img loading=\"lazy\" decoding=\"async\" class=\"aligncenter size-full wp-image-7446\" src=\"https:\/\/www.conex.net\/fr\/wp-content\/uploads\/sites\/2\/2022\/03\/ZEN-kpi.jpg\" alt=\"BLOCKCHAIN KPI\" width=\"88\" height=\"96\" \/><\/h5>\n<h5 style=\"text-align: center;\"><span style=\"color: #333333;\"><strong>KPI<\/strong><\/span><\/h5>\n<p style=\"text-align: center;\">\n<\/div>\n<\/div><\/div><\/div><div id=\"pgc-7442-2-4\"  class=\"panel-grid-cell\" ><div id=\"panel-7442-2-4-0\" class=\"so-panel widget widget_sow-editor panel-first-child panel-last-child\" data-index=\"8\" ><div\n\t\t\t\n\t\t\tclass=\"so-widget-sow-editor so-widget-sow-editor-base\"\n\t\t\t\n\t\t>\n<div class=\"siteorigin-widget-tinymce textwidget\">\n\t<h5 style=\"text-align: center;\"><img loading=\"lazy\" decoding=\"async\" class=\"aligncenter size-full wp-image-7445\" src=\"https:\/\/www.conex.net\/fr\/wp-content\/uploads\/sites\/2\/2022\/03\/ZEN-confidentialite.jpg\" alt=\"BLOCKCHAIN CONFIDENTIALITE\" width=\"88\" height=\"96\" \/><\/h5>\n<h5 style=\"text-align: center;\"><strong>CONFIDENTIALIT\u00c9<\/strong><\/h5>\n<\/div>\n<\/div><\/div><\/div><\/div><div id=\"pg-7442-3\"  class=\"panel-grid panel-no-style\" ><div id=\"pgc-7442-3-0\"  class=\"panel-grid-cell\" ><div id=\"panel-7442-3-0-0\" class=\"so-panel widget widget_sow-editor panel-first-child panel-last-child\" data-index=\"9\" ><div\n\t\t\t\n\t\t\tclass=\"so-widget-sow-editor so-widget-sow-editor-base\"\n\t\t\t\n\t\t>\n<div class=\"siteorigin-widget-tinymce textwidget\">\n\t<h3><span style=\"color: #333333;\"><strong>STRATEGIE DOUANIERE : AMELIOREZ VOTRE PRODUCTIVIT\u00c9<\/strong><\/span><\/h3>\n<p><strong><span style=\"color: #9ec11d;\">ZEN<\/span> <span style=\"color: #333333;\">via conex\u2122<\/span><\/strong><span style=\"color: #333333;\"> est une <strong>plateforme collaborative douani\u00e8re internationale<\/strong> permettant d\u2019\u00e9changer, centraliser, tracer et archiver toutes les informations n\u00e9cessaires au processus douanier. Vous pouvez historiser les documents, donn\u00e9es et messages li\u00e9s \u00e0 vos <strong>importations\/exportations<\/strong>, depuis leur phase pr\u00e9-d\u00e9clarative jusqu\u2019\u00e0 leur archivage. De multiples acteurs (collaborateurs, clients, RDE, transporteurs, partenaires, etc.) interviennent dans <strong>ce workflow collaboratif<\/strong> pour enrichir de leurs informations les \u00e9tapes de la vie de vos d\u00e9clarations douani\u00e8res.<\/span><\/p>\n<p>&nbsp;<\/p>\n<h3><span style=\"color: #333333;\"><strong>PILOTEZ, AJUSTEZ, OPTIMISEZ VOS FLUX !<\/strong><\/span><\/h3>\n<p><strong><span style=\"color: #9ec11d;\">ZEN<\/span> <span style=\"color: #333333;\">via conex\u2122<\/span><\/strong><span style=\"color: #333333;\"> offre \u00e0 toutes ces parties prenantes un espace s\u00e9curis\u00e9 d\u2019\u00e9changes, avec un parfait contr\u00f4le des donn\u00e9es et flux documentaires logistiques, commerciaux et douaniers.<\/span><\/p>\n<p><strong><span style=\"color: #9ec11d;\">ZEN<\/span> <span style=\"color: #333333;\">via conex\u2122<\/span><\/strong><span style=\"color: #333333;\"> offre une totale libert\u00e9 d\u2019investigation au sein de vos op\u00e9rations et donn\u00e9es douani\u00e8res gr\u00e2ce \u00e0 un large \u00e9ventail de KPI personnalisables (Key Performance Indicator).<\/span><\/p>\n<p>&nbsp;<\/p>\n<h3><span style=\"color: #333333;\"><strong>TRACK &amp; TRACE<\/strong><\/span><\/h3>\n<p><strong><span style=\"color: #9ec11d;\">ZEN<\/span> v<span style=\"color: #333333;\">ia conex\u2122<\/span><\/strong><span style=\"color: #333333;\"> est une solution d\u2019ordonnancement intelligent des flux documentaires, d\u00e9claratifs et d\u2019\u00e9changes d\u2019information. \u00c0 tout stade de votre process, les acteurs b\u00e9n\u00e9ficiant des autorisations requises peuvent \u00e9changer des donn\u00e9es et documents. Chaque interaction avec le dossier d\u00e9claratif jalonne sa ligne de vie. <\/span><strong><span style=\"color: #9ec11d;\">ZEN<\/span> <span style=\"color: #333333;\">via conex\u2122<\/span><\/strong><span style=\"color: #333333;\"> associe automatiquement l\u2019information au dossier correspondant. Fixez vos propres crit\u00e8res d\u2019indexation et retrouvez l\u2019information en un clic,<\/span> <strong><span style=\"color: #9ec11d;\">ZEN<\/span> <span style=\"color: #333333;\">via conex\u2122<\/span><\/strong><span style=\"color: #333333;\"> s\u2019adapte \u00e0 vos process et non l\u2019inverse.<\/span><\/p>\n<h3><\/h3>\n<h3><span style=\"color: #333333;\"><strong>BLOCKCHAIN, LA FORCE PROBANTE DE VOS DOCUMENTS<\/strong><\/span><\/h3>\n<p><span style=\"color: #333333;\">Soyez assur\u00e9s du plus haut niveau de s\u00e9curit\u00e9 et d\u2019inalt\u00e9rabilit\u00e9 de vos donn\u00e9es.<\/span> <strong><span style=\"color: #9ec11d;\">ZEN<\/span> <span style=\"color: #333333;\">via conex\u2122<\/span><\/strong><span style=\"color: #333333;\"> s\u2019appuie sur la technologie de la Blockchain, la plus performante du march\u00e9. Vos donn\u00e9es, documents et messages entre partenaires ainsi que vos \u00e9changes avec les Douanes ont une valeur probante. Ces informations sont inalt\u00e9rables et non modifiables.<\/span><\/p>\n<\/div>\n<\/div><\/div><\/div><\/div><div id=\"pg-7442-4\"  class=\"panel-grid panel-no-style\" ><div id=\"pgc-7442-4-0\"  class=\"panel-grid-cell\" ><div id=\"panel-7442-4-0-0\" class=\"so-panel widget widget_sow-editor panel-first-child panel-last-child\" data-index=\"10\" ><div\n\t\t\t\n\t\t\tclass=\"so-widget-sow-editor so-widget-sow-editor-base\"\n\t\t\t\n\t\t>\n<div class=\"siteorigin-widget-tinymce textwidget\">\n\t<p><iframe loading=\"lazy\" width=\"600\" height=\"355\" src=\"https:\/\/www.youtube.com\/embed\/PNsxKXSbTpU\" title=\"YouTube video player\" frameborder=\"0\" allow=\"accelerometer; autoplay; clipboard-write; encrypted-media; gyroscope; picture-in-picture\" allowfullscreen><\/iframe><\/p>\n<\/div>\n<\/div><\/div><\/div><div id=\"pgc-7442-4-1\"  class=\"panel-grid-cell\" ><div id=\"panel-7442-4-1-0\" class=\"so-panel widget widget_sow-editor panel-first-child panel-last-child\" data-index=\"11\" ><div\n\t\t\t\n\t\t\tclass=\"so-widget-sow-editor so-widget-sow-editor-base\"\n\t\t\t\n\t\t>\n<div class=\"siteorigin-widget-tinymce textwidget\">\n\t<p>&nbsp;<\/p>\n<h4><strong><span style=\"color: #9ec11d;\">ZEN<\/span> <span style=\"color: #333333;\">via conex\u2122<\/span><\/strong><span style=\"color: #333333;\"> est la plateforme collaborative douani\u00e8re internationale pour \u00e9changer, centraliser, tracer et archiver toutes les informations n\u00e9cessaires au processus douanier.<\/span><\/h4>\n<p>&nbsp;<\/p>\n<h4><span style=\"color: #333333;\">Notre solution s\u2019appuie sur la technologie de la Blockchain.<\/span><\/h4>\n<\/div>\n<\/div><\/div><\/div><\/div><div id=\"pg-7442-5\"  class=\"panel-grid panel-has-style\" ><div class=\"siteorigin-panels-stretch panel-row-style panel-row-style-for-7442-5\" data-stretch-type=\"full\" ><div id=\"pgc-7442-5-0\"  class=\"panel-grid-cell\" ><div id=\"panel-7442-5-0-0\" class=\"so-panel widget widget_sow-editor panel-first-child panel-last-child\" data-index=\"12\" ><div\n\t\t\t\n\t\t\tclass=\"so-widget-sow-editor so-widget-sow-editor-base\"\n\t\t\t\n\t\t>\n<div class=\"siteorigin-widget-tinymce textwidget\">\n\t<h1 style=\"text-align: center;\">EN COMPL\u00c9MENT DE ZEN via conex\u2122 !<\/h1>\n<\/div>\n<\/div><\/div><\/div><\/div><\/div><div id=\"pg-7442-6\"  class=\"panel-grid panel-no-style\" ><div id=\"pgc-7442-6-0\"  class=\"panel-grid-cell panel-grid-cell-empty\" ><\/div><div id=\"pgc-7442-6-1\"  class=\"panel-grid-cell panel-grid-cell-mobile-last\" ><div id=\"panel-7442-6-1-0\" class=\"so-panel widget widget_sow-editor panel-first-child panel-last-child\" data-index=\"13\" ><div\n\t\t\t\n\t\t\tclass=\"so-widget-sow-editor so-widget-sow-editor-base\"\n\t\t\t\n\t\t>\n<div class=\"siteorigin-widget-tinymce textwidget\">\n\t<h5 style=\"text-align: center;\"><strong>VOS PROC\u00c9DURES DE D\u00c9DOUANEMENT<\/strong><\/h5>\n<p><a href=\"https:\/\/www.conex.net\/fr\/douane-logiciel\/\"><img loading=\"lazy\" decoding=\"async\" class=\"size-full wp-image-844 aligncenter\" src=\"https:\/\/www.conex.net\/fr\/wp-content\/uploads\/sites\/2\/2019\/05\/customs-encyclopedie-douaniere.jpg\" alt=\"customs-encyclopedie-douaniere\" width=\"243\" height=\"142\" \/><\/a><\/p>\n<p style=\"text-align: center;\"><strong><span style=\"color: #ba0000;\">CUSTOMS<\/span>\u00a0via conex\u2122<\/strong>\u00a0 \u00a0est une solution SaaS, compl\u00e8te et modulaire, d\u00e9di\u00e9e \u00e0 la gestion administrative de toutes les proc\u00e9dures de d\u00e9douanement \u00e9lectroniques pour l\u2019ensemble des r\u00e9gimes douaniers.<\/p>\n<p><a href=\"https:\/\/www.conex.net\/fr\/douane-logiciel\/\"><img loading=\"lazy\" decoding=\"async\" class=\"size-full wp-image-983 aligncenter\" src=\"https:\/\/www.conex.net\/fr\/wp-content\/uploads\/sites\/2\/2019\/05\/ensavoirplus-customs.jpg\" alt=\"ensavoirplus-customs via conex\" width=\"149\" height=\"66\" \/><\/a><\/p>\n<\/div>\n<\/div><\/div><\/div><div id=\"pgc-7442-6-2\"  class=\"panel-grid-cell panel-grid-cell-empty\" ><\/div><\/div><\/div>","protected":false},"excerpt":{"rendered":"<p>POUR QUI Tous profils intervenant dans le process douanier : Entreprises, RDE (repr\u00e9sentants en douane enregistr\u00e9s), transporteurs, partenaires, collaborateurs POUR QUOI Echanger, centraliser, tracer et archiver toutes les informations n\u00e9cessaires au processus douanier. COMMENT Plateforme collaborative douani\u00e8re internationale qui s\u2019appuie sur la technologie de la Blockchain.<\/p>\n","protected":false},"author":1,"featured_media":0,"parent":0,"menu_order":0,"comment_status":"closed","ping_status":"closed","template":"","meta":{"footnotes":""},"class_list":["post-7442","page","type-page","status-publish","hentry"],"yoast_head":"<!-- This site is optimized with the Yoast SEO plugin v27.4 - https:\/\/yoast.com\/product\/yoast-seo-wordpress\/ -->\n<title>Plateforme collaborative - Conex France<\/title>\n<meta name=\"description\" content=\"ZEN via conex\u2122 est la plateforme collaborative douani\u00e8re internationale pour \u00e9changer, centraliser, tracer et archiver les informations ...\" \/>\n<meta name=\"robots\" content=\"index, follow, max-snippet:-1, max-image-preview:large, max-video-preview:-1\" \/>\n<link rel=\"canonical\" href=\"https:\/\/www.conex.net\/fr\/plateforme-collaborative\/\" \/>\n<meta property=\"og:locale\" content=\"fr_FR\" \/>\n<meta property=\"og:type\" content=\"article\" \/>\n<meta property=\"og:title\" content=\"Plateforme collaborative - Conex France\" \/>\n<meta property=\"og:description\" content=\"ZEN via conex\u2122 est la plateforme collaborative douani\u00e8re internationale pour \u00e9changer, centraliser, tracer et archiver les informations ...\" \/>\n<meta property=\"og:url\" content=\"https:\/\/www.conex.net\/fr\/plateforme-collaborative\/\" \/>\n<meta property=\"og:site_name\" content=\"Conex France\" \/>\n<meta property=\"article:modified_time\" content=\"2022-12-09T13:31:32+00:00\" \/>\n<meta property=\"og:image\" content=\"https:\/\/www.conex.net\/fr\/wp-content\/uploads\/sites\/2\/2022\/03\/ZEN-securite.jpg\" \/>\n<meta name=\"twitter:card\" content=\"summary_large_image\" \/>\n<meta name=\"twitter:label1\" content=\"Dur\u00e9e de lecture estim\u00e9e\" \/>\n\t<meta name=\"twitter:data1\" content=\"2 minutes\" \/>\n<script type=\"application\/ld+json\" class=\"yoast-schema-graph\">{\"@context\":\"https:\\\/\\\/schema.org\",\"@graph\":[{\"@type\":\"WebPage\",\"@id\":\"https:\\\/\\\/www.conex.net\\\/fr\\\/plateforme-collaborative\\\/\",\"url\":\"https:\\\/\\\/www.conex.net\\\/fr\\\/plateforme-collaborative\\\/\",\"name\":\"Plateforme collaborative - Conex France\",\"isPartOf\":{\"@id\":\"https:\\\/\\\/www.conex.net\\\/fr\\\/#website\"},\"primaryImageOfPage\":{\"@id\":\"https:\\\/\\\/www.conex.net\\\/fr\\\/plateforme-collaborative\\\/#primaryimage\"},\"image\":{\"@id\":\"https:\\\/\\\/www.conex.net\\\/fr\\\/plateforme-collaborative\\\/#primaryimage\"},\"thumbnailUrl\":\"https:\\\/\\\/www.conex.net\\\/fr\\\/wp-content\\\/uploads\\\/sites\\\/2\\\/2022\\\/03\\\/ZEN-securite.jpg\",\"datePublished\":\"2022-03-07T14:04:04+00:00\",\"dateModified\":\"2022-12-09T13:31:32+00:00\",\"description\":\"ZEN via conex\u2122 est la plateforme collaborative douani\u00e8re internationale pour \u00e9changer, centraliser, tracer et archiver les informations ...\",\"breadcrumb\":{\"@id\":\"https:\\\/\\\/www.conex.net\\\/fr\\\/plateforme-collaborative\\\/#breadcrumb\"},\"inLanguage\":\"fr-FR\",\"potentialAction\":[{\"@type\":\"ReadAction\",\"target\":[\"https:\\\/\\\/www.conex.net\\\/fr\\\/plateforme-collaborative\\\/\"]}]},{\"@type\":\"ImageObject\",\"inLanguage\":\"fr-FR\",\"@id\":\"https:\\\/\\\/www.conex.net\\\/fr\\\/plateforme-collaborative\\\/#primaryimage\",\"url\":\"https:\\\/\\\/www.conex.net\\\/fr\\\/wp-content\\\/uploads\\\/sites\\\/2\\\/2022\\\/03\\\/ZEN-securite.jpg\",\"contentUrl\":\"https:\\\/\\\/www.conex.net\\\/fr\\\/wp-content\\\/uploads\\\/sites\\\/2\\\/2022\\\/03\\\/ZEN-securite.jpg\",\"width\":88,\"height\":96,\"caption\":\"BLOCKCHAIN SECURITE\"},{\"@type\":\"BreadcrumbList\",\"@id\":\"https:\\\/\\\/www.conex.net\\\/fr\\\/plateforme-collaborative\\\/#breadcrumb\",\"itemListElement\":[{\"@type\":\"ListItem\",\"position\":1,\"name\":\"Accueil\",\"item\":\"https:\\\/\\\/www.conex.net\\\/fr\\\/\"},{\"@type\":\"ListItem\",\"position\":2,\"name\":\"Plateforme collaborative\"}]},{\"@type\":\"WebSite\",\"@id\":\"https:\\\/\\\/www.conex.net\\\/fr\\\/#website\",\"url\":\"https:\\\/\\\/www.conex.net\\\/fr\\\/\",\"name\":\"Conex France\",\"description\":\"Your customs partner - CONEX FRANCE\",\"publisher\":{\"@id\":\"https:\\\/\\\/www.conex.net\\\/fr\\\/#organization\"},\"potentialAction\":[{\"@type\":\"SearchAction\",\"target\":{\"@type\":\"EntryPoint\",\"urlTemplate\":\"https:\\\/\\\/www.conex.net\\\/fr\\\/?s={search_term_string}\"},\"query-input\":{\"@type\":\"PropertyValueSpecification\",\"valueRequired\":true,\"valueName\":\"search_term_string\"}}],\"inLanguage\":\"fr-FR\"},{\"@type\":\"Organization\",\"@id\":\"https:\\\/\\\/www.conex.net\\\/fr\\\/#organization\",\"name\":\"CONEX SAS\",\"url\":\"https:\\\/\\\/www.conex.net\\\/fr\\\/\",\"logo\":{\"@type\":\"ImageObject\",\"inLanguage\":\"fr-FR\",\"@id\":\"https:\\\/\\\/www.conex.net\\\/fr\\\/#\\\/schema\\\/logo\\\/image\\\/\",\"url\":\"https:\\\/\\\/www.conex.net\\\/fr\\\/wp-content\\\/uploads\\\/sites\\\/2\\\/2018\\\/10\\\/logo-conex.png\",\"contentUrl\":\"https:\\\/\\\/www.conex.net\\\/fr\\\/wp-content\\\/uploads\\\/sites\\\/2\\\/2018\\\/10\\\/logo-conex.png\",\"width\":138,\"height\":49,\"caption\":\"CONEX SAS\"},\"image\":{\"@id\":\"https:\\\/\\\/www.conex.net\\\/fr\\\/#\\\/schema\\\/logo\\\/image\\\/\"}}]}<\/script>\n<!-- \/ Yoast SEO plugin. -->","yoast_head_json":{"title":"Plateforme collaborative - Conex France","description":"ZEN via conex\u2122 est la plateforme collaborative douani\u00e8re internationale pour \u00e9changer, centraliser, tracer et archiver les informations ...","robots":{"index":"index","follow":"follow","max-snippet":"max-snippet:-1","max-image-preview":"max-image-preview:large","max-video-preview":"max-video-preview:-1"},"canonical":"https:\/\/www.conex.net\/fr\/plateforme-collaborative\/","og_locale":"fr_FR","og_type":"article","og_title":"Plateforme collaborative - Conex France","og_description":"ZEN via conex\u2122 est la plateforme collaborative douani\u00e8re internationale pour \u00e9changer, centraliser, tracer et archiver les informations ...","og_url":"https:\/\/www.conex.net\/fr\/plateforme-collaborative\/","og_site_name":"Conex France","article_modified_time":"2022-12-09T13:31:32+00:00","og_image":[{"url":"https:\/\/www.conex.net\/fr\/wp-content\/uploads\/sites\/2\/2022\/03\/ZEN-securite.jpg","type":"","width":"","height":""}],"twitter_card":"summary_large_image","twitter_misc":{"Dur\u00e9e de lecture estim\u00e9e":"2 minutes"},"schema":{"@context":"https:\/\/schema.org","@graph":[{"@type":"WebPage","@id":"https:\/\/www.conex.net\/fr\/plateforme-collaborative\/","url":"https:\/\/www.conex.net\/fr\/plateforme-collaborative\/","name":"Plateforme collaborative - Conex France","isPartOf":{"@id":"https:\/\/www.conex.net\/fr\/#website"},"primaryImageOfPage":{"@id":"https:\/\/www.conex.net\/fr\/plateforme-collaborative\/#primaryimage"},"image":{"@id":"https:\/\/www.conex.net\/fr\/plateforme-collaborative\/#primaryimage"},"thumbnailUrl":"https:\/\/www.conex.net\/fr\/wp-content\/uploads\/sites\/2\/2022\/03\/ZEN-securite.jpg","datePublished":"2022-03-07T14:04:04+00:00","dateModified":"2022-12-09T13:31:32+00:00","description":"ZEN via conex\u2122 est la plateforme collaborative douani\u00e8re internationale pour \u00e9changer, centraliser, tracer et archiver les informations ...","breadcrumb":{"@id":"https:\/\/www.conex.net\/fr\/plateforme-collaborative\/#breadcrumb"},"inLanguage":"fr-FR","potentialAction":[{"@type":"ReadAction","target":["https:\/\/www.conex.net\/fr\/plateforme-collaborative\/"]}]},{"@type":"ImageObject","inLanguage":"fr-FR","@id":"https:\/\/www.conex.net\/fr\/plateforme-collaborative\/#primaryimage","url":"https:\/\/www.conex.net\/fr\/wp-content\/uploads\/sites\/2\/2022\/03\/ZEN-securite.jpg","contentUrl":"https:\/\/www.conex.net\/fr\/wp-content\/uploads\/sites\/2\/2022\/03\/ZEN-securite.jpg","width":88,"height":96,"caption":"BLOCKCHAIN SECURITE"},{"@type":"BreadcrumbList","@id":"https:\/\/www.conex.net\/fr\/plateforme-collaborative\/#breadcrumb","itemListElement":[{"@type":"ListItem","position":1,"name":"Accueil","item":"https:\/\/www.conex.net\/fr\/"},{"@type":"ListItem","position":2,"name":"Plateforme collaborative"}]},{"@type":"WebSite","@id":"https:\/\/www.conex.net\/fr\/#website","url":"https:\/\/www.conex.net\/fr\/","name":"Conex France","description":"Your customs partner - CONEX FRANCE","publisher":{"@id":"https:\/\/www.conex.net\/fr\/#organization"},"potentialAction":[{"@type":"SearchAction","target":{"@type":"EntryPoint","urlTemplate":"https:\/\/www.conex.net\/fr\/?s={search_term_string}"},"query-input":{"@type":"PropertyValueSpecification","valueRequired":true,"valueName":"search_term_string"}}],"inLanguage":"fr-FR"},{"@type":"Organization","@id":"https:\/\/www.conex.net\/fr\/#organization","name":"CONEX SAS","url":"https:\/\/www.conex.net\/fr\/","logo":{"@type":"ImageObject","inLanguage":"fr-FR","@id":"https:\/\/www.conex.net\/fr\/#\/schema\/logo\/image\/","url":"https:\/\/www.conex.net\/fr\/wp-content\/uploads\/sites\/2\/2018\/10\/logo-conex.png","contentUrl":"https:\/\/www.conex.net\/fr\/wp-content\/uploads\/sites\/2\/2018\/10\/logo-conex.png","width":138,"height":49,"caption":"CONEX SAS"},"image":{"@id":"https:\/\/www.conex.net\/fr\/#\/schema\/logo\/image\/"}}]}},"_links":{"self":[{"href":"https:\/\/www.conex.net\/fr\/wp-json\/wp\/v2\/pages\/7442","targetHints":{"allow":["GET"]}}],"collection":[{"href":"https:\/\/www.conex.net\/fr\/wp-json\/wp\/v2\/pages"}],"about":[{"href":"https:\/\/www.conex.net\/fr\/wp-json\/wp\/v2\/types\/page"}],"author":[{"embeddable":true,"href":"https:\/\/www.conex.net\/fr\/wp-json\/wp\/v2\/users\/1"}],"replies":[{"embeddable":true,"href":"https:\/\/www.conex.net\/fr\/wp-json\/wp\/v2\/comments?post=7442"}],"version-history":[{"count":32,"href":"https:\/\/www.conex.net\/fr\/wp-json\/wp\/v2\/pages\/7442\/revisions"}],"predecessor-version":[{"id":8414,"href":"https:\/\/www.conex.net\/fr\/wp-json\/wp\/v2\/pages\/7442\/revisions\/8414"}],"wp:attachment":[{"href":"https:\/\/www.conex.net\/fr\/wp-json\/wp\/v2\/media?parent=7442"}],"curies":[{"name":"wp","href":"https:\/\/api.w.org\/{rel}","templated":true}]}}