{"id":7516,"date":"2022-03-08T12:23:34","date_gmt":"2022-03-08T11:23:34","guid":{"rendered":"https:\/\/www.conex.net\/fr\/?page_id=7516"},"modified":"2025-11-21T15:09:33","modified_gmt":"2025-11-21T14:09:33","slug":"rejoignez-nous","status":"publish","type":"page","link":"https:\/\/www.conex.net\/fr\/rejoignez-nous\/","title":{"rendered":"Rejoignez-nous !"},"content":{"rendered":"<div id=\"pl-7516\"  class=\"panel-layout\" ><div id=\"pg-7516-0\"  class=\"panel-grid panel-has-style\" ><div class=\"siteorigin-panels-stretch panel-row-style panel-row-style-for-7516-0\" data-stretch-type=\"full-width-stretch\" ><div id=\"pgc-7516-0-0\"  class=\"panel-grid-cell\" ><div id=\"panel-7516-0-0-0\" class=\"so-panel widget widget_sow-hero panel-first-child panel-last-child\" data-index=\"0\" ><div\n\t\t\t\n\t\t\tclass=\"so-widget-sow-hero so-widget-sow-hero-default-81741d735408-7516\"\n\t\t\t\n\t\t>\t\t\t\t<div class=\"sow-slider-base\" style=\"display: none\" tabindex=\"0\">\n\t\t\t\t\t<ul\n\t\t\t\t\tclass=\"sow-slider-images\"\n\t\t\t\t\tdata-settings=\"{&quot;pagination&quot;:true,&quot;speed&quot;:800,&quot;timeout&quot;:8000,&quot;paused&quot;:false,&quot;pause_on_hover&quot;:false,&quot;swipe&quot;:false,&quot;nav_always_show_desktop&quot;:&quot;&quot;,&quot;nav_always_show_mobile&quot;:&quot;&quot;,&quot;breakpoint&quot;:&quot;780px&quot;,&quot;unmute&quot;:false,&quot;anchor&quot;:null}\"\n\t\t\t\t\t\t\t\t\t\tdata-anchor-id=\"\"\n\t\t\t\t>\t\t<li class=\"sow-slider-image  sow-slider-image-cover\" style=\"visibility: visible;;background-color: #333333;background-image: url(https:\/\/www.conex.net\/fr\/wp-content\/uploads\/sites\/2\/2019\/01\/temoignages-clients-conex.jpg)\" >\n\t\t\t\t\t<div class=\"sow-slider-image-container\">\n\t\t\t<div class=\"sow-slider-image-wrapper\">\n\t\t\t\t<h2 id=\"EMPLOI\" style=\"text-align: center\"><span style=\"color: #ffffff\">REJOIGNEZ-NOUS<\/span><\/h2>\n<h6 style=\"text-align: center\"><span style=\"color: #ffffff\">via conex\u2122<\/span><\/h6>\t\t\t<\/div>\n\t\t<\/div>\n\t\t\t\t<\/li>\n\t\t<\/ul>\t\t\t\t<ol class=\"sow-slider-pagination\">\n\t\t\t\t\t\t\t\t\t\t\t<li><a href=\"#\" data-goto=\"0\" aria-label=\"Display slide 1\"><\/a><\/li>\n\t\t\t\t\t\t\t\t\t<\/ol>\n\n\t\t\t\t<div class=\"sow-slide-nav sow-slide-nav-next\">\n\t\t\t\t\t<a href=\"#\" data-goto=\"next\" aria-label=\"Next slide\" data-action=\"next\">\n\t\t\t\t\t\t<em class=\"sow-sld-icon-thin-right\"><\/em>\n\t\t\t\t\t<\/a>\n\t\t\t\t<\/div>\n\n\t\t\t\t<div class=\"sow-slide-nav sow-slide-nav-prev\">\n\t\t\t\t\t<a href=\"#\" data-goto=\"previous\" aria-label=\"Previous slide\" data-action=\"prev\">\n\t\t\t\t\t\t<em class=\"sow-sld-icon-thin-left\"><\/em>\n\t\t\t\t\t<\/a>\n\t\t\t\t<\/div>\n\t\t\t\t<\/div><\/div><\/div><\/div><\/div><\/div><div id=\"pg-7516-1\"  class=\"panel-grid panel-has-style\" ><div class=\"panel-row-style panel-row-style-for-7516-1\" ><div id=\"pgc-7516-1-0\"  class=\"panel-grid-cell\" ><div id=\"panel-7516-1-0-0\" class=\"so-panel widget widget_sow-editor panel-first-child panel-last-child\" data-index=\"1\" ><div class=\"panel-widget-style panel-widget-style-for-7516-1-0-0\" ><div\n\t\t\t\n\t\t\tclass=\"so-widget-sow-editor so-widget-sow-editor-base\"\n\t\t\t\n\t\t>\n<div class=\"siteorigin-widget-tinymce textwidget\">\n\t<h3><b><span style=\"color: #ba0000;\">LA SOCI\u00c9T\u00c9<\/span><\/b><\/h3>\n<p style=\"text-align: justify;\"><span style=\"color: #b30000;\">\u2666<\/span> <span style=\"color: #333333;\">CONEX est le leader des \u00e9diteurs fran\u00e7ais de logiciels douaniers et de plateforme de communication EDI. La soci\u00e9t\u00e9 a plus de 35 ans d'existence de pr\u00e9sence au service des op\u00e9rateurs douaniers, qu\u2019ils soient issus du m\u00e9tier du transit ou d\u2019entreprises importatrices\/exportatrices. Nous \u00e9voluons dans l\u2019univers de la d\u00e9mat\u00e9rialisation et permettons \u00e0 notre client\u00e8le de communiquer avec les r\u00e9seaux des administrations douani\u00e8res europ\u00e9ennes et internationales.<\/span><\/p>\n<p>&nbsp;<\/p>\n<p style=\"text-align: justify;\"><span style=\"color: #b30000;\">\u2666 <\/span><span style=\"color: #333333;\">CONEX, c\u2019est 45 collaborateurs, une filiale en Belgique, Grande-Bretagne ainsi qu\u2019un bureau commercial \u00e0 Shanghai.<\/span><\/p>\n<p>&nbsp;<\/p>\n<p style=\"text-align: justify;\"><span style=\"color: #b30000;\">\u2666 <\/span><span style=\"color: #333333;\">CONEX est pr\u00e9sente et repr\u00e9sent\u00e9e dans les principales instances internationales (<strong>UN CEFACT, IATA, OMD, UE TAXUD<\/strong>) et contribue \u00e0 la mise en \u0153uvre des projets normatifs en mati\u00e8re de mod\u00e8les de donn\u00e9es EDI.<\/span><\/p>\n<p>&nbsp;<\/p>\n<p style=\"text-align: justify;\"><span style=\"color: #333333;\">Notre portefeuille de clients, chargeurs et transitaires, repr\u00e9sente tous les secteurs dans une \u00e9conomie ouverte aux \u00e9changes internationaux, de la PME \u00e0 la multinationale : AIRBUS, AIR France, AUCHAN, CARTIER JOAILLERIE, DACHSER, DAHER, DECATHLON,<br \/>\nDHL FREIGHT, FEDEX, GEFCO, GEODIS\u2026<\/span><\/p>\n<\/div>\n<\/div><\/div><\/div><\/div><div id=\"pgc-7516-1-1\"  class=\"panel-grid-cell\" ><div id=\"panel-7516-1-1-0\" class=\"so-panel widget widget_sow-editor panel-first-child panel-last-child\" data-index=\"2\" ><div class=\"panel-widget-style panel-widget-style-for-7516-1-1-0\" ><div\n\t\t\t\n\t\t\tclass=\"so-widget-sow-editor so-widget-sow-editor-base\"\n\t\t\t\n\t\t>\n<div class=\"siteorigin-widget-tinymce textwidget\">\n\t<p>&nbsp;<\/p>\n<h3 style=\"text-align: left;\"><span style=\"color: #bd0000;\"><b>CANDIDATURE SPONTAN\u00c9E<\/b><\/span><\/h3>\n<hr \/>\n<div class=\"everest-forms\"><div class=\"evf-container default\" id=\"evf-3511\"><form id=\"evf-form-3511\" class=\"everest-form\" data-formid=\"3511\" data-ajax_submission=\"0\" data-keyboard_friendly_form=\"0\" data-form_state_type=\"\" method=\"post\" enctype=\"multipart\/form-data\" action=\"\/fr\/wp-json\/wp\/v2\/pages\/7516\"><div class=\"evf-field-container\"><input type=\"hidden\" id=\"_wpnonce3511\" name=\"_wpnonce3511\" value=\"267e15c2ac\" \/><input type=\"hidden\" name=\"_wp_http_referer\" value=\"\/fr\/wp-json\/wp\/v2\/pages\/7516\" \/><div class=\"evf-frontend-row\" data-row=\"row_1\" conditional_rules=\"[]\"><div class=\"evf-frontend-grid evf-grid-1\" data-grid=\"grid_1\"><div id=\"evf-3511-field_fullname-container\" class=\"evf-field evf-field-text form-row validate-required\" data-required-field-message=\"This field is required.\" data-field-id=\"fullname\"><label class=\"evf-field-label\" for=\"evf-3511-field_fullname\"><span class=\"evf-label\">Nom<\/span> <abbr class=\"required\" title=\"N\u00e9cessaire\">*<\/abbr><\/label><input type=\"text\" id=\"evf-3511-field_fullname\" class=\"input-text\" name=\"everest_forms[form_fields][fullname]\" required><\/div><div id=\"evf-3511-field_kDlg8YF6Mc-1-container\" class=\"evf-field evf-field-first-name form-row validate-required\" data-required-field-message=\"This field is required.\" data-field-id=\"kDlg8YF6Mc-1\"><label class=\"evf-field-label\" for=\"evf-3511-field_kDlg8YF6Mc-1\"><span class=\"evf-label\">Pr\u00e9nom<\/span> <abbr class=\"required\" title=\"N\u00e9cessaire\">*<\/abbr><\/label><input type=\"text\" id=\"evf-3511-field_kDlg8YF6Mc-1\" class=\"input-text\" name=\"everest_forms[form_fields][kDlg8YF6Mc-1]\" required><\/div><div id=\"evf-3511-field_1vQvo8ymhS-4-container\" class=\"evf-field evf-field-number form-row validate-required\" data-required-field-message=\"Please enter a valid number.\" data-field-id=\"1vQvo8ymhS-4\"><label class=\"evf-field-label\" for=\"evf-3511-field_1vQvo8ymhS-4\"><span class=\"evf-label\">T\u00e9l\u00e9phone<\/span> <abbr class=\"required\" title=\"N\u00e9cessaire\">*<\/abbr><\/label><input type=\"number\" id=\"evf-3511-field_1vQvo8ymhS-4\" class=\"input-text\" name=\"everest_forms[form_fields][1vQvo8ymhS-4]\" step=\"1\" required\/><\/div><div id=\"evf-3511-field_email-container\" class=\"evf-field evf-field-email form-row validate-required validate-email\" data-required-field-message=\"Please enter a valid email address.\" data-field-id=\"email\"><label class=\"evf-field-label\" for=\"evf-3511-field_email\"><span class=\"evf-label\">Email<\/span> <abbr class=\"required\" title=\"N\u00e9cessaire\">*<\/abbr><\/label><input type=\"email\" id=\"evf-3511-field_email\" class=\"input-text\" name=\"everest_forms[form_fields][email]\" required ><\/div><div id=\"evf-3511-field_subject-container\" class=\"evf-field evf-field-text form-row validate-required\" data-required-field-message=\"This field is required.\" data-field-id=\"subject\"><label class=\"evf-field-label\" for=\"evf-3511-field_subject\"><span class=\"evf-label\">Subject<\/span> <abbr class=\"required\" title=\"N\u00e9cessaire\">*<\/abbr><\/label><input type=\"text\" id=\"evf-3511-field_subject\" class=\"input-text\" name=\"everest_forms[form_fields][subject]\" required><\/div><div id=\"evf-3511-field_message-container\" class=\"evf-field evf-field-textarea form-row\" data-field-id=\"message\"><label class=\"evf-field-label\" for=\"evf-3511-field_message\"><span class=\"evf-label\">Message<\/span> <\/label><textarea id=\"evf-3511-field_message\" class=\"input-text\" name=\"everest_forms[form_fields][message]\"  ><\/textarea><\/div><div id=\"evf-3511-field_FsJ0wpeKxc-7-container\" class=\"evf-field evf-field-checkbox form-row validate-required\" data-required-field-message=\"Vous devez consentir\" data-field-id=\"FsJ0wpeKxc-7\"><label class=\"evf-field-label\" for=\"evf-3511-field_FsJ0wpeKxc-7\"><span class=\"evf-label\">Consentement<\/span> <abbr class=\"required\" title=\"N\u00e9cessaire\">*<\/abbr><\/label><ul id=\"evf-3511-field_FsJ0wpeKxc-7\" class=\" evf-field-required\"><li class=\"choice-1 depth-1\"><input type=\"checkbox\" id=\"evf-3511-field_FsJ0wpeKxc-7_1\" class=\"input-text\" name=\"everest_forms[form_fields][FsJ0wpeKxc-7][]\" value=\"En soumettant ce formulaire j&#039;accepte que les informations saisies soient exploit\u00e9es dans le cadre de la demande de contact et de la relation commerciale qui peut en d\u00e9couler.\" required ><label class=\"everest-forms-field-label-inline\" for=\"evf-3511-field_FsJ0wpeKxc-7_1\">En soumettant ce formulaire j'accepte que les informations saisies soient exploit\u00e9es dans le cadre de la demande de contact et de la relation commerciale qui peut en d\u00e9couler.<\/label><\/li><\/ul><\/div><\/div><\/div><\/div><div class=\"evf-honeypot-container evf-field-hp\"><label for=\"evf-3511-field-hp\" class=\"evf-field-label\">Name<\/label><input type=\"text\" name=\"everest_forms[hp]\" id=\"evf-3511-field-hp\" class=\"input-text\"><\/div><div class=\"evf-submit-container \" ><input type=\"hidden\" name=\"everest_forms[id]\" value=\"3511\"><input type=\"hidden\" name=\"everest_forms[author]\" value=\"1\"><button type='submit' name='everest_forms[submit]' class='everest-forms-submit-button button evf-submit ' id='evf-submit-3511' value='evf-submit' data-process-text=\"Processing\u2026\" conditional_rules='&quot;&quot;' conditional_id='evf-submit-3511'  id=\"evf-submit-3511\" aria-live=\"assertive\">Envoyer<\/button><\/div><\/form><\/div><!-- .evf-container --><\/div>\n<p>&nbsp;<\/p>\n<\/div>\n<\/div><\/div><\/div><\/div><\/div><\/div><div id=\"pg-7516-2\"  class=\"panel-grid panel-no-style\" ><div id=\"pgc-7516-2-0\"  class=\"panel-grid-cell\" ><div id=\"panel-7516-2-0-0\" class=\"so-panel widget widget_sow-editor panel-first-child panel-last-child\" data-index=\"3\" ><div\n\t\t\t\n\t\t\tclass=\"so-widget-sow-editor so-widget-sow-editor-base\"\n\t\t\t\n\t\t>\n<div class=\"siteorigin-widget-tinymce textwidget\">\n\t<p><a href=\"\/fr\/contact\/\"><img loading=\"lazy\" decoding=\"async\" class=\"aligncenter size-full wp-image-765\" src=\"\/fr\/wp-content\/uploads\/2019\/05\/picto-contactez-nous.jpg\" alt=\"contactez-nous conex\" width=\"506\" height=\"205\" srcset=\"https:\/\/www.conex.net\/fr\/wp-content\/uploads\/sites\/2\/2019\/05\/picto-contactez-nous.jpg 506w, https:\/\/www.conex.net\/fr\/wp-content\/uploads\/sites\/2\/2019\/05\/picto-contactez-nous-300x122.jpg 300w\" sizes=\"auto, (max-width: 506px) 100vw, 506px\" \/><\/a><\/p>\n<\/div>\n<\/div><\/div><\/div><\/div><\/div>","protected":false},"excerpt":{"rendered":"<p>LA SOCI\u00c9T\u00c9 \u2666 CONEX est le leader des \u00e9diteurs fran\u00e7ais de logiciels douaniers et de plateforme de communication EDI. La soci\u00e9t\u00e9 a plus de 35 ans d&rsquo;existence de pr\u00e9sence au service des op\u00e9rateurs douaniers, qu\u2019ils soient issus du m\u00e9tier du transit ou d\u2019entreprises importatrices\/exportatrices. Nous \u00e9voluons dans l\u2019univers de la d\u00e9mat\u00e9rialisation et permettons \u00e0 notre client\u00e8le de communiquer avec les r\u00e9seaux des administrations douani\u00e8res europ\u00e9ennes et internationales. &nbsp; \u2666 CONEX, c\u2019est 45 collaborateurs, une filiale [&hellip;]<\/p>\n","protected":false},"author":1,"featured_media":0,"parent":0,"menu_order":0,"comment_status":"closed","ping_status":"closed","template":"","meta":{"footnotes":""},"class_list":["post-7516","page","type-page","status-publish","hentry"],"yoast_head":"<!-- This site is optimized with the Yoast SEO plugin v27.4 - https:\/\/yoast.com\/product\/yoast-seo-wordpress\/ -->\n<title>Rejoignez-nous ! - Conex France<\/title>\n<meta name=\"robots\" content=\"index, follow, max-snippet:-1, max-image-preview:large, max-video-preview:-1\" \/>\n<link rel=\"canonical\" href=\"https:\/\/www.conex.net\/fr\/rejoignez-nous\/\" \/>\n<meta property=\"og:locale\" content=\"fr_FR\" \/>\n<meta property=\"og:type\" content=\"article\" \/>\n<meta property=\"og:title\" content=\"Rejoignez-nous ! - Conex France\" \/>\n<meta property=\"og:description\" content=\"LA SOCI\u00c9T\u00c9 \u2666 CONEX est le leader des \u00e9diteurs fran\u00e7ais de logiciels douaniers et de plateforme de communication EDI. La soci\u00e9t\u00e9 a plus de 35 ans d&#039;existence de pr\u00e9sence au service des op\u00e9rateurs douaniers, qu\u2019ils soient issus du m\u00e9tier du transit ou d\u2019entreprises importatrices\/exportatrices. Nous \u00e9voluons dans l\u2019univers de la d\u00e9mat\u00e9rialisation et permettons \u00e0 notre client\u00e8le de communiquer avec les r\u00e9seaux des administrations douani\u00e8res europ\u00e9ennes et internationales. &nbsp; \u2666 CONEX, c\u2019est 45 collaborateurs, une filiale [&hellip;]\" \/>\n<meta property=\"og:url\" content=\"https:\/\/www.conex.net\/fr\/rejoignez-nous\/\" \/>\n<meta property=\"og:site_name\" content=\"Conex France\" \/>\n<meta property=\"article:modified_time\" content=\"2025-11-21T14:09:33+00:00\" \/>\n<meta name=\"twitter:card\" content=\"summary_large_image\" \/>\n<meta name=\"twitter:label1\" content=\"Dur\u00e9e de lecture estim\u00e9e\" \/>\n\t<meta name=\"twitter:data1\" content=\"2 minutes\" \/>\n<script type=\"application\/ld+json\" class=\"yoast-schema-graph\">{\"@context\":\"https:\\\/\\\/schema.org\",\"@graph\":[{\"@type\":\"WebPage\",\"@id\":\"https:\\\/\\\/www.conex.net\\\/fr\\\/rejoignez-nous\\\/\",\"url\":\"https:\\\/\\\/www.conex.net\\\/fr\\\/rejoignez-nous\\\/\",\"name\":\"Rejoignez-nous ! - Conex France\",\"isPartOf\":{\"@id\":\"https:\\\/\\\/www.conex.net\\\/fr\\\/#website\"},\"datePublished\":\"2022-03-08T11:23:34+00:00\",\"dateModified\":\"2025-11-21T14:09:33+00:00\",\"breadcrumb\":{\"@id\":\"https:\\\/\\\/www.conex.net\\\/fr\\\/rejoignez-nous\\\/#breadcrumb\"},\"inLanguage\":\"fr-FR\",\"potentialAction\":[{\"@type\":\"ReadAction\",\"target\":[\"https:\\\/\\\/www.conex.net\\\/fr\\\/rejoignez-nous\\\/\"]}]},{\"@type\":\"BreadcrumbList\",\"@id\":\"https:\\\/\\\/www.conex.net\\\/fr\\\/rejoignez-nous\\\/#breadcrumb\",\"itemListElement\":[{\"@type\":\"ListItem\",\"position\":1,\"name\":\"Accueil\",\"item\":\"https:\\\/\\\/www.conex.net\\\/fr\\\/\"},{\"@type\":\"ListItem\",\"position\":2,\"name\":\"Rejoignez-nous !\"}]},{\"@type\":\"WebSite\",\"@id\":\"https:\\\/\\\/www.conex.net\\\/fr\\\/#website\",\"url\":\"https:\\\/\\\/www.conex.net\\\/fr\\\/\",\"name\":\"Conex France\",\"description\":\"Your customs partner - CONEX FRANCE\",\"publisher\":{\"@id\":\"https:\\\/\\\/www.conex.net\\\/fr\\\/#organization\"},\"potentialAction\":[{\"@type\":\"SearchAction\",\"target\":{\"@type\":\"EntryPoint\",\"urlTemplate\":\"https:\\\/\\\/www.conex.net\\\/fr\\\/?s={search_term_string}\"},\"query-input\":{\"@type\":\"PropertyValueSpecification\",\"valueRequired\":true,\"valueName\":\"search_term_string\"}}],\"inLanguage\":\"fr-FR\"},{\"@type\":\"Organization\",\"@id\":\"https:\\\/\\\/www.conex.net\\\/fr\\\/#organization\",\"name\":\"CONEX SAS\",\"url\":\"https:\\\/\\\/www.conex.net\\\/fr\\\/\",\"logo\":{\"@type\":\"ImageObject\",\"inLanguage\":\"fr-FR\",\"@id\":\"https:\\\/\\\/www.conex.net\\\/fr\\\/#\\\/schema\\\/logo\\\/image\\\/\",\"url\":\"https:\\\/\\\/www.conex.net\\\/fr\\\/wp-content\\\/uploads\\\/sites\\\/2\\\/2018\\\/10\\\/logo-conex.png\",\"contentUrl\":\"https:\\\/\\\/www.conex.net\\\/fr\\\/wp-content\\\/uploads\\\/sites\\\/2\\\/2018\\\/10\\\/logo-conex.png\",\"width\":138,\"height\":49,\"caption\":\"CONEX SAS\"},\"image\":{\"@id\":\"https:\\\/\\\/www.conex.net\\\/fr\\\/#\\\/schema\\\/logo\\\/image\\\/\"}}]}<\/script>\n<!-- \/ Yoast SEO plugin. -->","yoast_head_json":{"title":"Rejoignez-nous ! - Conex France","robots":{"index":"index","follow":"follow","max-snippet":"max-snippet:-1","max-image-preview":"max-image-preview:large","max-video-preview":"max-video-preview:-1"},"canonical":"https:\/\/www.conex.net\/fr\/rejoignez-nous\/","og_locale":"fr_FR","og_type":"article","og_title":"Rejoignez-nous ! - Conex France","og_description":"LA SOCI\u00c9T\u00c9 \u2666 CONEX est le leader des \u00e9diteurs fran\u00e7ais de logiciels douaniers et de plateforme de communication EDI. La soci\u00e9t\u00e9 a plus de 35 ans d'existence de pr\u00e9sence au service des op\u00e9rateurs douaniers, qu\u2019ils soient issus du m\u00e9tier du transit ou d\u2019entreprises importatrices\/exportatrices. Nous \u00e9voluons dans l\u2019univers de la d\u00e9mat\u00e9rialisation et permettons \u00e0 notre client\u00e8le de communiquer avec les r\u00e9seaux des administrations douani\u00e8res europ\u00e9ennes et internationales. &nbsp; \u2666 CONEX, c\u2019est 45 collaborateurs, une filiale [&hellip;]","og_url":"https:\/\/www.conex.net\/fr\/rejoignez-nous\/","og_site_name":"Conex France","article_modified_time":"2025-11-21T14:09:33+00:00","twitter_card":"summary_large_image","twitter_misc":{"Dur\u00e9e de lecture estim\u00e9e":"2 minutes"},"schema":{"@context":"https:\/\/schema.org","@graph":[{"@type":"WebPage","@id":"https:\/\/www.conex.net\/fr\/rejoignez-nous\/","url":"https:\/\/www.conex.net\/fr\/rejoignez-nous\/","name":"Rejoignez-nous ! - Conex France","isPartOf":{"@id":"https:\/\/www.conex.net\/fr\/#website"},"datePublished":"2022-03-08T11:23:34+00:00","dateModified":"2025-11-21T14:09:33+00:00","breadcrumb":{"@id":"https:\/\/www.conex.net\/fr\/rejoignez-nous\/#breadcrumb"},"inLanguage":"fr-FR","potentialAction":[{"@type":"ReadAction","target":["https:\/\/www.conex.net\/fr\/rejoignez-nous\/"]}]},{"@type":"BreadcrumbList","@id":"https:\/\/www.conex.net\/fr\/rejoignez-nous\/#breadcrumb","itemListElement":[{"@type":"ListItem","position":1,"name":"Accueil","item":"https:\/\/www.conex.net\/fr\/"},{"@type":"ListItem","position":2,"name":"Rejoignez-nous !"}]},{"@type":"WebSite","@id":"https:\/\/www.conex.net\/fr\/#website","url":"https:\/\/www.conex.net\/fr\/","name":"Conex France","description":"Your customs partner - CONEX FRANCE","publisher":{"@id":"https:\/\/www.conex.net\/fr\/#organization"},"potentialAction":[{"@type":"SearchAction","target":{"@type":"EntryPoint","urlTemplate":"https:\/\/www.conex.net\/fr\/?s={search_term_string}"},"query-input":{"@type":"PropertyValueSpecification","valueRequired":true,"valueName":"search_term_string"}}],"inLanguage":"fr-FR"},{"@type":"Organization","@id":"https:\/\/www.conex.net\/fr\/#organization","name":"CONEX SAS","url":"https:\/\/www.conex.net\/fr\/","logo":{"@type":"ImageObject","inLanguage":"fr-FR","@id":"https:\/\/www.conex.net\/fr\/#\/schema\/logo\/image\/","url":"https:\/\/www.conex.net\/fr\/wp-content\/uploads\/sites\/2\/2018\/10\/logo-conex.png","contentUrl":"https:\/\/www.conex.net\/fr\/wp-content\/uploads\/sites\/2\/2018\/10\/logo-conex.png","width":138,"height":49,"caption":"CONEX SAS"},"image":{"@id":"https:\/\/www.conex.net\/fr\/#\/schema\/logo\/image\/"}}]}},"_links":{"self":[{"href":"https:\/\/www.conex.net\/fr\/wp-json\/wp\/v2\/pages\/7516","targetHints":{"allow":["GET"]}}],"collection":[{"href":"https:\/\/www.conex.net\/fr\/wp-json\/wp\/v2\/pages"}],"about":[{"href":"https:\/\/www.conex.net\/fr\/wp-json\/wp\/v2\/types\/page"}],"author":[{"embeddable":true,"href":"https:\/\/www.conex.net\/fr\/wp-json\/wp\/v2\/users\/1"}],"replies":[{"embeddable":true,"href":"https:\/\/www.conex.net\/fr\/wp-json\/wp\/v2\/comments?post=7516"}],"version-history":[{"count":50,"href":"https:\/\/www.conex.net\/fr\/wp-json\/wp\/v2\/pages\/7516\/revisions"}],"predecessor-version":[{"id":11110,"href":"https:\/\/www.conex.net\/fr\/wp-json\/wp\/v2\/pages\/7516\/revisions\/11110"}],"wp:attachment":[{"href":"https:\/\/www.conex.net\/fr\/wp-json\/wp\/v2\/media?parent=7516"}],"curies":[{"name":"wp","href":"https:\/\/api.w.org\/{rel}","templated":true}]}}