{"id":7793,"date":"2022-05-19T10:41:24","date_gmt":"2022-05-19T08:41:24","guid":{"rendered":"https:\/\/www.conex.net\/fr\/?page_id=7793"},"modified":"2023-06-02T10:32:05","modified_gmt":"2023-06-02T08:32:05","slug":"definition-delta-ie","status":"publish","type":"page","link":"https:\/\/www.conex.net\/fr\/definition-delta-ie\/","title":{"rendered":"D\u00e9finition DELTA IE"},"content":{"rendered":"<div id=\"pl-7793\"  class=\"panel-layout\" ><div id=\"pg-7793-0\"  class=\"panel-grid panel-no-style\" ><div id=\"pgc-7793-0-0\"  class=\"panel-grid-cell\" ><div id=\"panel-7793-0-0-0\" class=\"so-panel widget widget_sow-editor panel-first-child panel-last-child\" data-index=\"0\" ><div\n\t\t\t\n\t\t\tclass=\"so-widget-sow-editor so-widget-sow-editor-base\"\n\t\t\t\n\t\t><h3 class=\"widget-title\">DELTA IE<\/h3>\n<div class=\"siteorigin-widget-tinymce textwidget\">\n\t<h2><strong><span style=\"color: #c20000;\">D\u00e9finition DELTA IE<\/span><\/strong><\/h2>\n<hr \/>\n<h4>DELTA IE (I pour import et E pour export) est le syst\u00e8me informatique douanier qui remplace progressivement DELTA G \/ X.<\/h4>\n<h4>Il pr\u00e9voit un nouveau s\u00e9quencement des donn\u00e9es au travers de la d\u00e9claration douani\u00e8re import H1 et la d\u00e9claration douani\u00e8re export B.<\/h4>\n<h4>Les d\u00e9clarations douani\u00e8res tous r\u00e9gimes douaniers confondus sont g\u00e9r\u00e9es avec le logiciel douane CUSTOMS via conex\u2122<\/h4>\n<\/div>\n<\/div><\/div><\/div><\/div><\/div>","protected":false},"excerpt":{"rendered":"<p>D\u00e9finition DELTA IE DELTA IE (I pour import et E pour export) est le syst\u00e8me informatique douanier qui remplace progressivement DELTA G \/ X. Il pr\u00e9voit un nouveau s\u00e9quencement des donn\u00e9es au travers de la d\u00e9claration douani\u00e8re import H1 et la d\u00e9claration douani\u00e8re export B. Les d\u00e9clarations douani\u00e8res tous r\u00e9gimes douaniers confondus sont g\u00e9r\u00e9es avec le logiciel douane CUSTOMS via conex\u2122<\/p>\n","protected":false},"author":1,"featured_media":7752,"parent":0,"menu_order":0,"comment_status":"closed","ping_status":"closed","template":"","meta":{"footnotes":""},"class_list":["post-7793","page","type-page","status-publish","has-post-thumbnail","hentry"],"yoast_head":"<!-- This site is optimized with the Yoast SEO plugin v27.3 - https:\/\/yoast.com\/product\/yoast-seo-wordpress\/ -->\n<title>D\u00e9finition DELTA IE - Conex France<\/title>\n<meta name=\"description\" content=\"D\u00e9finition DELTA IE (I pour import et E pour export) est le syst\u00e8me informatique douanier qui remplace DELTA G \/ X. DELTA IE H1 B1\" \/>\n<meta name=\"robots\" content=\"index, follow, max-snippet:-1, max-image-preview:large, max-video-preview:-1\" \/>\n<link rel=\"canonical\" href=\"https:\/\/www.conex.net\/fr\/definition-delta-ie\/\" \/>\n<meta property=\"og:locale\" content=\"fr_FR\" \/>\n<meta property=\"og:type\" content=\"article\" \/>\n<meta property=\"og:title\" content=\"D\u00e9finition DELTA IE - Conex France\" \/>\n<meta property=\"og:description\" content=\"D\u00e9finition DELTA IE (I pour import et E pour export) est le syst\u00e8me informatique douanier qui remplace DELTA G \/ X. DELTA IE H1 B1\" \/>\n<meta property=\"og:url\" content=\"https:\/\/www.conex.net\/fr\/definition-delta-ie\/\" \/>\n<meta property=\"og:site_name\" content=\"Conex France\" \/>\n<meta property=\"article:modified_time\" content=\"2023-06-02T08:32:05+00:00\" \/>\n<meta property=\"og:image\" content=\"https:\/\/www.conex.net\/fr\/wp-content\/uploads\/sites\/2\/2022\/05\/DELTA-IE-H1-B1-conex.jpg\" \/>\n\t<meta property=\"og:image:width\" content=\"272\" \/>\n\t<meta property=\"og:image:height\" content=\"182\" \/>\n\t<meta property=\"og:image:type\" content=\"image\/jpeg\" \/>\n<meta name=\"twitter:card\" content=\"summary_large_image\" \/>\n<meta name=\"twitter:label1\" content=\"Dur\u00e9e de lecture estim\u00e9e\" \/>\n\t<meta name=\"twitter:data1\" content=\"1 minute\" \/>\n<script type=\"application\/ld+json\" class=\"yoast-schema-graph\">{\"@context\":\"https:\\\/\\\/schema.org\",\"@graph\":[{\"@type\":\"WebPage\",\"@id\":\"https:\\\/\\\/www.conex.net\\\/fr\\\/definition-delta-ie\\\/\",\"url\":\"https:\\\/\\\/www.conex.net\\\/fr\\\/definition-delta-ie\\\/\",\"name\":\"D\u00e9finition DELTA IE - Conex France\",\"isPartOf\":{\"@id\":\"https:\\\/\\\/www.conex.net\\\/fr\\\/#website\"},\"primaryImageOfPage\":{\"@id\":\"https:\\\/\\\/www.conex.net\\\/fr\\\/definition-delta-ie\\\/#primaryimage\"},\"image\":{\"@id\":\"https:\\\/\\\/www.conex.net\\\/fr\\\/definition-delta-ie\\\/#primaryimage\"},\"thumbnailUrl\":\"https:\\\/\\\/www.conex.net\\\/fr\\\/wp-content\\\/uploads\\\/sites\\\/2\\\/2022\\\/05\\\/DELTA-IE-H1-B1-conex.jpg\",\"datePublished\":\"2022-05-19T08:41:24+00:00\",\"dateModified\":\"2023-06-02T08:32:05+00:00\",\"description\":\"D\u00e9finition DELTA IE (I pour import et E pour export) est le syst\u00e8me informatique douanier qui remplace DELTA G \\\/ X. DELTA IE H1 B1\",\"breadcrumb\":{\"@id\":\"https:\\\/\\\/www.conex.net\\\/fr\\\/definition-delta-ie\\\/#breadcrumb\"},\"inLanguage\":\"fr-FR\",\"potentialAction\":[{\"@type\":\"ReadAction\",\"target\":[\"https:\\\/\\\/www.conex.net\\\/fr\\\/definition-delta-ie\\\/\"]}]},{\"@type\":\"ImageObject\",\"inLanguage\":\"fr-FR\",\"@id\":\"https:\\\/\\\/www.conex.net\\\/fr\\\/definition-delta-ie\\\/#primaryimage\",\"url\":\"https:\\\/\\\/www.conex.net\\\/fr\\\/wp-content\\\/uploads\\\/sites\\\/2\\\/2022\\\/05\\\/DELTA-IE-H1-B1-conex.jpg\",\"contentUrl\":\"https:\\\/\\\/www.conex.net\\\/fr\\\/wp-content\\\/uploads\\\/sites\\\/2\\\/2022\\\/05\\\/DELTA-IE-H1-B1-conex.jpg\",\"width\":272,\"height\":182,\"caption\":\"DELTA-IE-H1-B1-conex\"},{\"@type\":\"BreadcrumbList\",\"@id\":\"https:\\\/\\\/www.conex.net\\\/fr\\\/definition-delta-ie\\\/#breadcrumb\",\"itemListElement\":[{\"@type\":\"ListItem\",\"position\":1,\"name\":\"Accueil\",\"item\":\"https:\\\/\\\/www.conex.net\\\/fr\\\/\"},{\"@type\":\"ListItem\",\"position\":2,\"name\":\"D\u00e9finition DELTA IE\"}]},{\"@type\":\"WebSite\",\"@id\":\"https:\\\/\\\/www.conex.net\\\/fr\\\/#website\",\"url\":\"https:\\\/\\\/www.conex.net\\\/fr\\\/\",\"name\":\"Conex France\",\"description\":\"Your customs partner - CONEX FRANCE\",\"publisher\":{\"@id\":\"https:\\\/\\\/www.conex.net\\\/fr\\\/#organization\"},\"potentialAction\":[{\"@type\":\"SearchAction\",\"target\":{\"@type\":\"EntryPoint\",\"urlTemplate\":\"https:\\\/\\\/www.conex.net\\\/fr\\\/?s={search_term_string}\"},\"query-input\":{\"@type\":\"PropertyValueSpecification\",\"valueRequired\":true,\"valueName\":\"search_term_string\"}}],\"inLanguage\":\"fr-FR\"},{\"@type\":\"Organization\",\"@id\":\"https:\\\/\\\/www.conex.net\\\/fr\\\/#organization\",\"name\":\"CONEX SAS\",\"url\":\"https:\\\/\\\/www.conex.net\\\/fr\\\/\",\"logo\":{\"@type\":\"ImageObject\",\"inLanguage\":\"fr-FR\",\"@id\":\"https:\\\/\\\/www.conex.net\\\/fr\\\/#\\\/schema\\\/logo\\\/image\\\/\",\"url\":\"https:\\\/\\\/www.conex.net\\\/fr\\\/wp-content\\\/uploads\\\/sites\\\/2\\\/2018\\\/10\\\/logo-conex.png\",\"contentUrl\":\"https:\\\/\\\/www.conex.net\\\/fr\\\/wp-content\\\/uploads\\\/sites\\\/2\\\/2018\\\/10\\\/logo-conex.png\",\"width\":138,\"height\":49,\"caption\":\"CONEX SAS\"},\"image\":{\"@id\":\"https:\\\/\\\/www.conex.net\\\/fr\\\/#\\\/schema\\\/logo\\\/image\\\/\"}}]}<\/script>\n<!-- \/ Yoast SEO plugin. -->","yoast_head_json":{"title":"D\u00e9finition DELTA IE - Conex France","description":"D\u00e9finition DELTA IE (I pour import et E pour export) est le syst\u00e8me informatique douanier qui remplace DELTA G \/ X. DELTA IE H1 B1","robots":{"index":"index","follow":"follow","max-snippet":"max-snippet:-1","max-image-preview":"max-image-preview:large","max-video-preview":"max-video-preview:-1"},"canonical":"https:\/\/www.conex.net\/fr\/definition-delta-ie\/","og_locale":"fr_FR","og_type":"article","og_title":"D\u00e9finition DELTA IE - Conex France","og_description":"D\u00e9finition DELTA IE (I pour import et E pour export) est le syst\u00e8me informatique douanier qui remplace DELTA G \/ X. DELTA IE H1 B1","og_url":"https:\/\/www.conex.net\/fr\/definition-delta-ie\/","og_site_name":"Conex France","article_modified_time":"2023-06-02T08:32:05+00:00","og_image":[{"width":272,"height":182,"url":"https:\/\/www.conex.net\/fr\/wp-content\/uploads\/sites\/2\/2022\/05\/DELTA-IE-H1-B1-conex.jpg","type":"image\/jpeg"}],"twitter_card":"summary_large_image","twitter_misc":{"Dur\u00e9e de lecture estim\u00e9e":"1 minute"},"schema":{"@context":"https:\/\/schema.org","@graph":[{"@type":"WebPage","@id":"https:\/\/www.conex.net\/fr\/definition-delta-ie\/","url":"https:\/\/www.conex.net\/fr\/definition-delta-ie\/","name":"D\u00e9finition DELTA IE - Conex France","isPartOf":{"@id":"https:\/\/www.conex.net\/fr\/#website"},"primaryImageOfPage":{"@id":"https:\/\/www.conex.net\/fr\/definition-delta-ie\/#primaryimage"},"image":{"@id":"https:\/\/www.conex.net\/fr\/definition-delta-ie\/#primaryimage"},"thumbnailUrl":"https:\/\/www.conex.net\/fr\/wp-content\/uploads\/sites\/2\/2022\/05\/DELTA-IE-H1-B1-conex.jpg","datePublished":"2022-05-19T08:41:24+00:00","dateModified":"2023-06-02T08:32:05+00:00","description":"D\u00e9finition DELTA IE (I pour import et E pour export) est le syst\u00e8me informatique douanier qui remplace DELTA G \/ X. DELTA IE H1 B1","breadcrumb":{"@id":"https:\/\/www.conex.net\/fr\/definition-delta-ie\/#breadcrumb"},"inLanguage":"fr-FR","potentialAction":[{"@type":"ReadAction","target":["https:\/\/www.conex.net\/fr\/definition-delta-ie\/"]}]},{"@type":"ImageObject","inLanguage":"fr-FR","@id":"https:\/\/www.conex.net\/fr\/definition-delta-ie\/#primaryimage","url":"https:\/\/www.conex.net\/fr\/wp-content\/uploads\/sites\/2\/2022\/05\/DELTA-IE-H1-B1-conex.jpg","contentUrl":"https:\/\/www.conex.net\/fr\/wp-content\/uploads\/sites\/2\/2022\/05\/DELTA-IE-H1-B1-conex.jpg","width":272,"height":182,"caption":"DELTA-IE-H1-B1-conex"},{"@type":"BreadcrumbList","@id":"https:\/\/www.conex.net\/fr\/definition-delta-ie\/#breadcrumb","itemListElement":[{"@type":"ListItem","position":1,"name":"Accueil","item":"https:\/\/www.conex.net\/fr\/"},{"@type":"ListItem","position":2,"name":"D\u00e9finition DELTA IE"}]},{"@type":"WebSite","@id":"https:\/\/www.conex.net\/fr\/#website","url":"https:\/\/www.conex.net\/fr\/","name":"Conex France","description":"Your customs partner - CONEX FRANCE","publisher":{"@id":"https:\/\/www.conex.net\/fr\/#organization"},"potentialAction":[{"@type":"SearchAction","target":{"@type":"EntryPoint","urlTemplate":"https:\/\/www.conex.net\/fr\/?s={search_term_string}"},"query-input":{"@type":"PropertyValueSpecification","valueRequired":true,"valueName":"search_term_string"}}],"inLanguage":"fr-FR"},{"@type":"Organization","@id":"https:\/\/www.conex.net\/fr\/#organization","name":"CONEX SAS","url":"https:\/\/www.conex.net\/fr\/","logo":{"@type":"ImageObject","inLanguage":"fr-FR","@id":"https:\/\/www.conex.net\/fr\/#\/schema\/logo\/image\/","url":"https:\/\/www.conex.net\/fr\/wp-content\/uploads\/sites\/2\/2018\/10\/logo-conex.png","contentUrl":"https:\/\/www.conex.net\/fr\/wp-content\/uploads\/sites\/2\/2018\/10\/logo-conex.png","width":138,"height":49,"caption":"CONEX SAS"},"image":{"@id":"https:\/\/www.conex.net\/fr\/#\/schema\/logo\/image\/"}}]}},"_links":{"self":[{"href":"https:\/\/www.conex.net\/fr\/wp-json\/wp\/v2\/pages\/7793","targetHints":{"allow":["GET"]}}],"collection":[{"href":"https:\/\/www.conex.net\/fr\/wp-json\/wp\/v2\/pages"}],"about":[{"href":"https:\/\/www.conex.net\/fr\/wp-json\/wp\/v2\/types\/page"}],"author":[{"embeddable":true,"href":"https:\/\/www.conex.net\/fr\/wp-json\/wp\/v2\/users\/1"}],"replies":[{"embeddable":true,"href":"https:\/\/www.conex.net\/fr\/wp-json\/wp\/v2\/comments?post=7793"}],"version-history":[{"count":10,"href":"https:\/\/www.conex.net\/fr\/wp-json\/wp\/v2\/pages\/7793\/revisions"}],"predecessor-version":[{"id":9601,"href":"https:\/\/www.conex.net\/fr\/wp-json\/wp\/v2\/pages\/7793\/revisions\/9601"}],"wp:featuredmedia":[{"embeddable":true,"href":"https:\/\/www.conex.net\/fr\/wp-json\/wp\/v2\/media\/7752"}],"wp:attachment":[{"href":"https:\/\/www.conex.net\/fr\/wp-json\/wp\/v2\/media?parent=7793"}],"curies":[{"name":"wp","href":"https:\/\/api.w.org\/{rel}","templated":true}]}}